{"id":1055,"date":"2023-06-20T13:56:43","date_gmt":"2023-06-20T12:56:43","guid":{"rendered":"https:\/\/sublimationsoinsexperts.com\/?post_type=product&#038;p=1055"},"modified":"2025-08-09T18:18:34","modified_gmt":"2025-08-09T17:18:34","slug":"lange-gohy-maxi-gris-slip-large-paquet-de-20-carton-de-4","status":"publish","type":"product","link":"https:\/\/sublimationsoinsexperts.com\/index.php\/product\/lange-gohy-maxi-gris-slip-large-paquet-de-20-carton-de-4\/","title":{"rendered":"LANGE GOHY MAXI + GRIS SLIP LARGE, paquet de 20 (carton de 4)"},"content":{"rendered":"<p>Cette protection convient parfaitement aux femmes et aux hommes.<\/p>\n<ul>\n<li>Carton de 4 paquets<\/li>\n<li>5 gouttes +, GRIS<\/li>\n<li>Incontinence: s\u00e9v\u00e8re<\/li>\n<li>Paquet de 20<\/li>\n<\/ul>\n<p>Utilisation: 12 h et plus<br \/>\n\u2022 Tour de hanches: 110 \u00e0 160 cm<br \/>\n\u2022 Adh\u00e9sifs repositionnables et r\u00e9ajustables<br \/>\n\u2022 Un non tiss\u00e9 plus doux, hypoallerg\u00e9nique, procurant confort et bien-\u00eatre.<br \/>\n\u2022 Barri\u00e8res anti-fuites int\u00e9grales hautes.<br \/>\n\u2022 Ceinture \u00e9lastique pour un ajustement pr\u00e9cis.<br \/>\n\u2022 Face ext\u00e9rieure textile back sheet, toucher coton silencieux.<br \/>\n\u2022 Matelas \u00ab\u00a0garde au sec\u00a0\u00bb optimal assurant un confort absolu.<br \/>\n\u2022 Un tampon absorbant multi-couches.<br \/>\n\u2022 Utilisation de super absorbant qui pr\u00e9vient la formation d\u2019odeur (odour free) et maintient le pH neutre.<br \/>\n\u2022 Indicateur d\u2019humidit\u00e9 tr\u00e8s visible et efficace.<\/p>\n<p>REF 093<\/p>\n<p>&nbsp;<\/p>\n<p>&nbsp;<\/p>\n<p>&nbsp;<\/p>\n","protected":false},"excerpt":{"rendered":"<p>Cette protection convient parfaitement aux femmes et aux hommes. Carton de 4 paquets 5 gouttes +, GRIS Incontinence: s\u00e9v\u00e8re Paquet de 20 Utilisation: 12 h et plus \u2022 Tour de hanches: 110 \u00e0 160 cm \u2022 Adh\u00e9sifs repositionnables et r\u00e9ajustables \u2022 Un non tiss\u00e9 plus doux, hypoallerg\u00e9nique, procurant confort et bien-\u00eatre. \u2022 Barri\u00e8res anti-fuites int\u00e9grales [&hellip;]<\/p>\n","protected":false},"featured_media":1056,"comment_status":"open","ping_status":"closed","template":"","meta":[],"product_brand":[],"product_cat":[16,48],"product_tag":[],"class_list":{"0":"post-1055","1":"product","2":"type-product","3":"status-publish","4":"has-post-thumbnail","6":"product_cat-incontinence","7":"product_cat-lange","9":"first","10":"instock","11":"shipping-taxable","12":"purchasable","13":"product-type-variable"},"yoast_head":"<!-- This site is optimized with the Yoast SEO plugin v27.5 - https:\/\/yoast.com\/product\/yoast-seo-wordpress\/ -->\n<title>LANGE GOHY MAXI + GRIS SLIP LARGE, paquet de 20 (carton de 4) - Sublimation soins experts<\/title>\n<meta name=\"robots\" content=\"index, follow, max-snippet:-1, max-image-preview:large, max-video-preview:-1\" \/>\n<link rel=\"canonical\" href=\"https:\/\/sublimationsoinsexperts.com\/index.php\/product\/lange-gohy-maxi-gris-slip-large-paquet-de-20-carton-de-4\/\" \/>\n<meta property=\"og:locale\" content=\"fr_FR\" \/>\n<meta property=\"og:type\" content=\"article\" \/>\n<meta property=\"og:title\" content=\"LANGE GOHY MAXI + GRIS SLIP LARGE, paquet de 20 (carton de 4) - Sublimation soins experts\" \/>\n<meta property=\"og:description\" content=\"Cette protection convient parfaitement aux femmes et aux hommes. Carton de 4 paquets 5 gouttes +, GRIS Incontinence: s\u00e9v\u00e8re Paquet de 20 Utilisation: 12 h et plus \u2022 Tour de hanches: 110 \u00e0 160 cm \u2022 Adh\u00e9sifs repositionnables et r\u00e9ajustables \u2022 Un non tiss\u00e9 plus doux, hypoallerg\u00e9nique, procurant confort et bien-\u00eatre. \u2022 Barri\u00e8res anti-fuites int\u00e9grales [&hellip;]\" \/>\n<meta property=\"og:url\" content=\"https:\/\/sublimationsoinsexperts.com\/index.php\/product\/lange-gohy-maxi-gris-slip-large-paquet-de-20-carton-de-4\/\" \/>\n<meta property=\"og:site_name\" content=\"Sublimation soins experts\" \/>\n<meta property=\"article:modified_time\" content=\"2025-08-09T17:18:34+00:00\" \/>\n<meta property=\"og:image\" content=\"http:\/\/sublimationsoinsexperts.com\/wp-content\/uploads\/2023\/06\/093_LANGE-MAXI-GRIS-L.jpg\" \/>\n\t<meta property=\"og:image:width\" content=\"800\" \/>\n\t<meta property=\"og:image:height\" content=\"500\" \/>\n\t<meta property=\"og:image:type\" content=\"image\/jpeg\" \/>\n<meta name=\"twitter:card\" content=\"summary_large_image\" \/>\n<meta name=\"twitter:label1\" content=\"Dur\u00e9e de lecture estim\u00e9e\" \/>\n\t<meta name=\"twitter:data1\" content=\"1 minute\" \/>\n<script type=\"application\/ld+json\" class=\"yoast-schema-graph\">{\"@context\":\"https:\\\/\\\/schema.org\",\"@graph\":[{\"@type\":\"WebPage\",\"@id\":\"https:\\\/\\\/sublimationsoinsexperts.com\\\/index.php\\\/product\\\/lange-gohy-maxi-gris-slip-large-paquet-de-20-carton-de-4\\\/\",\"url\":\"https:\\\/\\\/sublimationsoinsexperts.com\\\/index.php\\\/product\\\/lange-gohy-maxi-gris-slip-large-paquet-de-20-carton-de-4\\\/\",\"name\":\"LANGE GOHY MAXI + GRIS SLIP LARGE, paquet de 20 (carton de 4) - Sublimation soins experts\",\"isPartOf\":{\"@id\":\"https:\\\/\\\/sublimationsoinsexperts.com\\\/#website\"},\"primaryImageOfPage\":{\"@id\":\"https:\\\/\\\/sublimationsoinsexperts.com\\\/index.php\\\/product\\\/lange-gohy-maxi-gris-slip-large-paquet-de-20-carton-de-4\\\/#primaryimage\"},\"image\":{\"@id\":\"https:\\\/\\\/sublimationsoinsexperts.com\\\/index.php\\\/product\\\/lange-gohy-maxi-gris-slip-large-paquet-de-20-carton-de-4\\\/#primaryimage\"},\"thumbnailUrl\":\"https:\\\/\\\/sublimationsoinsexperts.com\\\/wp-content\\\/uploads\\\/2023\\\/06\\\/093_LANGE-MAXI-GRIS-L.jpg\",\"datePublished\":\"2023-06-20T12:56:43+00:00\",\"dateModified\":\"2025-08-09T17:18:34+00:00\",\"breadcrumb\":{\"@id\":\"https:\\\/\\\/sublimationsoinsexperts.com\\\/index.php\\\/product\\\/lange-gohy-maxi-gris-slip-large-paquet-de-20-carton-de-4\\\/#breadcrumb\"},\"inLanguage\":\"fr-FR\",\"potentialAction\":[{\"@type\":\"ReadAction\",\"target\":[\"https:\\\/\\\/sublimationsoinsexperts.com\\\/index.php\\\/product\\\/lange-gohy-maxi-gris-slip-large-paquet-de-20-carton-de-4\\\/\"]}]},{\"@type\":\"ImageObject\",\"inLanguage\":\"fr-FR\",\"@id\":\"https:\\\/\\\/sublimationsoinsexperts.com\\\/index.php\\\/product\\\/lange-gohy-maxi-gris-slip-large-paquet-de-20-carton-de-4\\\/#primaryimage\",\"url\":\"https:\\\/\\\/sublimationsoinsexperts.com\\\/wp-content\\\/uploads\\\/2023\\\/06\\\/093_LANGE-MAXI-GRIS-L.jpg\",\"contentUrl\":\"https:\\\/\\\/sublimationsoinsexperts.com\\\/wp-content\\\/uploads\\\/2023\\\/06\\\/093_LANGE-MAXI-GRIS-L.jpg\",\"width\":800,\"height\":500},{\"@type\":\"BreadcrumbList\",\"@id\":\"https:\\\/\\\/sublimationsoinsexperts.com\\\/index.php\\\/product\\\/lange-gohy-maxi-gris-slip-large-paquet-de-20-carton-de-4\\\/#breadcrumb\",\"itemListElement\":[{\"@type\":\"ListItem\",\"position\":1,\"name\":\"Accueil\",\"item\":\"https:\\\/\\\/sublimationsoinsexperts.com\\\/\"},{\"@type\":\"ListItem\",\"position\":2,\"name\":\"Shop\",\"item\":\"https:\\\/\\\/sublimationsoinsexperts.com\\\/index.php\\\/shop\\\/\"},{\"@type\":\"ListItem\",\"position\":3,\"name\":\"LANGE GOHY MAXI + GRIS SLIP LARGE, paquet de 20 (carton de 4)\"}]},{\"@type\":\"WebSite\",\"@id\":\"https:\\\/\\\/sublimationsoinsexperts.com\\\/#website\",\"url\":\"https:\\\/\\\/sublimationsoinsexperts.com\\\/\",\"name\":\"Sublimation soins experts\",\"description\":\"\",\"potentialAction\":[{\"@type\":\"SearchAction\",\"target\":{\"@type\":\"EntryPoint\",\"urlTemplate\":\"https:\\\/\\\/sublimationsoinsexperts.com\\\/?s={search_term_string}\"},\"query-input\":{\"@type\":\"PropertyValueSpecification\",\"valueRequired\":true,\"valueName\":\"search_term_string\"}}],\"inLanguage\":\"fr-FR\"}]}<\/script>\n<!-- \/ Yoast SEO plugin. -->","yoast_head_json":{"title":"LANGE GOHY MAXI + GRIS SLIP LARGE, paquet de 20 (carton de 4) - Sublimation soins experts","robots":{"index":"index","follow":"follow","max-snippet":"max-snippet:-1","max-image-preview":"max-image-preview:large","max-video-preview":"max-video-preview:-1"},"canonical":"https:\/\/sublimationsoinsexperts.com\/index.php\/product\/lange-gohy-maxi-gris-slip-large-paquet-de-20-carton-de-4\/","og_locale":"fr_FR","og_type":"article","og_title":"LANGE GOHY MAXI + GRIS SLIP LARGE, paquet de 20 (carton de 4) - Sublimation soins experts","og_description":"Cette protection convient parfaitement aux femmes et aux hommes. Carton de 4 paquets 5 gouttes +, GRIS Incontinence: s\u00e9v\u00e8re Paquet de 20 Utilisation: 12 h et plus \u2022 Tour de hanches: 110 \u00e0 160 cm \u2022 Adh\u00e9sifs repositionnables et r\u00e9ajustables \u2022 Un non tiss\u00e9 plus doux, hypoallerg\u00e9nique, procurant confort et bien-\u00eatre. \u2022 Barri\u00e8res anti-fuites int\u00e9grales [&hellip;]","og_url":"https:\/\/sublimationsoinsexperts.com\/index.php\/product\/lange-gohy-maxi-gris-slip-large-paquet-de-20-carton-de-4\/","og_site_name":"Sublimation soins experts","article_modified_time":"2025-08-09T17:18:34+00:00","og_image":[{"width":800,"height":500,"url":"http:\/\/sublimationsoinsexperts.com\/wp-content\/uploads\/2023\/06\/093_LANGE-MAXI-GRIS-L.jpg","type":"image\/jpeg"}],"twitter_card":"summary_large_image","twitter_misc":{"Dur\u00e9e de lecture estim\u00e9e":"1 minute"},"schema":{"@context":"https:\/\/schema.org","@graph":[{"@type":"WebPage","@id":"https:\/\/sublimationsoinsexperts.com\/index.php\/product\/lange-gohy-maxi-gris-slip-large-paquet-de-20-carton-de-4\/","url":"https:\/\/sublimationsoinsexperts.com\/index.php\/product\/lange-gohy-maxi-gris-slip-large-paquet-de-20-carton-de-4\/","name":"LANGE GOHY MAXI + GRIS SLIP LARGE, paquet de 20 (carton de 4) - Sublimation soins experts","isPartOf":{"@id":"https:\/\/sublimationsoinsexperts.com\/#website"},"primaryImageOfPage":{"@id":"https:\/\/sublimationsoinsexperts.com\/index.php\/product\/lange-gohy-maxi-gris-slip-large-paquet-de-20-carton-de-4\/#primaryimage"},"image":{"@id":"https:\/\/sublimationsoinsexperts.com\/index.php\/product\/lange-gohy-maxi-gris-slip-large-paquet-de-20-carton-de-4\/#primaryimage"},"thumbnailUrl":"https:\/\/sublimationsoinsexperts.com\/wp-content\/uploads\/2023\/06\/093_LANGE-MAXI-GRIS-L.jpg","datePublished":"2023-06-20T12:56:43+00:00","dateModified":"2025-08-09T17:18:34+00:00","breadcrumb":{"@id":"https:\/\/sublimationsoinsexperts.com\/index.php\/product\/lange-gohy-maxi-gris-slip-large-paquet-de-20-carton-de-4\/#breadcrumb"},"inLanguage":"fr-FR","potentialAction":[{"@type":"ReadAction","target":["https:\/\/sublimationsoinsexperts.com\/index.php\/product\/lange-gohy-maxi-gris-slip-large-paquet-de-20-carton-de-4\/"]}]},{"@type":"ImageObject","inLanguage":"fr-FR","@id":"https:\/\/sublimationsoinsexperts.com\/index.php\/product\/lange-gohy-maxi-gris-slip-large-paquet-de-20-carton-de-4\/#primaryimage","url":"https:\/\/sublimationsoinsexperts.com\/wp-content\/uploads\/2023\/06\/093_LANGE-MAXI-GRIS-L.jpg","contentUrl":"https:\/\/sublimationsoinsexperts.com\/wp-content\/uploads\/2023\/06\/093_LANGE-MAXI-GRIS-L.jpg","width":800,"height":500},{"@type":"BreadcrumbList","@id":"https:\/\/sublimationsoinsexperts.com\/index.php\/product\/lange-gohy-maxi-gris-slip-large-paquet-de-20-carton-de-4\/#breadcrumb","itemListElement":[{"@type":"ListItem","position":1,"name":"Accueil","item":"https:\/\/sublimationsoinsexperts.com\/"},{"@type":"ListItem","position":2,"name":"Shop","item":"https:\/\/sublimationsoinsexperts.com\/index.php\/shop\/"},{"@type":"ListItem","position":3,"name":"LANGE GOHY MAXI + GRIS SLIP LARGE, paquet de 20 (carton de 4)"}]},{"@type":"WebSite","@id":"https:\/\/sublimationsoinsexperts.com\/#website","url":"https:\/\/sublimationsoinsexperts.com\/","name":"Sublimation soins experts","description":"","potentialAction":[{"@type":"SearchAction","target":{"@type":"EntryPoint","urlTemplate":"https:\/\/sublimationsoinsexperts.com\/?s={search_term_string}"},"query-input":{"@type":"PropertyValueSpecification","valueRequired":true,"valueName":"search_term_string"}}],"inLanguage":"fr-FR"}]}},"_links":{"self":[{"href":"https:\/\/sublimationsoinsexperts.com\/index.php\/wp-json\/wp\/v2\/product\/1055","targetHints":{"allow":["GET"]}}],"collection":[{"href":"https:\/\/sublimationsoinsexperts.com\/index.php\/wp-json\/wp\/v2\/product"}],"about":[{"href":"https:\/\/sublimationsoinsexperts.com\/index.php\/wp-json\/wp\/v2\/types\/product"}],"replies":[{"embeddable":true,"href":"https:\/\/sublimationsoinsexperts.com\/index.php\/wp-json\/wp\/v2\/comments?post=1055"}],"wp:featuredmedia":[{"embeddable":true,"href":"https:\/\/sublimationsoinsexperts.com\/index.php\/wp-json\/wp\/v2\/media\/1056"}],"wp:attachment":[{"href":"https:\/\/sublimationsoinsexperts.com\/index.php\/wp-json\/wp\/v2\/media?parent=1055"}],"wp:term":[{"taxonomy":"product_brand","embeddable":true,"href":"https:\/\/sublimationsoinsexperts.com\/index.php\/wp-json\/wp\/v2\/product_brand?post=1055"},{"taxonomy":"product_cat","embeddable":true,"href":"https:\/\/sublimationsoinsexperts.com\/index.php\/wp-json\/wp\/v2\/product_cat?post=1055"},{"taxonomy":"product_tag","embeddable":true,"href":"https:\/\/sublimationsoinsexperts.com\/index.php\/wp-json\/wp\/v2\/product_tag?post=1055"}],"curies":[{"name":"wp","href":"https:\/\/api.w.org\/{rel}","templated":true}]}}