{"id":1060,"date":"2023-06-20T14:42:39","date_gmt":"2023-06-20T13:42:39","guid":{"rendered":"https:\/\/sublimationsoinsexperts.com\/?post_type=product&#038;p=1060"},"modified":"2024-04-22T21:37:58","modified_gmt":"2024-04-22T20:37:58","slug":"gohy-pants-super-small","status":"publish","type":"product","link":"https:\/\/sublimationsoinsexperts.com\/index.php\/product\/gohy-pants-super-small\/","title":{"rendered":"PANTS GOHY SUPER SMALL"},"content":{"rendered":"<ul>\n<li>Paquet de 14<\/li>\n<li>Carton de 6 x 14<\/li>\n<li>Tour de taille : 50 \u00e0 85 cm<\/li>\n<li>Existe en plusieurs tailles et qualit\u00e9s d&rsquo;absorption<\/li>\n<li>Il est compos\u00e9 d&rsquo;un tissu doux et hypoallerg\u00e9nique<\/li>\n<li>Adapt\u00e9 parfaitement pour femme et pour homme<\/li>\n<li>Le pants est facile d&rsquo;utilisation, il s&rsquo;utilise comme un sous v\u00eatement ordinaire<\/li>\n<li>Il peut se d\u00e9chirer sur le c\u00f4t\u00e9<\/li>\n<li>\u00a0Barri\u00e8res anti-fuites int\u00e9grales hautes<\/li>\n<li>Face ext\u00e9rieure textile back sheet, toucher coton<br \/>\nsilencieux<\/li>\n<li>Indicateur d\u2019humidit\u00e9 tr\u00e8s visible et efficace<\/li>\n<li>Utilisation de super absorbant qui pr\u00e9vient la formation<br \/>\nd\u2019odeur (odour free) et maintien le pH neutre<\/li>\n<\/ul>\n<p>REF 341<\/p>\n","protected":false},"excerpt":{"rendered":"<p>Paquet de 14 Carton de 6 x 14 Tour de taille : 50 \u00e0 85 cm Existe en plusieurs tailles et qualit\u00e9s d&rsquo;absorption Il est compos\u00e9 d&rsquo;un tissu doux et hypoallerg\u00e9nique Adapt\u00e9 parfaitement pour femme et pour homme Le pants est facile d&rsquo;utilisation, il s&rsquo;utilise comme un sous v\u00eatement ordinaire Il peut se d\u00e9chirer sur [&hellip;]<\/p>\n","protected":false},"featured_media":1070,"comment_status":"open","ping_status":"closed","template":"","meta":[],"product_brand":[],"product_cat":[16,47],"product_tag":[],"class_list":{"0":"post-1060","1":"product","2":"type-product","3":"status-publish","4":"has-post-thumbnail","6":"product_cat-incontinence","7":"product_cat-pants","9":"first","10":"instock","11":"shipping-taxable","12":"purchasable","13":"product-type-variable"},"yoast_head":"<!-- This site is optimized with the Yoast SEO plugin v27.3 - https:\/\/yoast.com\/product\/yoast-seo-wordpress\/ -->\n<title>PANTS GOHY SUPER SMALL - Sublimation soins experts<\/title>\n<meta name=\"robots\" content=\"index, follow, max-snippet:-1, max-image-preview:large, max-video-preview:-1\" \/>\n<link rel=\"canonical\" href=\"https:\/\/sublimationsoinsexperts.com\/index.php\/product\/gohy-pants-super-small\/\" \/>\n<meta property=\"og:locale\" content=\"fr_FR\" \/>\n<meta property=\"og:type\" content=\"article\" \/>\n<meta property=\"og:title\" content=\"PANTS GOHY SUPER SMALL - Sublimation soins experts\" \/>\n<meta property=\"og:description\" content=\"Paquet de 14 Carton de 6 x 14 Tour de taille : 50 \u00e0 85 cm Existe en plusieurs tailles et qualit\u00e9s d&rsquo;absorption Il est compos\u00e9 d&rsquo;un tissu doux et hypoallerg\u00e9nique Adapt\u00e9 parfaitement pour femme et pour homme Le pants est facile d&rsquo;utilisation, il s&rsquo;utilise comme un sous v\u00eatement ordinaire Il peut se d\u00e9chirer sur [&hellip;]\" \/>\n<meta property=\"og:url\" content=\"https:\/\/sublimationsoinsexperts.com\/index.php\/product\/gohy-pants-super-small\/\" \/>\n<meta property=\"og:site_name\" content=\"Sublimation soins experts\" \/>\n<meta property=\"article:modified_time\" content=\"2024-04-22T20:37:58+00:00\" \/>\n<meta property=\"og:image\" content=\"http:\/\/sublimationsoinsexperts.com\/wp-content\/uploads\/2023\/06\/341_PANTS-SUPER-VERT-SMALL.jpg\" \/>\n\t<meta property=\"og:image:width\" content=\"800\" \/>\n\t<meta property=\"og:image:height\" content=\"500\" \/>\n\t<meta property=\"og:image:type\" content=\"image\/jpeg\" \/>\n<meta name=\"twitter:card\" content=\"summary_large_image\" \/>\n<meta name=\"twitter:label1\" content=\"Dur\u00e9e de lecture estim\u00e9e\" \/>\n\t<meta name=\"twitter:data1\" content=\"1 minute\" \/>\n<script type=\"application\/ld+json\" class=\"yoast-schema-graph\">{\"@context\":\"https:\\\/\\\/schema.org\",\"@graph\":[{\"@type\":\"WebPage\",\"@id\":\"https:\\\/\\\/sublimationsoinsexperts.com\\\/index.php\\\/product\\\/gohy-pants-super-small\\\/\",\"url\":\"https:\\\/\\\/sublimationsoinsexperts.com\\\/index.php\\\/product\\\/gohy-pants-super-small\\\/\",\"name\":\"PANTS GOHY SUPER SMALL - Sublimation soins experts\",\"isPartOf\":{\"@id\":\"https:\\\/\\\/sublimationsoinsexperts.com\\\/#website\"},\"primaryImageOfPage\":{\"@id\":\"https:\\\/\\\/sublimationsoinsexperts.com\\\/index.php\\\/product\\\/gohy-pants-super-small\\\/#primaryimage\"},\"image\":{\"@id\":\"https:\\\/\\\/sublimationsoinsexperts.com\\\/index.php\\\/product\\\/gohy-pants-super-small\\\/#primaryimage\"},\"thumbnailUrl\":\"https:\\\/\\\/sublimationsoinsexperts.com\\\/wp-content\\\/uploads\\\/2023\\\/06\\\/341_PANTS-SUPER-VERT-SMALL.jpg\",\"datePublished\":\"2023-06-20T13:42:39+00:00\",\"dateModified\":\"2024-04-22T20:37:58+00:00\",\"breadcrumb\":{\"@id\":\"https:\\\/\\\/sublimationsoinsexperts.com\\\/index.php\\\/product\\\/gohy-pants-super-small\\\/#breadcrumb\"},\"inLanguage\":\"fr-FR\",\"potentialAction\":[{\"@type\":\"ReadAction\",\"target\":[\"https:\\\/\\\/sublimationsoinsexperts.com\\\/index.php\\\/product\\\/gohy-pants-super-small\\\/\"]}]},{\"@type\":\"ImageObject\",\"inLanguage\":\"fr-FR\",\"@id\":\"https:\\\/\\\/sublimationsoinsexperts.com\\\/index.php\\\/product\\\/gohy-pants-super-small\\\/#primaryimage\",\"url\":\"https:\\\/\\\/sublimationsoinsexperts.com\\\/wp-content\\\/uploads\\\/2023\\\/06\\\/341_PANTS-SUPER-VERT-SMALL.jpg\",\"contentUrl\":\"https:\\\/\\\/sublimationsoinsexperts.com\\\/wp-content\\\/uploads\\\/2023\\\/06\\\/341_PANTS-SUPER-VERT-SMALL.jpg\",\"width\":800,\"height\":500},{\"@type\":\"BreadcrumbList\",\"@id\":\"https:\\\/\\\/sublimationsoinsexperts.com\\\/index.php\\\/product\\\/gohy-pants-super-small\\\/#breadcrumb\",\"itemListElement\":[{\"@type\":\"ListItem\",\"position\":1,\"name\":\"Accueil\",\"item\":\"https:\\\/\\\/sublimationsoinsexperts.com\\\/\"},{\"@type\":\"ListItem\",\"position\":2,\"name\":\"Shop\",\"item\":\"https:\\\/\\\/sublimationsoinsexperts.com\\\/index.php\\\/shop\\\/\"},{\"@type\":\"ListItem\",\"position\":3,\"name\":\"PANTS GOHY SUPER SMALL\"}]},{\"@type\":\"WebSite\",\"@id\":\"https:\\\/\\\/sublimationsoinsexperts.com\\\/#website\",\"url\":\"https:\\\/\\\/sublimationsoinsexperts.com\\\/\",\"name\":\"Sublimation soins experts\",\"description\":\"\",\"potentialAction\":[{\"@type\":\"SearchAction\",\"target\":{\"@type\":\"EntryPoint\",\"urlTemplate\":\"https:\\\/\\\/sublimationsoinsexperts.com\\\/?s={search_term_string}\"},\"query-input\":{\"@type\":\"PropertyValueSpecification\",\"valueRequired\":true,\"valueName\":\"search_term_string\"}}],\"inLanguage\":\"fr-FR\"}]}<\/script>\n<!-- \/ Yoast SEO plugin. -->","yoast_head_json":{"title":"PANTS GOHY SUPER SMALL - Sublimation soins experts","robots":{"index":"index","follow":"follow","max-snippet":"max-snippet:-1","max-image-preview":"max-image-preview:large","max-video-preview":"max-video-preview:-1"},"canonical":"https:\/\/sublimationsoinsexperts.com\/index.php\/product\/gohy-pants-super-small\/","og_locale":"fr_FR","og_type":"article","og_title":"PANTS GOHY SUPER SMALL - Sublimation soins experts","og_description":"Paquet de 14 Carton de 6 x 14 Tour de taille : 50 \u00e0 85 cm Existe en plusieurs tailles et qualit\u00e9s d&rsquo;absorption Il est compos\u00e9 d&rsquo;un tissu doux et hypoallerg\u00e9nique Adapt\u00e9 parfaitement pour femme et pour homme Le pants est facile d&rsquo;utilisation, il s&rsquo;utilise comme un sous v\u00eatement ordinaire Il peut se d\u00e9chirer sur [&hellip;]","og_url":"https:\/\/sublimationsoinsexperts.com\/index.php\/product\/gohy-pants-super-small\/","og_site_name":"Sublimation soins experts","article_modified_time":"2024-04-22T20:37:58+00:00","og_image":[{"width":800,"height":500,"url":"http:\/\/sublimationsoinsexperts.com\/wp-content\/uploads\/2023\/06\/341_PANTS-SUPER-VERT-SMALL.jpg","type":"image\/jpeg"}],"twitter_card":"summary_large_image","twitter_misc":{"Dur\u00e9e de lecture estim\u00e9e":"1 minute"},"schema":{"@context":"https:\/\/schema.org","@graph":[{"@type":"WebPage","@id":"https:\/\/sublimationsoinsexperts.com\/index.php\/product\/gohy-pants-super-small\/","url":"https:\/\/sublimationsoinsexperts.com\/index.php\/product\/gohy-pants-super-small\/","name":"PANTS GOHY SUPER SMALL - Sublimation soins experts","isPartOf":{"@id":"https:\/\/sublimationsoinsexperts.com\/#website"},"primaryImageOfPage":{"@id":"https:\/\/sublimationsoinsexperts.com\/index.php\/product\/gohy-pants-super-small\/#primaryimage"},"image":{"@id":"https:\/\/sublimationsoinsexperts.com\/index.php\/product\/gohy-pants-super-small\/#primaryimage"},"thumbnailUrl":"https:\/\/sublimationsoinsexperts.com\/wp-content\/uploads\/2023\/06\/341_PANTS-SUPER-VERT-SMALL.jpg","datePublished":"2023-06-20T13:42:39+00:00","dateModified":"2024-04-22T20:37:58+00:00","breadcrumb":{"@id":"https:\/\/sublimationsoinsexperts.com\/index.php\/product\/gohy-pants-super-small\/#breadcrumb"},"inLanguage":"fr-FR","potentialAction":[{"@type":"ReadAction","target":["https:\/\/sublimationsoinsexperts.com\/index.php\/product\/gohy-pants-super-small\/"]}]},{"@type":"ImageObject","inLanguage":"fr-FR","@id":"https:\/\/sublimationsoinsexperts.com\/index.php\/product\/gohy-pants-super-small\/#primaryimage","url":"https:\/\/sublimationsoinsexperts.com\/wp-content\/uploads\/2023\/06\/341_PANTS-SUPER-VERT-SMALL.jpg","contentUrl":"https:\/\/sublimationsoinsexperts.com\/wp-content\/uploads\/2023\/06\/341_PANTS-SUPER-VERT-SMALL.jpg","width":800,"height":500},{"@type":"BreadcrumbList","@id":"https:\/\/sublimationsoinsexperts.com\/index.php\/product\/gohy-pants-super-small\/#breadcrumb","itemListElement":[{"@type":"ListItem","position":1,"name":"Accueil","item":"https:\/\/sublimationsoinsexperts.com\/"},{"@type":"ListItem","position":2,"name":"Shop","item":"https:\/\/sublimationsoinsexperts.com\/index.php\/shop\/"},{"@type":"ListItem","position":3,"name":"PANTS GOHY SUPER SMALL"}]},{"@type":"WebSite","@id":"https:\/\/sublimationsoinsexperts.com\/#website","url":"https:\/\/sublimationsoinsexperts.com\/","name":"Sublimation soins experts","description":"","potentialAction":[{"@type":"SearchAction","target":{"@type":"EntryPoint","urlTemplate":"https:\/\/sublimationsoinsexperts.com\/?s={search_term_string}"},"query-input":{"@type":"PropertyValueSpecification","valueRequired":true,"valueName":"search_term_string"}}],"inLanguage":"fr-FR"}]}},"_links":{"self":[{"href":"https:\/\/sublimationsoinsexperts.com\/index.php\/wp-json\/wp\/v2\/product\/1060","targetHints":{"allow":["GET"]}}],"collection":[{"href":"https:\/\/sublimationsoinsexperts.com\/index.php\/wp-json\/wp\/v2\/product"}],"about":[{"href":"https:\/\/sublimationsoinsexperts.com\/index.php\/wp-json\/wp\/v2\/types\/product"}],"replies":[{"embeddable":true,"href":"https:\/\/sublimationsoinsexperts.com\/index.php\/wp-json\/wp\/v2\/comments?post=1060"}],"wp:featuredmedia":[{"embeddable":true,"href":"https:\/\/sublimationsoinsexperts.com\/index.php\/wp-json\/wp\/v2\/media\/1070"}],"wp:attachment":[{"href":"https:\/\/sublimationsoinsexperts.com\/index.php\/wp-json\/wp\/v2\/media?parent=1060"}],"wp:term":[{"taxonomy":"product_brand","embeddable":true,"href":"https:\/\/sublimationsoinsexperts.com\/index.php\/wp-json\/wp\/v2\/product_brand?post=1060"},{"taxonomy":"product_cat","embeddable":true,"href":"https:\/\/sublimationsoinsexperts.com\/index.php\/wp-json\/wp\/v2\/product_cat?post=1060"},{"taxonomy":"product_tag","embeddable":true,"href":"https:\/\/sublimationsoinsexperts.com\/index.php\/wp-json\/wp\/v2\/product_tag?post=1060"}],"curies":[{"name":"wp","href":"https:\/\/api.w.org\/{rel}","templated":true}]}}