{"id":1086,"date":"2023-06-20T16:40:47","date_gmt":"2023-06-20T15:40:47","guid":{"rendered":"https:\/\/sublimationsoinsexperts.com\/?post_type=product&#038;p=1086"},"modified":"2024-03-29T17:58:10","modified_gmt":"2024-03-29T17:58:10","slug":"gant-de-toilette-jetable-evocare-paquet-de-50","status":"publish","type":"product","link":"https:\/\/sublimationsoinsexperts.com\/index.php\/product\/gant-de-toilette-jetable-evocare-paquet-de-50\/","title":{"rendered":"GANT DE TOILETTE JETABLE EVOCARE (paquet de 50)"},"content":{"rendered":"<p>\u2022 Gants de toilette non-tiss\u00e9s.<br \/>\n\u2022 Dimensions 15 x 23 cm.<\/p>\n<p>\u2022 Gants de toilette molletonn\u00e9s tr\u00e8s absorbants.<br \/>\n\u2022 Doux, tr\u00e8s r\u00e9sistants, pour une utilisation \u00e0 long terme.<br \/>\n\u2022 Soud\u00e9s par ultrasons.<br \/>\n\u2022 Couleur : blanc.<br \/>\n\u2022 Grammage : 80 g\/m\u00b2.<\/p>\n<p>Carton de 20 = 80 euros<\/p>\n<p>REF GOHY 428.160<\/p>\n<p>&nbsp;<\/p>\n","protected":false},"excerpt":{"rendered":"<p>\u2022 Gants de toilette non-tiss\u00e9s. \u2022 Dimensions 15 x 23 cm. \u2022 Gants de toilette molletonn\u00e9s tr\u00e8s absorbants. \u2022 Doux, tr\u00e8s r\u00e9sistants, pour une utilisation \u00e0 long terme. \u2022 Soud\u00e9s par ultrasons. \u2022 Couleur : blanc. \u2022 Grammage : 80 g\/m\u00b2. Carton de 20 = 80 euros REF GOHY 428.160 &nbsp;<\/p>\n","protected":false},"featured_media":1087,"comment_status":"open","ping_status":"closed","template":"","meta":[],"product_brand":[],"product_cat":[59,19],"product_tag":[],"class_list":{"0":"post-1086","1":"product","2":"type-product","3":"status-publish","4":"has-post-thumbnail","6":"product_cat-essuies-et-gants-de-toilette","7":"product_cat-hygiene","9":"first","10":"instock","11":"shipping-taxable","12":"product-type-variable"},"yoast_head":"<!-- This site is optimized with the Yoast SEO plugin v27.4 - https:\/\/yoast.com\/product\/yoast-seo-wordpress\/ -->\n<title>GANT DE TOILETTE JETABLE EVOCARE (paquet de 50) - Sublimation soins experts<\/title>\n<meta name=\"robots\" content=\"index, follow, max-snippet:-1, max-image-preview:large, max-video-preview:-1\" \/>\n<link rel=\"canonical\" href=\"https:\/\/sublimationsoinsexperts.com\/index.php\/product\/gant-de-toilette-jetable-evocare-paquet-de-50\/\" \/>\n<meta property=\"og:locale\" content=\"fr_FR\" \/>\n<meta property=\"og:type\" content=\"article\" \/>\n<meta property=\"og:title\" content=\"GANT DE TOILETTE JETABLE EVOCARE (paquet de 50) - Sublimation soins experts\" \/>\n<meta property=\"og:description\" content=\"\u2022 Gants de toilette non-tiss\u00e9s. \u2022 Dimensions 15 x 23 cm. \u2022 Gants de toilette molletonn\u00e9s tr\u00e8s absorbants. \u2022 Doux, tr\u00e8s r\u00e9sistants, pour une utilisation \u00e0 long terme. \u2022 Soud\u00e9s par ultrasons. \u2022 Couleur : blanc. \u2022 Grammage : 80 g\/m\u00b2. Carton de 20 = 80 euros REF GOHY 428.160 &nbsp;\" \/>\n<meta property=\"og:url\" content=\"https:\/\/sublimationsoinsexperts.com\/index.php\/product\/gant-de-toilette-jetable-evocare-paquet-de-50\/\" \/>\n<meta property=\"og:site_name\" content=\"Sublimation soins experts\" \/>\n<meta property=\"article:modified_time\" content=\"2024-03-29T17:58:10+00:00\" \/>\n<meta property=\"og:image\" content=\"http:\/\/sublimationsoinsexperts.com\/wp-content\/uploads\/2023\/06\/428.160_GANT-DE-TOILETTE-JETABLE-EVOCARE-paquet-de-50.jpg\" \/>\n\t<meta property=\"og:image:width\" content=\"400\" \/>\n\t<meta property=\"og:image:height\" content=\"394\" \/>\n\t<meta property=\"og:image:type\" content=\"image\/jpeg\" \/>\n<meta name=\"twitter:card\" content=\"summary_large_image\" \/>\n<meta name=\"twitter:label1\" content=\"Dur\u00e9e de lecture estim\u00e9e\" \/>\n\t<meta name=\"twitter:data1\" content=\"1 minute\" \/>\n<script type=\"application\/ld+json\" class=\"yoast-schema-graph\">{\"@context\":\"https:\\\/\\\/schema.org\",\"@graph\":[{\"@type\":\"WebPage\",\"@id\":\"https:\\\/\\\/sublimationsoinsexperts.com\\\/index.php\\\/product\\\/gant-de-toilette-jetable-evocare-paquet-de-50\\\/\",\"url\":\"https:\\\/\\\/sublimationsoinsexperts.com\\\/index.php\\\/product\\\/gant-de-toilette-jetable-evocare-paquet-de-50\\\/\",\"name\":\"GANT DE TOILETTE JETABLE EVOCARE (paquet de 50) - Sublimation soins experts\",\"isPartOf\":{\"@id\":\"https:\\\/\\\/sublimationsoinsexperts.com\\\/#website\"},\"primaryImageOfPage\":{\"@id\":\"https:\\\/\\\/sublimationsoinsexperts.com\\\/index.php\\\/product\\\/gant-de-toilette-jetable-evocare-paquet-de-50\\\/#primaryimage\"},\"image\":{\"@id\":\"https:\\\/\\\/sublimationsoinsexperts.com\\\/index.php\\\/product\\\/gant-de-toilette-jetable-evocare-paquet-de-50\\\/#primaryimage\"},\"thumbnailUrl\":\"https:\\\/\\\/sublimationsoinsexperts.com\\\/wp-content\\\/uploads\\\/2023\\\/06\\\/428.160_GANT-DE-TOILETTE-JETABLE-EVOCARE-paquet-de-50.jpg\",\"datePublished\":\"2023-06-20T15:40:47+00:00\",\"dateModified\":\"2024-03-29T17:58:10+00:00\",\"breadcrumb\":{\"@id\":\"https:\\\/\\\/sublimationsoinsexperts.com\\\/index.php\\\/product\\\/gant-de-toilette-jetable-evocare-paquet-de-50\\\/#breadcrumb\"},\"inLanguage\":\"fr-FR\",\"potentialAction\":[{\"@type\":\"ReadAction\",\"target\":[\"https:\\\/\\\/sublimationsoinsexperts.com\\\/index.php\\\/product\\\/gant-de-toilette-jetable-evocare-paquet-de-50\\\/\"]}]},{\"@type\":\"ImageObject\",\"inLanguage\":\"fr-FR\",\"@id\":\"https:\\\/\\\/sublimationsoinsexperts.com\\\/index.php\\\/product\\\/gant-de-toilette-jetable-evocare-paquet-de-50\\\/#primaryimage\",\"url\":\"https:\\\/\\\/sublimationsoinsexperts.com\\\/wp-content\\\/uploads\\\/2023\\\/06\\\/428.160_GANT-DE-TOILETTE-JETABLE-EVOCARE-paquet-de-50.jpg\",\"contentUrl\":\"https:\\\/\\\/sublimationsoinsexperts.com\\\/wp-content\\\/uploads\\\/2023\\\/06\\\/428.160_GANT-DE-TOILETTE-JETABLE-EVOCARE-paquet-de-50.jpg\",\"width\":400,\"height\":394},{\"@type\":\"BreadcrumbList\",\"@id\":\"https:\\\/\\\/sublimationsoinsexperts.com\\\/index.php\\\/product\\\/gant-de-toilette-jetable-evocare-paquet-de-50\\\/#breadcrumb\",\"itemListElement\":[{\"@type\":\"ListItem\",\"position\":1,\"name\":\"Accueil\",\"item\":\"https:\\\/\\\/sublimationsoinsexperts.com\\\/\"},{\"@type\":\"ListItem\",\"position\":2,\"name\":\"Shop\",\"item\":\"https:\\\/\\\/sublimationsoinsexperts.com\\\/index.php\\\/shop\\\/\"},{\"@type\":\"ListItem\",\"position\":3,\"name\":\"GANT DE TOILETTE JETABLE EVOCARE (paquet de 50)\"}]},{\"@type\":\"WebSite\",\"@id\":\"https:\\\/\\\/sublimationsoinsexperts.com\\\/#website\",\"url\":\"https:\\\/\\\/sublimationsoinsexperts.com\\\/\",\"name\":\"Sublimation soins experts\",\"description\":\"\",\"potentialAction\":[{\"@type\":\"SearchAction\",\"target\":{\"@type\":\"EntryPoint\",\"urlTemplate\":\"https:\\\/\\\/sublimationsoinsexperts.com\\\/?s={search_term_string}\"},\"query-input\":{\"@type\":\"PropertyValueSpecification\",\"valueRequired\":true,\"valueName\":\"search_term_string\"}}],\"inLanguage\":\"fr-FR\"}]}<\/script>\n<!-- \/ Yoast SEO plugin. -->","yoast_head_json":{"title":"GANT DE TOILETTE JETABLE EVOCARE (paquet de 50) - Sublimation soins experts","robots":{"index":"index","follow":"follow","max-snippet":"max-snippet:-1","max-image-preview":"max-image-preview:large","max-video-preview":"max-video-preview:-1"},"canonical":"https:\/\/sublimationsoinsexperts.com\/index.php\/product\/gant-de-toilette-jetable-evocare-paquet-de-50\/","og_locale":"fr_FR","og_type":"article","og_title":"GANT DE TOILETTE JETABLE EVOCARE (paquet de 50) - Sublimation soins experts","og_description":"\u2022 Gants de toilette non-tiss\u00e9s. \u2022 Dimensions 15 x 23 cm. \u2022 Gants de toilette molletonn\u00e9s tr\u00e8s absorbants. \u2022 Doux, tr\u00e8s r\u00e9sistants, pour une utilisation \u00e0 long terme. \u2022 Soud\u00e9s par ultrasons. \u2022 Couleur : blanc. \u2022 Grammage : 80 g\/m\u00b2. Carton de 20 = 80 euros REF GOHY 428.160 &nbsp;","og_url":"https:\/\/sublimationsoinsexperts.com\/index.php\/product\/gant-de-toilette-jetable-evocare-paquet-de-50\/","og_site_name":"Sublimation soins experts","article_modified_time":"2024-03-29T17:58:10+00:00","og_image":[{"width":400,"height":394,"url":"http:\/\/sublimationsoinsexperts.com\/wp-content\/uploads\/2023\/06\/428.160_GANT-DE-TOILETTE-JETABLE-EVOCARE-paquet-de-50.jpg","type":"image\/jpeg"}],"twitter_card":"summary_large_image","twitter_misc":{"Dur\u00e9e de lecture estim\u00e9e":"1 minute"},"schema":{"@context":"https:\/\/schema.org","@graph":[{"@type":"WebPage","@id":"https:\/\/sublimationsoinsexperts.com\/index.php\/product\/gant-de-toilette-jetable-evocare-paquet-de-50\/","url":"https:\/\/sublimationsoinsexperts.com\/index.php\/product\/gant-de-toilette-jetable-evocare-paquet-de-50\/","name":"GANT DE TOILETTE JETABLE EVOCARE (paquet de 50) - Sublimation soins experts","isPartOf":{"@id":"https:\/\/sublimationsoinsexperts.com\/#website"},"primaryImageOfPage":{"@id":"https:\/\/sublimationsoinsexperts.com\/index.php\/product\/gant-de-toilette-jetable-evocare-paquet-de-50\/#primaryimage"},"image":{"@id":"https:\/\/sublimationsoinsexperts.com\/index.php\/product\/gant-de-toilette-jetable-evocare-paquet-de-50\/#primaryimage"},"thumbnailUrl":"https:\/\/sublimationsoinsexperts.com\/wp-content\/uploads\/2023\/06\/428.160_GANT-DE-TOILETTE-JETABLE-EVOCARE-paquet-de-50.jpg","datePublished":"2023-06-20T15:40:47+00:00","dateModified":"2024-03-29T17:58:10+00:00","breadcrumb":{"@id":"https:\/\/sublimationsoinsexperts.com\/index.php\/product\/gant-de-toilette-jetable-evocare-paquet-de-50\/#breadcrumb"},"inLanguage":"fr-FR","potentialAction":[{"@type":"ReadAction","target":["https:\/\/sublimationsoinsexperts.com\/index.php\/product\/gant-de-toilette-jetable-evocare-paquet-de-50\/"]}]},{"@type":"ImageObject","inLanguage":"fr-FR","@id":"https:\/\/sublimationsoinsexperts.com\/index.php\/product\/gant-de-toilette-jetable-evocare-paquet-de-50\/#primaryimage","url":"https:\/\/sublimationsoinsexperts.com\/wp-content\/uploads\/2023\/06\/428.160_GANT-DE-TOILETTE-JETABLE-EVOCARE-paquet-de-50.jpg","contentUrl":"https:\/\/sublimationsoinsexperts.com\/wp-content\/uploads\/2023\/06\/428.160_GANT-DE-TOILETTE-JETABLE-EVOCARE-paquet-de-50.jpg","width":400,"height":394},{"@type":"BreadcrumbList","@id":"https:\/\/sublimationsoinsexperts.com\/index.php\/product\/gant-de-toilette-jetable-evocare-paquet-de-50\/#breadcrumb","itemListElement":[{"@type":"ListItem","position":1,"name":"Accueil","item":"https:\/\/sublimationsoinsexperts.com\/"},{"@type":"ListItem","position":2,"name":"Shop","item":"https:\/\/sublimationsoinsexperts.com\/index.php\/shop\/"},{"@type":"ListItem","position":3,"name":"GANT DE TOILETTE JETABLE EVOCARE (paquet de 50)"}]},{"@type":"WebSite","@id":"https:\/\/sublimationsoinsexperts.com\/#website","url":"https:\/\/sublimationsoinsexperts.com\/","name":"Sublimation soins experts","description":"","potentialAction":[{"@type":"SearchAction","target":{"@type":"EntryPoint","urlTemplate":"https:\/\/sublimationsoinsexperts.com\/?s={search_term_string}"},"query-input":{"@type":"PropertyValueSpecification","valueRequired":true,"valueName":"search_term_string"}}],"inLanguage":"fr-FR"}]}},"_links":{"self":[{"href":"https:\/\/sublimationsoinsexperts.com\/index.php\/wp-json\/wp\/v2\/product\/1086","targetHints":{"allow":["GET"]}}],"collection":[{"href":"https:\/\/sublimationsoinsexperts.com\/index.php\/wp-json\/wp\/v2\/product"}],"about":[{"href":"https:\/\/sublimationsoinsexperts.com\/index.php\/wp-json\/wp\/v2\/types\/product"}],"replies":[{"embeddable":true,"href":"https:\/\/sublimationsoinsexperts.com\/index.php\/wp-json\/wp\/v2\/comments?post=1086"}],"wp:featuredmedia":[{"embeddable":true,"href":"https:\/\/sublimationsoinsexperts.com\/index.php\/wp-json\/wp\/v2\/media\/1087"}],"wp:attachment":[{"href":"https:\/\/sublimationsoinsexperts.com\/index.php\/wp-json\/wp\/v2\/media?parent=1086"}],"wp:term":[{"taxonomy":"product_brand","embeddable":true,"href":"https:\/\/sublimationsoinsexperts.com\/index.php\/wp-json\/wp\/v2\/product_brand?post=1086"},{"taxonomy":"product_cat","embeddable":true,"href":"https:\/\/sublimationsoinsexperts.com\/index.php\/wp-json\/wp\/v2\/product_cat?post=1086"},{"taxonomy":"product_tag","embeddable":true,"href":"https:\/\/sublimationsoinsexperts.com\/index.php\/wp-json\/wp\/v2\/product_tag?post=1086"}],"curies":[{"name":"wp","href":"https:\/\/api.w.org\/{rel}","templated":true}]}}