{"id":1110,"date":"2023-06-20T22:35:27","date_gmt":"2023-06-20T21:35:27","guid":{"rendered":"https:\/\/sublimationsoinsexperts.com\/?post_type=product&#038;p=1110"},"modified":"2024-04-22T21:59:48","modified_gmt":"2024-04-22T20:59:48","slug":"gants-de-soin-nitrile-bleu-non-poudres-medium-boite-de-100","status":"publish","type":"product","link":"https:\/\/sublimationsoinsexperts.com\/index.php\/product\/gants-de-soin-nitrile-bleu-non-poudres-medium-boite-de-100\/","title":{"rendered":"GANTS DE SOIN NITRILE BLEU NON POUDRES MEDIUM (bo\u00eete de 100)"},"content":{"rendered":"<p>Ce produit convient parfaitement lors des soins, il peut \u00e9galement \u00eatre utilis\u00e9 pour d&rsquo;autres conditions.<\/p>\n<p>\u2022 Bo\u00eete distributrice solide et bonne pr\u00e9hension des gants.<br \/>\n\u2022 Qualit\u00e9 m\u00e9dicale.<br \/>\n\u2022 AQL 1.5 = Taux de d\u00e9fectuosit\u00e9 inf\u00e9rieur \u00e0 1,5 %.<br \/>\n\u2022 Normes: EN 455 1, 2 &amp; 3.<br \/>\n\u2022 Apte au contact alimentaire suivant la directive 2008\/39\/EC et test\u00e9 EN 1186:2002.<br \/>\n\u2022 Coloris: bleu.<\/p>\n<p>Carton de 10 = 50 euros<\/p>\n","protected":false},"excerpt":{"rendered":"<p>Ce produit convient parfaitement lors des soins, il peut \u00e9galement \u00eatre utilis\u00e9 pour d&rsquo;autres conditions. \u2022 Bo\u00eete distributrice solide et bonne pr\u00e9hension des gants. \u2022 Qualit\u00e9 m\u00e9dicale. \u2022 AQL 1.5 = Taux de d\u00e9fectuosit\u00e9 inf\u00e9rieur \u00e0 1,5 %. \u2022 Normes: EN 455 1, 2 &amp; 3. \u2022 Apte au contact alimentaire suivant la directive 2008\/39\/EC [&hellip;]<\/p>\n","protected":false},"featured_media":1111,"comment_status":"open","ping_status":"closed","template":"","meta":[],"product_brand":[],"product_cat":[72,21],"product_tag":[],"class_list":{"0":"post-1110","1":"product","2":"type-product","3":"status-publish","4":"has-post-thumbnail","6":"product_cat-gants-de-soin","7":"product_cat-protection-du-soignant","9":"first","10":"instock","11":"shipping-taxable","12":"purchasable","13":"product-type-simple"},"yoast_head":"<!-- This site is optimized with the Yoast SEO plugin v27.3 - https:\/\/yoast.com\/product\/yoast-seo-wordpress\/ -->\n<title>GANTS DE SOIN NITRILE BLEU NON POUDRES MEDIUM (bo\u00eete de 100) - Sublimation soins experts<\/title>\n<meta name=\"robots\" content=\"index, follow, max-snippet:-1, max-image-preview:large, max-video-preview:-1\" \/>\n<link rel=\"canonical\" href=\"https:\/\/sublimationsoinsexperts.com\/index.php\/product\/gants-de-soin-nitrile-bleu-non-poudres-medium-boite-de-100\/\" \/>\n<meta property=\"og:locale\" content=\"fr_FR\" \/>\n<meta property=\"og:type\" content=\"article\" \/>\n<meta property=\"og:title\" content=\"GANTS DE SOIN NITRILE BLEU NON POUDRES MEDIUM (bo\u00eete de 100) - Sublimation soins experts\" \/>\n<meta property=\"og:description\" content=\"Ce produit convient parfaitement lors des soins, il peut \u00e9galement \u00eatre utilis\u00e9 pour d&rsquo;autres conditions. \u2022 Bo\u00eete distributrice solide et bonne pr\u00e9hension des gants. \u2022 Qualit\u00e9 m\u00e9dicale. \u2022 AQL 1.5 = Taux de d\u00e9fectuosit\u00e9 inf\u00e9rieur \u00e0 1,5 %. \u2022 Normes: EN 455 1, 2 &amp; 3. \u2022 Apte au contact alimentaire suivant la directive 2008\/39\/EC [&hellip;]\" \/>\n<meta property=\"og:url\" content=\"https:\/\/sublimationsoinsexperts.com\/index.php\/product\/gants-de-soin-nitrile-bleu-non-poudres-medium-boite-de-100\/\" \/>\n<meta property=\"og:site_name\" content=\"Sublimation soins experts\" \/>\n<meta property=\"article:modified_time\" content=\"2024-04-22T20:59:48+00:00\" \/>\n<meta property=\"og:image\" content=\"http:\/\/sublimationsoinsexperts.com\/wp-content\/uploads\/2023\/06\/517.501_GANT-MEDIUM.jpg\" \/>\n\t<meta property=\"og:image:width\" content=\"800\" \/>\n\t<meta property=\"og:image:height\" content=\"492\" \/>\n\t<meta property=\"og:image:type\" content=\"image\/jpeg\" \/>\n<meta name=\"twitter:card\" content=\"summary_large_image\" \/>\n<script type=\"application\/ld+json\" class=\"yoast-schema-graph\">{\"@context\":\"https:\\\/\\\/schema.org\",\"@graph\":[{\"@type\":\"WebPage\",\"@id\":\"https:\\\/\\\/sublimationsoinsexperts.com\\\/index.php\\\/product\\\/gants-de-soin-nitrile-bleu-non-poudres-medium-boite-de-100\\\/\",\"url\":\"https:\\\/\\\/sublimationsoinsexperts.com\\\/index.php\\\/product\\\/gants-de-soin-nitrile-bleu-non-poudres-medium-boite-de-100\\\/\",\"name\":\"GANTS DE SOIN NITRILE BLEU NON POUDRES MEDIUM (bo\u00eete de 100) - Sublimation soins experts\",\"isPartOf\":{\"@id\":\"https:\\\/\\\/sublimationsoinsexperts.com\\\/#website\"},\"primaryImageOfPage\":{\"@id\":\"https:\\\/\\\/sublimationsoinsexperts.com\\\/index.php\\\/product\\\/gants-de-soin-nitrile-bleu-non-poudres-medium-boite-de-100\\\/#primaryimage\"},\"image\":{\"@id\":\"https:\\\/\\\/sublimationsoinsexperts.com\\\/index.php\\\/product\\\/gants-de-soin-nitrile-bleu-non-poudres-medium-boite-de-100\\\/#primaryimage\"},\"thumbnailUrl\":\"https:\\\/\\\/sublimationsoinsexperts.com\\\/wp-content\\\/uploads\\\/2023\\\/06\\\/517.501_GANT-MEDIUM.jpg\",\"datePublished\":\"2023-06-20T21:35:27+00:00\",\"dateModified\":\"2024-04-22T20:59:48+00:00\",\"breadcrumb\":{\"@id\":\"https:\\\/\\\/sublimationsoinsexperts.com\\\/index.php\\\/product\\\/gants-de-soin-nitrile-bleu-non-poudres-medium-boite-de-100\\\/#breadcrumb\"},\"inLanguage\":\"fr-FR\",\"potentialAction\":[{\"@type\":\"ReadAction\",\"target\":[\"https:\\\/\\\/sublimationsoinsexperts.com\\\/index.php\\\/product\\\/gants-de-soin-nitrile-bleu-non-poudres-medium-boite-de-100\\\/\"]}]},{\"@type\":\"ImageObject\",\"inLanguage\":\"fr-FR\",\"@id\":\"https:\\\/\\\/sublimationsoinsexperts.com\\\/index.php\\\/product\\\/gants-de-soin-nitrile-bleu-non-poudres-medium-boite-de-100\\\/#primaryimage\",\"url\":\"https:\\\/\\\/sublimationsoinsexperts.com\\\/wp-content\\\/uploads\\\/2023\\\/06\\\/517.501_GANT-MEDIUM.jpg\",\"contentUrl\":\"https:\\\/\\\/sublimationsoinsexperts.com\\\/wp-content\\\/uploads\\\/2023\\\/06\\\/517.501_GANT-MEDIUM.jpg\",\"width\":800,\"height\":492},{\"@type\":\"BreadcrumbList\",\"@id\":\"https:\\\/\\\/sublimationsoinsexperts.com\\\/index.php\\\/product\\\/gants-de-soin-nitrile-bleu-non-poudres-medium-boite-de-100\\\/#breadcrumb\",\"itemListElement\":[{\"@type\":\"ListItem\",\"position\":1,\"name\":\"Accueil\",\"item\":\"https:\\\/\\\/sublimationsoinsexperts.com\\\/\"},{\"@type\":\"ListItem\",\"position\":2,\"name\":\"Shop\",\"item\":\"https:\\\/\\\/sublimationsoinsexperts.com\\\/index.php\\\/shop\\\/\"},{\"@type\":\"ListItem\",\"position\":3,\"name\":\"GANTS DE SOIN NITRILE BLEU NON POUDRES MEDIUM (bo\u00eete de 100)\"}]},{\"@type\":\"WebSite\",\"@id\":\"https:\\\/\\\/sublimationsoinsexperts.com\\\/#website\",\"url\":\"https:\\\/\\\/sublimationsoinsexperts.com\\\/\",\"name\":\"Sublimation soins experts\",\"description\":\"\",\"potentialAction\":[{\"@type\":\"SearchAction\",\"target\":{\"@type\":\"EntryPoint\",\"urlTemplate\":\"https:\\\/\\\/sublimationsoinsexperts.com\\\/?s={search_term_string}\"},\"query-input\":{\"@type\":\"PropertyValueSpecification\",\"valueRequired\":true,\"valueName\":\"search_term_string\"}}],\"inLanguage\":\"fr-FR\"}]}<\/script>\n<!-- \/ Yoast SEO plugin. -->","yoast_head_json":{"title":"GANTS DE SOIN NITRILE BLEU NON POUDRES MEDIUM (bo\u00eete de 100) - Sublimation soins experts","robots":{"index":"index","follow":"follow","max-snippet":"max-snippet:-1","max-image-preview":"max-image-preview:large","max-video-preview":"max-video-preview:-1"},"canonical":"https:\/\/sublimationsoinsexperts.com\/index.php\/product\/gants-de-soin-nitrile-bleu-non-poudres-medium-boite-de-100\/","og_locale":"fr_FR","og_type":"article","og_title":"GANTS DE SOIN NITRILE BLEU NON POUDRES MEDIUM (bo\u00eete de 100) - Sublimation soins experts","og_description":"Ce produit convient parfaitement lors des soins, il peut \u00e9galement \u00eatre utilis\u00e9 pour d&rsquo;autres conditions. \u2022 Bo\u00eete distributrice solide et bonne pr\u00e9hension des gants. \u2022 Qualit\u00e9 m\u00e9dicale. \u2022 AQL 1.5 = Taux de d\u00e9fectuosit\u00e9 inf\u00e9rieur \u00e0 1,5 %. \u2022 Normes: EN 455 1, 2 &amp; 3. \u2022 Apte au contact alimentaire suivant la directive 2008\/39\/EC [&hellip;]","og_url":"https:\/\/sublimationsoinsexperts.com\/index.php\/product\/gants-de-soin-nitrile-bleu-non-poudres-medium-boite-de-100\/","og_site_name":"Sublimation soins experts","article_modified_time":"2024-04-22T20:59:48+00:00","og_image":[{"width":800,"height":492,"url":"http:\/\/sublimationsoinsexperts.com\/wp-content\/uploads\/2023\/06\/517.501_GANT-MEDIUM.jpg","type":"image\/jpeg"}],"twitter_card":"summary_large_image","schema":{"@context":"https:\/\/schema.org","@graph":[{"@type":"WebPage","@id":"https:\/\/sublimationsoinsexperts.com\/index.php\/product\/gants-de-soin-nitrile-bleu-non-poudres-medium-boite-de-100\/","url":"https:\/\/sublimationsoinsexperts.com\/index.php\/product\/gants-de-soin-nitrile-bleu-non-poudres-medium-boite-de-100\/","name":"GANTS DE SOIN NITRILE BLEU NON POUDRES MEDIUM (bo\u00eete de 100) - Sublimation soins experts","isPartOf":{"@id":"https:\/\/sublimationsoinsexperts.com\/#website"},"primaryImageOfPage":{"@id":"https:\/\/sublimationsoinsexperts.com\/index.php\/product\/gants-de-soin-nitrile-bleu-non-poudres-medium-boite-de-100\/#primaryimage"},"image":{"@id":"https:\/\/sublimationsoinsexperts.com\/index.php\/product\/gants-de-soin-nitrile-bleu-non-poudres-medium-boite-de-100\/#primaryimage"},"thumbnailUrl":"https:\/\/sublimationsoinsexperts.com\/wp-content\/uploads\/2023\/06\/517.501_GANT-MEDIUM.jpg","datePublished":"2023-06-20T21:35:27+00:00","dateModified":"2024-04-22T20:59:48+00:00","breadcrumb":{"@id":"https:\/\/sublimationsoinsexperts.com\/index.php\/product\/gants-de-soin-nitrile-bleu-non-poudres-medium-boite-de-100\/#breadcrumb"},"inLanguage":"fr-FR","potentialAction":[{"@type":"ReadAction","target":["https:\/\/sublimationsoinsexperts.com\/index.php\/product\/gants-de-soin-nitrile-bleu-non-poudres-medium-boite-de-100\/"]}]},{"@type":"ImageObject","inLanguage":"fr-FR","@id":"https:\/\/sublimationsoinsexperts.com\/index.php\/product\/gants-de-soin-nitrile-bleu-non-poudres-medium-boite-de-100\/#primaryimage","url":"https:\/\/sublimationsoinsexperts.com\/wp-content\/uploads\/2023\/06\/517.501_GANT-MEDIUM.jpg","contentUrl":"https:\/\/sublimationsoinsexperts.com\/wp-content\/uploads\/2023\/06\/517.501_GANT-MEDIUM.jpg","width":800,"height":492},{"@type":"BreadcrumbList","@id":"https:\/\/sublimationsoinsexperts.com\/index.php\/product\/gants-de-soin-nitrile-bleu-non-poudres-medium-boite-de-100\/#breadcrumb","itemListElement":[{"@type":"ListItem","position":1,"name":"Accueil","item":"https:\/\/sublimationsoinsexperts.com\/"},{"@type":"ListItem","position":2,"name":"Shop","item":"https:\/\/sublimationsoinsexperts.com\/index.php\/shop\/"},{"@type":"ListItem","position":3,"name":"GANTS DE SOIN NITRILE BLEU NON POUDRES MEDIUM (bo\u00eete de 100)"}]},{"@type":"WebSite","@id":"https:\/\/sublimationsoinsexperts.com\/#website","url":"https:\/\/sublimationsoinsexperts.com\/","name":"Sublimation soins experts","description":"","potentialAction":[{"@type":"SearchAction","target":{"@type":"EntryPoint","urlTemplate":"https:\/\/sublimationsoinsexperts.com\/?s={search_term_string}"},"query-input":{"@type":"PropertyValueSpecification","valueRequired":true,"valueName":"search_term_string"}}],"inLanguage":"fr-FR"}]}},"_links":{"self":[{"href":"https:\/\/sublimationsoinsexperts.com\/index.php\/wp-json\/wp\/v2\/product\/1110","targetHints":{"allow":["GET"]}}],"collection":[{"href":"https:\/\/sublimationsoinsexperts.com\/index.php\/wp-json\/wp\/v2\/product"}],"about":[{"href":"https:\/\/sublimationsoinsexperts.com\/index.php\/wp-json\/wp\/v2\/types\/product"}],"replies":[{"embeddable":true,"href":"https:\/\/sublimationsoinsexperts.com\/index.php\/wp-json\/wp\/v2\/comments?post=1110"}],"wp:featuredmedia":[{"embeddable":true,"href":"https:\/\/sublimationsoinsexperts.com\/index.php\/wp-json\/wp\/v2\/media\/1111"}],"wp:attachment":[{"href":"https:\/\/sublimationsoinsexperts.com\/index.php\/wp-json\/wp\/v2\/media?parent=1110"}],"wp:term":[{"taxonomy":"product_brand","embeddable":true,"href":"https:\/\/sublimationsoinsexperts.com\/index.php\/wp-json\/wp\/v2\/product_brand?post=1110"},{"taxonomy":"product_cat","embeddable":true,"href":"https:\/\/sublimationsoinsexperts.com\/index.php\/wp-json\/wp\/v2\/product_cat?post=1110"},{"taxonomy":"product_tag","embeddable":true,"href":"https:\/\/sublimationsoinsexperts.com\/index.php\/wp-json\/wp\/v2\/product_tag?post=1110"}],"curies":[{"name":"wp","href":"https:\/\/api.w.org\/{rel}","templated":true}]}}