{"id":1307,"date":"2023-06-23T22:47:26","date_gmt":"2023-06-23T21:47:26","guid":{"rendered":"https:\/\/sublimationsoinsexperts.com\/?post_type=product&#038;p=1307"},"modified":"2023-06-23T22:55:34","modified_gmt":"2023-06-23T21:55:34","slug":"aiguille-eurofine-boite-de-100-jaune-20-g","status":"publish","type":"product","link":"https:\/\/sublimationsoinsexperts.com\/index.php\/product\/aiguille-eurofine-boite-de-100-jaune-20-g\/","title":{"rendered":"Aiguille EUROFINE (bo\u00eete DE 100) JAUNE 20 G IM\/SC\/IV"},"content":{"rendered":"<p>&nbsp;<\/p>\n<p>Ces aiguilles sont st\u00e9riles et \u00e0 usage unique.<\/p>\n<p>&nbsp;<\/p>\n<p>\u2022 Aiguilles jetables disposant d\u2019un embout Luer-Lock et d\u2019une tige d\u2019aiguille flexible en acier inoxydable. Gr\u00e2ce \u00e0 une coupe sp\u00e9ciale en biseau, elles garantissent des injections indolores et un trauma minimal.<br \/>\n\u2022 Le code couleur indique le diam\u00e8tre (gauche) de l\u2019aiguille.<br \/>\n\u2022 Base en polypropyl\u00e8ne translucide dans les couleurs standard.<br \/>\n\u2022 Diam\u00e8tre ext\u00e9rieur de 0.45 \u00e0 1.2mm.<br \/>\n\u2022 Longueurs disponibles: 12, 16, 25, 30, 40, 50 mm.<br \/>\n\u2022 St\u00e9rilisation \u00e0 l\u2019oxyde d\u2019\u00e9thyl\u00e8ne.<\/p>\n","protected":false},"excerpt":{"rendered":"<p>&nbsp; Ces aiguilles sont st\u00e9riles et \u00e0 usage unique. &nbsp; \u2022 Aiguilles jetables disposant d\u2019un embout Luer-Lock et d\u2019une tige d\u2019aiguille flexible en acier inoxydable. Gr\u00e2ce \u00e0 une coupe sp\u00e9ciale en biseau, elles garantissent des injections indolores et un trauma minimal. \u2022 Le code couleur indique le diam\u00e8tre (gauche) de l\u2019aiguille. \u2022 Base en polypropyl\u00e8ne [&hellip;]<\/p>\n","protected":false},"featured_media":1305,"comment_status":"open","ping_status":"closed","template":"","meta":[],"product_brand":[],"product_cat":[18],"product_tag":[],"class_list":{"0":"post-1307","1":"product","2":"type-product","3":"status-publish","4":"has-post-thumbnail","6":"product_cat-materiel-dinjection-et-de-prelevement","8":"first","9":"instock","10":"shipping-taxable","11":"purchasable","12":"product-type-simple"},"yoast_head":"<!-- This site is optimized with the Yoast SEO plugin v27.4 - https:\/\/yoast.com\/product\/yoast-seo-wordpress\/ -->\n<title>Aiguille EUROFINE (bo\u00eete DE 100) JAUNE 20 G IM\/SC\/IV - Sublimation soins experts<\/title>\n<meta name=\"robots\" content=\"index, follow, max-snippet:-1, max-image-preview:large, max-video-preview:-1\" \/>\n<link rel=\"canonical\" href=\"https:\/\/sublimationsoinsexperts.com\/index.php\/product\/aiguille-eurofine-boite-de-100-jaune-20-g\/\" \/>\n<meta property=\"og:locale\" content=\"fr_FR\" \/>\n<meta property=\"og:type\" content=\"article\" \/>\n<meta property=\"og:title\" content=\"Aiguille EUROFINE (bo\u00eete DE 100) JAUNE 20 G IM\/SC\/IV - Sublimation soins experts\" \/>\n<meta property=\"og:description\" content=\"&nbsp; Ces aiguilles sont st\u00e9riles et \u00e0 usage unique. &nbsp; \u2022 Aiguilles jetables disposant d\u2019un embout Luer-Lock et d\u2019une tige d\u2019aiguille flexible en acier inoxydable. Gr\u00e2ce \u00e0 une coupe sp\u00e9ciale en biseau, elles garantissent des injections indolores et un trauma minimal. \u2022 Le code couleur indique le diam\u00e8tre (gauche) de l\u2019aiguille. \u2022 Base en polypropyl\u00e8ne [&hellip;]\" \/>\n<meta property=\"og:url\" content=\"https:\/\/sublimationsoinsexperts.com\/index.php\/product\/aiguille-eurofine-boite-de-100-jaune-20-g\/\" \/>\n<meta property=\"og:site_name\" content=\"Sublimation soins experts\" \/>\n<meta property=\"article:modified_time\" content=\"2023-06-23T21:55:34+00:00\" \/>\n<meta property=\"og:image\" content=\"http:\/\/sublimationsoinsexperts.com\/wp-content\/uploads\/2023\/06\/S760.200_1-AIGUILLE.jpg\" \/>\n\t<meta property=\"og:image:width\" content=\"400\" \/>\n\t<meta property=\"og:image:height\" content=\"265\" \/>\n\t<meta property=\"og:image:type\" content=\"image\/jpeg\" \/>\n<meta name=\"twitter:card\" content=\"summary_large_image\" \/>\n<meta name=\"twitter:label1\" content=\"Dur\u00e9e de lecture estim\u00e9e\" \/>\n\t<meta name=\"twitter:data1\" content=\"1 minute\" \/>\n<script type=\"application\/ld+json\" class=\"yoast-schema-graph\">{\"@context\":\"https:\\\/\\\/schema.org\",\"@graph\":[{\"@type\":\"WebPage\",\"@id\":\"https:\\\/\\\/sublimationsoinsexperts.com\\\/index.php\\\/product\\\/aiguille-eurofine-boite-de-100-jaune-20-g\\\/\",\"url\":\"https:\\\/\\\/sublimationsoinsexperts.com\\\/index.php\\\/product\\\/aiguille-eurofine-boite-de-100-jaune-20-g\\\/\",\"name\":\"Aiguille EUROFINE (bo\u00eete DE 100) JAUNE 20 G IM\\\/SC\\\/IV - Sublimation soins experts\",\"isPartOf\":{\"@id\":\"https:\\\/\\\/sublimationsoinsexperts.com\\\/#website\"},\"primaryImageOfPage\":{\"@id\":\"https:\\\/\\\/sublimationsoinsexperts.com\\\/index.php\\\/product\\\/aiguille-eurofine-boite-de-100-jaune-20-g\\\/#primaryimage\"},\"image\":{\"@id\":\"https:\\\/\\\/sublimationsoinsexperts.com\\\/index.php\\\/product\\\/aiguille-eurofine-boite-de-100-jaune-20-g\\\/#primaryimage\"},\"thumbnailUrl\":\"https:\\\/\\\/sublimationsoinsexperts.com\\\/wp-content\\\/uploads\\\/2023\\\/06\\\/S760.200_1-AIGUILLE.jpg\",\"datePublished\":\"2023-06-23T21:47:26+00:00\",\"dateModified\":\"2023-06-23T21:55:34+00:00\",\"breadcrumb\":{\"@id\":\"https:\\\/\\\/sublimationsoinsexperts.com\\\/index.php\\\/product\\\/aiguille-eurofine-boite-de-100-jaune-20-g\\\/#breadcrumb\"},\"inLanguage\":\"fr-FR\",\"potentialAction\":[{\"@type\":\"ReadAction\",\"target\":[\"https:\\\/\\\/sublimationsoinsexperts.com\\\/index.php\\\/product\\\/aiguille-eurofine-boite-de-100-jaune-20-g\\\/\"]}]},{\"@type\":\"ImageObject\",\"inLanguage\":\"fr-FR\",\"@id\":\"https:\\\/\\\/sublimationsoinsexperts.com\\\/index.php\\\/product\\\/aiguille-eurofine-boite-de-100-jaune-20-g\\\/#primaryimage\",\"url\":\"https:\\\/\\\/sublimationsoinsexperts.com\\\/wp-content\\\/uploads\\\/2023\\\/06\\\/S760.200_1-AIGUILLE.jpg\",\"contentUrl\":\"https:\\\/\\\/sublimationsoinsexperts.com\\\/wp-content\\\/uploads\\\/2023\\\/06\\\/S760.200_1-AIGUILLE.jpg\",\"width\":400,\"height\":265},{\"@type\":\"BreadcrumbList\",\"@id\":\"https:\\\/\\\/sublimationsoinsexperts.com\\\/index.php\\\/product\\\/aiguille-eurofine-boite-de-100-jaune-20-g\\\/#breadcrumb\",\"itemListElement\":[{\"@type\":\"ListItem\",\"position\":1,\"name\":\"Accueil\",\"item\":\"https:\\\/\\\/sublimationsoinsexperts.com\\\/\"},{\"@type\":\"ListItem\",\"position\":2,\"name\":\"Shop\",\"item\":\"https:\\\/\\\/sublimationsoinsexperts.com\\\/index.php\\\/shop\\\/\"},{\"@type\":\"ListItem\",\"position\":3,\"name\":\"Aiguille EUROFINE (bo\u00eete DE 100) JAUNE 20 G IM\\\/SC\\\/IV\"}]},{\"@type\":\"WebSite\",\"@id\":\"https:\\\/\\\/sublimationsoinsexperts.com\\\/#website\",\"url\":\"https:\\\/\\\/sublimationsoinsexperts.com\\\/\",\"name\":\"Sublimation soins experts\",\"description\":\"\",\"potentialAction\":[{\"@type\":\"SearchAction\",\"target\":{\"@type\":\"EntryPoint\",\"urlTemplate\":\"https:\\\/\\\/sublimationsoinsexperts.com\\\/?s={search_term_string}\"},\"query-input\":{\"@type\":\"PropertyValueSpecification\",\"valueRequired\":true,\"valueName\":\"search_term_string\"}}],\"inLanguage\":\"fr-FR\"}]}<\/script>\n<!-- \/ Yoast SEO plugin. -->","yoast_head_json":{"title":"Aiguille EUROFINE (bo\u00eete DE 100) JAUNE 20 G IM\/SC\/IV - Sublimation soins experts","robots":{"index":"index","follow":"follow","max-snippet":"max-snippet:-1","max-image-preview":"max-image-preview:large","max-video-preview":"max-video-preview:-1"},"canonical":"https:\/\/sublimationsoinsexperts.com\/index.php\/product\/aiguille-eurofine-boite-de-100-jaune-20-g\/","og_locale":"fr_FR","og_type":"article","og_title":"Aiguille EUROFINE (bo\u00eete DE 100) JAUNE 20 G IM\/SC\/IV - Sublimation soins experts","og_description":"&nbsp; Ces aiguilles sont st\u00e9riles et \u00e0 usage unique. &nbsp; \u2022 Aiguilles jetables disposant d\u2019un embout Luer-Lock et d\u2019une tige d\u2019aiguille flexible en acier inoxydable. Gr\u00e2ce \u00e0 une coupe sp\u00e9ciale en biseau, elles garantissent des injections indolores et un trauma minimal. \u2022 Le code couleur indique le diam\u00e8tre (gauche) de l\u2019aiguille. \u2022 Base en polypropyl\u00e8ne [&hellip;]","og_url":"https:\/\/sublimationsoinsexperts.com\/index.php\/product\/aiguille-eurofine-boite-de-100-jaune-20-g\/","og_site_name":"Sublimation soins experts","article_modified_time":"2023-06-23T21:55:34+00:00","og_image":[{"width":400,"height":265,"url":"http:\/\/sublimationsoinsexperts.com\/wp-content\/uploads\/2023\/06\/S760.200_1-AIGUILLE.jpg","type":"image\/jpeg"}],"twitter_card":"summary_large_image","twitter_misc":{"Dur\u00e9e de lecture estim\u00e9e":"1 minute"},"schema":{"@context":"https:\/\/schema.org","@graph":[{"@type":"WebPage","@id":"https:\/\/sublimationsoinsexperts.com\/index.php\/product\/aiguille-eurofine-boite-de-100-jaune-20-g\/","url":"https:\/\/sublimationsoinsexperts.com\/index.php\/product\/aiguille-eurofine-boite-de-100-jaune-20-g\/","name":"Aiguille EUROFINE (bo\u00eete DE 100) JAUNE 20 G IM\/SC\/IV - Sublimation soins experts","isPartOf":{"@id":"https:\/\/sublimationsoinsexperts.com\/#website"},"primaryImageOfPage":{"@id":"https:\/\/sublimationsoinsexperts.com\/index.php\/product\/aiguille-eurofine-boite-de-100-jaune-20-g\/#primaryimage"},"image":{"@id":"https:\/\/sublimationsoinsexperts.com\/index.php\/product\/aiguille-eurofine-boite-de-100-jaune-20-g\/#primaryimage"},"thumbnailUrl":"https:\/\/sublimationsoinsexperts.com\/wp-content\/uploads\/2023\/06\/S760.200_1-AIGUILLE.jpg","datePublished":"2023-06-23T21:47:26+00:00","dateModified":"2023-06-23T21:55:34+00:00","breadcrumb":{"@id":"https:\/\/sublimationsoinsexperts.com\/index.php\/product\/aiguille-eurofine-boite-de-100-jaune-20-g\/#breadcrumb"},"inLanguage":"fr-FR","potentialAction":[{"@type":"ReadAction","target":["https:\/\/sublimationsoinsexperts.com\/index.php\/product\/aiguille-eurofine-boite-de-100-jaune-20-g\/"]}]},{"@type":"ImageObject","inLanguage":"fr-FR","@id":"https:\/\/sublimationsoinsexperts.com\/index.php\/product\/aiguille-eurofine-boite-de-100-jaune-20-g\/#primaryimage","url":"https:\/\/sublimationsoinsexperts.com\/wp-content\/uploads\/2023\/06\/S760.200_1-AIGUILLE.jpg","contentUrl":"https:\/\/sublimationsoinsexperts.com\/wp-content\/uploads\/2023\/06\/S760.200_1-AIGUILLE.jpg","width":400,"height":265},{"@type":"BreadcrumbList","@id":"https:\/\/sublimationsoinsexperts.com\/index.php\/product\/aiguille-eurofine-boite-de-100-jaune-20-g\/#breadcrumb","itemListElement":[{"@type":"ListItem","position":1,"name":"Accueil","item":"https:\/\/sublimationsoinsexperts.com\/"},{"@type":"ListItem","position":2,"name":"Shop","item":"https:\/\/sublimationsoinsexperts.com\/index.php\/shop\/"},{"@type":"ListItem","position":3,"name":"Aiguille EUROFINE (bo\u00eete DE 100) JAUNE 20 G IM\/SC\/IV"}]},{"@type":"WebSite","@id":"https:\/\/sublimationsoinsexperts.com\/#website","url":"https:\/\/sublimationsoinsexperts.com\/","name":"Sublimation soins experts","description":"","potentialAction":[{"@type":"SearchAction","target":{"@type":"EntryPoint","urlTemplate":"https:\/\/sublimationsoinsexperts.com\/?s={search_term_string}"},"query-input":{"@type":"PropertyValueSpecification","valueRequired":true,"valueName":"search_term_string"}}],"inLanguage":"fr-FR"}]}},"_links":{"self":[{"href":"https:\/\/sublimationsoinsexperts.com\/index.php\/wp-json\/wp\/v2\/product\/1307","targetHints":{"allow":["GET"]}}],"collection":[{"href":"https:\/\/sublimationsoinsexperts.com\/index.php\/wp-json\/wp\/v2\/product"}],"about":[{"href":"https:\/\/sublimationsoinsexperts.com\/index.php\/wp-json\/wp\/v2\/types\/product"}],"replies":[{"embeddable":true,"href":"https:\/\/sublimationsoinsexperts.com\/index.php\/wp-json\/wp\/v2\/comments?post=1307"}],"wp:featuredmedia":[{"embeddable":true,"href":"https:\/\/sublimationsoinsexperts.com\/index.php\/wp-json\/wp\/v2\/media\/1305"}],"wp:attachment":[{"href":"https:\/\/sublimationsoinsexperts.com\/index.php\/wp-json\/wp\/v2\/media?parent=1307"}],"wp:term":[{"taxonomy":"product_brand","embeddable":true,"href":"https:\/\/sublimationsoinsexperts.com\/index.php\/wp-json\/wp\/v2\/product_brand?post=1307"},{"taxonomy":"product_cat","embeddable":true,"href":"https:\/\/sublimationsoinsexperts.com\/index.php\/wp-json\/wp\/v2\/product_cat?post=1307"},{"taxonomy":"product_tag","embeddable":true,"href":"https:\/\/sublimationsoinsexperts.com\/index.php\/wp-json\/wp\/v2\/product_tag?post=1307"}],"curies":[{"name":"wp","href":"https:\/\/api.w.org\/{rel}","templated":true}]}}