{"id":1854,"date":"2024-01-24T15:03:44","date_gmt":"2024-01-24T15:03:44","guid":{"rendered":"https:\/\/sublimationsoinsexperts.com\/?post_type=product&#038;p=1854"},"modified":"2024-04-16T19:57:05","modified_gmt":"2024-04-16T18:57:05","slug":"bande-de-gaz-extensibles-evocare-boite-de-20-5cm-x-4m","status":"publish","type":"product","link":"https:\/\/sublimationsoinsexperts.com\/index.php\/product\/bande-de-gaz-extensibles-evocare-boite-de-20-5cm-x-4m\/","title":{"rendered":"BANDE DE GAZ EXTENSIBLES EVOCARE (Bo\u00eete de 20) 5cm x 4m"},"content":{"rendered":"<p>\u2022 Bande de viscose ourl\u00e9e qui doit son excellente \u00e9lasticit\u00e9 en longueur \u00e0 l\u2019utilisation de fils de polyamide et de viscose.<br \/>\n\u2022 Emballage individuel sous cello.<br \/>\n\u2022 Non st\u00e9rile.<\/p>\n<p>&nbsp;<\/p>\n<p>REF : S 526.120<\/p>\n","protected":false},"excerpt":{"rendered":"<p>\u2022 Bande de viscose ourl\u00e9e qui doit son excellente \u00e9lasticit\u00e9 en longueur \u00e0 l\u2019utilisation de fils de polyamide et de viscose. \u2022 Emballage individuel sous cello. \u2022 Non st\u00e9rile. &nbsp; REF : S 526.120<\/p>\n","protected":false},"featured_media":1856,"comment_status":"open","ping_status":"closed","template":"","meta":[],"product_brand":[],"product_cat":[153,151,40,17],"product_tag":[],"class_list":{"0":"post-1854","1":"product","2":"type-product","3":"status-publish","4":"has-post-thumbnail","6":"product_cat-bandage-de-fixation","7":"product_cat-bandages","8":"product_cat-gestion-de-la-plaie","9":"product_cat-soin","11":"first","12":"instock","13":"shipping-taxable","14":"purchasable","15":"product-type-simple"},"yoast_head":"<!-- This site is optimized with the Yoast SEO plugin v27.3 - https:\/\/yoast.com\/product\/yoast-seo-wordpress\/ -->\n<title>BANDE DE GAZ EXTENSIBLES EVOCARE (Bo\u00eete de 20) 5cm x 4m - Sublimation soins experts<\/title>\n<meta name=\"robots\" content=\"index, follow, max-snippet:-1, max-image-preview:large, max-video-preview:-1\" \/>\n<link rel=\"canonical\" href=\"https:\/\/sublimationsoinsexperts.com\/index.php\/product\/bande-de-gaz-extensibles-evocare-boite-de-20-5cm-x-4m\/\" \/>\n<meta property=\"og:locale\" content=\"fr_FR\" \/>\n<meta property=\"og:type\" content=\"article\" \/>\n<meta property=\"og:title\" content=\"BANDE DE GAZ EXTENSIBLES EVOCARE (Bo\u00eete de 20) 5cm x 4m - Sublimation soins experts\" \/>\n<meta property=\"og:description\" content=\"\u2022 Bande de viscose ourl\u00e9e qui doit son excellente \u00e9lasticit\u00e9 en longueur \u00e0 l\u2019utilisation de fils de polyamide et de viscose. \u2022 Emballage individuel sous cello. \u2022 Non st\u00e9rile. &nbsp; REF : S 526.120\" \/>\n<meta property=\"og:url\" content=\"https:\/\/sublimationsoinsexperts.com\/index.php\/product\/bande-de-gaz-extensibles-evocare-boite-de-20-5cm-x-4m\/\" \/>\n<meta property=\"og:site_name\" content=\"Sublimation soins experts\" \/>\n<meta property=\"article:modified_time\" content=\"2024-04-16T18:57:05+00:00\" \/>\n<meta property=\"og:image\" content=\"http:\/\/sublimationsoinsexperts.com\/wp-content\/uploads\/2024\/01\/S526.120_2-BANDE-EXTENSIBLE-5cm-X-4m.jpg\" \/>\n\t<meta property=\"og:image:width\" content=\"377\" \/>\n\t<meta property=\"og:image:height\" content=\"400\" \/>\n\t<meta property=\"og:image:type\" content=\"image\/jpeg\" \/>\n<meta name=\"twitter:card\" content=\"summary_large_image\" \/>\n<meta name=\"twitter:label1\" content=\"Dur\u00e9e de lecture estim\u00e9e\" \/>\n\t<meta name=\"twitter:data1\" content=\"1 minute\" \/>\n<script type=\"application\/ld+json\" class=\"yoast-schema-graph\">{\"@context\":\"https:\\\/\\\/schema.org\",\"@graph\":[{\"@type\":\"WebPage\",\"@id\":\"https:\\\/\\\/sublimationsoinsexperts.com\\\/index.php\\\/product\\\/bande-de-gaz-extensibles-evocare-boite-de-20-5cm-x-4m\\\/\",\"url\":\"https:\\\/\\\/sublimationsoinsexperts.com\\\/index.php\\\/product\\\/bande-de-gaz-extensibles-evocare-boite-de-20-5cm-x-4m\\\/\",\"name\":\"BANDE DE GAZ EXTENSIBLES EVOCARE (Bo\u00eete de 20) 5cm x 4m - Sublimation soins experts\",\"isPartOf\":{\"@id\":\"https:\\\/\\\/sublimationsoinsexperts.com\\\/#website\"},\"primaryImageOfPage\":{\"@id\":\"https:\\\/\\\/sublimationsoinsexperts.com\\\/index.php\\\/product\\\/bande-de-gaz-extensibles-evocare-boite-de-20-5cm-x-4m\\\/#primaryimage\"},\"image\":{\"@id\":\"https:\\\/\\\/sublimationsoinsexperts.com\\\/index.php\\\/product\\\/bande-de-gaz-extensibles-evocare-boite-de-20-5cm-x-4m\\\/#primaryimage\"},\"thumbnailUrl\":\"https:\\\/\\\/sublimationsoinsexperts.com\\\/wp-content\\\/uploads\\\/2024\\\/01\\\/S526.120_2-BANDE-EXTENSIBLE-5cm-X-4m.jpg\",\"datePublished\":\"2024-01-24T15:03:44+00:00\",\"dateModified\":\"2024-04-16T18:57:05+00:00\",\"breadcrumb\":{\"@id\":\"https:\\\/\\\/sublimationsoinsexperts.com\\\/index.php\\\/product\\\/bande-de-gaz-extensibles-evocare-boite-de-20-5cm-x-4m\\\/#breadcrumb\"},\"inLanguage\":\"fr-FR\",\"potentialAction\":[{\"@type\":\"ReadAction\",\"target\":[\"https:\\\/\\\/sublimationsoinsexperts.com\\\/index.php\\\/product\\\/bande-de-gaz-extensibles-evocare-boite-de-20-5cm-x-4m\\\/\"]}]},{\"@type\":\"ImageObject\",\"inLanguage\":\"fr-FR\",\"@id\":\"https:\\\/\\\/sublimationsoinsexperts.com\\\/index.php\\\/product\\\/bande-de-gaz-extensibles-evocare-boite-de-20-5cm-x-4m\\\/#primaryimage\",\"url\":\"https:\\\/\\\/sublimationsoinsexperts.com\\\/wp-content\\\/uploads\\\/2024\\\/01\\\/S526.120_2-BANDE-EXTENSIBLE-5cm-X-4m.jpg\",\"contentUrl\":\"https:\\\/\\\/sublimationsoinsexperts.com\\\/wp-content\\\/uploads\\\/2024\\\/01\\\/S526.120_2-BANDE-EXTENSIBLE-5cm-X-4m.jpg\",\"width\":377,\"height\":400},{\"@type\":\"BreadcrumbList\",\"@id\":\"https:\\\/\\\/sublimationsoinsexperts.com\\\/index.php\\\/product\\\/bande-de-gaz-extensibles-evocare-boite-de-20-5cm-x-4m\\\/#breadcrumb\",\"itemListElement\":[{\"@type\":\"ListItem\",\"position\":1,\"name\":\"Accueil\",\"item\":\"https:\\\/\\\/sublimationsoinsexperts.com\\\/\"},{\"@type\":\"ListItem\",\"position\":2,\"name\":\"Shop\",\"item\":\"https:\\\/\\\/sublimationsoinsexperts.com\\\/index.php\\\/shop\\\/\"},{\"@type\":\"ListItem\",\"position\":3,\"name\":\"BANDE DE GAZ EXTENSIBLES EVOCARE (Bo\u00eete de 20) 5cm x 4m\"}]},{\"@type\":\"WebSite\",\"@id\":\"https:\\\/\\\/sublimationsoinsexperts.com\\\/#website\",\"url\":\"https:\\\/\\\/sublimationsoinsexperts.com\\\/\",\"name\":\"Sublimation soins experts\",\"description\":\"\",\"potentialAction\":[{\"@type\":\"SearchAction\",\"target\":{\"@type\":\"EntryPoint\",\"urlTemplate\":\"https:\\\/\\\/sublimationsoinsexperts.com\\\/?s={search_term_string}\"},\"query-input\":{\"@type\":\"PropertyValueSpecification\",\"valueRequired\":true,\"valueName\":\"search_term_string\"}}],\"inLanguage\":\"fr-FR\"}]}<\/script>\n<!-- \/ Yoast SEO plugin. -->","yoast_head_json":{"title":"BANDE DE GAZ EXTENSIBLES EVOCARE (Bo\u00eete de 20) 5cm x 4m - Sublimation soins experts","robots":{"index":"index","follow":"follow","max-snippet":"max-snippet:-1","max-image-preview":"max-image-preview:large","max-video-preview":"max-video-preview:-1"},"canonical":"https:\/\/sublimationsoinsexperts.com\/index.php\/product\/bande-de-gaz-extensibles-evocare-boite-de-20-5cm-x-4m\/","og_locale":"fr_FR","og_type":"article","og_title":"BANDE DE GAZ EXTENSIBLES EVOCARE (Bo\u00eete de 20) 5cm x 4m - Sublimation soins experts","og_description":"\u2022 Bande de viscose ourl\u00e9e qui doit son excellente \u00e9lasticit\u00e9 en longueur \u00e0 l\u2019utilisation de fils de polyamide et de viscose. \u2022 Emballage individuel sous cello. \u2022 Non st\u00e9rile. &nbsp; REF : S 526.120","og_url":"https:\/\/sublimationsoinsexperts.com\/index.php\/product\/bande-de-gaz-extensibles-evocare-boite-de-20-5cm-x-4m\/","og_site_name":"Sublimation soins experts","article_modified_time":"2024-04-16T18:57:05+00:00","og_image":[{"width":377,"height":400,"url":"http:\/\/sublimationsoinsexperts.com\/wp-content\/uploads\/2024\/01\/S526.120_2-BANDE-EXTENSIBLE-5cm-X-4m.jpg","type":"image\/jpeg"}],"twitter_card":"summary_large_image","twitter_misc":{"Dur\u00e9e de lecture estim\u00e9e":"1 minute"},"schema":{"@context":"https:\/\/schema.org","@graph":[{"@type":"WebPage","@id":"https:\/\/sublimationsoinsexperts.com\/index.php\/product\/bande-de-gaz-extensibles-evocare-boite-de-20-5cm-x-4m\/","url":"https:\/\/sublimationsoinsexperts.com\/index.php\/product\/bande-de-gaz-extensibles-evocare-boite-de-20-5cm-x-4m\/","name":"BANDE DE GAZ EXTENSIBLES EVOCARE (Bo\u00eete de 20) 5cm x 4m - Sublimation soins experts","isPartOf":{"@id":"https:\/\/sublimationsoinsexperts.com\/#website"},"primaryImageOfPage":{"@id":"https:\/\/sublimationsoinsexperts.com\/index.php\/product\/bande-de-gaz-extensibles-evocare-boite-de-20-5cm-x-4m\/#primaryimage"},"image":{"@id":"https:\/\/sublimationsoinsexperts.com\/index.php\/product\/bande-de-gaz-extensibles-evocare-boite-de-20-5cm-x-4m\/#primaryimage"},"thumbnailUrl":"https:\/\/sublimationsoinsexperts.com\/wp-content\/uploads\/2024\/01\/S526.120_2-BANDE-EXTENSIBLE-5cm-X-4m.jpg","datePublished":"2024-01-24T15:03:44+00:00","dateModified":"2024-04-16T18:57:05+00:00","breadcrumb":{"@id":"https:\/\/sublimationsoinsexperts.com\/index.php\/product\/bande-de-gaz-extensibles-evocare-boite-de-20-5cm-x-4m\/#breadcrumb"},"inLanguage":"fr-FR","potentialAction":[{"@type":"ReadAction","target":["https:\/\/sublimationsoinsexperts.com\/index.php\/product\/bande-de-gaz-extensibles-evocare-boite-de-20-5cm-x-4m\/"]}]},{"@type":"ImageObject","inLanguage":"fr-FR","@id":"https:\/\/sublimationsoinsexperts.com\/index.php\/product\/bande-de-gaz-extensibles-evocare-boite-de-20-5cm-x-4m\/#primaryimage","url":"https:\/\/sublimationsoinsexperts.com\/wp-content\/uploads\/2024\/01\/S526.120_2-BANDE-EXTENSIBLE-5cm-X-4m.jpg","contentUrl":"https:\/\/sublimationsoinsexperts.com\/wp-content\/uploads\/2024\/01\/S526.120_2-BANDE-EXTENSIBLE-5cm-X-4m.jpg","width":377,"height":400},{"@type":"BreadcrumbList","@id":"https:\/\/sublimationsoinsexperts.com\/index.php\/product\/bande-de-gaz-extensibles-evocare-boite-de-20-5cm-x-4m\/#breadcrumb","itemListElement":[{"@type":"ListItem","position":1,"name":"Accueil","item":"https:\/\/sublimationsoinsexperts.com\/"},{"@type":"ListItem","position":2,"name":"Shop","item":"https:\/\/sublimationsoinsexperts.com\/index.php\/shop\/"},{"@type":"ListItem","position":3,"name":"BANDE DE GAZ EXTENSIBLES EVOCARE (Bo\u00eete de 20) 5cm x 4m"}]},{"@type":"WebSite","@id":"https:\/\/sublimationsoinsexperts.com\/#website","url":"https:\/\/sublimationsoinsexperts.com\/","name":"Sublimation soins experts","description":"","potentialAction":[{"@type":"SearchAction","target":{"@type":"EntryPoint","urlTemplate":"https:\/\/sublimationsoinsexperts.com\/?s={search_term_string}"},"query-input":{"@type":"PropertyValueSpecification","valueRequired":true,"valueName":"search_term_string"}}],"inLanguage":"fr-FR"}]}},"_links":{"self":[{"href":"https:\/\/sublimationsoinsexperts.com\/index.php\/wp-json\/wp\/v2\/product\/1854","targetHints":{"allow":["GET"]}}],"collection":[{"href":"https:\/\/sublimationsoinsexperts.com\/index.php\/wp-json\/wp\/v2\/product"}],"about":[{"href":"https:\/\/sublimationsoinsexperts.com\/index.php\/wp-json\/wp\/v2\/types\/product"}],"replies":[{"embeddable":true,"href":"https:\/\/sublimationsoinsexperts.com\/index.php\/wp-json\/wp\/v2\/comments?post=1854"}],"wp:featuredmedia":[{"embeddable":true,"href":"https:\/\/sublimationsoinsexperts.com\/index.php\/wp-json\/wp\/v2\/media\/1856"}],"wp:attachment":[{"href":"https:\/\/sublimationsoinsexperts.com\/index.php\/wp-json\/wp\/v2\/media?parent=1854"}],"wp:term":[{"taxonomy":"product_brand","embeddable":true,"href":"https:\/\/sublimationsoinsexperts.com\/index.php\/wp-json\/wp\/v2\/product_brand?post=1854"},{"taxonomy":"product_cat","embeddable":true,"href":"https:\/\/sublimationsoinsexperts.com\/index.php\/wp-json\/wp\/v2\/product_cat?post=1854"},{"taxonomy":"product_tag","embeddable":true,"href":"https:\/\/sublimationsoinsexperts.com\/index.php\/wp-json\/wp\/v2\/product_tag?post=1854"}],"curies":[{"name":"wp","href":"https:\/\/api.w.org\/{rel}","templated":true}]}}