{"id":1865,"date":"2024-01-24T17:43:43","date_gmt":"2024-01-24T17:43:43","guid":{"rendered":"https:\/\/sublimationsoinsexperts.com\/?post_type=product&#038;p=1865"},"modified":"2024-04-16T19:56:17","modified_gmt":"2024-04-16T18:56:17","slug":"rouleau-de-sparadrap-extensible-10-cm-x-10-m","status":"publish","type":"product","link":"https:\/\/sublimationsoinsexperts.com\/index.php\/product\/rouleau-de-sparadrap-extensible-10-cm-x-10-m\/","title":{"rendered":"ROULEAU DE SPARADRAP EXTENSIBLE"},"content":{"rendered":"<p>\u2022 Non-st\u00e9rile.<br \/>\n\u2022 Pansement adh\u00e9sif hypoallerg\u00e9nique \u00e0 fixation non tiss\u00e9e.<br \/>\n\u2022 La structure perfor\u00e9e offre une flexibilit\u00e9 extr\u00eame et une adaptation aux contours de la peau, ainsi qu&rsquo;une bonne ventilation de la peau sous-jacente.<br \/>\n\u2022 Convient \u00e0 la fixation de bandages, compresses, cath\u00e9ters, tuyaux flexibles ou dispositifs sur la peau.<\/p>\n<p>&nbsp;<\/p>\n<p>&nbsp;<\/p>\n","protected":false},"excerpt":{"rendered":"<p>\u2022 Non-st\u00e9rile. \u2022 Pansement adh\u00e9sif hypoallerg\u00e9nique \u00e0 fixation non tiss\u00e9e. \u2022 La structure perfor\u00e9e offre une flexibilit\u00e9 extr\u00eame et une adaptation aux contours de la peau, ainsi qu&rsquo;une bonne ventilation de la peau sous-jacente. \u2022 Convient \u00e0 la fixation de bandages, compresses, cath\u00e9ters, tuyaux flexibles ou dispositifs sur la peau. &nbsp; &nbsp;<\/p>\n","protected":false},"featured_media":1864,"comment_status":"open","ping_status":"closed","template":"","meta":[],"product_brand":[],"product_cat":[157,40,17],"product_tag":[],"class_list":{"0":"post-1865","1":"product","2":"type-product","3":"status-publish","4":"has-post-thumbnail","6":"product_cat-adhesifs-en-rouleau","7":"product_cat-gestion-de-la-plaie","8":"product_cat-soin","10":"first","11":"instock","12":"shipping-taxable","13":"purchasable","14":"product-type-variable"},"yoast_head":"<!-- This site is optimized with the Yoast SEO plugin v27.5 - https:\/\/yoast.com\/product\/yoast-seo-wordpress\/ -->\n<title>ROULEAU DE SPARADRAP EXTENSIBLE - Sublimation soins experts<\/title>\n<meta name=\"robots\" content=\"index, follow, max-snippet:-1, max-image-preview:large, max-video-preview:-1\" \/>\n<link rel=\"canonical\" href=\"https:\/\/sublimationsoinsexperts.com\/index.php\/product\/rouleau-de-sparadrap-extensible-10-cm-x-10-m\/\" \/>\n<meta property=\"og:locale\" content=\"fr_FR\" \/>\n<meta property=\"og:type\" content=\"article\" \/>\n<meta property=\"og:title\" content=\"ROULEAU DE SPARADRAP EXTENSIBLE - Sublimation soins experts\" \/>\n<meta property=\"og:description\" content=\"\u2022 Non-st\u00e9rile. \u2022 Pansement adh\u00e9sif hypoallerg\u00e9nique \u00e0 fixation non tiss\u00e9e. \u2022 La structure perfor\u00e9e offre une flexibilit\u00e9 extr\u00eame et une adaptation aux contours de la peau, ainsi qu&rsquo;une bonne ventilation de la peau sous-jacente. \u2022 Convient \u00e0 la fixation de bandages, compresses, cath\u00e9ters, tuyaux flexibles ou dispositifs sur la peau. &nbsp; &nbsp;\" \/>\n<meta property=\"og:url\" content=\"https:\/\/sublimationsoinsexperts.com\/index.php\/product\/rouleau-de-sparadrap-extensible-10-cm-x-10-m\/\" \/>\n<meta property=\"og:site_name\" content=\"Sublimation soins experts\" \/>\n<meta property=\"article:modified_time\" content=\"2024-04-16T18:56:17+00:00\" \/>\n<meta property=\"og:image\" content=\"http:\/\/sublimationsoinsexperts.com\/wp-content\/uploads\/2024\/01\/S510.209_-ROULEAU-SPARADRAP-EXTENSIBLE-10-cm-x-10-m.jpg\" \/>\n\t<meta property=\"og:image:width\" content=\"400\" \/>\n\t<meta property=\"og:image:height\" content=\"252\" \/>\n\t<meta property=\"og:image:type\" content=\"image\/jpeg\" \/>\n<meta name=\"twitter:card\" content=\"summary_large_image\" \/>\n<meta name=\"twitter:label1\" content=\"Dur\u00e9e de lecture estim\u00e9e\" \/>\n\t<meta name=\"twitter:data1\" content=\"1 minute\" \/>\n<script type=\"application\/ld+json\" class=\"yoast-schema-graph\">{\"@context\":\"https:\\\/\\\/schema.org\",\"@graph\":[{\"@type\":\"WebPage\",\"@id\":\"https:\\\/\\\/sublimationsoinsexperts.com\\\/index.php\\\/product\\\/rouleau-de-sparadrap-extensible-10-cm-x-10-m\\\/\",\"url\":\"https:\\\/\\\/sublimationsoinsexperts.com\\\/index.php\\\/product\\\/rouleau-de-sparadrap-extensible-10-cm-x-10-m\\\/\",\"name\":\"ROULEAU DE SPARADRAP EXTENSIBLE - Sublimation soins experts\",\"isPartOf\":{\"@id\":\"https:\\\/\\\/sublimationsoinsexperts.com\\\/#website\"},\"primaryImageOfPage\":{\"@id\":\"https:\\\/\\\/sublimationsoinsexperts.com\\\/index.php\\\/product\\\/rouleau-de-sparadrap-extensible-10-cm-x-10-m\\\/#primaryimage\"},\"image\":{\"@id\":\"https:\\\/\\\/sublimationsoinsexperts.com\\\/index.php\\\/product\\\/rouleau-de-sparadrap-extensible-10-cm-x-10-m\\\/#primaryimage\"},\"thumbnailUrl\":\"https:\\\/\\\/sublimationsoinsexperts.com\\\/wp-content\\\/uploads\\\/2024\\\/01\\\/S510.209_-ROULEAU-SPARADRAP-EXTENSIBLE-10-cm-x-10-m.jpg\",\"datePublished\":\"2024-01-24T17:43:43+00:00\",\"dateModified\":\"2024-04-16T18:56:17+00:00\",\"breadcrumb\":{\"@id\":\"https:\\\/\\\/sublimationsoinsexperts.com\\\/index.php\\\/product\\\/rouleau-de-sparadrap-extensible-10-cm-x-10-m\\\/#breadcrumb\"},\"inLanguage\":\"fr-FR\",\"potentialAction\":[{\"@type\":\"ReadAction\",\"target\":[\"https:\\\/\\\/sublimationsoinsexperts.com\\\/index.php\\\/product\\\/rouleau-de-sparadrap-extensible-10-cm-x-10-m\\\/\"]}]},{\"@type\":\"ImageObject\",\"inLanguage\":\"fr-FR\",\"@id\":\"https:\\\/\\\/sublimationsoinsexperts.com\\\/index.php\\\/product\\\/rouleau-de-sparadrap-extensible-10-cm-x-10-m\\\/#primaryimage\",\"url\":\"https:\\\/\\\/sublimationsoinsexperts.com\\\/wp-content\\\/uploads\\\/2024\\\/01\\\/S510.209_-ROULEAU-SPARADRAP-EXTENSIBLE-10-cm-x-10-m.jpg\",\"contentUrl\":\"https:\\\/\\\/sublimationsoinsexperts.com\\\/wp-content\\\/uploads\\\/2024\\\/01\\\/S510.209_-ROULEAU-SPARADRAP-EXTENSIBLE-10-cm-x-10-m.jpg\",\"width\":400,\"height\":252},{\"@type\":\"BreadcrumbList\",\"@id\":\"https:\\\/\\\/sublimationsoinsexperts.com\\\/index.php\\\/product\\\/rouleau-de-sparadrap-extensible-10-cm-x-10-m\\\/#breadcrumb\",\"itemListElement\":[{\"@type\":\"ListItem\",\"position\":1,\"name\":\"Accueil\",\"item\":\"https:\\\/\\\/sublimationsoinsexperts.com\\\/\"},{\"@type\":\"ListItem\",\"position\":2,\"name\":\"Shop\",\"item\":\"https:\\\/\\\/sublimationsoinsexperts.com\\\/index.php\\\/shop\\\/\"},{\"@type\":\"ListItem\",\"position\":3,\"name\":\"ROULEAU DE SPARADRAP EXTENSIBLE\"}]},{\"@type\":\"WebSite\",\"@id\":\"https:\\\/\\\/sublimationsoinsexperts.com\\\/#website\",\"url\":\"https:\\\/\\\/sublimationsoinsexperts.com\\\/\",\"name\":\"Sublimation soins experts\",\"description\":\"\",\"potentialAction\":[{\"@type\":\"SearchAction\",\"target\":{\"@type\":\"EntryPoint\",\"urlTemplate\":\"https:\\\/\\\/sublimationsoinsexperts.com\\\/?s={search_term_string}\"},\"query-input\":{\"@type\":\"PropertyValueSpecification\",\"valueRequired\":true,\"valueName\":\"search_term_string\"}}],\"inLanguage\":\"fr-FR\"}]}<\/script>\n<!-- \/ Yoast SEO plugin. -->","yoast_head_json":{"title":"ROULEAU DE SPARADRAP EXTENSIBLE - Sublimation soins experts","robots":{"index":"index","follow":"follow","max-snippet":"max-snippet:-1","max-image-preview":"max-image-preview:large","max-video-preview":"max-video-preview:-1"},"canonical":"https:\/\/sublimationsoinsexperts.com\/index.php\/product\/rouleau-de-sparadrap-extensible-10-cm-x-10-m\/","og_locale":"fr_FR","og_type":"article","og_title":"ROULEAU DE SPARADRAP EXTENSIBLE - Sublimation soins experts","og_description":"\u2022 Non-st\u00e9rile. \u2022 Pansement adh\u00e9sif hypoallerg\u00e9nique \u00e0 fixation non tiss\u00e9e. \u2022 La structure perfor\u00e9e offre une flexibilit\u00e9 extr\u00eame et une adaptation aux contours de la peau, ainsi qu&rsquo;une bonne ventilation de la peau sous-jacente. \u2022 Convient \u00e0 la fixation de bandages, compresses, cath\u00e9ters, tuyaux flexibles ou dispositifs sur la peau. &nbsp; &nbsp;","og_url":"https:\/\/sublimationsoinsexperts.com\/index.php\/product\/rouleau-de-sparadrap-extensible-10-cm-x-10-m\/","og_site_name":"Sublimation soins experts","article_modified_time":"2024-04-16T18:56:17+00:00","og_image":[{"width":400,"height":252,"url":"http:\/\/sublimationsoinsexperts.com\/wp-content\/uploads\/2024\/01\/S510.209_-ROULEAU-SPARADRAP-EXTENSIBLE-10-cm-x-10-m.jpg","type":"image\/jpeg"}],"twitter_card":"summary_large_image","twitter_misc":{"Dur\u00e9e de lecture estim\u00e9e":"1 minute"},"schema":{"@context":"https:\/\/schema.org","@graph":[{"@type":"WebPage","@id":"https:\/\/sublimationsoinsexperts.com\/index.php\/product\/rouleau-de-sparadrap-extensible-10-cm-x-10-m\/","url":"https:\/\/sublimationsoinsexperts.com\/index.php\/product\/rouleau-de-sparadrap-extensible-10-cm-x-10-m\/","name":"ROULEAU DE SPARADRAP EXTENSIBLE - Sublimation soins experts","isPartOf":{"@id":"https:\/\/sublimationsoinsexperts.com\/#website"},"primaryImageOfPage":{"@id":"https:\/\/sublimationsoinsexperts.com\/index.php\/product\/rouleau-de-sparadrap-extensible-10-cm-x-10-m\/#primaryimage"},"image":{"@id":"https:\/\/sublimationsoinsexperts.com\/index.php\/product\/rouleau-de-sparadrap-extensible-10-cm-x-10-m\/#primaryimage"},"thumbnailUrl":"https:\/\/sublimationsoinsexperts.com\/wp-content\/uploads\/2024\/01\/S510.209_-ROULEAU-SPARADRAP-EXTENSIBLE-10-cm-x-10-m.jpg","datePublished":"2024-01-24T17:43:43+00:00","dateModified":"2024-04-16T18:56:17+00:00","breadcrumb":{"@id":"https:\/\/sublimationsoinsexperts.com\/index.php\/product\/rouleau-de-sparadrap-extensible-10-cm-x-10-m\/#breadcrumb"},"inLanguage":"fr-FR","potentialAction":[{"@type":"ReadAction","target":["https:\/\/sublimationsoinsexperts.com\/index.php\/product\/rouleau-de-sparadrap-extensible-10-cm-x-10-m\/"]}]},{"@type":"ImageObject","inLanguage":"fr-FR","@id":"https:\/\/sublimationsoinsexperts.com\/index.php\/product\/rouleau-de-sparadrap-extensible-10-cm-x-10-m\/#primaryimage","url":"https:\/\/sublimationsoinsexperts.com\/wp-content\/uploads\/2024\/01\/S510.209_-ROULEAU-SPARADRAP-EXTENSIBLE-10-cm-x-10-m.jpg","contentUrl":"https:\/\/sublimationsoinsexperts.com\/wp-content\/uploads\/2024\/01\/S510.209_-ROULEAU-SPARADRAP-EXTENSIBLE-10-cm-x-10-m.jpg","width":400,"height":252},{"@type":"BreadcrumbList","@id":"https:\/\/sublimationsoinsexperts.com\/index.php\/product\/rouleau-de-sparadrap-extensible-10-cm-x-10-m\/#breadcrumb","itemListElement":[{"@type":"ListItem","position":1,"name":"Accueil","item":"https:\/\/sublimationsoinsexperts.com\/"},{"@type":"ListItem","position":2,"name":"Shop","item":"https:\/\/sublimationsoinsexperts.com\/index.php\/shop\/"},{"@type":"ListItem","position":3,"name":"ROULEAU DE SPARADRAP EXTENSIBLE"}]},{"@type":"WebSite","@id":"https:\/\/sublimationsoinsexperts.com\/#website","url":"https:\/\/sublimationsoinsexperts.com\/","name":"Sublimation soins experts","description":"","potentialAction":[{"@type":"SearchAction","target":{"@type":"EntryPoint","urlTemplate":"https:\/\/sublimationsoinsexperts.com\/?s={search_term_string}"},"query-input":{"@type":"PropertyValueSpecification","valueRequired":true,"valueName":"search_term_string"}}],"inLanguage":"fr-FR"}]}},"_links":{"self":[{"href":"https:\/\/sublimationsoinsexperts.com\/index.php\/wp-json\/wp\/v2\/product\/1865","targetHints":{"allow":["GET"]}}],"collection":[{"href":"https:\/\/sublimationsoinsexperts.com\/index.php\/wp-json\/wp\/v2\/product"}],"about":[{"href":"https:\/\/sublimationsoinsexperts.com\/index.php\/wp-json\/wp\/v2\/types\/product"}],"replies":[{"embeddable":true,"href":"https:\/\/sublimationsoinsexperts.com\/index.php\/wp-json\/wp\/v2\/comments?post=1865"}],"wp:featuredmedia":[{"embeddable":true,"href":"https:\/\/sublimationsoinsexperts.com\/index.php\/wp-json\/wp\/v2\/media\/1864"}],"wp:attachment":[{"href":"https:\/\/sublimationsoinsexperts.com\/index.php\/wp-json\/wp\/v2\/media?parent=1865"}],"wp:term":[{"taxonomy":"product_brand","embeddable":true,"href":"https:\/\/sublimationsoinsexperts.com\/index.php\/wp-json\/wp\/v2\/product_brand?post=1865"},{"taxonomy":"product_cat","embeddable":true,"href":"https:\/\/sublimationsoinsexperts.com\/index.php\/wp-json\/wp\/v2\/product_cat?post=1865"},{"taxonomy":"product_tag","embeddable":true,"href":"https:\/\/sublimationsoinsexperts.com\/index.php\/wp-json\/wp\/v2\/product_tag?post=1865"}],"curies":[{"name":"wp","href":"https:\/\/api.w.org\/{rel}","templated":true}]}}