{"id":1882,"date":"2024-01-24T21:49:32","date_gmt":"2024-01-24T21:49:32","guid":{"rendered":"https:\/\/sublimationsoinsexperts.com\/?post_type=product&#038;p=1882"},"modified":"2024-02-08T23:25:39","modified_gmt":"2024-02-08T23:25:39","slug":"catheter-saf-t-intima","status":"publish","type":"product","link":"https:\/\/sublimationsoinsexperts.com\/index.php\/product\/catheter-saf-t-intima\/","title":{"rendered":"CATHETER SAF-T-Intima"},"content":{"rendered":"<p>\u2022 Le cath\u00e9ter BD Saf-T-Intima est utilis\u00e9 pour le traitement par perfusion \u00e0 long terme par voie intraveineuse.<br \/>\n\u2022 \u00c9galement utilis\u00e9 pour l&rsquo;administration sous-cutan\u00e9e, par exemple, de morphine.<br \/>\n\u2022 Ce produit peut \u00e9galement \u00eatre utilis\u00e9 pour l&rsquo;hypodermoclyse.<br \/>\n\u2022 Le Saf-T-Intima est \u00e9quip\u00e9 d&rsquo;un syst\u00e8me de s\u00e9curit\u00e9 pour r\u00e9duire le risque de blessures par piq\u00fbre d&rsquo;aiguille.<br \/>\n\u2022 Double ailette de fixation souples et plates<\/p>\n<p>\u2022 Cath\u00e9ter en polyur\u00e9thane<br \/>\n\u2022 Volume mort: 0,2 ml<\/p>\n<p>&nbsp;<\/p>\n<p>&nbsp;<\/p>\n","protected":false},"excerpt":{"rendered":"<p>\u2022 Le cath\u00e9ter BD Saf-T-Intima est utilis\u00e9 pour le traitement par perfusion \u00e0 long terme par voie intraveineuse. \u2022 \u00c9galement utilis\u00e9 pour l&rsquo;administration sous-cutan\u00e9e, par exemple, de morphine. \u2022 Ce produit peut \u00e9galement \u00eatre utilis\u00e9 pour l&rsquo;hypodermoclyse. \u2022 Le Saf-T-Intima est \u00e9quip\u00e9 d&rsquo;un syst\u00e8me de s\u00e9curit\u00e9 pour r\u00e9duire le risque de blessures par piq\u00fbre d&rsquo;aiguille. [&hellip;]<\/p>\n","protected":false},"featured_media":1895,"comment_status":"open","ping_status":"closed","template":"","meta":[],"product_brand":[],"product_cat":[18],"product_tag":[],"class_list":{"0":"post-1882","1":"product","2":"type-product","3":"status-publish","4":"has-post-thumbnail","6":"product_cat-materiel-dinjection-et-de-prelevement","8":"first","9":"instock","10":"shipping-taxable","11":"purchasable","12":"product-type-variable"},"yoast_head":"<!-- This site is optimized with the Yoast SEO plugin v27.4 - https:\/\/yoast.com\/product\/yoast-seo-wordpress\/ -->\n<title>CATHETER SAF-T-Intima - Sublimation soins experts<\/title>\n<meta name=\"robots\" content=\"index, follow, max-snippet:-1, max-image-preview:large, max-video-preview:-1\" \/>\n<link rel=\"canonical\" href=\"https:\/\/sublimationsoinsexperts.com\/index.php\/product\/catheter-saf-t-intima\/\" \/>\n<meta property=\"og:locale\" content=\"fr_FR\" \/>\n<meta property=\"og:type\" content=\"article\" \/>\n<meta property=\"og:title\" content=\"CATHETER SAF-T-Intima - Sublimation soins experts\" \/>\n<meta property=\"og:description\" content=\"\u2022 Le cath\u00e9ter BD Saf-T-Intima est utilis\u00e9 pour le traitement par perfusion \u00e0 long terme par voie intraveineuse. \u2022 \u00c9galement utilis\u00e9 pour l&rsquo;administration sous-cutan\u00e9e, par exemple, de morphine. \u2022 Ce produit peut \u00e9galement \u00eatre utilis\u00e9 pour l&rsquo;hypodermoclyse. \u2022 Le Saf-T-Intima est \u00e9quip\u00e9 d&rsquo;un syst\u00e8me de s\u00e9curit\u00e9 pour r\u00e9duire le risque de blessures par piq\u00fbre d&rsquo;aiguille. [&hellip;]\" \/>\n<meta property=\"og:url\" content=\"https:\/\/sublimationsoinsexperts.com\/index.php\/product\/catheter-saf-t-intima\/\" \/>\n<meta property=\"og:site_name\" content=\"Sublimation soins experts\" \/>\n<meta property=\"article:modified_time\" content=\"2024-02-08T23:25:39+00:00\" \/>\n<meta property=\"og:image\" content=\"http:\/\/sublimationsoinsexperts.com\/wp-content\/uploads\/2024\/01\/S776.002_-MICROPERFUSEUR-DOUBLE-VOIE-22-G.jpg\" \/>\n\t<meta property=\"og:image:width\" content=\"400\" \/>\n\t<meta property=\"og:image:height\" content=\"397\" \/>\n\t<meta property=\"og:image:type\" content=\"image\/jpeg\" \/>\n<meta name=\"twitter:card\" content=\"summary_large_image\" \/>\n<meta name=\"twitter:label1\" content=\"Dur\u00e9e de lecture estim\u00e9e\" \/>\n\t<meta name=\"twitter:data1\" content=\"1 minute\" \/>\n<script type=\"application\/ld+json\" class=\"yoast-schema-graph\">{\"@context\":\"https:\\\/\\\/schema.org\",\"@graph\":[{\"@type\":\"WebPage\",\"@id\":\"https:\\\/\\\/sublimationsoinsexperts.com\\\/index.php\\\/product\\\/catheter-saf-t-intima\\\/\",\"url\":\"https:\\\/\\\/sublimationsoinsexperts.com\\\/index.php\\\/product\\\/catheter-saf-t-intima\\\/\",\"name\":\"CATHETER SAF-T-Intima - Sublimation soins experts\",\"isPartOf\":{\"@id\":\"https:\\\/\\\/sublimationsoinsexperts.com\\\/#website\"},\"primaryImageOfPage\":{\"@id\":\"https:\\\/\\\/sublimationsoinsexperts.com\\\/index.php\\\/product\\\/catheter-saf-t-intima\\\/#primaryimage\"},\"image\":{\"@id\":\"https:\\\/\\\/sublimationsoinsexperts.com\\\/index.php\\\/product\\\/catheter-saf-t-intima\\\/#primaryimage\"},\"thumbnailUrl\":\"https:\\\/\\\/sublimationsoinsexperts.com\\\/wp-content\\\/uploads\\\/2024\\\/01\\\/S776.002_-MICROPERFUSEUR-DOUBLE-VOIE-22-G.jpg\",\"datePublished\":\"2024-01-24T21:49:32+00:00\",\"dateModified\":\"2024-02-08T23:25:39+00:00\",\"breadcrumb\":{\"@id\":\"https:\\\/\\\/sublimationsoinsexperts.com\\\/index.php\\\/product\\\/catheter-saf-t-intima\\\/#breadcrumb\"},\"inLanguage\":\"fr-FR\",\"potentialAction\":[{\"@type\":\"ReadAction\",\"target\":[\"https:\\\/\\\/sublimationsoinsexperts.com\\\/index.php\\\/product\\\/catheter-saf-t-intima\\\/\"]}]},{\"@type\":\"ImageObject\",\"inLanguage\":\"fr-FR\",\"@id\":\"https:\\\/\\\/sublimationsoinsexperts.com\\\/index.php\\\/product\\\/catheter-saf-t-intima\\\/#primaryimage\",\"url\":\"https:\\\/\\\/sublimationsoinsexperts.com\\\/wp-content\\\/uploads\\\/2024\\\/01\\\/S776.002_-MICROPERFUSEUR-DOUBLE-VOIE-22-G.jpg\",\"contentUrl\":\"https:\\\/\\\/sublimationsoinsexperts.com\\\/wp-content\\\/uploads\\\/2024\\\/01\\\/S776.002_-MICROPERFUSEUR-DOUBLE-VOIE-22-G.jpg\",\"width\":400,\"height\":397},{\"@type\":\"BreadcrumbList\",\"@id\":\"https:\\\/\\\/sublimationsoinsexperts.com\\\/index.php\\\/product\\\/catheter-saf-t-intima\\\/#breadcrumb\",\"itemListElement\":[{\"@type\":\"ListItem\",\"position\":1,\"name\":\"Accueil\",\"item\":\"https:\\\/\\\/sublimationsoinsexperts.com\\\/\"},{\"@type\":\"ListItem\",\"position\":2,\"name\":\"Shop\",\"item\":\"https:\\\/\\\/sublimationsoinsexperts.com\\\/index.php\\\/shop\\\/\"},{\"@type\":\"ListItem\",\"position\":3,\"name\":\"CATHETER SAF-T-Intima\"}]},{\"@type\":\"WebSite\",\"@id\":\"https:\\\/\\\/sublimationsoinsexperts.com\\\/#website\",\"url\":\"https:\\\/\\\/sublimationsoinsexperts.com\\\/\",\"name\":\"Sublimation soins experts\",\"description\":\"\",\"potentialAction\":[{\"@type\":\"SearchAction\",\"target\":{\"@type\":\"EntryPoint\",\"urlTemplate\":\"https:\\\/\\\/sublimationsoinsexperts.com\\\/?s={search_term_string}\"},\"query-input\":{\"@type\":\"PropertyValueSpecification\",\"valueRequired\":true,\"valueName\":\"search_term_string\"}}],\"inLanguage\":\"fr-FR\"}]}<\/script>\n<!-- \/ Yoast SEO plugin. -->","yoast_head_json":{"title":"CATHETER SAF-T-Intima - Sublimation soins experts","robots":{"index":"index","follow":"follow","max-snippet":"max-snippet:-1","max-image-preview":"max-image-preview:large","max-video-preview":"max-video-preview:-1"},"canonical":"https:\/\/sublimationsoinsexperts.com\/index.php\/product\/catheter-saf-t-intima\/","og_locale":"fr_FR","og_type":"article","og_title":"CATHETER SAF-T-Intima - Sublimation soins experts","og_description":"\u2022 Le cath\u00e9ter BD Saf-T-Intima est utilis\u00e9 pour le traitement par perfusion \u00e0 long terme par voie intraveineuse. \u2022 \u00c9galement utilis\u00e9 pour l&rsquo;administration sous-cutan\u00e9e, par exemple, de morphine. \u2022 Ce produit peut \u00e9galement \u00eatre utilis\u00e9 pour l&rsquo;hypodermoclyse. \u2022 Le Saf-T-Intima est \u00e9quip\u00e9 d&rsquo;un syst\u00e8me de s\u00e9curit\u00e9 pour r\u00e9duire le risque de blessures par piq\u00fbre d&rsquo;aiguille. [&hellip;]","og_url":"https:\/\/sublimationsoinsexperts.com\/index.php\/product\/catheter-saf-t-intima\/","og_site_name":"Sublimation soins experts","article_modified_time":"2024-02-08T23:25:39+00:00","og_image":[{"width":400,"height":397,"url":"http:\/\/sublimationsoinsexperts.com\/wp-content\/uploads\/2024\/01\/S776.002_-MICROPERFUSEUR-DOUBLE-VOIE-22-G.jpg","type":"image\/jpeg"}],"twitter_card":"summary_large_image","twitter_misc":{"Dur\u00e9e de lecture estim\u00e9e":"1 minute"},"schema":{"@context":"https:\/\/schema.org","@graph":[{"@type":"WebPage","@id":"https:\/\/sublimationsoinsexperts.com\/index.php\/product\/catheter-saf-t-intima\/","url":"https:\/\/sublimationsoinsexperts.com\/index.php\/product\/catheter-saf-t-intima\/","name":"CATHETER SAF-T-Intima - Sublimation soins experts","isPartOf":{"@id":"https:\/\/sublimationsoinsexperts.com\/#website"},"primaryImageOfPage":{"@id":"https:\/\/sublimationsoinsexperts.com\/index.php\/product\/catheter-saf-t-intima\/#primaryimage"},"image":{"@id":"https:\/\/sublimationsoinsexperts.com\/index.php\/product\/catheter-saf-t-intima\/#primaryimage"},"thumbnailUrl":"https:\/\/sublimationsoinsexperts.com\/wp-content\/uploads\/2024\/01\/S776.002_-MICROPERFUSEUR-DOUBLE-VOIE-22-G.jpg","datePublished":"2024-01-24T21:49:32+00:00","dateModified":"2024-02-08T23:25:39+00:00","breadcrumb":{"@id":"https:\/\/sublimationsoinsexperts.com\/index.php\/product\/catheter-saf-t-intima\/#breadcrumb"},"inLanguage":"fr-FR","potentialAction":[{"@type":"ReadAction","target":["https:\/\/sublimationsoinsexperts.com\/index.php\/product\/catheter-saf-t-intima\/"]}]},{"@type":"ImageObject","inLanguage":"fr-FR","@id":"https:\/\/sublimationsoinsexperts.com\/index.php\/product\/catheter-saf-t-intima\/#primaryimage","url":"https:\/\/sublimationsoinsexperts.com\/wp-content\/uploads\/2024\/01\/S776.002_-MICROPERFUSEUR-DOUBLE-VOIE-22-G.jpg","contentUrl":"https:\/\/sublimationsoinsexperts.com\/wp-content\/uploads\/2024\/01\/S776.002_-MICROPERFUSEUR-DOUBLE-VOIE-22-G.jpg","width":400,"height":397},{"@type":"BreadcrumbList","@id":"https:\/\/sublimationsoinsexperts.com\/index.php\/product\/catheter-saf-t-intima\/#breadcrumb","itemListElement":[{"@type":"ListItem","position":1,"name":"Accueil","item":"https:\/\/sublimationsoinsexperts.com\/"},{"@type":"ListItem","position":2,"name":"Shop","item":"https:\/\/sublimationsoinsexperts.com\/index.php\/shop\/"},{"@type":"ListItem","position":3,"name":"CATHETER SAF-T-Intima"}]},{"@type":"WebSite","@id":"https:\/\/sublimationsoinsexperts.com\/#website","url":"https:\/\/sublimationsoinsexperts.com\/","name":"Sublimation soins experts","description":"","potentialAction":[{"@type":"SearchAction","target":{"@type":"EntryPoint","urlTemplate":"https:\/\/sublimationsoinsexperts.com\/?s={search_term_string}"},"query-input":{"@type":"PropertyValueSpecification","valueRequired":true,"valueName":"search_term_string"}}],"inLanguage":"fr-FR"}]}},"_links":{"self":[{"href":"https:\/\/sublimationsoinsexperts.com\/index.php\/wp-json\/wp\/v2\/product\/1882","targetHints":{"allow":["GET"]}}],"collection":[{"href":"https:\/\/sublimationsoinsexperts.com\/index.php\/wp-json\/wp\/v2\/product"}],"about":[{"href":"https:\/\/sublimationsoinsexperts.com\/index.php\/wp-json\/wp\/v2\/types\/product"}],"replies":[{"embeddable":true,"href":"https:\/\/sublimationsoinsexperts.com\/index.php\/wp-json\/wp\/v2\/comments?post=1882"}],"wp:featuredmedia":[{"embeddable":true,"href":"https:\/\/sublimationsoinsexperts.com\/index.php\/wp-json\/wp\/v2\/media\/1895"}],"wp:attachment":[{"href":"https:\/\/sublimationsoinsexperts.com\/index.php\/wp-json\/wp\/v2\/media?parent=1882"}],"wp:term":[{"taxonomy":"product_brand","embeddable":true,"href":"https:\/\/sublimationsoinsexperts.com\/index.php\/wp-json\/wp\/v2\/product_brand?post=1882"},{"taxonomy":"product_cat","embeddable":true,"href":"https:\/\/sublimationsoinsexperts.com\/index.php\/wp-json\/wp\/v2\/product_cat?post=1882"},{"taxonomy":"product_tag","embeddable":true,"href":"https:\/\/sublimationsoinsexperts.com\/index.php\/wp-json\/wp\/v2\/product_tag?post=1882"}],"curies":[{"name":"wp","href":"https:\/\/api.w.org\/{rel}","templated":true}]}}