{"id":1899,"date":"2024-01-24T23:12:43","date_gmt":"2024-01-24T23:12:43","guid":{"rendered":"https:\/\/sublimationsoinsexperts.com\/?post_type=product&#038;p=1899"},"modified":"2024-02-08T23:19:29","modified_gmt":"2024-02-08T23:19:29","slug":"aspirateur-de-secretion-aspira-plus","status":"publish","type":"product","link":"https:\/\/sublimationsoinsexperts.com\/index.php\/product\/aspirateur-de-secretion-aspira-plus\/","title":{"rendered":"ASPIRATEUR DE SECRETION Aspira Plus"},"content":{"rendered":"<p>\u2022 Facile \u00e0 transporter et l\u00e9ger.<br \/>\n\u2022 Dimensions: 32,5 x 12 x 23,5 cm.<br \/>\n\u2022 Capacit\u00e9 du r\u00e9cipient 1000 ml.<br \/>\n\u2022 Tension de fonctionnement: 230V\/ 50HZ.<br \/>\n\u2022 D\u00e9bit (litres\/min): 20l\/min.<br \/>\n\u2022 Aspiration: de -0,05 \u00e0 -0,83 bar.<br \/>\n\u2022 Niveau sonore max. 56dB.<br \/>\n\u2022 Poids: 2,4 kg.<br \/>\n\u2022 Accessoires inclus:<br \/>\n&#8211; R\u00e9cipient de 1000 cc st\u00e9rilisable, tube de silicone, r\u00e9gulateur, filtre antibact\u00e9rien<\/p>\n<p>REF 339.250<\/p>\n<p>&nbsp;<\/p>\n","protected":false},"excerpt":{"rendered":"<p>\u2022 Facile \u00e0 transporter et l\u00e9ger. \u2022 Dimensions: 32,5 x 12 x 23,5 cm. \u2022 Capacit\u00e9 du r\u00e9cipient 1000 ml. \u2022 Tension de fonctionnement: 230V\/ 50HZ. \u2022 D\u00e9bit (litres\/min): 20l\/min. \u2022 Aspiration: de -0,05 \u00e0 -0,83 bar. \u2022 Niveau sonore max. 56dB. \u2022 Poids: 2,4 kg. \u2022 Accessoires inclus: &#8211; R\u00e9cipient de 1000 cc st\u00e9rilisable, [&hellip;]<\/p>\n","protected":false},"featured_media":1900,"comment_status":"open","ping_status":"closed","template":"","meta":[],"product_brand":[],"product_cat":[39],"product_tag":[],"class_list":{"0":"post-1899","1":"product","2":"type-product","3":"status-publish","4":"has-post-thumbnail","6":"product_cat-diagnostic-et-therapie","8":"first","9":"instock","10":"shipping-taxable","11":"purchasable","12":"product-type-simple"},"yoast_head":"<!-- This site is optimized with the Yoast SEO plugin v27.3 - https:\/\/yoast.com\/product\/yoast-seo-wordpress\/ -->\n<title>ASPIRATEUR DE SECRETION Aspira Plus - Sublimation soins experts<\/title>\n<meta name=\"robots\" content=\"index, follow, max-snippet:-1, max-image-preview:large, max-video-preview:-1\" \/>\n<link rel=\"canonical\" href=\"https:\/\/sublimationsoinsexperts.com\/index.php\/product\/aspirateur-de-secretion-aspira-plus\/\" \/>\n<meta property=\"og:locale\" content=\"fr_FR\" \/>\n<meta property=\"og:type\" content=\"article\" \/>\n<meta property=\"og:title\" content=\"ASPIRATEUR DE SECRETION Aspira Plus - Sublimation soins experts\" \/>\n<meta property=\"og:description\" content=\"\u2022 Facile \u00e0 transporter et l\u00e9ger. \u2022 Dimensions: 32,5 x 12 x 23,5 cm. \u2022 Capacit\u00e9 du r\u00e9cipient 1000 ml. \u2022 Tension de fonctionnement: 230V\/ 50HZ. \u2022 D\u00e9bit (litres\/min): 20l\/min. \u2022 Aspiration: de -0,05 \u00e0 -0,83 bar. \u2022 Niveau sonore max. 56dB. \u2022 Poids: 2,4 kg. \u2022 Accessoires inclus: &#8211; R\u00e9cipient de 1000 cc st\u00e9rilisable, [&hellip;]\" \/>\n<meta property=\"og:url\" content=\"https:\/\/sublimationsoinsexperts.com\/index.php\/product\/aspirateur-de-secretion-aspira-plus\/\" \/>\n<meta property=\"og:site_name\" content=\"Sublimation soins experts\" \/>\n<meta property=\"article:modified_time\" content=\"2024-02-08T23:19:29+00:00\" \/>\n<meta property=\"og:image\" content=\"http:\/\/sublimationsoinsexperts.com\/wp-content\/uploads\/2024\/01\/339.250_-Aspirateur-secretion.jpg\" \/>\n\t<meta property=\"og:image:width\" content=\"219\" \/>\n\t<meta property=\"og:image:height\" content=\"223\" \/>\n\t<meta property=\"og:image:type\" content=\"image\/jpeg\" \/>\n<meta name=\"twitter:card\" content=\"summary_large_image\" \/>\n<meta name=\"twitter:label1\" content=\"Dur\u00e9e de lecture estim\u00e9e\" \/>\n\t<meta name=\"twitter:data1\" content=\"1 minute\" \/>\n<script type=\"application\/ld+json\" class=\"yoast-schema-graph\">{\"@context\":\"https:\\\/\\\/schema.org\",\"@graph\":[{\"@type\":\"WebPage\",\"@id\":\"https:\\\/\\\/sublimationsoinsexperts.com\\\/index.php\\\/product\\\/aspirateur-de-secretion-aspira-plus\\\/\",\"url\":\"https:\\\/\\\/sublimationsoinsexperts.com\\\/index.php\\\/product\\\/aspirateur-de-secretion-aspira-plus\\\/\",\"name\":\"ASPIRATEUR DE SECRETION Aspira Plus - Sublimation soins experts\",\"isPartOf\":{\"@id\":\"https:\\\/\\\/sublimationsoinsexperts.com\\\/#website\"},\"primaryImageOfPage\":{\"@id\":\"https:\\\/\\\/sublimationsoinsexperts.com\\\/index.php\\\/product\\\/aspirateur-de-secretion-aspira-plus\\\/#primaryimage\"},\"image\":{\"@id\":\"https:\\\/\\\/sublimationsoinsexperts.com\\\/index.php\\\/product\\\/aspirateur-de-secretion-aspira-plus\\\/#primaryimage\"},\"thumbnailUrl\":\"https:\\\/\\\/sublimationsoinsexperts.com\\\/wp-content\\\/uploads\\\/2024\\\/01\\\/339.250_-Aspirateur-secretion.jpg\",\"datePublished\":\"2024-01-24T23:12:43+00:00\",\"dateModified\":\"2024-02-08T23:19:29+00:00\",\"breadcrumb\":{\"@id\":\"https:\\\/\\\/sublimationsoinsexperts.com\\\/index.php\\\/product\\\/aspirateur-de-secretion-aspira-plus\\\/#breadcrumb\"},\"inLanguage\":\"fr-FR\",\"potentialAction\":[{\"@type\":\"ReadAction\",\"target\":[\"https:\\\/\\\/sublimationsoinsexperts.com\\\/index.php\\\/product\\\/aspirateur-de-secretion-aspira-plus\\\/\"]}]},{\"@type\":\"ImageObject\",\"inLanguage\":\"fr-FR\",\"@id\":\"https:\\\/\\\/sublimationsoinsexperts.com\\\/index.php\\\/product\\\/aspirateur-de-secretion-aspira-plus\\\/#primaryimage\",\"url\":\"https:\\\/\\\/sublimationsoinsexperts.com\\\/wp-content\\\/uploads\\\/2024\\\/01\\\/339.250_-Aspirateur-secretion.jpg\",\"contentUrl\":\"https:\\\/\\\/sublimationsoinsexperts.com\\\/wp-content\\\/uploads\\\/2024\\\/01\\\/339.250_-Aspirateur-secretion.jpg\",\"width\":219,\"height\":223},{\"@type\":\"BreadcrumbList\",\"@id\":\"https:\\\/\\\/sublimationsoinsexperts.com\\\/index.php\\\/product\\\/aspirateur-de-secretion-aspira-plus\\\/#breadcrumb\",\"itemListElement\":[{\"@type\":\"ListItem\",\"position\":1,\"name\":\"Accueil\",\"item\":\"https:\\\/\\\/sublimationsoinsexperts.com\\\/\"},{\"@type\":\"ListItem\",\"position\":2,\"name\":\"Shop\",\"item\":\"https:\\\/\\\/sublimationsoinsexperts.com\\\/index.php\\\/shop\\\/\"},{\"@type\":\"ListItem\",\"position\":3,\"name\":\"ASPIRATEUR DE SECRETION Aspira Plus\"}]},{\"@type\":\"WebSite\",\"@id\":\"https:\\\/\\\/sublimationsoinsexperts.com\\\/#website\",\"url\":\"https:\\\/\\\/sublimationsoinsexperts.com\\\/\",\"name\":\"Sublimation soins experts\",\"description\":\"\",\"potentialAction\":[{\"@type\":\"SearchAction\",\"target\":{\"@type\":\"EntryPoint\",\"urlTemplate\":\"https:\\\/\\\/sublimationsoinsexperts.com\\\/?s={search_term_string}\"},\"query-input\":{\"@type\":\"PropertyValueSpecification\",\"valueRequired\":true,\"valueName\":\"search_term_string\"}}],\"inLanguage\":\"fr-FR\"}]}<\/script>\n<!-- \/ Yoast SEO plugin. -->","yoast_head_json":{"title":"ASPIRATEUR DE SECRETION Aspira Plus - Sublimation soins experts","robots":{"index":"index","follow":"follow","max-snippet":"max-snippet:-1","max-image-preview":"max-image-preview:large","max-video-preview":"max-video-preview:-1"},"canonical":"https:\/\/sublimationsoinsexperts.com\/index.php\/product\/aspirateur-de-secretion-aspira-plus\/","og_locale":"fr_FR","og_type":"article","og_title":"ASPIRATEUR DE SECRETION Aspira Plus - Sublimation soins experts","og_description":"\u2022 Facile \u00e0 transporter et l\u00e9ger. \u2022 Dimensions: 32,5 x 12 x 23,5 cm. \u2022 Capacit\u00e9 du r\u00e9cipient 1000 ml. \u2022 Tension de fonctionnement: 230V\/ 50HZ. \u2022 D\u00e9bit (litres\/min): 20l\/min. \u2022 Aspiration: de -0,05 \u00e0 -0,83 bar. \u2022 Niveau sonore max. 56dB. \u2022 Poids: 2,4 kg. \u2022 Accessoires inclus: &#8211; R\u00e9cipient de 1000 cc st\u00e9rilisable, [&hellip;]","og_url":"https:\/\/sublimationsoinsexperts.com\/index.php\/product\/aspirateur-de-secretion-aspira-plus\/","og_site_name":"Sublimation soins experts","article_modified_time":"2024-02-08T23:19:29+00:00","og_image":[{"width":219,"height":223,"url":"http:\/\/sublimationsoinsexperts.com\/wp-content\/uploads\/2024\/01\/339.250_-Aspirateur-secretion.jpg","type":"image\/jpeg"}],"twitter_card":"summary_large_image","twitter_misc":{"Dur\u00e9e de lecture estim\u00e9e":"1 minute"},"schema":{"@context":"https:\/\/schema.org","@graph":[{"@type":"WebPage","@id":"https:\/\/sublimationsoinsexperts.com\/index.php\/product\/aspirateur-de-secretion-aspira-plus\/","url":"https:\/\/sublimationsoinsexperts.com\/index.php\/product\/aspirateur-de-secretion-aspira-plus\/","name":"ASPIRATEUR DE SECRETION Aspira Plus - Sublimation soins experts","isPartOf":{"@id":"https:\/\/sublimationsoinsexperts.com\/#website"},"primaryImageOfPage":{"@id":"https:\/\/sublimationsoinsexperts.com\/index.php\/product\/aspirateur-de-secretion-aspira-plus\/#primaryimage"},"image":{"@id":"https:\/\/sublimationsoinsexperts.com\/index.php\/product\/aspirateur-de-secretion-aspira-plus\/#primaryimage"},"thumbnailUrl":"https:\/\/sublimationsoinsexperts.com\/wp-content\/uploads\/2024\/01\/339.250_-Aspirateur-secretion.jpg","datePublished":"2024-01-24T23:12:43+00:00","dateModified":"2024-02-08T23:19:29+00:00","breadcrumb":{"@id":"https:\/\/sublimationsoinsexperts.com\/index.php\/product\/aspirateur-de-secretion-aspira-plus\/#breadcrumb"},"inLanguage":"fr-FR","potentialAction":[{"@type":"ReadAction","target":["https:\/\/sublimationsoinsexperts.com\/index.php\/product\/aspirateur-de-secretion-aspira-plus\/"]}]},{"@type":"ImageObject","inLanguage":"fr-FR","@id":"https:\/\/sublimationsoinsexperts.com\/index.php\/product\/aspirateur-de-secretion-aspira-plus\/#primaryimage","url":"https:\/\/sublimationsoinsexperts.com\/wp-content\/uploads\/2024\/01\/339.250_-Aspirateur-secretion.jpg","contentUrl":"https:\/\/sublimationsoinsexperts.com\/wp-content\/uploads\/2024\/01\/339.250_-Aspirateur-secretion.jpg","width":219,"height":223},{"@type":"BreadcrumbList","@id":"https:\/\/sublimationsoinsexperts.com\/index.php\/product\/aspirateur-de-secretion-aspira-plus\/#breadcrumb","itemListElement":[{"@type":"ListItem","position":1,"name":"Accueil","item":"https:\/\/sublimationsoinsexperts.com\/"},{"@type":"ListItem","position":2,"name":"Shop","item":"https:\/\/sublimationsoinsexperts.com\/index.php\/shop\/"},{"@type":"ListItem","position":3,"name":"ASPIRATEUR DE SECRETION Aspira Plus"}]},{"@type":"WebSite","@id":"https:\/\/sublimationsoinsexperts.com\/#website","url":"https:\/\/sublimationsoinsexperts.com\/","name":"Sublimation soins experts","description":"","potentialAction":[{"@type":"SearchAction","target":{"@type":"EntryPoint","urlTemplate":"https:\/\/sublimationsoinsexperts.com\/?s={search_term_string}"},"query-input":{"@type":"PropertyValueSpecification","valueRequired":true,"valueName":"search_term_string"}}],"inLanguage":"fr-FR"}]}},"_links":{"self":[{"href":"https:\/\/sublimationsoinsexperts.com\/index.php\/wp-json\/wp\/v2\/product\/1899","targetHints":{"allow":["GET"]}}],"collection":[{"href":"https:\/\/sublimationsoinsexperts.com\/index.php\/wp-json\/wp\/v2\/product"}],"about":[{"href":"https:\/\/sublimationsoinsexperts.com\/index.php\/wp-json\/wp\/v2\/types\/product"}],"replies":[{"embeddable":true,"href":"https:\/\/sublimationsoinsexperts.com\/index.php\/wp-json\/wp\/v2\/comments?post=1899"}],"wp:featuredmedia":[{"embeddable":true,"href":"https:\/\/sublimationsoinsexperts.com\/index.php\/wp-json\/wp\/v2\/media\/1900"}],"wp:attachment":[{"href":"https:\/\/sublimationsoinsexperts.com\/index.php\/wp-json\/wp\/v2\/media?parent=1899"}],"wp:term":[{"taxonomy":"product_brand","embeddable":true,"href":"https:\/\/sublimationsoinsexperts.com\/index.php\/wp-json\/wp\/v2\/product_brand?post=1899"},{"taxonomy":"product_cat","embeddable":true,"href":"https:\/\/sublimationsoinsexperts.com\/index.php\/wp-json\/wp\/v2\/product_cat?post=1899"},{"taxonomy":"product_tag","embeddable":true,"href":"https:\/\/sublimationsoinsexperts.com\/index.php\/wp-json\/wp\/v2\/product_tag?post=1899"}],"curies":[{"name":"wp","href":"https:\/\/api.w.org\/{rel}","templated":true}]}}