{"id":1904,"date":"2024-01-24T23:47:50","date_gmt":"2024-01-24T23:47:50","guid":{"rendered":"https:\/\/sublimationsoinsexperts.com\/?post_type=product&#038;p=1904"},"modified":"2024-02-08T23:15:43","modified_gmt":"2024-02-08T23:15:43","slug":"1904","status":"publish","type":"product","link":"https:\/\/sublimationsoinsexperts.com\/index.php\/product\/1904\/","title":{"rendered":"REGULATEUR DE DEBIT EASY FLOW, VOIE EN Y"},"content":{"rendered":"<p>Cet article est incontournable, il donne une pr\u00e9cision au d\u00e9bit ainsi il est une s\u00e9curit\u00e9 et un confort pour le soignant et le patient.<\/p>\n<p>Il se r\u00e8gle en ml\/h.<\/p>\n<p>Il dispose d&rsquo;une double voie. Prolongateur \u00e0 contr\u00f4le d\u00e9bit, site en y et filtre purge<\/p>\n<p>R\u00e9gulateur de pr\u00e9cision \u00e0 usage unique.<\/p>\n<p>Les composants :<br \/>\n&#8211; LL femelle C45<br \/>\n&#8211; Bouchon C46<br \/>\n&#8211; R\u00e9gulateur de d\u00e9bit Easy-Flow C108<br \/>\n&#8211; Point d&rsquo;injection en Y, sans latex<\/p>\n<p>Ce produit est st\u00e9rile.<\/p>\n<p>&nbsp;<\/p>\n<p>S759.412<\/p>\n","protected":false},"excerpt":{"rendered":"<p>Cet article est incontournable, il donne une pr\u00e9cision au d\u00e9bit ainsi il est une s\u00e9curit\u00e9 et un confort pour le soignant et le patient. Il se r\u00e8gle en ml\/h. Il dispose d&rsquo;une double voie. Prolongateur \u00e0 contr\u00f4le d\u00e9bit, site en y et filtre purge R\u00e9gulateur de pr\u00e9cision \u00e0 usage unique. Les composants : &#8211; LL [&hellip;]<\/p>\n","protected":false},"featured_media":1906,"comment_status":"open","ping_status":"closed","template":"","meta":[],"product_brand":[],"product_cat":[18],"product_tag":[],"class_list":{"0":"post-1904","1":"product","2":"type-product","3":"status-publish","4":"has-post-thumbnail","6":"product_cat-materiel-dinjection-et-de-prelevement","8":"first","9":"instock","10":"shipping-taxable","11":"purchasable","12":"product-type-simple"},"yoast_head":"<!-- This site is optimized with the Yoast SEO plugin v27.5 - https:\/\/yoast.com\/product\/yoast-seo-wordpress\/ -->\n<title>REGULATEUR DE DEBIT EASY FLOW, VOIE EN Y - Sublimation soins experts<\/title>\n<meta name=\"robots\" content=\"index, follow, max-snippet:-1, max-image-preview:large, max-video-preview:-1\" \/>\n<link rel=\"canonical\" href=\"https:\/\/sublimationsoinsexperts.com\/index.php\/product\/1904\/\" \/>\n<meta property=\"og:locale\" content=\"fr_FR\" \/>\n<meta property=\"og:type\" content=\"article\" \/>\n<meta property=\"og:title\" content=\"REGULATEUR DE DEBIT EASY FLOW, VOIE EN Y - Sublimation soins experts\" \/>\n<meta property=\"og:description\" content=\"Cet article est incontournable, il donne une pr\u00e9cision au d\u00e9bit ainsi il est une s\u00e9curit\u00e9 et un confort pour le soignant et le patient. Il se r\u00e8gle en ml\/h. Il dispose d&rsquo;une double voie. Prolongateur \u00e0 contr\u00f4le d\u00e9bit, site en y et filtre purge R\u00e9gulateur de pr\u00e9cision \u00e0 usage unique. Les composants : &#8211; LL [&hellip;]\" \/>\n<meta property=\"og:url\" content=\"https:\/\/sublimationsoinsexperts.com\/index.php\/product\/1904\/\" \/>\n<meta property=\"og:site_name\" content=\"Sublimation soins experts\" \/>\n<meta property=\"article:modified_time\" content=\"2024-02-08T23:15:43+00:00\" \/>\n<meta property=\"og:image\" content=\"http:\/\/sublimationsoinsexperts.com\/wp-content\/uploads\/2024\/01\/S759.412-dialex-easyflow-regulateur-de-debit-40-cm-1-pieces.jpg\" \/>\n\t<meta property=\"og:image:width\" content=\"900\" \/>\n\t<meta property=\"og:image:height\" content=\"900\" \/>\n\t<meta property=\"og:image:type\" content=\"image\/jpeg\" \/>\n<meta name=\"twitter:card\" content=\"summary_large_image\" \/>\n<meta name=\"twitter:label1\" content=\"Dur\u00e9e de lecture estim\u00e9e\" \/>\n\t<meta name=\"twitter:data1\" content=\"1 minute\" \/>\n<script type=\"application\/ld+json\" class=\"yoast-schema-graph\">{\"@context\":\"https:\\\/\\\/schema.org\",\"@graph\":[{\"@type\":\"WebPage\",\"@id\":\"https:\\\/\\\/sublimationsoinsexperts.com\\\/index.php\\\/product\\\/1904\\\/\",\"url\":\"https:\\\/\\\/sublimationsoinsexperts.com\\\/index.php\\\/product\\\/1904\\\/\",\"name\":\"REGULATEUR DE DEBIT EASY FLOW, VOIE EN Y - Sublimation soins experts\",\"isPartOf\":{\"@id\":\"https:\\\/\\\/sublimationsoinsexperts.com\\\/#website\"},\"primaryImageOfPage\":{\"@id\":\"https:\\\/\\\/sublimationsoinsexperts.com\\\/index.php\\\/product\\\/1904\\\/#primaryimage\"},\"image\":{\"@id\":\"https:\\\/\\\/sublimationsoinsexperts.com\\\/index.php\\\/product\\\/1904\\\/#primaryimage\"},\"thumbnailUrl\":\"https:\\\/\\\/sublimationsoinsexperts.com\\\/wp-content\\\/uploads\\\/2024\\\/01\\\/S759.412-dialex-easyflow-regulateur-de-debit-40-cm-1-pieces.jpg\",\"datePublished\":\"2024-01-24T23:47:50+00:00\",\"dateModified\":\"2024-02-08T23:15:43+00:00\",\"breadcrumb\":{\"@id\":\"https:\\\/\\\/sublimationsoinsexperts.com\\\/index.php\\\/product\\\/1904\\\/#breadcrumb\"},\"inLanguage\":\"fr-FR\",\"potentialAction\":[{\"@type\":\"ReadAction\",\"target\":[\"https:\\\/\\\/sublimationsoinsexperts.com\\\/index.php\\\/product\\\/1904\\\/\"]}]},{\"@type\":\"ImageObject\",\"inLanguage\":\"fr-FR\",\"@id\":\"https:\\\/\\\/sublimationsoinsexperts.com\\\/index.php\\\/product\\\/1904\\\/#primaryimage\",\"url\":\"https:\\\/\\\/sublimationsoinsexperts.com\\\/wp-content\\\/uploads\\\/2024\\\/01\\\/S759.412-dialex-easyflow-regulateur-de-debit-40-cm-1-pieces.jpg\",\"contentUrl\":\"https:\\\/\\\/sublimationsoinsexperts.com\\\/wp-content\\\/uploads\\\/2024\\\/01\\\/S759.412-dialex-easyflow-regulateur-de-debit-40-cm-1-pieces.jpg\",\"width\":900,\"height\":900},{\"@type\":\"BreadcrumbList\",\"@id\":\"https:\\\/\\\/sublimationsoinsexperts.com\\\/index.php\\\/product\\\/1904\\\/#breadcrumb\",\"itemListElement\":[{\"@type\":\"ListItem\",\"position\":1,\"name\":\"Accueil\",\"item\":\"https:\\\/\\\/sublimationsoinsexperts.com\\\/\"},{\"@type\":\"ListItem\",\"position\":2,\"name\":\"Shop\",\"item\":\"https:\\\/\\\/sublimationsoinsexperts.com\\\/index.php\\\/shop\\\/\"},{\"@type\":\"ListItem\",\"position\":3,\"name\":\"REGULATEUR DE DEBIT EASY FLOW, VOIE EN Y\"}]},{\"@type\":\"WebSite\",\"@id\":\"https:\\\/\\\/sublimationsoinsexperts.com\\\/#website\",\"url\":\"https:\\\/\\\/sublimationsoinsexperts.com\\\/\",\"name\":\"Sublimation soins experts\",\"description\":\"\",\"potentialAction\":[{\"@type\":\"SearchAction\",\"target\":{\"@type\":\"EntryPoint\",\"urlTemplate\":\"https:\\\/\\\/sublimationsoinsexperts.com\\\/?s={search_term_string}\"},\"query-input\":{\"@type\":\"PropertyValueSpecification\",\"valueRequired\":true,\"valueName\":\"search_term_string\"}}],\"inLanguage\":\"fr-FR\"}]}<\/script>\n<!-- \/ Yoast SEO plugin. -->","yoast_head_json":{"title":"REGULATEUR DE DEBIT EASY FLOW, VOIE EN Y - Sublimation soins experts","robots":{"index":"index","follow":"follow","max-snippet":"max-snippet:-1","max-image-preview":"max-image-preview:large","max-video-preview":"max-video-preview:-1"},"canonical":"https:\/\/sublimationsoinsexperts.com\/index.php\/product\/1904\/","og_locale":"fr_FR","og_type":"article","og_title":"REGULATEUR DE DEBIT EASY FLOW, VOIE EN Y - Sublimation soins experts","og_description":"Cet article est incontournable, il donne une pr\u00e9cision au d\u00e9bit ainsi il est une s\u00e9curit\u00e9 et un confort pour le soignant et le patient. Il se r\u00e8gle en ml\/h. Il dispose d&rsquo;une double voie. Prolongateur \u00e0 contr\u00f4le d\u00e9bit, site en y et filtre purge R\u00e9gulateur de pr\u00e9cision \u00e0 usage unique. Les composants : &#8211; LL [&hellip;]","og_url":"https:\/\/sublimationsoinsexperts.com\/index.php\/product\/1904\/","og_site_name":"Sublimation soins experts","article_modified_time":"2024-02-08T23:15:43+00:00","og_image":[{"width":900,"height":900,"url":"http:\/\/sublimationsoinsexperts.com\/wp-content\/uploads\/2024\/01\/S759.412-dialex-easyflow-regulateur-de-debit-40-cm-1-pieces.jpg","type":"image\/jpeg"}],"twitter_card":"summary_large_image","twitter_misc":{"Dur\u00e9e de lecture estim\u00e9e":"1 minute"},"schema":{"@context":"https:\/\/schema.org","@graph":[{"@type":"WebPage","@id":"https:\/\/sublimationsoinsexperts.com\/index.php\/product\/1904\/","url":"https:\/\/sublimationsoinsexperts.com\/index.php\/product\/1904\/","name":"REGULATEUR DE DEBIT EASY FLOW, VOIE EN Y - Sublimation soins experts","isPartOf":{"@id":"https:\/\/sublimationsoinsexperts.com\/#website"},"primaryImageOfPage":{"@id":"https:\/\/sublimationsoinsexperts.com\/index.php\/product\/1904\/#primaryimage"},"image":{"@id":"https:\/\/sublimationsoinsexperts.com\/index.php\/product\/1904\/#primaryimage"},"thumbnailUrl":"https:\/\/sublimationsoinsexperts.com\/wp-content\/uploads\/2024\/01\/S759.412-dialex-easyflow-regulateur-de-debit-40-cm-1-pieces.jpg","datePublished":"2024-01-24T23:47:50+00:00","dateModified":"2024-02-08T23:15:43+00:00","breadcrumb":{"@id":"https:\/\/sublimationsoinsexperts.com\/index.php\/product\/1904\/#breadcrumb"},"inLanguage":"fr-FR","potentialAction":[{"@type":"ReadAction","target":["https:\/\/sublimationsoinsexperts.com\/index.php\/product\/1904\/"]}]},{"@type":"ImageObject","inLanguage":"fr-FR","@id":"https:\/\/sublimationsoinsexperts.com\/index.php\/product\/1904\/#primaryimage","url":"https:\/\/sublimationsoinsexperts.com\/wp-content\/uploads\/2024\/01\/S759.412-dialex-easyflow-regulateur-de-debit-40-cm-1-pieces.jpg","contentUrl":"https:\/\/sublimationsoinsexperts.com\/wp-content\/uploads\/2024\/01\/S759.412-dialex-easyflow-regulateur-de-debit-40-cm-1-pieces.jpg","width":900,"height":900},{"@type":"BreadcrumbList","@id":"https:\/\/sublimationsoinsexperts.com\/index.php\/product\/1904\/#breadcrumb","itemListElement":[{"@type":"ListItem","position":1,"name":"Accueil","item":"https:\/\/sublimationsoinsexperts.com\/"},{"@type":"ListItem","position":2,"name":"Shop","item":"https:\/\/sublimationsoinsexperts.com\/index.php\/shop\/"},{"@type":"ListItem","position":3,"name":"REGULATEUR DE DEBIT EASY FLOW, VOIE EN Y"}]},{"@type":"WebSite","@id":"https:\/\/sublimationsoinsexperts.com\/#website","url":"https:\/\/sublimationsoinsexperts.com\/","name":"Sublimation soins experts","description":"","potentialAction":[{"@type":"SearchAction","target":{"@type":"EntryPoint","urlTemplate":"https:\/\/sublimationsoinsexperts.com\/?s={search_term_string}"},"query-input":{"@type":"PropertyValueSpecification","valueRequired":true,"valueName":"search_term_string"}}],"inLanguage":"fr-FR"}]}},"_links":{"self":[{"href":"https:\/\/sublimationsoinsexperts.com\/index.php\/wp-json\/wp\/v2\/product\/1904","targetHints":{"allow":["GET"]}}],"collection":[{"href":"https:\/\/sublimationsoinsexperts.com\/index.php\/wp-json\/wp\/v2\/product"}],"about":[{"href":"https:\/\/sublimationsoinsexperts.com\/index.php\/wp-json\/wp\/v2\/types\/product"}],"replies":[{"embeddable":true,"href":"https:\/\/sublimationsoinsexperts.com\/index.php\/wp-json\/wp\/v2\/comments?post=1904"}],"wp:featuredmedia":[{"embeddable":true,"href":"https:\/\/sublimationsoinsexperts.com\/index.php\/wp-json\/wp\/v2\/media\/1906"}],"wp:attachment":[{"href":"https:\/\/sublimationsoinsexperts.com\/index.php\/wp-json\/wp\/v2\/media?parent=1904"}],"wp:term":[{"taxonomy":"product_brand","embeddable":true,"href":"https:\/\/sublimationsoinsexperts.com\/index.php\/wp-json\/wp\/v2\/product_brand?post=1904"},{"taxonomy":"product_cat","embeddable":true,"href":"https:\/\/sublimationsoinsexperts.com\/index.php\/wp-json\/wp\/v2\/product_cat?post=1904"},{"taxonomy":"product_tag","embeddable":true,"href":"https:\/\/sublimationsoinsexperts.com\/index.php\/wp-json\/wp\/v2\/product_tag?post=1904"}],"curies":[{"name":"wp","href":"https:\/\/api.w.org\/{rel}","templated":true}]}}