{"id":1933,"date":"2024-01-30T20:31:13","date_gmt":"2024-01-30T20:31:13","guid":{"rendered":"https:\/\/sublimationsoinsexperts.com\/?post_type=product&#038;p=1933"},"modified":"2024-04-16T19:42:39","modified_gmt":"2024-04-16T18:42:39","slug":"sanoskin-cleanser-vaporisateur-de-250-ml","status":"publish","type":"product","link":"https:\/\/sublimationsoinsexperts.com\/index.php\/product\/sanoskin-cleanser-vaporisateur-de-250-ml\/","title":{"rendered":"SANOSKIN CLEANSER Vaporisateur de 250 ml"},"content":{"rendered":"<p>\u2022 SanoSkin Cleanser est une solution aqueuse de chlorhexidine, glyc\u00e9rol et polysorbate pour nettoyer les plaies.<br \/>\n\u2022 SanoSkin Cleanser enl\u00e8ve les d\u00e9bris et les micro-organismes, rince et nettoie.<br \/>\n\u2022 Plus sp\u00e9cifiques: ulc\u00e8res diab\u00e9tiques, ulc\u00e8res art\u00e9riels et veineux, escarres, plaies postop\u00e9ratoires cicatrisantes par intention secondaire et traumatisme, br\u00fblures \/ \u00e9chaudures.<br \/>\n\u2022 SanoSkin Cleanser est connu pour effectuer une activit\u00e9 de nettoyage similaire aux d\u00e9tergents.<br \/>\n\u2022 Le produit ne doit pas \u00eatre utilis\u00e9 comme antiseptique.<br \/>\n\u2022 Composition: Aqua, Polysorbate 20, Sorbitol, Sodium hydroxide, Chlorhexidine gluconate et glycerin<br \/>\n\u2022 Dispositif m\u00e9dical de classe IIa non st\u00e9rile<\/p>\n<p>&nbsp;<\/p>\n<p>REF : S221.561<\/p>\n","protected":false},"excerpt":{"rendered":"<p>\u2022 SanoSkin Cleanser est une solution aqueuse de chlorhexidine, glyc\u00e9rol et polysorbate pour nettoyer les plaies. \u2022 SanoSkin Cleanser enl\u00e8ve les d\u00e9bris et les micro-organismes, rince et nettoie. \u2022 Plus sp\u00e9cifiques: ulc\u00e8res diab\u00e9tiques, ulc\u00e8res art\u00e9riels et veineux, escarres, plaies postop\u00e9ratoires cicatrisantes par intention secondaire et traumatisme, br\u00fblures \/ \u00e9chaudures. \u2022 SanoSkin Cleanser est connu pour [&hellip;]<\/p>\n","protected":false},"featured_media":1934,"comment_status":"open","ping_status":"closed","template":"","meta":[],"product_brand":[],"product_cat":[40,75,17],"product_tag":[],"class_list":{"0":"post-1933","1":"product","2":"type-product","3":"status-publish","4":"has-post-thumbnail","6":"product_cat-gestion-de-la-plaie","7":"product_cat-nettoyage-et-desinfection-de-la-plaie","8":"product_cat-soin","10":"first","11":"instock","12":"shipping-taxable","13":"purchasable","14":"product-type-simple"},"yoast_head":"<!-- This site is optimized with the Yoast SEO plugin v27.4 - https:\/\/yoast.com\/product\/yoast-seo-wordpress\/ -->\n<title>SANOSKIN CLEANSER Vaporisateur de 250 ml - Sublimation soins experts<\/title>\n<meta name=\"robots\" content=\"index, follow, max-snippet:-1, max-image-preview:large, max-video-preview:-1\" \/>\n<link rel=\"canonical\" href=\"https:\/\/sublimationsoinsexperts.com\/index.php\/product\/sanoskin-cleanser-vaporisateur-de-250-ml\/\" \/>\n<meta property=\"og:locale\" content=\"fr_FR\" \/>\n<meta property=\"og:type\" content=\"article\" \/>\n<meta property=\"og:title\" content=\"SANOSKIN CLEANSER Vaporisateur de 250 ml - Sublimation soins experts\" \/>\n<meta property=\"og:description\" content=\"\u2022 SanoSkin Cleanser est une solution aqueuse de chlorhexidine, glyc\u00e9rol et polysorbate pour nettoyer les plaies. \u2022 SanoSkin Cleanser enl\u00e8ve les d\u00e9bris et les micro-organismes, rince et nettoie. \u2022 Plus sp\u00e9cifiques: ulc\u00e8res diab\u00e9tiques, ulc\u00e8res art\u00e9riels et veineux, escarres, plaies postop\u00e9ratoires cicatrisantes par intention secondaire et traumatisme, br\u00fblures \/ \u00e9chaudures. \u2022 SanoSkin Cleanser est connu pour [&hellip;]\" \/>\n<meta property=\"og:url\" content=\"https:\/\/sublimationsoinsexperts.com\/index.php\/product\/sanoskin-cleanser-vaporisateur-de-250-ml\/\" \/>\n<meta property=\"og:site_name\" content=\"Sublimation soins experts\" \/>\n<meta property=\"article:modified_time\" content=\"2024-04-16T18:42:39+00:00\" \/>\n<meta property=\"og:image\" content=\"http:\/\/sublimationsoinsexperts.com\/wp-content\/uploads\/2024\/01\/S221.561-SANOSKIN-CLEANSER.jpg\" \/>\n\t<meta property=\"og:image:width\" content=\"227\" \/>\n\t<meta property=\"og:image:height\" content=\"400\" \/>\n\t<meta property=\"og:image:type\" content=\"image\/jpeg\" \/>\n<meta name=\"twitter:card\" content=\"summary_large_image\" \/>\n<meta name=\"twitter:label1\" content=\"Dur\u00e9e de lecture estim\u00e9e\" \/>\n\t<meta name=\"twitter:data1\" content=\"1 minute\" \/>\n<script type=\"application\/ld+json\" class=\"yoast-schema-graph\">{\"@context\":\"https:\\\/\\\/schema.org\",\"@graph\":[{\"@type\":\"WebPage\",\"@id\":\"https:\\\/\\\/sublimationsoinsexperts.com\\\/index.php\\\/product\\\/sanoskin-cleanser-vaporisateur-de-250-ml\\\/\",\"url\":\"https:\\\/\\\/sublimationsoinsexperts.com\\\/index.php\\\/product\\\/sanoskin-cleanser-vaporisateur-de-250-ml\\\/\",\"name\":\"SANOSKIN CLEANSER Vaporisateur de 250 ml - Sublimation soins experts\",\"isPartOf\":{\"@id\":\"https:\\\/\\\/sublimationsoinsexperts.com\\\/#website\"},\"primaryImageOfPage\":{\"@id\":\"https:\\\/\\\/sublimationsoinsexperts.com\\\/index.php\\\/product\\\/sanoskin-cleanser-vaporisateur-de-250-ml\\\/#primaryimage\"},\"image\":{\"@id\":\"https:\\\/\\\/sublimationsoinsexperts.com\\\/index.php\\\/product\\\/sanoskin-cleanser-vaporisateur-de-250-ml\\\/#primaryimage\"},\"thumbnailUrl\":\"https:\\\/\\\/sublimationsoinsexperts.com\\\/wp-content\\\/uploads\\\/2024\\\/01\\\/S221.561-SANOSKIN-CLEANSER.jpg\",\"datePublished\":\"2024-01-30T20:31:13+00:00\",\"dateModified\":\"2024-04-16T18:42:39+00:00\",\"breadcrumb\":{\"@id\":\"https:\\\/\\\/sublimationsoinsexperts.com\\\/index.php\\\/product\\\/sanoskin-cleanser-vaporisateur-de-250-ml\\\/#breadcrumb\"},\"inLanguage\":\"fr-FR\",\"potentialAction\":[{\"@type\":\"ReadAction\",\"target\":[\"https:\\\/\\\/sublimationsoinsexperts.com\\\/index.php\\\/product\\\/sanoskin-cleanser-vaporisateur-de-250-ml\\\/\"]}]},{\"@type\":\"ImageObject\",\"inLanguage\":\"fr-FR\",\"@id\":\"https:\\\/\\\/sublimationsoinsexperts.com\\\/index.php\\\/product\\\/sanoskin-cleanser-vaporisateur-de-250-ml\\\/#primaryimage\",\"url\":\"https:\\\/\\\/sublimationsoinsexperts.com\\\/wp-content\\\/uploads\\\/2024\\\/01\\\/S221.561-SANOSKIN-CLEANSER.jpg\",\"contentUrl\":\"https:\\\/\\\/sublimationsoinsexperts.com\\\/wp-content\\\/uploads\\\/2024\\\/01\\\/S221.561-SANOSKIN-CLEANSER.jpg\",\"width\":227,\"height\":400},{\"@type\":\"BreadcrumbList\",\"@id\":\"https:\\\/\\\/sublimationsoinsexperts.com\\\/index.php\\\/product\\\/sanoskin-cleanser-vaporisateur-de-250-ml\\\/#breadcrumb\",\"itemListElement\":[{\"@type\":\"ListItem\",\"position\":1,\"name\":\"Accueil\",\"item\":\"https:\\\/\\\/sublimationsoinsexperts.com\\\/\"},{\"@type\":\"ListItem\",\"position\":2,\"name\":\"Shop\",\"item\":\"https:\\\/\\\/sublimationsoinsexperts.com\\\/index.php\\\/shop\\\/\"},{\"@type\":\"ListItem\",\"position\":3,\"name\":\"SANOSKIN CLEANSER Vaporisateur de 250 ml\"}]},{\"@type\":\"WebSite\",\"@id\":\"https:\\\/\\\/sublimationsoinsexperts.com\\\/#website\",\"url\":\"https:\\\/\\\/sublimationsoinsexperts.com\\\/\",\"name\":\"Sublimation soins experts\",\"description\":\"\",\"potentialAction\":[{\"@type\":\"SearchAction\",\"target\":{\"@type\":\"EntryPoint\",\"urlTemplate\":\"https:\\\/\\\/sublimationsoinsexperts.com\\\/?s={search_term_string}\"},\"query-input\":{\"@type\":\"PropertyValueSpecification\",\"valueRequired\":true,\"valueName\":\"search_term_string\"}}],\"inLanguage\":\"fr-FR\"}]}<\/script>\n<!-- \/ Yoast SEO plugin. -->","yoast_head_json":{"title":"SANOSKIN CLEANSER Vaporisateur de 250 ml - Sublimation soins experts","robots":{"index":"index","follow":"follow","max-snippet":"max-snippet:-1","max-image-preview":"max-image-preview:large","max-video-preview":"max-video-preview:-1"},"canonical":"https:\/\/sublimationsoinsexperts.com\/index.php\/product\/sanoskin-cleanser-vaporisateur-de-250-ml\/","og_locale":"fr_FR","og_type":"article","og_title":"SANOSKIN CLEANSER Vaporisateur de 250 ml - Sublimation soins experts","og_description":"\u2022 SanoSkin Cleanser est une solution aqueuse de chlorhexidine, glyc\u00e9rol et polysorbate pour nettoyer les plaies. \u2022 SanoSkin Cleanser enl\u00e8ve les d\u00e9bris et les micro-organismes, rince et nettoie. \u2022 Plus sp\u00e9cifiques: ulc\u00e8res diab\u00e9tiques, ulc\u00e8res art\u00e9riels et veineux, escarres, plaies postop\u00e9ratoires cicatrisantes par intention secondaire et traumatisme, br\u00fblures \/ \u00e9chaudures. \u2022 SanoSkin Cleanser est connu pour [&hellip;]","og_url":"https:\/\/sublimationsoinsexperts.com\/index.php\/product\/sanoskin-cleanser-vaporisateur-de-250-ml\/","og_site_name":"Sublimation soins experts","article_modified_time":"2024-04-16T18:42:39+00:00","og_image":[{"width":227,"height":400,"url":"http:\/\/sublimationsoinsexperts.com\/wp-content\/uploads\/2024\/01\/S221.561-SANOSKIN-CLEANSER.jpg","type":"image\/jpeg"}],"twitter_card":"summary_large_image","twitter_misc":{"Dur\u00e9e de lecture estim\u00e9e":"1 minute"},"schema":{"@context":"https:\/\/schema.org","@graph":[{"@type":"WebPage","@id":"https:\/\/sublimationsoinsexperts.com\/index.php\/product\/sanoskin-cleanser-vaporisateur-de-250-ml\/","url":"https:\/\/sublimationsoinsexperts.com\/index.php\/product\/sanoskin-cleanser-vaporisateur-de-250-ml\/","name":"SANOSKIN CLEANSER Vaporisateur de 250 ml - Sublimation soins experts","isPartOf":{"@id":"https:\/\/sublimationsoinsexperts.com\/#website"},"primaryImageOfPage":{"@id":"https:\/\/sublimationsoinsexperts.com\/index.php\/product\/sanoskin-cleanser-vaporisateur-de-250-ml\/#primaryimage"},"image":{"@id":"https:\/\/sublimationsoinsexperts.com\/index.php\/product\/sanoskin-cleanser-vaporisateur-de-250-ml\/#primaryimage"},"thumbnailUrl":"https:\/\/sublimationsoinsexperts.com\/wp-content\/uploads\/2024\/01\/S221.561-SANOSKIN-CLEANSER.jpg","datePublished":"2024-01-30T20:31:13+00:00","dateModified":"2024-04-16T18:42:39+00:00","breadcrumb":{"@id":"https:\/\/sublimationsoinsexperts.com\/index.php\/product\/sanoskin-cleanser-vaporisateur-de-250-ml\/#breadcrumb"},"inLanguage":"fr-FR","potentialAction":[{"@type":"ReadAction","target":["https:\/\/sublimationsoinsexperts.com\/index.php\/product\/sanoskin-cleanser-vaporisateur-de-250-ml\/"]}]},{"@type":"ImageObject","inLanguage":"fr-FR","@id":"https:\/\/sublimationsoinsexperts.com\/index.php\/product\/sanoskin-cleanser-vaporisateur-de-250-ml\/#primaryimage","url":"https:\/\/sublimationsoinsexperts.com\/wp-content\/uploads\/2024\/01\/S221.561-SANOSKIN-CLEANSER.jpg","contentUrl":"https:\/\/sublimationsoinsexperts.com\/wp-content\/uploads\/2024\/01\/S221.561-SANOSKIN-CLEANSER.jpg","width":227,"height":400},{"@type":"BreadcrumbList","@id":"https:\/\/sublimationsoinsexperts.com\/index.php\/product\/sanoskin-cleanser-vaporisateur-de-250-ml\/#breadcrumb","itemListElement":[{"@type":"ListItem","position":1,"name":"Accueil","item":"https:\/\/sublimationsoinsexperts.com\/"},{"@type":"ListItem","position":2,"name":"Shop","item":"https:\/\/sublimationsoinsexperts.com\/index.php\/shop\/"},{"@type":"ListItem","position":3,"name":"SANOSKIN CLEANSER Vaporisateur de 250 ml"}]},{"@type":"WebSite","@id":"https:\/\/sublimationsoinsexperts.com\/#website","url":"https:\/\/sublimationsoinsexperts.com\/","name":"Sublimation soins experts","description":"","potentialAction":[{"@type":"SearchAction","target":{"@type":"EntryPoint","urlTemplate":"https:\/\/sublimationsoinsexperts.com\/?s={search_term_string}"},"query-input":{"@type":"PropertyValueSpecification","valueRequired":true,"valueName":"search_term_string"}}],"inLanguage":"fr-FR"}]}},"_links":{"self":[{"href":"https:\/\/sublimationsoinsexperts.com\/index.php\/wp-json\/wp\/v2\/product\/1933","targetHints":{"allow":["GET"]}}],"collection":[{"href":"https:\/\/sublimationsoinsexperts.com\/index.php\/wp-json\/wp\/v2\/product"}],"about":[{"href":"https:\/\/sublimationsoinsexperts.com\/index.php\/wp-json\/wp\/v2\/types\/product"}],"replies":[{"embeddable":true,"href":"https:\/\/sublimationsoinsexperts.com\/index.php\/wp-json\/wp\/v2\/comments?post=1933"}],"wp:featuredmedia":[{"embeddable":true,"href":"https:\/\/sublimationsoinsexperts.com\/index.php\/wp-json\/wp\/v2\/media\/1934"}],"wp:attachment":[{"href":"https:\/\/sublimationsoinsexperts.com\/index.php\/wp-json\/wp\/v2\/media?parent=1933"}],"wp:term":[{"taxonomy":"product_brand","embeddable":true,"href":"https:\/\/sublimationsoinsexperts.com\/index.php\/wp-json\/wp\/v2\/product_brand?post=1933"},{"taxonomy":"product_cat","embeddable":true,"href":"https:\/\/sublimationsoinsexperts.com\/index.php\/wp-json\/wp\/v2\/product_cat?post=1933"},{"taxonomy":"product_tag","embeddable":true,"href":"https:\/\/sublimationsoinsexperts.com\/index.php\/wp-json\/wp\/v2\/product_tag?post=1933"}],"curies":[{"name":"wp","href":"https:\/\/api.w.org\/{rel}","templated":true}]}}