{"id":1935,"date":"2024-01-30T20:35:03","date_gmt":"2024-01-30T20:35:03","guid":{"rendered":"https:\/\/sublimationsoinsexperts.com\/?post_type=product&#038;p=1935"},"modified":"2024-04-16T19:42:39","modified_gmt":"2024-04-16T18:42:39","slug":"prontosan-flacon-de-350-ml","status":"publish","type":"product","link":"https:\/\/sublimationsoinsexperts.com\/index.php\/product\/prontosan-flacon-de-350-ml\/","title":{"rendered":"PRONTOSAN Flacon de 350 ml"},"content":{"rendered":"<p>\u2022 Solution aqueuse, st\u00e9rile contenant de la b\u00e9ta\u00efne und\u00e9cyl\u00e8ne amidopropyle et du polyhexanide en faible quantit\u00e9 (0,1%).<br \/>\n\u2022 La b\u00e9ta\u00efne (tensio-actif puissant) a pour r\u00f4le de d\u00e9solidariser le d\u00e9p\u00f4t fibrineux de la surface de la plaie, pour un retrait indolore.<br \/>\n\u2022 Le polyhexanide en faible quantit\u00e9 permet de cr\u00e9er un milieu d\u00e9favorable au d\u00e9veloppement des bact\u00e9ries.<br \/>\n\u2022 Ainsi, le nettoyage des plaies avec Prontosan solution pr\u00e9pare au mieux le lit de la plaie au processus de cicatrisation.<br \/>\n\u2022 Absorbent les odeurs des plaies.<br \/>\n\u2022 Se conserve 8 semaines apr\u00e8s ouverture du contenant.<\/p>\n<p>REF : S221.001<\/p>\n","protected":false},"excerpt":{"rendered":"<p>\u2022 Solution aqueuse, st\u00e9rile contenant de la b\u00e9ta\u00efne und\u00e9cyl\u00e8ne amidopropyle et du polyhexanide en faible quantit\u00e9 (0,1%). \u2022 La b\u00e9ta\u00efne (tensio-actif puissant) a pour r\u00f4le de d\u00e9solidariser le d\u00e9p\u00f4t fibrineux de la surface de la plaie, pour un retrait indolore. \u2022 Le polyhexanide en faible quantit\u00e9 permet de cr\u00e9er un milieu d\u00e9favorable au d\u00e9veloppement des [&hellip;]<\/p>\n","protected":false},"featured_media":1936,"comment_status":"open","ping_status":"closed","template":"","meta":[],"product_brand":[],"product_cat":[40,75,17],"product_tag":[],"class_list":{"0":"post-1935","1":"product","2":"type-product","3":"status-publish","4":"has-post-thumbnail","6":"product_cat-gestion-de-la-plaie","7":"product_cat-nettoyage-et-desinfection-de-la-plaie","8":"product_cat-soin","10":"first","11":"instock","12":"shipping-taxable","13":"purchasable","14":"product-type-simple"},"yoast_head":"<!-- This site is optimized with the Yoast SEO plugin v27.3 - https:\/\/yoast.com\/product\/yoast-seo-wordpress\/ -->\n<title>PRONTOSAN Flacon de 350 ml - Sublimation soins experts<\/title>\n<meta name=\"robots\" content=\"index, follow, max-snippet:-1, max-image-preview:large, max-video-preview:-1\" \/>\n<link rel=\"canonical\" href=\"https:\/\/sublimationsoinsexperts.com\/index.php\/product\/prontosan-flacon-de-350-ml\/\" \/>\n<meta property=\"og:locale\" content=\"fr_FR\" \/>\n<meta property=\"og:type\" content=\"article\" \/>\n<meta property=\"og:title\" content=\"PRONTOSAN Flacon de 350 ml - Sublimation soins experts\" \/>\n<meta property=\"og:description\" content=\"\u2022 Solution aqueuse, st\u00e9rile contenant de la b\u00e9ta\u00efne und\u00e9cyl\u00e8ne amidopropyle et du polyhexanide en faible quantit\u00e9 (0,1%). \u2022 La b\u00e9ta\u00efne (tensio-actif puissant) a pour r\u00f4le de d\u00e9solidariser le d\u00e9p\u00f4t fibrineux de la surface de la plaie, pour un retrait indolore. \u2022 Le polyhexanide en faible quantit\u00e9 permet de cr\u00e9er un milieu d\u00e9favorable au d\u00e9veloppement des [&hellip;]\" \/>\n<meta property=\"og:url\" content=\"https:\/\/sublimationsoinsexperts.com\/index.php\/product\/prontosan-flacon-de-350-ml\/\" \/>\n<meta property=\"og:site_name\" content=\"Sublimation soins experts\" \/>\n<meta property=\"article:modified_time\" content=\"2024-04-16T18:42:39+00:00\" \/>\n<meta property=\"og:image\" content=\"http:\/\/sublimationsoinsexperts.com\/wp-content\/uploads\/2024\/01\/S221.001-PRONTOSAN.jpg\" \/>\n\t<meta property=\"og:image:width\" content=\"162\" \/>\n\t<meta property=\"og:image:height\" content=\"400\" \/>\n\t<meta property=\"og:image:type\" content=\"image\/jpeg\" \/>\n<meta name=\"twitter:card\" content=\"summary_large_image\" \/>\n<meta name=\"twitter:label1\" content=\"Dur\u00e9e de lecture estim\u00e9e\" \/>\n\t<meta name=\"twitter:data1\" content=\"1 minute\" \/>\n<script type=\"application\/ld+json\" class=\"yoast-schema-graph\">{\"@context\":\"https:\\\/\\\/schema.org\",\"@graph\":[{\"@type\":\"WebPage\",\"@id\":\"https:\\\/\\\/sublimationsoinsexperts.com\\\/index.php\\\/product\\\/prontosan-flacon-de-350-ml\\\/\",\"url\":\"https:\\\/\\\/sublimationsoinsexperts.com\\\/index.php\\\/product\\\/prontosan-flacon-de-350-ml\\\/\",\"name\":\"PRONTOSAN Flacon de 350 ml - Sublimation soins experts\",\"isPartOf\":{\"@id\":\"https:\\\/\\\/sublimationsoinsexperts.com\\\/#website\"},\"primaryImageOfPage\":{\"@id\":\"https:\\\/\\\/sublimationsoinsexperts.com\\\/index.php\\\/product\\\/prontosan-flacon-de-350-ml\\\/#primaryimage\"},\"image\":{\"@id\":\"https:\\\/\\\/sublimationsoinsexperts.com\\\/index.php\\\/product\\\/prontosan-flacon-de-350-ml\\\/#primaryimage\"},\"thumbnailUrl\":\"https:\\\/\\\/sublimationsoinsexperts.com\\\/wp-content\\\/uploads\\\/2024\\\/01\\\/S221.001-PRONTOSAN.jpg\",\"datePublished\":\"2024-01-30T20:35:03+00:00\",\"dateModified\":\"2024-04-16T18:42:39+00:00\",\"breadcrumb\":{\"@id\":\"https:\\\/\\\/sublimationsoinsexperts.com\\\/index.php\\\/product\\\/prontosan-flacon-de-350-ml\\\/#breadcrumb\"},\"inLanguage\":\"fr-FR\",\"potentialAction\":[{\"@type\":\"ReadAction\",\"target\":[\"https:\\\/\\\/sublimationsoinsexperts.com\\\/index.php\\\/product\\\/prontosan-flacon-de-350-ml\\\/\"]}]},{\"@type\":\"ImageObject\",\"inLanguage\":\"fr-FR\",\"@id\":\"https:\\\/\\\/sublimationsoinsexperts.com\\\/index.php\\\/product\\\/prontosan-flacon-de-350-ml\\\/#primaryimage\",\"url\":\"https:\\\/\\\/sublimationsoinsexperts.com\\\/wp-content\\\/uploads\\\/2024\\\/01\\\/S221.001-PRONTOSAN.jpg\",\"contentUrl\":\"https:\\\/\\\/sublimationsoinsexperts.com\\\/wp-content\\\/uploads\\\/2024\\\/01\\\/S221.001-PRONTOSAN.jpg\",\"width\":162,\"height\":400},{\"@type\":\"BreadcrumbList\",\"@id\":\"https:\\\/\\\/sublimationsoinsexperts.com\\\/index.php\\\/product\\\/prontosan-flacon-de-350-ml\\\/#breadcrumb\",\"itemListElement\":[{\"@type\":\"ListItem\",\"position\":1,\"name\":\"Accueil\",\"item\":\"https:\\\/\\\/sublimationsoinsexperts.com\\\/\"},{\"@type\":\"ListItem\",\"position\":2,\"name\":\"Shop\",\"item\":\"https:\\\/\\\/sublimationsoinsexperts.com\\\/index.php\\\/shop\\\/\"},{\"@type\":\"ListItem\",\"position\":3,\"name\":\"PRONTOSAN Flacon de 350 ml\"}]},{\"@type\":\"WebSite\",\"@id\":\"https:\\\/\\\/sublimationsoinsexperts.com\\\/#website\",\"url\":\"https:\\\/\\\/sublimationsoinsexperts.com\\\/\",\"name\":\"Sublimation soins experts\",\"description\":\"\",\"potentialAction\":[{\"@type\":\"SearchAction\",\"target\":{\"@type\":\"EntryPoint\",\"urlTemplate\":\"https:\\\/\\\/sublimationsoinsexperts.com\\\/?s={search_term_string}\"},\"query-input\":{\"@type\":\"PropertyValueSpecification\",\"valueRequired\":true,\"valueName\":\"search_term_string\"}}],\"inLanguage\":\"fr-FR\"}]}<\/script>\n<!-- \/ Yoast SEO plugin. -->","yoast_head_json":{"title":"PRONTOSAN Flacon de 350 ml - Sublimation soins experts","robots":{"index":"index","follow":"follow","max-snippet":"max-snippet:-1","max-image-preview":"max-image-preview:large","max-video-preview":"max-video-preview:-1"},"canonical":"https:\/\/sublimationsoinsexperts.com\/index.php\/product\/prontosan-flacon-de-350-ml\/","og_locale":"fr_FR","og_type":"article","og_title":"PRONTOSAN Flacon de 350 ml - Sublimation soins experts","og_description":"\u2022 Solution aqueuse, st\u00e9rile contenant de la b\u00e9ta\u00efne und\u00e9cyl\u00e8ne amidopropyle et du polyhexanide en faible quantit\u00e9 (0,1%). \u2022 La b\u00e9ta\u00efne (tensio-actif puissant) a pour r\u00f4le de d\u00e9solidariser le d\u00e9p\u00f4t fibrineux de la surface de la plaie, pour un retrait indolore. \u2022 Le polyhexanide en faible quantit\u00e9 permet de cr\u00e9er un milieu d\u00e9favorable au d\u00e9veloppement des [&hellip;]","og_url":"https:\/\/sublimationsoinsexperts.com\/index.php\/product\/prontosan-flacon-de-350-ml\/","og_site_name":"Sublimation soins experts","article_modified_time":"2024-04-16T18:42:39+00:00","og_image":[{"width":162,"height":400,"url":"http:\/\/sublimationsoinsexperts.com\/wp-content\/uploads\/2024\/01\/S221.001-PRONTOSAN.jpg","type":"image\/jpeg"}],"twitter_card":"summary_large_image","twitter_misc":{"Dur\u00e9e de lecture estim\u00e9e":"1 minute"},"schema":{"@context":"https:\/\/schema.org","@graph":[{"@type":"WebPage","@id":"https:\/\/sublimationsoinsexperts.com\/index.php\/product\/prontosan-flacon-de-350-ml\/","url":"https:\/\/sublimationsoinsexperts.com\/index.php\/product\/prontosan-flacon-de-350-ml\/","name":"PRONTOSAN Flacon de 350 ml - Sublimation soins experts","isPartOf":{"@id":"https:\/\/sublimationsoinsexperts.com\/#website"},"primaryImageOfPage":{"@id":"https:\/\/sublimationsoinsexperts.com\/index.php\/product\/prontosan-flacon-de-350-ml\/#primaryimage"},"image":{"@id":"https:\/\/sublimationsoinsexperts.com\/index.php\/product\/prontosan-flacon-de-350-ml\/#primaryimage"},"thumbnailUrl":"https:\/\/sublimationsoinsexperts.com\/wp-content\/uploads\/2024\/01\/S221.001-PRONTOSAN.jpg","datePublished":"2024-01-30T20:35:03+00:00","dateModified":"2024-04-16T18:42:39+00:00","breadcrumb":{"@id":"https:\/\/sublimationsoinsexperts.com\/index.php\/product\/prontosan-flacon-de-350-ml\/#breadcrumb"},"inLanguage":"fr-FR","potentialAction":[{"@type":"ReadAction","target":["https:\/\/sublimationsoinsexperts.com\/index.php\/product\/prontosan-flacon-de-350-ml\/"]}]},{"@type":"ImageObject","inLanguage":"fr-FR","@id":"https:\/\/sublimationsoinsexperts.com\/index.php\/product\/prontosan-flacon-de-350-ml\/#primaryimage","url":"https:\/\/sublimationsoinsexperts.com\/wp-content\/uploads\/2024\/01\/S221.001-PRONTOSAN.jpg","contentUrl":"https:\/\/sublimationsoinsexperts.com\/wp-content\/uploads\/2024\/01\/S221.001-PRONTOSAN.jpg","width":162,"height":400},{"@type":"BreadcrumbList","@id":"https:\/\/sublimationsoinsexperts.com\/index.php\/product\/prontosan-flacon-de-350-ml\/#breadcrumb","itemListElement":[{"@type":"ListItem","position":1,"name":"Accueil","item":"https:\/\/sublimationsoinsexperts.com\/"},{"@type":"ListItem","position":2,"name":"Shop","item":"https:\/\/sublimationsoinsexperts.com\/index.php\/shop\/"},{"@type":"ListItem","position":3,"name":"PRONTOSAN Flacon de 350 ml"}]},{"@type":"WebSite","@id":"https:\/\/sublimationsoinsexperts.com\/#website","url":"https:\/\/sublimationsoinsexperts.com\/","name":"Sublimation soins experts","description":"","potentialAction":[{"@type":"SearchAction","target":{"@type":"EntryPoint","urlTemplate":"https:\/\/sublimationsoinsexperts.com\/?s={search_term_string}"},"query-input":{"@type":"PropertyValueSpecification","valueRequired":true,"valueName":"search_term_string"}}],"inLanguage":"fr-FR"}]}},"_links":{"self":[{"href":"https:\/\/sublimationsoinsexperts.com\/index.php\/wp-json\/wp\/v2\/product\/1935","targetHints":{"allow":["GET"]}}],"collection":[{"href":"https:\/\/sublimationsoinsexperts.com\/index.php\/wp-json\/wp\/v2\/product"}],"about":[{"href":"https:\/\/sublimationsoinsexperts.com\/index.php\/wp-json\/wp\/v2\/types\/product"}],"replies":[{"embeddable":true,"href":"https:\/\/sublimationsoinsexperts.com\/index.php\/wp-json\/wp\/v2\/comments?post=1935"}],"wp:featuredmedia":[{"embeddable":true,"href":"https:\/\/sublimationsoinsexperts.com\/index.php\/wp-json\/wp\/v2\/media\/1936"}],"wp:attachment":[{"href":"https:\/\/sublimationsoinsexperts.com\/index.php\/wp-json\/wp\/v2\/media?parent=1935"}],"wp:term":[{"taxonomy":"product_brand","embeddable":true,"href":"https:\/\/sublimationsoinsexperts.com\/index.php\/wp-json\/wp\/v2\/product_brand?post=1935"},{"taxonomy":"product_cat","embeddable":true,"href":"https:\/\/sublimationsoinsexperts.com\/index.php\/wp-json\/wp\/v2\/product_cat?post=1935"},{"taxonomy":"product_tag","embeddable":true,"href":"https:\/\/sublimationsoinsexperts.com\/index.php\/wp-json\/wp\/v2\/product_tag?post=1935"}],"curies":[{"name":"wp","href":"https:\/\/api.w.org\/{rel}","templated":true}]}}