{"id":1954,"date":"2024-01-30T21:48:38","date_gmt":"2024-01-30T21:48:38","guid":{"rendered":"https:\/\/sublimationsoinsexperts.com\/?post_type=product&#038;p=1954"},"modified":"2024-04-16T19:42:39","modified_gmt":"2024-04-16T18:42:39","slug":"l-mesitran-soft-gel-antibacterien-tube-de-15-g","status":"publish","type":"product","link":"https:\/\/sublimationsoinsexperts.com\/index.php\/product\/l-mesitran-soft-gel-antibacterien-tube-de-15-g\/","title":{"rendered":"L-MESITRAN SOFT GEL ANTIBACTERIEN &#8211; Tube de 15 g"},"content":{"rendered":"<p>\u2022 L-Mesitran Soft Gel est un gel cicatrisant antibact\u00e9rien \u00e0 base de miel et s\u2019utilise pour le traitement des plaies chroniques.<br \/>\n\u2022 En cas de plaies chroniques, escarres, ulc\u00e8res de stase veineuse, plaies canc\u00e9reuses, plaies infect\u00e9es aigu\u00ebs, plaies chirurgicales, traumatiques et caus\u00e9es par laser et br\u00fblures (1er et 2e degr\u00e9)<br \/>\n\u2022 Conseils d\u2019utilisation :<br \/>\n&#8211; Appliquer directement sur la plaie propre ou la br\u00fblure, en fine couche.<br \/>\n&#8211; Faites le pansement avec une compresse non tiss\u00e9e.<br \/>\n&#8211; Vous pouvez changer le pansement une fois par jour ou tous les 2-3 jours.<\/p>\n<p>REF : S223.021<\/p>\n","protected":false},"excerpt":{"rendered":"<p>\u2022 L-Mesitran Soft Gel est un gel cicatrisant antibact\u00e9rien \u00e0 base de miel et s\u2019utilise pour le traitement des plaies chroniques. \u2022 En cas de plaies chroniques, escarres, ulc\u00e8res de stase veineuse, plaies canc\u00e9reuses, plaies infect\u00e9es aigu\u00ebs, plaies chirurgicales, traumatiques et caus\u00e9es par laser et br\u00fblures (1er et 2e degr\u00e9) \u2022 Conseils d\u2019utilisation : &#8211; [&hellip;]<\/p>\n","protected":false},"featured_media":1955,"comment_status":"open","ping_status":"closed","template":"","meta":[],"product_brand":[],"product_cat":[40,75,17],"product_tag":[],"class_list":{"0":"post-1954","1":"product","2":"type-product","3":"status-publish","4":"has-post-thumbnail","6":"product_cat-gestion-de-la-plaie","7":"product_cat-nettoyage-et-desinfection-de-la-plaie","8":"product_cat-soin","10":"first","11":"instock","12":"shipping-taxable","13":"purchasable","14":"product-type-simple"},"yoast_head":"<!-- This site is optimized with the Yoast SEO plugin v27.3 - https:\/\/yoast.com\/product\/yoast-seo-wordpress\/ -->\n<title>L-MESITRAN SOFT GEL ANTIBACTERIEN &#8211; Tube de 15 g - Sublimation soins experts<\/title>\n<meta name=\"robots\" content=\"index, follow, max-snippet:-1, max-image-preview:large, max-video-preview:-1\" \/>\n<link rel=\"canonical\" href=\"https:\/\/sublimationsoinsexperts.com\/index.php\/product\/l-mesitran-soft-gel-antibacterien-tube-de-15-g\/\" \/>\n<meta property=\"og:locale\" content=\"fr_FR\" \/>\n<meta property=\"og:type\" content=\"article\" \/>\n<meta property=\"og:title\" content=\"L-MESITRAN SOFT GEL ANTIBACTERIEN &#8211; Tube de 15 g - Sublimation soins experts\" \/>\n<meta property=\"og:description\" content=\"\u2022 L-Mesitran Soft Gel est un gel cicatrisant antibact\u00e9rien \u00e0 base de miel et s\u2019utilise pour le traitement des plaies chroniques. \u2022 En cas de plaies chroniques, escarres, ulc\u00e8res de stase veineuse, plaies canc\u00e9reuses, plaies infect\u00e9es aigu\u00ebs, plaies chirurgicales, traumatiques et caus\u00e9es par laser et br\u00fblures (1er et 2e degr\u00e9) \u2022 Conseils d\u2019utilisation : &#8211; [&hellip;]\" \/>\n<meta property=\"og:url\" content=\"https:\/\/sublimationsoinsexperts.com\/index.php\/product\/l-mesitran-soft-gel-antibacterien-tube-de-15-g\/\" \/>\n<meta property=\"og:site_name\" content=\"Sublimation soins experts\" \/>\n<meta property=\"article:modified_time\" content=\"2024-04-16T18:42:39+00:00\" \/>\n<meta property=\"og:image\" content=\"http:\/\/sublimationsoinsexperts.com\/wp-content\/uploads\/2024\/01\/S223.021_-L-MESITRAN-TUBE-de-15-g.jpg\" \/>\n\t<meta property=\"og:image:width\" content=\"400\" \/>\n\t<meta property=\"og:image:height\" content=\"400\" \/>\n\t<meta property=\"og:image:type\" content=\"image\/jpeg\" \/>\n<meta name=\"twitter:card\" content=\"summary_large_image\" \/>\n<meta name=\"twitter:label1\" content=\"Dur\u00e9e de lecture estim\u00e9e\" \/>\n\t<meta name=\"twitter:data1\" content=\"1 minute\" \/>\n<script type=\"application\/ld+json\" class=\"yoast-schema-graph\">{\"@context\":\"https:\\\/\\\/schema.org\",\"@graph\":[{\"@type\":\"WebPage\",\"@id\":\"https:\\\/\\\/sublimationsoinsexperts.com\\\/index.php\\\/product\\\/l-mesitran-soft-gel-antibacterien-tube-de-15-g\\\/\",\"url\":\"https:\\\/\\\/sublimationsoinsexperts.com\\\/index.php\\\/product\\\/l-mesitran-soft-gel-antibacterien-tube-de-15-g\\\/\",\"name\":\"L-MESITRAN SOFT GEL ANTIBACTERIEN &#8211; Tube de 15 g - Sublimation soins experts\",\"isPartOf\":{\"@id\":\"https:\\\/\\\/sublimationsoinsexperts.com\\\/#website\"},\"primaryImageOfPage\":{\"@id\":\"https:\\\/\\\/sublimationsoinsexperts.com\\\/index.php\\\/product\\\/l-mesitran-soft-gel-antibacterien-tube-de-15-g\\\/#primaryimage\"},\"image\":{\"@id\":\"https:\\\/\\\/sublimationsoinsexperts.com\\\/index.php\\\/product\\\/l-mesitran-soft-gel-antibacterien-tube-de-15-g\\\/#primaryimage\"},\"thumbnailUrl\":\"https:\\\/\\\/sublimationsoinsexperts.com\\\/wp-content\\\/uploads\\\/2024\\\/01\\\/S223.021_-L-MESITRAN-TUBE-de-15-g.jpg\",\"datePublished\":\"2024-01-30T21:48:38+00:00\",\"dateModified\":\"2024-04-16T18:42:39+00:00\",\"breadcrumb\":{\"@id\":\"https:\\\/\\\/sublimationsoinsexperts.com\\\/index.php\\\/product\\\/l-mesitran-soft-gel-antibacterien-tube-de-15-g\\\/#breadcrumb\"},\"inLanguage\":\"fr-FR\",\"potentialAction\":[{\"@type\":\"ReadAction\",\"target\":[\"https:\\\/\\\/sublimationsoinsexperts.com\\\/index.php\\\/product\\\/l-mesitran-soft-gel-antibacterien-tube-de-15-g\\\/\"]}]},{\"@type\":\"ImageObject\",\"inLanguage\":\"fr-FR\",\"@id\":\"https:\\\/\\\/sublimationsoinsexperts.com\\\/index.php\\\/product\\\/l-mesitran-soft-gel-antibacterien-tube-de-15-g\\\/#primaryimage\",\"url\":\"https:\\\/\\\/sublimationsoinsexperts.com\\\/wp-content\\\/uploads\\\/2024\\\/01\\\/S223.021_-L-MESITRAN-TUBE-de-15-g.jpg\",\"contentUrl\":\"https:\\\/\\\/sublimationsoinsexperts.com\\\/wp-content\\\/uploads\\\/2024\\\/01\\\/S223.021_-L-MESITRAN-TUBE-de-15-g.jpg\",\"width\":400,\"height\":400},{\"@type\":\"BreadcrumbList\",\"@id\":\"https:\\\/\\\/sublimationsoinsexperts.com\\\/index.php\\\/product\\\/l-mesitran-soft-gel-antibacterien-tube-de-15-g\\\/#breadcrumb\",\"itemListElement\":[{\"@type\":\"ListItem\",\"position\":1,\"name\":\"Accueil\",\"item\":\"https:\\\/\\\/sublimationsoinsexperts.com\\\/\"},{\"@type\":\"ListItem\",\"position\":2,\"name\":\"Shop\",\"item\":\"https:\\\/\\\/sublimationsoinsexperts.com\\\/index.php\\\/shop\\\/\"},{\"@type\":\"ListItem\",\"position\":3,\"name\":\"L-MESITRAN SOFT GEL ANTIBACTERIEN &#8211; Tube de 15 g\"}]},{\"@type\":\"WebSite\",\"@id\":\"https:\\\/\\\/sublimationsoinsexperts.com\\\/#website\",\"url\":\"https:\\\/\\\/sublimationsoinsexperts.com\\\/\",\"name\":\"Sublimation soins experts\",\"description\":\"\",\"potentialAction\":[{\"@type\":\"SearchAction\",\"target\":{\"@type\":\"EntryPoint\",\"urlTemplate\":\"https:\\\/\\\/sublimationsoinsexperts.com\\\/?s={search_term_string}\"},\"query-input\":{\"@type\":\"PropertyValueSpecification\",\"valueRequired\":true,\"valueName\":\"search_term_string\"}}],\"inLanguage\":\"fr-FR\"}]}<\/script>\n<!-- \/ Yoast SEO plugin. -->","yoast_head_json":{"title":"L-MESITRAN SOFT GEL ANTIBACTERIEN &#8211; Tube de 15 g - Sublimation soins experts","robots":{"index":"index","follow":"follow","max-snippet":"max-snippet:-1","max-image-preview":"max-image-preview:large","max-video-preview":"max-video-preview:-1"},"canonical":"https:\/\/sublimationsoinsexperts.com\/index.php\/product\/l-mesitran-soft-gel-antibacterien-tube-de-15-g\/","og_locale":"fr_FR","og_type":"article","og_title":"L-MESITRAN SOFT GEL ANTIBACTERIEN &#8211; Tube de 15 g - Sublimation soins experts","og_description":"\u2022 L-Mesitran Soft Gel est un gel cicatrisant antibact\u00e9rien \u00e0 base de miel et s\u2019utilise pour le traitement des plaies chroniques. \u2022 En cas de plaies chroniques, escarres, ulc\u00e8res de stase veineuse, plaies canc\u00e9reuses, plaies infect\u00e9es aigu\u00ebs, plaies chirurgicales, traumatiques et caus\u00e9es par laser et br\u00fblures (1er et 2e degr\u00e9) \u2022 Conseils d\u2019utilisation : &#8211; [&hellip;]","og_url":"https:\/\/sublimationsoinsexperts.com\/index.php\/product\/l-mesitran-soft-gel-antibacterien-tube-de-15-g\/","og_site_name":"Sublimation soins experts","article_modified_time":"2024-04-16T18:42:39+00:00","og_image":[{"width":400,"height":400,"url":"http:\/\/sublimationsoinsexperts.com\/wp-content\/uploads\/2024\/01\/S223.021_-L-MESITRAN-TUBE-de-15-g.jpg","type":"image\/jpeg"}],"twitter_card":"summary_large_image","twitter_misc":{"Dur\u00e9e de lecture estim\u00e9e":"1 minute"},"schema":{"@context":"https:\/\/schema.org","@graph":[{"@type":"WebPage","@id":"https:\/\/sublimationsoinsexperts.com\/index.php\/product\/l-mesitran-soft-gel-antibacterien-tube-de-15-g\/","url":"https:\/\/sublimationsoinsexperts.com\/index.php\/product\/l-mesitran-soft-gel-antibacterien-tube-de-15-g\/","name":"L-MESITRAN SOFT GEL ANTIBACTERIEN &#8211; Tube de 15 g - Sublimation soins experts","isPartOf":{"@id":"https:\/\/sublimationsoinsexperts.com\/#website"},"primaryImageOfPage":{"@id":"https:\/\/sublimationsoinsexperts.com\/index.php\/product\/l-mesitran-soft-gel-antibacterien-tube-de-15-g\/#primaryimage"},"image":{"@id":"https:\/\/sublimationsoinsexperts.com\/index.php\/product\/l-mesitran-soft-gel-antibacterien-tube-de-15-g\/#primaryimage"},"thumbnailUrl":"https:\/\/sublimationsoinsexperts.com\/wp-content\/uploads\/2024\/01\/S223.021_-L-MESITRAN-TUBE-de-15-g.jpg","datePublished":"2024-01-30T21:48:38+00:00","dateModified":"2024-04-16T18:42:39+00:00","breadcrumb":{"@id":"https:\/\/sublimationsoinsexperts.com\/index.php\/product\/l-mesitran-soft-gel-antibacterien-tube-de-15-g\/#breadcrumb"},"inLanguage":"fr-FR","potentialAction":[{"@type":"ReadAction","target":["https:\/\/sublimationsoinsexperts.com\/index.php\/product\/l-mesitran-soft-gel-antibacterien-tube-de-15-g\/"]}]},{"@type":"ImageObject","inLanguage":"fr-FR","@id":"https:\/\/sublimationsoinsexperts.com\/index.php\/product\/l-mesitran-soft-gel-antibacterien-tube-de-15-g\/#primaryimage","url":"https:\/\/sublimationsoinsexperts.com\/wp-content\/uploads\/2024\/01\/S223.021_-L-MESITRAN-TUBE-de-15-g.jpg","contentUrl":"https:\/\/sublimationsoinsexperts.com\/wp-content\/uploads\/2024\/01\/S223.021_-L-MESITRAN-TUBE-de-15-g.jpg","width":400,"height":400},{"@type":"BreadcrumbList","@id":"https:\/\/sublimationsoinsexperts.com\/index.php\/product\/l-mesitran-soft-gel-antibacterien-tube-de-15-g\/#breadcrumb","itemListElement":[{"@type":"ListItem","position":1,"name":"Accueil","item":"https:\/\/sublimationsoinsexperts.com\/"},{"@type":"ListItem","position":2,"name":"Shop","item":"https:\/\/sublimationsoinsexperts.com\/index.php\/shop\/"},{"@type":"ListItem","position":3,"name":"L-MESITRAN SOFT GEL ANTIBACTERIEN &#8211; Tube de 15 g"}]},{"@type":"WebSite","@id":"https:\/\/sublimationsoinsexperts.com\/#website","url":"https:\/\/sublimationsoinsexperts.com\/","name":"Sublimation soins experts","description":"","potentialAction":[{"@type":"SearchAction","target":{"@type":"EntryPoint","urlTemplate":"https:\/\/sublimationsoinsexperts.com\/?s={search_term_string}"},"query-input":{"@type":"PropertyValueSpecification","valueRequired":true,"valueName":"search_term_string"}}],"inLanguage":"fr-FR"}]}},"_links":{"self":[{"href":"https:\/\/sublimationsoinsexperts.com\/index.php\/wp-json\/wp\/v2\/product\/1954","targetHints":{"allow":["GET"]}}],"collection":[{"href":"https:\/\/sublimationsoinsexperts.com\/index.php\/wp-json\/wp\/v2\/product"}],"about":[{"href":"https:\/\/sublimationsoinsexperts.com\/index.php\/wp-json\/wp\/v2\/types\/product"}],"replies":[{"embeddable":true,"href":"https:\/\/sublimationsoinsexperts.com\/index.php\/wp-json\/wp\/v2\/comments?post=1954"}],"wp:featuredmedia":[{"embeddable":true,"href":"https:\/\/sublimationsoinsexperts.com\/index.php\/wp-json\/wp\/v2\/media\/1955"}],"wp:attachment":[{"href":"https:\/\/sublimationsoinsexperts.com\/index.php\/wp-json\/wp\/v2\/media?parent=1954"}],"wp:term":[{"taxonomy":"product_brand","embeddable":true,"href":"https:\/\/sublimationsoinsexperts.com\/index.php\/wp-json\/wp\/v2\/product_brand?post=1954"},{"taxonomy":"product_cat","embeddable":true,"href":"https:\/\/sublimationsoinsexperts.com\/index.php\/wp-json\/wp\/v2\/product_cat?post=1954"},{"taxonomy":"product_tag","embeddable":true,"href":"https:\/\/sublimationsoinsexperts.com\/index.php\/wp-json\/wp\/v2\/product_tag?post=1954"}],"curies":[{"name":"wp","href":"https:\/\/api.w.org\/{rel}","templated":true}]}}