{"id":1956,"date":"2024-01-30T21:53:01","date_gmt":"2024-01-30T21:53:01","guid":{"rendered":"https:\/\/sublimationsoinsexperts.com\/?post_type=product&#038;p=1956"},"modified":"2024-04-16T19:42:39","modified_gmt":"2024-04-16T18:42:39","slug":"pissette-col-de-cygne-250-ml","status":"publish","type":"product","link":"https:\/\/sublimationsoinsexperts.com\/index.php\/product\/pissette-col-de-cygne-250-ml\/","title":{"rendered":"PISSETTE COL DE CYGNE 250 ml"},"content":{"rendered":"<p>\u2022 Cette pissette, fabriqu\u00e9e en poly\u00e9thyl\u00e8ne haute pression, est destin\u00e9e \u00e0 contenir des produits liquides. Gr\u00e2ce \u00e0 son tube verseur recourb\u00e9 (en col de cygne), elle permet une diffusion pr\u00e9cise et sans contact de ces produits sur des instruments, des plaies etc<br \/>\n\u2022 La pissette col de cygne a de nombreuses application en milieu hospitalier, laboratoire, bricolage.<\/p>\n<p>&nbsp;<\/p>\n<p>REF : 072.001<\/p>\n","protected":false},"excerpt":{"rendered":"<p>\u2022 Cette pissette, fabriqu\u00e9e en poly\u00e9thyl\u00e8ne haute pression, est destin\u00e9e \u00e0 contenir des produits liquides. Gr\u00e2ce \u00e0 son tube verseur recourb\u00e9 (en col de cygne), elle permet une diffusion pr\u00e9cise et sans contact de ces produits sur des instruments, des plaies etc \u2022 La pissette col de cygne a de nombreuses application en milieu hospitalier, [&hellip;]<\/p>\n","protected":false},"featured_media":1957,"comment_status":"open","ping_status":"closed","template":"","meta":[],"product_brand":[],"product_cat":[40,75,17],"product_tag":[],"class_list":{"0":"post-1956","1":"product","2":"type-product","3":"status-publish","4":"has-post-thumbnail","6":"product_cat-gestion-de-la-plaie","7":"product_cat-nettoyage-et-desinfection-de-la-plaie","8":"product_cat-soin","10":"first","11":"instock","12":"shipping-taxable","13":"purchasable","14":"product-type-simple"},"yoast_head":"<!-- This site is optimized with the Yoast SEO plugin v27.5 - https:\/\/yoast.com\/product\/yoast-seo-wordpress\/ -->\n<title>PISSETTE COL DE CYGNE 250 ml - Sublimation soins experts<\/title>\n<meta name=\"robots\" content=\"index, follow, max-snippet:-1, max-image-preview:large, max-video-preview:-1\" \/>\n<link rel=\"canonical\" href=\"https:\/\/sublimationsoinsexperts.com\/index.php\/product\/pissette-col-de-cygne-250-ml\/\" \/>\n<meta property=\"og:locale\" content=\"fr_FR\" \/>\n<meta property=\"og:type\" content=\"article\" \/>\n<meta property=\"og:title\" content=\"PISSETTE COL DE CYGNE 250 ml - Sublimation soins experts\" \/>\n<meta property=\"og:description\" content=\"\u2022 Cette pissette, fabriqu\u00e9e en poly\u00e9thyl\u00e8ne haute pression, est destin\u00e9e \u00e0 contenir des produits liquides. Gr\u00e2ce \u00e0 son tube verseur recourb\u00e9 (en col de cygne), elle permet une diffusion pr\u00e9cise et sans contact de ces produits sur des instruments, des plaies etc \u2022 La pissette col de cygne a de nombreuses application en milieu hospitalier, [&hellip;]\" \/>\n<meta property=\"og:url\" content=\"https:\/\/sublimationsoinsexperts.com\/index.php\/product\/pissette-col-de-cygne-250-ml\/\" \/>\n<meta property=\"og:site_name\" content=\"Sublimation soins experts\" \/>\n<meta property=\"article:modified_time\" content=\"2024-04-16T18:42:39+00:00\" \/>\n<meta property=\"og:image\" content=\"http:\/\/sublimationsoinsexperts.com\/wp-content\/uploads\/2024\/01\/072.001-PISSETTE-COL-DE-CYGNE-250-ml.jpg\" \/>\n\t<meta property=\"og:image:width\" content=\"400\" \/>\n\t<meta property=\"og:image:height\" content=\"300\" \/>\n\t<meta property=\"og:image:type\" content=\"image\/jpeg\" \/>\n<meta name=\"twitter:card\" content=\"summary_large_image\" \/>\n<meta name=\"twitter:label1\" content=\"Dur\u00e9e de lecture estim\u00e9e\" \/>\n\t<meta name=\"twitter:data1\" content=\"1 minute\" \/>\n<script type=\"application\/ld+json\" class=\"yoast-schema-graph\">{\"@context\":\"https:\\\/\\\/schema.org\",\"@graph\":[{\"@type\":\"WebPage\",\"@id\":\"https:\\\/\\\/sublimationsoinsexperts.com\\\/index.php\\\/product\\\/pissette-col-de-cygne-250-ml\\\/\",\"url\":\"https:\\\/\\\/sublimationsoinsexperts.com\\\/index.php\\\/product\\\/pissette-col-de-cygne-250-ml\\\/\",\"name\":\"PISSETTE COL DE CYGNE 250 ml - Sublimation soins experts\",\"isPartOf\":{\"@id\":\"https:\\\/\\\/sublimationsoinsexperts.com\\\/#website\"},\"primaryImageOfPage\":{\"@id\":\"https:\\\/\\\/sublimationsoinsexperts.com\\\/index.php\\\/product\\\/pissette-col-de-cygne-250-ml\\\/#primaryimage\"},\"image\":{\"@id\":\"https:\\\/\\\/sublimationsoinsexperts.com\\\/index.php\\\/product\\\/pissette-col-de-cygne-250-ml\\\/#primaryimage\"},\"thumbnailUrl\":\"https:\\\/\\\/sublimationsoinsexperts.com\\\/wp-content\\\/uploads\\\/2024\\\/01\\\/072.001-PISSETTE-COL-DE-CYGNE-250-ml.jpg\",\"datePublished\":\"2024-01-30T21:53:01+00:00\",\"dateModified\":\"2024-04-16T18:42:39+00:00\",\"breadcrumb\":{\"@id\":\"https:\\\/\\\/sublimationsoinsexperts.com\\\/index.php\\\/product\\\/pissette-col-de-cygne-250-ml\\\/#breadcrumb\"},\"inLanguage\":\"fr-FR\",\"potentialAction\":[{\"@type\":\"ReadAction\",\"target\":[\"https:\\\/\\\/sublimationsoinsexperts.com\\\/index.php\\\/product\\\/pissette-col-de-cygne-250-ml\\\/\"]}]},{\"@type\":\"ImageObject\",\"inLanguage\":\"fr-FR\",\"@id\":\"https:\\\/\\\/sublimationsoinsexperts.com\\\/index.php\\\/product\\\/pissette-col-de-cygne-250-ml\\\/#primaryimage\",\"url\":\"https:\\\/\\\/sublimationsoinsexperts.com\\\/wp-content\\\/uploads\\\/2024\\\/01\\\/072.001-PISSETTE-COL-DE-CYGNE-250-ml.jpg\",\"contentUrl\":\"https:\\\/\\\/sublimationsoinsexperts.com\\\/wp-content\\\/uploads\\\/2024\\\/01\\\/072.001-PISSETTE-COL-DE-CYGNE-250-ml.jpg\",\"width\":400,\"height\":300},{\"@type\":\"BreadcrumbList\",\"@id\":\"https:\\\/\\\/sublimationsoinsexperts.com\\\/index.php\\\/product\\\/pissette-col-de-cygne-250-ml\\\/#breadcrumb\",\"itemListElement\":[{\"@type\":\"ListItem\",\"position\":1,\"name\":\"Accueil\",\"item\":\"https:\\\/\\\/sublimationsoinsexperts.com\\\/\"},{\"@type\":\"ListItem\",\"position\":2,\"name\":\"Shop\",\"item\":\"https:\\\/\\\/sublimationsoinsexperts.com\\\/index.php\\\/shop\\\/\"},{\"@type\":\"ListItem\",\"position\":3,\"name\":\"PISSETTE COL DE CYGNE 250 ml\"}]},{\"@type\":\"WebSite\",\"@id\":\"https:\\\/\\\/sublimationsoinsexperts.com\\\/#website\",\"url\":\"https:\\\/\\\/sublimationsoinsexperts.com\\\/\",\"name\":\"Sublimation soins experts\",\"description\":\"\",\"potentialAction\":[{\"@type\":\"SearchAction\",\"target\":{\"@type\":\"EntryPoint\",\"urlTemplate\":\"https:\\\/\\\/sublimationsoinsexperts.com\\\/?s={search_term_string}\"},\"query-input\":{\"@type\":\"PropertyValueSpecification\",\"valueRequired\":true,\"valueName\":\"search_term_string\"}}],\"inLanguage\":\"fr-FR\"}]}<\/script>\n<!-- \/ Yoast SEO plugin. -->","yoast_head_json":{"title":"PISSETTE COL DE CYGNE 250 ml - Sublimation soins experts","robots":{"index":"index","follow":"follow","max-snippet":"max-snippet:-1","max-image-preview":"max-image-preview:large","max-video-preview":"max-video-preview:-1"},"canonical":"https:\/\/sublimationsoinsexperts.com\/index.php\/product\/pissette-col-de-cygne-250-ml\/","og_locale":"fr_FR","og_type":"article","og_title":"PISSETTE COL DE CYGNE 250 ml - Sublimation soins experts","og_description":"\u2022 Cette pissette, fabriqu\u00e9e en poly\u00e9thyl\u00e8ne haute pression, est destin\u00e9e \u00e0 contenir des produits liquides. Gr\u00e2ce \u00e0 son tube verseur recourb\u00e9 (en col de cygne), elle permet une diffusion pr\u00e9cise et sans contact de ces produits sur des instruments, des plaies etc \u2022 La pissette col de cygne a de nombreuses application en milieu hospitalier, [&hellip;]","og_url":"https:\/\/sublimationsoinsexperts.com\/index.php\/product\/pissette-col-de-cygne-250-ml\/","og_site_name":"Sublimation soins experts","article_modified_time":"2024-04-16T18:42:39+00:00","og_image":[{"width":400,"height":300,"url":"http:\/\/sublimationsoinsexperts.com\/wp-content\/uploads\/2024\/01\/072.001-PISSETTE-COL-DE-CYGNE-250-ml.jpg","type":"image\/jpeg"}],"twitter_card":"summary_large_image","twitter_misc":{"Dur\u00e9e de lecture estim\u00e9e":"1 minute"},"schema":{"@context":"https:\/\/schema.org","@graph":[{"@type":"WebPage","@id":"https:\/\/sublimationsoinsexperts.com\/index.php\/product\/pissette-col-de-cygne-250-ml\/","url":"https:\/\/sublimationsoinsexperts.com\/index.php\/product\/pissette-col-de-cygne-250-ml\/","name":"PISSETTE COL DE CYGNE 250 ml - Sublimation soins experts","isPartOf":{"@id":"https:\/\/sublimationsoinsexperts.com\/#website"},"primaryImageOfPage":{"@id":"https:\/\/sublimationsoinsexperts.com\/index.php\/product\/pissette-col-de-cygne-250-ml\/#primaryimage"},"image":{"@id":"https:\/\/sublimationsoinsexperts.com\/index.php\/product\/pissette-col-de-cygne-250-ml\/#primaryimage"},"thumbnailUrl":"https:\/\/sublimationsoinsexperts.com\/wp-content\/uploads\/2024\/01\/072.001-PISSETTE-COL-DE-CYGNE-250-ml.jpg","datePublished":"2024-01-30T21:53:01+00:00","dateModified":"2024-04-16T18:42:39+00:00","breadcrumb":{"@id":"https:\/\/sublimationsoinsexperts.com\/index.php\/product\/pissette-col-de-cygne-250-ml\/#breadcrumb"},"inLanguage":"fr-FR","potentialAction":[{"@type":"ReadAction","target":["https:\/\/sublimationsoinsexperts.com\/index.php\/product\/pissette-col-de-cygne-250-ml\/"]}]},{"@type":"ImageObject","inLanguage":"fr-FR","@id":"https:\/\/sublimationsoinsexperts.com\/index.php\/product\/pissette-col-de-cygne-250-ml\/#primaryimage","url":"https:\/\/sublimationsoinsexperts.com\/wp-content\/uploads\/2024\/01\/072.001-PISSETTE-COL-DE-CYGNE-250-ml.jpg","contentUrl":"https:\/\/sublimationsoinsexperts.com\/wp-content\/uploads\/2024\/01\/072.001-PISSETTE-COL-DE-CYGNE-250-ml.jpg","width":400,"height":300},{"@type":"BreadcrumbList","@id":"https:\/\/sublimationsoinsexperts.com\/index.php\/product\/pissette-col-de-cygne-250-ml\/#breadcrumb","itemListElement":[{"@type":"ListItem","position":1,"name":"Accueil","item":"https:\/\/sublimationsoinsexperts.com\/"},{"@type":"ListItem","position":2,"name":"Shop","item":"https:\/\/sublimationsoinsexperts.com\/index.php\/shop\/"},{"@type":"ListItem","position":3,"name":"PISSETTE COL DE CYGNE 250 ml"}]},{"@type":"WebSite","@id":"https:\/\/sublimationsoinsexperts.com\/#website","url":"https:\/\/sublimationsoinsexperts.com\/","name":"Sublimation soins experts","description":"","potentialAction":[{"@type":"SearchAction","target":{"@type":"EntryPoint","urlTemplate":"https:\/\/sublimationsoinsexperts.com\/?s={search_term_string}"},"query-input":{"@type":"PropertyValueSpecification","valueRequired":true,"valueName":"search_term_string"}}],"inLanguage":"fr-FR"}]}},"_links":{"self":[{"href":"https:\/\/sublimationsoinsexperts.com\/index.php\/wp-json\/wp\/v2\/product\/1956","targetHints":{"allow":["GET"]}}],"collection":[{"href":"https:\/\/sublimationsoinsexperts.com\/index.php\/wp-json\/wp\/v2\/product"}],"about":[{"href":"https:\/\/sublimationsoinsexperts.com\/index.php\/wp-json\/wp\/v2\/types\/product"}],"replies":[{"embeddable":true,"href":"https:\/\/sublimationsoinsexperts.com\/index.php\/wp-json\/wp\/v2\/comments?post=1956"}],"wp:featuredmedia":[{"embeddable":true,"href":"https:\/\/sublimationsoinsexperts.com\/index.php\/wp-json\/wp\/v2\/media\/1957"}],"wp:attachment":[{"href":"https:\/\/sublimationsoinsexperts.com\/index.php\/wp-json\/wp\/v2\/media?parent=1956"}],"wp:term":[{"taxonomy":"product_brand","embeddable":true,"href":"https:\/\/sublimationsoinsexperts.com\/index.php\/wp-json\/wp\/v2\/product_brand?post=1956"},{"taxonomy":"product_cat","embeddable":true,"href":"https:\/\/sublimationsoinsexperts.com\/index.php\/wp-json\/wp\/v2\/product_cat?post=1956"},{"taxonomy":"product_tag","embeddable":true,"href":"https:\/\/sublimationsoinsexperts.com\/index.php\/wp-json\/wp\/v2\/product_tag?post=1956"}],"curies":[{"name":"wp","href":"https:\/\/api.w.org\/{rel}","templated":true}]}}