{"id":1969,"date":"2024-01-30T23:03:52","date_gmt":"2024-01-30T23:03:52","guid":{"rendered":"https:\/\/sublimationsoinsexperts.com\/?post_type=product&#038;p=1969"},"modified":"2024-04-16T19:36:38","modified_gmt":"2024-04-16T18:36:38","slug":"compresses-absorbantes-non-steriles-boite-de-25","status":"publish","type":"product","link":"https:\/\/sublimationsoinsexperts.com\/index.php\/product\/compresses-absorbantes-non-steriles-boite-de-25\/","title":{"rendered":"COMPRESSES ABSORBANTES NON STERILES Bo\u00eete de 25"},"content":{"rendered":"<p>\u2022 Tampon absorbant pr\u00eat \u00e0 l\u2019emploi<br \/>\n\u2022 Structure en non tiss\u00e9 remplie de cellulose<br \/>\n\u2022 Non-adh\u00e9rents aux plaies<br \/>\n\u2022 Compl\u00e8tement ferm\u00e9<br \/>\n\u2022 Tr\u00e8s grande capacit\u00e9 d\u2019absorption<br \/>\n\u2022 Le non tiss\u00e9 sp\u00e9cial bleu prot\u00e8ge contre la p\u00e9n\u00e9tration de la s\u00e9cr\u00e9tion de la plaie et prot\u00e8ge ainsi le linge de lit et les v\u00eatements<br \/>\n\u2022 Les coussinets absorbants non st\u00e9riles peuvent \u00eatre st\u00e9rilis\u00e9s.<br \/>\n\u2022 Pour le soin externe des plaies s\u00e9cr\u00e9tant s\u00e9v\u00e8rement.<br \/>\n\u2022 Convient \u00e9galement pour le rembourrage des plaies.<\/p>\n","protected":false},"excerpt":{"rendered":"<p>\u2022 Tampon absorbant pr\u00eat \u00e0 l\u2019emploi \u2022 Structure en non tiss\u00e9 remplie de cellulose \u2022 Non-adh\u00e9rents aux plaies \u2022 Compl\u00e8tement ferm\u00e9 \u2022 Tr\u00e8s grande capacit\u00e9 d\u2019absorption \u2022 Le non tiss\u00e9 sp\u00e9cial bleu prot\u00e8ge contre la p\u00e9n\u00e9tration de la s\u00e9cr\u00e9tion de la plaie et prot\u00e8ge ainsi le linge de lit et les v\u00eatements \u2022 Les coussinets [&hellip;]<\/p>\n","protected":false},"featured_media":1973,"comment_status":"open","ping_status":"closed","template":"","meta":[],"product_brand":[],"product_cat":[150,40,17],"product_tag":[],"class_list":{"0":"post-1969","1":"product","2":"type-product","3":"status-publish","4":"has-post-thumbnail","6":"product_cat-compresses-absorbantes","7":"product_cat-gestion-de-la-plaie","8":"product_cat-soin","10":"first","11":"instock","12":"shipping-taxable","13":"purchasable","14":"product-type-variable"},"yoast_head":"<!-- This site is optimized with the Yoast SEO plugin v27.5 - https:\/\/yoast.com\/product\/yoast-seo-wordpress\/ -->\n<title>COMPRESSES ABSORBANTES NON STERILES Bo\u00eete de 25 - Sublimation soins experts<\/title>\n<meta name=\"robots\" content=\"index, follow, max-snippet:-1, max-image-preview:large, max-video-preview:-1\" \/>\n<link rel=\"canonical\" href=\"https:\/\/sublimationsoinsexperts.com\/index.php\/product\/compresses-absorbantes-non-steriles-boite-de-25\/\" \/>\n<meta property=\"og:locale\" content=\"fr_FR\" \/>\n<meta property=\"og:type\" content=\"article\" \/>\n<meta property=\"og:title\" content=\"COMPRESSES ABSORBANTES NON STERILES Bo\u00eete de 25 - Sublimation soins experts\" \/>\n<meta property=\"og:description\" content=\"\u2022 Tampon absorbant pr\u00eat \u00e0 l\u2019emploi \u2022 Structure en non tiss\u00e9 remplie de cellulose \u2022 Non-adh\u00e9rents aux plaies \u2022 Compl\u00e8tement ferm\u00e9 \u2022 Tr\u00e8s grande capacit\u00e9 d\u2019absorption \u2022 Le non tiss\u00e9 sp\u00e9cial bleu prot\u00e8ge contre la p\u00e9n\u00e9tration de la s\u00e9cr\u00e9tion de la plaie et prot\u00e8ge ainsi le linge de lit et les v\u00eatements \u2022 Les coussinets [&hellip;]\" \/>\n<meta property=\"og:url\" content=\"https:\/\/sublimationsoinsexperts.com\/index.php\/product\/compresses-absorbantes-non-steriles-boite-de-25\/\" \/>\n<meta property=\"og:site_name\" content=\"Sublimation soins experts\" \/>\n<meta property=\"article:modified_time\" content=\"2024-04-16T18:36:38+00:00\" \/>\n<meta property=\"og:image\" content=\"http:\/\/sublimationsoinsexperts.com\/wp-content\/uploads\/2024\/01\/S120.171-COMPRESSE-ABSOR-10X10-NON-STE-PAQUET-DE-25.jpg\" \/>\n\t<meta property=\"og:image:width\" content=\"399\" \/>\n\t<meta property=\"og:image:height\" content=\"380\" \/>\n\t<meta property=\"og:image:type\" content=\"image\/jpeg\" \/>\n<meta name=\"twitter:card\" content=\"summary_large_image\" \/>\n<meta name=\"twitter:label1\" content=\"Dur\u00e9e de lecture estim\u00e9e\" \/>\n\t<meta name=\"twitter:data1\" content=\"1 minute\" \/>\n<script type=\"application\/ld+json\" class=\"yoast-schema-graph\">{\"@context\":\"https:\\\/\\\/schema.org\",\"@graph\":[{\"@type\":\"WebPage\",\"@id\":\"https:\\\/\\\/sublimationsoinsexperts.com\\\/index.php\\\/product\\\/compresses-absorbantes-non-steriles-boite-de-25\\\/\",\"url\":\"https:\\\/\\\/sublimationsoinsexperts.com\\\/index.php\\\/product\\\/compresses-absorbantes-non-steriles-boite-de-25\\\/\",\"name\":\"COMPRESSES ABSORBANTES NON STERILES Bo\u00eete de 25 - Sublimation soins experts\",\"isPartOf\":{\"@id\":\"https:\\\/\\\/sublimationsoinsexperts.com\\\/#website\"},\"primaryImageOfPage\":{\"@id\":\"https:\\\/\\\/sublimationsoinsexperts.com\\\/index.php\\\/product\\\/compresses-absorbantes-non-steriles-boite-de-25\\\/#primaryimage\"},\"image\":{\"@id\":\"https:\\\/\\\/sublimationsoinsexperts.com\\\/index.php\\\/product\\\/compresses-absorbantes-non-steriles-boite-de-25\\\/#primaryimage\"},\"thumbnailUrl\":\"https:\\\/\\\/sublimationsoinsexperts.com\\\/wp-content\\\/uploads\\\/2024\\\/01\\\/S120.171-COMPRESSE-ABSOR-10X10-NON-STE-PAQUET-DE-25.jpg\",\"datePublished\":\"2024-01-30T23:03:52+00:00\",\"dateModified\":\"2024-04-16T18:36:38+00:00\",\"breadcrumb\":{\"@id\":\"https:\\\/\\\/sublimationsoinsexperts.com\\\/index.php\\\/product\\\/compresses-absorbantes-non-steriles-boite-de-25\\\/#breadcrumb\"},\"inLanguage\":\"fr-FR\",\"potentialAction\":[{\"@type\":\"ReadAction\",\"target\":[\"https:\\\/\\\/sublimationsoinsexperts.com\\\/index.php\\\/product\\\/compresses-absorbantes-non-steriles-boite-de-25\\\/\"]}]},{\"@type\":\"ImageObject\",\"inLanguage\":\"fr-FR\",\"@id\":\"https:\\\/\\\/sublimationsoinsexperts.com\\\/index.php\\\/product\\\/compresses-absorbantes-non-steriles-boite-de-25\\\/#primaryimage\",\"url\":\"https:\\\/\\\/sublimationsoinsexperts.com\\\/wp-content\\\/uploads\\\/2024\\\/01\\\/S120.171-COMPRESSE-ABSOR-10X10-NON-STE-PAQUET-DE-25.jpg\",\"contentUrl\":\"https:\\\/\\\/sublimationsoinsexperts.com\\\/wp-content\\\/uploads\\\/2024\\\/01\\\/S120.171-COMPRESSE-ABSOR-10X10-NON-STE-PAQUET-DE-25.jpg\",\"width\":399,\"height\":380},{\"@type\":\"BreadcrumbList\",\"@id\":\"https:\\\/\\\/sublimationsoinsexperts.com\\\/index.php\\\/product\\\/compresses-absorbantes-non-steriles-boite-de-25\\\/#breadcrumb\",\"itemListElement\":[{\"@type\":\"ListItem\",\"position\":1,\"name\":\"Accueil\",\"item\":\"https:\\\/\\\/sublimationsoinsexperts.com\\\/\"},{\"@type\":\"ListItem\",\"position\":2,\"name\":\"Shop\",\"item\":\"https:\\\/\\\/sublimationsoinsexperts.com\\\/index.php\\\/shop\\\/\"},{\"@type\":\"ListItem\",\"position\":3,\"name\":\"COMPRESSES ABSORBANTES NON STERILES Bo\u00eete de 25\"}]},{\"@type\":\"WebSite\",\"@id\":\"https:\\\/\\\/sublimationsoinsexperts.com\\\/#website\",\"url\":\"https:\\\/\\\/sublimationsoinsexperts.com\\\/\",\"name\":\"Sublimation soins experts\",\"description\":\"\",\"potentialAction\":[{\"@type\":\"SearchAction\",\"target\":{\"@type\":\"EntryPoint\",\"urlTemplate\":\"https:\\\/\\\/sublimationsoinsexperts.com\\\/?s={search_term_string}\"},\"query-input\":{\"@type\":\"PropertyValueSpecification\",\"valueRequired\":true,\"valueName\":\"search_term_string\"}}],\"inLanguage\":\"fr-FR\"}]}<\/script>\n<!-- \/ Yoast SEO plugin. -->","yoast_head_json":{"title":"COMPRESSES ABSORBANTES NON STERILES Bo\u00eete de 25 - Sublimation soins experts","robots":{"index":"index","follow":"follow","max-snippet":"max-snippet:-1","max-image-preview":"max-image-preview:large","max-video-preview":"max-video-preview:-1"},"canonical":"https:\/\/sublimationsoinsexperts.com\/index.php\/product\/compresses-absorbantes-non-steriles-boite-de-25\/","og_locale":"fr_FR","og_type":"article","og_title":"COMPRESSES ABSORBANTES NON STERILES Bo\u00eete de 25 - Sublimation soins experts","og_description":"\u2022 Tampon absorbant pr\u00eat \u00e0 l\u2019emploi \u2022 Structure en non tiss\u00e9 remplie de cellulose \u2022 Non-adh\u00e9rents aux plaies \u2022 Compl\u00e8tement ferm\u00e9 \u2022 Tr\u00e8s grande capacit\u00e9 d\u2019absorption \u2022 Le non tiss\u00e9 sp\u00e9cial bleu prot\u00e8ge contre la p\u00e9n\u00e9tration de la s\u00e9cr\u00e9tion de la plaie et prot\u00e8ge ainsi le linge de lit et les v\u00eatements \u2022 Les coussinets [&hellip;]","og_url":"https:\/\/sublimationsoinsexperts.com\/index.php\/product\/compresses-absorbantes-non-steriles-boite-de-25\/","og_site_name":"Sublimation soins experts","article_modified_time":"2024-04-16T18:36:38+00:00","og_image":[{"width":399,"height":380,"url":"http:\/\/sublimationsoinsexperts.com\/wp-content\/uploads\/2024\/01\/S120.171-COMPRESSE-ABSOR-10X10-NON-STE-PAQUET-DE-25.jpg","type":"image\/jpeg"}],"twitter_card":"summary_large_image","twitter_misc":{"Dur\u00e9e de lecture estim\u00e9e":"1 minute"},"schema":{"@context":"https:\/\/schema.org","@graph":[{"@type":"WebPage","@id":"https:\/\/sublimationsoinsexperts.com\/index.php\/product\/compresses-absorbantes-non-steriles-boite-de-25\/","url":"https:\/\/sublimationsoinsexperts.com\/index.php\/product\/compresses-absorbantes-non-steriles-boite-de-25\/","name":"COMPRESSES ABSORBANTES NON STERILES Bo\u00eete de 25 - Sublimation soins experts","isPartOf":{"@id":"https:\/\/sublimationsoinsexperts.com\/#website"},"primaryImageOfPage":{"@id":"https:\/\/sublimationsoinsexperts.com\/index.php\/product\/compresses-absorbantes-non-steriles-boite-de-25\/#primaryimage"},"image":{"@id":"https:\/\/sublimationsoinsexperts.com\/index.php\/product\/compresses-absorbantes-non-steriles-boite-de-25\/#primaryimage"},"thumbnailUrl":"https:\/\/sublimationsoinsexperts.com\/wp-content\/uploads\/2024\/01\/S120.171-COMPRESSE-ABSOR-10X10-NON-STE-PAQUET-DE-25.jpg","datePublished":"2024-01-30T23:03:52+00:00","dateModified":"2024-04-16T18:36:38+00:00","breadcrumb":{"@id":"https:\/\/sublimationsoinsexperts.com\/index.php\/product\/compresses-absorbantes-non-steriles-boite-de-25\/#breadcrumb"},"inLanguage":"fr-FR","potentialAction":[{"@type":"ReadAction","target":["https:\/\/sublimationsoinsexperts.com\/index.php\/product\/compresses-absorbantes-non-steriles-boite-de-25\/"]}]},{"@type":"ImageObject","inLanguage":"fr-FR","@id":"https:\/\/sublimationsoinsexperts.com\/index.php\/product\/compresses-absorbantes-non-steriles-boite-de-25\/#primaryimage","url":"https:\/\/sublimationsoinsexperts.com\/wp-content\/uploads\/2024\/01\/S120.171-COMPRESSE-ABSOR-10X10-NON-STE-PAQUET-DE-25.jpg","contentUrl":"https:\/\/sublimationsoinsexperts.com\/wp-content\/uploads\/2024\/01\/S120.171-COMPRESSE-ABSOR-10X10-NON-STE-PAQUET-DE-25.jpg","width":399,"height":380},{"@type":"BreadcrumbList","@id":"https:\/\/sublimationsoinsexperts.com\/index.php\/product\/compresses-absorbantes-non-steriles-boite-de-25\/#breadcrumb","itemListElement":[{"@type":"ListItem","position":1,"name":"Accueil","item":"https:\/\/sublimationsoinsexperts.com\/"},{"@type":"ListItem","position":2,"name":"Shop","item":"https:\/\/sublimationsoinsexperts.com\/index.php\/shop\/"},{"@type":"ListItem","position":3,"name":"COMPRESSES ABSORBANTES NON STERILES Bo\u00eete de 25"}]},{"@type":"WebSite","@id":"https:\/\/sublimationsoinsexperts.com\/#website","url":"https:\/\/sublimationsoinsexperts.com\/","name":"Sublimation soins experts","description":"","potentialAction":[{"@type":"SearchAction","target":{"@type":"EntryPoint","urlTemplate":"https:\/\/sublimationsoinsexperts.com\/?s={search_term_string}"},"query-input":{"@type":"PropertyValueSpecification","valueRequired":true,"valueName":"search_term_string"}}],"inLanguage":"fr-FR"}]}},"_links":{"self":[{"href":"https:\/\/sublimationsoinsexperts.com\/index.php\/wp-json\/wp\/v2\/product\/1969","targetHints":{"allow":["GET"]}}],"collection":[{"href":"https:\/\/sublimationsoinsexperts.com\/index.php\/wp-json\/wp\/v2\/product"}],"about":[{"href":"https:\/\/sublimationsoinsexperts.com\/index.php\/wp-json\/wp\/v2\/types\/product"}],"replies":[{"embeddable":true,"href":"https:\/\/sublimationsoinsexperts.com\/index.php\/wp-json\/wp\/v2\/comments?post=1969"}],"wp:featuredmedia":[{"embeddable":true,"href":"https:\/\/sublimationsoinsexperts.com\/index.php\/wp-json\/wp\/v2\/media\/1973"}],"wp:attachment":[{"href":"https:\/\/sublimationsoinsexperts.com\/index.php\/wp-json\/wp\/v2\/media?parent=1969"}],"wp:term":[{"taxonomy":"product_brand","embeddable":true,"href":"https:\/\/sublimationsoinsexperts.com\/index.php\/wp-json\/wp\/v2\/product_brand?post=1969"},{"taxonomy":"product_cat","embeddable":true,"href":"https:\/\/sublimationsoinsexperts.com\/index.php\/wp-json\/wp\/v2\/product_cat?post=1969"},{"taxonomy":"product_tag","embeddable":true,"href":"https:\/\/sublimationsoinsexperts.com\/index.php\/wp-json\/wp\/v2\/product_tag?post=1969"}],"curies":[{"name":"wp","href":"https:\/\/api.w.org\/{rel}","templated":true}]}}