{"id":1993,"date":"2024-01-31T21:53:08","date_gmt":"2024-01-31T21:53:08","guid":{"rendered":"https:\/\/sublimationsoinsexperts.com\/?post_type=product&#038;p=1993"},"modified":"2024-03-27T23:00:17","modified_gmt":"2024-03-27T23:00:17","slug":"oxymetre-de-pouls-pediatrique-oxyfrog","status":"publish","type":"product","link":"https:\/\/sublimationsoinsexperts.com\/index.php\/product\/oxymetre-de-pouls-pediatrique-oxyfrog\/","title":{"rendered":"OXYMETRE DE POULS PEDIATRIQUE OXYFROG"},"content":{"rendered":"<p>\u2022Id\u00e9al pour la mesure du pouls des enfants<br \/>\n\u2022 Haute pr\u00e9cision des mesures :<br \/>\n&#8211; Capteur haute sensibilit\u00e9<br \/>\n&#8211; Convient aux enfants de 10 kg \u00e0 40 kg<br \/>\n\u2022 Facile d\u2019utilisation et pratique :<br \/>\n&#8211; Compact &amp; l\u00e9ger<br \/>\n&#8211; Arr\u00eat automatique apr\u00e8s 5 secondes<br \/>\n&#8211; Facile d\u2019utilisation : 1 bouton<br \/>\n\u2022 Information compl\u00e9mentaires :<br \/>\n-Livr\u00e9 avec une dragonne et 2 piles AAA LR03<\/p>\n<p>&nbsp;<\/p>\n<p>REF 335.323<\/p>\n","protected":false},"excerpt":{"rendered":"<p>\u2022Id\u00e9al pour la mesure du pouls des enfants \u2022 Haute pr\u00e9cision des mesures : &#8211; Capteur haute sensibilit\u00e9 &#8211; Convient aux enfants de 10 kg \u00e0 40 kg \u2022 Facile d\u2019utilisation et pratique : &#8211; Compact &amp; l\u00e9ger &#8211; Arr\u00eat automatique apr\u00e8s 5 secondes &#8211; Facile d\u2019utilisation : 1 bouton \u2022 Information compl\u00e9mentaires : -Livr\u00e9 [&hellip;]<\/p>\n","protected":false},"featured_media":1994,"comment_status":"open","ping_status":"closed","template":"","meta":[],"product_brand":[],"product_cat":[39,84,99],"product_tag":[],"class_list":{"0":"post-1993","1":"product","2":"type-product","3":"status-publish","4":"has-post-thumbnail","6":"product_cat-diagnostic-et-therapie","7":"product_cat-oxymetre-de-pouls","8":"product_cat-oxymetre-de-pouls-pediatrique","10":"first","11":"instock","12":"shipping-taxable","13":"purchasable","14":"product-type-simple"},"yoast_head":"<!-- This site is optimized with the Yoast SEO plugin v27.3 - https:\/\/yoast.com\/product\/yoast-seo-wordpress\/ -->\n<title>OXYMETRE DE POULS PEDIATRIQUE OXYFROG - Sublimation soins experts<\/title>\n<meta name=\"robots\" content=\"index, follow, max-snippet:-1, max-image-preview:large, max-video-preview:-1\" \/>\n<link rel=\"canonical\" href=\"https:\/\/sublimationsoinsexperts.com\/index.php\/product\/oxymetre-de-pouls-pediatrique-oxyfrog\/\" \/>\n<meta property=\"og:locale\" content=\"fr_FR\" \/>\n<meta property=\"og:type\" content=\"article\" \/>\n<meta property=\"og:title\" content=\"OXYMETRE DE POULS PEDIATRIQUE OXYFROG - Sublimation soins experts\" \/>\n<meta property=\"og:description\" content=\"\u2022Id\u00e9al pour la mesure du pouls des enfants \u2022 Haute pr\u00e9cision des mesures : &#8211; Capteur haute sensibilit\u00e9 &#8211; Convient aux enfants de 10 kg \u00e0 40 kg \u2022 Facile d\u2019utilisation et pratique : &#8211; Compact &amp; l\u00e9ger &#8211; Arr\u00eat automatique apr\u00e8s 5 secondes &#8211; Facile d\u2019utilisation : 1 bouton \u2022 Information compl\u00e9mentaires : -Livr\u00e9 [&hellip;]\" \/>\n<meta property=\"og:url\" content=\"https:\/\/sublimationsoinsexperts.com\/index.php\/product\/oxymetre-de-pouls-pediatrique-oxyfrog\/\" \/>\n<meta property=\"og:site_name\" content=\"Sublimation soins experts\" \/>\n<meta property=\"article:modified_time\" content=\"2024-03-27T23:00:17+00:00\" \/>\n<meta property=\"og:image\" content=\"http:\/\/sublimationsoinsexperts.com\/wp-content\/uploads\/2024\/01\/335.323-OXYMETRE-PEDIATRIQUE.jpg\" \/>\n\t<meta property=\"og:image:width\" content=\"394\" \/>\n\t<meta property=\"og:image:height\" content=\"400\" \/>\n\t<meta property=\"og:image:type\" content=\"image\/jpeg\" \/>\n<meta name=\"twitter:card\" content=\"summary_large_image\" \/>\n<meta name=\"twitter:label1\" content=\"Dur\u00e9e de lecture estim\u00e9e\" \/>\n\t<meta name=\"twitter:data1\" content=\"1 minute\" \/>\n<script type=\"application\/ld+json\" class=\"yoast-schema-graph\">{\"@context\":\"https:\\\/\\\/schema.org\",\"@graph\":[{\"@type\":\"WebPage\",\"@id\":\"https:\\\/\\\/sublimationsoinsexperts.com\\\/index.php\\\/product\\\/oxymetre-de-pouls-pediatrique-oxyfrog\\\/\",\"url\":\"https:\\\/\\\/sublimationsoinsexperts.com\\\/index.php\\\/product\\\/oxymetre-de-pouls-pediatrique-oxyfrog\\\/\",\"name\":\"OXYMETRE DE POULS PEDIATRIQUE OXYFROG - Sublimation soins experts\",\"isPartOf\":{\"@id\":\"https:\\\/\\\/sublimationsoinsexperts.com\\\/#website\"},\"primaryImageOfPage\":{\"@id\":\"https:\\\/\\\/sublimationsoinsexperts.com\\\/index.php\\\/product\\\/oxymetre-de-pouls-pediatrique-oxyfrog\\\/#primaryimage\"},\"image\":{\"@id\":\"https:\\\/\\\/sublimationsoinsexperts.com\\\/index.php\\\/product\\\/oxymetre-de-pouls-pediatrique-oxyfrog\\\/#primaryimage\"},\"thumbnailUrl\":\"https:\\\/\\\/sublimationsoinsexperts.com\\\/wp-content\\\/uploads\\\/2024\\\/01\\\/335.323-OXYMETRE-PEDIATRIQUE.jpg\",\"datePublished\":\"2024-01-31T21:53:08+00:00\",\"dateModified\":\"2024-03-27T23:00:17+00:00\",\"breadcrumb\":{\"@id\":\"https:\\\/\\\/sublimationsoinsexperts.com\\\/index.php\\\/product\\\/oxymetre-de-pouls-pediatrique-oxyfrog\\\/#breadcrumb\"},\"inLanguage\":\"fr-FR\",\"potentialAction\":[{\"@type\":\"ReadAction\",\"target\":[\"https:\\\/\\\/sublimationsoinsexperts.com\\\/index.php\\\/product\\\/oxymetre-de-pouls-pediatrique-oxyfrog\\\/\"]}]},{\"@type\":\"ImageObject\",\"inLanguage\":\"fr-FR\",\"@id\":\"https:\\\/\\\/sublimationsoinsexperts.com\\\/index.php\\\/product\\\/oxymetre-de-pouls-pediatrique-oxyfrog\\\/#primaryimage\",\"url\":\"https:\\\/\\\/sublimationsoinsexperts.com\\\/wp-content\\\/uploads\\\/2024\\\/01\\\/335.323-OXYMETRE-PEDIATRIQUE.jpg\",\"contentUrl\":\"https:\\\/\\\/sublimationsoinsexperts.com\\\/wp-content\\\/uploads\\\/2024\\\/01\\\/335.323-OXYMETRE-PEDIATRIQUE.jpg\",\"width\":394,\"height\":400},{\"@type\":\"BreadcrumbList\",\"@id\":\"https:\\\/\\\/sublimationsoinsexperts.com\\\/index.php\\\/product\\\/oxymetre-de-pouls-pediatrique-oxyfrog\\\/#breadcrumb\",\"itemListElement\":[{\"@type\":\"ListItem\",\"position\":1,\"name\":\"Accueil\",\"item\":\"https:\\\/\\\/sublimationsoinsexperts.com\\\/\"},{\"@type\":\"ListItem\",\"position\":2,\"name\":\"Shop\",\"item\":\"https:\\\/\\\/sublimationsoinsexperts.com\\\/index.php\\\/shop\\\/\"},{\"@type\":\"ListItem\",\"position\":3,\"name\":\"OXYMETRE DE POULS PEDIATRIQUE OXYFROG\"}]},{\"@type\":\"WebSite\",\"@id\":\"https:\\\/\\\/sublimationsoinsexperts.com\\\/#website\",\"url\":\"https:\\\/\\\/sublimationsoinsexperts.com\\\/\",\"name\":\"Sublimation soins experts\",\"description\":\"\",\"potentialAction\":[{\"@type\":\"SearchAction\",\"target\":{\"@type\":\"EntryPoint\",\"urlTemplate\":\"https:\\\/\\\/sublimationsoinsexperts.com\\\/?s={search_term_string}\"},\"query-input\":{\"@type\":\"PropertyValueSpecification\",\"valueRequired\":true,\"valueName\":\"search_term_string\"}}],\"inLanguage\":\"fr-FR\"}]}<\/script>\n<!-- \/ Yoast SEO plugin. -->","yoast_head_json":{"title":"OXYMETRE DE POULS PEDIATRIQUE OXYFROG - Sublimation soins experts","robots":{"index":"index","follow":"follow","max-snippet":"max-snippet:-1","max-image-preview":"max-image-preview:large","max-video-preview":"max-video-preview:-1"},"canonical":"https:\/\/sublimationsoinsexperts.com\/index.php\/product\/oxymetre-de-pouls-pediatrique-oxyfrog\/","og_locale":"fr_FR","og_type":"article","og_title":"OXYMETRE DE POULS PEDIATRIQUE OXYFROG - Sublimation soins experts","og_description":"\u2022Id\u00e9al pour la mesure du pouls des enfants \u2022 Haute pr\u00e9cision des mesures : &#8211; Capteur haute sensibilit\u00e9 &#8211; Convient aux enfants de 10 kg \u00e0 40 kg \u2022 Facile d\u2019utilisation et pratique : &#8211; Compact &amp; l\u00e9ger &#8211; Arr\u00eat automatique apr\u00e8s 5 secondes &#8211; Facile d\u2019utilisation : 1 bouton \u2022 Information compl\u00e9mentaires : -Livr\u00e9 [&hellip;]","og_url":"https:\/\/sublimationsoinsexperts.com\/index.php\/product\/oxymetre-de-pouls-pediatrique-oxyfrog\/","og_site_name":"Sublimation soins experts","article_modified_time":"2024-03-27T23:00:17+00:00","og_image":[{"width":394,"height":400,"url":"http:\/\/sublimationsoinsexperts.com\/wp-content\/uploads\/2024\/01\/335.323-OXYMETRE-PEDIATRIQUE.jpg","type":"image\/jpeg"}],"twitter_card":"summary_large_image","twitter_misc":{"Dur\u00e9e de lecture estim\u00e9e":"1 minute"},"schema":{"@context":"https:\/\/schema.org","@graph":[{"@type":"WebPage","@id":"https:\/\/sublimationsoinsexperts.com\/index.php\/product\/oxymetre-de-pouls-pediatrique-oxyfrog\/","url":"https:\/\/sublimationsoinsexperts.com\/index.php\/product\/oxymetre-de-pouls-pediatrique-oxyfrog\/","name":"OXYMETRE DE POULS PEDIATRIQUE OXYFROG - Sublimation soins experts","isPartOf":{"@id":"https:\/\/sublimationsoinsexperts.com\/#website"},"primaryImageOfPage":{"@id":"https:\/\/sublimationsoinsexperts.com\/index.php\/product\/oxymetre-de-pouls-pediatrique-oxyfrog\/#primaryimage"},"image":{"@id":"https:\/\/sublimationsoinsexperts.com\/index.php\/product\/oxymetre-de-pouls-pediatrique-oxyfrog\/#primaryimage"},"thumbnailUrl":"https:\/\/sublimationsoinsexperts.com\/wp-content\/uploads\/2024\/01\/335.323-OXYMETRE-PEDIATRIQUE.jpg","datePublished":"2024-01-31T21:53:08+00:00","dateModified":"2024-03-27T23:00:17+00:00","breadcrumb":{"@id":"https:\/\/sublimationsoinsexperts.com\/index.php\/product\/oxymetre-de-pouls-pediatrique-oxyfrog\/#breadcrumb"},"inLanguage":"fr-FR","potentialAction":[{"@type":"ReadAction","target":["https:\/\/sublimationsoinsexperts.com\/index.php\/product\/oxymetre-de-pouls-pediatrique-oxyfrog\/"]}]},{"@type":"ImageObject","inLanguage":"fr-FR","@id":"https:\/\/sublimationsoinsexperts.com\/index.php\/product\/oxymetre-de-pouls-pediatrique-oxyfrog\/#primaryimage","url":"https:\/\/sublimationsoinsexperts.com\/wp-content\/uploads\/2024\/01\/335.323-OXYMETRE-PEDIATRIQUE.jpg","contentUrl":"https:\/\/sublimationsoinsexperts.com\/wp-content\/uploads\/2024\/01\/335.323-OXYMETRE-PEDIATRIQUE.jpg","width":394,"height":400},{"@type":"BreadcrumbList","@id":"https:\/\/sublimationsoinsexperts.com\/index.php\/product\/oxymetre-de-pouls-pediatrique-oxyfrog\/#breadcrumb","itemListElement":[{"@type":"ListItem","position":1,"name":"Accueil","item":"https:\/\/sublimationsoinsexperts.com\/"},{"@type":"ListItem","position":2,"name":"Shop","item":"https:\/\/sublimationsoinsexperts.com\/index.php\/shop\/"},{"@type":"ListItem","position":3,"name":"OXYMETRE DE POULS PEDIATRIQUE OXYFROG"}]},{"@type":"WebSite","@id":"https:\/\/sublimationsoinsexperts.com\/#website","url":"https:\/\/sublimationsoinsexperts.com\/","name":"Sublimation soins experts","description":"","potentialAction":[{"@type":"SearchAction","target":{"@type":"EntryPoint","urlTemplate":"https:\/\/sublimationsoinsexperts.com\/?s={search_term_string}"},"query-input":{"@type":"PropertyValueSpecification","valueRequired":true,"valueName":"search_term_string"}}],"inLanguage":"fr-FR"}]}},"_links":{"self":[{"href":"https:\/\/sublimationsoinsexperts.com\/index.php\/wp-json\/wp\/v2\/product\/1993","targetHints":{"allow":["GET"]}}],"collection":[{"href":"https:\/\/sublimationsoinsexperts.com\/index.php\/wp-json\/wp\/v2\/product"}],"about":[{"href":"https:\/\/sublimationsoinsexperts.com\/index.php\/wp-json\/wp\/v2\/types\/product"}],"replies":[{"embeddable":true,"href":"https:\/\/sublimationsoinsexperts.com\/index.php\/wp-json\/wp\/v2\/comments?post=1993"}],"wp:featuredmedia":[{"embeddable":true,"href":"https:\/\/sublimationsoinsexperts.com\/index.php\/wp-json\/wp\/v2\/media\/1994"}],"wp:attachment":[{"href":"https:\/\/sublimationsoinsexperts.com\/index.php\/wp-json\/wp\/v2\/media?parent=1993"}],"wp:term":[{"taxonomy":"product_brand","embeddable":true,"href":"https:\/\/sublimationsoinsexperts.com\/index.php\/wp-json\/wp\/v2\/product_brand?post=1993"},{"taxonomy":"product_cat","embeddable":true,"href":"https:\/\/sublimationsoinsexperts.com\/index.php\/wp-json\/wp\/v2\/product_cat?post=1993"},{"taxonomy":"product_tag","embeddable":true,"href":"https:\/\/sublimationsoinsexperts.com\/index.php\/wp-json\/wp\/v2\/product_tag?post=1993"}],"curies":[{"name":"wp","href":"https:\/\/api.w.org\/{rel}","templated":true}]}}