{"id":1995,"date":"2024-01-31T21:59:53","date_gmt":"2024-01-31T21:59:53","guid":{"rendered":"https:\/\/sublimationsoinsexperts.com\/?post_type=product&#038;p=1995"},"modified":"2025-06-02T11:07:20","modified_gmt":"2025-06-02T10:07:20","slug":"oxymetre-easy","status":"publish","type":"product","link":"https:\/\/sublimationsoinsexperts.com\/index.php\/product\/oxymetre-easy\/","title":{"rendered":"OXYMETRE EASY"},"content":{"rendered":"<p>\u2022 L\u2019oxym\u00e8tre de pouls est un dispositif portable non invasif utilis\u00e9 pour mesurer la saturation art\u00e9rielle en oxyg\u00e8ne (SpO2) et la fr\u00e9quence cardiaque aussi bien chez les patients adultes que p\u00e9diatriques.<br \/>\n\u2022 L\u2019oxym\u00e8tre de pouls ne requiert aucun calibrage de routine ni aucune autre op\u00e9ration d&rsquo;entretien, hormis le remplacement des piles.<br \/>\n\u2022 L&rsquo;utilisation du dispositif est simple. Le dispositif est compact, l\u00e9ger et facile \u00e0 transporter.<br \/>\n\u2022 Le dispositif s&rsquo;\u00e9teint automatiquement si aucun signal ne lui parvient pendant plus de 8 secondes.<br \/>\n\u2022 Fonctionne avec piles AAA ( fournies)<br \/>\n\u2022 Dimensions: 57mmx33mmx34mm<br \/>\n\u2022 Poids : 60g<br \/>\n\u2022 Fourni avec bandouli\u00e8re<\/p>\n<p>&nbsp;<\/p>\n<p>REF 335.322<\/p>\n","protected":false},"excerpt":{"rendered":"<p>\u2022 L\u2019oxym\u00e8tre de pouls est un dispositif portable non invasif utilis\u00e9 pour mesurer la saturation art\u00e9rielle en oxyg\u00e8ne (SpO2) et la fr\u00e9quence cardiaque aussi bien chez les patients adultes que p\u00e9diatriques. \u2022 L\u2019oxym\u00e8tre de pouls ne requiert aucun calibrage de routine ni aucune autre op\u00e9ration d&rsquo;entretien, hormis le remplacement des piles. \u2022 L&rsquo;utilisation du dispositif [&hellip;]<\/p>\n","protected":false},"featured_media":1996,"comment_status":"open","ping_status":"closed","template":"","meta":[],"product_brand":[],"product_cat":[39,84],"product_tag":[],"class_list":{"0":"post-1995","1":"product","2":"type-product","3":"status-publish","4":"has-post-thumbnail","6":"product_cat-diagnostic-et-therapie","7":"product_cat-oxymetre-de-pouls","9":"first","10":"instock","11":"shipping-taxable","12":"purchasable","13":"product-type-simple"},"yoast_head":"<!-- This site is optimized with the Yoast SEO plugin v27.5 - https:\/\/yoast.com\/product\/yoast-seo-wordpress\/ -->\n<title>OXYMETRE EASY - Sublimation soins experts<\/title>\n<meta name=\"robots\" content=\"index, follow, max-snippet:-1, max-image-preview:large, max-video-preview:-1\" \/>\n<link rel=\"canonical\" href=\"https:\/\/sublimationsoinsexperts.com\/index.php\/product\/oxymetre-easy\/\" \/>\n<meta property=\"og:locale\" content=\"fr_FR\" \/>\n<meta property=\"og:type\" content=\"article\" \/>\n<meta property=\"og:title\" content=\"OXYMETRE EASY - Sublimation soins experts\" \/>\n<meta property=\"og:description\" content=\"\u2022 L\u2019oxym\u00e8tre de pouls est un dispositif portable non invasif utilis\u00e9 pour mesurer la saturation art\u00e9rielle en oxyg\u00e8ne (SpO2) et la fr\u00e9quence cardiaque aussi bien chez les patients adultes que p\u00e9diatriques. \u2022 L\u2019oxym\u00e8tre de pouls ne requiert aucun calibrage de routine ni aucune autre op\u00e9ration d&rsquo;entretien, hormis le remplacement des piles. \u2022 L&rsquo;utilisation du dispositif [&hellip;]\" \/>\n<meta property=\"og:url\" content=\"https:\/\/sublimationsoinsexperts.com\/index.php\/product\/oxymetre-easy\/\" \/>\n<meta property=\"og:site_name\" content=\"Sublimation soins experts\" \/>\n<meta property=\"article:modified_time\" content=\"2025-06-02T10:07:20+00:00\" \/>\n<meta property=\"og:image\" content=\"http:\/\/sublimationsoinsexperts.com\/wp-content\/uploads\/2024\/01\/335.322-OXYMETRE-EASY.jpg\" \/>\n\t<meta property=\"og:image:width\" content=\"398\" \/>\n\t<meta property=\"og:image:height\" content=\"400\" \/>\n\t<meta property=\"og:image:type\" content=\"image\/jpeg\" \/>\n<meta name=\"twitter:card\" content=\"summary_large_image\" \/>\n<meta name=\"twitter:label1\" content=\"Dur\u00e9e de lecture estim\u00e9e\" \/>\n\t<meta name=\"twitter:data1\" content=\"1 minute\" \/>\n<script type=\"application\/ld+json\" class=\"yoast-schema-graph\">{\"@context\":\"https:\\\/\\\/schema.org\",\"@graph\":[{\"@type\":\"WebPage\",\"@id\":\"https:\\\/\\\/sublimationsoinsexperts.com\\\/index.php\\\/product\\\/oxymetre-easy\\\/\",\"url\":\"https:\\\/\\\/sublimationsoinsexperts.com\\\/index.php\\\/product\\\/oxymetre-easy\\\/\",\"name\":\"OXYMETRE EASY - Sublimation soins experts\",\"isPartOf\":{\"@id\":\"https:\\\/\\\/sublimationsoinsexperts.com\\\/#website\"},\"primaryImageOfPage\":{\"@id\":\"https:\\\/\\\/sublimationsoinsexperts.com\\\/index.php\\\/product\\\/oxymetre-easy\\\/#primaryimage\"},\"image\":{\"@id\":\"https:\\\/\\\/sublimationsoinsexperts.com\\\/index.php\\\/product\\\/oxymetre-easy\\\/#primaryimage\"},\"thumbnailUrl\":\"https:\\\/\\\/sublimationsoinsexperts.com\\\/wp-content\\\/uploads\\\/2024\\\/01\\\/335.322-OXYMETRE-EASY.jpg\",\"datePublished\":\"2024-01-31T21:59:53+00:00\",\"dateModified\":\"2025-06-02T10:07:20+00:00\",\"breadcrumb\":{\"@id\":\"https:\\\/\\\/sublimationsoinsexperts.com\\\/index.php\\\/product\\\/oxymetre-easy\\\/#breadcrumb\"},\"inLanguage\":\"fr-FR\",\"potentialAction\":[{\"@type\":\"ReadAction\",\"target\":[\"https:\\\/\\\/sublimationsoinsexperts.com\\\/index.php\\\/product\\\/oxymetre-easy\\\/\"]}]},{\"@type\":\"ImageObject\",\"inLanguage\":\"fr-FR\",\"@id\":\"https:\\\/\\\/sublimationsoinsexperts.com\\\/index.php\\\/product\\\/oxymetre-easy\\\/#primaryimage\",\"url\":\"https:\\\/\\\/sublimationsoinsexperts.com\\\/wp-content\\\/uploads\\\/2024\\\/01\\\/335.322-OXYMETRE-EASY.jpg\",\"contentUrl\":\"https:\\\/\\\/sublimationsoinsexperts.com\\\/wp-content\\\/uploads\\\/2024\\\/01\\\/335.322-OXYMETRE-EASY.jpg\",\"width\":398,\"height\":400},{\"@type\":\"BreadcrumbList\",\"@id\":\"https:\\\/\\\/sublimationsoinsexperts.com\\\/index.php\\\/product\\\/oxymetre-easy\\\/#breadcrumb\",\"itemListElement\":[{\"@type\":\"ListItem\",\"position\":1,\"name\":\"Accueil\",\"item\":\"https:\\\/\\\/sublimationsoinsexperts.com\\\/\"},{\"@type\":\"ListItem\",\"position\":2,\"name\":\"Shop\",\"item\":\"https:\\\/\\\/sublimationsoinsexperts.com\\\/index.php\\\/shop\\\/\"},{\"@type\":\"ListItem\",\"position\":3,\"name\":\"OXYMETRE EASY\"}]},{\"@type\":\"WebSite\",\"@id\":\"https:\\\/\\\/sublimationsoinsexperts.com\\\/#website\",\"url\":\"https:\\\/\\\/sublimationsoinsexperts.com\\\/\",\"name\":\"Sublimation soins experts\",\"description\":\"\",\"potentialAction\":[{\"@type\":\"SearchAction\",\"target\":{\"@type\":\"EntryPoint\",\"urlTemplate\":\"https:\\\/\\\/sublimationsoinsexperts.com\\\/?s={search_term_string}\"},\"query-input\":{\"@type\":\"PropertyValueSpecification\",\"valueRequired\":true,\"valueName\":\"search_term_string\"}}],\"inLanguage\":\"fr-FR\"}]}<\/script>\n<!-- \/ Yoast SEO plugin. -->","yoast_head_json":{"title":"OXYMETRE EASY - Sublimation soins experts","robots":{"index":"index","follow":"follow","max-snippet":"max-snippet:-1","max-image-preview":"max-image-preview:large","max-video-preview":"max-video-preview:-1"},"canonical":"https:\/\/sublimationsoinsexperts.com\/index.php\/product\/oxymetre-easy\/","og_locale":"fr_FR","og_type":"article","og_title":"OXYMETRE EASY - Sublimation soins experts","og_description":"\u2022 L\u2019oxym\u00e8tre de pouls est un dispositif portable non invasif utilis\u00e9 pour mesurer la saturation art\u00e9rielle en oxyg\u00e8ne (SpO2) et la fr\u00e9quence cardiaque aussi bien chez les patients adultes que p\u00e9diatriques. \u2022 L\u2019oxym\u00e8tre de pouls ne requiert aucun calibrage de routine ni aucune autre op\u00e9ration d&rsquo;entretien, hormis le remplacement des piles. \u2022 L&rsquo;utilisation du dispositif [&hellip;]","og_url":"https:\/\/sublimationsoinsexperts.com\/index.php\/product\/oxymetre-easy\/","og_site_name":"Sublimation soins experts","article_modified_time":"2025-06-02T10:07:20+00:00","og_image":[{"width":398,"height":400,"url":"http:\/\/sublimationsoinsexperts.com\/wp-content\/uploads\/2024\/01\/335.322-OXYMETRE-EASY.jpg","type":"image\/jpeg"}],"twitter_card":"summary_large_image","twitter_misc":{"Dur\u00e9e de lecture estim\u00e9e":"1 minute"},"schema":{"@context":"https:\/\/schema.org","@graph":[{"@type":"WebPage","@id":"https:\/\/sublimationsoinsexperts.com\/index.php\/product\/oxymetre-easy\/","url":"https:\/\/sublimationsoinsexperts.com\/index.php\/product\/oxymetre-easy\/","name":"OXYMETRE EASY - Sublimation soins experts","isPartOf":{"@id":"https:\/\/sublimationsoinsexperts.com\/#website"},"primaryImageOfPage":{"@id":"https:\/\/sublimationsoinsexperts.com\/index.php\/product\/oxymetre-easy\/#primaryimage"},"image":{"@id":"https:\/\/sublimationsoinsexperts.com\/index.php\/product\/oxymetre-easy\/#primaryimage"},"thumbnailUrl":"https:\/\/sublimationsoinsexperts.com\/wp-content\/uploads\/2024\/01\/335.322-OXYMETRE-EASY.jpg","datePublished":"2024-01-31T21:59:53+00:00","dateModified":"2025-06-02T10:07:20+00:00","breadcrumb":{"@id":"https:\/\/sublimationsoinsexperts.com\/index.php\/product\/oxymetre-easy\/#breadcrumb"},"inLanguage":"fr-FR","potentialAction":[{"@type":"ReadAction","target":["https:\/\/sublimationsoinsexperts.com\/index.php\/product\/oxymetre-easy\/"]}]},{"@type":"ImageObject","inLanguage":"fr-FR","@id":"https:\/\/sublimationsoinsexperts.com\/index.php\/product\/oxymetre-easy\/#primaryimage","url":"https:\/\/sublimationsoinsexperts.com\/wp-content\/uploads\/2024\/01\/335.322-OXYMETRE-EASY.jpg","contentUrl":"https:\/\/sublimationsoinsexperts.com\/wp-content\/uploads\/2024\/01\/335.322-OXYMETRE-EASY.jpg","width":398,"height":400},{"@type":"BreadcrumbList","@id":"https:\/\/sublimationsoinsexperts.com\/index.php\/product\/oxymetre-easy\/#breadcrumb","itemListElement":[{"@type":"ListItem","position":1,"name":"Accueil","item":"https:\/\/sublimationsoinsexperts.com\/"},{"@type":"ListItem","position":2,"name":"Shop","item":"https:\/\/sublimationsoinsexperts.com\/index.php\/shop\/"},{"@type":"ListItem","position":3,"name":"OXYMETRE EASY"}]},{"@type":"WebSite","@id":"https:\/\/sublimationsoinsexperts.com\/#website","url":"https:\/\/sublimationsoinsexperts.com\/","name":"Sublimation soins experts","description":"","potentialAction":[{"@type":"SearchAction","target":{"@type":"EntryPoint","urlTemplate":"https:\/\/sublimationsoinsexperts.com\/?s={search_term_string}"},"query-input":{"@type":"PropertyValueSpecification","valueRequired":true,"valueName":"search_term_string"}}],"inLanguage":"fr-FR"}]}},"_links":{"self":[{"href":"https:\/\/sublimationsoinsexperts.com\/index.php\/wp-json\/wp\/v2\/product\/1995","targetHints":{"allow":["GET"]}}],"collection":[{"href":"https:\/\/sublimationsoinsexperts.com\/index.php\/wp-json\/wp\/v2\/product"}],"about":[{"href":"https:\/\/sublimationsoinsexperts.com\/index.php\/wp-json\/wp\/v2\/types\/product"}],"replies":[{"embeddable":true,"href":"https:\/\/sublimationsoinsexperts.com\/index.php\/wp-json\/wp\/v2\/comments?post=1995"}],"wp:featuredmedia":[{"embeddable":true,"href":"https:\/\/sublimationsoinsexperts.com\/index.php\/wp-json\/wp\/v2\/media\/1996"}],"wp:attachment":[{"href":"https:\/\/sublimationsoinsexperts.com\/index.php\/wp-json\/wp\/v2\/media?parent=1995"}],"wp:term":[{"taxonomy":"product_brand","embeddable":true,"href":"https:\/\/sublimationsoinsexperts.com\/index.php\/wp-json\/wp\/v2\/product_brand?post=1995"},{"taxonomy":"product_cat","embeddable":true,"href":"https:\/\/sublimationsoinsexperts.com\/index.php\/wp-json\/wp\/v2\/product_cat?post=1995"},{"taxonomy":"product_tag","embeddable":true,"href":"https:\/\/sublimationsoinsexperts.com\/index.php\/wp-json\/wp\/v2\/product_tag?post=1995"}],"curies":[{"name":"wp","href":"https:\/\/api.w.org\/{rel}","templated":true}]}}