{"id":1999,"date":"2024-01-31T22:08:23","date_gmt":"2024-01-31T22:08:23","guid":{"rendered":"https:\/\/sublimationsoinsexperts.com\/?post_type=product&#038;p=1999"},"modified":"2024-03-27T23:03:32","modified_gmt":"2024-03-27T23:03:32","slug":"oxymetre-de-pouls-rossmax-modele-sa310-avec-capteur-separe","status":"publish","type":"product","link":"https:\/\/sublimationsoinsexperts.com\/index.php\/product\/oxymetre-de-pouls-rossmax-modele-sa310-avec-capteur-separe\/","title":{"rendered":"OXYMETRE de POULS Rossmax mod\u00e8le SA310 avec capteur s\u00e9par\u00e9"},"content":{"rendered":"<p>\u2022 Grand \u00e9cran TFT couleur de 2,4 pouces<br \/>\n\u2022 Mesure de la saturation en oxyg\u00e8ne de l\u2019h\u00e9moglobine (SpO2) et de la fr\u00e9quence cardiaque<br \/>\n\u2022 La conception sp\u00e9ciale bloque la lumi\u00e8re ambiante<br \/>\n\u2022 Biocompatibilit\u00e9 et conception anti-allergique<br \/>\n\u2022 L\u2019appareil \u00e9met un signal sonore lors de le r\u00e9sultat d\u00e9passe les seuils de SpO2 et fr\u00e9quence cardiaque r\u00e9gl\u00e9s pr\u00e9c\u00e9demment<br \/>\n\u2022 Mode silencieux: le bouton \u00ab\u00a0Sound\u00a0\u00bb d\u00e9sactive le bip pendant la mesure.<br \/>\n\u2022 Jusqu\u2019\u00e0 999 m\u00e9moires: peut \u00eatre programm\u00e9 avec 3 intervalles (10\/30\/60 secondes)<br \/>\n\u2022 Bluetooth\u00ae<br \/>\n\u2022 Indicateur de force d\u2019impulsion<br \/>\n\u2022 Double source d\u2019alimentation<br \/>\n\u2022 Pochette de protection<\/p>\n<p>&nbsp;<\/p>\n<p>REF 335.305<\/p>\n","protected":false},"excerpt":{"rendered":"<p>\u2022 Grand \u00e9cran TFT couleur de 2,4 pouces \u2022 Mesure de la saturation en oxyg\u00e8ne de l\u2019h\u00e9moglobine (SpO2) et de la fr\u00e9quence cardiaque \u2022 La conception sp\u00e9ciale bloque la lumi\u00e8re ambiante \u2022 Biocompatibilit\u00e9 et conception anti-allergique \u2022 L\u2019appareil \u00e9met un signal sonore lors de le r\u00e9sultat d\u00e9passe les seuils de SpO2 et fr\u00e9quence cardiaque r\u00e9gl\u00e9s [&hellip;]<\/p>\n","protected":false},"featured_media":2000,"comment_status":"open","ping_status":"closed","template":"","meta":[],"product_brand":[],"product_cat":[39,84,100],"product_tag":[],"class_list":{"0":"post-1999","1":"product","2":"type-product","3":"status-publish","4":"has-post-thumbnail","6":"product_cat-diagnostic-et-therapie","7":"product_cat-oxymetre-de-pouls","8":"product_cat-oxymetre-de-pouls-avec-capteur-separe","10":"first","11":"instock","12":"shipping-taxable","13":"purchasable","14":"product-type-simple"},"yoast_head":"<!-- This site is optimized with the Yoast SEO plugin v27.3 - https:\/\/yoast.com\/product\/yoast-seo-wordpress\/ -->\n<title>OXYMETRE de POULS Rossmax mod\u00e8le SA310 avec capteur s\u00e9par\u00e9 - Sublimation soins experts<\/title>\n<meta name=\"robots\" content=\"index, follow, max-snippet:-1, max-image-preview:large, max-video-preview:-1\" \/>\n<link rel=\"canonical\" href=\"https:\/\/sublimationsoinsexperts.com\/index.php\/product\/oxymetre-de-pouls-rossmax-modele-sa310-avec-capteur-separe\/\" \/>\n<meta property=\"og:locale\" content=\"fr_FR\" \/>\n<meta property=\"og:type\" content=\"article\" \/>\n<meta property=\"og:title\" content=\"OXYMETRE de POULS Rossmax mod\u00e8le SA310 avec capteur s\u00e9par\u00e9 - Sublimation soins experts\" \/>\n<meta property=\"og:description\" content=\"\u2022 Grand \u00e9cran TFT couleur de 2,4 pouces \u2022 Mesure de la saturation en oxyg\u00e8ne de l\u2019h\u00e9moglobine (SpO2) et de la fr\u00e9quence cardiaque \u2022 La conception sp\u00e9ciale bloque la lumi\u00e8re ambiante \u2022 Biocompatibilit\u00e9 et conception anti-allergique \u2022 L\u2019appareil \u00e9met un signal sonore lors de le r\u00e9sultat d\u00e9passe les seuils de SpO2 et fr\u00e9quence cardiaque r\u00e9gl\u00e9s [&hellip;]\" \/>\n<meta property=\"og:url\" content=\"https:\/\/sublimationsoinsexperts.com\/index.php\/product\/oxymetre-de-pouls-rossmax-modele-sa310-avec-capteur-separe\/\" \/>\n<meta property=\"og:site_name\" content=\"Sublimation soins experts\" \/>\n<meta property=\"article:modified_time\" content=\"2024-03-27T23:03:32+00:00\" \/>\n<meta property=\"og:image\" content=\"http:\/\/sublimationsoinsexperts.com\/wp-content\/uploads\/2024\/01\/335.305-Oxymetre-de-pouls-Rossmax-modele-SA310-avec-capteur-separe.jpg\" \/>\n\t<meta property=\"og:image:width\" content=\"400\" \/>\n\t<meta property=\"og:image:height\" content=\"400\" \/>\n\t<meta property=\"og:image:type\" content=\"image\/jpeg\" \/>\n<meta name=\"twitter:card\" content=\"summary_large_image\" \/>\n<meta name=\"twitter:label1\" content=\"Dur\u00e9e de lecture estim\u00e9e\" \/>\n\t<meta name=\"twitter:data1\" content=\"1 minute\" \/>\n<script type=\"application\/ld+json\" class=\"yoast-schema-graph\">{\"@context\":\"https:\\\/\\\/schema.org\",\"@graph\":[{\"@type\":\"WebPage\",\"@id\":\"https:\\\/\\\/sublimationsoinsexperts.com\\\/index.php\\\/product\\\/oxymetre-de-pouls-rossmax-modele-sa310-avec-capteur-separe\\\/\",\"url\":\"https:\\\/\\\/sublimationsoinsexperts.com\\\/index.php\\\/product\\\/oxymetre-de-pouls-rossmax-modele-sa310-avec-capteur-separe\\\/\",\"name\":\"OXYMETRE de POULS Rossmax mod\u00e8le SA310 avec capteur s\u00e9par\u00e9 - Sublimation soins experts\",\"isPartOf\":{\"@id\":\"https:\\\/\\\/sublimationsoinsexperts.com\\\/#website\"},\"primaryImageOfPage\":{\"@id\":\"https:\\\/\\\/sublimationsoinsexperts.com\\\/index.php\\\/product\\\/oxymetre-de-pouls-rossmax-modele-sa310-avec-capteur-separe\\\/#primaryimage\"},\"image\":{\"@id\":\"https:\\\/\\\/sublimationsoinsexperts.com\\\/index.php\\\/product\\\/oxymetre-de-pouls-rossmax-modele-sa310-avec-capteur-separe\\\/#primaryimage\"},\"thumbnailUrl\":\"https:\\\/\\\/sublimationsoinsexperts.com\\\/wp-content\\\/uploads\\\/2024\\\/01\\\/335.305-Oxymetre-de-pouls-Rossmax-modele-SA310-avec-capteur-separe.jpg\",\"datePublished\":\"2024-01-31T22:08:23+00:00\",\"dateModified\":\"2024-03-27T23:03:32+00:00\",\"breadcrumb\":{\"@id\":\"https:\\\/\\\/sublimationsoinsexperts.com\\\/index.php\\\/product\\\/oxymetre-de-pouls-rossmax-modele-sa310-avec-capteur-separe\\\/#breadcrumb\"},\"inLanguage\":\"fr-FR\",\"potentialAction\":[{\"@type\":\"ReadAction\",\"target\":[\"https:\\\/\\\/sublimationsoinsexperts.com\\\/index.php\\\/product\\\/oxymetre-de-pouls-rossmax-modele-sa310-avec-capteur-separe\\\/\"]}]},{\"@type\":\"ImageObject\",\"inLanguage\":\"fr-FR\",\"@id\":\"https:\\\/\\\/sublimationsoinsexperts.com\\\/index.php\\\/product\\\/oxymetre-de-pouls-rossmax-modele-sa310-avec-capteur-separe\\\/#primaryimage\",\"url\":\"https:\\\/\\\/sublimationsoinsexperts.com\\\/wp-content\\\/uploads\\\/2024\\\/01\\\/335.305-Oxymetre-de-pouls-Rossmax-modele-SA310-avec-capteur-separe.jpg\",\"contentUrl\":\"https:\\\/\\\/sublimationsoinsexperts.com\\\/wp-content\\\/uploads\\\/2024\\\/01\\\/335.305-Oxymetre-de-pouls-Rossmax-modele-SA310-avec-capteur-separe.jpg\",\"width\":400,\"height\":400},{\"@type\":\"BreadcrumbList\",\"@id\":\"https:\\\/\\\/sublimationsoinsexperts.com\\\/index.php\\\/product\\\/oxymetre-de-pouls-rossmax-modele-sa310-avec-capteur-separe\\\/#breadcrumb\",\"itemListElement\":[{\"@type\":\"ListItem\",\"position\":1,\"name\":\"Accueil\",\"item\":\"https:\\\/\\\/sublimationsoinsexperts.com\\\/\"},{\"@type\":\"ListItem\",\"position\":2,\"name\":\"Shop\",\"item\":\"https:\\\/\\\/sublimationsoinsexperts.com\\\/index.php\\\/shop\\\/\"},{\"@type\":\"ListItem\",\"position\":3,\"name\":\"OXYMETRE de POULS Rossmax mod\u00e8le SA310 avec capteur s\u00e9par\u00e9\"}]},{\"@type\":\"WebSite\",\"@id\":\"https:\\\/\\\/sublimationsoinsexperts.com\\\/#website\",\"url\":\"https:\\\/\\\/sublimationsoinsexperts.com\\\/\",\"name\":\"Sublimation soins experts\",\"description\":\"\",\"potentialAction\":[{\"@type\":\"SearchAction\",\"target\":{\"@type\":\"EntryPoint\",\"urlTemplate\":\"https:\\\/\\\/sublimationsoinsexperts.com\\\/?s={search_term_string}\"},\"query-input\":{\"@type\":\"PropertyValueSpecification\",\"valueRequired\":true,\"valueName\":\"search_term_string\"}}],\"inLanguage\":\"fr-FR\"}]}<\/script>\n<!-- \/ Yoast SEO plugin. -->","yoast_head_json":{"title":"OXYMETRE de POULS Rossmax mod\u00e8le SA310 avec capteur s\u00e9par\u00e9 - Sublimation soins experts","robots":{"index":"index","follow":"follow","max-snippet":"max-snippet:-1","max-image-preview":"max-image-preview:large","max-video-preview":"max-video-preview:-1"},"canonical":"https:\/\/sublimationsoinsexperts.com\/index.php\/product\/oxymetre-de-pouls-rossmax-modele-sa310-avec-capteur-separe\/","og_locale":"fr_FR","og_type":"article","og_title":"OXYMETRE de POULS Rossmax mod\u00e8le SA310 avec capteur s\u00e9par\u00e9 - Sublimation soins experts","og_description":"\u2022 Grand \u00e9cran TFT couleur de 2,4 pouces \u2022 Mesure de la saturation en oxyg\u00e8ne de l\u2019h\u00e9moglobine (SpO2) et de la fr\u00e9quence cardiaque \u2022 La conception sp\u00e9ciale bloque la lumi\u00e8re ambiante \u2022 Biocompatibilit\u00e9 et conception anti-allergique \u2022 L\u2019appareil \u00e9met un signal sonore lors de le r\u00e9sultat d\u00e9passe les seuils de SpO2 et fr\u00e9quence cardiaque r\u00e9gl\u00e9s [&hellip;]","og_url":"https:\/\/sublimationsoinsexperts.com\/index.php\/product\/oxymetre-de-pouls-rossmax-modele-sa310-avec-capteur-separe\/","og_site_name":"Sublimation soins experts","article_modified_time":"2024-03-27T23:03:32+00:00","og_image":[{"width":400,"height":400,"url":"http:\/\/sublimationsoinsexperts.com\/wp-content\/uploads\/2024\/01\/335.305-Oxymetre-de-pouls-Rossmax-modele-SA310-avec-capteur-separe.jpg","type":"image\/jpeg"}],"twitter_card":"summary_large_image","twitter_misc":{"Dur\u00e9e de lecture estim\u00e9e":"1 minute"},"schema":{"@context":"https:\/\/schema.org","@graph":[{"@type":"WebPage","@id":"https:\/\/sublimationsoinsexperts.com\/index.php\/product\/oxymetre-de-pouls-rossmax-modele-sa310-avec-capteur-separe\/","url":"https:\/\/sublimationsoinsexperts.com\/index.php\/product\/oxymetre-de-pouls-rossmax-modele-sa310-avec-capteur-separe\/","name":"OXYMETRE de POULS Rossmax mod\u00e8le SA310 avec capteur s\u00e9par\u00e9 - Sublimation soins experts","isPartOf":{"@id":"https:\/\/sublimationsoinsexperts.com\/#website"},"primaryImageOfPage":{"@id":"https:\/\/sublimationsoinsexperts.com\/index.php\/product\/oxymetre-de-pouls-rossmax-modele-sa310-avec-capteur-separe\/#primaryimage"},"image":{"@id":"https:\/\/sublimationsoinsexperts.com\/index.php\/product\/oxymetre-de-pouls-rossmax-modele-sa310-avec-capteur-separe\/#primaryimage"},"thumbnailUrl":"https:\/\/sublimationsoinsexperts.com\/wp-content\/uploads\/2024\/01\/335.305-Oxymetre-de-pouls-Rossmax-modele-SA310-avec-capteur-separe.jpg","datePublished":"2024-01-31T22:08:23+00:00","dateModified":"2024-03-27T23:03:32+00:00","breadcrumb":{"@id":"https:\/\/sublimationsoinsexperts.com\/index.php\/product\/oxymetre-de-pouls-rossmax-modele-sa310-avec-capteur-separe\/#breadcrumb"},"inLanguage":"fr-FR","potentialAction":[{"@type":"ReadAction","target":["https:\/\/sublimationsoinsexperts.com\/index.php\/product\/oxymetre-de-pouls-rossmax-modele-sa310-avec-capteur-separe\/"]}]},{"@type":"ImageObject","inLanguage":"fr-FR","@id":"https:\/\/sublimationsoinsexperts.com\/index.php\/product\/oxymetre-de-pouls-rossmax-modele-sa310-avec-capteur-separe\/#primaryimage","url":"https:\/\/sublimationsoinsexperts.com\/wp-content\/uploads\/2024\/01\/335.305-Oxymetre-de-pouls-Rossmax-modele-SA310-avec-capteur-separe.jpg","contentUrl":"https:\/\/sublimationsoinsexperts.com\/wp-content\/uploads\/2024\/01\/335.305-Oxymetre-de-pouls-Rossmax-modele-SA310-avec-capteur-separe.jpg","width":400,"height":400},{"@type":"BreadcrumbList","@id":"https:\/\/sublimationsoinsexperts.com\/index.php\/product\/oxymetre-de-pouls-rossmax-modele-sa310-avec-capteur-separe\/#breadcrumb","itemListElement":[{"@type":"ListItem","position":1,"name":"Accueil","item":"https:\/\/sublimationsoinsexperts.com\/"},{"@type":"ListItem","position":2,"name":"Shop","item":"https:\/\/sublimationsoinsexperts.com\/index.php\/shop\/"},{"@type":"ListItem","position":3,"name":"OXYMETRE de POULS Rossmax mod\u00e8le SA310 avec capteur s\u00e9par\u00e9"}]},{"@type":"WebSite","@id":"https:\/\/sublimationsoinsexperts.com\/#website","url":"https:\/\/sublimationsoinsexperts.com\/","name":"Sublimation soins experts","description":"","potentialAction":[{"@type":"SearchAction","target":{"@type":"EntryPoint","urlTemplate":"https:\/\/sublimationsoinsexperts.com\/?s={search_term_string}"},"query-input":{"@type":"PropertyValueSpecification","valueRequired":true,"valueName":"search_term_string"}}],"inLanguage":"fr-FR"}]}},"_links":{"self":[{"href":"https:\/\/sublimationsoinsexperts.com\/index.php\/wp-json\/wp\/v2\/product\/1999","targetHints":{"allow":["GET"]}}],"collection":[{"href":"https:\/\/sublimationsoinsexperts.com\/index.php\/wp-json\/wp\/v2\/product"}],"about":[{"href":"https:\/\/sublimationsoinsexperts.com\/index.php\/wp-json\/wp\/v2\/types\/product"}],"replies":[{"embeddable":true,"href":"https:\/\/sublimationsoinsexperts.com\/index.php\/wp-json\/wp\/v2\/comments?post=1999"}],"wp:featuredmedia":[{"embeddable":true,"href":"https:\/\/sublimationsoinsexperts.com\/index.php\/wp-json\/wp\/v2\/media\/2000"}],"wp:attachment":[{"href":"https:\/\/sublimationsoinsexperts.com\/index.php\/wp-json\/wp\/v2\/media?parent=1999"}],"wp:term":[{"taxonomy":"product_brand","embeddable":true,"href":"https:\/\/sublimationsoinsexperts.com\/index.php\/wp-json\/wp\/v2\/product_brand?post=1999"},{"taxonomy":"product_cat","embeddable":true,"href":"https:\/\/sublimationsoinsexperts.com\/index.php\/wp-json\/wp\/v2\/product_cat?post=1999"},{"taxonomy":"product_tag","embeddable":true,"href":"https:\/\/sublimationsoinsexperts.com\/index.php\/wp-json\/wp\/v2\/product_tag?post=1999"}],"curies":[{"name":"wp","href":"https:\/\/api.w.org\/{rel}","templated":true}]}}