{"id":2038,"date":"2024-02-01T20:48:39","date_gmt":"2024-02-01T20:48:39","guid":{"rendered":"https:\/\/sublimationsoinsexperts.com\/?post_type=product&#038;p=2038"},"modified":"2024-03-27T21:50:30","modified_gmt":"2024-03-27T21:50:30","slug":"tensiometre-rossmax-avec-cuillere-stethoscope","status":"publish","type":"product","link":"https:\/\/sublimationsoinsexperts.com\/index.php\/product\/tensiometre-rossmax-avec-cuillere-stethoscope\/","title":{"rendered":"Tensiom\u00e8tre Rossmax avec cuill\u00e8re + st\u00e9thoscope"},"content":{"rendered":"<p>Tensiom\u00e8tre:<br \/>\n\u2022 Tensiom\u00e8tre de haute qualit\u00e9 et performance<br \/>\n\u2022 Grand cadran de 65 mm, facile \u00e0 lire<br \/>\n\u2022 Utilisation \u00e0 une seule main<br \/>\n\u2022 Manchette sans latex<br \/>\n\u2022 Manom\u00e8tre fiable non-stop<br \/>\n\u2022 Mesure de pression: 0-300 mmHG<\/p>\n<p>St\u00e9thoscope:<br \/>\n\u2022 Embouts d&rsquo;oreille souples.<br \/>\n\u2022 Pavillon en aluminium.<br \/>\n\u2022 Le c\u00f4t\u00e9 membrane d\u00e9tecte les sons haute fr\u00e9quence.<br \/>\n\u2022 Anneau de membrane.<br \/>\n\u2022 Tube sans latex.<\/p>\n<p>&nbsp;<\/p>\n<p>REF 334.501<\/p>\n","protected":false},"excerpt":{"rendered":"<p>Tensiom\u00e8tre: \u2022 Tensiom\u00e8tre de haute qualit\u00e9 et performance \u2022 Grand cadran de 65 mm, facile \u00e0 lire \u2022 Utilisation \u00e0 une seule main \u2022 Manchette sans latex \u2022 Manom\u00e8tre fiable non-stop \u2022 Mesure de pression: 0-300 mmHG St\u00e9thoscope: \u2022 Embouts d&rsquo;oreille souples. \u2022 Pavillon en aluminium. \u2022 Le c\u00f4t\u00e9 membrane d\u00e9tecte les sons haute fr\u00e9quence. [&hellip;]<\/p>\n","protected":false},"featured_media":2044,"comment_status":"open","ping_status":"closed","template":"","meta":[],"product_brand":[],"product_cat":[39,82,97],"product_tag":[],"class_list":{"0":"post-2038","1":"product","2":"type-product","3":"status-publish","4":"has-post-thumbnail","6":"product_cat-diagnostic-et-therapie","7":"product_cat-tensiometre","8":"product_cat-tensiometre-manuel","10":"first","11":"instock","12":"shipping-taxable","13":"purchasable","14":"product-type-simple"},"yoast_head":"<!-- This site is optimized with the Yoast SEO plugin v27.4 - https:\/\/yoast.com\/product\/yoast-seo-wordpress\/ -->\n<title>Tensiom\u00e8tre Rossmax avec cuill\u00e8re + st\u00e9thoscope - Sublimation soins experts<\/title>\n<meta name=\"robots\" content=\"index, follow, max-snippet:-1, max-image-preview:large, max-video-preview:-1\" \/>\n<link rel=\"canonical\" href=\"https:\/\/sublimationsoinsexperts.com\/index.php\/product\/tensiometre-rossmax-avec-cuillere-stethoscope\/\" \/>\n<meta property=\"og:locale\" content=\"fr_FR\" \/>\n<meta property=\"og:type\" content=\"article\" \/>\n<meta property=\"og:title\" content=\"Tensiom\u00e8tre Rossmax avec cuill\u00e8re + st\u00e9thoscope - Sublimation soins experts\" \/>\n<meta property=\"og:description\" content=\"Tensiom\u00e8tre: \u2022 Tensiom\u00e8tre de haute qualit\u00e9 et performance \u2022 Grand cadran de 65 mm, facile \u00e0 lire \u2022 Utilisation \u00e0 une seule main \u2022 Manchette sans latex \u2022 Manom\u00e8tre fiable non-stop \u2022 Mesure de pression: 0-300 mmHG St\u00e9thoscope: \u2022 Embouts d&rsquo;oreille souples. \u2022 Pavillon en aluminium. \u2022 Le c\u00f4t\u00e9 membrane d\u00e9tecte les sons haute fr\u00e9quence. [&hellip;]\" \/>\n<meta property=\"og:url\" content=\"https:\/\/sublimationsoinsexperts.com\/index.php\/product\/tensiometre-rossmax-avec-cuillere-stethoscope\/\" \/>\n<meta property=\"og:site_name\" content=\"Sublimation soins experts\" \/>\n<meta property=\"article:modified_time\" content=\"2024-03-27T21:50:30+00:00\" \/>\n<meta property=\"og:image\" content=\"http:\/\/sublimationsoinsexperts.com\/wp-content\/uploads\/2024\/02\/334.501-Tensiometre-Rossmax-avec-cuillere-stethoscope.jpg\" \/>\n\t<meta property=\"og:image:width\" content=\"400\" \/>\n\t<meta property=\"og:image:height\" content=\"241\" \/>\n\t<meta property=\"og:image:type\" content=\"image\/jpeg\" \/>\n<meta name=\"twitter:card\" content=\"summary_large_image\" \/>\n<meta name=\"twitter:label1\" content=\"Dur\u00e9e de lecture estim\u00e9e\" \/>\n\t<meta name=\"twitter:data1\" content=\"1 minute\" \/>\n<script type=\"application\/ld+json\" class=\"yoast-schema-graph\">{\"@context\":\"https:\\\/\\\/schema.org\",\"@graph\":[{\"@type\":\"WebPage\",\"@id\":\"https:\\\/\\\/sublimationsoinsexperts.com\\\/index.php\\\/product\\\/tensiometre-rossmax-avec-cuillere-stethoscope\\\/\",\"url\":\"https:\\\/\\\/sublimationsoinsexperts.com\\\/index.php\\\/product\\\/tensiometre-rossmax-avec-cuillere-stethoscope\\\/\",\"name\":\"Tensiom\u00e8tre Rossmax avec cuill\u00e8re + st\u00e9thoscope - Sublimation soins experts\",\"isPartOf\":{\"@id\":\"https:\\\/\\\/sublimationsoinsexperts.com\\\/#website\"},\"primaryImageOfPage\":{\"@id\":\"https:\\\/\\\/sublimationsoinsexperts.com\\\/index.php\\\/product\\\/tensiometre-rossmax-avec-cuillere-stethoscope\\\/#primaryimage\"},\"image\":{\"@id\":\"https:\\\/\\\/sublimationsoinsexperts.com\\\/index.php\\\/product\\\/tensiometre-rossmax-avec-cuillere-stethoscope\\\/#primaryimage\"},\"thumbnailUrl\":\"https:\\\/\\\/sublimationsoinsexperts.com\\\/wp-content\\\/uploads\\\/2024\\\/02\\\/334.501-Tensiometre-Rossmax-avec-cuillere-stethoscope.jpg\",\"datePublished\":\"2024-02-01T20:48:39+00:00\",\"dateModified\":\"2024-03-27T21:50:30+00:00\",\"breadcrumb\":{\"@id\":\"https:\\\/\\\/sublimationsoinsexperts.com\\\/index.php\\\/product\\\/tensiometre-rossmax-avec-cuillere-stethoscope\\\/#breadcrumb\"},\"inLanguage\":\"fr-FR\",\"potentialAction\":[{\"@type\":\"ReadAction\",\"target\":[\"https:\\\/\\\/sublimationsoinsexperts.com\\\/index.php\\\/product\\\/tensiometre-rossmax-avec-cuillere-stethoscope\\\/\"]}]},{\"@type\":\"ImageObject\",\"inLanguage\":\"fr-FR\",\"@id\":\"https:\\\/\\\/sublimationsoinsexperts.com\\\/index.php\\\/product\\\/tensiometre-rossmax-avec-cuillere-stethoscope\\\/#primaryimage\",\"url\":\"https:\\\/\\\/sublimationsoinsexperts.com\\\/wp-content\\\/uploads\\\/2024\\\/02\\\/334.501-Tensiometre-Rossmax-avec-cuillere-stethoscope.jpg\",\"contentUrl\":\"https:\\\/\\\/sublimationsoinsexperts.com\\\/wp-content\\\/uploads\\\/2024\\\/02\\\/334.501-Tensiometre-Rossmax-avec-cuillere-stethoscope.jpg\",\"width\":400,\"height\":241},{\"@type\":\"BreadcrumbList\",\"@id\":\"https:\\\/\\\/sublimationsoinsexperts.com\\\/index.php\\\/product\\\/tensiometre-rossmax-avec-cuillere-stethoscope\\\/#breadcrumb\",\"itemListElement\":[{\"@type\":\"ListItem\",\"position\":1,\"name\":\"Accueil\",\"item\":\"https:\\\/\\\/sublimationsoinsexperts.com\\\/\"},{\"@type\":\"ListItem\",\"position\":2,\"name\":\"Shop\",\"item\":\"https:\\\/\\\/sublimationsoinsexperts.com\\\/index.php\\\/shop\\\/\"},{\"@type\":\"ListItem\",\"position\":3,\"name\":\"Tensiom\u00e8tre Rossmax avec cuill\u00e8re + st\u00e9thoscope\"}]},{\"@type\":\"WebSite\",\"@id\":\"https:\\\/\\\/sublimationsoinsexperts.com\\\/#website\",\"url\":\"https:\\\/\\\/sublimationsoinsexperts.com\\\/\",\"name\":\"Sublimation soins experts\",\"description\":\"\",\"potentialAction\":[{\"@type\":\"SearchAction\",\"target\":{\"@type\":\"EntryPoint\",\"urlTemplate\":\"https:\\\/\\\/sublimationsoinsexperts.com\\\/?s={search_term_string}\"},\"query-input\":{\"@type\":\"PropertyValueSpecification\",\"valueRequired\":true,\"valueName\":\"search_term_string\"}}],\"inLanguage\":\"fr-FR\"}]}<\/script>\n<!-- \/ Yoast SEO plugin. -->","yoast_head_json":{"title":"Tensiom\u00e8tre Rossmax avec cuill\u00e8re + st\u00e9thoscope - Sublimation soins experts","robots":{"index":"index","follow":"follow","max-snippet":"max-snippet:-1","max-image-preview":"max-image-preview:large","max-video-preview":"max-video-preview:-1"},"canonical":"https:\/\/sublimationsoinsexperts.com\/index.php\/product\/tensiometre-rossmax-avec-cuillere-stethoscope\/","og_locale":"fr_FR","og_type":"article","og_title":"Tensiom\u00e8tre Rossmax avec cuill\u00e8re + st\u00e9thoscope - Sublimation soins experts","og_description":"Tensiom\u00e8tre: \u2022 Tensiom\u00e8tre de haute qualit\u00e9 et performance \u2022 Grand cadran de 65 mm, facile \u00e0 lire \u2022 Utilisation \u00e0 une seule main \u2022 Manchette sans latex \u2022 Manom\u00e8tre fiable non-stop \u2022 Mesure de pression: 0-300 mmHG St\u00e9thoscope: \u2022 Embouts d&rsquo;oreille souples. \u2022 Pavillon en aluminium. \u2022 Le c\u00f4t\u00e9 membrane d\u00e9tecte les sons haute fr\u00e9quence. [&hellip;]","og_url":"https:\/\/sublimationsoinsexperts.com\/index.php\/product\/tensiometre-rossmax-avec-cuillere-stethoscope\/","og_site_name":"Sublimation soins experts","article_modified_time":"2024-03-27T21:50:30+00:00","og_image":[{"width":400,"height":241,"url":"http:\/\/sublimationsoinsexperts.com\/wp-content\/uploads\/2024\/02\/334.501-Tensiometre-Rossmax-avec-cuillere-stethoscope.jpg","type":"image\/jpeg"}],"twitter_card":"summary_large_image","twitter_misc":{"Dur\u00e9e de lecture estim\u00e9e":"1 minute"},"schema":{"@context":"https:\/\/schema.org","@graph":[{"@type":"WebPage","@id":"https:\/\/sublimationsoinsexperts.com\/index.php\/product\/tensiometre-rossmax-avec-cuillere-stethoscope\/","url":"https:\/\/sublimationsoinsexperts.com\/index.php\/product\/tensiometre-rossmax-avec-cuillere-stethoscope\/","name":"Tensiom\u00e8tre Rossmax avec cuill\u00e8re + st\u00e9thoscope - Sublimation soins experts","isPartOf":{"@id":"https:\/\/sublimationsoinsexperts.com\/#website"},"primaryImageOfPage":{"@id":"https:\/\/sublimationsoinsexperts.com\/index.php\/product\/tensiometre-rossmax-avec-cuillere-stethoscope\/#primaryimage"},"image":{"@id":"https:\/\/sublimationsoinsexperts.com\/index.php\/product\/tensiometre-rossmax-avec-cuillere-stethoscope\/#primaryimage"},"thumbnailUrl":"https:\/\/sublimationsoinsexperts.com\/wp-content\/uploads\/2024\/02\/334.501-Tensiometre-Rossmax-avec-cuillere-stethoscope.jpg","datePublished":"2024-02-01T20:48:39+00:00","dateModified":"2024-03-27T21:50:30+00:00","breadcrumb":{"@id":"https:\/\/sublimationsoinsexperts.com\/index.php\/product\/tensiometre-rossmax-avec-cuillere-stethoscope\/#breadcrumb"},"inLanguage":"fr-FR","potentialAction":[{"@type":"ReadAction","target":["https:\/\/sublimationsoinsexperts.com\/index.php\/product\/tensiometre-rossmax-avec-cuillere-stethoscope\/"]}]},{"@type":"ImageObject","inLanguage":"fr-FR","@id":"https:\/\/sublimationsoinsexperts.com\/index.php\/product\/tensiometre-rossmax-avec-cuillere-stethoscope\/#primaryimage","url":"https:\/\/sublimationsoinsexperts.com\/wp-content\/uploads\/2024\/02\/334.501-Tensiometre-Rossmax-avec-cuillere-stethoscope.jpg","contentUrl":"https:\/\/sublimationsoinsexperts.com\/wp-content\/uploads\/2024\/02\/334.501-Tensiometre-Rossmax-avec-cuillere-stethoscope.jpg","width":400,"height":241},{"@type":"BreadcrumbList","@id":"https:\/\/sublimationsoinsexperts.com\/index.php\/product\/tensiometre-rossmax-avec-cuillere-stethoscope\/#breadcrumb","itemListElement":[{"@type":"ListItem","position":1,"name":"Accueil","item":"https:\/\/sublimationsoinsexperts.com\/"},{"@type":"ListItem","position":2,"name":"Shop","item":"https:\/\/sublimationsoinsexperts.com\/index.php\/shop\/"},{"@type":"ListItem","position":3,"name":"Tensiom\u00e8tre Rossmax avec cuill\u00e8re + st\u00e9thoscope"}]},{"@type":"WebSite","@id":"https:\/\/sublimationsoinsexperts.com\/#website","url":"https:\/\/sublimationsoinsexperts.com\/","name":"Sublimation soins experts","description":"","potentialAction":[{"@type":"SearchAction","target":{"@type":"EntryPoint","urlTemplate":"https:\/\/sublimationsoinsexperts.com\/?s={search_term_string}"},"query-input":{"@type":"PropertyValueSpecification","valueRequired":true,"valueName":"search_term_string"}}],"inLanguage":"fr-FR"}]}},"_links":{"self":[{"href":"https:\/\/sublimationsoinsexperts.com\/index.php\/wp-json\/wp\/v2\/product\/2038","targetHints":{"allow":["GET"]}}],"collection":[{"href":"https:\/\/sublimationsoinsexperts.com\/index.php\/wp-json\/wp\/v2\/product"}],"about":[{"href":"https:\/\/sublimationsoinsexperts.com\/index.php\/wp-json\/wp\/v2\/types\/product"}],"replies":[{"embeddable":true,"href":"https:\/\/sublimationsoinsexperts.com\/index.php\/wp-json\/wp\/v2\/comments?post=2038"}],"wp:featuredmedia":[{"embeddable":true,"href":"https:\/\/sublimationsoinsexperts.com\/index.php\/wp-json\/wp\/v2\/media\/2044"}],"wp:attachment":[{"href":"https:\/\/sublimationsoinsexperts.com\/index.php\/wp-json\/wp\/v2\/media?parent=2038"}],"wp:term":[{"taxonomy":"product_brand","embeddable":true,"href":"https:\/\/sublimationsoinsexperts.com\/index.php\/wp-json\/wp\/v2\/product_brand?post=2038"},{"taxonomy":"product_cat","embeddable":true,"href":"https:\/\/sublimationsoinsexperts.com\/index.php\/wp-json\/wp\/v2\/product_cat?post=2038"},{"taxonomy":"product_tag","embeddable":true,"href":"https:\/\/sublimationsoinsexperts.com\/index.php\/wp-json\/wp\/v2\/product_tag?post=2038"}],"curies":[{"name":"wp","href":"https:\/\/api.w.org\/{rel}","templated":true}]}}