{"id":2039,"date":"2024-02-01T20:59:11","date_gmt":"2024-02-01T20:59:11","guid":{"rendered":"https:\/\/sublimationsoinsexperts.com\/?post_type=product&#038;p=2039"},"modified":"2024-03-27T21:50:29","modified_gmt":"2024-03-27T21:50:29","slug":"tensiometre-welch-allyn-durashock","status":"publish","type":"product","link":"https:\/\/sublimationsoinsexperts.com\/index.php\/product\/tensiometre-welch-allyn-durashock\/","title":{"rendered":"Tensiom\u00e8tre Welch Allyn DuraShock"},"content":{"rendered":"<p>\u2022 D\u00e9compresseur \u00e0 vis.<br \/>\n\u2022 R\u00e9sistance aux chocs.<br \/>\n\u2022 Pr\u00e9cision d\u2019\u00e9talonnage (garantie 5 ans).<br \/>\n\u2022 Fourni avec trousse.<br \/>\n\u2022 Le tensiom\u00e8tre an\u00e9ro\u00efde int\u00e9gr\u00e9 Welch Allyn DuraShock est pr\u00e9cis jusqu\u2019\u00e0 +\/- 3 mm Hg.<br \/>\n\u2022 Ce produit conserve les caract\u00e9ristiques de s\u00e9curit\u00e9 et les performances sp\u00e9cifi\u00e9es \u00e0 des temp\u00e9ratures allant de 10\u00b0C \u00e0 40\u00b0C et \u00e0 un niveau d\u2019humidit\u00e9 relative qui ne d\u00e9passe pas 85% &#8211; 90%.<br \/>\n\u2022 Nettoyage:<br \/>\n&#8211; Dispositif manom\u00e9trique an\u00e9ro\u00efde, poire et valve : essuyer avec un chiffon l\u00e9g\u00e8rement humide ou un tampon d\u2019ouate alcoolis\u00e9.<br \/>\n&#8211; Brassard : nettoyer en toute s\u00e9curit\u00e9 avec un chiffon humide ou le laver dans de l\u2019eau chaude (maximum 60\u00b0) avec un d\u00e9tergent doux.<\/p>\n<p>&nbsp;<\/p>\n","protected":false},"excerpt":{"rendered":"<p>\u2022 D\u00e9compresseur \u00e0 vis. \u2022 R\u00e9sistance aux chocs. \u2022 Pr\u00e9cision d\u2019\u00e9talonnage (garantie 5 ans). \u2022 Fourni avec trousse. \u2022 Le tensiom\u00e8tre an\u00e9ro\u00efde int\u00e9gr\u00e9 Welch Allyn DuraShock est pr\u00e9cis jusqu\u2019\u00e0 +\/- 3 mm Hg. \u2022 Ce produit conserve les caract\u00e9ristiques de s\u00e9curit\u00e9 et les performances sp\u00e9cifi\u00e9es \u00e0 des temp\u00e9ratures allant de 10\u00b0C \u00e0 40\u00b0C et \u00e0 [&hellip;]<\/p>\n","protected":false},"featured_media":2042,"comment_status":"open","ping_status":"closed","template":"","meta":[],"product_brand":[],"product_cat":[39,82,97],"product_tag":[],"class_list":{"0":"post-2039","1":"product","2":"type-product","3":"status-publish","4":"has-post-thumbnail","6":"product_cat-diagnostic-et-therapie","7":"product_cat-tensiometre","8":"product_cat-tensiometre-manuel","10":"first","11":"instock","12":"shipping-taxable","13":"purchasable","14":"product-type-variable"},"yoast_head":"<!-- This site is optimized with the Yoast SEO plugin v27.4 - https:\/\/yoast.com\/product\/yoast-seo-wordpress\/ -->\n<title>Tensiom\u00e8tre Welch Allyn DuraShock - Sublimation soins experts<\/title>\n<meta name=\"robots\" content=\"index, follow, max-snippet:-1, max-image-preview:large, max-video-preview:-1\" \/>\n<link rel=\"canonical\" href=\"https:\/\/sublimationsoinsexperts.com\/index.php\/product\/tensiometre-welch-allyn-durashock\/\" \/>\n<meta property=\"og:locale\" content=\"fr_FR\" \/>\n<meta property=\"og:type\" content=\"article\" \/>\n<meta property=\"og:title\" content=\"Tensiom\u00e8tre Welch Allyn DuraShock - Sublimation soins experts\" \/>\n<meta property=\"og:description\" content=\"\u2022 D\u00e9compresseur \u00e0 vis. \u2022 R\u00e9sistance aux chocs. \u2022 Pr\u00e9cision d\u2019\u00e9talonnage (garantie 5 ans). \u2022 Fourni avec trousse. \u2022 Le tensiom\u00e8tre an\u00e9ro\u00efde int\u00e9gr\u00e9 Welch Allyn DuraShock est pr\u00e9cis jusqu\u2019\u00e0 +\/- 3 mm Hg. \u2022 Ce produit conserve les caract\u00e9ristiques de s\u00e9curit\u00e9 et les performances sp\u00e9cifi\u00e9es \u00e0 des temp\u00e9ratures allant de 10\u00b0C \u00e0 40\u00b0C et \u00e0 [&hellip;]\" \/>\n<meta property=\"og:url\" content=\"https:\/\/sublimationsoinsexperts.com\/index.php\/product\/tensiometre-welch-allyn-durashock\/\" \/>\n<meta property=\"og:site_name\" content=\"Sublimation soins experts\" \/>\n<meta property=\"article:modified_time\" content=\"2024-03-27T21:50:29+00:00\" \/>\n<meta property=\"og:image\" content=\"http:\/\/sublimationsoinsexperts.com\/wp-content\/uploads\/2024\/02\/334.200-Tensiometre-Welch-Allyn-DuraShock.jpg\" \/>\n\t<meta property=\"og:image:width\" content=\"255\" \/>\n\t<meta property=\"og:image:height\" content=\"400\" \/>\n\t<meta property=\"og:image:type\" content=\"image\/jpeg\" \/>\n<meta name=\"twitter:card\" content=\"summary_large_image\" \/>\n<meta name=\"twitter:label1\" content=\"Dur\u00e9e de lecture estim\u00e9e\" \/>\n\t<meta name=\"twitter:data1\" content=\"1 minute\" \/>\n<script type=\"application\/ld+json\" class=\"yoast-schema-graph\">{\"@context\":\"https:\\\/\\\/schema.org\",\"@graph\":[{\"@type\":\"WebPage\",\"@id\":\"https:\\\/\\\/sublimationsoinsexperts.com\\\/index.php\\\/product\\\/tensiometre-welch-allyn-durashock\\\/\",\"url\":\"https:\\\/\\\/sublimationsoinsexperts.com\\\/index.php\\\/product\\\/tensiometre-welch-allyn-durashock\\\/\",\"name\":\"Tensiom\u00e8tre Welch Allyn DuraShock - Sublimation soins experts\",\"isPartOf\":{\"@id\":\"https:\\\/\\\/sublimationsoinsexperts.com\\\/#website\"},\"primaryImageOfPage\":{\"@id\":\"https:\\\/\\\/sublimationsoinsexperts.com\\\/index.php\\\/product\\\/tensiometre-welch-allyn-durashock\\\/#primaryimage\"},\"image\":{\"@id\":\"https:\\\/\\\/sublimationsoinsexperts.com\\\/index.php\\\/product\\\/tensiometre-welch-allyn-durashock\\\/#primaryimage\"},\"thumbnailUrl\":\"https:\\\/\\\/sublimationsoinsexperts.com\\\/wp-content\\\/uploads\\\/2024\\\/02\\\/334.200-Tensiometre-Welch-Allyn-DuraShock.jpg\",\"datePublished\":\"2024-02-01T20:59:11+00:00\",\"dateModified\":\"2024-03-27T21:50:29+00:00\",\"breadcrumb\":{\"@id\":\"https:\\\/\\\/sublimationsoinsexperts.com\\\/index.php\\\/product\\\/tensiometre-welch-allyn-durashock\\\/#breadcrumb\"},\"inLanguage\":\"fr-FR\",\"potentialAction\":[{\"@type\":\"ReadAction\",\"target\":[\"https:\\\/\\\/sublimationsoinsexperts.com\\\/index.php\\\/product\\\/tensiometre-welch-allyn-durashock\\\/\"]}]},{\"@type\":\"ImageObject\",\"inLanguage\":\"fr-FR\",\"@id\":\"https:\\\/\\\/sublimationsoinsexperts.com\\\/index.php\\\/product\\\/tensiometre-welch-allyn-durashock\\\/#primaryimage\",\"url\":\"https:\\\/\\\/sublimationsoinsexperts.com\\\/wp-content\\\/uploads\\\/2024\\\/02\\\/334.200-Tensiometre-Welch-Allyn-DuraShock.jpg\",\"contentUrl\":\"https:\\\/\\\/sublimationsoinsexperts.com\\\/wp-content\\\/uploads\\\/2024\\\/02\\\/334.200-Tensiometre-Welch-Allyn-DuraShock.jpg\",\"width\":255,\"height\":400},{\"@type\":\"BreadcrumbList\",\"@id\":\"https:\\\/\\\/sublimationsoinsexperts.com\\\/index.php\\\/product\\\/tensiometre-welch-allyn-durashock\\\/#breadcrumb\",\"itemListElement\":[{\"@type\":\"ListItem\",\"position\":1,\"name\":\"Accueil\",\"item\":\"https:\\\/\\\/sublimationsoinsexperts.com\\\/\"},{\"@type\":\"ListItem\",\"position\":2,\"name\":\"Shop\",\"item\":\"https:\\\/\\\/sublimationsoinsexperts.com\\\/index.php\\\/shop\\\/\"},{\"@type\":\"ListItem\",\"position\":3,\"name\":\"Tensiom\u00e8tre Welch Allyn DuraShock\"}]},{\"@type\":\"WebSite\",\"@id\":\"https:\\\/\\\/sublimationsoinsexperts.com\\\/#website\",\"url\":\"https:\\\/\\\/sublimationsoinsexperts.com\\\/\",\"name\":\"Sublimation soins experts\",\"description\":\"\",\"potentialAction\":[{\"@type\":\"SearchAction\",\"target\":{\"@type\":\"EntryPoint\",\"urlTemplate\":\"https:\\\/\\\/sublimationsoinsexperts.com\\\/?s={search_term_string}\"},\"query-input\":{\"@type\":\"PropertyValueSpecification\",\"valueRequired\":true,\"valueName\":\"search_term_string\"}}],\"inLanguage\":\"fr-FR\"}]}<\/script>\n<!-- \/ Yoast SEO plugin. -->","yoast_head_json":{"title":"Tensiom\u00e8tre Welch Allyn DuraShock - Sublimation soins experts","robots":{"index":"index","follow":"follow","max-snippet":"max-snippet:-1","max-image-preview":"max-image-preview:large","max-video-preview":"max-video-preview:-1"},"canonical":"https:\/\/sublimationsoinsexperts.com\/index.php\/product\/tensiometre-welch-allyn-durashock\/","og_locale":"fr_FR","og_type":"article","og_title":"Tensiom\u00e8tre Welch Allyn DuraShock - Sublimation soins experts","og_description":"\u2022 D\u00e9compresseur \u00e0 vis. \u2022 R\u00e9sistance aux chocs. \u2022 Pr\u00e9cision d\u2019\u00e9talonnage (garantie 5 ans). \u2022 Fourni avec trousse. \u2022 Le tensiom\u00e8tre an\u00e9ro\u00efde int\u00e9gr\u00e9 Welch Allyn DuraShock est pr\u00e9cis jusqu\u2019\u00e0 +\/- 3 mm Hg. \u2022 Ce produit conserve les caract\u00e9ristiques de s\u00e9curit\u00e9 et les performances sp\u00e9cifi\u00e9es \u00e0 des temp\u00e9ratures allant de 10\u00b0C \u00e0 40\u00b0C et \u00e0 [&hellip;]","og_url":"https:\/\/sublimationsoinsexperts.com\/index.php\/product\/tensiometre-welch-allyn-durashock\/","og_site_name":"Sublimation soins experts","article_modified_time":"2024-03-27T21:50:29+00:00","og_image":[{"width":255,"height":400,"url":"http:\/\/sublimationsoinsexperts.com\/wp-content\/uploads\/2024\/02\/334.200-Tensiometre-Welch-Allyn-DuraShock.jpg","type":"image\/jpeg"}],"twitter_card":"summary_large_image","twitter_misc":{"Dur\u00e9e de lecture estim\u00e9e":"1 minute"},"schema":{"@context":"https:\/\/schema.org","@graph":[{"@type":"WebPage","@id":"https:\/\/sublimationsoinsexperts.com\/index.php\/product\/tensiometre-welch-allyn-durashock\/","url":"https:\/\/sublimationsoinsexperts.com\/index.php\/product\/tensiometre-welch-allyn-durashock\/","name":"Tensiom\u00e8tre Welch Allyn DuraShock - Sublimation soins experts","isPartOf":{"@id":"https:\/\/sublimationsoinsexperts.com\/#website"},"primaryImageOfPage":{"@id":"https:\/\/sublimationsoinsexperts.com\/index.php\/product\/tensiometre-welch-allyn-durashock\/#primaryimage"},"image":{"@id":"https:\/\/sublimationsoinsexperts.com\/index.php\/product\/tensiometre-welch-allyn-durashock\/#primaryimage"},"thumbnailUrl":"https:\/\/sublimationsoinsexperts.com\/wp-content\/uploads\/2024\/02\/334.200-Tensiometre-Welch-Allyn-DuraShock.jpg","datePublished":"2024-02-01T20:59:11+00:00","dateModified":"2024-03-27T21:50:29+00:00","breadcrumb":{"@id":"https:\/\/sublimationsoinsexperts.com\/index.php\/product\/tensiometre-welch-allyn-durashock\/#breadcrumb"},"inLanguage":"fr-FR","potentialAction":[{"@type":"ReadAction","target":["https:\/\/sublimationsoinsexperts.com\/index.php\/product\/tensiometre-welch-allyn-durashock\/"]}]},{"@type":"ImageObject","inLanguage":"fr-FR","@id":"https:\/\/sublimationsoinsexperts.com\/index.php\/product\/tensiometre-welch-allyn-durashock\/#primaryimage","url":"https:\/\/sublimationsoinsexperts.com\/wp-content\/uploads\/2024\/02\/334.200-Tensiometre-Welch-Allyn-DuraShock.jpg","contentUrl":"https:\/\/sublimationsoinsexperts.com\/wp-content\/uploads\/2024\/02\/334.200-Tensiometre-Welch-Allyn-DuraShock.jpg","width":255,"height":400},{"@type":"BreadcrumbList","@id":"https:\/\/sublimationsoinsexperts.com\/index.php\/product\/tensiometre-welch-allyn-durashock\/#breadcrumb","itemListElement":[{"@type":"ListItem","position":1,"name":"Accueil","item":"https:\/\/sublimationsoinsexperts.com\/"},{"@type":"ListItem","position":2,"name":"Shop","item":"https:\/\/sublimationsoinsexperts.com\/index.php\/shop\/"},{"@type":"ListItem","position":3,"name":"Tensiom\u00e8tre Welch Allyn DuraShock"}]},{"@type":"WebSite","@id":"https:\/\/sublimationsoinsexperts.com\/#website","url":"https:\/\/sublimationsoinsexperts.com\/","name":"Sublimation soins experts","description":"","potentialAction":[{"@type":"SearchAction","target":{"@type":"EntryPoint","urlTemplate":"https:\/\/sublimationsoinsexperts.com\/?s={search_term_string}"},"query-input":{"@type":"PropertyValueSpecification","valueRequired":true,"valueName":"search_term_string"}}],"inLanguage":"fr-FR"}]}},"_links":{"self":[{"href":"https:\/\/sublimationsoinsexperts.com\/index.php\/wp-json\/wp\/v2\/product\/2039","targetHints":{"allow":["GET"]}}],"collection":[{"href":"https:\/\/sublimationsoinsexperts.com\/index.php\/wp-json\/wp\/v2\/product"}],"about":[{"href":"https:\/\/sublimationsoinsexperts.com\/index.php\/wp-json\/wp\/v2\/types\/product"}],"replies":[{"embeddable":true,"href":"https:\/\/sublimationsoinsexperts.com\/index.php\/wp-json\/wp\/v2\/comments?post=2039"}],"wp:featuredmedia":[{"embeddable":true,"href":"https:\/\/sublimationsoinsexperts.com\/index.php\/wp-json\/wp\/v2\/media\/2042"}],"wp:attachment":[{"href":"https:\/\/sublimationsoinsexperts.com\/index.php\/wp-json\/wp\/v2\/media?parent=2039"}],"wp:term":[{"taxonomy":"product_brand","embeddable":true,"href":"https:\/\/sublimationsoinsexperts.com\/index.php\/wp-json\/wp\/v2\/product_brand?post=2039"},{"taxonomy":"product_cat","embeddable":true,"href":"https:\/\/sublimationsoinsexperts.com\/index.php\/wp-json\/wp\/v2\/product_cat?post=2039"},{"taxonomy":"product_tag","embeddable":true,"href":"https:\/\/sublimationsoinsexperts.com\/index.php\/wp-json\/wp\/v2\/product_tag?post=2039"}],"curies":[{"name":"wp","href":"https:\/\/api.w.org\/{rel}","templated":true}]}}