{"id":2045,"date":"2024-02-01T21:10:03","date_gmt":"2024-02-01T21:10:03","guid":{"rendered":"https:\/\/sublimationsoinsexperts.com\/?post_type=product&#038;p=2045"},"modified":"2024-03-27T21:50:29","modified_gmt":"2024-03-27T21:50:29","slug":"tensiometre-lian-nano-avec-brassard-velcro-m","status":"publish","type":"product","link":"https:\/\/sublimationsoinsexperts.com\/index.php\/product\/tensiometre-lian-nano-avec-brassard-velcro-m\/","title":{"rendered":"Tensiom\u00e8tre Lian Nano avec brassard velcro M"},"content":{"rendered":"<div class=\"article_details\">\n<div class=\"article_long_description\">\n<p>\u2022 L\u00e9ger et robuste, le tensiom\u00e8tre qui allie style et performance.<\/p>\n<p>GRANDE PR\u00c9CISION DES MESURES<br \/>\n\u2022 M\u00e9canisme \u00abhorlogerie\u00bb haute pr\u00e9cision<\/p>\n<p>CONFORT<br \/>\n\u2022 L\u00e9ger<br \/>\n\u2022 Cuill\u00e8re ergonomique pour une parfaite prise en main<br \/>\n\u2022 Grand cadran pour une lecture simplifi\u00e9e<br \/>\n\u2022 Poire grand volume pour un gonflage rapide<br \/>\n\u2022 Fermeture Velcro Spengler, le parfait mix entre maintien et praticit\u00e9<\/p>\n<p>R\u00c9SISTANT AUX CHOCS<br \/>\n\u2022 Bo\u00eetier en ABS r\u00e9sistant aux chocs<\/p>\n<p>BRASSARD<br \/>\n\u2022 Brassard en nylon Oxford ou coton, fermeture velcro<br \/>\n\u2022 Taille M (26-34 cm)<br \/>\n\u2022 Livr\u00e9 avec une trousse de transport<br \/>\n\u2022 Brassards disponibles en L (32-42 cm) ou XL (42-52 cm)<\/p>\n<p class=\"article_picto article_picto_small\">REF 334.215<\/p>\n<\/div>\n<\/div>\n<div class=\"article_gallery_warpper\">\n<div class=\"article_gallery_warpper_gallery_large\">\n<div id=\"gallery_image_0\" class=\"gallery_image\"><\/div>\n<\/div>\n<\/div>\n<div class=\"article_shopping_details\"><\/div>\n","protected":false},"excerpt":{"rendered":"<p>\u2022 L\u00e9ger et robuste, le tensiom\u00e8tre qui allie style et performance. GRANDE PR\u00c9CISION DES MESURES \u2022 M\u00e9canisme \u00abhorlogerie\u00bb haute pr\u00e9cision CONFORT \u2022 L\u00e9ger \u2022 Cuill\u00e8re ergonomique pour une parfaite prise en main \u2022 Grand cadran pour une lecture simplifi\u00e9e \u2022 Poire grand volume pour un gonflage rapide \u2022 Fermeture Velcro Spengler, le parfait mix entre [&hellip;]<\/p>\n","protected":false},"featured_media":2046,"comment_status":"open","ping_status":"closed","template":"","meta":[],"product_brand":[],"product_cat":[39,82,97],"product_tag":[],"class_list":{"0":"post-2045","1":"product","2":"type-product","3":"status-publish","4":"has-post-thumbnail","6":"product_cat-diagnostic-et-therapie","7":"product_cat-tensiometre","8":"product_cat-tensiometre-manuel","10":"first","11":"instock","12":"shipping-taxable","13":"purchasable","14":"product-type-simple"},"yoast_head":"<!-- This site is optimized with the Yoast SEO plugin v27.4 - https:\/\/yoast.com\/product\/yoast-seo-wordpress\/ -->\n<title>Tensiom\u00e8tre Lian Nano avec brassard velcro M - Sublimation soins experts<\/title>\n<meta name=\"robots\" content=\"index, follow, max-snippet:-1, max-image-preview:large, max-video-preview:-1\" \/>\n<link rel=\"canonical\" href=\"https:\/\/sublimationsoinsexperts.com\/index.php\/product\/tensiometre-lian-nano-avec-brassard-velcro-m\/\" \/>\n<meta property=\"og:locale\" content=\"fr_FR\" \/>\n<meta property=\"og:type\" content=\"article\" \/>\n<meta property=\"og:title\" content=\"Tensiom\u00e8tre Lian Nano avec brassard velcro M - Sublimation soins experts\" \/>\n<meta property=\"og:description\" content=\"\u2022 L\u00e9ger et robuste, le tensiom\u00e8tre qui allie style et performance. GRANDE PR\u00c9CISION DES MESURES \u2022 M\u00e9canisme \u00abhorlogerie\u00bb haute pr\u00e9cision CONFORT \u2022 L\u00e9ger \u2022 Cuill\u00e8re ergonomique pour une parfaite prise en main \u2022 Grand cadran pour une lecture simplifi\u00e9e \u2022 Poire grand volume pour un gonflage rapide \u2022 Fermeture Velcro Spengler, le parfait mix entre [&hellip;]\" \/>\n<meta property=\"og:url\" content=\"https:\/\/sublimationsoinsexperts.com\/index.php\/product\/tensiometre-lian-nano-avec-brassard-velcro-m\/\" \/>\n<meta property=\"og:site_name\" content=\"Sublimation soins experts\" \/>\n<meta property=\"article:modified_time\" content=\"2024-03-27T21:50:29+00:00\" \/>\n<meta property=\"og:image\" content=\"http:\/\/sublimationsoinsexperts.com\/wp-content\/uploads\/2024\/02\/334.215-Tensiometre-Lian-Nano-avec-brassard-velcro-M.jpg\" \/>\n\t<meta property=\"og:image:width\" content=\"400\" \/>\n\t<meta property=\"og:image:height\" content=\"400\" \/>\n\t<meta property=\"og:image:type\" content=\"image\/jpeg\" \/>\n<meta name=\"twitter:card\" content=\"summary_large_image\" \/>\n<meta name=\"twitter:label1\" content=\"Dur\u00e9e de lecture estim\u00e9e\" \/>\n\t<meta name=\"twitter:data1\" content=\"1 minute\" \/>\n<script type=\"application\/ld+json\" class=\"yoast-schema-graph\">{\"@context\":\"https:\\\/\\\/schema.org\",\"@graph\":[{\"@type\":\"WebPage\",\"@id\":\"https:\\\/\\\/sublimationsoinsexperts.com\\\/index.php\\\/product\\\/tensiometre-lian-nano-avec-brassard-velcro-m\\\/\",\"url\":\"https:\\\/\\\/sublimationsoinsexperts.com\\\/index.php\\\/product\\\/tensiometre-lian-nano-avec-brassard-velcro-m\\\/\",\"name\":\"Tensiom\u00e8tre Lian Nano avec brassard velcro M - Sublimation soins experts\",\"isPartOf\":{\"@id\":\"https:\\\/\\\/sublimationsoinsexperts.com\\\/#website\"},\"primaryImageOfPage\":{\"@id\":\"https:\\\/\\\/sublimationsoinsexperts.com\\\/index.php\\\/product\\\/tensiometre-lian-nano-avec-brassard-velcro-m\\\/#primaryimage\"},\"image\":{\"@id\":\"https:\\\/\\\/sublimationsoinsexperts.com\\\/index.php\\\/product\\\/tensiometre-lian-nano-avec-brassard-velcro-m\\\/#primaryimage\"},\"thumbnailUrl\":\"https:\\\/\\\/sublimationsoinsexperts.com\\\/wp-content\\\/uploads\\\/2024\\\/02\\\/334.215-Tensiometre-Lian-Nano-avec-brassard-velcro-M.jpg\",\"datePublished\":\"2024-02-01T21:10:03+00:00\",\"dateModified\":\"2024-03-27T21:50:29+00:00\",\"breadcrumb\":{\"@id\":\"https:\\\/\\\/sublimationsoinsexperts.com\\\/index.php\\\/product\\\/tensiometre-lian-nano-avec-brassard-velcro-m\\\/#breadcrumb\"},\"inLanguage\":\"fr-FR\",\"potentialAction\":[{\"@type\":\"ReadAction\",\"target\":[\"https:\\\/\\\/sublimationsoinsexperts.com\\\/index.php\\\/product\\\/tensiometre-lian-nano-avec-brassard-velcro-m\\\/\"]}]},{\"@type\":\"ImageObject\",\"inLanguage\":\"fr-FR\",\"@id\":\"https:\\\/\\\/sublimationsoinsexperts.com\\\/index.php\\\/product\\\/tensiometre-lian-nano-avec-brassard-velcro-m\\\/#primaryimage\",\"url\":\"https:\\\/\\\/sublimationsoinsexperts.com\\\/wp-content\\\/uploads\\\/2024\\\/02\\\/334.215-Tensiometre-Lian-Nano-avec-brassard-velcro-M.jpg\",\"contentUrl\":\"https:\\\/\\\/sublimationsoinsexperts.com\\\/wp-content\\\/uploads\\\/2024\\\/02\\\/334.215-Tensiometre-Lian-Nano-avec-brassard-velcro-M.jpg\",\"width\":400,\"height\":400},{\"@type\":\"BreadcrumbList\",\"@id\":\"https:\\\/\\\/sublimationsoinsexperts.com\\\/index.php\\\/product\\\/tensiometre-lian-nano-avec-brassard-velcro-m\\\/#breadcrumb\",\"itemListElement\":[{\"@type\":\"ListItem\",\"position\":1,\"name\":\"Accueil\",\"item\":\"https:\\\/\\\/sublimationsoinsexperts.com\\\/\"},{\"@type\":\"ListItem\",\"position\":2,\"name\":\"Shop\",\"item\":\"https:\\\/\\\/sublimationsoinsexperts.com\\\/index.php\\\/shop\\\/\"},{\"@type\":\"ListItem\",\"position\":3,\"name\":\"Tensiom\u00e8tre Lian Nano avec brassard velcro M\"}]},{\"@type\":\"WebSite\",\"@id\":\"https:\\\/\\\/sublimationsoinsexperts.com\\\/#website\",\"url\":\"https:\\\/\\\/sublimationsoinsexperts.com\\\/\",\"name\":\"Sublimation soins experts\",\"description\":\"\",\"potentialAction\":[{\"@type\":\"SearchAction\",\"target\":{\"@type\":\"EntryPoint\",\"urlTemplate\":\"https:\\\/\\\/sublimationsoinsexperts.com\\\/?s={search_term_string}\"},\"query-input\":{\"@type\":\"PropertyValueSpecification\",\"valueRequired\":true,\"valueName\":\"search_term_string\"}}],\"inLanguage\":\"fr-FR\"}]}<\/script>\n<!-- \/ Yoast SEO plugin. -->","yoast_head_json":{"title":"Tensiom\u00e8tre Lian Nano avec brassard velcro M - Sublimation soins experts","robots":{"index":"index","follow":"follow","max-snippet":"max-snippet:-1","max-image-preview":"max-image-preview:large","max-video-preview":"max-video-preview:-1"},"canonical":"https:\/\/sublimationsoinsexperts.com\/index.php\/product\/tensiometre-lian-nano-avec-brassard-velcro-m\/","og_locale":"fr_FR","og_type":"article","og_title":"Tensiom\u00e8tre Lian Nano avec brassard velcro M - Sublimation soins experts","og_description":"\u2022 L\u00e9ger et robuste, le tensiom\u00e8tre qui allie style et performance. GRANDE PR\u00c9CISION DES MESURES \u2022 M\u00e9canisme \u00abhorlogerie\u00bb haute pr\u00e9cision CONFORT \u2022 L\u00e9ger \u2022 Cuill\u00e8re ergonomique pour une parfaite prise en main \u2022 Grand cadran pour une lecture simplifi\u00e9e \u2022 Poire grand volume pour un gonflage rapide \u2022 Fermeture Velcro Spengler, le parfait mix entre [&hellip;]","og_url":"https:\/\/sublimationsoinsexperts.com\/index.php\/product\/tensiometre-lian-nano-avec-brassard-velcro-m\/","og_site_name":"Sublimation soins experts","article_modified_time":"2024-03-27T21:50:29+00:00","og_image":[{"width":400,"height":400,"url":"http:\/\/sublimationsoinsexperts.com\/wp-content\/uploads\/2024\/02\/334.215-Tensiometre-Lian-Nano-avec-brassard-velcro-M.jpg","type":"image\/jpeg"}],"twitter_card":"summary_large_image","twitter_misc":{"Dur\u00e9e de lecture estim\u00e9e":"1 minute"},"schema":{"@context":"https:\/\/schema.org","@graph":[{"@type":"WebPage","@id":"https:\/\/sublimationsoinsexperts.com\/index.php\/product\/tensiometre-lian-nano-avec-brassard-velcro-m\/","url":"https:\/\/sublimationsoinsexperts.com\/index.php\/product\/tensiometre-lian-nano-avec-brassard-velcro-m\/","name":"Tensiom\u00e8tre Lian Nano avec brassard velcro M - Sublimation soins experts","isPartOf":{"@id":"https:\/\/sublimationsoinsexperts.com\/#website"},"primaryImageOfPage":{"@id":"https:\/\/sublimationsoinsexperts.com\/index.php\/product\/tensiometre-lian-nano-avec-brassard-velcro-m\/#primaryimage"},"image":{"@id":"https:\/\/sublimationsoinsexperts.com\/index.php\/product\/tensiometre-lian-nano-avec-brassard-velcro-m\/#primaryimage"},"thumbnailUrl":"https:\/\/sublimationsoinsexperts.com\/wp-content\/uploads\/2024\/02\/334.215-Tensiometre-Lian-Nano-avec-brassard-velcro-M.jpg","datePublished":"2024-02-01T21:10:03+00:00","dateModified":"2024-03-27T21:50:29+00:00","breadcrumb":{"@id":"https:\/\/sublimationsoinsexperts.com\/index.php\/product\/tensiometre-lian-nano-avec-brassard-velcro-m\/#breadcrumb"},"inLanguage":"fr-FR","potentialAction":[{"@type":"ReadAction","target":["https:\/\/sublimationsoinsexperts.com\/index.php\/product\/tensiometre-lian-nano-avec-brassard-velcro-m\/"]}]},{"@type":"ImageObject","inLanguage":"fr-FR","@id":"https:\/\/sublimationsoinsexperts.com\/index.php\/product\/tensiometre-lian-nano-avec-brassard-velcro-m\/#primaryimage","url":"https:\/\/sublimationsoinsexperts.com\/wp-content\/uploads\/2024\/02\/334.215-Tensiometre-Lian-Nano-avec-brassard-velcro-M.jpg","contentUrl":"https:\/\/sublimationsoinsexperts.com\/wp-content\/uploads\/2024\/02\/334.215-Tensiometre-Lian-Nano-avec-brassard-velcro-M.jpg","width":400,"height":400},{"@type":"BreadcrumbList","@id":"https:\/\/sublimationsoinsexperts.com\/index.php\/product\/tensiometre-lian-nano-avec-brassard-velcro-m\/#breadcrumb","itemListElement":[{"@type":"ListItem","position":1,"name":"Accueil","item":"https:\/\/sublimationsoinsexperts.com\/"},{"@type":"ListItem","position":2,"name":"Shop","item":"https:\/\/sublimationsoinsexperts.com\/index.php\/shop\/"},{"@type":"ListItem","position":3,"name":"Tensiom\u00e8tre Lian Nano avec brassard velcro M"}]},{"@type":"WebSite","@id":"https:\/\/sublimationsoinsexperts.com\/#website","url":"https:\/\/sublimationsoinsexperts.com\/","name":"Sublimation soins experts","description":"","potentialAction":[{"@type":"SearchAction","target":{"@type":"EntryPoint","urlTemplate":"https:\/\/sublimationsoinsexperts.com\/?s={search_term_string}"},"query-input":{"@type":"PropertyValueSpecification","valueRequired":true,"valueName":"search_term_string"}}],"inLanguage":"fr-FR"}]}},"_links":{"self":[{"href":"https:\/\/sublimationsoinsexperts.com\/index.php\/wp-json\/wp\/v2\/product\/2045","targetHints":{"allow":["GET"]}}],"collection":[{"href":"https:\/\/sublimationsoinsexperts.com\/index.php\/wp-json\/wp\/v2\/product"}],"about":[{"href":"https:\/\/sublimationsoinsexperts.com\/index.php\/wp-json\/wp\/v2\/types\/product"}],"replies":[{"embeddable":true,"href":"https:\/\/sublimationsoinsexperts.com\/index.php\/wp-json\/wp\/v2\/comments?post=2045"}],"wp:featuredmedia":[{"embeddable":true,"href":"https:\/\/sublimationsoinsexperts.com\/index.php\/wp-json\/wp\/v2\/media\/2046"}],"wp:attachment":[{"href":"https:\/\/sublimationsoinsexperts.com\/index.php\/wp-json\/wp\/v2\/media?parent=2045"}],"wp:term":[{"taxonomy":"product_brand","embeddable":true,"href":"https:\/\/sublimationsoinsexperts.com\/index.php\/wp-json\/wp\/v2\/product_brand?post=2045"},{"taxonomy":"product_cat","embeddable":true,"href":"https:\/\/sublimationsoinsexperts.com\/index.php\/wp-json\/wp\/v2\/product_cat?post=2045"},{"taxonomy":"product_tag","embeddable":true,"href":"https:\/\/sublimationsoinsexperts.com\/index.php\/wp-json\/wp\/v2\/product_tag?post=2045"}],"curies":[{"name":"wp","href":"https:\/\/api.w.org\/{rel}","templated":true}]}}