{"id":2048,"date":"2024-02-01T21:17:09","date_gmt":"2024-02-01T21:17:09","guid":{"rendered":"https:\/\/sublimationsoinsexperts.com\/?post_type=product&#038;p=2048"},"modified":"2024-03-27T20:26:26","modified_gmt":"2024-03-27T20:26:26","slug":"tensiometre-au-bras-rossmax-x5-bluetooth","status":"publish","type":"product","link":"https:\/\/sublimationsoinsexperts.com\/index.php\/product\/tensiometre-au-bras-rossmax-x5-bluetooth\/","title":{"rendered":"Tensiom\u00e8tre au bras Rossmax X5 Bluetooth"},"content":{"rendered":"<p>\u2022 D\u00e9pistage pr\u00e9coce du risque d&rsquo;AVC avec une seule mesure de la pression art\u00e9rielle.<br \/>\n\u2022 Mesure de la tension et du pouls au bras avec une seule touche automatique.<br \/>\n\u2022 Technologie Bluetooth basse consommation.<br \/>\n\u2022 D\u00e9tection des arythmies, de fibrillation auriculaire, de contraction pr\u00e9matur\u00e9e.<br \/>\n\u2022 D\u00e9tection de mouvement.<br \/>\n\u2022 D\u00e9tection de manchette.<br \/>\n\u2022 Indication du risque d\u2019hypertension.<br \/>\n\u2022 Moyenne des trois derni\u00e8res lectures.<br \/>\n\u2022 Fourni avec un Brassard conique universel brevet\u00e9 sans latex.<br \/>\n\u2022 Calcul de la moyenne sur 7 jours.<br \/>\n\u2022 Grand \u00e9cran LCD: 69 x 78 mm.<br \/>\n\u2022 M\u00e9moire 2 x 60 mesures avec indication de la date et de l\u2019heure.<br \/>\n\u2022 Mode Invit\u00e9.<br \/>\n\u2022 Manchette 24-40 cm.<br \/>\n\u2022 Prise adaptateur.<br \/>\n\u2022 Calibration \u00e0 vie.<\/p>\n<p>&nbsp;<\/p>\n<p>REF 334.421<\/p>\n","protected":false},"excerpt":{"rendered":"<p>\u2022 D\u00e9pistage pr\u00e9coce du risque d&rsquo;AVC avec une seule mesure de la pression art\u00e9rielle. \u2022 Mesure de la tension et du pouls au bras avec une seule touche automatique. \u2022 Technologie Bluetooth basse consommation. \u2022 D\u00e9tection des arythmies, de fibrillation auriculaire, de contraction pr\u00e9matur\u00e9e. \u2022 D\u00e9tection de mouvement. \u2022 D\u00e9tection de manchette. \u2022 Indication du [&hellip;]<\/p>\n","protected":false},"featured_media":2049,"comment_status":"open","ping_status":"closed","template":"","meta":[],"product_brand":[],"product_cat":[39,82,96],"product_tag":[],"class_list":{"0":"post-2048","1":"product","2":"type-product","3":"status-publish","4":"has-post-thumbnail","6":"product_cat-diagnostic-et-therapie","7":"product_cat-tensiometre","8":"product_cat-tensiometre-electronique","10":"first","11":"instock","12":"shipping-taxable","13":"purchasable","14":"product-type-simple"},"yoast_head":"<!-- This site is optimized with the Yoast SEO plugin v27.3 - https:\/\/yoast.com\/product\/yoast-seo-wordpress\/ -->\n<title>Tensiom\u00e8tre au bras Rossmax X5 Bluetooth - Sublimation soins experts<\/title>\n<meta name=\"robots\" content=\"index, follow, max-snippet:-1, max-image-preview:large, max-video-preview:-1\" \/>\n<link rel=\"canonical\" href=\"https:\/\/sublimationsoinsexperts.com\/index.php\/product\/tensiometre-au-bras-rossmax-x5-bluetooth\/\" \/>\n<meta property=\"og:locale\" content=\"fr_FR\" \/>\n<meta property=\"og:type\" content=\"article\" \/>\n<meta property=\"og:title\" content=\"Tensiom\u00e8tre au bras Rossmax X5 Bluetooth - Sublimation soins experts\" \/>\n<meta property=\"og:description\" content=\"\u2022 D\u00e9pistage pr\u00e9coce du risque d&rsquo;AVC avec une seule mesure de la pression art\u00e9rielle. \u2022 Mesure de la tension et du pouls au bras avec une seule touche automatique. \u2022 Technologie Bluetooth basse consommation. \u2022 D\u00e9tection des arythmies, de fibrillation auriculaire, de contraction pr\u00e9matur\u00e9e. \u2022 D\u00e9tection de mouvement. \u2022 D\u00e9tection de manchette. \u2022 Indication du [&hellip;]\" \/>\n<meta property=\"og:url\" content=\"https:\/\/sublimationsoinsexperts.com\/index.php\/product\/tensiometre-au-bras-rossmax-x5-bluetooth\/\" \/>\n<meta property=\"og:site_name\" content=\"Sublimation soins experts\" \/>\n<meta property=\"article:modified_time\" content=\"2024-03-27T20:26:26+00:00\" \/>\n<meta property=\"og:image\" content=\"http:\/\/sublimationsoinsexperts.com\/wp-content\/uploads\/2024\/02\/334.421-Tensiometre-au-bras-Rossmax-X5-Bluetooth.jpg\" \/>\n\t<meta property=\"og:image:width\" content=\"400\" \/>\n\t<meta property=\"og:image:height\" content=\"400\" \/>\n\t<meta property=\"og:image:type\" content=\"image\/jpeg\" \/>\n<meta name=\"twitter:card\" content=\"summary_large_image\" \/>\n<meta name=\"twitter:label1\" content=\"Dur\u00e9e de lecture estim\u00e9e\" \/>\n\t<meta name=\"twitter:data1\" content=\"1 minute\" \/>\n<script type=\"application\/ld+json\" class=\"yoast-schema-graph\">{\"@context\":\"https:\\\/\\\/schema.org\",\"@graph\":[{\"@type\":\"WebPage\",\"@id\":\"https:\\\/\\\/sublimationsoinsexperts.com\\\/index.php\\\/product\\\/tensiometre-au-bras-rossmax-x5-bluetooth\\\/\",\"url\":\"https:\\\/\\\/sublimationsoinsexperts.com\\\/index.php\\\/product\\\/tensiometre-au-bras-rossmax-x5-bluetooth\\\/\",\"name\":\"Tensiom\u00e8tre au bras Rossmax X5 Bluetooth - Sublimation soins experts\",\"isPartOf\":{\"@id\":\"https:\\\/\\\/sublimationsoinsexperts.com\\\/#website\"},\"primaryImageOfPage\":{\"@id\":\"https:\\\/\\\/sublimationsoinsexperts.com\\\/index.php\\\/product\\\/tensiometre-au-bras-rossmax-x5-bluetooth\\\/#primaryimage\"},\"image\":{\"@id\":\"https:\\\/\\\/sublimationsoinsexperts.com\\\/index.php\\\/product\\\/tensiometre-au-bras-rossmax-x5-bluetooth\\\/#primaryimage\"},\"thumbnailUrl\":\"https:\\\/\\\/sublimationsoinsexperts.com\\\/wp-content\\\/uploads\\\/2024\\\/02\\\/334.421-Tensiometre-au-bras-Rossmax-X5-Bluetooth.jpg\",\"datePublished\":\"2024-02-01T21:17:09+00:00\",\"dateModified\":\"2024-03-27T20:26:26+00:00\",\"breadcrumb\":{\"@id\":\"https:\\\/\\\/sublimationsoinsexperts.com\\\/index.php\\\/product\\\/tensiometre-au-bras-rossmax-x5-bluetooth\\\/#breadcrumb\"},\"inLanguage\":\"fr-FR\",\"potentialAction\":[{\"@type\":\"ReadAction\",\"target\":[\"https:\\\/\\\/sublimationsoinsexperts.com\\\/index.php\\\/product\\\/tensiometre-au-bras-rossmax-x5-bluetooth\\\/\"]}]},{\"@type\":\"ImageObject\",\"inLanguage\":\"fr-FR\",\"@id\":\"https:\\\/\\\/sublimationsoinsexperts.com\\\/index.php\\\/product\\\/tensiometre-au-bras-rossmax-x5-bluetooth\\\/#primaryimage\",\"url\":\"https:\\\/\\\/sublimationsoinsexperts.com\\\/wp-content\\\/uploads\\\/2024\\\/02\\\/334.421-Tensiometre-au-bras-Rossmax-X5-Bluetooth.jpg\",\"contentUrl\":\"https:\\\/\\\/sublimationsoinsexperts.com\\\/wp-content\\\/uploads\\\/2024\\\/02\\\/334.421-Tensiometre-au-bras-Rossmax-X5-Bluetooth.jpg\",\"width\":400,\"height\":400},{\"@type\":\"BreadcrumbList\",\"@id\":\"https:\\\/\\\/sublimationsoinsexperts.com\\\/index.php\\\/product\\\/tensiometre-au-bras-rossmax-x5-bluetooth\\\/#breadcrumb\",\"itemListElement\":[{\"@type\":\"ListItem\",\"position\":1,\"name\":\"Accueil\",\"item\":\"https:\\\/\\\/sublimationsoinsexperts.com\\\/\"},{\"@type\":\"ListItem\",\"position\":2,\"name\":\"Shop\",\"item\":\"https:\\\/\\\/sublimationsoinsexperts.com\\\/index.php\\\/shop\\\/\"},{\"@type\":\"ListItem\",\"position\":3,\"name\":\"Tensiom\u00e8tre au bras Rossmax X5 Bluetooth\"}]},{\"@type\":\"WebSite\",\"@id\":\"https:\\\/\\\/sublimationsoinsexperts.com\\\/#website\",\"url\":\"https:\\\/\\\/sublimationsoinsexperts.com\\\/\",\"name\":\"Sublimation soins experts\",\"description\":\"\",\"potentialAction\":[{\"@type\":\"SearchAction\",\"target\":{\"@type\":\"EntryPoint\",\"urlTemplate\":\"https:\\\/\\\/sublimationsoinsexperts.com\\\/?s={search_term_string}\"},\"query-input\":{\"@type\":\"PropertyValueSpecification\",\"valueRequired\":true,\"valueName\":\"search_term_string\"}}],\"inLanguage\":\"fr-FR\"}]}<\/script>\n<!-- \/ Yoast SEO plugin. -->","yoast_head_json":{"title":"Tensiom\u00e8tre au bras Rossmax X5 Bluetooth - Sublimation soins experts","robots":{"index":"index","follow":"follow","max-snippet":"max-snippet:-1","max-image-preview":"max-image-preview:large","max-video-preview":"max-video-preview:-1"},"canonical":"https:\/\/sublimationsoinsexperts.com\/index.php\/product\/tensiometre-au-bras-rossmax-x5-bluetooth\/","og_locale":"fr_FR","og_type":"article","og_title":"Tensiom\u00e8tre au bras Rossmax X5 Bluetooth - Sublimation soins experts","og_description":"\u2022 D\u00e9pistage pr\u00e9coce du risque d&rsquo;AVC avec une seule mesure de la pression art\u00e9rielle. \u2022 Mesure de la tension et du pouls au bras avec une seule touche automatique. \u2022 Technologie Bluetooth basse consommation. \u2022 D\u00e9tection des arythmies, de fibrillation auriculaire, de contraction pr\u00e9matur\u00e9e. \u2022 D\u00e9tection de mouvement. \u2022 D\u00e9tection de manchette. \u2022 Indication du [&hellip;]","og_url":"https:\/\/sublimationsoinsexperts.com\/index.php\/product\/tensiometre-au-bras-rossmax-x5-bluetooth\/","og_site_name":"Sublimation soins experts","article_modified_time":"2024-03-27T20:26:26+00:00","og_image":[{"width":400,"height":400,"url":"http:\/\/sublimationsoinsexperts.com\/wp-content\/uploads\/2024\/02\/334.421-Tensiometre-au-bras-Rossmax-X5-Bluetooth.jpg","type":"image\/jpeg"}],"twitter_card":"summary_large_image","twitter_misc":{"Dur\u00e9e de lecture estim\u00e9e":"1 minute"},"schema":{"@context":"https:\/\/schema.org","@graph":[{"@type":"WebPage","@id":"https:\/\/sublimationsoinsexperts.com\/index.php\/product\/tensiometre-au-bras-rossmax-x5-bluetooth\/","url":"https:\/\/sublimationsoinsexperts.com\/index.php\/product\/tensiometre-au-bras-rossmax-x5-bluetooth\/","name":"Tensiom\u00e8tre au bras Rossmax X5 Bluetooth - Sublimation soins experts","isPartOf":{"@id":"https:\/\/sublimationsoinsexperts.com\/#website"},"primaryImageOfPage":{"@id":"https:\/\/sublimationsoinsexperts.com\/index.php\/product\/tensiometre-au-bras-rossmax-x5-bluetooth\/#primaryimage"},"image":{"@id":"https:\/\/sublimationsoinsexperts.com\/index.php\/product\/tensiometre-au-bras-rossmax-x5-bluetooth\/#primaryimage"},"thumbnailUrl":"https:\/\/sublimationsoinsexperts.com\/wp-content\/uploads\/2024\/02\/334.421-Tensiometre-au-bras-Rossmax-X5-Bluetooth.jpg","datePublished":"2024-02-01T21:17:09+00:00","dateModified":"2024-03-27T20:26:26+00:00","breadcrumb":{"@id":"https:\/\/sublimationsoinsexperts.com\/index.php\/product\/tensiometre-au-bras-rossmax-x5-bluetooth\/#breadcrumb"},"inLanguage":"fr-FR","potentialAction":[{"@type":"ReadAction","target":["https:\/\/sublimationsoinsexperts.com\/index.php\/product\/tensiometre-au-bras-rossmax-x5-bluetooth\/"]}]},{"@type":"ImageObject","inLanguage":"fr-FR","@id":"https:\/\/sublimationsoinsexperts.com\/index.php\/product\/tensiometre-au-bras-rossmax-x5-bluetooth\/#primaryimage","url":"https:\/\/sublimationsoinsexperts.com\/wp-content\/uploads\/2024\/02\/334.421-Tensiometre-au-bras-Rossmax-X5-Bluetooth.jpg","contentUrl":"https:\/\/sublimationsoinsexperts.com\/wp-content\/uploads\/2024\/02\/334.421-Tensiometre-au-bras-Rossmax-X5-Bluetooth.jpg","width":400,"height":400},{"@type":"BreadcrumbList","@id":"https:\/\/sublimationsoinsexperts.com\/index.php\/product\/tensiometre-au-bras-rossmax-x5-bluetooth\/#breadcrumb","itemListElement":[{"@type":"ListItem","position":1,"name":"Accueil","item":"https:\/\/sublimationsoinsexperts.com\/"},{"@type":"ListItem","position":2,"name":"Shop","item":"https:\/\/sublimationsoinsexperts.com\/index.php\/shop\/"},{"@type":"ListItem","position":3,"name":"Tensiom\u00e8tre au bras Rossmax X5 Bluetooth"}]},{"@type":"WebSite","@id":"https:\/\/sublimationsoinsexperts.com\/#website","url":"https:\/\/sublimationsoinsexperts.com\/","name":"Sublimation soins experts","description":"","potentialAction":[{"@type":"SearchAction","target":{"@type":"EntryPoint","urlTemplate":"https:\/\/sublimationsoinsexperts.com\/?s={search_term_string}"},"query-input":{"@type":"PropertyValueSpecification","valueRequired":true,"valueName":"search_term_string"}}],"inLanguage":"fr-FR"}]}},"_links":{"self":[{"href":"https:\/\/sublimationsoinsexperts.com\/index.php\/wp-json\/wp\/v2\/product\/2048","targetHints":{"allow":["GET"]}}],"collection":[{"href":"https:\/\/sublimationsoinsexperts.com\/index.php\/wp-json\/wp\/v2\/product"}],"about":[{"href":"https:\/\/sublimationsoinsexperts.com\/index.php\/wp-json\/wp\/v2\/types\/product"}],"replies":[{"embeddable":true,"href":"https:\/\/sublimationsoinsexperts.com\/index.php\/wp-json\/wp\/v2\/comments?post=2048"}],"wp:featuredmedia":[{"embeddable":true,"href":"https:\/\/sublimationsoinsexperts.com\/index.php\/wp-json\/wp\/v2\/media\/2049"}],"wp:attachment":[{"href":"https:\/\/sublimationsoinsexperts.com\/index.php\/wp-json\/wp\/v2\/media?parent=2048"}],"wp:term":[{"taxonomy":"product_brand","embeddable":true,"href":"https:\/\/sublimationsoinsexperts.com\/index.php\/wp-json\/wp\/v2\/product_brand?post=2048"},{"taxonomy":"product_cat","embeddable":true,"href":"https:\/\/sublimationsoinsexperts.com\/index.php\/wp-json\/wp\/v2\/product_cat?post=2048"},{"taxonomy":"product_tag","embeddable":true,"href":"https:\/\/sublimationsoinsexperts.com\/index.php\/wp-json\/wp\/v2\/product_tag?post=2048"}],"curies":[{"name":"wp","href":"https:\/\/api.w.org\/{rel}","templated":true}]}}