{"id":2051,"date":"2024-02-01T21:30:58","date_gmt":"2024-02-01T21:30:58","guid":{"rendered":"https:\/\/sublimationsoinsexperts.com\/?post_type=product&#038;p=2051"},"modified":"2024-03-27T23:04:43","modified_gmt":"2024-03-27T23:04:43","slug":"stethoscope-littmann-classic-iii-chocolat-edition-cuivre","status":"publish","type":"product","link":"https:\/\/sublimationsoinsexperts.com\/index.php\/product\/stethoscope-littmann-classic-iii-chocolat-edition-cuivre\/","title":{"rendered":"St\u00e9thoscope Littmann Classic III, chocolat, \u00e9dition cuivre"},"content":{"rendered":"<p>La membrane double fr\u00e9quence du grand pavillon assure une restitution acoustique constante des sons de haute et de basse fr\u00e9quence par simple modification de la pression sur le pavillon.<br \/>\nT\u00eate en acier inoxydable, 2 pavillons munis de bagues anti-froid, embouts auriculaires \u00e9tanches et lyre orient\u00e9e.<\/p>\n<p>&nbsp;<\/p>\n<p>REF 333.374<\/p>\n","protected":false},"excerpt":{"rendered":"<p>La membrane double fr\u00e9quence du grand pavillon assure une restitution acoustique constante des sons de haute et de basse fr\u00e9quence par simple modification de la pression sur le pavillon. T\u00eate en acier inoxydable, 2 pavillons munis de bagues anti-froid, embouts auriculaires \u00e9tanches et lyre orient\u00e9e. &nbsp; REF 333.374<\/p>\n","protected":false},"featured_media":2052,"comment_status":"open","ping_status":"closed","template":"","meta":[],"product_brand":[],"product_cat":[39,83],"product_tag":[],"class_list":{"0":"post-2051","1":"product","2":"type-product","3":"status-publish","4":"has-post-thumbnail","6":"product_cat-diagnostic-et-therapie","7":"product_cat-stethoscopes","9":"first","10":"instock","11":"shipping-taxable","12":"purchasable","13":"product-type-simple"},"yoast_head":"<!-- This site is optimized with the Yoast SEO plugin v27.4 - https:\/\/yoast.com\/product\/yoast-seo-wordpress\/ -->\n<title>St\u00e9thoscope Littmann Classic III, chocolat, \u00e9dition cuivre - Sublimation soins experts<\/title>\n<meta name=\"robots\" content=\"index, follow, max-snippet:-1, max-image-preview:large, max-video-preview:-1\" \/>\n<link rel=\"canonical\" href=\"https:\/\/sublimationsoinsexperts.com\/index.php\/product\/stethoscope-littmann-classic-iii-chocolat-edition-cuivre\/\" \/>\n<meta property=\"og:locale\" content=\"fr_FR\" \/>\n<meta property=\"og:type\" content=\"article\" \/>\n<meta property=\"og:title\" content=\"St\u00e9thoscope Littmann Classic III, chocolat, \u00e9dition cuivre - Sublimation soins experts\" \/>\n<meta property=\"og:description\" content=\"La membrane double fr\u00e9quence du grand pavillon assure une restitution acoustique constante des sons de haute et de basse fr\u00e9quence par simple modification de la pression sur le pavillon. T\u00eate en acier inoxydable, 2 pavillons munis de bagues anti-froid, embouts auriculaires \u00e9tanches et lyre orient\u00e9e. &nbsp; REF 333.374\" \/>\n<meta property=\"og:url\" content=\"https:\/\/sublimationsoinsexperts.com\/index.php\/product\/stethoscope-littmann-classic-iii-chocolat-edition-cuivre\/\" \/>\n<meta property=\"og:site_name\" content=\"Sublimation soins experts\" \/>\n<meta property=\"article:modified_time\" content=\"2024-03-27T23:04:43+00:00\" \/>\n<meta property=\"og:image\" content=\"http:\/\/sublimationsoinsexperts.com\/wp-content\/uploads\/2024\/02\/333.374-Stethoscope-Littmann-Classic-III-chocolat-edition-cuivre.jpg\" \/>\n\t<meta property=\"og:image:width\" content=\"305\" \/>\n\t<meta property=\"og:image:height\" content=\"400\" \/>\n\t<meta property=\"og:image:type\" content=\"image\/jpeg\" \/>\n<meta name=\"twitter:card\" content=\"summary_large_image\" \/>\n<meta name=\"twitter:label1\" content=\"Dur\u00e9e de lecture estim\u00e9e\" \/>\n\t<meta name=\"twitter:data1\" content=\"1 minute\" \/>\n<script type=\"application\/ld+json\" class=\"yoast-schema-graph\">{\"@context\":\"https:\\\/\\\/schema.org\",\"@graph\":[{\"@type\":\"WebPage\",\"@id\":\"https:\\\/\\\/sublimationsoinsexperts.com\\\/index.php\\\/product\\\/stethoscope-littmann-classic-iii-chocolat-edition-cuivre\\\/\",\"url\":\"https:\\\/\\\/sublimationsoinsexperts.com\\\/index.php\\\/product\\\/stethoscope-littmann-classic-iii-chocolat-edition-cuivre\\\/\",\"name\":\"St\u00e9thoscope Littmann Classic III, chocolat, \u00e9dition cuivre - Sublimation soins experts\",\"isPartOf\":{\"@id\":\"https:\\\/\\\/sublimationsoinsexperts.com\\\/#website\"},\"primaryImageOfPage\":{\"@id\":\"https:\\\/\\\/sublimationsoinsexperts.com\\\/index.php\\\/product\\\/stethoscope-littmann-classic-iii-chocolat-edition-cuivre\\\/#primaryimage\"},\"image\":{\"@id\":\"https:\\\/\\\/sublimationsoinsexperts.com\\\/index.php\\\/product\\\/stethoscope-littmann-classic-iii-chocolat-edition-cuivre\\\/#primaryimage\"},\"thumbnailUrl\":\"https:\\\/\\\/sublimationsoinsexperts.com\\\/wp-content\\\/uploads\\\/2024\\\/02\\\/333.374-Stethoscope-Littmann-Classic-III-chocolat-edition-cuivre.jpg\",\"datePublished\":\"2024-02-01T21:30:58+00:00\",\"dateModified\":\"2024-03-27T23:04:43+00:00\",\"breadcrumb\":{\"@id\":\"https:\\\/\\\/sublimationsoinsexperts.com\\\/index.php\\\/product\\\/stethoscope-littmann-classic-iii-chocolat-edition-cuivre\\\/#breadcrumb\"},\"inLanguage\":\"fr-FR\",\"potentialAction\":[{\"@type\":\"ReadAction\",\"target\":[\"https:\\\/\\\/sublimationsoinsexperts.com\\\/index.php\\\/product\\\/stethoscope-littmann-classic-iii-chocolat-edition-cuivre\\\/\"]}]},{\"@type\":\"ImageObject\",\"inLanguage\":\"fr-FR\",\"@id\":\"https:\\\/\\\/sublimationsoinsexperts.com\\\/index.php\\\/product\\\/stethoscope-littmann-classic-iii-chocolat-edition-cuivre\\\/#primaryimage\",\"url\":\"https:\\\/\\\/sublimationsoinsexperts.com\\\/wp-content\\\/uploads\\\/2024\\\/02\\\/333.374-Stethoscope-Littmann-Classic-III-chocolat-edition-cuivre.jpg\",\"contentUrl\":\"https:\\\/\\\/sublimationsoinsexperts.com\\\/wp-content\\\/uploads\\\/2024\\\/02\\\/333.374-Stethoscope-Littmann-Classic-III-chocolat-edition-cuivre.jpg\",\"width\":305,\"height\":400},{\"@type\":\"BreadcrumbList\",\"@id\":\"https:\\\/\\\/sublimationsoinsexperts.com\\\/index.php\\\/product\\\/stethoscope-littmann-classic-iii-chocolat-edition-cuivre\\\/#breadcrumb\",\"itemListElement\":[{\"@type\":\"ListItem\",\"position\":1,\"name\":\"Accueil\",\"item\":\"https:\\\/\\\/sublimationsoinsexperts.com\\\/\"},{\"@type\":\"ListItem\",\"position\":2,\"name\":\"Shop\",\"item\":\"https:\\\/\\\/sublimationsoinsexperts.com\\\/index.php\\\/shop\\\/\"},{\"@type\":\"ListItem\",\"position\":3,\"name\":\"St\u00e9thoscope Littmann Classic III, chocolat, \u00e9dition cuivre\"}]},{\"@type\":\"WebSite\",\"@id\":\"https:\\\/\\\/sublimationsoinsexperts.com\\\/#website\",\"url\":\"https:\\\/\\\/sublimationsoinsexperts.com\\\/\",\"name\":\"Sublimation soins experts\",\"description\":\"\",\"potentialAction\":[{\"@type\":\"SearchAction\",\"target\":{\"@type\":\"EntryPoint\",\"urlTemplate\":\"https:\\\/\\\/sublimationsoinsexperts.com\\\/?s={search_term_string}\"},\"query-input\":{\"@type\":\"PropertyValueSpecification\",\"valueRequired\":true,\"valueName\":\"search_term_string\"}}],\"inLanguage\":\"fr-FR\"}]}<\/script>\n<!-- \/ Yoast SEO plugin. -->","yoast_head_json":{"title":"St\u00e9thoscope Littmann Classic III, chocolat, \u00e9dition cuivre - Sublimation soins experts","robots":{"index":"index","follow":"follow","max-snippet":"max-snippet:-1","max-image-preview":"max-image-preview:large","max-video-preview":"max-video-preview:-1"},"canonical":"https:\/\/sublimationsoinsexperts.com\/index.php\/product\/stethoscope-littmann-classic-iii-chocolat-edition-cuivre\/","og_locale":"fr_FR","og_type":"article","og_title":"St\u00e9thoscope Littmann Classic III, chocolat, \u00e9dition cuivre - Sublimation soins experts","og_description":"La membrane double fr\u00e9quence du grand pavillon assure une restitution acoustique constante des sons de haute et de basse fr\u00e9quence par simple modification de la pression sur le pavillon. T\u00eate en acier inoxydable, 2 pavillons munis de bagues anti-froid, embouts auriculaires \u00e9tanches et lyre orient\u00e9e. &nbsp; REF 333.374","og_url":"https:\/\/sublimationsoinsexperts.com\/index.php\/product\/stethoscope-littmann-classic-iii-chocolat-edition-cuivre\/","og_site_name":"Sublimation soins experts","article_modified_time":"2024-03-27T23:04:43+00:00","og_image":[{"width":305,"height":400,"url":"http:\/\/sublimationsoinsexperts.com\/wp-content\/uploads\/2024\/02\/333.374-Stethoscope-Littmann-Classic-III-chocolat-edition-cuivre.jpg","type":"image\/jpeg"}],"twitter_card":"summary_large_image","twitter_misc":{"Dur\u00e9e de lecture estim\u00e9e":"1 minute"},"schema":{"@context":"https:\/\/schema.org","@graph":[{"@type":"WebPage","@id":"https:\/\/sublimationsoinsexperts.com\/index.php\/product\/stethoscope-littmann-classic-iii-chocolat-edition-cuivre\/","url":"https:\/\/sublimationsoinsexperts.com\/index.php\/product\/stethoscope-littmann-classic-iii-chocolat-edition-cuivre\/","name":"St\u00e9thoscope Littmann Classic III, chocolat, \u00e9dition cuivre - Sublimation soins experts","isPartOf":{"@id":"https:\/\/sublimationsoinsexperts.com\/#website"},"primaryImageOfPage":{"@id":"https:\/\/sublimationsoinsexperts.com\/index.php\/product\/stethoscope-littmann-classic-iii-chocolat-edition-cuivre\/#primaryimage"},"image":{"@id":"https:\/\/sublimationsoinsexperts.com\/index.php\/product\/stethoscope-littmann-classic-iii-chocolat-edition-cuivre\/#primaryimage"},"thumbnailUrl":"https:\/\/sublimationsoinsexperts.com\/wp-content\/uploads\/2024\/02\/333.374-Stethoscope-Littmann-Classic-III-chocolat-edition-cuivre.jpg","datePublished":"2024-02-01T21:30:58+00:00","dateModified":"2024-03-27T23:04:43+00:00","breadcrumb":{"@id":"https:\/\/sublimationsoinsexperts.com\/index.php\/product\/stethoscope-littmann-classic-iii-chocolat-edition-cuivre\/#breadcrumb"},"inLanguage":"fr-FR","potentialAction":[{"@type":"ReadAction","target":["https:\/\/sublimationsoinsexperts.com\/index.php\/product\/stethoscope-littmann-classic-iii-chocolat-edition-cuivre\/"]}]},{"@type":"ImageObject","inLanguage":"fr-FR","@id":"https:\/\/sublimationsoinsexperts.com\/index.php\/product\/stethoscope-littmann-classic-iii-chocolat-edition-cuivre\/#primaryimage","url":"https:\/\/sublimationsoinsexperts.com\/wp-content\/uploads\/2024\/02\/333.374-Stethoscope-Littmann-Classic-III-chocolat-edition-cuivre.jpg","contentUrl":"https:\/\/sublimationsoinsexperts.com\/wp-content\/uploads\/2024\/02\/333.374-Stethoscope-Littmann-Classic-III-chocolat-edition-cuivre.jpg","width":305,"height":400},{"@type":"BreadcrumbList","@id":"https:\/\/sublimationsoinsexperts.com\/index.php\/product\/stethoscope-littmann-classic-iii-chocolat-edition-cuivre\/#breadcrumb","itemListElement":[{"@type":"ListItem","position":1,"name":"Accueil","item":"https:\/\/sublimationsoinsexperts.com\/"},{"@type":"ListItem","position":2,"name":"Shop","item":"https:\/\/sublimationsoinsexperts.com\/index.php\/shop\/"},{"@type":"ListItem","position":3,"name":"St\u00e9thoscope Littmann Classic III, chocolat, \u00e9dition cuivre"}]},{"@type":"WebSite","@id":"https:\/\/sublimationsoinsexperts.com\/#website","url":"https:\/\/sublimationsoinsexperts.com\/","name":"Sublimation soins experts","description":"","potentialAction":[{"@type":"SearchAction","target":{"@type":"EntryPoint","urlTemplate":"https:\/\/sublimationsoinsexperts.com\/?s={search_term_string}"},"query-input":{"@type":"PropertyValueSpecification","valueRequired":true,"valueName":"search_term_string"}}],"inLanguage":"fr-FR"}]}},"_links":{"self":[{"href":"https:\/\/sublimationsoinsexperts.com\/index.php\/wp-json\/wp\/v2\/product\/2051","targetHints":{"allow":["GET"]}}],"collection":[{"href":"https:\/\/sublimationsoinsexperts.com\/index.php\/wp-json\/wp\/v2\/product"}],"about":[{"href":"https:\/\/sublimationsoinsexperts.com\/index.php\/wp-json\/wp\/v2\/types\/product"}],"replies":[{"embeddable":true,"href":"https:\/\/sublimationsoinsexperts.com\/index.php\/wp-json\/wp\/v2\/comments?post=2051"}],"wp:featuredmedia":[{"embeddable":true,"href":"https:\/\/sublimationsoinsexperts.com\/index.php\/wp-json\/wp\/v2\/media\/2052"}],"wp:attachment":[{"href":"https:\/\/sublimationsoinsexperts.com\/index.php\/wp-json\/wp\/v2\/media?parent=2051"}],"wp:term":[{"taxonomy":"product_brand","embeddable":true,"href":"https:\/\/sublimationsoinsexperts.com\/index.php\/wp-json\/wp\/v2\/product_brand?post=2051"},{"taxonomy":"product_cat","embeddable":true,"href":"https:\/\/sublimationsoinsexperts.com\/index.php\/wp-json\/wp\/v2\/product_cat?post=2051"},{"taxonomy":"product_tag","embeddable":true,"href":"https:\/\/sublimationsoinsexperts.com\/index.php\/wp-json\/wp\/v2\/product_tag?post=2051"}],"curies":[{"name":"wp","href":"https:\/\/api.w.org\/{rel}","templated":true}]}}