{"id":2053,"date":"2024-02-01T21:37:49","date_gmt":"2024-02-01T21:37:49","guid":{"rendered":"https:\/\/sublimationsoinsexperts.com\/?post_type=product&#038;p=2053"},"modified":"2024-03-27T23:04:43","modified_gmt":"2024-03-27T23:04:43","slug":"stethoscope-spengler-magister-pediatrique-double-pavillon-noir","status":"publish","type":"product","link":"https:\/\/sublimationsoinsexperts.com\/index.php\/product\/stethoscope-spengler-magister-pediatrique-double-pavillon-noir\/","title":{"rendered":"St\u00e9thoscope Spengler Magister P\u00e9diatrique double pavillon, noir"},"content":{"rendered":"<p>\u2022 St\u00e9thoscope polyvalent de Spengler<br \/>\n\u2022 pour l\u2019auscultation p\u00e9diatrique.<br \/>\n\u2022 Double pavillon en acier inoxydable : adulte et cloche<br \/>\n\u2022 Membrane double fr\u00e9quence :<br \/>\n&#8211; Pression l\u00e9g\u00e8re pour une \u00e9coute des basses fr\u00e9quences (vasculaire et cardiaque)<br \/>\n&#8211; Pression ferme pour une \u00e9coute des hautes fr\u00e9quences (pulmonaire)<br \/>\n\u2022 Lyre en acier inoxydable, l\u00e9g\u00e8re, orient\u00e9e \u00e0 l\u2019anatomie auriculaire<br \/>\n\u2022 Bague anti froid et embouts auriculaires confortables<br \/>\n\u2022 Disponible en Noir, Rose ou Bleu Azur<\/p>\n<p>&nbsp;<\/p>\n<p>REF 333.305<\/p>\n","protected":false},"excerpt":{"rendered":"<p>\u2022 St\u00e9thoscope polyvalent de Spengler \u2022 pour l\u2019auscultation p\u00e9diatrique. \u2022 Double pavillon en acier inoxydable : adulte et cloche \u2022 Membrane double fr\u00e9quence : &#8211; Pression l\u00e9g\u00e8re pour une \u00e9coute des basses fr\u00e9quences (vasculaire et cardiaque) &#8211; Pression ferme pour une \u00e9coute des hautes fr\u00e9quences (pulmonaire) \u2022 Lyre en acier inoxydable, l\u00e9g\u00e8re, orient\u00e9e \u00e0 l\u2019anatomie [&hellip;]<\/p>\n","protected":false},"featured_media":2054,"comment_status":"open","ping_status":"closed","template":"","meta":[],"product_brand":[],"product_cat":[39,83],"product_tag":[],"class_list":{"0":"post-2053","1":"product","2":"type-product","3":"status-publish","4":"has-post-thumbnail","6":"product_cat-diagnostic-et-therapie","7":"product_cat-stethoscopes","9":"first","10":"instock","11":"shipping-taxable","12":"purchasable","13":"product-type-simple"},"yoast_head":"<!-- This site is optimized with the Yoast SEO plugin v27.4 - https:\/\/yoast.com\/product\/yoast-seo-wordpress\/ -->\n<title>St\u00e9thoscope Spengler Magister P\u00e9diatrique double pavillon, noir - Sublimation soins experts<\/title>\n<meta name=\"robots\" content=\"index, follow, max-snippet:-1, max-image-preview:large, max-video-preview:-1\" \/>\n<link rel=\"canonical\" href=\"https:\/\/sublimationsoinsexperts.com\/index.php\/product\/stethoscope-spengler-magister-pediatrique-double-pavillon-noir\/\" \/>\n<meta property=\"og:locale\" content=\"fr_FR\" \/>\n<meta property=\"og:type\" content=\"article\" \/>\n<meta property=\"og:title\" content=\"St\u00e9thoscope Spengler Magister P\u00e9diatrique double pavillon, noir - Sublimation soins experts\" \/>\n<meta property=\"og:description\" content=\"\u2022 St\u00e9thoscope polyvalent de Spengler \u2022 pour l\u2019auscultation p\u00e9diatrique. \u2022 Double pavillon en acier inoxydable : adulte et cloche \u2022 Membrane double fr\u00e9quence : &#8211; Pression l\u00e9g\u00e8re pour une \u00e9coute des basses fr\u00e9quences (vasculaire et cardiaque) &#8211; Pression ferme pour une \u00e9coute des hautes fr\u00e9quences (pulmonaire) \u2022 Lyre en acier inoxydable, l\u00e9g\u00e8re, orient\u00e9e \u00e0 l\u2019anatomie [&hellip;]\" \/>\n<meta property=\"og:url\" content=\"https:\/\/sublimationsoinsexperts.com\/index.php\/product\/stethoscope-spengler-magister-pediatrique-double-pavillon-noir\/\" \/>\n<meta property=\"og:site_name\" content=\"Sublimation soins experts\" \/>\n<meta property=\"article:modified_time\" content=\"2024-03-27T23:04:43+00:00\" \/>\n<meta property=\"og:image\" content=\"http:\/\/sublimationsoinsexperts.com\/wp-content\/uploads\/2024\/02\/333.305-Stethoscope-Spengler-Magister-Pediatrique-double-pavillon-noir.jpg\" \/>\n\t<meta property=\"og:image:width\" content=\"400\" \/>\n\t<meta property=\"og:image:height\" content=\"400\" \/>\n\t<meta property=\"og:image:type\" content=\"image\/jpeg\" \/>\n<meta name=\"twitter:card\" content=\"summary_large_image\" \/>\n<meta name=\"twitter:label1\" content=\"Dur\u00e9e de lecture estim\u00e9e\" \/>\n\t<meta name=\"twitter:data1\" content=\"1 minute\" \/>\n<script type=\"application\/ld+json\" class=\"yoast-schema-graph\">{\"@context\":\"https:\\\/\\\/schema.org\",\"@graph\":[{\"@type\":\"WebPage\",\"@id\":\"https:\\\/\\\/sublimationsoinsexperts.com\\\/index.php\\\/product\\\/stethoscope-spengler-magister-pediatrique-double-pavillon-noir\\\/\",\"url\":\"https:\\\/\\\/sublimationsoinsexperts.com\\\/index.php\\\/product\\\/stethoscope-spengler-magister-pediatrique-double-pavillon-noir\\\/\",\"name\":\"St\u00e9thoscope Spengler Magister P\u00e9diatrique double pavillon, noir - Sublimation soins experts\",\"isPartOf\":{\"@id\":\"https:\\\/\\\/sublimationsoinsexperts.com\\\/#website\"},\"primaryImageOfPage\":{\"@id\":\"https:\\\/\\\/sublimationsoinsexperts.com\\\/index.php\\\/product\\\/stethoscope-spengler-magister-pediatrique-double-pavillon-noir\\\/#primaryimage\"},\"image\":{\"@id\":\"https:\\\/\\\/sublimationsoinsexperts.com\\\/index.php\\\/product\\\/stethoscope-spengler-magister-pediatrique-double-pavillon-noir\\\/#primaryimage\"},\"thumbnailUrl\":\"https:\\\/\\\/sublimationsoinsexperts.com\\\/wp-content\\\/uploads\\\/2024\\\/02\\\/333.305-Stethoscope-Spengler-Magister-Pediatrique-double-pavillon-noir.jpg\",\"datePublished\":\"2024-02-01T21:37:49+00:00\",\"dateModified\":\"2024-03-27T23:04:43+00:00\",\"breadcrumb\":{\"@id\":\"https:\\\/\\\/sublimationsoinsexperts.com\\\/index.php\\\/product\\\/stethoscope-spengler-magister-pediatrique-double-pavillon-noir\\\/#breadcrumb\"},\"inLanguage\":\"fr-FR\",\"potentialAction\":[{\"@type\":\"ReadAction\",\"target\":[\"https:\\\/\\\/sublimationsoinsexperts.com\\\/index.php\\\/product\\\/stethoscope-spengler-magister-pediatrique-double-pavillon-noir\\\/\"]}]},{\"@type\":\"ImageObject\",\"inLanguage\":\"fr-FR\",\"@id\":\"https:\\\/\\\/sublimationsoinsexperts.com\\\/index.php\\\/product\\\/stethoscope-spengler-magister-pediatrique-double-pavillon-noir\\\/#primaryimage\",\"url\":\"https:\\\/\\\/sublimationsoinsexperts.com\\\/wp-content\\\/uploads\\\/2024\\\/02\\\/333.305-Stethoscope-Spengler-Magister-Pediatrique-double-pavillon-noir.jpg\",\"contentUrl\":\"https:\\\/\\\/sublimationsoinsexperts.com\\\/wp-content\\\/uploads\\\/2024\\\/02\\\/333.305-Stethoscope-Spengler-Magister-Pediatrique-double-pavillon-noir.jpg\",\"width\":400,\"height\":400},{\"@type\":\"BreadcrumbList\",\"@id\":\"https:\\\/\\\/sublimationsoinsexperts.com\\\/index.php\\\/product\\\/stethoscope-spengler-magister-pediatrique-double-pavillon-noir\\\/#breadcrumb\",\"itemListElement\":[{\"@type\":\"ListItem\",\"position\":1,\"name\":\"Accueil\",\"item\":\"https:\\\/\\\/sublimationsoinsexperts.com\\\/\"},{\"@type\":\"ListItem\",\"position\":2,\"name\":\"Shop\",\"item\":\"https:\\\/\\\/sublimationsoinsexperts.com\\\/index.php\\\/shop\\\/\"},{\"@type\":\"ListItem\",\"position\":3,\"name\":\"St\u00e9thoscope Spengler Magister P\u00e9diatrique double pavillon, noir\"}]},{\"@type\":\"WebSite\",\"@id\":\"https:\\\/\\\/sublimationsoinsexperts.com\\\/#website\",\"url\":\"https:\\\/\\\/sublimationsoinsexperts.com\\\/\",\"name\":\"Sublimation soins experts\",\"description\":\"\",\"potentialAction\":[{\"@type\":\"SearchAction\",\"target\":{\"@type\":\"EntryPoint\",\"urlTemplate\":\"https:\\\/\\\/sublimationsoinsexperts.com\\\/?s={search_term_string}\"},\"query-input\":{\"@type\":\"PropertyValueSpecification\",\"valueRequired\":true,\"valueName\":\"search_term_string\"}}],\"inLanguage\":\"fr-FR\"}]}<\/script>\n<!-- \/ Yoast SEO plugin. -->","yoast_head_json":{"title":"St\u00e9thoscope Spengler Magister P\u00e9diatrique double pavillon, noir - Sublimation soins experts","robots":{"index":"index","follow":"follow","max-snippet":"max-snippet:-1","max-image-preview":"max-image-preview:large","max-video-preview":"max-video-preview:-1"},"canonical":"https:\/\/sublimationsoinsexperts.com\/index.php\/product\/stethoscope-spengler-magister-pediatrique-double-pavillon-noir\/","og_locale":"fr_FR","og_type":"article","og_title":"St\u00e9thoscope Spengler Magister P\u00e9diatrique double pavillon, noir - Sublimation soins experts","og_description":"\u2022 St\u00e9thoscope polyvalent de Spengler \u2022 pour l\u2019auscultation p\u00e9diatrique. \u2022 Double pavillon en acier inoxydable : adulte et cloche \u2022 Membrane double fr\u00e9quence : &#8211; Pression l\u00e9g\u00e8re pour une \u00e9coute des basses fr\u00e9quences (vasculaire et cardiaque) &#8211; Pression ferme pour une \u00e9coute des hautes fr\u00e9quences (pulmonaire) \u2022 Lyre en acier inoxydable, l\u00e9g\u00e8re, orient\u00e9e \u00e0 l\u2019anatomie [&hellip;]","og_url":"https:\/\/sublimationsoinsexperts.com\/index.php\/product\/stethoscope-spengler-magister-pediatrique-double-pavillon-noir\/","og_site_name":"Sublimation soins experts","article_modified_time":"2024-03-27T23:04:43+00:00","og_image":[{"width":400,"height":400,"url":"http:\/\/sublimationsoinsexperts.com\/wp-content\/uploads\/2024\/02\/333.305-Stethoscope-Spengler-Magister-Pediatrique-double-pavillon-noir.jpg","type":"image\/jpeg"}],"twitter_card":"summary_large_image","twitter_misc":{"Dur\u00e9e de lecture estim\u00e9e":"1 minute"},"schema":{"@context":"https:\/\/schema.org","@graph":[{"@type":"WebPage","@id":"https:\/\/sublimationsoinsexperts.com\/index.php\/product\/stethoscope-spengler-magister-pediatrique-double-pavillon-noir\/","url":"https:\/\/sublimationsoinsexperts.com\/index.php\/product\/stethoscope-spengler-magister-pediatrique-double-pavillon-noir\/","name":"St\u00e9thoscope Spengler Magister P\u00e9diatrique double pavillon, noir - Sublimation soins experts","isPartOf":{"@id":"https:\/\/sublimationsoinsexperts.com\/#website"},"primaryImageOfPage":{"@id":"https:\/\/sublimationsoinsexperts.com\/index.php\/product\/stethoscope-spengler-magister-pediatrique-double-pavillon-noir\/#primaryimage"},"image":{"@id":"https:\/\/sublimationsoinsexperts.com\/index.php\/product\/stethoscope-spengler-magister-pediatrique-double-pavillon-noir\/#primaryimage"},"thumbnailUrl":"https:\/\/sublimationsoinsexperts.com\/wp-content\/uploads\/2024\/02\/333.305-Stethoscope-Spengler-Magister-Pediatrique-double-pavillon-noir.jpg","datePublished":"2024-02-01T21:37:49+00:00","dateModified":"2024-03-27T23:04:43+00:00","breadcrumb":{"@id":"https:\/\/sublimationsoinsexperts.com\/index.php\/product\/stethoscope-spengler-magister-pediatrique-double-pavillon-noir\/#breadcrumb"},"inLanguage":"fr-FR","potentialAction":[{"@type":"ReadAction","target":["https:\/\/sublimationsoinsexperts.com\/index.php\/product\/stethoscope-spengler-magister-pediatrique-double-pavillon-noir\/"]}]},{"@type":"ImageObject","inLanguage":"fr-FR","@id":"https:\/\/sublimationsoinsexperts.com\/index.php\/product\/stethoscope-spengler-magister-pediatrique-double-pavillon-noir\/#primaryimage","url":"https:\/\/sublimationsoinsexperts.com\/wp-content\/uploads\/2024\/02\/333.305-Stethoscope-Spengler-Magister-Pediatrique-double-pavillon-noir.jpg","contentUrl":"https:\/\/sublimationsoinsexperts.com\/wp-content\/uploads\/2024\/02\/333.305-Stethoscope-Spengler-Magister-Pediatrique-double-pavillon-noir.jpg","width":400,"height":400},{"@type":"BreadcrumbList","@id":"https:\/\/sublimationsoinsexperts.com\/index.php\/product\/stethoscope-spengler-magister-pediatrique-double-pavillon-noir\/#breadcrumb","itemListElement":[{"@type":"ListItem","position":1,"name":"Accueil","item":"https:\/\/sublimationsoinsexperts.com\/"},{"@type":"ListItem","position":2,"name":"Shop","item":"https:\/\/sublimationsoinsexperts.com\/index.php\/shop\/"},{"@type":"ListItem","position":3,"name":"St\u00e9thoscope Spengler Magister P\u00e9diatrique double pavillon, noir"}]},{"@type":"WebSite","@id":"https:\/\/sublimationsoinsexperts.com\/#website","url":"https:\/\/sublimationsoinsexperts.com\/","name":"Sublimation soins experts","description":"","potentialAction":[{"@type":"SearchAction","target":{"@type":"EntryPoint","urlTemplate":"https:\/\/sublimationsoinsexperts.com\/?s={search_term_string}"},"query-input":{"@type":"PropertyValueSpecification","valueRequired":true,"valueName":"search_term_string"}}],"inLanguage":"fr-FR"}]}},"_links":{"self":[{"href":"https:\/\/sublimationsoinsexperts.com\/index.php\/wp-json\/wp\/v2\/product\/2053","targetHints":{"allow":["GET"]}}],"collection":[{"href":"https:\/\/sublimationsoinsexperts.com\/index.php\/wp-json\/wp\/v2\/product"}],"about":[{"href":"https:\/\/sublimationsoinsexperts.com\/index.php\/wp-json\/wp\/v2\/types\/product"}],"replies":[{"embeddable":true,"href":"https:\/\/sublimationsoinsexperts.com\/index.php\/wp-json\/wp\/v2\/comments?post=2053"}],"wp:featuredmedia":[{"embeddable":true,"href":"https:\/\/sublimationsoinsexperts.com\/index.php\/wp-json\/wp\/v2\/media\/2054"}],"wp:attachment":[{"href":"https:\/\/sublimationsoinsexperts.com\/index.php\/wp-json\/wp\/v2\/media?parent=2053"}],"wp:term":[{"taxonomy":"product_brand","embeddable":true,"href":"https:\/\/sublimationsoinsexperts.com\/index.php\/wp-json\/wp\/v2\/product_brand?post=2053"},{"taxonomy":"product_cat","embeddable":true,"href":"https:\/\/sublimationsoinsexperts.com\/index.php\/wp-json\/wp\/v2\/product_cat?post=2053"},{"taxonomy":"product_tag","embeddable":true,"href":"https:\/\/sublimationsoinsexperts.com\/index.php\/wp-json\/wp\/v2\/product_tag?post=2053"}],"curies":[{"name":"wp","href":"https:\/\/api.w.org\/{rel}","templated":true}]}}