{"id":2055,"date":"2024-02-01T21:41:00","date_gmt":"2024-02-01T21:41:00","guid":{"rendered":"https:\/\/sublimationsoinsexperts.com\/?post_type=product&#038;p=2055"},"modified":"2024-03-27T23:04:43","modified_gmt":"2024-03-27T23:04:43","slug":"stethoscope-littmann-cardiology-iv-noir","status":"publish","type":"product","link":"https:\/\/sublimationsoinsexperts.com\/index.php\/product\/stethoscope-littmann-cardiology-iv-noir\/","title":{"rendered":"St\u00e9thoscope Littmann Cardiology IV, noir."},"content":{"rendered":"<p>\u2022Sa membrane r\u00e9glable en une seule pi\u00e8ce permet une meilleure perception des sons \u00e0 haute fr\u00e9quence.<br \/>\n\u2022Les deux c\u00f4t\u00e9s du pavillon (adultes et enfants) sont \u00e9quip\u00e9s de membranes r\u00e9glables.<br \/>\n\u2022Sa membrane moul\u00e9e en une seule pi\u00e8ce en facilite la fixation et le nettoyage gr\u00e2ce \u00e0 sa surface lisse.<br \/>\n\u2022Pavillon polyvalent gr\u00e2ce \u00e0 la possibilit\u00e9 de changer le c\u00f4t\u00e9 p\u00e9diatrique par une bague anti-froid.<br \/>\n\u2022Sa tubulure nouvelle g\u00e9n\u00e9ration est plus r\u00e9sistante aux fluides cutan\u00e9s et \u00e0 l\u2019alcool, pour une plus longue dur\u00e9e de vie et un aspect plus net.<br \/>\n\u2022La conception pr\u00e9cise de son pavillon conf\u00e8re au st\u00e9thoscope une forme plus ergonomique.<br \/>\n\u2022Le st\u00e9thoscope dispose aussi d\u2019un indicateur du mode sur lequel il est configur\u00e9.<\/p>\n<p>&nbsp;<\/p>\n<p>REF 333.345<\/p>\n","protected":false},"excerpt":{"rendered":"<p>\u2022Sa membrane r\u00e9glable en une seule pi\u00e8ce permet une meilleure perception des sons \u00e0 haute fr\u00e9quence. \u2022Les deux c\u00f4t\u00e9s du pavillon (adultes et enfants) sont \u00e9quip\u00e9s de membranes r\u00e9glables. \u2022Sa membrane moul\u00e9e en une seule pi\u00e8ce en facilite la fixation et le nettoyage gr\u00e2ce \u00e0 sa surface lisse. \u2022Pavillon polyvalent gr\u00e2ce \u00e0 la possibilit\u00e9 de [&hellip;]<\/p>\n","protected":false},"featured_media":2056,"comment_status":"open","ping_status":"closed","template":"","meta":[],"product_brand":[],"product_cat":[39,83],"product_tag":[],"class_list":{"0":"post-2055","1":"product","2":"type-product","3":"status-publish","4":"has-post-thumbnail","6":"product_cat-diagnostic-et-therapie","7":"product_cat-stethoscopes","9":"first","10":"instock","11":"shipping-taxable","12":"purchasable","13":"product-type-simple"},"yoast_head":"<!-- This site is optimized with the Yoast SEO plugin v27.4 - https:\/\/yoast.com\/product\/yoast-seo-wordpress\/ -->\n<title>St\u00e9thoscope Littmann Cardiology IV, noir. - Sublimation soins experts<\/title>\n<meta name=\"robots\" content=\"index, follow, max-snippet:-1, max-image-preview:large, max-video-preview:-1\" \/>\n<link rel=\"canonical\" href=\"https:\/\/sublimationsoinsexperts.com\/index.php\/product\/stethoscope-littmann-cardiology-iv-noir\/\" \/>\n<meta property=\"og:locale\" content=\"fr_FR\" \/>\n<meta property=\"og:type\" content=\"article\" \/>\n<meta property=\"og:title\" content=\"St\u00e9thoscope Littmann Cardiology IV, noir. - Sublimation soins experts\" \/>\n<meta property=\"og:description\" content=\"\u2022Sa membrane r\u00e9glable en une seule pi\u00e8ce permet une meilleure perception des sons \u00e0 haute fr\u00e9quence. \u2022Les deux c\u00f4t\u00e9s du pavillon (adultes et enfants) sont \u00e9quip\u00e9s de membranes r\u00e9glables. \u2022Sa membrane moul\u00e9e en une seule pi\u00e8ce en facilite la fixation et le nettoyage gr\u00e2ce \u00e0 sa surface lisse. \u2022Pavillon polyvalent gr\u00e2ce \u00e0 la possibilit\u00e9 de [&hellip;]\" \/>\n<meta property=\"og:url\" content=\"https:\/\/sublimationsoinsexperts.com\/index.php\/product\/stethoscope-littmann-cardiology-iv-noir\/\" \/>\n<meta property=\"og:site_name\" content=\"Sublimation soins experts\" \/>\n<meta property=\"article:modified_time\" content=\"2024-03-27T23:04:43+00:00\" \/>\n<meta property=\"og:image\" content=\"http:\/\/sublimationsoinsexperts.com\/wp-content\/uploads\/2024\/02\/333.345-Stethoscope-Littmann-Cardiology-IV-noir.jpg\" \/>\n\t<meta property=\"og:image:width\" content=\"223\" \/>\n\t<meta property=\"og:image:height\" content=\"400\" \/>\n\t<meta property=\"og:image:type\" content=\"image\/jpeg\" \/>\n<meta name=\"twitter:card\" content=\"summary_large_image\" \/>\n<meta name=\"twitter:label1\" content=\"Dur\u00e9e de lecture estim\u00e9e\" \/>\n\t<meta name=\"twitter:data1\" content=\"1 minute\" \/>\n<script type=\"application\/ld+json\" class=\"yoast-schema-graph\">{\"@context\":\"https:\\\/\\\/schema.org\",\"@graph\":[{\"@type\":\"WebPage\",\"@id\":\"https:\\\/\\\/sublimationsoinsexperts.com\\\/index.php\\\/product\\\/stethoscope-littmann-cardiology-iv-noir\\\/\",\"url\":\"https:\\\/\\\/sublimationsoinsexperts.com\\\/index.php\\\/product\\\/stethoscope-littmann-cardiology-iv-noir\\\/\",\"name\":\"St\u00e9thoscope Littmann Cardiology IV, noir. - Sublimation soins experts\",\"isPartOf\":{\"@id\":\"https:\\\/\\\/sublimationsoinsexperts.com\\\/#website\"},\"primaryImageOfPage\":{\"@id\":\"https:\\\/\\\/sublimationsoinsexperts.com\\\/index.php\\\/product\\\/stethoscope-littmann-cardiology-iv-noir\\\/#primaryimage\"},\"image\":{\"@id\":\"https:\\\/\\\/sublimationsoinsexperts.com\\\/index.php\\\/product\\\/stethoscope-littmann-cardiology-iv-noir\\\/#primaryimage\"},\"thumbnailUrl\":\"https:\\\/\\\/sublimationsoinsexperts.com\\\/wp-content\\\/uploads\\\/2024\\\/02\\\/333.345-Stethoscope-Littmann-Cardiology-IV-noir.jpg\",\"datePublished\":\"2024-02-01T21:41:00+00:00\",\"dateModified\":\"2024-03-27T23:04:43+00:00\",\"breadcrumb\":{\"@id\":\"https:\\\/\\\/sublimationsoinsexperts.com\\\/index.php\\\/product\\\/stethoscope-littmann-cardiology-iv-noir\\\/#breadcrumb\"},\"inLanguage\":\"fr-FR\",\"potentialAction\":[{\"@type\":\"ReadAction\",\"target\":[\"https:\\\/\\\/sublimationsoinsexperts.com\\\/index.php\\\/product\\\/stethoscope-littmann-cardiology-iv-noir\\\/\"]}]},{\"@type\":\"ImageObject\",\"inLanguage\":\"fr-FR\",\"@id\":\"https:\\\/\\\/sublimationsoinsexperts.com\\\/index.php\\\/product\\\/stethoscope-littmann-cardiology-iv-noir\\\/#primaryimage\",\"url\":\"https:\\\/\\\/sublimationsoinsexperts.com\\\/wp-content\\\/uploads\\\/2024\\\/02\\\/333.345-Stethoscope-Littmann-Cardiology-IV-noir.jpg\",\"contentUrl\":\"https:\\\/\\\/sublimationsoinsexperts.com\\\/wp-content\\\/uploads\\\/2024\\\/02\\\/333.345-Stethoscope-Littmann-Cardiology-IV-noir.jpg\",\"width\":223,\"height\":400},{\"@type\":\"BreadcrumbList\",\"@id\":\"https:\\\/\\\/sublimationsoinsexperts.com\\\/index.php\\\/product\\\/stethoscope-littmann-cardiology-iv-noir\\\/#breadcrumb\",\"itemListElement\":[{\"@type\":\"ListItem\",\"position\":1,\"name\":\"Accueil\",\"item\":\"https:\\\/\\\/sublimationsoinsexperts.com\\\/\"},{\"@type\":\"ListItem\",\"position\":2,\"name\":\"Shop\",\"item\":\"https:\\\/\\\/sublimationsoinsexperts.com\\\/index.php\\\/shop\\\/\"},{\"@type\":\"ListItem\",\"position\":3,\"name\":\"St\u00e9thoscope Littmann Cardiology IV, noir.\"}]},{\"@type\":\"WebSite\",\"@id\":\"https:\\\/\\\/sublimationsoinsexperts.com\\\/#website\",\"url\":\"https:\\\/\\\/sublimationsoinsexperts.com\\\/\",\"name\":\"Sublimation soins experts\",\"description\":\"\",\"potentialAction\":[{\"@type\":\"SearchAction\",\"target\":{\"@type\":\"EntryPoint\",\"urlTemplate\":\"https:\\\/\\\/sublimationsoinsexperts.com\\\/?s={search_term_string}\"},\"query-input\":{\"@type\":\"PropertyValueSpecification\",\"valueRequired\":true,\"valueName\":\"search_term_string\"}}],\"inLanguage\":\"fr-FR\"}]}<\/script>\n<!-- \/ Yoast SEO plugin. -->","yoast_head_json":{"title":"St\u00e9thoscope Littmann Cardiology IV, noir. - Sublimation soins experts","robots":{"index":"index","follow":"follow","max-snippet":"max-snippet:-1","max-image-preview":"max-image-preview:large","max-video-preview":"max-video-preview:-1"},"canonical":"https:\/\/sublimationsoinsexperts.com\/index.php\/product\/stethoscope-littmann-cardiology-iv-noir\/","og_locale":"fr_FR","og_type":"article","og_title":"St\u00e9thoscope Littmann Cardiology IV, noir. - Sublimation soins experts","og_description":"\u2022Sa membrane r\u00e9glable en une seule pi\u00e8ce permet une meilleure perception des sons \u00e0 haute fr\u00e9quence. \u2022Les deux c\u00f4t\u00e9s du pavillon (adultes et enfants) sont \u00e9quip\u00e9s de membranes r\u00e9glables. \u2022Sa membrane moul\u00e9e en une seule pi\u00e8ce en facilite la fixation et le nettoyage gr\u00e2ce \u00e0 sa surface lisse. \u2022Pavillon polyvalent gr\u00e2ce \u00e0 la possibilit\u00e9 de [&hellip;]","og_url":"https:\/\/sublimationsoinsexperts.com\/index.php\/product\/stethoscope-littmann-cardiology-iv-noir\/","og_site_name":"Sublimation soins experts","article_modified_time":"2024-03-27T23:04:43+00:00","og_image":[{"width":223,"height":400,"url":"http:\/\/sublimationsoinsexperts.com\/wp-content\/uploads\/2024\/02\/333.345-Stethoscope-Littmann-Cardiology-IV-noir.jpg","type":"image\/jpeg"}],"twitter_card":"summary_large_image","twitter_misc":{"Dur\u00e9e de lecture estim\u00e9e":"1 minute"},"schema":{"@context":"https:\/\/schema.org","@graph":[{"@type":"WebPage","@id":"https:\/\/sublimationsoinsexperts.com\/index.php\/product\/stethoscope-littmann-cardiology-iv-noir\/","url":"https:\/\/sublimationsoinsexperts.com\/index.php\/product\/stethoscope-littmann-cardiology-iv-noir\/","name":"St\u00e9thoscope Littmann Cardiology IV, noir. - Sublimation soins experts","isPartOf":{"@id":"https:\/\/sublimationsoinsexperts.com\/#website"},"primaryImageOfPage":{"@id":"https:\/\/sublimationsoinsexperts.com\/index.php\/product\/stethoscope-littmann-cardiology-iv-noir\/#primaryimage"},"image":{"@id":"https:\/\/sublimationsoinsexperts.com\/index.php\/product\/stethoscope-littmann-cardiology-iv-noir\/#primaryimage"},"thumbnailUrl":"https:\/\/sublimationsoinsexperts.com\/wp-content\/uploads\/2024\/02\/333.345-Stethoscope-Littmann-Cardiology-IV-noir.jpg","datePublished":"2024-02-01T21:41:00+00:00","dateModified":"2024-03-27T23:04:43+00:00","breadcrumb":{"@id":"https:\/\/sublimationsoinsexperts.com\/index.php\/product\/stethoscope-littmann-cardiology-iv-noir\/#breadcrumb"},"inLanguage":"fr-FR","potentialAction":[{"@type":"ReadAction","target":["https:\/\/sublimationsoinsexperts.com\/index.php\/product\/stethoscope-littmann-cardiology-iv-noir\/"]}]},{"@type":"ImageObject","inLanguage":"fr-FR","@id":"https:\/\/sublimationsoinsexperts.com\/index.php\/product\/stethoscope-littmann-cardiology-iv-noir\/#primaryimage","url":"https:\/\/sublimationsoinsexperts.com\/wp-content\/uploads\/2024\/02\/333.345-Stethoscope-Littmann-Cardiology-IV-noir.jpg","contentUrl":"https:\/\/sublimationsoinsexperts.com\/wp-content\/uploads\/2024\/02\/333.345-Stethoscope-Littmann-Cardiology-IV-noir.jpg","width":223,"height":400},{"@type":"BreadcrumbList","@id":"https:\/\/sublimationsoinsexperts.com\/index.php\/product\/stethoscope-littmann-cardiology-iv-noir\/#breadcrumb","itemListElement":[{"@type":"ListItem","position":1,"name":"Accueil","item":"https:\/\/sublimationsoinsexperts.com\/"},{"@type":"ListItem","position":2,"name":"Shop","item":"https:\/\/sublimationsoinsexperts.com\/index.php\/shop\/"},{"@type":"ListItem","position":3,"name":"St\u00e9thoscope Littmann Cardiology IV, noir."}]},{"@type":"WebSite","@id":"https:\/\/sublimationsoinsexperts.com\/#website","url":"https:\/\/sublimationsoinsexperts.com\/","name":"Sublimation soins experts","description":"","potentialAction":[{"@type":"SearchAction","target":{"@type":"EntryPoint","urlTemplate":"https:\/\/sublimationsoinsexperts.com\/?s={search_term_string}"},"query-input":{"@type":"PropertyValueSpecification","valueRequired":true,"valueName":"search_term_string"}}],"inLanguage":"fr-FR"}]}},"_links":{"self":[{"href":"https:\/\/sublimationsoinsexperts.com\/index.php\/wp-json\/wp\/v2\/product\/2055","targetHints":{"allow":["GET"]}}],"collection":[{"href":"https:\/\/sublimationsoinsexperts.com\/index.php\/wp-json\/wp\/v2\/product"}],"about":[{"href":"https:\/\/sublimationsoinsexperts.com\/index.php\/wp-json\/wp\/v2\/types\/product"}],"replies":[{"embeddable":true,"href":"https:\/\/sublimationsoinsexperts.com\/index.php\/wp-json\/wp\/v2\/comments?post=2055"}],"wp:featuredmedia":[{"embeddable":true,"href":"https:\/\/sublimationsoinsexperts.com\/index.php\/wp-json\/wp\/v2\/media\/2056"}],"wp:attachment":[{"href":"https:\/\/sublimationsoinsexperts.com\/index.php\/wp-json\/wp\/v2\/media?parent=2055"}],"wp:term":[{"taxonomy":"product_brand","embeddable":true,"href":"https:\/\/sublimationsoinsexperts.com\/index.php\/wp-json\/wp\/v2\/product_brand?post=2055"},{"taxonomy":"product_cat","embeddable":true,"href":"https:\/\/sublimationsoinsexperts.com\/index.php\/wp-json\/wp\/v2\/product_cat?post=2055"},{"taxonomy":"product_tag","embeddable":true,"href":"https:\/\/sublimationsoinsexperts.com\/index.php\/wp-json\/wp\/v2\/product_tag?post=2055"}],"curies":[{"name":"wp","href":"https:\/\/api.w.org\/{rel}","templated":true}]}}