{"id":2234,"date":"2024-02-17T01:43:39","date_gmt":"2024-02-17T01:43:39","guid":{"rendered":"https:\/\/sublimationsoinsexperts.com\/?post_type=product&#038;p=2234"},"modified":"2024-04-22T21:55:08","modified_gmt":"2024-04-22T20:55:08","slug":"pure-encapsulation-magnesium-flacon-de-90-capsules","status":"publish","type":"product","link":"https:\/\/sublimationsoinsexperts.com\/index.php\/product\/pure-encapsulation-magnesium-flacon-de-90-capsules\/","title":{"rendered":"Pure Encapsulation Magn\u00e9sium Flacon de 90 capsules"},"content":{"rendered":"<p>\u2022 Glycinate de magn\u00e9sium<br \/>\n\u2022 Le magn\u00e9sium li\u00e9 organiquement sous la forme de glycinate de magn\u00e9sium est particuli\u00e8rement bien tol\u00e9r\u00e9.<br \/>\nPour les personnes sensibles, le glycinate de magn\u00e9sium est une v\u00e9ritable et excellen\u00adte alternative aux autres formes de magn\u00e9sium, qu\u2018elles peuvent utiliser en toute qui\u00e9tude. Pour les sportifs, la forme de ch\u00e9late est particuli\u00e8rement bienvenue lors d\u2018entra\u00eenements lourds et \u00e9pui\u00adsants parce qu\u2018elle est absorb\u00e9e tr\u00e8s efficacement par l\u2018organisme.<br \/>\n\u2022 Applications :<br \/>\n&#8211; Le magn\u00e9sium contribue \u00e0 une fonction musculaire normale et \u00e0 un m\u00e9tabolisme \u00e9nerg\u00e9tique normal.<br \/>\n&#8211; Le magn\u00e9sium contribue au fonctionnement normal du syst\u00e8me nerveux.<br \/>\n&#8211; Pour satisfaire \u00e0 des besoins accrus (personnes \u00e2g\u00e9es, enfants au cours de la croissance, stress, grossesse).<br \/>\n&#8211; Pour compenser des pertes accrues de magn\u00e9sium (\u00e9quilibre \u00e9lectrolytique).<br \/>\n&#8211; Le magn\u00e9sium contribue \u00e0 r\u00e9duire la fatigue et l\u2018\u00e9puisement.<br \/>\n\u2022 Dose journali\u00e8re recommand\u00e9e: 3 x 1 capsule par jour avec les repas.<br \/>\n\u2022 Chaque capsule contient de 360 mg de magn\u00e9sium (soit 3 090 mg par dose journali\u00e8re)<br \/>\n\u2022 Contenu flacon: 90 capsules (94 g).<br \/>\n\u2022 V\u00e9g\u00e9talien<\/p>\n<p>&nbsp;<\/p>\n<p>REF N200<\/p>\n","protected":false},"excerpt":{"rendered":"<p>\u2022 Glycinate de magn\u00e9sium \u2022 Le magn\u00e9sium li\u00e9 organiquement sous la forme de glycinate de magn\u00e9sium est particuli\u00e8rement bien tol\u00e9r\u00e9. Pour les personnes sensibles, le glycinate de magn\u00e9sium est une v\u00e9ritable et excellen\u00adte alternative aux autres formes de magn\u00e9sium, qu\u2018elles peuvent utiliser en toute qui\u00e9tude. Pour les sportifs, la forme de ch\u00e9late est particuli\u00e8rement bienvenue [&hellip;]<\/p>\n","protected":false},"featured_media":2235,"comment_status":"open","ping_status":"closed","template":"","meta":[],"product_brand":[],"product_cat":[67,20],"product_tag":[],"class_list":{"0":"post-2234","1":"product","2":"type-product","3":"status-publish","4":"has-post-thumbnail","6":"product_cat-complements-alimentaires","7":"product_cat-nutrition","9":"first","10":"instock","11":"shipping-taxable","12":"purchasable","13":"product-type-simple"},"yoast_head":"<!-- This site is optimized with the Yoast SEO plugin v27.5 - https:\/\/yoast.com\/product\/yoast-seo-wordpress\/ -->\n<title>Pure Encapsulation Magn\u00e9sium Flacon de 90 capsules - Sublimation soins experts<\/title>\n<meta name=\"robots\" content=\"index, follow, max-snippet:-1, max-image-preview:large, max-video-preview:-1\" \/>\n<link rel=\"canonical\" href=\"https:\/\/sublimationsoinsexperts.com\/index.php\/product\/pure-encapsulation-magnesium-flacon-de-90-capsules\/\" \/>\n<meta property=\"og:locale\" content=\"fr_FR\" \/>\n<meta property=\"og:type\" content=\"article\" \/>\n<meta property=\"og:title\" content=\"Pure Encapsulation Magn\u00e9sium Flacon de 90 capsules - Sublimation soins experts\" \/>\n<meta property=\"og:description\" content=\"\u2022 Glycinate de magn\u00e9sium \u2022 Le magn\u00e9sium li\u00e9 organiquement sous la forme de glycinate de magn\u00e9sium est particuli\u00e8rement bien tol\u00e9r\u00e9. Pour les personnes sensibles, le glycinate de magn\u00e9sium est une v\u00e9ritable et excellen\u00adte alternative aux autres formes de magn\u00e9sium, qu\u2018elles peuvent utiliser en toute qui\u00e9tude. Pour les sportifs, la forme de ch\u00e9late est particuli\u00e8rement bienvenue [&hellip;]\" \/>\n<meta property=\"og:url\" content=\"https:\/\/sublimationsoinsexperts.com\/index.php\/product\/pure-encapsulation-magnesium-flacon-de-90-capsules\/\" \/>\n<meta property=\"og:site_name\" content=\"Sublimation soins experts\" \/>\n<meta property=\"article:modified_time\" content=\"2024-04-22T20:55:08+00:00\" \/>\n<meta property=\"og:image\" content=\"http:\/\/sublimationsoinsexperts.com\/wp-content\/uploads\/2024\/02\/N200_1-Pure-Encapsulation-Magnesium-Flacon-de-90-capsules.jpg\" \/>\n\t<meta property=\"og:image:width\" content=\"254\" \/>\n\t<meta property=\"og:image:height\" content=\"400\" \/>\n\t<meta property=\"og:image:type\" content=\"image\/jpeg\" \/>\n<meta name=\"twitter:card\" content=\"summary_large_image\" \/>\n<meta name=\"twitter:label1\" content=\"Dur\u00e9e de lecture estim\u00e9e\" \/>\n\t<meta name=\"twitter:data1\" content=\"2 minutes\" \/>\n<script type=\"application\/ld+json\" class=\"yoast-schema-graph\">{\"@context\":\"https:\\\/\\\/schema.org\",\"@graph\":[{\"@type\":\"WebPage\",\"@id\":\"https:\\\/\\\/sublimationsoinsexperts.com\\\/index.php\\\/product\\\/pure-encapsulation-magnesium-flacon-de-90-capsules\\\/\",\"url\":\"https:\\\/\\\/sublimationsoinsexperts.com\\\/index.php\\\/product\\\/pure-encapsulation-magnesium-flacon-de-90-capsules\\\/\",\"name\":\"Pure Encapsulation Magn\u00e9sium Flacon de 90 capsules - Sublimation soins experts\",\"isPartOf\":{\"@id\":\"https:\\\/\\\/sublimationsoinsexperts.com\\\/#website\"},\"primaryImageOfPage\":{\"@id\":\"https:\\\/\\\/sublimationsoinsexperts.com\\\/index.php\\\/product\\\/pure-encapsulation-magnesium-flacon-de-90-capsules\\\/#primaryimage\"},\"image\":{\"@id\":\"https:\\\/\\\/sublimationsoinsexperts.com\\\/index.php\\\/product\\\/pure-encapsulation-magnesium-flacon-de-90-capsules\\\/#primaryimage\"},\"thumbnailUrl\":\"https:\\\/\\\/sublimationsoinsexperts.com\\\/wp-content\\\/uploads\\\/2024\\\/02\\\/N200_1-Pure-Encapsulation-Magnesium-Flacon-de-90-capsules.jpg\",\"datePublished\":\"2024-02-17T01:43:39+00:00\",\"dateModified\":\"2024-04-22T20:55:08+00:00\",\"breadcrumb\":{\"@id\":\"https:\\\/\\\/sublimationsoinsexperts.com\\\/index.php\\\/product\\\/pure-encapsulation-magnesium-flacon-de-90-capsules\\\/#breadcrumb\"},\"inLanguage\":\"fr-FR\",\"potentialAction\":[{\"@type\":\"ReadAction\",\"target\":[\"https:\\\/\\\/sublimationsoinsexperts.com\\\/index.php\\\/product\\\/pure-encapsulation-magnesium-flacon-de-90-capsules\\\/\"]}]},{\"@type\":\"ImageObject\",\"inLanguage\":\"fr-FR\",\"@id\":\"https:\\\/\\\/sublimationsoinsexperts.com\\\/index.php\\\/product\\\/pure-encapsulation-magnesium-flacon-de-90-capsules\\\/#primaryimage\",\"url\":\"https:\\\/\\\/sublimationsoinsexperts.com\\\/wp-content\\\/uploads\\\/2024\\\/02\\\/N200_1-Pure-Encapsulation-Magnesium-Flacon-de-90-capsules.jpg\",\"contentUrl\":\"https:\\\/\\\/sublimationsoinsexperts.com\\\/wp-content\\\/uploads\\\/2024\\\/02\\\/N200_1-Pure-Encapsulation-Magnesium-Flacon-de-90-capsules.jpg\",\"width\":254,\"height\":400},{\"@type\":\"BreadcrumbList\",\"@id\":\"https:\\\/\\\/sublimationsoinsexperts.com\\\/index.php\\\/product\\\/pure-encapsulation-magnesium-flacon-de-90-capsules\\\/#breadcrumb\",\"itemListElement\":[{\"@type\":\"ListItem\",\"position\":1,\"name\":\"Accueil\",\"item\":\"https:\\\/\\\/sublimationsoinsexperts.com\\\/\"},{\"@type\":\"ListItem\",\"position\":2,\"name\":\"Shop\",\"item\":\"https:\\\/\\\/sublimationsoinsexperts.com\\\/index.php\\\/shop\\\/\"},{\"@type\":\"ListItem\",\"position\":3,\"name\":\"Pure Encapsulation Magn\u00e9sium Flacon de 90 capsules\"}]},{\"@type\":\"WebSite\",\"@id\":\"https:\\\/\\\/sublimationsoinsexperts.com\\\/#website\",\"url\":\"https:\\\/\\\/sublimationsoinsexperts.com\\\/\",\"name\":\"Sublimation soins experts\",\"description\":\"\",\"potentialAction\":[{\"@type\":\"SearchAction\",\"target\":{\"@type\":\"EntryPoint\",\"urlTemplate\":\"https:\\\/\\\/sublimationsoinsexperts.com\\\/?s={search_term_string}\"},\"query-input\":{\"@type\":\"PropertyValueSpecification\",\"valueRequired\":true,\"valueName\":\"search_term_string\"}}],\"inLanguage\":\"fr-FR\"}]}<\/script>\n<!-- \/ Yoast SEO plugin. -->","yoast_head_json":{"title":"Pure Encapsulation Magn\u00e9sium Flacon de 90 capsules - Sublimation soins experts","robots":{"index":"index","follow":"follow","max-snippet":"max-snippet:-1","max-image-preview":"max-image-preview:large","max-video-preview":"max-video-preview:-1"},"canonical":"https:\/\/sublimationsoinsexperts.com\/index.php\/product\/pure-encapsulation-magnesium-flacon-de-90-capsules\/","og_locale":"fr_FR","og_type":"article","og_title":"Pure Encapsulation Magn\u00e9sium Flacon de 90 capsules - Sublimation soins experts","og_description":"\u2022 Glycinate de magn\u00e9sium \u2022 Le magn\u00e9sium li\u00e9 organiquement sous la forme de glycinate de magn\u00e9sium est particuli\u00e8rement bien tol\u00e9r\u00e9. Pour les personnes sensibles, le glycinate de magn\u00e9sium est une v\u00e9ritable et excellen\u00adte alternative aux autres formes de magn\u00e9sium, qu\u2018elles peuvent utiliser en toute qui\u00e9tude. Pour les sportifs, la forme de ch\u00e9late est particuli\u00e8rement bienvenue [&hellip;]","og_url":"https:\/\/sublimationsoinsexperts.com\/index.php\/product\/pure-encapsulation-magnesium-flacon-de-90-capsules\/","og_site_name":"Sublimation soins experts","article_modified_time":"2024-04-22T20:55:08+00:00","og_image":[{"width":254,"height":400,"url":"http:\/\/sublimationsoinsexperts.com\/wp-content\/uploads\/2024\/02\/N200_1-Pure-Encapsulation-Magnesium-Flacon-de-90-capsules.jpg","type":"image\/jpeg"}],"twitter_card":"summary_large_image","twitter_misc":{"Dur\u00e9e de lecture estim\u00e9e":"2 minutes"},"schema":{"@context":"https:\/\/schema.org","@graph":[{"@type":"WebPage","@id":"https:\/\/sublimationsoinsexperts.com\/index.php\/product\/pure-encapsulation-magnesium-flacon-de-90-capsules\/","url":"https:\/\/sublimationsoinsexperts.com\/index.php\/product\/pure-encapsulation-magnesium-flacon-de-90-capsules\/","name":"Pure Encapsulation Magn\u00e9sium Flacon de 90 capsules - Sublimation soins experts","isPartOf":{"@id":"https:\/\/sublimationsoinsexperts.com\/#website"},"primaryImageOfPage":{"@id":"https:\/\/sublimationsoinsexperts.com\/index.php\/product\/pure-encapsulation-magnesium-flacon-de-90-capsules\/#primaryimage"},"image":{"@id":"https:\/\/sublimationsoinsexperts.com\/index.php\/product\/pure-encapsulation-magnesium-flacon-de-90-capsules\/#primaryimage"},"thumbnailUrl":"https:\/\/sublimationsoinsexperts.com\/wp-content\/uploads\/2024\/02\/N200_1-Pure-Encapsulation-Magnesium-Flacon-de-90-capsules.jpg","datePublished":"2024-02-17T01:43:39+00:00","dateModified":"2024-04-22T20:55:08+00:00","breadcrumb":{"@id":"https:\/\/sublimationsoinsexperts.com\/index.php\/product\/pure-encapsulation-magnesium-flacon-de-90-capsules\/#breadcrumb"},"inLanguage":"fr-FR","potentialAction":[{"@type":"ReadAction","target":["https:\/\/sublimationsoinsexperts.com\/index.php\/product\/pure-encapsulation-magnesium-flacon-de-90-capsules\/"]}]},{"@type":"ImageObject","inLanguage":"fr-FR","@id":"https:\/\/sublimationsoinsexperts.com\/index.php\/product\/pure-encapsulation-magnesium-flacon-de-90-capsules\/#primaryimage","url":"https:\/\/sublimationsoinsexperts.com\/wp-content\/uploads\/2024\/02\/N200_1-Pure-Encapsulation-Magnesium-Flacon-de-90-capsules.jpg","contentUrl":"https:\/\/sublimationsoinsexperts.com\/wp-content\/uploads\/2024\/02\/N200_1-Pure-Encapsulation-Magnesium-Flacon-de-90-capsules.jpg","width":254,"height":400},{"@type":"BreadcrumbList","@id":"https:\/\/sublimationsoinsexperts.com\/index.php\/product\/pure-encapsulation-magnesium-flacon-de-90-capsules\/#breadcrumb","itemListElement":[{"@type":"ListItem","position":1,"name":"Accueil","item":"https:\/\/sublimationsoinsexperts.com\/"},{"@type":"ListItem","position":2,"name":"Shop","item":"https:\/\/sublimationsoinsexperts.com\/index.php\/shop\/"},{"@type":"ListItem","position":3,"name":"Pure Encapsulation Magn\u00e9sium Flacon de 90 capsules"}]},{"@type":"WebSite","@id":"https:\/\/sublimationsoinsexperts.com\/#website","url":"https:\/\/sublimationsoinsexperts.com\/","name":"Sublimation soins experts","description":"","potentialAction":[{"@type":"SearchAction","target":{"@type":"EntryPoint","urlTemplate":"https:\/\/sublimationsoinsexperts.com\/?s={search_term_string}"},"query-input":{"@type":"PropertyValueSpecification","valueRequired":true,"valueName":"search_term_string"}}],"inLanguage":"fr-FR"}]}},"_links":{"self":[{"href":"https:\/\/sublimationsoinsexperts.com\/index.php\/wp-json\/wp\/v2\/product\/2234","targetHints":{"allow":["GET"]}}],"collection":[{"href":"https:\/\/sublimationsoinsexperts.com\/index.php\/wp-json\/wp\/v2\/product"}],"about":[{"href":"https:\/\/sublimationsoinsexperts.com\/index.php\/wp-json\/wp\/v2\/types\/product"}],"replies":[{"embeddable":true,"href":"https:\/\/sublimationsoinsexperts.com\/index.php\/wp-json\/wp\/v2\/comments?post=2234"}],"wp:featuredmedia":[{"embeddable":true,"href":"https:\/\/sublimationsoinsexperts.com\/index.php\/wp-json\/wp\/v2\/media\/2235"}],"wp:attachment":[{"href":"https:\/\/sublimationsoinsexperts.com\/index.php\/wp-json\/wp\/v2\/media?parent=2234"}],"wp:term":[{"taxonomy":"product_brand","embeddable":true,"href":"https:\/\/sublimationsoinsexperts.com\/index.php\/wp-json\/wp\/v2\/product_brand?post=2234"},{"taxonomy":"product_cat","embeddable":true,"href":"https:\/\/sublimationsoinsexperts.com\/index.php\/wp-json\/wp\/v2\/product_cat?post=2234"},{"taxonomy":"product_tag","embeddable":true,"href":"https:\/\/sublimationsoinsexperts.com\/index.php\/wp-json\/wp\/v2\/product_tag?post=2234"}],"curies":[{"name":"wp","href":"https:\/\/api.w.org\/{rel}","templated":true}]}}