{"id":2291,"date":"2024-02-18T18:06:13","date_gmt":"2024-02-18T18:06:13","guid":{"rendered":"https:\/\/sublimationsoinsexperts.com\/?post_type=product&#038;p=2291"},"modified":"2024-04-28T12:46:04","modified_gmt":"2024-04-28T11:46:04","slug":"topiderm-cool-gel-flacon-de-250-ml","status":"publish","type":"product","link":"https:\/\/sublimationsoinsexperts.com\/index.php\/product\/topiderm-cool-gel-flacon-de-250-ml\/","title":{"rendered":"Topiderm Cool gel Flacon de 250 ml"},"content":{"rendered":"<div class=\"article_details\">\n<div class=\"article_long_description\">\n<p>\u2022 Topiderm Cool Gel est un gel rafra\u00eechissant recommand\u00e9 dans le traitement des jambes et des pieds fatigu\u00e9s pendant et apr\u00e8s l\u2019effort. Agit pr\u00e9ventivement contre l\u2019\u00e9chauffement des pieds et r\u00e9g\u00e9n\u00e8re les pieds surchauff\u00e9s, agit sur les d\u00e9sagr\u00e9ments li\u00e9s aux petites varices et rafra\u00eechit les muscles fatigu\u00e9s et douloureux.<br \/>\n\u2022 Caract\u00e9ristiques:<br \/>\n&#8211; Rafra\u00eechissant et relaxant gr\u00e2ce \u00e0 la combinaison de menthyl lactate (1%), d\u2019alcool isopropylique et de menthol actif (0,5%).<br \/>\n&#8211; Calme les d\u00e9mangeaisons.<br \/>\n&#8211; Favorise la r\u00e9solution des h\u00e9matomes, de l\u2019\u0153d\u00e8me, des entorses et des raideurs musculaires (soulage les lourdeurs au niveau des pieds)<br \/>\n&#8211; Lutte contre la fatigue gr\u00e2ce \u00e0 son extrait d\u2019arnica (1%) qui stimule la circulation sanguine.<br \/>\n&#8211; Odeur stimulante de menthol<br \/>\n&#8211; Absorption rapide, effet prolong\u00e9.<br \/>\n&#8211; Convient \u00e0 tous les types de peau. Part facilement au lavage.<br \/>\n&#8211; Emulsion H\/E, pH (5-6), ne contient ni parfum ni lanoline.<br \/>\n\u2022 Utilisation:<br \/>\n&#8211; Usage externe.<br \/>\n&#8211; Appliquer selon les besoins et masse jusqu\u2019\u00e0 absorption compl\u00e8te du gel pendant et apr\u00e8s l\u2019effort.<br \/>\n&#8211; Eviter tout contact avec les yeux.<br \/>\n&#8211; Ne pas appliquer sur le plaies ni sur les muqueuses.<br \/>\n&#8211; Ne pas utiliser chez les enfants de moins de 6 ans.<br \/>\n&#8211; Sa formule est con\u00e7ue pour minimiser tout risque allergique.<br \/>\n&#8211; En cas de r\u00e9action allergique, qui reste toutefois toujours possible, consultez un m\u00e9decin ou un pharmacien.<\/p>\n<\/div>\n<p>REF 009.651<\/p>\n<div class=\"article_long_description\">\n<p class=\"article_picto article_picto_small\">\n<\/div>\n<\/div>\n<div class=\"article_gallery_warpper\">\n<div class=\"article_gallery_warpper_gallery_large\">\n<div id=\"gallery_image_0\" class=\"gallery_image\"><\/div>\n<\/div>\n<\/div>\n<div class=\"article_shopping_details\"><\/div>\n","protected":false},"excerpt":{"rendered":"<p>\u2022 Topiderm Cool Gel est un gel rafra\u00eechissant recommand\u00e9 dans le traitement des jambes et des pieds fatigu\u00e9s pendant et apr\u00e8s l\u2019effort. Agit pr\u00e9ventivement contre l\u2019\u00e9chauffement des pieds et r\u00e9g\u00e9n\u00e8re les pieds surchauff\u00e9s, agit sur les d\u00e9sagr\u00e9ments li\u00e9s aux petites varices et rafra\u00eechit les muscles fatigu\u00e9s et douloureux. \u2022 Caract\u00e9ristiques: &#8211; Rafra\u00eechissant et relaxant gr\u00e2ce [&hellip;]<\/p>\n","protected":false},"featured_media":3215,"comment_status":"open","ping_status":"closed","template":"","meta":[],"product_brand":[],"product_cat":[15,63],"product_tag":[],"class_list":{"0":"post-2291","1":"product","2":"type-product","3":"status-publish","4":"has-post-thumbnail","6":"product_cat-bien-etre","7":"product_cat-massage","9":"first","10":"instock","11":"shipping-taxable","12":"purchasable","13":"product-type-simple"},"yoast_head":"<!-- This site is optimized with the Yoast SEO plugin v27.3 - https:\/\/yoast.com\/product\/yoast-seo-wordpress\/ -->\n<title>Topiderm Cool gel Flacon de 250 ml - Sublimation soins experts<\/title>\n<meta name=\"robots\" content=\"index, follow, max-snippet:-1, max-image-preview:large, max-video-preview:-1\" \/>\n<link rel=\"canonical\" href=\"https:\/\/sublimationsoinsexperts.com\/index.php\/product\/topiderm-cool-gel-flacon-de-250-ml\/\" \/>\n<meta property=\"og:locale\" content=\"fr_FR\" \/>\n<meta property=\"og:type\" content=\"article\" \/>\n<meta property=\"og:title\" content=\"Topiderm Cool gel Flacon de 250 ml - Sublimation soins experts\" \/>\n<meta property=\"og:description\" content=\"\u2022 Topiderm Cool Gel est un gel rafra\u00eechissant recommand\u00e9 dans le traitement des jambes et des pieds fatigu\u00e9s pendant et apr\u00e8s l\u2019effort. Agit pr\u00e9ventivement contre l\u2019\u00e9chauffement des pieds et r\u00e9g\u00e9n\u00e8re les pieds surchauff\u00e9s, agit sur les d\u00e9sagr\u00e9ments li\u00e9s aux petites varices et rafra\u00eechit les muscles fatigu\u00e9s et douloureux. \u2022 Caract\u00e9ristiques: &#8211; Rafra\u00eechissant et relaxant gr\u00e2ce [&hellip;]\" \/>\n<meta property=\"og:url\" content=\"https:\/\/sublimationsoinsexperts.com\/index.php\/product\/topiderm-cool-gel-flacon-de-250-ml\/\" \/>\n<meta property=\"og:site_name\" content=\"Sublimation soins experts\" \/>\n<meta property=\"article:modified_time\" content=\"2024-04-28T11:46:04+00:00\" \/>\n<meta property=\"og:image\" content=\"http:\/\/sublimationsoinsexperts.com\/wp-content\/uploads\/2024\/02\/topiderm.jpeg\" \/>\n\t<meta property=\"og:image:width\" content=\"500\" \/>\n\t<meta property=\"og:image:height\" content=\"500\" \/>\n\t<meta property=\"og:image:type\" content=\"image\/jpeg\" \/>\n<meta name=\"twitter:card\" content=\"summary_large_image\" \/>\n<meta name=\"twitter:label1\" content=\"Dur\u00e9e de lecture estim\u00e9e\" \/>\n\t<meta name=\"twitter:data1\" content=\"2 minutes\" \/>\n<script type=\"application\/ld+json\" class=\"yoast-schema-graph\">{\"@context\":\"https:\\\/\\\/schema.org\",\"@graph\":[{\"@type\":\"WebPage\",\"@id\":\"https:\\\/\\\/sublimationsoinsexperts.com\\\/index.php\\\/product\\\/topiderm-cool-gel-flacon-de-250-ml\\\/\",\"url\":\"https:\\\/\\\/sublimationsoinsexperts.com\\\/index.php\\\/product\\\/topiderm-cool-gel-flacon-de-250-ml\\\/\",\"name\":\"Topiderm Cool gel Flacon de 250 ml - Sublimation soins experts\",\"isPartOf\":{\"@id\":\"https:\\\/\\\/sublimationsoinsexperts.com\\\/#website\"},\"primaryImageOfPage\":{\"@id\":\"https:\\\/\\\/sublimationsoinsexperts.com\\\/index.php\\\/product\\\/topiderm-cool-gel-flacon-de-250-ml\\\/#primaryimage\"},\"image\":{\"@id\":\"https:\\\/\\\/sublimationsoinsexperts.com\\\/index.php\\\/product\\\/topiderm-cool-gel-flacon-de-250-ml\\\/#primaryimage\"},\"thumbnailUrl\":\"https:\\\/\\\/sublimationsoinsexperts.com\\\/wp-content\\\/uploads\\\/2024\\\/02\\\/topiderm.jpeg\",\"datePublished\":\"2024-02-18T18:06:13+00:00\",\"dateModified\":\"2024-04-28T11:46:04+00:00\",\"breadcrumb\":{\"@id\":\"https:\\\/\\\/sublimationsoinsexperts.com\\\/index.php\\\/product\\\/topiderm-cool-gel-flacon-de-250-ml\\\/#breadcrumb\"},\"inLanguage\":\"fr-FR\",\"potentialAction\":[{\"@type\":\"ReadAction\",\"target\":[\"https:\\\/\\\/sublimationsoinsexperts.com\\\/index.php\\\/product\\\/topiderm-cool-gel-flacon-de-250-ml\\\/\"]}]},{\"@type\":\"ImageObject\",\"inLanguage\":\"fr-FR\",\"@id\":\"https:\\\/\\\/sublimationsoinsexperts.com\\\/index.php\\\/product\\\/topiderm-cool-gel-flacon-de-250-ml\\\/#primaryimage\",\"url\":\"https:\\\/\\\/sublimationsoinsexperts.com\\\/wp-content\\\/uploads\\\/2024\\\/02\\\/topiderm.jpeg\",\"contentUrl\":\"https:\\\/\\\/sublimationsoinsexperts.com\\\/wp-content\\\/uploads\\\/2024\\\/02\\\/topiderm.jpeg\",\"width\":500,\"height\":500},{\"@type\":\"BreadcrumbList\",\"@id\":\"https:\\\/\\\/sublimationsoinsexperts.com\\\/index.php\\\/product\\\/topiderm-cool-gel-flacon-de-250-ml\\\/#breadcrumb\",\"itemListElement\":[{\"@type\":\"ListItem\",\"position\":1,\"name\":\"Accueil\",\"item\":\"https:\\\/\\\/sublimationsoinsexperts.com\\\/\"},{\"@type\":\"ListItem\",\"position\":2,\"name\":\"Shop\",\"item\":\"https:\\\/\\\/sublimationsoinsexperts.com\\\/index.php\\\/shop\\\/\"},{\"@type\":\"ListItem\",\"position\":3,\"name\":\"Topiderm Cool gel Flacon de 250 ml\"}]},{\"@type\":\"WebSite\",\"@id\":\"https:\\\/\\\/sublimationsoinsexperts.com\\\/#website\",\"url\":\"https:\\\/\\\/sublimationsoinsexperts.com\\\/\",\"name\":\"Sublimation soins experts\",\"description\":\"\",\"potentialAction\":[{\"@type\":\"SearchAction\",\"target\":{\"@type\":\"EntryPoint\",\"urlTemplate\":\"https:\\\/\\\/sublimationsoinsexperts.com\\\/?s={search_term_string}\"},\"query-input\":{\"@type\":\"PropertyValueSpecification\",\"valueRequired\":true,\"valueName\":\"search_term_string\"}}],\"inLanguage\":\"fr-FR\"}]}<\/script>\n<!-- \/ Yoast SEO plugin. -->","yoast_head_json":{"title":"Topiderm Cool gel Flacon de 250 ml - Sublimation soins experts","robots":{"index":"index","follow":"follow","max-snippet":"max-snippet:-1","max-image-preview":"max-image-preview:large","max-video-preview":"max-video-preview:-1"},"canonical":"https:\/\/sublimationsoinsexperts.com\/index.php\/product\/topiderm-cool-gel-flacon-de-250-ml\/","og_locale":"fr_FR","og_type":"article","og_title":"Topiderm Cool gel Flacon de 250 ml - Sublimation soins experts","og_description":"\u2022 Topiderm Cool Gel est un gel rafra\u00eechissant recommand\u00e9 dans le traitement des jambes et des pieds fatigu\u00e9s pendant et apr\u00e8s l\u2019effort. Agit pr\u00e9ventivement contre l\u2019\u00e9chauffement des pieds et r\u00e9g\u00e9n\u00e8re les pieds surchauff\u00e9s, agit sur les d\u00e9sagr\u00e9ments li\u00e9s aux petites varices et rafra\u00eechit les muscles fatigu\u00e9s et douloureux. \u2022 Caract\u00e9ristiques: &#8211; Rafra\u00eechissant et relaxant gr\u00e2ce [&hellip;]","og_url":"https:\/\/sublimationsoinsexperts.com\/index.php\/product\/topiderm-cool-gel-flacon-de-250-ml\/","og_site_name":"Sublimation soins experts","article_modified_time":"2024-04-28T11:46:04+00:00","og_image":[{"width":500,"height":500,"url":"http:\/\/sublimationsoinsexperts.com\/wp-content\/uploads\/2024\/02\/topiderm.jpeg","type":"image\/jpeg"}],"twitter_card":"summary_large_image","twitter_misc":{"Dur\u00e9e de lecture estim\u00e9e":"2 minutes"},"schema":{"@context":"https:\/\/schema.org","@graph":[{"@type":"WebPage","@id":"https:\/\/sublimationsoinsexperts.com\/index.php\/product\/topiderm-cool-gel-flacon-de-250-ml\/","url":"https:\/\/sublimationsoinsexperts.com\/index.php\/product\/topiderm-cool-gel-flacon-de-250-ml\/","name":"Topiderm Cool gel Flacon de 250 ml - Sublimation soins experts","isPartOf":{"@id":"https:\/\/sublimationsoinsexperts.com\/#website"},"primaryImageOfPage":{"@id":"https:\/\/sublimationsoinsexperts.com\/index.php\/product\/topiderm-cool-gel-flacon-de-250-ml\/#primaryimage"},"image":{"@id":"https:\/\/sublimationsoinsexperts.com\/index.php\/product\/topiderm-cool-gel-flacon-de-250-ml\/#primaryimage"},"thumbnailUrl":"https:\/\/sublimationsoinsexperts.com\/wp-content\/uploads\/2024\/02\/topiderm.jpeg","datePublished":"2024-02-18T18:06:13+00:00","dateModified":"2024-04-28T11:46:04+00:00","breadcrumb":{"@id":"https:\/\/sublimationsoinsexperts.com\/index.php\/product\/topiderm-cool-gel-flacon-de-250-ml\/#breadcrumb"},"inLanguage":"fr-FR","potentialAction":[{"@type":"ReadAction","target":["https:\/\/sublimationsoinsexperts.com\/index.php\/product\/topiderm-cool-gel-flacon-de-250-ml\/"]}]},{"@type":"ImageObject","inLanguage":"fr-FR","@id":"https:\/\/sublimationsoinsexperts.com\/index.php\/product\/topiderm-cool-gel-flacon-de-250-ml\/#primaryimage","url":"https:\/\/sublimationsoinsexperts.com\/wp-content\/uploads\/2024\/02\/topiderm.jpeg","contentUrl":"https:\/\/sublimationsoinsexperts.com\/wp-content\/uploads\/2024\/02\/topiderm.jpeg","width":500,"height":500},{"@type":"BreadcrumbList","@id":"https:\/\/sublimationsoinsexperts.com\/index.php\/product\/topiderm-cool-gel-flacon-de-250-ml\/#breadcrumb","itemListElement":[{"@type":"ListItem","position":1,"name":"Accueil","item":"https:\/\/sublimationsoinsexperts.com\/"},{"@type":"ListItem","position":2,"name":"Shop","item":"https:\/\/sublimationsoinsexperts.com\/index.php\/shop\/"},{"@type":"ListItem","position":3,"name":"Topiderm Cool gel Flacon de 250 ml"}]},{"@type":"WebSite","@id":"https:\/\/sublimationsoinsexperts.com\/#website","url":"https:\/\/sublimationsoinsexperts.com\/","name":"Sublimation soins experts","description":"","potentialAction":[{"@type":"SearchAction","target":{"@type":"EntryPoint","urlTemplate":"https:\/\/sublimationsoinsexperts.com\/?s={search_term_string}"},"query-input":{"@type":"PropertyValueSpecification","valueRequired":true,"valueName":"search_term_string"}}],"inLanguage":"fr-FR"}]}},"_links":{"self":[{"href":"https:\/\/sublimationsoinsexperts.com\/index.php\/wp-json\/wp\/v2\/product\/2291","targetHints":{"allow":["GET"]}}],"collection":[{"href":"https:\/\/sublimationsoinsexperts.com\/index.php\/wp-json\/wp\/v2\/product"}],"about":[{"href":"https:\/\/sublimationsoinsexperts.com\/index.php\/wp-json\/wp\/v2\/types\/product"}],"replies":[{"embeddable":true,"href":"https:\/\/sublimationsoinsexperts.com\/index.php\/wp-json\/wp\/v2\/comments?post=2291"}],"wp:featuredmedia":[{"embeddable":true,"href":"https:\/\/sublimationsoinsexperts.com\/index.php\/wp-json\/wp\/v2\/media\/3215"}],"wp:attachment":[{"href":"https:\/\/sublimationsoinsexperts.com\/index.php\/wp-json\/wp\/v2\/media?parent=2291"}],"wp:term":[{"taxonomy":"product_brand","embeddable":true,"href":"https:\/\/sublimationsoinsexperts.com\/index.php\/wp-json\/wp\/v2\/product_brand?post=2291"},{"taxonomy":"product_cat","embeddable":true,"href":"https:\/\/sublimationsoinsexperts.com\/index.php\/wp-json\/wp\/v2\/product_cat?post=2291"},{"taxonomy":"product_tag","embeddable":true,"href":"https:\/\/sublimationsoinsexperts.com\/index.php\/wp-json\/wp\/v2\/product_tag?post=2291"}],"curies":[{"name":"wp","href":"https:\/\/api.w.org\/{rel}","templated":true}]}}