{"id":2295,"date":"2024-02-18T18:20:22","date_gmt":"2024-02-18T18:20:22","guid":{"rendered":"https:\/\/sublimationsoinsexperts.com\/?post_type=product&#038;p=2295"},"modified":"2024-03-27T16:48:16","modified_gmt":"2024-03-27T16:48:16","slug":"gel-huile-de-massage-neoderm-flacon-de-250-ml","status":"publish","type":"product","link":"https:\/\/sublimationsoinsexperts.com\/index.php\/product\/gel-huile-de-massage-neoderm-flacon-de-250-ml\/","title":{"rendered":"Gel-huile de massage Neoderm Flacon de 250 ml"},"content":{"rendered":"<p>\u2022 Le gel d\u2019huile de massage Neoderm rend la peau plus ferme, plus lisse et plus souple en un seul mouvement.<br \/>\n\u2022 Ce produit convient parfaitement aux massages relaxants.<br \/>\n\u2022 Le gel d\u2019huile de massage contient de l\u2019huile de macadamia qui convient parfaitement aux peaux s\u00e8ches.<br \/>\n\u2022 Sa composition peut \u00eatre compar\u00e9e \u00e0 la production de s\u00e9bum de notre peau, qui est tr\u00e8s importante pour garder la peau souple.<br \/>\n\u2022 Cette huile douce et nourrissante n\u2019est pas grasse au toucher.<br \/>\n\u2022 Ingr\u00e9dients:<br \/>\nParaffinum Liquidum, Cyclopentasiloxane, Copolym\u00e8re \u00c9thyl\u00e8ne\/Propyl\u00e8ne\/Styr\u00e8ne, Huile de Macadamia Ternifolia, Laureth-3, Parfum, Bisabolol, BHT, Propylparaben.<\/p>\n<p>&nbsp;<\/p>\n<p>REF 009.688<\/p>\n","protected":false},"excerpt":{"rendered":"<p>\u2022 Le gel d\u2019huile de massage Neoderm rend la peau plus ferme, plus lisse et plus souple en un seul mouvement. \u2022 Ce produit convient parfaitement aux massages relaxants. \u2022 Le gel d\u2019huile de massage contient de l\u2019huile de macadamia qui convient parfaitement aux peaux s\u00e8ches. \u2022 Sa composition peut \u00eatre compar\u00e9e \u00e0 la production [&hellip;]<\/p>\n","protected":false},"featured_media":2296,"comment_status":"open","ping_status":"closed","template":"","meta":[],"product_brand":[],"product_cat":[15,63],"product_tag":[],"class_list":{"0":"post-2295","1":"product","2":"type-product","3":"status-publish","4":"has-post-thumbnail","6":"product_cat-bien-etre","7":"product_cat-massage","9":"first","10":"instock","11":"shipping-taxable","12":"purchasable","13":"product-type-simple"},"yoast_head":"<!-- This site is optimized with the Yoast SEO plugin v27.3 - https:\/\/yoast.com\/product\/yoast-seo-wordpress\/ -->\n<title>Gel-huile de massage Neoderm Flacon de 250 ml - Sublimation soins experts<\/title>\n<meta name=\"robots\" content=\"index, follow, max-snippet:-1, max-image-preview:large, max-video-preview:-1\" \/>\n<link rel=\"canonical\" href=\"https:\/\/sublimationsoinsexperts.com\/index.php\/product\/gel-huile-de-massage-neoderm-flacon-de-250-ml\/\" \/>\n<meta property=\"og:locale\" content=\"fr_FR\" \/>\n<meta property=\"og:type\" content=\"article\" \/>\n<meta property=\"og:title\" content=\"Gel-huile de massage Neoderm Flacon de 250 ml - Sublimation soins experts\" \/>\n<meta property=\"og:description\" content=\"\u2022 Le gel d\u2019huile de massage Neoderm rend la peau plus ferme, plus lisse et plus souple en un seul mouvement. \u2022 Ce produit convient parfaitement aux massages relaxants. \u2022 Le gel d\u2019huile de massage contient de l\u2019huile de macadamia qui convient parfaitement aux peaux s\u00e8ches. \u2022 Sa composition peut \u00eatre compar\u00e9e \u00e0 la production [&hellip;]\" \/>\n<meta property=\"og:url\" content=\"https:\/\/sublimationsoinsexperts.com\/index.php\/product\/gel-huile-de-massage-neoderm-flacon-de-250-ml\/\" \/>\n<meta property=\"og:site_name\" content=\"Sublimation soins experts\" \/>\n<meta property=\"article:modified_time\" content=\"2024-03-27T16:48:16+00:00\" \/>\n<meta property=\"og:image\" content=\"http:\/\/sublimationsoinsexperts.com\/wp-content\/uploads\/2024\/02\/009.688_1-Gel-huile-de-massage-Neoderm-Flacon-de-250-ml.jpg\" \/>\n\t<meta property=\"og:image:width\" content=\"300\" \/>\n\t<meta property=\"og:image:height\" content=\"400\" \/>\n\t<meta property=\"og:image:type\" content=\"image\/jpeg\" \/>\n<meta name=\"twitter:card\" content=\"summary_large_image\" \/>\n<meta name=\"twitter:label1\" content=\"Dur\u00e9e de lecture estim\u00e9e\" \/>\n\t<meta name=\"twitter:data1\" content=\"1 minute\" \/>\n<script type=\"application\/ld+json\" class=\"yoast-schema-graph\">{\"@context\":\"https:\\\/\\\/schema.org\",\"@graph\":[{\"@type\":\"WebPage\",\"@id\":\"https:\\\/\\\/sublimationsoinsexperts.com\\\/index.php\\\/product\\\/gel-huile-de-massage-neoderm-flacon-de-250-ml\\\/\",\"url\":\"https:\\\/\\\/sublimationsoinsexperts.com\\\/index.php\\\/product\\\/gel-huile-de-massage-neoderm-flacon-de-250-ml\\\/\",\"name\":\"Gel-huile de massage Neoderm Flacon de 250 ml - Sublimation soins experts\",\"isPartOf\":{\"@id\":\"https:\\\/\\\/sublimationsoinsexperts.com\\\/#website\"},\"primaryImageOfPage\":{\"@id\":\"https:\\\/\\\/sublimationsoinsexperts.com\\\/index.php\\\/product\\\/gel-huile-de-massage-neoderm-flacon-de-250-ml\\\/#primaryimage\"},\"image\":{\"@id\":\"https:\\\/\\\/sublimationsoinsexperts.com\\\/index.php\\\/product\\\/gel-huile-de-massage-neoderm-flacon-de-250-ml\\\/#primaryimage\"},\"thumbnailUrl\":\"https:\\\/\\\/sublimationsoinsexperts.com\\\/wp-content\\\/uploads\\\/2024\\\/02\\\/009.688_1-Gel-huile-de-massage-Neoderm-Flacon-de-250-ml.jpg\",\"datePublished\":\"2024-02-18T18:20:22+00:00\",\"dateModified\":\"2024-03-27T16:48:16+00:00\",\"breadcrumb\":{\"@id\":\"https:\\\/\\\/sublimationsoinsexperts.com\\\/index.php\\\/product\\\/gel-huile-de-massage-neoderm-flacon-de-250-ml\\\/#breadcrumb\"},\"inLanguage\":\"fr-FR\",\"potentialAction\":[{\"@type\":\"ReadAction\",\"target\":[\"https:\\\/\\\/sublimationsoinsexperts.com\\\/index.php\\\/product\\\/gel-huile-de-massage-neoderm-flacon-de-250-ml\\\/\"]}]},{\"@type\":\"ImageObject\",\"inLanguage\":\"fr-FR\",\"@id\":\"https:\\\/\\\/sublimationsoinsexperts.com\\\/index.php\\\/product\\\/gel-huile-de-massage-neoderm-flacon-de-250-ml\\\/#primaryimage\",\"url\":\"https:\\\/\\\/sublimationsoinsexperts.com\\\/wp-content\\\/uploads\\\/2024\\\/02\\\/009.688_1-Gel-huile-de-massage-Neoderm-Flacon-de-250-ml.jpg\",\"contentUrl\":\"https:\\\/\\\/sublimationsoinsexperts.com\\\/wp-content\\\/uploads\\\/2024\\\/02\\\/009.688_1-Gel-huile-de-massage-Neoderm-Flacon-de-250-ml.jpg\",\"width\":300,\"height\":400},{\"@type\":\"BreadcrumbList\",\"@id\":\"https:\\\/\\\/sublimationsoinsexperts.com\\\/index.php\\\/product\\\/gel-huile-de-massage-neoderm-flacon-de-250-ml\\\/#breadcrumb\",\"itemListElement\":[{\"@type\":\"ListItem\",\"position\":1,\"name\":\"Accueil\",\"item\":\"https:\\\/\\\/sublimationsoinsexperts.com\\\/\"},{\"@type\":\"ListItem\",\"position\":2,\"name\":\"Shop\",\"item\":\"https:\\\/\\\/sublimationsoinsexperts.com\\\/index.php\\\/shop\\\/\"},{\"@type\":\"ListItem\",\"position\":3,\"name\":\"Gel-huile de massage Neoderm Flacon de 250 ml\"}]},{\"@type\":\"WebSite\",\"@id\":\"https:\\\/\\\/sublimationsoinsexperts.com\\\/#website\",\"url\":\"https:\\\/\\\/sublimationsoinsexperts.com\\\/\",\"name\":\"Sublimation soins experts\",\"description\":\"\",\"potentialAction\":[{\"@type\":\"SearchAction\",\"target\":{\"@type\":\"EntryPoint\",\"urlTemplate\":\"https:\\\/\\\/sublimationsoinsexperts.com\\\/?s={search_term_string}\"},\"query-input\":{\"@type\":\"PropertyValueSpecification\",\"valueRequired\":true,\"valueName\":\"search_term_string\"}}],\"inLanguage\":\"fr-FR\"}]}<\/script>\n<!-- \/ Yoast SEO plugin. -->","yoast_head_json":{"title":"Gel-huile de massage Neoderm Flacon de 250 ml - Sublimation soins experts","robots":{"index":"index","follow":"follow","max-snippet":"max-snippet:-1","max-image-preview":"max-image-preview:large","max-video-preview":"max-video-preview:-1"},"canonical":"https:\/\/sublimationsoinsexperts.com\/index.php\/product\/gel-huile-de-massage-neoderm-flacon-de-250-ml\/","og_locale":"fr_FR","og_type":"article","og_title":"Gel-huile de massage Neoderm Flacon de 250 ml - Sublimation soins experts","og_description":"\u2022 Le gel d\u2019huile de massage Neoderm rend la peau plus ferme, plus lisse et plus souple en un seul mouvement. \u2022 Ce produit convient parfaitement aux massages relaxants. \u2022 Le gel d\u2019huile de massage contient de l\u2019huile de macadamia qui convient parfaitement aux peaux s\u00e8ches. \u2022 Sa composition peut \u00eatre compar\u00e9e \u00e0 la production [&hellip;]","og_url":"https:\/\/sublimationsoinsexperts.com\/index.php\/product\/gel-huile-de-massage-neoderm-flacon-de-250-ml\/","og_site_name":"Sublimation soins experts","article_modified_time":"2024-03-27T16:48:16+00:00","og_image":[{"width":300,"height":400,"url":"http:\/\/sublimationsoinsexperts.com\/wp-content\/uploads\/2024\/02\/009.688_1-Gel-huile-de-massage-Neoderm-Flacon-de-250-ml.jpg","type":"image\/jpeg"}],"twitter_card":"summary_large_image","twitter_misc":{"Dur\u00e9e de lecture estim\u00e9e":"1 minute"},"schema":{"@context":"https:\/\/schema.org","@graph":[{"@type":"WebPage","@id":"https:\/\/sublimationsoinsexperts.com\/index.php\/product\/gel-huile-de-massage-neoderm-flacon-de-250-ml\/","url":"https:\/\/sublimationsoinsexperts.com\/index.php\/product\/gel-huile-de-massage-neoderm-flacon-de-250-ml\/","name":"Gel-huile de massage Neoderm Flacon de 250 ml - Sublimation soins experts","isPartOf":{"@id":"https:\/\/sublimationsoinsexperts.com\/#website"},"primaryImageOfPage":{"@id":"https:\/\/sublimationsoinsexperts.com\/index.php\/product\/gel-huile-de-massage-neoderm-flacon-de-250-ml\/#primaryimage"},"image":{"@id":"https:\/\/sublimationsoinsexperts.com\/index.php\/product\/gel-huile-de-massage-neoderm-flacon-de-250-ml\/#primaryimage"},"thumbnailUrl":"https:\/\/sublimationsoinsexperts.com\/wp-content\/uploads\/2024\/02\/009.688_1-Gel-huile-de-massage-Neoderm-Flacon-de-250-ml.jpg","datePublished":"2024-02-18T18:20:22+00:00","dateModified":"2024-03-27T16:48:16+00:00","breadcrumb":{"@id":"https:\/\/sublimationsoinsexperts.com\/index.php\/product\/gel-huile-de-massage-neoderm-flacon-de-250-ml\/#breadcrumb"},"inLanguage":"fr-FR","potentialAction":[{"@type":"ReadAction","target":["https:\/\/sublimationsoinsexperts.com\/index.php\/product\/gel-huile-de-massage-neoderm-flacon-de-250-ml\/"]}]},{"@type":"ImageObject","inLanguage":"fr-FR","@id":"https:\/\/sublimationsoinsexperts.com\/index.php\/product\/gel-huile-de-massage-neoderm-flacon-de-250-ml\/#primaryimage","url":"https:\/\/sublimationsoinsexperts.com\/wp-content\/uploads\/2024\/02\/009.688_1-Gel-huile-de-massage-Neoderm-Flacon-de-250-ml.jpg","contentUrl":"https:\/\/sublimationsoinsexperts.com\/wp-content\/uploads\/2024\/02\/009.688_1-Gel-huile-de-massage-Neoderm-Flacon-de-250-ml.jpg","width":300,"height":400},{"@type":"BreadcrumbList","@id":"https:\/\/sublimationsoinsexperts.com\/index.php\/product\/gel-huile-de-massage-neoderm-flacon-de-250-ml\/#breadcrumb","itemListElement":[{"@type":"ListItem","position":1,"name":"Accueil","item":"https:\/\/sublimationsoinsexperts.com\/"},{"@type":"ListItem","position":2,"name":"Shop","item":"https:\/\/sublimationsoinsexperts.com\/index.php\/shop\/"},{"@type":"ListItem","position":3,"name":"Gel-huile de massage Neoderm Flacon de 250 ml"}]},{"@type":"WebSite","@id":"https:\/\/sublimationsoinsexperts.com\/#website","url":"https:\/\/sublimationsoinsexperts.com\/","name":"Sublimation soins experts","description":"","potentialAction":[{"@type":"SearchAction","target":{"@type":"EntryPoint","urlTemplate":"https:\/\/sublimationsoinsexperts.com\/?s={search_term_string}"},"query-input":{"@type":"PropertyValueSpecification","valueRequired":true,"valueName":"search_term_string"}}],"inLanguage":"fr-FR"}]}},"_links":{"self":[{"href":"https:\/\/sublimationsoinsexperts.com\/index.php\/wp-json\/wp\/v2\/product\/2295","targetHints":{"allow":["GET"]}}],"collection":[{"href":"https:\/\/sublimationsoinsexperts.com\/index.php\/wp-json\/wp\/v2\/product"}],"about":[{"href":"https:\/\/sublimationsoinsexperts.com\/index.php\/wp-json\/wp\/v2\/types\/product"}],"replies":[{"embeddable":true,"href":"https:\/\/sublimationsoinsexperts.com\/index.php\/wp-json\/wp\/v2\/comments?post=2295"}],"wp:featuredmedia":[{"embeddable":true,"href":"https:\/\/sublimationsoinsexperts.com\/index.php\/wp-json\/wp\/v2\/media\/2296"}],"wp:attachment":[{"href":"https:\/\/sublimationsoinsexperts.com\/index.php\/wp-json\/wp\/v2\/media?parent=2295"}],"wp:term":[{"taxonomy":"product_brand","embeddable":true,"href":"https:\/\/sublimationsoinsexperts.com\/index.php\/wp-json\/wp\/v2\/product_brand?post=2295"},{"taxonomy":"product_cat","embeddable":true,"href":"https:\/\/sublimationsoinsexperts.com\/index.php\/wp-json\/wp\/v2\/product_cat?post=2295"},{"taxonomy":"product_tag","embeddable":true,"href":"https:\/\/sublimationsoinsexperts.com\/index.php\/wp-json\/wp\/v2\/product_tag?post=2295"}],"curies":[{"name":"wp","href":"https:\/\/api.w.org\/{rel}","templated":true}]}}