{"id":2297,"date":"2024-02-18T19:44:40","date_gmt":"2024-02-18T19:44:40","guid":{"rendered":"https:\/\/sublimationsoinsexperts.com\/?post_type=product&#038;p=2297"},"modified":"2024-03-27T16:47:12","modified_gmt":"2024-03-27T16:47:12","slug":"pilulier-semainier-medi-7-blanc","status":"publish","type":"product","link":"https:\/\/sublimationsoinsexperts.com\/index.php\/product\/pilulier-semainier-medi-7-blanc\/","title":{"rendered":"Pilulier semainier Medi-7, blanc"},"content":{"rendered":"<p>\u2022 Dimensions : 12,5 x 5 x 11,5 cm.<br \/>\n\u2022 Pilulier aidant \u00e0 prendre en temps et en heure les m\u00e9dicaments prescrits par le m\u00e9decin.<br \/>\n\u2022 Pour remplir le pilulier, sortir les 7 casiers journaliers de la bo\u00eete et faire glisser les couvercles transparents vers la droite jusqu\u2019\u00e0 la but\u00e9e afin de lib\u00e9rer les compartiments \u00ab\u00a0matin\u00a0\u00bb, \u00ab\u00a0midi\u00a0\u00bb et \u00ab\u00a0soir\u00a0\u00bb.<br \/>\n\u2022 Pour lib\u00e9rer le compartiment \u00ab\u00a0nuit\u00a0\u00bb, faire glisser le couvercle transparent vers la gauche.<br \/>\n\u2022 Sortir les m\u00e9dicaments de leur bo\u00eete d\u2019origine et remplir les compartiments respectifs.<br \/>\n\u2022 Placer en premi\u00e8re position du bo\u00eetier-doseur le casier rempli, correspondants au jour actuel. Ordonner ensuite les casiers correspondant aux jours suivants en les faisant glisser un \u00e0 un de l\u2019arri\u00e8re vers l\u2019avant.<br \/>\n\u2022 Entretien: nettoyer dans l\u2019eau chaude avec liquide vaisselle usuel.<\/p>\n<p>&nbsp;<\/p>\n<p>REF 179.500<\/p>\n","protected":false},"excerpt":{"rendered":"<p>\u2022 Dimensions : 12,5 x 5 x 11,5 cm. \u2022 Pilulier aidant \u00e0 prendre en temps et en heure les m\u00e9dicaments prescrits par le m\u00e9decin. \u2022 Pour remplir le pilulier, sortir les 7 casiers journaliers de la bo\u00eete et faire glisser les couvercles transparents vers la droite jusqu\u2019\u00e0 la but\u00e9e afin de lib\u00e9rer les compartiments [&hellip;]<\/p>\n","protected":false},"featured_media":2298,"comment_status":"open","ping_status":"closed","template":"","meta":[],"product_brand":[],"product_cat":[46,68],"product_tag":[],"class_list":{"0":"post-2297","1":"product","2":"type-product","3":"status-publish","4":"has-post-thumbnail","6":"product_cat-aide-au-quotidien","7":"product_cat-pilulier","9":"first","10":"instock","11":"shipping-taxable","12":"purchasable","13":"product-type-simple"},"yoast_head":"<!-- This site is optimized with the Yoast SEO plugin v27.5 - https:\/\/yoast.com\/product\/yoast-seo-wordpress\/ -->\n<title>Pilulier semainier Medi-7, blanc - Sublimation soins experts<\/title>\n<meta name=\"robots\" content=\"index, follow, max-snippet:-1, max-image-preview:large, max-video-preview:-1\" \/>\n<link rel=\"canonical\" href=\"https:\/\/sublimationsoinsexperts.com\/index.php\/product\/pilulier-semainier-medi-7-blanc\/\" \/>\n<meta property=\"og:locale\" content=\"fr_FR\" \/>\n<meta property=\"og:type\" content=\"article\" \/>\n<meta property=\"og:title\" content=\"Pilulier semainier Medi-7, blanc - Sublimation soins experts\" \/>\n<meta property=\"og:description\" content=\"\u2022 Dimensions : 12,5 x 5 x 11,5 cm. \u2022 Pilulier aidant \u00e0 prendre en temps et en heure les m\u00e9dicaments prescrits par le m\u00e9decin. \u2022 Pour remplir le pilulier, sortir les 7 casiers journaliers de la bo\u00eete et faire glisser les couvercles transparents vers la droite jusqu\u2019\u00e0 la but\u00e9e afin de lib\u00e9rer les compartiments [&hellip;]\" \/>\n<meta property=\"og:url\" content=\"https:\/\/sublimationsoinsexperts.com\/index.php\/product\/pilulier-semainier-medi-7-blanc\/\" \/>\n<meta property=\"og:site_name\" content=\"Sublimation soins experts\" \/>\n<meta property=\"article:modified_time\" content=\"2024-03-27T16:47:12+00:00\" \/>\n<meta property=\"og:image\" content=\"http:\/\/sublimationsoinsexperts.com\/wp-content\/uploads\/2024\/02\/179.500_1-PILULIER-MEDI-7.jpg\" \/>\n\t<meta property=\"og:image:width\" content=\"400\" \/>\n\t<meta property=\"og:image:height\" content=\"278\" \/>\n\t<meta property=\"og:image:type\" content=\"image\/jpeg\" \/>\n<meta name=\"twitter:card\" content=\"summary_large_image\" \/>\n<meta name=\"twitter:label1\" content=\"Dur\u00e9e de lecture estim\u00e9e\" \/>\n\t<meta name=\"twitter:data1\" content=\"1 minute\" \/>\n<script type=\"application\/ld+json\" class=\"yoast-schema-graph\">{\"@context\":\"https:\\\/\\\/schema.org\",\"@graph\":[{\"@type\":\"WebPage\",\"@id\":\"https:\\\/\\\/sublimationsoinsexperts.com\\\/index.php\\\/product\\\/pilulier-semainier-medi-7-blanc\\\/\",\"url\":\"https:\\\/\\\/sublimationsoinsexperts.com\\\/index.php\\\/product\\\/pilulier-semainier-medi-7-blanc\\\/\",\"name\":\"Pilulier semainier Medi-7, blanc - Sublimation soins experts\",\"isPartOf\":{\"@id\":\"https:\\\/\\\/sublimationsoinsexperts.com\\\/#website\"},\"primaryImageOfPage\":{\"@id\":\"https:\\\/\\\/sublimationsoinsexperts.com\\\/index.php\\\/product\\\/pilulier-semainier-medi-7-blanc\\\/#primaryimage\"},\"image\":{\"@id\":\"https:\\\/\\\/sublimationsoinsexperts.com\\\/index.php\\\/product\\\/pilulier-semainier-medi-7-blanc\\\/#primaryimage\"},\"thumbnailUrl\":\"https:\\\/\\\/sublimationsoinsexperts.com\\\/wp-content\\\/uploads\\\/2024\\\/02\\\/179.500_1-PILULIER-MEDI-7.jpg\",\"datePublished\":\"2024-02-18T19:44:40+00:00\",\"dateModified\":\"2024-03-27T16:47:12+00:00\",\"breadcrumb\":{\"@id\":\"https:\\\/\\\/sublimationsoinsexperts.com\\\/index.php\\\/product\\\/pilulier-semainier-medi-7-blanc\\\/#breadcrumb\"},\"inLanguage\":\"fr-FR\",\"potentialAction\":[{\"@type\":\"ReadAction\",\"target\":[\"https:\\\/\\\/sublimationsoinsexperts.com\\\/index.php\\\/product\\\/pilulier-semainier-medi-7-blanc\\\/\"]}]},{\"@type\":\"ImageObject\",\"inLanguage\":\"fr-FR\",\"@id\":\"https:\\\/\\\/sublimationsoinsexperts.com\\\/index.php\\\/product\\\/pilulier-semainier-medi-7-blanc\\\/#primaryimage\",\"url\":\"https:\\\/\\\/sublimationsoinsexperts.com\\\/wp-content\\\/uploads\\\/2024\\\/02\\\/179.500_1-PILULIER-MEDI-7.jpg\",\"contentUrl\":\"https:\\\/\\\/sublimationsoinsexperts.com\\\/wp-content\\\/uploads\\\/2024\\\/02\\\/179.500_1-PILULIER-MEDI-7.jpg\",\"width\":400,\"height\":278},{\"@type\":\"BreadcrumbList\",\"@id\":\"https:\\\/\\\/sublimationsoinsexperts.com\\\/index.php\\\/product\\\/pilulier-semainier-medi-7-blanc\\\/#breadcrumb\",\"itemListElement\":[{\"@type\":\"ListItem\",\"position\":1,\"name\":\"Accueil\",\"item\":\"https:\\\/\\\/sublimationsoinsexperts.com\\\/\"},{\"@type\":\"ListItem\",\"position\":2,\"name\":\"Shop\",\"item\":\"https:\\\/\\\/sublimationsoinsexperts.com\\\/index.php\\\/shop\\\/\"},{\"@type\":\"ListItem\",\"position\":3,\"name\":\"Pilulier semainier Medi-7, blanc\"}]},{\"@type\":\"WebSite\",\"@id\":\"https:\\\/\\\/sublimationsoinsexperts.com\\\/#website\",\"url\":\"https:\\\/\\\/sublimationsoinsexperts.com\\\/\",\"name\":\"Sublimation soins experts\",\"description\":\"\",\"potentialAction\":[{\"@type\":\"SearchAction\",\"target\":{\"@type\":\"EntryPoint\",\"urlTemplate\":\"https:\\\/\\\/sublimationsoinsexperts.com\\\/?s={search_term_string}\"},\"query-input\":{\"@type\":\"PropertyValueSpecification\",\"valueRequired\":true,\"valueName\":\"search_term_string\"}}],\"inLanguage\":\"fr-FR\"}]}<\/script>\n<!-- \/ Yoast SEO plugin. -->","yoast_head_json":{"title":"Pilulier semainier Medi-7, blanc - Sublimation soins experts","robots":{"index":"index","follow":"follow","max-snippet":"max-snippet:-1","max-image-preview":"max-image-preview:large","max-video-preview":"max-video-preview:-1"},"canonical":"https:\/\/sublimationsoinsexperts.com\/index.php\/product\/pilulier-semainier-medi-7-blanc\/","og_locale":"fr_FR","og_type":"article","og_title":"Pilulier semainier Medi-7, blanc - Sublimation soins experts","og_description":"\u2022 Dimensions : 12,5 x 5 x 11,5 cm. \u2022 Pilulier aidant \u00e0 prendre en temps et en heure les m\u00e9dicaments prescrits par le m\u00e9decin. \u2022 Pour remplir le pilulier, sortir les 7 casiers journaliers de la bo\u00eete et faire glisser les couvercles transparents vers la droite jusqu\u2019\u00e0 la but\u00e9e afin de lib\u00e9rer les compartiments [&hellip;]","og_url":"https:\/\/sublimationsoinsexperts.com\/index.php\/product\/pilulier-semainier-medi-7-blanc\/","og_site_name":"Sublimation soins experts","article_modified_time":"2024-03-27T16:47:12+00:00","og_image":[{"width":400,"height":278,"url":"http:\/\/sublimationsoinsexperts.com\/wp-content\/uploads\/2024\/02\/179.500_1-PILULIER-MEDI-7.jpg","type":"image\/jpeg"}],"twitter_card":"summary_large_image","twitter_misc":{"Dur\u00e9e de lecture estim\u00e9e":"1 minute"},"schema":{"@context":"https:\/\/schema.org","@graph":[{"@type":"WebPage","@id":"https:\/\/sublimationsoinsexperts.com\/index.php\/product\/pilulier-semainier-medi-7-blanc\/","url":"https:\/\/sublimationsoinsexperts.com\/index.php\/product\/pilulier-semainier-medi-7-blanc\/","name":"Pilulier semainier Medi-7, blanc - Sublimation soins experts","isPartOf":{"@id":"https:\/\/sublimationsoinsexperts.com\/#website"},"primaryImageOfPage":{"@id":"https:\/\/sublimationsoinsexperts.com\/index.php\/product\/pilulier-semainier-medi-7-blanc\/#primaryimage"},"image":{"@id":"https:\/\/sublimationsoinsexperts.com\/index.php\/product\/pilulier-semainier-medi-7-blanc\/#primaryimage"},"thumbnailUrl":"https:\/\/sublimationsoinsexperts.com\/wp-content\/uploads\/2024\/02\/179.500_1-PILULIER-MEDI-7.jpg","datePublished":"2024-02-18T19:44:40+00:00","dateModified":"2024-03-27T16:47:12+00:00","breadcrumb":{"@id":"https:\/\/sublimationsoinsexperts.com\/index.php\/product\/pilulier-semainier-medi-7-blanc\/#breadcrumb"},"inLanguage":"fr-FR","potentialAction":[{"@type":"ReadAction","target":["https:\/\/sublimationsoinsexperts.com\/index.php\/product\/pilulier-semainier-medi-7-blanc\/"]}]},{"@type":"ImageObject","inLanguage":"fr-FR","@id":"https:\/\/sublimationsoinsexperts.com\/index.php\/product\/pilulier-semainier-medi-7-blanc\/#primaryimage","url":"https:\/\/sublimationsoinsexperts.com\/wp-content\/uploads\/2024\/02\/179.500_1-PILULIER-MEDI-7.jpg","contentUrl":"https:\/\/sublimationsoinsexperts.com\/wp-content\/uploads\/2024\/02\/179.500_1-PILULIER-MEDI-7.jpg","width":400,"height":278},{"@type":"BreadcrumbList","@id":"https:\/\/sublimationsoinsexperts.com\/index.php\/product\/pilulier-semainier-medi-7-blanc\/#breadcrumb","itemListElement":[{"@type":"ListItem","position":1,"name":"Accueil","item":"https:\/\/sublimationsoinsexperts.com\/"},{"@type":"ListItem","position":2,"name":"Shop","item":"https:\/\/sublimationsoinsexperts.com\/index.php\/shop\/"},{"@type":"ListItem","position":3,"name":"Pilulier semainier Medi-7, blanc"}]},{"@type":"WebSite","@id":"https:\/\/sublimationsoinsexperts.com\/#website","url":"https:\/\/sublimationsoinsexperts.com\/","name":"Sublimation soins experts","description":"","potentialAction":[{"@type":"SearchAction","target":{"@type":"EntryPoint","urlTemplate":"https:\/\/sublimationsoinsexperts.com\/?s={search_term_string}"},"query-input":{"@type":"PropertyValueSpecification","valueRequired":true,"valueName":"search_term_string"}}],"inLanguage":"fr-FR"}]}},"_links":{"self":[{"href":"https:\/\/sublimationsoinsexperts.com\/index.php\/wp-json\/wp\/v2\/product\/2297","targetHints":{"allow":["GET"]}}],"collection":[{"href":"https:\/\/sublimationsoinsexperts.com\/index.php\/wp-json\/wp\/v2\/product"}],"about":[{"href":"https:\/\/sublimationsoinsexperts.com\/index.php\/wp-json\/wp\/v2\/types\/product"}],"replies":[{"embeddable":true,"href":"https:\/\/sublimationsoinsexperts.com\/index.php\/wp-json\/wp\/v2\/comments?post=2297"}],"wp:featuredmedia":[{"embeddable":true,"href":"https:\/\/sublimationsoinsexperts.com\/index.php\/wp-json\/wp\/v2\/media\/2298"}],"wp:attachment":[{"href":"https:\/\/sublimationsoinsexperts.com\/index.php\/wp-json\/wp\/v2\/media?parent=2297"}],"wp:term":[{"taxonomy":"product_brand","embeddable":true,"href":"https:\/\/sublimationsoinsexperts.com\/index.php\/wp-json\/wp\/v2\/product_brand?post=2297"},{"taxonomy":"product_cat","embeddable":true,"href":"https:\/\/sublimationsoinsexperts.com\/index.php\/wp-json\/wp\/v2\/product_cat?post=2297"},{"taxonomy":"product_tag","embeddable":true,"href":"https:\/\/sublimationsoinsexperts.com\/index.php\/wp-json\/wp\/v2\/product_tag?post=2297"}],"curies":[{"name":"wp","href":"https:\/\/api.w.org\/{rel}","templated":true}]}}