{"id":2308,"date":"2024-02-18T19:57:42","date_gmt":"2024-02-18T19:57:42","guid":{"rendered":"https:\/\/sublimationsoinsexperts.com\/?post_type=product&#038;p=2308"},"modified":"2024-03-27T16:27:17","modified_gmt":"2024-03-27T16:27:17","slug":"pilulier-journalier-medi-7-trio-blanc-3-en-1","status":"publish","type":"product","link":"https:\/\/sublimationsoinsexperts.com\/index.php\/product\/pilulier-journalier-medi-7-trio-blanc-3-en-1\/","title":{"rendered":"Pilulier journalier Medi-7 Trio, blanc, 3 en 1."},"content":{"rendered":"<p>\u2022 3 fonctions<br \/>\n\u2022 Diviseur: placer les comprim\u00e9s dans le diviseur, fermer par une simple pression et extraire la quantit\u00e9 souhait\u00e9e par l\u2019ouverture lat\u00e9rale.<br \/>\n\u2022 Concasseur: broyer le comprimer plac\u00e9 dans le compartiment cannel\u00e9 en fermant plusieurs fois la bo\u00eete jusqu\u2019\u00e0 obtention de la taille souhait\u00e9e.<br \/>\n\u2022 Conservateur: les comprim\u00e9s peuvent \u00eatre conserv\u00e9s en toute s\u00e9curit\u00e9 jusqu\u2019\u00e0 leur prise dans la case pr\u00e9vue \u00e0 cet effet.<\/p>\n<p>&nbsp;<\/p>\n<p>REF 179.700<\/p>\n","protected":false},"excerpt":{"rendered":"<p>\u2022 3 fonctions \u2022 Diviseur: placer les comprim\u00e9s dans le diviseur, fermer par une simple pression et extraire la quantit\u00e9 souhait\u00e9e par l\u2019ouverture lat\u00e9rale. \u2022 Concasseur: broyer le comprimer plac\u00e9 dans le compartiment cannel\u00e9 en fermant plusieurs fois la bo\u00eete jusqu\u2019\u00e0 obtention de la taille souhait\u00e9e. \u2022 Conservateur: les comprim\u00e9s peuvent \u00eatre conserv\u00e9s en toute [&hellip;]<\/p>\n","protected":false},"featured_media":2309,"comment_status":"open","ping_status":"closed","template":"","meta":[],"product_brand":[],"product_cat":[46,68],"product_tag":[],"class_list":{"0":"post-2308","1":"product","2":"type-product","3":"status-publish","4":"has-post-thumbnail","6":"product_cat-aide-au-quotidien","7":"product_cat-pilulier","9":"first","10":"instock","11":"shipping-taxable","12":"purchasable","13":"product-type-simple"},"yoast_head":"<!-- This site is optimized with the Yoast SEO plugin v27.3 - https:\/\/yoast.com\/product\/yoast-seo-wordpress\/ -->\n<title>Pilulier journalier Medi-7 Trio, blanc, 3 en 1. - Sublimation soins experts<\/title>\n<meta name=\"robots\" content=\"index, follow, max-snippet:-1, max-image-preview:large, max-video-preview:-1\" \/>\n<link rel=\"canonical\" href=\"https:\/\/sublimationsoinsexperts.com\/index.php\/product\/pilulier-journalier-medi-7-trio-blanc-3-en-1\/\" \/>\n<meta property=\"og:locale\" content=\"fr_FR\" \/>\n<meta property=\"og:type\" content=\"article\" \/>\n<meta property=\"og:title\" content=\"Pilulier journalier Medi-7 Trio, blanc, 3 en 1. - Sublimation soins experts\" \/>\n<meta property=\"og:description\" content=\"\u2022 3 fonctions \u2022 Diviseur: placer les comprim\u00e9s dans le diviseur, fermer par une simple pression et extraire la quantit\u00e9 souhait\u00e9e par l\u2019ouverture lat\u00e9rale. \u2022 Concasseur: broyer le comprimer plac\u00e9 dans le compartiment cannel\u00e9 en fermant plusieurs fois la bo\u00eete jusqu\u2019\u00e0 obtention de la taille souhait\u00e9e. \u2022 Conservateur: les comprim\u00e9s peuvent \u00eatre conserv\u00e9s en toute [&hellip;]\" \/>\n<meta property=\"og:url\" content=\"https:\/\/sublimationsoinsexperts.com\/index.php\/product\/pilulier-journalier-medi-7-trio-blanc-3-en-1\/\" \/>\n<meta property=\"og:site_name\" content=\"Sublimation soins experts\" \/>\n<meta property=\"article:modified_time\" content=\"2024-03-27T16:27:17+00:00\" \/>\n<meta property=\"og:image\" content=\"http:\/\/sublimationsoinsexperts.com\/wp-content\/uploads\/2024\/02\/179.700_1-PILULIER-TRIO-3-EN-1.jpg\" \/>\n\t<meta property=\"og:image:width\" content=\"400\" \/>\n\t<meta property=\"og:image:height\" content=\"364\" \/>\n\t<meta property=\"og:image:type\" content=\"image\/jpeg\" \/>\n<meta name=\"twitter:card\" content=\"summary_large_image\" \/>\n<meta name=\"twitter:label1\" content=\"Dur\u00e9e de lecture estim\u00e9e\" \/>\n\t<meta name=\"twitter:data1\" content=\"1 minute\" \/>\n<script type=\"application\/ld+json\" class=\"yoast-schema-graph\">{\"@context\":\"https:\\\/\\\/schema.org\",\"@graph\":[{\"@type\":\"WebPage\",\"@id\":\"https:\\\/\\\/sublimationsoinsexperts.com\\\/index.php\\\/product\\\/pilulier-journalier-medi-7-trio-blanc-3-en-1\\\/\",\"url\":\"https:\\\/\\\/sublimationsoinsexperts.com\\\/index.php\\\/product\\\/pilulier-journalier-medi-7-trio-blanc-3-en-1\\\/\",\"name\":\"Pilulier journalier Medi-7 Trio, blanc, 3 en 1. - Sublimation soins experts\",\"isPartOf\":{\"@id\":\"https:\\\/\\\/sublimationsoinsexperts.com\\\/#website\"},\"primaryImageOfPage\":{\"@id\":\"https:\\\/\\\/sublimationsoinsexperts.com\\\/index.php\\\/product\\\/pilulier-journalier-medi-7-trio-blanc-3-en-1\\\/#primaryimage\"},\"image\":{\"@id\":\"https:\\\/\\\/sublimationsoinsexperts.com\\\/index.php\\\/product\\\/pilulier-journalier-medi-7-trio-blanc-3-en-1\\\/#primaryimage\"},\"thumbnailUrl\":\"https:\\\/\\\/sublimationsoinsexperts.com\\\/wp-content\\\/uploads\\\/2024\\\/02\\\/179.700_1-PILULIER-TRIO-3-EN-1.jpg\",\"datePublished\":\"2024-02-18T19:57:42+00:00\",\"dateModified\":\"2024-03-27T16:27:17+00:00\",\"breadcrumb\":{\"@id\":\"https:\\\/\\\/sublimationsoinsexperts.com\\\/index.php\\\/product\\\/pilulier-journalier-medi-7-trio-blanc-3-en-1\\\/#breadcrumb\"},\"inLanguage\":\"fr-FR\",\"potentialAction\":[{\"@type\":\"ReadAction\",\"target\":[\"https:\\\/\\\/sublimationsoinsexperts.com\\\/index.php\\\/product\\\/pilulier-journalier-medi-7-trio-blanc-3-en-1\\\/\"]}]},{\"@type\":\"ImageObject\",\"inLanguage\":\"fr-FR\",\"@id\":\"https:\\\/\\\/sublimationsoinsexperts.com\\\/index.php\\\/product\\\/pilulier-journalier-medi-7-trio-blanc-3-en-1\\\/#primaryimage\",\"url\":\"https:\\\/\\\/sublimationsoinsexperts.com\\\/wp-content\\\/uploads\\\/2024\\\/02\\\/179.700_1-PILULIER-TRIO-3-EN-1.jpg\",\"contentUrl\":\"https:\\\/\\\/sublimationsoinsexperts.com\\\/wp-content\\\/uploads\\\/2024\\\/02\\\/179.700_1-PILULIER-TRIO-3-EN-1.jpg\",\"width\":400,\"height\":364},{\"@type\":\"BreadcrumbList\",\"@id\":\"https:\\\/\\\/sublimationsoinsexperts.com\\\/index.php\\\/product\\\/pilulier-journalier-medi-7-trio-blanc-3-en-1\\\/#breadcrumb\",\"itemListElement\":[{\"@type\":\"ListItem\",\"position\":1,\"name\":\"Accueil\",\"item\":\"https:\\\/\\\/sublimationsoinsexperts.com\\\/\"},{\"@type\":\"ListItem\",\"position\":2,\"name\":\"Shop\",\"item\":\"https:\\\/\\\/sublimationsoinsexperts.com\\\/index.php\\\/shop\\\/\"},{\"@type\":\"ListItem\",\"position\":3,\"name\":\"Pilulier journalier Medi-7 Trio, blanc, 3 en 1.\"}]},{\"@type\":\"WebSite\",\"@id\":\"https:\\\/\\\/sublimationsoinsexperts.com\\\/#website\",\"url\":\"https:\\\/\\\/sublimationsoinsexperts.com\\\/\",\"name\":\"Sublimation soins experts\",\"description\":\"\",\"potentialAction\":[{\"@type\":\"SearchAction\",\"target\":{\"@type\":\"EntryPoint\",\"urlTemplate\":\"https:\\\/\\\/sublimationsoinsexperts.com\\\/?s={search_term_string}\"},\"query-input\":{\"@type\":\"PropertyValueSpecification\",\"valueRequired\":true,\"valueName\":\"search_term_string\"}}],\"inLanguage\":\"fr-FR\"}]}<\/script>\n<!-- \/ Yoast SEO plugin. -->","yoast_head_json":{"title":"Pilulier journalier Medi-7 Trio, blanc, 3 en 1. - Sublimation soins experts","robots":{"index":"index","follow":"follow","max-snippet":"max-snippet:-1","max-image-preview":"max-image-preview:large","max-video-preview":"max-video-preview:-1"},"canonical":"https:\/\/sublimationsoinsexperts.com\/index.php\/product\/pilulier-journalier-medi-7-trio-blanc-3-en-1\/","og_locale":"fr_FR","og_type":"article","og_title":"Pilulier journalier Medi-7 Trio, blanc, 3 en 1. - Sublimation soins experts","og_description":"\u2022 3 fonctions \u2022 Diviseur: placer les comprim\u00e9s dans le diviseur, fermer par une simple pression et extraire la quantit\u00e9 souhait\u00e9e par l\u2019ouverture lat\u00e9rale. \u2022 Concasseur: broyer le comprimer plac\u00e9 dans le compartiment cannel\u00e9 en fermant plusieurs fois la bo\u00eete jusqu\u2019\u00e0 obtention de la taille souhait\u00e9e. \u2022 Conservateur: les comprim\u00e9s peuvent \u00eatre conserv\u00e9s en toute [&hellip;]","og_url":"https:\/\/sublimationsoinsexperts.com\/index.php\/product\/pilulier-journalier-medi-7-trio-blanc-3-en-1\/","og_site_name":"Sublimation soins experts","article_modified_time":"2024-03-27T16:27:17+00:00","og_image":[{"width":400,"height":364,"url":"http:\/\/sublimationsoinsexperts.com\/wp-content\/uploads\/2024\/02\/179.700_1-PILULIER-TRIO-3-EN-1.jpg","type":"image\/jpeg"}],"twitter_card":"summary_large_image","twitter_misc":{"Dur\u00e9e de lecture estim\u00e9e":"1 minute"},"schema":{"@context":"https:\/\/schema.org","@graph":[{"@type":"WebPage","@id":"https:\/\/sublimationsoinsexperts.com\/index.php\/product\/pilulier-journalier-medi-7-trio-blanc-3-en-1\/","url":"https:\/\/sublimationsoinsexperts.com\/index.php\/product\/pilulier-journalier-medi-7-trio-blanc-3-en-1\/","name":"Pilulier journalier Medi-7 Trio, blanc, 3 en 1. - Sublimation soins experts","isPartOf":{"@id":"https:\/\/sublimationsoinsexperts.com\/#website"},"primaryImageOfPage":{"@id":"https:\/\/sublimationsoinsexperts.com\/index.php\/product\/pilulier-journalier-medi-7-trio-blanc-3-en-1\/#primaryimage"},"image":{"@id":"https:\/\/sublimationsoinsexperts.com\/index.php\/product\/pilulier-journalier-medi-7-trio-blanc-3-en-1\/#primaryimage"},"thumbnailUrl":"https:\/\/sublimationsoinsexperts.com\/wp-content\/uploads\/2024\/02\/179.700_1-PILULIER-TRIO-3-EN-1.jpg","datePublished":"2024-02-18T19:57:42+00:00","dateModified":"2024-03-27T16:27:17+00:00","breadcrumb":{"@id":"https:\/\/sublimationsoinsexperts.com\/index.php\/product\/pilulier-journalier-medi-7-trio-blanc-3-en-1\/#breadcrumb"},"inLanguage":"fr-FR","potentialAction":[{"@type":"ReadAction","target":["https:\/\/sublimationsoinsexperts.com\/index.php\/product\/pilulier-journalier-medi-7-trio-blanc-3-en-1\/"]}]},{"@type":"ImageObject","inLanguage":"fr-FR","@id":"https:\/\/sublimationsoinsexperts.com\/index.php\/product\/pilulier-journalier-medi-7-trio-blanc-3-en-1\/#primaryimage","url":"https:\/\/sublimationsoinsexperts.com\/wp-content\/uploads\/2024\/02\/179.700_1-PILULIER-TRIO-3-EN-1.jpg","contentUrl":"https:\/\/sublimationsoinsexperts.com\/wp-content\/uploads\/2024\/02\/179.700_1-PILULIER-TRIO-3-EN-1.jpg","width":400,"height":364},{"@type":"BreadcrumbList","@id":"https:\/\/sublimationsoinsexperts.com\/index.php\/product\/pilulier-journalier-medi-7-trio-blanc-3-en-1\/#breadcrumb","itemListElement":[{"@type":"ListItem","position":1,"name":"Accueil","item":"https:\/\/sublimationsoinsexperts.com\/"},{"@type":"ListItem","position":2,"name":"Shop","item":"https:\/\/sublimationsoinsexperts.com\/index.php\/shop\/"},{"@type":"ListItem","position":3,"name":"Pilulier journalier Medi-7 Trio, blanc, 3 en 1."}]},{"@type":"WebSite","@id":"https:\/\/sublimationsoinsexperts.com\/#website","url":"https:\/\/sublimationsoinsexperts.com\/","name":"Sublimation soins experts","description":"","potentialAction":[{"@type":"SearchAction","target":{"@type":"EntryPoint","urlTemplate":"https:\/\/sublimationsoinsexperts.com\/?s={search_term_string}"},"query-input":{"@type":"PropertyValueSpecification","valueRequired":true,"valueName":"search_term_string"}}],"inLanguage":"fr-FR"}]}},"_links":{"self":[{"href":"https:\/\/sublimationsoinsexperts.com\/index.php\/wp-json\/wp\/v2\/product\/2308","targetHints":{"allow":["GET"]}}],"collection":[{"href":"https:\/\/sublimationsoinsexperts.com\/index.php\/wp-json\/wp\/v2\/product"}],"about":[{"href":"https:\/\/sublimationsoinsexperts.com\/index.php\/wp-json\/wp\/v2\/types\/product"}],"replies":[{"embeddable":true,"href":"https:\/\/sublimationsoinsexperts.com\/index.php\/wp-json\/wp\/v2\/comments?post=2308"}],"wp:featuredmedia":[{"embeddable":true,"href":"https:\/\/sublimationsoinsexperts.com\/index.php\/wp-json\/wp\/v2\/media\/2309"}],"wp:attachment":[{"href":"https:\/\/sublimationsoinsexperts.com\/index.php\/wp-json\/wp\/v2\/media?parent=2308"}],"wp:term":[{"taxonomy":"product_brand","embeddable":true,"href":"https:\/\/sublimationsoinsexperts.com\/index.php\/wp-json\/wp\/v2\/product_brand?post=2308"},{"taxonomy":"product_cat","embeddable":true,"href":"https:\/\/sublimationsoinsexperts.com\/index.php\/wp-json\/wp\/v2\/product_cat?post=2308"},{"taxonomy":"product_tag","embeddable":true,"href":"https:\/\/sublimationsoinsexperts.com\/index.php\/wp-json\/wp\/v2\/product_tag?post=2308"}],"curies":[{"name":"wp","href":"https:\/\/api.w.org\/{rel}","templated":true}]}}