{"id":2429,"date":"2024-03-19T20:42:02","date_gmt":"2024-03-19T20:42:02","guid":{"rendered":"https:\/\/sublimationsoinsexperts.com\/?post_type=product&#038;p=2429"},"modified":"2025-05-26T10:31:38","modified_gmt":"2025-05-26T09:31:38","slug":"removes-wipes-boite-de-50","status":"publish","type":"product","link":"https:\/\/sublimationsoinsexperts.com\/index.php\/product\/removes-wipes-boite-de-50\/","title":{"rendered":"Removes Wipes (Bo\u00eete de 50)"},"content":{"rendered":"<p>\u2022 Description:<br \/>\n&#8211; Tampon imbib\u00e9 d\u2019une solution qui dissout les r\u00e9sidus adh\u00e9sifs<br \/>\n&#8211; Facilite le retrait des pansements adh\u00e9sifs<br \/>\n&#8211; Retrait indolore de l\u2019adh\u00e9sif m\u00e9dical<br \/>\n&#8211; Utilisation s\u00fbre : non irritant, non sensibilisant et non toxique<br \/>\n&#8211; Maintient l\u2019int\u00e9grit\u00e9 cutan\u00e9e<br \/>\n&#8211; Respecte l\u2019environnement<br \/>\n\u2022 Indication:<br \/>\n&#8211; Retrait des pansements adh\u00e9sifs<br \/>\n&#8211; Nettoyage des r\u00e9sidus d\u2019adh\u00e9sifs acryliques ou \u00e0 base de latex<\/p>\n","protected":false},"excerpt":{"rendered":"<p>\u2022 Description: &#8211; Tampon imbib\u00e9 d\u2019une solution qui dissout les r\u00e9sidus adh\u00e9sifs &#8211; Facilite le retrait des pansements adh\u00e9sifs &#8211; Retrait indolore de l\u2019adh\u00e9sif m\u00e9dical &#8211; Utilisation s\u00fbre : non irritant, non sensibilisant et non toxique &#8211; Maintient l\u2019int\u00e9grit\u00e9 cutan\u00e9e &#8211; Respecte l\u2019environnement \u2022 Indication: &#8211; Retrait des pansements adh\u00e9sifs &#8211; Nettoyage des r\u00e9sidus d\u2019adh\u00e9sifs [&hellip;]<\/p>\n","protected":false},"featured_media":2430,"comment_status":"open","ping_status":"closed","template":"","meta":[],"product_brand":[],"product_cat":[147,17],"product_tag":[],"class_list":{"0":"post-2429","1":"product","2":"type-product","3":"status-publish","4":"has-post-thumbnail","6":"product_cat-retrait-du-pansement","7":"product_cat-soin","9":"first","10":"instock","11":"shipping-taxable","12":"purchasable","13":"product-type-simple"},"yoast_head":"<!-- This site is optimized with the Yoast SEO plugin v27.3 - https:\/\/yoast.com\/product\/yoast-seo-wordpress\/ -->\n<title>Removes Wipes (Bo\u00eete de 50) - Sublimation soins experts<\/title>\n<meta name=\"robots\" content=\"index, follow, max-snippet:-1, max-image-preview:large, max-video-preview:-1\" \/>\n<link rel=\"canonical\" href=\"https:\/\/sublimationsoinsexperts.com\/index.php\/product\/removes-wipes-boite-de-50\/\" \/>\n<meta property=\"og:locale\" content=\"fr_FR\" \/>\n<meta property=\"og:type\" content=\"article\" \/>\n<meta property=\"og:title\" content=\"Removes Wipes (Bo\u00eete de 50) - Sublimation soins experts\" \/>\n<meta property=\"og:description\" content=\"\u2022 Description: &#8211; Tampon imbib\u00e9 d\u2019une solution qui dissout les r\u00e9sidus adh\u00e9sifs &#8211; Facilite le retrait des pansements adh\u00e9sifs &#8211; Retrait indolore de l\u2019adh\u00e9sif m\u00e9dical &#8211; Utilisation s\u00fbre : non irritant, non sensibilisant et non toxique &#8211; Maintient l\u2019int\u00e9grit\u00e9 cutan\u00e9e &#8211; Respecte l\u2019environnement \u2022 Indication: &#8211; Retrait des pansements adh\u00e9sifs &#8211; Nettoyage des r\u00e9sidus d\u2019adh\u00e9sifs [&hellip;]\" \/>\n<meta property=\"og:url\" content=\"https:\/\/sublimationsoinsexperts.com\/index.php\/product\/removes-wipes-boite-de-50\/\" \/>\n<meta property=\"og:site_name\" content=\"Sublimation soins experts\" \/>\n<meta property=\"article:modified_time\" content=\"2025-05-26T09:31:38+00:00\" \/>\n<meta property=\"og:image\" content=\"http:\/\/sublimationsoinsexperts.com\/wp-content\/uploads\/2024\/03\/S206.120_-REMOVE-WIPES.jpg\" \/>\n\t<meta property=\"og:image:width\" content=\"400\" \/>\n\t<meta property=\"og:image:height\" content=\"400\" \/>\n\t<meta property=\"og:image:type\" content=\"image\/jpeg\" \/>\n<meta name=\"twitter:card\" content=\"summary_large_image\" \/>\n<meta name=\"twitter:label1\" content=\"Dur\u00e9e de lecture estim\u00e9e\" \/>\n\t<meta name=\"twitter:data1\" content=\"1 minute\" \/>\n<script type=\"application\/ld+json\" class=\"yoast-schema-graph\">{\"@context\":\"https:\\\/\\\/schema.org\",\"@graph\":[{\"@type\":\"WebPage\",\"@id\":\"https:\\\/\\\/sublimationsoinsexperts.com\\\/index.php\\\/product\\\/removes-wipes-boite-de-50\\\/\",\"url\":\"https:\\\/\\\/sublimationsoinsexperts.com\\\/index.php\\\/product\\\/removes-wipes-boite-de-50\\\/\",\"name\":\"Removes Wipes (Bo\u00eete de 50) - Sublimation soins experts\",\"isPartOf\":{\"@id\":\"https:\\\/\\\/sublimationsoinsexperts.com\\\/#website\"},\"primaryImageOfPage\":{\"@id\":\"https:\\\/\\\/sublimationsoinsexperts.com\\\/index.php\\\/product\\\/removes-wipes-boite-de-50\\\/#primaryimage\"},\"image\":{\"@id\":\"https:\\\/\\\/sublimationsoinsexperts.com\\\/index.php\\\/product\\\/removes-wipes-boite-de-50\\\/#primaryimage\"},\"thumbnailUrl\":\"https:\\\/\\\/sublimationsoinsexperts.com\\\/wp-content\\\/uploads\\\/2024\\\/03\\\/S206.120_-REMOVE-WIPES.jpg\",\"datePublished\":\"2024-03-19T20:42:02+00:00\",\"dateModified\":\"2025-05-26T09:31:38+00:00\",\"breadcrumb\":{\"@id\":\"https:\\\/\\\/sublimationsoinsexperts.com\\\/index.php\\\/product\\\/removes-wipes-boite-de-50\\\/#breadcrumb\"},\"inLanguage\":\"fr-FR\",\"potentialAction\":[{\"@type\":\"ReadAction\",\"target\":[\"https:\\\/\\\/sublimationsoinsexperts.com\\\/index.php\\\/product\\\/removes-wipes-boite-de-50\\\/\"]}]},{\"@type\":\"ImageObject\",\"inLanguage\":\"fr-FR\",\"@id\":\"https:\\\/\\\/sublimationsoinsexperts.com\\\/index.php\\\/product\\\/removes-wipes-boite-de-50\\\/#primaryimage\",\"url\":\"https:\\\/\\\/sublimationsoinsexperts.com\\\/wp-content\\\/uploads\\\/2024\\\/03\\\/S206.120_-REMOVE-WIPES.jpg\",\"contentUrl\":\"https:\\\/\\\/sublimationsoinsexperts.com\\\/wp-content\\\/uploads\\\/2024\\\/03\\\/S206.120_-REMOVE-WIPES.jpg\",\"width\":400,\"height\":400},{\"@type\":\"BreadcrumbList\",\"@id\":\"https:\\\/\\\/sublimationsoinsexperts.com\\\/index.php\\\/product\\\/removes-wipes-boite-de-50\\\/#breadcrumb\",\"itemListElement\":[{\"@type\":\"ListItem\",\"position\":1,\"name\":\"Accueil\",\"item\":\"https:\\\/\\\/sublimationsoinsexperts.com\\\/\"},{\"@type\":\"ListItem\",\"position\":2,\"name\":\"Shop\",\"item\":\"https:\\\/\\\/sublimationsoinsexperts.com\\\/index.php\\\/shop\\\/\"},{\"@type\":\"ListItem\",\"position\":3,\"name\":\"Removes Wipes (Bo\u00eete de 50)\"}]},{\"@type\":\"WebSite\",\"@id\":\"https:\\\/\\\/sublimationsoinsexperts.com\\\/#website\",\"url\":\"https:\\\/\\\/sublimationsoinsexperts.com\\\/\",\"name\":\"Sublimation soins experts\",\"description\":\"\",\"potentialAction\":[{\"@type\":\"SearchAction\",\"target\":{\"@type\":\"EntryPoint\",\"urlTemplate\":\"https:\\\/\\\/sublimationsoinsexperts.com\\\/?s={search_term_string}\"},\"query-input\":{\"@type\":\"PropertyValueSpecification\",\"valueRequired\":true,\"valueName\":\"search_term_string\"}}],\"inLanguage\":\"fr-FR\"}]}<\/script>\n<!-- \/ Yoast SEO plugin. -->","yoast_head_json":{"title":"Removes Wipes (Bo\u00eete de 50) - Sublimation soins experts","robots":{"index":"index","follow":"follow","max-snippet":"max-snippet:-1","max-image-preview":"max-image-preview:large","max-video-preview":"max-video-preview:-1"},"canonical":"https:\/\/sublimationsoinsexperts.com\/index.php\/product\/removes-wipes-boite-de-50\/","og_locale":"fr_FR","og_type":"article","og_title":"Removes Wipes (Bo\u00eete de 50) - Sublimation soins experts","og_description":"\u2022 Description: &#8211; Tampon imbib\u00e9 d\u2019une solution qui dissout les r\u00e9sidus adh\u00e9sifs &#8211; Facilite le retrait des pansements adh\u00e9sifs &#8211; Retrait indolore de l\u2019adh\u00e9sif m\u00e9dical &#8211; Utilisation s\u00fbre : non irritant, non sensibilisant et non toxique &#8211; Maintient l\u2019int\u00e9grit\u00e9 cutan\u00e9e &#8211; Respecte l\u2019environnement \u2022 Indication: &#8211; Retrait des pansements adh\u00e9sifs &#8211; Nettoyage des r\u00e9sidus d\u2019adh\u00e9sifs [&hellip;]","og_url":"https:\/\/sublimationsoinsexperts.com\/index.php\/product\/removes-wipes-boite-de-50\/","og_site_name":"Sublimation soins experts","article_modified_time":"2025-05-26T09:31:38+00:00","og_image":[{"width":400,"height":400,"url":"http:\/\/sublimationsoinsexperts.com\/wp-content\/uploads\/2024\/03\/S206.120_-REMOVE-WIPES.jpg","type":"image\/jpeg"}],"twitter_card":"summary_large_image","twitter_misc":{"Dur\u00e9e de lecture estim\u00e9e":"1 minute"},"schema":{"@context":"https:\/\/schema.org","@graph":[{"@type":"WebPage","@id":"https:\/\/sublimationsoinsexperts.com\/index.php\/product\/removes-wipes-boite-de-50\/","url":"https:\/\/sublimationsoinsexperts.com\/index.php\/product\/removes-wipes-boite-de-50\/","name":"Removes Wipes (Bo\u00eete de 50) - Sublimation soins experts","isPartOf":{"@id":"https:\/\/sublimationsoinsexperts.com\/#website"},"primaryImageOfPage":{"@id":"https:\/\/sublimationsoinsexperts.com\/index.php\/product\/removes-wipes-boite-de-50\/#primaryimage"},"image":{"@id":"https:\/\/sublimationsoinsexperts.com\/index.php\/product\/removes-wipes-boite-de-50\/#primaryimage"},"thumbnailUrl":"https:\/\/sublimationsoinsexperts.com\/wp-content\/uploads\/2024\/03\/S206.120_-REMOVE-WIPES.jpg","datePublished":"2024-03-19T20:42:02+00:00","dateModified":"2025-05-26T09:31:38+00:00","breadcrumb":{"@id":"https:\/\/sublimationsoinsexperts.com\/index.php\/product\/removes-wipes-boite-de-50\/#breadcrumb"},"inLanguage":"fr-FR","potentialAction":[{"@type":"ReadAction","target":["https:\/\/sublimationsoinsexperts.com\/index.php\/product\/removes-wipes-boite-de-50\/"]}]},{"@type":"ImageObject","inLanguage":"fr-FR","@id":"https:\/\/sublimationsoinsexperts.com\/index.php\/product\/removes-wipes-boite-de-50\/#primaryimage","url":"https:\/\/sublimationsoinsexperts.com\/wp-content\/uploads\/2024\/03\/S206.120_-REMOVE-WIPES.jpg","contentUrl":"https:\/\/sublimationsoinsexperts.com\/wp-content\/uploads\/2024\/03\/S206.120_-REMOVE-WIPES.jpg","width":400,"height":400},{"@type":"BreadcrumbList","@id":"https:\/\/sublimationsoinsexperts.com\/index.php\/product\/removes-wipes-boite-de-50\/#breadcrumb","itemListElement":[{"@type":"ListItem","position":1,"name":"Accueil","item":"https:\/\/sublimationsoinsexperts.com\/"},{"@type":"ListItem","position":2,"name":"Shop","item":"https:\/\/sublimationsoinsexperts.com\/index.php\/shop\/"},{"@type":"ListItem","position":3,"name":"Removes Wipes (Bo\u00eete de 50)"}]},{"@type":"WebSite","@id":"https:\/\/sublimationsoinsexperts.com\/#website","url":"https:\/\/sublimationsoinsexperts.com\/","name":"Sublimation soins experts","description":"","potentialAction":[{"@type":"SearchAction","target":{"@type":"EntryPoint","urlTemplate":"https:\/\/sublimationsoinsexperts.com\/?s={search_term_string}"},"query-input":{"@type":"PropertyValueSpecification","valueRequired":true,"valueName":"search_term_string"}}],"inLanguage":"fr-FR"}]}},"_links":{"self":[{"href":"https:\/\/sublimationsoinsexperts.com\/index.php\/wp-json\/wp\/v2\/product\/2429","targetHints":{"allow":["GET"]}}],"collection":[{"href":"https:\/\/sublimationsoinsexperts.com\/index.php\/wp-json\/wp\/v2\/product"}],"about":[{"href":"https:\/\/sublimationsoinsexperts.com\/index.php\/wp-json\/wp\/v2\/types\/product"}],"replies":[{"embeddable":true,"href":"https:\/\/sublimationsoinsexperts.com\/index.php\/wp-json\/wp\/v2\/comments?post=2429"}],"wp:featuredmedia":[{"embeddable":true,"href":"https:\/\/sublimationsoinsexperts.com\/index.php\/wp-json\/wp\/v2\/media\/2430"}],"wp:attachment":[{"href":"https:\/\/sublimationsoinsexperts.com\/index.php\/wp-json\/wp\/v2\/media?parent=2429"}],"wp:term":[{"taxonomy":"product_brand","embeddable":true,"href":"https:\/\/sublimationsoinsexperts.com\/index.php\/wp-json\/wp\/v2\/product_brand?post=2429"},{"taxonomy":"product_cat","embeddable":true,"href":"https:\/\/sublimationsoinsexperts.com\/index.php\/wp-json\/wp\/v2\/product_cat?post=2429"},{"taxonomy":"product_tag","embeddable":true,"href":"https:\/\/sublimationsoinsexperts.com\/index.php\/wp-json\/wp\/v2\/product_tag?post=2429"}],"curies":[{"name":"wp","href":"https:\/\/api.w.org\/{rel}","templated":true}]}}