{"id":2458,"date":"2024-03-21T13:22:25","date_gmt":"2024-03-21T13:22:25","guid":{"rendered":"https:\/\/sublimationsoinsexperts.com\/?post_type=product&#038;p=2458"},"modified":"2025-06-02T11:07:20","modified_gmt":"2025-06-02T10:07:20","slug":"gohy-form-light-paquet-de-12","status":"publish","type":"product","link":"https:\/\/sublimationsoinsexperts.com\/index.php\/product\/gohy-form-light-paquet-de-12\/","title":{"rendered":"GOHY FORM Light (Paquet de 12)"},"content":{"rendered":"<p>\u2022 Un non-tiss\u00e9 plus doux, hypo-allerg\u00e9nique, procurant confort et bien-\u00eatre.<br \/>\n\u2022 Barri\u00e8res anti-fuites int\u00e9grales hautes.<br \/>\n\u2022 Face ext\u00e9rieure textile back sheet, toucher coton silencieux.<br \/>\n\u2022 Utilisation de super absorbant qui pr\u00e9vient la formation d\u2019odeur (odour free) et maintient le pH neutre.<br \/>\n\u2022 Produit sans latex.<br \/>\n\u2022 Bande adh\u00e9sive silicon\u00e9e.<\/p>\n<p>&nbsp;<\/p>\n<p>REF 151<\/p>\n","protected":false},"excerpt":{"rendered":"<p>\u2022 Un non-tiss\u00e9 plus doux, hypo-allerg\u00e9nique, procurant confort et bien-\u00eatre. \u2022 Barri\u00e8res anti-fuites int\u00e9grales hautes. \u2022 Face ext\u00e9rieure textile back sheet, toucher coton silencieux. \u2022 Utilisation de super absorbant qui pr\u00e9vient la formation d\u2019odeur (odour free) et maintient le pH neutre. \u2022 Produit sans latex. \u2022 Bande adh\u00e9sive silicon\u00e9e. &nbsp; REF 151<\/p>\n","protected":false},"featured_media":2473,"comment_status":"open","ping_status":"closed","template":"","meta":[],"product_brand":[],"product_cat":[16,51],"product_tag":[],"class_list":{"0":"post-2458","1":"product","2":"type-product","3":"status-publish","4":"has-post-thumbnail","6":"product_cat-incontinence","7":"product_cat-protection-mixte","9":"first","10":"instock","11":"shipping-taxable","12":"purchasable","13":"product-type-variable"},"yoast_head":"<!-- This site is optimized with the Yoast SEO plugin v27.4 - https:\/\/yoast.com\/product\/yoast-seo-wordpress\/ -->\n<title>GOHY FORM Light (Paquet de 12) - Sublimation soins experts<\/title>\n<meta name=\"robots\" content=\"index, follow, max-snippet:-1, max-image-preview:large, max-video-preview:-1\" \/>\n<link rel=\"canonical\" href=\"https:\/\/sublimationsoinsexperts.com\/index.php\/product\/gohy-form-light-paquet-de-12\/\" \/>\n<meta property=\"og:locale\" content=\"fr_FR\" \/>\n<meta property=\"og:type\" content=\"article\" \/>\n<meta property=\"og:title\" content=\"GOHY FORM Light (Paquet de 12) - Sublimation soins experts\" \/>\n<meta property=\"og:description\" content=\"\u2022 Un non-tiss\u00e9 plus doux, hypo-allerg\u00e9nique, procurant confort et bien-\u00eatre. \u2022 Barri\u00e8res anti-fuites int\u00e9grales hautes. \u2022 Face ext\u00e9rieure textile back sheet, toucher coton silencieux. \u2022 Utilisation de super absorbant qui pr\u00e9vient la formation d\u2019odeur (odour free) et maintient le pH neutre. \u2022 Produit sans latex. \u2022 Bande adh\u00e9sive silicon\u00e9e. &nbsp; REF 151\" \/>\n<meta property=\"og:url\" content=\"https:\/\/sublimationsoinsexperts.com\/index.php\/product\/gohy-form-light-paquet-de-12\/\" \/>\n<meta property=\"og:site_name\" content=\"Sublimation soins experts\" \/>\n<meta property=\"article:modified_time\" content=\"2025-06-02T10:07:20+00:00\" \/>\n<meta property=\"og:image\" content=\"http:\/\/sublimationsoinsexperts.com\/wp-content\/uploads\/2024\/03\/151_GOHY-FORM-Light.jpg\" \/>\n\t<meta property=\"og:image:width\" content=\"400\" \/>\n\t<meta property=\"og:image:height\" content=\"250\" \/>\n\t<meta property=\"og:image:type\" content=\"image\/jpeg\" \/>\n<meta name=\"twitter:card\" content=\"summary_large_image\" \/>\n<meta name=\"twitter:label1\" content=\"Dur\u00e9e de lecture estim\u00e9e\" \/>\n\t<meta name=\"twitter:data1\" content=\"1 minute\" \/>\n<script type=\"application\/ld+json\" class=\"yoast-schema-graph\">{\"@context\":\"https:\\\/\\\/schema.org\",\"@graph\":[{\"@type\":\"WebPage\",\"@id\":\"https:\\\/\\\/sublimationsoinsexperts.com\\\/index.php\\\/product\\\/gohy-form-light-paquet-de-12\\\/\",\"url\":\"https:\\\/\\\/sublimationsoinsexperts.com\\\/index.php\\\/product\\\/gohy-form-light-paquet-de-12\\\/\",\"name\":\"GOHY FORM Light (Paquet de 12) - Sublimation soins experts\",\"isPartOf\":{\"@id\":\"https:\\\/\\\/sublimationsoinsexperts.com\\\/#website\"},\"primaryImageOfPage\":{\"@id\":\"https:\\\/\\\/sublimationsoinsexperts.com\\\/index.php\\\/product\\\/gohy-form-light-paquet-de-12\\\/#primaryimage\"},\"image\":{\"@id\":\"https:\\\/\\\/sublimationsoinsexperts.com\\\/index.php\\\/product\\\/gohy-form-light-paquet-de-12\\\/#primaryimage\"},\"thumbnailUrl\":\"https:\\\/\\\/sublimationsoinsexperts.com\\\/wp-content\\\/uploads\\\/2024\\\/03\\\/151_GOHY-FORM-Light.jpg\",\"datePublished\":\"2024-03-21T13:22:25+00:00\",\"dateModified\":\"2025-06-02T10:07:20+00:00\",\"breadcrumb\":{\"@id\":\"https:\\\/\\\/sublimationsoinsexperts.com\\\/index.php\\\/product\\\/gohy-form-light-paquet-de-12\\\/#breadcrumb\"},\"inLanguage\":\"fr-FR\",\"potentialAction\":[{\"@type\":\"ReadAction\",\"target\":[\"https:\\\/\\\/sublimationsoinsexperts.com\\\/index.php\\\/product\\\/gohy-form-light-paquet-de-12\\\/\"]}]},{\"@type\":\"ImageObject\",\"inLanguage\":\"fr-FR\",\"@id\":\"https:\\\/\\\/sublimationsoinsexperts.com\\\/index.php\\\/product\\\/gohy-form-light-paquet-de-12\\\/#primaryimage\",\"url\":\"https:\\\/\\\/sublimationsoinsexperts.com\\\/wp-content\\\/uploads\\\/2024\\\/03\\\/151_GOHY-FORM-Light.jpg\",\"contentUrl\":\"https:\\\/\\\/sublimationsoinsexperts.com\\\/wp-content\\\/uploads\\\/2024\\\/03\\\/151_GOHY-FORM-Light.jpg\",\"width\":400,\"height\":250},{\"@type\":\"BreadcrumbList\",\"@id\":\"https:\\\/\\\/sublimationsoinsexperts.com\\\/index.php\\\/product\\\/gohy-form-light-paquet-de-12\\\/#breadcrumb\",\"itemListElement\":[{\"@type\":\"ListItem\",\"position\":1,\"name\":\"Accueil\",\"item\":\"https:\\\/\\\/sublimationsoinsexperts.com\\\/\"},{\"@type\":\"ListItem\",\"position\":2,\"name\":\"Shop\",\"item\":\"https:\\\/\\\/sublimationsoinsexperts.com\\\/index.php\\\/shop\\\/\"},{\"@type\":\"ListItem\",\"position\":3,\"name\":\"GOHY FORM Light (Paquet de 12)\"}]},{\"@type\":\"WebSite\",\"@id\":\"https:\\\/\\\/sublimationsoinsexperts.com\\\/#website\",\"url\":\"https:\\\/\\\/sublimationsoinsexperts.com\\\/\",\"name\":\"Sublimation soins experts\",\"description\":\"\",\"potentialAction\":[{\"@type\":\"SearchAction\",\"target\":{\"@type\":\"EntryPoint\",\"urlTemplate\":\"https:\\\/\\\/sublimationsoinsexperts.com\\\/?s={search_term_string}\"},\"query-input\":{\"@type\":\"PropertyValueSpecification\",\"valueRequired\":true,\"valueName\":\"search_term_string\"}}],\"inLanguage\":\"fr-FR\"}]}<\/script>\n<!-- \/ Yoast SEO plugin. -->","yoast_head_json":{"title":"GOHY FORM Light (Paquet de 12) - Sublimation soins experts","robots":{"index":"index","follow":"follow","max-snippet":"max-snippet:-1","max-image-preview":"max-image-preview:large","max-video-preview":"max-video-preview:-1"},"canonical":"https:\/\/sublimationsoinsexperts.com\/index.php\/product\/gohy-form-light-paquet-de-12\/","og_locale":"fr_FR","og_type":"article","og_title":"GOHY FORM Light (Paquet de 12) - Sublimation soins experts","og_description":"\u2022 Un non-tiss\u00e9 plus doux, hypo-allerg\u00e9nique, procurant confort et bien-\u00eatre. \u2022 Barri\u00e8res anti-fuites int\u00e9grales hautes. \u2022 Face ext\u00e9rieure textile back sheet, toucher coton silencieux. \u2022 Utilisation de super absorbant qui pr\u00e9vient la formation d\u2019odeur (odour free) et maintient le pH neutre. \u2022 Produit sans latex. \u2022 Bande adh\u00e9sive silicon\u00e9e. &nbsp; REF 151","og_url":"https:\/\/sublimationsoinsexperts.com\/index.php\/product\/gohy-form-light-paquet-de-12\/","og_site_name":"Sublimation soins experts","article_modified_time":"2025-06-02T10:07:20+00:00","og_image":[{"width":400,"height":250,"url":"http:\/\/sublimationsoinsexperts.com\/wp-content\/uploads\/2024\/03\/151_GOHY-FORM-Light.jpg","type":"image\/jpeg"}],"twitter_card":"summary_large_image","twitter_misc":{"Dur\u00e9e de lecture estim\u00e9e":"1 minute"},"schema":{"@context":"https:\/\/schema.org","@graph":[{"@type":"WebPage","@id":"https:\/\/sublimationsoinsexperts.com\/index.php\/product\/gohy-form-light-paquet-de-12\/","url":"https:\/\/sublimationsoinsexperts.com\/index.php\/product\/gohy-form-light-paquet-de-12\/","name":"GOHY FORM Light (Paquet de 12) - Sublimation soins experts","isPartOf":{"@id":"https:\/\/sublimationsoinsexperts.com\/#website"},"primaryImageOfPage":{"@id":"https:\/\/sublimationsoinsexperts.com\/index.php\/product\/gohy-form-light-paquet-de-12\/#primaryimage"},"image":{"@id":"https:\/\/sublimationsoinsexperts.com\/index.php\/product\/gohy-form-light-paquet-de-12\/#primaryimage"},"thumbnailUrl":"https:\/\/sublimationsoinsexperts.com\/wp-content\/uploads\/2024\/03\/151_GOHY-FORM-Light.jpg","datePublished":"2024-03-21T13:22:25+00:00","dateModified":"2025-06-02T10:07:20+00:00","breadcrumb":{"@id":"https:\/\/sublimationsoinsexperts.com\/index.php\/product\/gohy-form-light-paquet-de-12\/#breadcrumb"},"inLanguage":"fr-FR","potentialAction":[{"@type":"ReadAction","target":["https:\/\/sublimationsoinsexperts.com\/index.php\/product\/gohy-form-light-paquet-de-12\/"]}]},{"@type":"ImageObject","inLanguage":"fr-FR","@id":"https:\/\/sublimationsoinsexperts.com\/index.php\/product\/gohy-form-light-paquet-de-12\/#primaryimage","url":"https:\/\/sublimationsoinsexperts.com\/wp-content\/uploads\/2024\/03\/151_GOHY-FORM-Light.jpg","contentUrl":"https:\/\/sublimationsoinsexperts.com\/wp-content\/uploads\/2024\/03\/151_GOHY-FORM-Light.jpg","width":400,"height":250},{"@type":"BreadcrumbList","@id":"https:\/\/sublimationsoinsexperts.com\/index.php\/product\/gohy-form-light-paquet-de-12\/#breadcrumb","itemListElement":[{"@type":"ListItem","position":1,"name":"Accueil","item":"https:\/\/sublimationsoinsexperts.com\/"},{"@type":"ListItem","position":2,"name":"Shop","item":"https:\/\/sublimationsoinsexperts.com\/index.php\/shop\/"},{"@type":"ListItem","position":3,"name":"GOHY FORM Light (Paquet de 12)"}]},{"@type":"WebSite","@id":"https:\/\/sublimationsoinsexperts.com\/#website","url":"https:\/\/sublimationsoinsexperts.com\/","name":"Sublimation soins experts","description":"","potentialAction":[{"@type":"SearchAction","target":{"@type":"EntryPoint","urlTemplate":"https:\/\/sublimationsoinsexperts.com\/?s={search_term_string}"},"query-input":{"@type":"PropertyValueSpecification","valueRequired":true,"valueName":"search_term_string"}}],"inLanguage":"fr-FR"}]}},"_links":{"self":[{"href":"https:\/\/sublimationsoinsexperts.com\/index.php\/wp-json\/wp\/v2\/product\/2458","targetHints":{"allow":["GET"]}}],"collection":[{"href":"https:\/\/sublimationsoinsexperts.com\/index.php\/wp-json\/wp\/v2\/product"}],"about":[{"href":"https:\/\/sublimationsoinsexperts.com\/index.php\/wp-json\/wp\/v2\/types\/product"}],"replies":[{"embeddable":true,"href":"https:\/\/sublimationsoinsexperts.com\/index.php\/wp-json\/wp\/v2\/comments?post=2458"}],"wp:featuredmedia":[{"embeddable":true,"href":"https:\/\/sublimationsoinsexperts.com\/index.php\/wp-json\/wp\/v2\/media\/2473"}],"wp:attachment":[{"href":"https:\/\/sublimationsoinsexperts.com\/index.php\/wp-json\/wp\/v2\/media?parent=2458"}],"wp:term":[{"taxonomy":"product_brand","embeddable":true,"href":"https:\/\/sublimationsoinsexperts.com\/index.php\/wp-json\/wp\/v2\/product_brand?post=2458"},{"taxonomy":"product_cat","embeddable":true,"href":"https:\/\/sublimationsoinsexperts.com\/index.php\/wp-json\/wp\/v2\/product_cat?post=2458"},{"taxonomy":"product_tag","embeddable":true,"href":"https:\/\/sublimationsoinsexperts.com\/index.php\/wp-json\/wp\/v2\/product_tag?post=2458"}],"curies":[{"name":"wp","href":"https:\/\/api.w.org\/{rel}","templated":true}]}}