{"id":2570,"date":"2024-03-25T19:30:38","date_gmt":"2024-03-25T19:30:38","guid":{"rendered":"https:\/\/sublimationsoinsexperts.com\/?post_type=product&#038;p=2570"},"modified":"2024-03-26T14:14:37","modified_gmt":"2024-03-26T14:14:37","slug":"mallette-de-medecin-2","status":"publish","type":"product","link":"https:\/\/sublimationsoinsexperts.com\/index.php\/product\/mallette-de-medecin-2\/","title":{"rendered":"Mallette de m\u00e9decin"},"content":{"rendered":"<p>\u2022 Fabriqu\u00e9 en mat\u00e9riaux de haute r\u00e9sistance, c\u2019est l\u2019\u00e9l\u00e9ment essentiel et professionnel du travail du m\u00e9decin g\u00e9n\u00e9raliste, dans le cadre de ses visites \u00e0 domicile ou urgences.<br \/>\n\u2022 Poche frontale pour documents et porte-documents.Organisateur interne.<br \/>\n\u2022 Bretelles sac-\u00e0-dos dissimul\u00e9es.<br \/>\n\u2022 Mesures: 400 x 300 x 160 cm<br \/>\n\u2022 Capacit\u00e9: 18,96 L<br \/>\n\u2022 Poids: 2.50 kg<br \/>\n\u2022 Mat\u00e9riau: 300D Haute T\u00e9nacit\u00e9. Polyester deux tons. Lavable<br \/>\n\u2022 Couleur: noir<br \/>\n\u2022 Capacit\u00e9 max. recommand\u00e9e: 5 kg<\/p>\n<p>&nbsp;<\/p>\n<p>REF GOHY 032.200<\/p>\n","protected":false},"excerpt":{"rendered":"<p>\u2022 Fabriqu\u00e9 en mat\u00e9riaux de haute r\u00e9sistance, c\u2019est l\u2019\u00e9l\u00e9ment essentiel et professionnel du travail du m\u00e9decin g\u00e9n\u00e9raliste, dans le cadre de ses visites \u00e0 domicile ou urgences. \u2022 Poche frontale pour documents et porte-documents.Organisateur interne. \u2022 Bretelles sac-\u00e0-dos dissimul\u00e9es. \u2022 Mesures: 400 x 300 x 160 cm \u2022 Capacit\u00e9: 18,96 L \u2022 Poids: 2.50 kg [&hellip;]<\/p>\n","protected":false},"featured_media":2571,"comment_status":"open","ping_status":"closed","template":"","meta":[],"product_brand":[],"product_cat":[42,90],"product_tag":[],"class_list":{"0":"post-2570","1":"product","2":"type-product","3":"status-publish","4":"has-post-thumbnail","6":"product_cat-materiel-medical","7":"product_cat-sac-medical","9":"first","10":"instock","11":"shipping-taxable","12":"purchasable","13":"product-type-simple"},"yoast_head":"<!-- This site is optimized with the Yoast SEO plugin v27.5 - https:\/\/yoast.com\/product\/yoast-seo-wordpress\/ -->\n<title>Mallette de m\u00e9decin - Sublimation soins experts<\/title>\n<meta name=\"robots\" content=\"index, follow, max-snippet:-1, max-image-preview:large, max-video-preview:-1\" \/>\n<link rel=\"canonical\" href=\"https:\/\/sublimationsoinsexperts.com\/index.php\/product\/mallette-de-medecin-2\/\" \/>\n<meta property=\"og:locale\" content=\"fr_FR\" \/>\n<meta property=\"og:type\" content=\"article\" \/>\n<meta property=\"og:title\" content=\"Mallette de m\u00e9decin - Sublimation soins experts\" \/>\n<meta property=\"og:description\" content=\"\u2022 Fabriqu\u00e9 en mat\u00e9riaux de haute r\u00e9sistance, c\u2019est l\u2019\u00e9l\u00e9ment essentiel et professionnel du travail du m\u00e9decin g\u00e9n\u00e9raliste, dans le cadre de ses visites \u00e0 domicile ou urgences. \u2022 Poche frontale pour documents et porte-documents.Organisateur interne. \u2022 Bretelles sac-\u00e0-dos dissimul\u00e9es. \u2022 Mesures: 400 x 300 x 160 cm \u2022 Capacit\u00e9: 18,96 L \u2022 Poids: 2.50 kg [&hellip;]\" \/>\n<meta property=\"og:url\" content=\"https:\/\/sublimationsoinsexperts.com\/index.php\/product\/mallette-de-medecin-2\/\" \/>\n<meta property=\"og:site_name\" content=\"Sublimation soins experts\" \/>\n<meta property=\"article:modified_time\" content=\"2024-03-26T14:14:37+00:00\" \/>\n<meta property=\"og:image\" content=\"http:\/\/sublimationsoinsexperts.com\/wp-content\/uploads\/2024\/03\/032.200_1-Mallette-de-medecin.jpg\" \/>\n\t<meta property=\"og:image:width\" content=\"400\" \/>\n\t<meta property=\"og:image:height\" content=\"317\" \/>\n\t<meta property=\"og:image:type\" content=\"image\/jpeg\" \/>\n<meta name=\"twitter:card\" content=\"summary_large_image\" \/>\n<meta name=\"twitter:label1\" content=\"Dur\u00e9e de lecture estim\u00e9e\" \/>\n\t<meta name=\"twitter:data1\" content=\"1 minute\" \/>\n<script type=\"application\/ld+json\" class=\"yoast-schema-graph\">{\"@context\":\"https:\\\/\\\/schema.org\",\"@graph\":[{\"@type\":\"WebPage\",\"@id\":\"https:\\\/\\\/sublimationsoinsexperts.com\\\/index.php\\\/product\\\/mallette-de-medecin-2\\\/\",\"url\":\"https:\\\/\\\/sublimationsoinsexperts.com\\\/index.php\\\/product\\\/mallette-de-medecin-2\\\/\",\"name\":\"Mallette de m\u00e9decin - Sublimation soins experts\",\"isPartOf\":{\"@id\":\"https:\\\/\\\/sublimationsoinsexperts.com\\\/#website\"},\"primaryImageOfPage\":{\"@id\":\"https:\\\/\\\/sublimationsoinsexperts.com\\\/index.php\\\/product\\\/mallette-de-medecin-2\\\/#primaryimage\"},\"image\":{\"@id\":\"https:\\\/\\\/sublimationsoinsexperts.com\\\/index.php\\\/product\\\/mallette-de-medecin-2\\\/#primaryimage\"},\"thumbnailUrl\":\"https:\\\/\\\/sublimationsoinsexperts.com\\\/wp-content\\\/uploads\\\/2024\\\/03\\\/032.200_1-Mallette-de-medecin.jpg\",\"datePublished\":\"2024-03-25T19:30:38+00:00\",\"dateModified\":\"2024-03-26T14:14:37+00:00\",\"breadcrumb\":{\"@id\":\"https:\\\/\\\/sublimationsoinsexperts.com\\\/index.php\\\/product\\\/mallette-de-medecin-2\\\/#breadcrumb\"},\"inLanguage\":\"fr-FR\",\"potentialAction\":[{\"@type\":\"ReadAction\",\"target\":[\"https:\\\/\\\/sublimationsoinsexperts.com\\\/index.php\\\/product\\\/mallette-de-medecin-2\\\/\"]}]},{\"@type\":\"ImageObject\",\"inLanguage\":\"fr-FR\",\"@id\":\"https:\\\/\\\/sublimationsoinsexperts.com\\\/index.php\\\/product\\\/mallette-de-medecin-2\\\/#primaryimage\",\"url\":\"https:\\\/\\\/sublimationsoinsexperts.com\\\/wp-content\\\/uploads\\\/2024\\\/03\\\/032.200_1-Mallette-de-medecin.jpg\",\"contentUrl\":\"https:\\\/\\\/sublimationsoinsexperts.com\\\/wp-content\\\/uploads\\\/2024\\\/03\\\/032.200_1-Mallette-de-medecin.jpg\",\"width\":400,\"height\":317},{\"@type\":\"BreadcrumbList\",\"@id\":\"https:\\\/\\\/sublimationsoinsexperts.com\\\/index.php\\\/product\\\/mallette-de-medecin-2\\\/#breadcrumb\",\"itemListElement\":[{\"@type\":\"ListItem\",\"position\":1,\"name\":\"Accueil\",\"item\":\"https:\\\/\\\/sublimationsoinsexperts.com\\\/\"},{\"@type\":\"ListItem\",\"position\":2,\"name\":\"Shop\",\"item\":\"https:\\\/\\\/sublimationsoinsexperts.com\\\/index.php\\\/shop\\\/\"},{\"@type\":\"ListItem\",\"position\":3,\"name\":\"Mallette de m\u00e9decin\"}]},{\"@type\":\"WebSite\",\"@id\":\"https:\\\/\\\/sublimationsoinsexperts.com\\\/#website\",\"url\":\"https:\\\/\\\/sublimationsoinsexperts.com\\\/\",\"name\":\"Sublimation soins experts\",\"description\":\"\",\"potentialAction\":[{\"@type\":\"SearchAction\",\"target\":{\"@type\":\"EntryPoint\",\"urlTemplate\":\"https:\\\/\\\/sublimationsoinsexperts.com\\\/?s={search_term_string}\"},\"query-input\":{\"@type\":\"PropertyValueSpecification\",\"valueRequired\":true,\"valueName\":\"search_term_string\"}}],\"inLanguage\":\"fr-FR\"}]}<\/script>\n<!-- \/ Yoast SEO plugin. -->","yoast_head_json":{"title":"Mallette de m\u00e9decin - Sublimation soins experts","robots":{"index":"index","follow":"follow","max-snippet":"max-snippet:-1","max-image-preview":"max-image-preview:large","max-video-preview":"max-video-preview:-1"},"canonical":"https:\/\/sublimationsoinsexperts.com\/index.php\/product\/mallette-de-medecin-2\/","og_locale":"fr_FR","og_type":"article","og_title":"Mallette de m\u00e9decin - Sublimation soins experts","og_description":"\u2022 Fabriqu\u00e9 en mat\u00e9riaux de haute r\u00e9sistance, c\u2019est l\u2019\u00e9l\u00e9ment essentiel et professionnel du travail du m\u00e9decin g\u00e9n\u00e9raliste, dans le cadre de ses visites \u00e0 domicile ou urgences. \u2022 Poche frontale pour documents et porte-documents.Organisateur interne. \u2022 Bretelles sac-\u00e0-dos dissimul\u00e9es. \u2022 Mesures: 400 x 300 x 160 cm \u2022 Capacit\u00e9: 18,96 L \u2022 Poids: 2.50 kg [&hellip;]","og_url":"https:\/\/sublimationsoinsexperts.com\/index.php\/product\/mallette-de-medecin-2\/","og_site_name":"Sublimation soins experts","article_modified_time":"2024-03-26T14:14:37+00:00","og_image":[{"width":400,"height":317,"url":"http:\/\/sublimationsoinsexperts.com\/wp-content\/uploads\/2024\/03\/032.200_1-Mallette-de-medecin.jpg","type":"image\/jpeg"}],"twitter_card":"summary_large_image","twitter_misc":{"Dur\u00e9e de lecture estim\u00e9e":"1 minute"},"schema":{"@context":"https:\/\/schema.org","@graph":[{"@type":"WebPage","@id":"https:\/\/sublimationsoinsexperts.com\/index.php\/product\/mallette-de-medecin-2\/","url":"https:\/\/sublimationsoinsexperts.com\/index.php\/product\/mallette-de-medecin-2\/","name":"Mallette de m\u00e9decin - Sublimation soins experts","isPartOf":{"@id":"https:\/\/sublimationsoinsexperts.com\/#website"},"primaryImageOfPage":{"@id":"https:\/\/sublimationsoinsexperts.com\/index.php\/product\/mallette-de-medecin-2\/#primaryimage"},"image":{"@id":"https:\/\/sublimationsoinsexperts.com\/index.php\/product\/mallette-de-medecin-2\/#primaryimage"},"thumbnailUrl":"https:\/\/sublimationsoinsexperts.com\/wp-content\/uploads\/2024\/03\/032.200_1-Mallette-de-medecin.jpg","datePublished":"2024-03-25T19:30:38+00:00","dateModified":"2024-03-26T14:14:37+00:00","breadcrumb":{"@id":"https:\/\/sublimationsoinsexperts.com\/index.php\/product\/mallette-de-medecin-2\/#breadcrumb"},"inLanguage":"fr-FR","potentialAction":[{"@type":"ReadAction","target":["https:\/\/sublimationsoinsexperts.com\/index.php\/product\/mallette-de-medecin-2\/"]}]},{"@type":"ImageObject","inLanguage":"fr-FR","@id":"https:\/\/sublimationsoinsexperts.com\/index.php\/product\/mallette-de-medecin-2\/#primaryimage","url":"https:\/\/sublimationsoinsexperts.com\/wp-content\/uploads\/2024\/03\/032.200_1-Mallette-de-medecin.jpg","contentUrl":"https:\/\/sublimationsoinsexperts.com\/wp-content\/uploads\/2024\/03\/032.200_1-Mallette-de-medecin.jpg","width":400,"height":317},{"@type":"BreadcrumbList","@id":"https:\/\/sublimationsoinsexperts.com\/index.php\/product\/mallette-de-medecin-2\/#breadcrumb","itemListElement":[{"@type":"ListItem","position":1,"name":"Accueil","item":"https:\/\/sublimationsoinsexperts.com\/"},{"@type":"ListItem","position":2,"name":"Shop","item":"https:\/\/sublimationsoinsexperts.com\/index.php\/shop\/"},{"@type":"ListItem","position":3,"name":"Mallette de m\u00e9decin"}]},{"@type":"WebSite","@id":"https:\/\/sublimationsoinsexperts.com\/#website","url":"https:\/\/sublimationsoinsexperts.com\/","name":"Sublimation soins experts","description":"","potentialAction":[{"@type":"SearchAction","target":{"@type":"EntryPoint","urlTemplate":"https:\/\/sublimationsoinsexperts.com\/?s={search_term_string}"},"query-input":{"@type":"PropertyValueSpecification","valueRequired":true,"valueName":"search_term_string"}}],"inLanguage":"fr-FR"}]}},"_links":{"self":[{"href":"https:\/\/sublimationsoinsexperts.com\/index.php\/wp-json\/wp\/v2\/product\/2570","targetHints":{"allow":["GET"]}}],"collection":[{"href":"https:\/\/sublimationsoinsexperts.com\/index.php\/wp-json\/wp\/v2\/product"}],"about":[{"href":"https:\/\/sublimationsoinsexperts.com\/index.php\/wp-json\/wp\/v2\/types\/product"}],"replies":[{"embeddable":true,"href":"https:\/\/sublimationsoinsexperts.com\/index.php\/wp-json\/wp\/v2\/comments?post=2570"}],"wp:featuredmedia":[{"embeddable":true,"href":"https:\/\/sublimationsoinsexperts.com\/index.php\/wp-json\/wp\/v2\/media\/2571"}],"wp:attachment":[{"href":"https:\/\/sublimationsoinsexperts.com\/index.php\/wp-json\/wp\/v2\/media?parent=2570"}],"wp:term":[{"taxonomy":"product_brand","embeddable":true,"href":"https:\/\/sublimationsoinsexperts.com\/index.php\/wp-json\/wp\/v2\/product_brand?post=2570"},{"taxonomy":"product_cat","embeddable":true,"href":"https:\/\/sublimationsoinsexperts.com\/index.php\/wp-json\/wp\/v2\/product_cat?post=2570"},{"taxonomy":"product_tag","embeddable":true,"href":"https:\/\/sublimationsoinsexperts.com\/index.php\/wp-json\/wp\/v2\/product_tag?post=2570"}],"curies":[{"name":"wp","href":"https:\/\/api.w.org\/{rel}","templated":true}]}}