{"id":2573,"date":"2024-03-25T19:33:38","date_gmt":"2024-03-25T19:33:38","guid":{"rendered":"https:\/\/sublimationsoinsexperts.com\/?post_type=product&#038;p=2573"},"modified":"2024-03-26T14:19:57","modified_gmt":"2024-03-26T14:19:57","slug":"sac-medical-2","status":"publish","type":"product","link":"https:\/\/sublimationsoinsexperts.com\/index.php\/product\/sac-medical-2\/","title":{"rendered":"Sac m\u00e9dical"},"content":{"rendered":"<p>\u2022 Sac l\u00e9ger cr\u00e9\u00e9 pour le transport de mat\u00e9riel sanitaire n\u00e9cessaire pour intervenir dans n\u2019importe quel \u00e9v\u00e8nement.<br \/>\n\u2022 Sac con\u00e7u pour organiser parfaitement le mat\u00e9riel m\u00e9dical.<br \/>\n\u2022 Acc\u00e8s facile au mat\u00e9riel gr\u00e2ce \u00e0 son syst\u00e8me de rangement en nid d\u2019abeille.<br \/>\n\u2022 Ce sac est aussi utilisable en physioth\u00e9rapie, soins \u00e0 domicile gr\u00e2ce \u00e0 sa taille compacte et sa polyvalence.<br \/>\n\u2022 Rabat sup\u00e9rieur avec porte-documents, pochette pour instruments, porte-carte et porte-stylo.<br \/>\n\u2022 Rabat frontal avec bandes \u00e9lastiques et 2 pochettes larges.<br \/>\n\u2022 Boutons renforc\u00e9s.<br \/>\n\u2022 Organisateurs internes en nid d\u2019abeille d\u00e9tachables.<br \/>\n\u2022 Bandouli\u00e8re d\u00e9tachable.<br \/>\n\u2022 Bretelles sac-\u00e0-dos dissimul\u00e9es.<br \/>\n\u2022 Mesures: 400 x 210 x 250 mm<br \/>\n\u2022 Capacit\u00e9: 19,95 L<br \/>\n\u2022 Poids: 1,22 kg<br \/>\n\u2022 Mat\u00e9riau: 600D Polyester. Lavable<br \/>\n\u2022 Couleur: Noir<br \/>\n\u2022 Capacit\u00e9 max. recommand\u00e9e: 3,5 kg<\/p>\n<p>REF 032.250<\/p>\n<p>&nbsp;<\/p>\n","protected":false},"excerpt":{"rendered":"<p>\u2022 Sac l\u00e9ger cr\u00e9\u00e9 pour le transport de mat\u00e9riel sanitaire n\u00e9cessaire pour intervenir dans n\u2019importe quel \u00e9v\u00e8nement. \u2022 Sac con\u00e7u pour organiser parfaitement le mat\u00e9riel m\u00e9dical. \u2022 Acc\u00e8s facile au mat\u00e9riel gr\u00e2ce \u00e0 son syst\u00e8me de rangement en nid d\u2019abeille. \u2022 Ce sac est aussi utilisable en physioth\u00e9rapie, soins \u00e0 domicile gr\u00e2ce \u00e0 sa taille [&hellip;]<\/p>\n","protected":false},"featured_media":2584,"comment_status":"open","ping_status":"closed","template":"","meta":[],"product_brand":[],"product_cat":[42,90],"product_tag":[],"class_list":{"0":"post-2573","1":"product","2":"type-product","3":"status-publish","4":"has-post-thumbnail","6":"product_cat-materiel-medical","7":"product_cat-sac-medical","9":"first","10":"instock","11":"shipping-taxable","12":"purchasable","13":"product-type-simple"},"yoast_head":"<!-- This site is optimized with the Yoast SEO plugin v27.3 - https:\/\/yoast.com\/product\/yoast-seo-wordpress\/ -->\n<title>Sac m\u00e9dical - Sublimation soins experts<\/title>\n<meta name=\"robots\" content=\"index, follow, max-snippet:-1, max-image-preview:large, max-video-preview:-1\" \/>\n<link rel=\"canonical\" href=\"https:\/\/sublimationsoinsexperts.com\/index.php\/product\/sac-medical-2\/\" \/>\n<meta property=\"og:locale\" content=\"fr_FR\" \/>\n<meta property=\"og:type\" content=\"article\" \/>\n<meta property=\"og:title\" content=\"Sac m\u00e9dical - Sublimation soins experts\" \/>\n<meta property=\"og:description\" content=\"\u2022 Sac l\u00e9ger cr\u00e9\u00e9 pour le transport de mat\u00e9riel sanitaire n\u00e9cessaire pour intervenir dans n\u2019importe quel \u00e9v\u00e8nement. \u2022 Sac con\u00e7u pour organiser parfaitement le mat\u00e9riel m\u00e9dical. \u2022 Acc\u00e8s facile au mat\u00e9riel gr\u00e2ce \u00e0 son syst\u00e8me de rangement en nid d\u2019abeille. \u2022 Ce sac est aussi utilisable en physioth\u00e9rapie, soins \u00e0 domicile gr\u00e2ce \u00e0 sa taille [&hellip;]\" \/>\n<meta property=\"og:url\" content=\"https:\/\/sublimationsoinsexperts.com\/index.php\/product\/sac-medical-2\/\" \/>\n<meta property=\"og:site_name\" content=\"Sublimation soins experts\" \/>\n<meta property=\"article:modified_time\" content=\"2024-03-26T14:19:57+00:00\" \/>\n<meta property=\"og:image\" content=\"http:\/\/sublimationsoinsexperts.com\/wp-content\/uploads\/2024\/03\/032.250_1-Sac-medical.jpg\" \/>\n\t<meta property=\"og:image:width\" content=\"400\" \/>\n\t<meta property=\"og:image:height\" content=\"316\" \/>\n\t<meta property=\"og:image:type\" content=\"image\/jpeg\" \/>\n<meta name=\"twitter:card\" content=\"summary_large_image\" \/>\n<meta name=\"twitter:label1\" content=\"Dur\u00e9e de lecture estim\u00e9e\" \/>\n\t<meta name=\"twitter:data1\" content=\"1 minute\" \/>\n<script type=\"application\/ld+json\" class=\"yoast-schema-graph\">{\"@context\":\"https:\\\/\\\/schema.org\",\"@graph\":[{\"@type\":\"WebPage\",\"@id\":\"https:\\\/\\\/sublimationsoinsexperts.com\\\/index.php\\\/product\\\/sac-medical-2\\\/\",\"url\":\"https:\\\/\\\/sublimationsoinsexperts.com\\\/index.php\\\/product\\\/sac-medical-2\\\/\",\"name\":\"Sac m\u00e9dical - Sublimation soins experts\",\"isPartOf\":{\"@id\":\"https:\\\/\\\/sublimationsoinsexperts.com\\\/#website\"},\"primaryImageOfPage\":{\"@id\":\"https:\\\/\\\/sublimationsoinsexperts.com\\\/index.php\\\/product\\\/sac-medical-2\\\/#primaryimage\"},\"image\":{\"@id\":\"https:\\\/\\\/sublimationsoinsexperts.com\\\/index.php\\\/product\\\/sac-medical-2\\\/#primaryimage\"},\"thumbnailUrl\":\"https:\\\/\\\/sublimationsoinsexperts.com\\\/wp-content\\\/uploads\\\/2024\\\/03\\\/032.250_1-Sac-medical.jpg\",\"datePublished\":\"2024-03-25T19:33:38+00:00\",\"dateModified\":\"2024-03-26T14:19:57+00:00\",\"breadcrumb\":{\"@id\":\"https:\\\/\\\/sublimationsoinsexperts.com\\\/index.php\\\/product\\\/sac-medical-2\\\/#breadcrumb\"},\"inLanguage\":\"fr-FR\",\"potentialAction\":[{\"@type\":\"ReadAction\",\"target\":[\"https:\\\/\\\/sublimationsoinsexperts.com\\\/index.php\\\/product\\\/sac-medical-2\\\/\"]}]},{\"@type\":\"ImageObject\",\"inLanguage\":\"fr-FR\",\"@id\":\"https:\\\/\\\/sublimationsoinsexperts.com\\\/index.php\\\/product\\\/sac-medical-2\\\/#primaryimage\",\"url\":\"https:\\\/\\\/sublimationsoinsexperts.com\\\/wp-content\\\/uploads\\\/2024\\\/03\\\/032.250_1-Sac-medical.jpg\",\"contentUrl\":\"https:\\\/\\\/sublimationsoinsexperts.com\\\/wp-content\\\/uploads\\\/2024\\\/03\\\/032.250_1-Sac-medical.jpg\",\"width\":400,\"height\":316},{\"@type\":\"BreadcrumbList\",\"@id\":\"https:\\\/\\\/sublimationsoinsexperts.com\\\/index.php\\\/product\\\/sac-medical-2\\\/#breadcrumb\",\"itemListElement\":[{\"@type\":\"ListItem\",\"position\":1,\"name\":\"Accueil\",\"item\":\"https:\\\/\\\/sublimationsoinsexperts.com\\\/\"},{\"@type\":\"ListItem\",\"position\":2,\"name\":\"Shop\",\"item\":\"https:\\\/\\\/sublimationsoinsexperts.com\\\/index.php\\\/shop\\\/\"},{\"@type\":\"ListItem\",\"position\":3,\"name\":\"Sac m\u00e9dical\"}]},{\"@type\":\"WebSite\",\"@id\":\"https:\\\/\\\/sublimationsoinsexperts.com\\\/#website\",\"url\":\"https:\\\/\\\/sublimationsoinsexperts.com\\\/\",\"name\":\"Sublimation soins experts\",\"description\":\"\",\"potentialAction\":[{\"@type\":\"SearchAction\",\"target\":{\"@type\":\"EntryPoint\",\"urlTemplate\":\"https:\\\/\\\/sublimationsoinsexperts.com\\\/?s={search_term_string}\"},\"query-input\":{\"@type\":\"PropertyValueSpecification\",\"valueRequired\":true,\"valueName\":\"search_term_string\"}}],\"inLanguage\":\"fr-FR\"}]}<\/script>\n<!-- \/ Yoast SEO plugin. -->","yoast_head_json":{"title":"Sac m\u00e9dical - Sublimation soins experts","robots":{"index":"index","follow":"follow","max-snippet":"max-snippet:-1","max-image-preview":"max-image-preview:large","max-video-preview":"max-video-preview:-1"},"canonical":"https:\/\/sublimationsoinsexperts.com\/index.php\/product\/sac-medical-2\/","og_locale":"fr_FR","og_type":"article","og_title":"Sac m\u00e9dical - Sublimation soins experts","og_description":"\u2022 Sac l\u00e9ger cr\u00e9\u00e9 pour le transport de mat\u00e9riel sanitaire n\u00e9cessaire pour intervenir dans n\u2019importe quel \u00e9v\u00e8nement. \u2022 Sac con\u00e7u pour organiser parfaitement le mat\u00e9riel m\u00e9dical. \u2022 Acc\u00e8s facile au mat\u00e9riel gr\u00e2ce \u00e0 son syst\u00e8me de rangement en nid d\u2019abeille. \u2022 Ce sac est aussi utilisable en physioth\u00e9rapie, soins \u00e0 domicile gr\u00e2ce \u00e0 sa taille [&hellip;]","og_url":"https:\/\/sublimationsoinsexperts.com\/index.php\/product\/sac-medical-2\/","og_site_name":"Sublimation soins experts","article_modified_time":"2024-03-26T14:19:57+00:00","og_image":[{"width":400,"height":316,"url":"http:\/\/sublimationsoinsexperts.com\/wp-content\/uploads\/2024\/03\/032.250_1-Sac-medical.jpg","type":"image\/jpeg"}],"twitter_card":"summary_large_image","twitter_misc":{"Dur\u00e9e de lecture estim\u00e9e":"1 minute"},"schema":{"@context":"https:\/\/schema.org","@graph":[{"@type":"WebPage","@id":"https:\/\/sublimationsoinsexperts.com\/index.php\/product\/sac-medical-2\/","url":"https:\/\/sublimationsoinsexperts.com\/index.php\/product\/sac-medical-2\/","name":"Sac m\u00e9dical - Sublimation soins experts","isPartOf":{"@id":"https:\/\/sublimationsoinsexperts.com\/#website"},"primaryImageOfPage":{"@id":"https:\/\/sublimationsoinsexperts.com\/index.php\/product\/sac-medical-2\/#primaryimage"},"image":{"@id":"https:\/\/sublimationsoinsexperts.com\/index.php\/product\/sac-medical-2\/#primaryimage"},"thumbnailUrl":"https:\/\/sublimationsoinsexperts.com\/wp-content\/uploads\/2024\/03\/032.250_1-Sac-medical.jpg","datePublished":"2024-03-25T19:33:38+00:00","dateModified":"2024-03-26T14:19:57+00:00","breadcrumb":{"@id":"https:\/\/sublimationsoinsexperts.com\/index.php\/product\/sac-medical-2\/#breadcrumb"},"inLanguage":"fr-FR","potentialAction":[{"@type":"ReadAction","target":["https:\/\/sublimationsoinsexperts.com\/index.php\/product\/sac-medical-2\/"]}]},{"@type":"ImageObject","inLanguage":"fr-FR","@id":"https:\/\/sublimationsoinsexperts.com\/index.php\/product\/sac-medical-2\/#primaryimage","url":"https:\/\/sublimationsoinsexperts.com\/wp-content\/uploads\/2024\/03\/032.250_1-Sac-medical.jpg","contentUrl":"https:\/\/sublimationsoinsexperts.com\/wp-content\/uploads\/2024\/03\/032.250_1-Sac-medical.jpg","width":400,"height":316},{"@type":"BreadcrumbList","@id":"https:\/\/sublimationsoinsexperts.com\/index.php\/product\/sac-medical-2\/#breadcrumb","itemListElement":[{"@type":"ListItem","position":1,"name":"Accueil","item":"https:\/\/sublimationsoinsexperts.com\/"},{"@type":"ListItem","position":2,"name":"Shop","item":"https:\/\/sublimationsoinsexperts.com\/index.php\/shop\/"},{"@type":"ListItem","position":3,"name":"Sac m\u00e9dical"}]},{"@type":"WebSite","@id":"https:\/\/sublimationsoinsexperts.com\/#website","url":"https:\/\/sublimationsoinsexperts.com\/","name":"Sublimation soins experts","description":"","potentialAction":[{"@type":"SearchAction","target":{"@type":"EntryPoint","urlTemplate":"https:\/\/sublimationsoinsexperts.com\/?s={search_term_string}"},"query-input":{"@type":"PropertyValueSpecification","valueRequired":true,"valueName":"search_term_string"}}],"inLanguage":"fr-FR"}]}},"_links":{"self":[{"href":"https:\/\/sublimationsoinsexperts.com\/index.php\/wp-json\/wp\/v2\/product\/2573","targetHints":{"allow":["GET"]}}],"collection":[{"href":"https:\/\/sublimationsoinsexperts.com\/index.php\/wp-json\/wp\/v2\/product"}],"about":[{"href":"https:\/\/sublimationsoinsexperts.com\/index.php\/wp-json\/wp\/v2\/types\/product"}],"replies":[{"embeddable":true,"href":"https:\/\/sublimationsoinsexperts.com\/index.php\/wp-json\/wp\/v2\/comments?post=2573"}],"wp:featuredmedia":[{"embeddable":true,"href":"https:\/\/sublimationsoinsexperts.com\/index.php\/wp-json\/wp\/v2\/media\/2584"}],"wp:attachment":[{"href":"https:\/\/sublimationsoinsexperts.com\/index.php\/wp-json\/wp\/v2\/media?parent=2573"}],"wp:term":[{"taxonomy":"product_brand","embeddable":true,"href":"https:\/\/sublimationsoinsexperts.com\/index.php\/wp-json\/wp\/v2\/product_brand?post=2573"},{"taxonomy":"product_cat","embeddable":true,"href":"https:\/\/sublimationsoinsexperts.com\/index.php\/wp-json\/wp\/v2\/product_cat?post=2573"},{"taxonomy":"product_tag","embeddable":true,"href":"https:\/\/sublimationsoinsexperts.com\/index.php\/wp-json\/wp\/v2\/product_tag?post=2573"}],"curies":[{"name":"wp","href":"https:\/\/api.w.org\/{rel}","templated":true}]}}