{"id":2574,"date":"2024-03-25T19:43:01","date_gmt":"2024-03-25T19:43:01","guid":{"rendered":"https:\/\/sublimationsoinsexperts.com\/?post_type=product&#038;p=2574"},"modified":"2024-03-26T14:12:54","modified_gmt":"2024-03-26T14:12:54","slug":"mallette-dinfirmiere","status":"publish","type":"product","link":"https:\/\/sublimationsoinsexperts.com\/index.php\/product\/mallette-dinfirmiere\/","title":{"rendered":"Mallette d\u2019infirmi\u00e8re"},"content":{"rendered":"<p>\u2022 C\u2019est \u00ab\u00a0la\u00a0\u00bb mallette compacte pour infirmi\u00e8re.<br \/>\n\u2022 Con\u00e7ue pour les professionnels qui exercent une assistance m\u00e9dicale limit\u00e9e ou transportent du mat\u00e9riel.<br \/>\n\u2022 Avec un design int\u00e9rieur qui permet de modifier la configuration des espaces afin d\u2019accueillir diff\u00e9rents types de produits.<br \/>\n\u2022 2 poches frontales pour objets personnels (gants, collecteur d\u2019aiguilles\u2026)<br \/>\n\u2022 Bandouli\u00e8re d\u00e9montable.<br \/>\n\u2022 Fermeture \u00e0 cadenas<br \/>\n\u2022 Dimensions: 340 x 250 x 110 mm<br \/>\n\u2022 Capacit\u00e9: 9,35 L<br \/>\n\u2022 Poids: 1.48 kg<br \/>\n\u2022 Mat\u00e9riau: 420D Serge Polyester Jacquard. Lavable<br \/>\n\u2022 Couleur: Bleu marine<br \/>\n\u2022 Capacit\u00e9 max. recommand\u00e9e: 3 kg<br \/>\n\u2022 Livr\u00e9e vide sans accessoire<\/p>\n<p>&nbsp;<\/p>\n<p>REF GOHY 032.100<\/p>\n<p>TVA 21%<\/p>\n","protected":false},"excerpt":{"rendered":"<p>\u2022 C\u2019est \u00ab\u00a0la\u00a0\u00bb mallette compacte pour infirmi\u00e8re. \u2022 Con\u00e7ue pour les professionnels qui exercent une assistance m\u00e9dicale limit\u00e9e ou transportent du mat\u00e9riel. \u2022 Avec un design int\u00e9rieur qui permet de modifier la configuration des espaces afin d\u2019accueillir diff\u00e9rents types de produits. \u2022 2 poches frontales pour objets personnels (gants, collecteur d\u2019aiguilles\u2026) \u2022 Bandouli\u00e8re d\u00e9montable. \u2022 [&hellip;]<\/p>\n","protected":false},"featured_media":2575,"comment_status":"open","ping_status":"closed","template":"","meta":[],"product_brand":[],"product_cat":[42,90],"product_tag":[],"class_list":{"0":"post-2574","1":"product","2":"type-product","3":"status-publish","4":"has-post-thumbnail","6":"product_cat-materiel-medical","7":"product_cat-sac-medical","9":"first","10":"instock","11":"shipping-taxable","12":"purchasable","13":"product-type-simple"},"yoast_head":"<!-- This site is optimized with the Yoast SEO plugin v27.3 - https:\/\/yoast.com\/product\/yoast-seo-wordpress\/ -->\n<title>Mallette d\u2019infirmi\u00e8re - Sublimation soins experts<\/title>\n<meta name=\"robots\" content=\"index, follow, max-snippet:-1, max-image-preview:large, max-video-preview:-1\" \/>\n<link rel=\"canonical\" href=\"https:\/\/sublimationsoinsexperts.com\/index.php\/product\/mallette-dinfirmiere\/\" \/>\n<meta property=\"og:locale\" content=\"fr_FR\" \/>\n<meta property=\"og:type\" content=\"article\" \/>\n<meta property=\"og:title\" content=\"Mallette d\u2019infirmi\u00e8re - Sublimation soins experts\" \/>\n<meta property=\"og:description\" content=\"\u2022 C\u2019est \u00ab\u00a0la\u00a0\u00bb mallette compacte pour infirmi\u00e8re. \u2022 Con\u00e7ue pour les professionnels qui exercent une assistance m\u00e9dicale limit\u00e9e ou transportent du mat\u00e9riel. \u2022 Avec un design int\u00e9rieur qui permet de modifier la configuration des espaces afin d\u2019accueillir diff\u00e9rents types de produits. \u2022 2 poches frontales pour objets personnels (gants, collecteur d\u2019aiguilles\u2026) \u2022 Bandouli\u00e8re d\u00e9montable. \u2022 [&hellip;]\" \/>\n<meta property=\"og:url\" content=\"https:\/\/sublimationsoinsexperts.com\/index.php\/product\/mallette-dinfirmiere\/\" \/>\n<meta property=\"og:site_name\" content=\"Sublimation soins experts\" \/>\n<meta property=\"article:modified_time\" content=\"2024-03-26T14:12:54+00:00\" \/>\n<meta property=\"og:image\" content=\"http:\/\/sublimationsoinsexperts.com\/wp-content\/uploads\/2024\/03\/032.100_1-Mallette-dinfirmiere.jpg\" \/>\n\t<meta property=\"og:image:width\" content=\"300\" \/>\n\t<meta property=\"og:image:height\" content=\"283\" \/>\n\t<meta property=\"og:image:type\" content=\"image\/jpeg\" \/>\n<meta name=\"twitter:card\" content=\"summary_large_image\" \/>\n<meta name=\"twitter:label1\" content=\"Dur\u00e9e de lecture estim\u00e9e\" \/>\n\t<meta name=\"twitter:data1\" content=\"1 minute\" \/>\n<script type=\"application\/ld+json\" class=\"yoast-schema-graph\">{\"@context\":\"https:\\\/\\\/schema.org\",\"@graph\":[{\"@type\":\"WebPage\",\"@id\":\"https:\\\/\\\/sublimationsoinsexperts.com\\\/index.php\\\/product\\\/mallette-dinfirmiere\\\/\",\"url\":\"https:\\\/\\\/sublimationsoinsexperts.com\\\/index.php\\\/product\\\/mallette-dinfirmiere\\\/\",\"name\":\"Mallette d\u2019infirmi\u00e8re - Sublimation soins experts\",\"isPartOf\":{\"@id\":\"https:\\\/\\\/sublimationsoinsexperts.com\\\/#website\"},\"primaryImageOfPage\":{\"@id\":\"https:\\\/\\\/sublimationsoinsexperts.com\\\/index.php\\\/product\\\/mallette-dinfirmiere\\\/#primaryimage\"},\"image\":{\"@id\":\"https:\\\/\\\/sublimationsoinsexperts.com\\\/index.php\\\/product\\\/mallette-dinfirmiere\\\/#primaryimage\"},\"thumbnailUrl\":\"https:\\\/\\\/sublimationsoinsexperts.com\\\/wp-content\\\/uploads\\\/2024\\\/03\\\/032.100_1-Mallette-dinfirmiere.jpg\",\"datePublished\":\"2024-03-25T19:43:01+00:00\",\"dateModified\":\"2024-03-26T14:12:54+00:00\",\"breadcrumb\":{\"@id\":\"https:\\\/\\\/sublimationsoinsexperts.com\\\/index.php\\\/product\\\/mallette-dinfirmiere\\\/#breadcrumb\"},\"inLanguage\":\"fr-FR\",\"potentialAction\":[{\"@type\":\"ReadAction\",\"target\":[\"https:\\\/\\\/sublimationsoinsexperts.com\\\/index.php\\\/product\\\/mallette-dinfirmiere\\\/\"]}]},{\"@type\":\"ImageObject\",\"inLanguage\":\"fr-FR\",\"@id\":\"https:\\\/\\\/sublimationsoinsexperts.com\\\/index.php\\\/product\\\/mallette-dinfirmiere\\\/#primaryimage\",\"url\":\"https:\\\/\\\/sublimationsoinsexperts.com\\\/wp-content\\\/uploads\\\/2024\\\/03\\\/032.100_1-Mallette-dinfirmiere.jpg\",\"contentUrl\":\"https:\\\/\\\/sublimationsoinsexperts.com\\\/wp-content\\\/uploads\\\/2024\\\/03\\\/032.100_1-Mallette-dinfirmiere.jpg\",\"width\":300,\"height\":283},{\"@type\":\"BreadcrumbList\",\"@id\":\"https:\\\/\\\/sublimationsoinsexperts.com\\\/index.php\\\/product\\\/mallette-dinfirmiere\\\/#breadcrumb\",\"itemListElement\":[{\"@type\":\"ListItem\",\"position\":1,\"name\":\"Accueil\",\"item\":\"https:\\\/\\\/sublimationsoinsexperts.com\\\/\"},{\"@type\":\"ListItem\",\"position\":2,\"name\":\"Shop\",\"item\":\"https:\\\/\\\/sublimationsoinsexperts.com\\\/index.php\\\/shop\\\/\"},{\"@type\":\"ListItem\",\"position\":3,\"name\":\"Mallette d\u2019infirmi\u00e8re\"}]},{\"@type\":\"WebSite\",\"@id\":\"https:\\\/\\\/sublimationsoinsexperts.com\\\/#website\",\"url\":\"https:\\\/\\\/sublimationsoinsexperts.com\\\/\",\"name\":\"Sublimation soins experts\",\"description\":\"\",\"potentialAction\":[{\"@type\":\"SearchAction\",\"target\":{\"@type\":\"EntryPoint\",\"urlTemplate\":\"https:\\\/\\\/sublimationsoinsexperts.com\\\/?s={search_term_string}\"},\"query-input\":{\"@type\":\"PropertyValueSpecification\",\"valueRequired\":true,\"valueName\":\"search_term_string\"}}],\"inLanguage\":\"fr-FR\"}]}<\/script>\n<!-- \/ Yoast SEO plugin. -->","yoast_head_json":{"title":"Mallette d\u2019infirmi\u00e8re - Sublimation soins experts","robots":{"index":"index","follow":"follow","max-snippet":"max-snippet:-1","max-image-preview":"max-image-preview:large","max-video-preview":"max-video-preview:-1"},"canonical":"https:\/\/sublimationsoinsexperts.com\/index.php\/product\/mallette-dinfirmiere\/","og_locale":"fr_FR","og_type":"article","og_title":"Mallette d\u2019infirmi\u00e8re - Sublimation soins experts","og_description":"\u2022 C\u2019est \u00ab\u00a0la\u00a0\u00bb mallette compacte pour infirmi\u00e8re. \u2022 Con\u00e7ue pour les professionnels qui exercent une assistance m\u00e9dicale limit\u00e9e ou transportent du mat\u00e9riel. \u2022 Avec un design int\u00e9rieur qui permet de modifier la configuration des espaces afin d\u2019accueillir diff\u00e9rents types de produits. \u2022 2 poches frontales pour objets personnels (gants, collecteur d\u2019aiguilles\u2026) \u2022 Bandouli\u00e8re d\u00e9montable. \u2022 [&hellip;]","og_url":"https:\/\/sublimationsoinsexperts.com\/index.php\/product\/mallette-dinfirmiere\/","og_site_name":"Sublimation soins experts","article_modified_time":"2024-03-26T14:12:54+00:00","og_image":[{"width":300,"height":283,"url":"http:\/\/sublimationsoinsexperts.com\/wp-content\/uploads\/2024\/03\/032.100_1-Mallette-dinfirmiere.jpg","type":"image\/jpeg"}],"twitter_card":"summary_large_image","twitter_misc":{"Dur\u00e9e de lecture estim\u00e9e":"1 minute"},"schema":{"@context":"https:\/\/schema.org","@graph":[{"@type":"WebPage","@id":"https:\/\/sublimationsoinsexperts.com\/index.php\/product\/mallette-dinfirmiere\/","url":"https:\/\/sublimationsoinsexperts.com\/index.php\/product\/mallette-dinfirmiere\/","name":"Mallette d\u2019infirmi\u00e8re - Sublimation soins experts","isPartOf":{"@id":"https:\/\/sublimationsoinsexperts.com\/#website"},"primaryImageOfPage":{"@id":"https:\/\/sublimationsoinsexperts.com\/index.php\/product\/mallette-dinfirmiere\/#primaryimage"},"image":{"@id":"https:\/\/sublimationsoinsexperts.com\/index.php\/product\/mallette-dinfirmiere\/#primaryimage"},"thumbnailUrl":"https:\/\/sublimationsoinsexperts.com\/wp-content\/uploads\/2024\/03\/032.100_1-Mallette-dinfirmiere.jpg","datePublished":"2024-03-25T19:43:01+00:00","dateModified":"2024-03-26T14:12:54+00:00","breadcrumb":{"@id":"https:\/\/sublimationsoinsexperts.com\/index.php\/product\/mallette-dinfirmiere\/#breadcrumb"},"inLanguage":"fr-FR","potentialAction":[{"@type":"ReadAction","target":["https:\/\/sublimationsoinsexperts.com\/index.php\/product\/mallette-dinfirmiere\/"]}]},{"@type":"ImageObject","inLanguage":"fr-FR","@id":"https:\/\/sublimationsoinsexperts.com\/index.php\/product\/mallette-dinfirmiere\/#primaryimage","url":"https:\/\/sublimationsoinsexperts.com\/wp-content\/uploads\/2024\/03\/032.100_1-Mallette-dinfirmiere.jpg","contentUrl":"https:\/\/sublimationsoinsexperts.com\/wp-content\/uploads\/2024\/03\/032.100_1-Mallette-dinfirmiere.jpg","width":300,"height":283},{"@type":"BreadcrumbList","@id":"https:\/\/sublimationsoinsexperts.com\/index.php\/product\/mallette-dinfirmiere\/#breadcrumb","itemListElement":[{"@type":"ListItem","position":1,"name":"Accueil","item":"https:\/\/sublimationsoinsexperts.com\/"},{"@type":"ListItem","position":2,"name":"Shop","item":"https:\/\/sublimationsoinsexperts.com\/index.php\/shop\/"},{"@type":"ListItem","position":3,"name":"Mallette d\u2019infirmi\u00e8re"}]},{"@type":"WebSite","@id":"https:\/\/sublimationsoinsexperts.com\/#website","url":"https:\/\/sublimationsoinsexperts.com\/","name":"Sublimation soins experts","description":"","potentialAction":[{"@type":"SearchAction","target":{"@type":"EntryPoint","urlTemplate":"https:\/\/sublimationsoinsexperts.com\/?s={search_term_string}"},"query-input":{"@type":"PropertyValueSpecification","valueRequired":true,"valueName":"search_term_string"}}],"inLanguage":"fr-FR"}]}},"_links":{"self":[{"href":"https:\/\/sublimationsoinsexperts.com\/index.php\/wp-json\/wp\/v2\/product\/2574","targetHints":{"allow":["GET"]}}],"collection":[{"href":"https:\/\/sublimationsoinsexperts.com\/index.php\/wp-json\/wp\/v2\/product"}],"about":[{"href":"https:\/\/sublimationsoinsexperts.com\/index.php\/wp-json\/wp\/v2\/types\/product"}],"replies":[{"embeddable":true,"href":"https:\/\/sublimationsoinsexperts.com\/index.php\/wp-json\/wp\/v2\/comments?post=2574"}],"wp:featuredmedia":[{"embeddable":true,"href":"https:\/\/sublimationsoinsexperts.com\/index.php\/wp-json\/wp\/v2\/media\/2575"}],"wp:attachment":[{"href":"https:\/\/sublimationsoinsexperts.com\/index.php\/wp-json\/wp\/v2\/media?parent=2574"}],"wp:term":[{"taxonomy":"product_brand","embeddable":true,"href":"https:\/\/sublimationsoinsexperts.com\/index.php\/wp-json\/wp\/v2\/product_brand?post=2574"},{"taxonomy":"product_cat","embeddable":true,"href":"https:\/\/sublimationsoinsexperts.com\/index.php\/wp-json\/wp\/v2\/product_cat?post=2574"},{"taxonomy":"product_tag","embeddable":true,"href":"https:\/\/sublimationsoinsexperts.com\/index.php\/wp-json\/wp\/v2\/product_tag?post=2574"}],"curies":[{"name":"wp","href":"https:\/\/api.w.org\/{rel}","templated":true}]}}