{"id":2589,"date":"2024-03-26T19:57:28","date_gmt":"2024-03-26T19:57:28","guid":{"rendered":"https:\/\/sublimationsoinsexperts.com\/?post_type=product&#038;p=2589"},"modified":"2024-03-26T19:57:29","modified_gmt":"2024-03-26T19:57:29","slug":"toiles-de-transfert","status":"publish","type":"product","link":"https:\/\/sublimationsoinsexperts.com\/index.php\/product\/toiles-de-transfert\/","title":{"rendered":"Toiles de transfert"},"content":{"rendered":"<p>\u2022 Solution pratique pour le transfert et la mobilisation des patients alit\u00e9s.<br \/>\n\u2022 Dans l&rsquo;utilisation bariatrique, ces toiles peuvent \u00eatre utilis\u00e9es chez les patients de poids \u00e9lev\u00e9, de mani\u00e8re ergonomique et en toute s\u00e9curit\u00e9.<br \/>\n\u2022 85 % polyamide &#8211; 15 % silicone<\/p>\n<p>&nbsp;<\/p>\n<p>REF GOHY 742.250<\/p>\n","protected":false},"excerpt":{"rendered":"<p>\u2022 Solution pratique pour le transfert et la mobilisation des patients alit\u00e9s. \u2022 Dans l&rsquo;utilisation bariatrique, ces toiles peuvent \u00eatre utilis\u00e9es chez les patients de poids \u00e9lev\u00e9, de mani\u00e8re ergonomique et en toute s\u00e9curit\u00e9. \u2022 85 % polyamide &#8211; 15 % silicone &nbsp; REF GOHY 742.250<\/p>\n","protected":false},"featured_media":2590,"comment_status":"open","ping_status":"closed","template":"","meta":[],"product_brand":[],"product_cat":[46,69],"product_tag":[],"class_list":{"0":"post-2589","1":"product","2":"type-product","3":"status-publish","4":"has-post-thumbnail","6":"product_cat-aide-au-quotidien","7":"product_cat-aide-au-transfert","9":"first","10":"instock","11":"shipping-taxable","12":"purchasable","13":"product-type-variable"},"yoast_head":"<!-- This site is optimized with the Yoast SEO plugin v27.3 - https:\/\/yoast.com\/product\/yoast-seo-wordpress\/ -->\n<title>Toiles de transfert - Sublimation soins experts<\/title>\n<meta name=\"robots\" content=\"index, follow, max-snippet:-1, max-image-preview:large, max-video-preview:-1\" \/>\n<link rel=\"canonical\" href=\"https:\/\/sublimationsoinsexperts.com\/index.php\/product\/toiles-de-transfert\/\" \/>\n<meta property=\"og:locale\" content=\"fr_FR\" \/>\n<meta property=\"og:type\" content=\"article\" \/>\n<meta property=\"og:title\" content=\"Toiles de transfert - Sublimation soins experts\" \/>\n<meta property=\"og:description\" content=\"\u2022 Solution pratique pour le transfert et la mobilisation des patients alit\u00e9s. \u2022 Dans l&rsquo;utilisation bariatrique, ces toiles peuvent \u00eatre utilis\u00e9es chez les patients de poids \u00e9lev\u00e9, de mani\u00e8re ergonomique et en toute s\u00e9curit\u00e9. \u2022 85 % polyamide &#8211; 15 % silicone &nbsp; REF GOHY 742.250\" \/>\n<meta property=\"og:url\" content=\"https:\/\/sublimationsoinsexperts.com\/index.php\/product\/toiles-de-transfert\/\" \/>\n<meta property=\"og:site_name\" content=\"Sublimation soins experts\" \/>\n<meta property=\"article:modified_time\" content=\"2024-03-26T19:57:29+00:00\" \/>\n<meta property=\"og:image\" content=\"http:\/\/sublimationsoinsexperts.com\/wp-content\/uploads\/2024\/03\/742.150_Toiles-de-transfert.jpg\" \/>\n\t<meta property=\"og:image:width\" content=\"400\" \/>\n\t<meta property=\"og:image:height\" content=\"305\" \/>\n\t<meta property=\"og:image:type\" content=\"image\/jpeg\" \/>\n<meta name=\"twitter:card\" content=\"summary_large_image\" \/>\n<meta name=\"twitter:label1\" content=\"Dur\u00e9e de lecture estim\u00e9e\" \/>\n\t<meta name=\"twitter:data1\" content=\"1 minute\" \/>\n<script type=\"application\/ld+json\" class=\"yoast-schema-graph\">{\"@context\":\"https:\\\/\\\/schema.org\",\"@graph\":[{\"@type\":\"WebPage\",\"@id\":\"https:\\\/\\\/sublimationsoinsexperts.com\\\/index.php\\\/product\\\/toiles-de-transfert\\\/\",\"url\":\"https:\\\/\\\/sublimationsoinsexperts.com\\\/index.php\\\/product\\\/toiles-de-transfert\\\/\",\"name\":\"Toiles de transfert - Sublimation soins experts\",\"isPartOf\":{\"@id\":\"https:\\\/\\\/sublimationsoinsexperts.com\\\/#website\"},\"primaryImageOfPage\":{\"@id\":\"https:\\\/\\\/sublimationsoinsexperts.com\\\/index.php\\\/product\\\/toiles-de-transfert\\\/#primaryimage\"},\"image\":{\"@id\":\"https:\\\/\\\/sublimationsoinsexperts.com\\\/index.php\\\/product\\\/toiles-de-transfert\\\/#primaryimage\"},\"thumbnailUrl\":\"https:\\\/\\\/sublimationsoinsexperts.com\\\/wp-content\\\/uploads\\\/2024\\\/03\\\/742.150_Toiles-de-transfert.jpg\",\"datePublished\":\"2024-03-26T19:57:28+00:00\",\"dateModified\":\"2024-03-26T19:57:29+00:00\",\"breadcrumb\":{\"@id\":\"https:\\\/\\\/sublimationsoinsexperts.com\\\/index.php\\\/product\\\/toiles-de-transfert\\\/#breadcrumb\"},\"inLanguage\":\"fr-FR\",\"potentialAction\":[{\"@type\":\"ReadAction\",\"target\":[\"https:\\\/\\\/sublimationsoinsexperts.com\\\/index.php\\\/product\\\/toiles-de-transfert\\\/\"]}]},{\"@type\":\"ImageObject\",\"inLanguage\":\"fr-FR\",\"@id\":\"https:\\\/\\\/sublimationsoinsexperts.com\\\/index.php\\\/product\\\/toiles-de-transfert\\\/#primaryimage\",\"url\":\"https:\\\/\\\/sublimationsoinsexperts.com\\\/wp-content\\\/uploads\\\/2024\\\/03\\\/742.150_Toiles-de-transfert.jpg\",\"contentUrl\":\"https:\\\/\\\/sublimationsoinsexperts.com\\\/wp-content\\\/uploads\\\/2024\\\/03\\\/742.150_Toiles-de-transfert.jpg\",\"width\":400,\"height\":305},{\"@type\":\"BreadcrumbList\",\"@id\":\"https:\\\/\\\/sublimationsoinsexperts.com\\\/index.php\\\/product\\\/toiles-de-transfert\\\/#breadcrumb\",\"itemListElement\":[{\"@type\":\"ListItem\",\"position\":1,\"name\":\"Accueil\",\"item\":\"https:\\\/\\\/sublimationsoinsexperts.com\\\/\"},{\"@type\":\"ListItem\",\"position\":2,\"name\":\"Shop\",\"item\":\"https:\\\/\\\/sublimationsoinsexperts.com\\\/index.php\\\/shop\\\/\"},{\"@type\":\"ListItem\",\"position\":3,\"name\":\"Toiles de transfert\"}]},{\"@type\":\"WebSite\",\"@id\":\"https:\\\/\\\/sublimationsoinsexperts.com\\\/#website\",\"url\":\"https:\\\/\\\/sublimationsoinsexperts.com\\\/\",\"name\":\"Sublimation soins experts\",\"description\":\"\",\"potentialAction\":[{\"@type\":\"SearchAction\",\"target\":{\"@type\":\"EntryPoint\",\"urlTemplate\":\"https:\\\/\\\/sublimationsoinsexperts.com\\\/?s={search_term_string}\"},\"query-input\":{\"@type\":\"PropertyValueSpecification\",\"valueRequired\":true,\"valueName\":\"search_term_string\"}}],\"inLanguage\":\"fr-FR\"}]}<\/script>\n<!-- \/ Yoast SEO plugin. -->","yoast_head_json":{"title":"Toiles de transfert - Sublimation soins experts","robots":{"index":"index","follow":"follow","max-snippet":"max-snippet:-1","max-image-preview":"max-image-preview:large","max-video-preview":"max-video-preview:-1"},"canonical":"https:\/\/sublimationsoinsexperts.com\/index.php\/product\/toiles-de-transfert\/","og_locale":"fr_FR","og_type":"article","og_title":"Toiles de transfert - Sublimation soins experts","og_description":"\u2022 Solution pratique pour le transfert et la mobilisation des patients alit\u00e9s. \u2022 Dans l&rsquo;utilisation bariatrique, ces toiles peuvent \u00eatre utilis\u00e9es chez les patients de poids \u00e9lev\u00e9, de mani\u00e8re ergonomique et en toute s\u00e9curit\u00e9. \u2022 85 % polyamide &#8211; 15 % silicone &nbsp; REF GOHY 742.250","og_url":"https:\/\/sublimationsoinsexperts.com\/index.php\/product\/toiles-de-transfert\/","og_site_name":"Sublimation soins experts","article_modified_time":"2024-03-26T19:57:29+00:00","og_image":[{"width":400,"height":305,"url":"http:\/\/sublimationsoinsexperts.com\/wp-content\/uploads\/2024\/03\/742.150_Toiles-de-transfert.jpg","type":"image\/jpeg"}],"twitter_card":"summary_large_image","twitter_misc":{"Dur\u00e9e de lecture estim\u00e9e":"1 minute"},"schema":{"@context":"https:\/\/schema.org","@graph":[{"@type":"WebPage","@id":"https:\/\/sublimationsoinsexperts.com\/index.php\/product\/toiles-de-transfert\/","url":"https:\/\/sublimationsoinsexperts.com\/index.php\/product\/toiles-de-transfert\/","name":"Toiles de transfert - Sublimation soins experts","isPartOf":{"@id":"https:\/\/sublimationsoinsexperts.com\/#website"},"primaryImageOfPage":{"@id":"https:\/\/sublimationsoinsexperts.com\/index.php\/product\/toiles-de-transfert\/#primaryimage"},"image":{"@id":"https:\/\/sublimationsoinsexperts.com\/index.php\/product\/toiles-de-transfert\/#primaryimage"},"thumbnailUrl":"https:\/\/sublimationsoinsexperts.com\/wp-content\/uploads\/2024\/03\/742.150_Toiles-de-transfert.jpg","datePublished":"2024-03-26T19:57:28+00:00","dateModified":"2024-03-26T19:57:29+00:00","breadcrumb":{"@id":"https:\/\/sublimationsoinsexperts.com\/index.php\/product\/toiles-de-transfert\/#breadcrumb"},"inLanguage":"fr-FR","potentialAction":[{"@type":"ReadAction","target":["https:\/\/sublimationsoinsexperts.com\/index.php\/product\/toiles-de-transfert\/"]}]},{"@type":"ImageObject","inLanguage":"fr-FR","@id":"https:\/\/sublimationsoinsexperts.com\/index.php\/product\/toiles-de-transfert\/#primaryimage","url":"https:\/\/sublimationsoinsexperts.com\/wp-content\/uploads\/2024\/03\/742.150_Toiles-de-transfert.jpg","contentUrl":"https:\/\/sublimationsoinsexperts.com\/wp-content\/uploads\/2024\/03\/742.150_Toiles-de-transfert.jpg","width":400,"height":305},{"@type":"BreadcrumbList","@id":"https:\/\/sublimationsoinsexperts.com\/index.php\/product\/toiles-de-transfert\/#breadcrumb","itemListElement":[{"@type":"ListItem","position":1,"name":"Accueil","item":"https:\/\/sublimationsoinsexperts.com\/"},{"@type":"ListItem","position":2,"name":"Shop","item":"https:\/\/sublimationsoinsexperts.com\/index.php\/shop\/"},{"@type":"ListItem","position":3,"name":"Toiles de transfert"}]},{"@type":"WebSite","@id":"https:\/\/sublimationsoinsexperts.com\/#website","url":"https:\/\/sublimationsoinsexperts.com\/","name":"Sublimation soins experts","description":"","potentialAction":[{"@type":"SearchAction","target":{"@type":"EntryPoint","urlTemplate":"https:\/\/sublimationsoinsexperts.com\/?s={search_term_string}"},"query-input":{"@type":"PropertyValueSpecification","valueRequired":true,"valueName":"search_term_string"}}],"inLanguage":"fr-FR"}]}},"_links":{"self":[{"href":"https:\/\/sublimationsoinsexperts.com\/index.php\/wp-json\/wp\/v2\/product\/2589","targetHints":{"allow":["GET"]}}],"collection":[{"href":"https:\/\/sublimationsoinsexperts.com\/index.php\/wp-json\/wp\/v2\/product"}],"about":[{"href":"https:\/\/sublimationsoinsexperts.com\/index.php\/wp-json\/wp\/v2\/types\/product"}],"replies":[{"embeddable":true,"href":"https:\/\/sublimationsoinsexperts.com\/index.php\/wp-json\/wp\/v2\/comments?post=2589"}],"wp:featuredmedia":[{"embeddable":true,"href":"https:\/\/sublimationsoinsexperts.com\/index.php\/wp-json\/wp\/v2\/media\/2590"}],"wp:attachment":[{"href":"https:\/\/sublimationsoinsexperts.com\/index.php\/wp-json\/wp\/v2\/media?parent=2589"}],"wp:term":[{"taxonomy":"product_brand","embeddable":true,"href":"https:\/\/sublimationsoinsexperts.com\/index.php\/wp-json\/wp\/v2\/product_brand?post=2589"},{"taxonomy":"product_cat","embeddable":true,"href":"https:\/\/sublimationsoinsexperts.com\/index.php\/wp-json\/wp\/v2\/product_cat?post=2589"},{"taxonomy":"product_tag","embeddable":true,"href":"https:\/\/sublimationsoinsexperts.com\/index.php\/wp-json\/wp\/v2\/product_tag?post=2589"}],"curies":[{"name":"wp","href":"https:\/\/api.w.org\/{rel}","templated":true}]}}