{"id":2713,"date":"2024-03-28T13:23:06","date_gmt":"2024-03-28T13:23:06","guid":{"rendered":"https:\/\/sublimationsoinsexperts.com\/?post_type=product&#038;p=2713"},"modified":"2024-03-28T13:23:06","modified_gmt":"2024-03-28T13:23:06","slug":"aspirateur-de-secretions-new-askir-36-br-flovac-avec-batterie","status":"publish","type":"product","link":"https:\/\/sublimationsoinsexperts.com\/index.php\/product\/aspirateur-de-secretions-new-askir-36-br-flovac-avec-batterie\/","title":{"rendered":"Aspirateur de s\u00e9cr\u00e9tions New Askir 36 BR Flovac, avec batterie"},"content":{"rendered":"<p>\u2022 L\u2019aspirator New Askir 36BR Flovac est con\u00e7u pour les soins \u00e0 domicile et un usage professionnel et avec une aspiration puissante de 36 l\/min maximum et un fonctionnement sur batterie de 60\u2019<br \/>\n\u2022 L\u2019aspirator New Askir 36BR Flovac est l\u00e9ger pour un transport facile et dispose de trois options de fonctionnement diff\u00e9rentes : adaptateur AC\/DC, batterie interne rechargeable et 12 V, ce qui en fait une unit\u00e9 d\u2019aspiration polyvalente approuv\u00e9e pour un fonctionnement NON-STOP sans surchauffe.<br \/>\n\u2022 Fourni avec une alarme visuelle et acoustique indiquant un niveau de batterie faible, la sonde CA-MI New Askir 36BR peut \u00eatre utilis\u00e9e \u00e0 la fois \u00e0 l\u2019h\u00f4pital, dans une clinique priv\u00e9e ou \u00e0 domicile pour le soutien des patients.<br \/>\n\u2022 Les doublures jetables FLOVAC\u00ae fabriqu\u00e9es en poly\u00e9thyl\u00e8ne sont dot\u00e9es d\u2019un couvercle avec soupape de trop-plein, d\u2019un orifice tandem, de bouchons de fermeture d\u2019orifice et d\u2019un sac \u00e0 doublure souple jetable soud\u00e9 herm\u00e9tiquement \u00e0 un couvercle rigide. Le scellage herm\u00e9tique rend le rev\u00eatement jetable FLOVAC\u00ae particuli\u00e8rement hygi\u00e9nique, simple et s\u00fbr, tant pour le patient que pour le personnel responsable du retrait et du remplacement des bocaux de collecte par aspiration.<br \/>\n\u2022 Les doublures jetables FLOVAC\u00ae sont \u00e9galement \u00e9quip\u00e9es d\u2019un filtre anti-reflux, hydrophobe et antibact\u00e9rien prot\u00e9geant l\u2019\u00e9quipement et le dispositif d\u2019aspiration. Ce filtre fonctionne \u00e9galement comme un syst\u00e8me de soupape de trop-plein d\u00e9sactivant l\u2019aspiration lorsque la capacit\u00e9 de remplissage maximale est atteinte.<br \/>\n\u2022 Sp\u00e9cifications techniques de la nouvelle sonde CA-MI Askir 36BR :<br \/>\n&#8211; Batterie : plomb 12 V-4 A, batterie auditive autonome de 60 minutes<br \/>\n&#8211; Temps de recharge : 4 heures Adaptateur de voiture inclus.<br \/>\n&#8211; Pression d\u2019aspiration maximale : -0,80 Bar D\u00e9bit : 36 lt\/min \u00e0 -0,80<br \/>\n&#8211; Niveau sonore de la barre avec conteneur : 65,5 dBA<br \/>\n&#8211; Poids : 4,39 kg<br \/>\n&#8211; Bloc d\u2019alimentation et un chargeur de batterie.<\/p>\n<p>&nbsp;<\/p>\n<p>REF GOHY 339.340<\/p>\n","protected":false},"excerpt":{"rendered":"<p>\u2022 L\u2019aspirator New Askir 36BR Flovac est con\u00e7u pour les soins \u00e0 domicile et un usage professionnel et avec une aspiration puissante de 36 l\/min maximum et un fonctionnement sur batterie de 60\u2019 \u2022 L\u2019aspirator New Askir 36BR Flovac est l\u00e9ger pour un transport facile et dispose de trois options de fonctionnement diff\u00e9rentes : adaptateur [&hellip;]<\/p>\n","protected":false},"featured_media":2714,"comment_status":"open","ping_status":"closed","template":"","meta":[],"product_brand":[],"product_cat":[88,39],"product_tag":[],"class_list":{"0":"post-2713","1":"product","2":"type-product","3":"status-publish","4":"has-post-thumbnail","6":"product_cat-aspirateur-de-secretion","7":"product_cat-diagnostic-et-therapie","9":"first","10":"instock","11":"shipping-taxable","12":"purchasable","13":"product-type-simple"},"yoast_head":"<!-- This site is optimized with the Yoast SEO plugin v27.5 - https:\/\/yoast.com\/product\/yoast-seo-wordpress\/ -->\n<title>Aspirateur de s\u00e9cr\u00e9tions New Askir 36 BR Flovac, avec batterie - Sublimation soins experts<\/title>\n<meta name=\"robots\" content=\"index, follow, max-snippet:-1, max-image-preview:large, max-video-preview:-1\" \/>\n<link rel=\"canonical\" href=\"https:\/\/sublimationsoinsexperts.com\/index.php\/product\/aspirateur-de-secretions-new-askir-36-br-flovac-avec-batterie\/\" \/>\n<meta property=\"og:locale\" content=\"fr_FR\" \/>\n<meta property=\"og:type\" content=\"article\" \/>\n<meta property=\"og:title\" content=\"Aspirateur de s\u00e9cr\u00e9tions New Askir 36 BR Flovac, avec batterie - Sublimation soins experts\" \/>\n<meta property=\"og:description\" content=\"\u2022 L\u2019aspirator New Askir 36BR Flovac est con\u00e7u pour les soins \u00e0 domicile et un usage professionnel et avec une aspiration puissante de 36 l\/min maximum et un fonctionnement sur batterie de 60\u2019 \u2022 L\u2019aspirator New Askir 36BR Flovac est l\u00e9ger pour un transport facile et dispose de trois options de fonctionnement diff\u00e9rentes : adaptateur [&hellip;]\" \/>\n<meta property=\"og:url\" content=\"https:\/\/sublimationsoinsexperts.com\/index.php\/product\/aspirateur-de-secretions-new-askir-36-br-flovac-avec-batterie\/\" \/>\n<meta property=\"og:site_name\" content=\"Sublimation soins experts\" \/>\n<meta property=\"og:image\" content=\"http:\/\/sublimationsoinsexperts.com\/wp-content\/uploads\/2024\/03\/339.340_Aspirateur-de-secretions-New-Askir-36-BR-Flovac-avec-batterie.jpg\" \/>\n\t<meta property=\"og:image:width\" content=\"400\" \/>\n\t<meta property=\"og:image:height\" content=\"400\" \/>\n\t<meta property=\"og:image:type\" content=\"image\/jpeg\" \/>\n<meta name=\"twitter:card\" content=\"summary_large_image\" \/>\n<meta name=\"twitter:label1\" content=\"Dur\u00e9e de lecture estim\u00e9e\" \/>\n\t<meta name=\"twitter:data1\" content=\"2 minutes\" \/>\n<script type=\"application\/ld+json\" class=\"yoast-schema-graph\">{\"@context\":\"https:\\\/\\\/schema.org\",\"@graph\":[{\"@type\":\"WebPage\",\"@id\":\"https:\\\/\\\/sublimationsoinsexperts.com\\\/index.php\\\/product\\\/aspirateur-de-secretions-new-askir-36-br-flovac-avec-batterie\\\/\",\"url\":\"https:\\\/\\\/sublimationsoinsexperts.com\\\/index.php\\\/product\\\/aspirateur-de-secretions-new-askir-36-br-flovac-avec-batterie\\\/\",\"name\":\"Aspirateur de s\u00e9cr\u00e9tions New Askir 36 BR Flovac, avec batterie - Sublimation soins experts\",\"isPartOf\":{\"@id\":\"https:\\\/\\\/sublimationsoinsexperts.com\\\/#website\"},\"primaryImageOfPage\":{\"@id\":\"https:\\\/\\\/sublimationsoinsexperts.com\\\/index.php\\\/product\\\/aspirateur-de-secretions-new-askir-36-br-flovac-avec-batterie\\\/#primaryimage\"},\"image\":{\"@id\":\"https:\\\/\\\/sublimationsoinsexperts.com\\\/index.php\\\/product\\\/aspirateur-de-secretions-new-askir-36-br-flovac-avec-batterie\\\/#primaryimage\"},\"thumbnailUrl\":\"https:\\\/\\\/sublimationsoinsexperts.com\\\/wp-content\\\/uploads\\\/2024\\\/03\\\/339.340_Aspirateur-de-secretions-New-Askir-36-BR-Flovac-avec-batterie.jpg\",\"datePublished\":\"2024-03-28T13:23:06+00:00\",\"breadcrumb\":{\"@id\":\"https:\\\/\\\/sublimationsoinsexperts.com\\\/index.php\\\/product\\\/aspirateur-de-secretions-new-askir-36-br-flovac-avec-batterie\\\/#breadcrumb\"},\"inLanguage\":\"fr-FR\",\"potentialAction\":[{\"@type\":\"ReadAction\",\"target\":[\"https:\\\/\\\/sublimationsoinsexperts.com\\\/index.php\\\/product\\\/aspirateur-de-secretions-new-askir-36-br-flovac-avec-batterie\\\/\"]}]},{\"@type\":\"ImageObject\",\"inLanguage\":\"fr-FR\",\"@id\":\"https:\\\/\\\/sublimationsoinsexperts.com\\\/index.php\\\/product\\\/aspirateur-de-secretions-new-askir-36-br-flovac-avec-batterie\\\/#primaryimage\",\"url\":\"https:\\\/\\\/sublimationsoinsexperts.com\\\/wp-content\\\/uploads\\\/2024\\\/03\\\/339.340_Aspirateur-de-secretions-New-Askir-36-BR-Flovac-avec-batterie.jpg\",\"contentUrl\":\"https:\\\/\\\/sublimationsoinsexperts.com\\\/wp-content\\\/uploads\\\/2024\\\/03\\\/339.340_Aspirateur-de-secretions-New-Askir-36-BR-Flovac-avec-batterie.jpg\",\"width\":400,\"height\":400},{\"@type\":\"BreadcrumbList\",\"@id\":\"https:\\\/\\\/sublimationsoinsexperts.com\\\/index.php\\\/product\\\/aspirateur-de-secretions-new-askir-36-br-flovac-avec-batterie\\\/#breadcrumb\",\"itemListElement\":[{\"@type\":\"ListItem\",\"position\":1,\"name\":\"Accueil\",\"item\":\"https:\\\/\\\/sublimationsoinsexperts.com\\\/\"},{\"@type\":\"ListItem\",\"position\":2,\"name\":\"Shop\",\"item\":\"https:\\\/\\\/sublimationsoinsexperts.com\\\/index.php\\\/shop\\\/\"},{\"@type\":\"ListItem\",\"position\":3,\"name\":\"Aspirateur de s\u00e9cr\u00e9tions New Askir 36 BR Flovac, avec batterie\"}]},{\"@type\":\"WebSite\",\"@id\":\"https:\\\/\\\/sublimationsoinsexperts.com\\\/#website\",\"url\":\"https:\\\/\\\/sublimationsoinsexperts.com\\\/\",\"name\":\"Sublimation soins experts\",\"description\":\"\",\"potentialAction\":[{\"@type\":\"SearchAction\",\"target\":{\"@type\":\"EntryPoint\",\"urlTemplate\":\"https:\\\/\\\/sublimationsoinsexperts.com\\\/?s={search_term_string}\"},\"query-input\":{\"@type\":\"PropertyValueSpecification\",\"valueRequired\":true,\"valueName\":\"search_term_string\"}}],\"inLanguage\":\"fr-FR\"}]}<\/script>\n<!-- \/ Yoast SEO plugin. -->","yoast_head_json":{"title":"Aspirateur de s\u00e9cr\u00e9tions New Askir 36 BR Flovac, avec batterie - Sublimation soins experts","robots":{"index":"index","follow":"follow","max-snippet":"max-snippet:-1","max-image-preview":"max-image-preview:large","max-video-preview":"max-video-preview:-1"},"canonical":"https:\/\/sublimationsoinsexperts.com\/index.php\/product\/aspirateur-de-secretions-new-askir-36-br-flovac-avec-batterie\/","og_locale":"fr_FR","og_type":"article","og_title":"Aspirateur de s\u00e9cr\u00e9tions New Askir 36 BR Flovac, avec batterie - Sublimation soins experts","og_description":"\u2022 L\u2019aspirator New Askir 36BR Flovac est con\u00e7u pour les soins \u00e0 domicile et un usage professionnel et avec une aspiration puissante de 36 l\/min maximum et un fonctionnement sur batterie de 60\u2019 \u2022 L\u2019aspirator New Askir 36BR Flovac est l\u00e9ger pour un transport facile et dispose de trois options de fonctionnement diff\u00e9rentes : adaptateur [&hellip;]","og_url":"https:\/\/sublimationsoinsexperts.com\/index.php\/product\/aspirateur-de-secretions-new-askir-36-br-flovac-avec-batterie\/","og_site_name":"Sublimation soins experts","og_image":[{"width":400,"height":400,"url":"http:\/\/sublimationsoinsexperts.com\/wp-content\/uploads\/2024\/03\/339.340_Aspirateur-de-secretions-New-Askir-36-BR-Flovac-avec-batterie.jpg","type":"image\/jpeg"}],"twitter_card":"summary_large_image","twitter_misc":{"Dur\u00e9e de lecture estim\u00e9e":"2 minutes"},"schema":{"@context":"https:\/\/schema.org","@graph":[{"@type":"WebPage","@id":"https:\/\/sublimationsoinsexperts.com\/index.php\/product\/aspirateur-de-secretions-new-askir-36-br-flovac-avec-batterie\/","url":"https:\/\/sublimationsoinsexperts.com\/index.php\/product\/aspirateur-de-secretions-new-askir-36-br-flovac-avec-batterie\/","name":"Aspirateur de s\u00e9cr\u00e9tions New Askir 36 BR Flovac, avec batterie - Sublimation soins experts","isPartOf":{"@id":"https:\/\/sublimationsoinsexperts.com\/#website"},"primaryImageOfPage":{"@id":"https:\/\/sublimationsoinsexperts.com\/index.php\/product\/aspirateur-de-secretions-new-askir-36-br-flovac-avec-batterie\/#primaryimage"},"image":{"@id":"https:\/\/sublimationsoinsexperts.com\/index.php\/product\/aspirateur-de-secretions-new-askir-36-br-flovac-avec-batterie\/#primaryimage"},"thumbnailUrl":"https:\/\/sublimationsoinsexperts.com\/wp-content\/uploads\/2024\/03\/339.340_Aspirateur-de-secretions-New-Askir-36-BR-Flovac-avec-batterie.jpg","datePublished":"2024-03-28T13:23:06+00:00","breadcrumb":{"@id":"https:\/\/sublimationsoinsexperts.com\/index.php\/product\/aspirateur-de-secretions-new-askir-36-br-flovac-avec-batterie\/#breadcrumb"},"inLanguage":"fr-FR","potentialAction":[{"@type":"ReadAction","target":["https:\/\/sublimationsoinsexperts.com\/index.php\/product\/aspirateur-de-secretions-new-askir-36-br-flovac-avec-batterie\/"]}]},{"@type":"ImageObject","inLanguage":"fr-FR","@id":"https:\/\/sublimationsoinsexperts.com\/index.php\/product\/aspirateur-de-secretions-new-askir-36-br-flovac-avec-batterie\/#primaryimage","url":"https:\/\/sublimationsoinsexperts.com\/wp-content\/uploads\/2024\/03\/339.340_Aspirateur-de-secretions-New-Askir-36-BR-Flovac-avec-batterie.jpg","contentUrl":"https:\/\/sublimationsoinsexperts.com\/wp-content\/uploads\/2024\/03\/339.340_Aspirateur-de-secretions-New-Askir-36-BR-Flovac-avec-batterie.jpg","width":400,"height":400},{"@type":"BreadcrumbList","@id":"https:\/\/sublimationsoinsexperts.com\/index.php\/product\/aspirateur-de-secretions-new-askir-36-br-flovac-avec-batterie\/#breadcrumb","itemListElement":[{"@type":"ListItem","position":1,"name":"Accueil","item":"https:\/\/sublimationsoinsexperts.com\/"},{"@type":"ListItem","position":2,"name":"Shop","item":"https:\/\/sublimationsoinsexperts.com\/index.php\/shop\/"},{"@type":"ListItem","position":3,"name":"Aspirateur de s\u00e9cr\u00e9tions New Askir 36 BR Flovac, avec batterie"}]},{"@type":"WebSite","@id":"https:\/\/sublimationsoinsexperts.com\/#website","url":"https:\/\/sublimationsoinsexperts.com\/","name":"Sublimation soins experts","description":"","potentialAction":[{"@type":"SearchAction","target":{"@type":"EntryPoint","urlTemplate":"https:\/\/sublimationsoinsexperts.com\/?s={search_term_string}"},"query-input":{"@type":"PropertyValueSpecification","valueRequired":true,"valueName":"search_term_string"}}],"inLanguage":"fr-FR"}]}},"_links":{"self":[{"href":"https:\/\/sublimationsoinsexperts.com\/index.php\/wp-json\/wp\/v2\/product\/2713","targetHints":{"allow":["GET"]}}],"collection":[{"href":"https:\/\/sublimationsoinsexperts.com\/index.php\/wp-json\/wp\/v2\/product"}],"about":[{"href":"https:\/\/sublimationsoinsexperts.com\/index.php\/wp-json\/wp\/v2\/types\/product"}],"replies":[{"embeddable":true,"href":"https:\/\/sublimationsoinsexperts.com\/index.php\/wp-json\/wp\/v2\/comments?post=2713"}],"wp:featuredmedia":[{"embeddable":true,"href":"https:\/\/sublimationsoinsexperts.com\/index.php\/wp-json\/wp\/v2\/media\/2714"}],"wp:attachment":[{"href":"https:\/\/sublimationsoinsexperts.com\/index.php\/wp-json\/wp\/v2\/media?parent=2713"}],"wp:term":[{"taxonomy":"product_brand","embeddable":true,"href":"https:\/\/sublimationsoinsexperts.com\/index.php\/wp-json\/wp\/v2\/product_brand?post=2713"},{"taxonomy":"product_cat","embeddable":true,"href":"https:\/\/sublimationsoinsexperts.com\/index.php\/wp-json\/wp\/v2\/product_cat?post=2713"},{"taxonomy":"product_tag","embeddable":true,"href":"https:\/\/sublimationsoinsexperts.com\/index.php\/wp-json\/wp\/v2\/product_tag?post=2713"}],"curies":[{"name":"wp","href":"https:\/\/api.w.org\/{rel}","templated":true}]}}