{"id":2742,"date":"2024-03-28T21:26:27","date_gmt":"2024-03-28T21:26:27","guid":{"rendered":"https:\/\/sublimationsoinsexperts.com\/?post_type=product&#038;p=2742"},"modified":"2024-03-28T21:26:27","modified_gmt":"2024-03-28T21:26:27","slug":"aerosol-portable-mesh-kiwi-plus","status":"publish","type":"product","link":"https:\/\/sublimationsoinsexperts.com\/index.php\/product\/aerosol-portable-mesh-kiwi-plus\/","title":{"rendered":"A\u00e9rosol portable Mesh Kiwi Plus"},"content":{"rendered":"<p>\u2022 Kiwi Plus est un syst\u00e8me de distribution d\u2019a\u00e9rosols fonctionnant au moyen de la technologie Mesh r\u00e9unissant les meilleures caract\u00e9ristiques des syst\u00e8mes \u00e0 compresseur et \u00e0 ultrasons dans la m\u00eame unit\u00e9.<br \/>\n\u2022 En effet, Kiwi Plus allie la rapidit\u00e9 et l\u2019efficacit\u00e9 d\u2019un syst\u00e8me \u00e0 compresseur avec le silence et la polyvalence -alimentation ou alimentation par batterie-, d\u2019un syst\u00e8me \u00e0 ultrasons.<br \/>\n\u2022 C\u2019est l\u2019appareil id\u00e9al pour les adultes et les enfants, en soins \u00e0 domicile ou en urgence en plein air. Plus de 200 minutes d\u2019autonomie avec batterie interne rechargeable Lithium-Iones.<br \/>\n\u2022 La chambre \u00e0 m\u00e9dicament est en polycarbonate (PC) qui assure une haute r\u00e9sistance et sa conception garantit une efficacit\u00e9 th\u00e9rapeutique maximale, r\u00e9duisant la quantit\u00e9 de m\u00e9dicament non vaporis\u00e9 \u00e0 moins de 0,1 ml (la plus faible d\u00e9clar\u00e9e sur le march\u00e9).<br \/>\n\u2022 Sa technologie de maille a \u00e9t\u00e9 optimis\u00e9e pour obtenir des param\u00e8tres de n\u00e9bulisation efficaces avec une fraction respirante de 93 % et un MMAD de 1,51 \u00b5m .<br \/>\n\u2022 Accessoires inclus:<br \/>\n&#8211; Unit\u00e9 principale avec chambre de m\u00e9dicament amovible int\u00e9gr\u00e9e mesh<br \/>\n&#8211; Masque adulte<br \/>\n&#8211; Masque p\u00e9diatrique<br \/>\n&#8211; Embouchure<br \/>\n&#8211; Connecteur masques<br \/>\n&#8211; Batterie au lithium interne de 2600 mAh (300 cycles de charge complets \/ 1100 heures de fonctionnement)<br \/>\n&#8211; Adaptateur de commutation 100-240V 50\/60Hz<br \/>\n&#8211; Sac de transport<br \/>\n\u2022 Caract\u00e9ristiques:<br \/>\n&#8211; Source de courant 100-240V &#8211; 50\/60Hz par adaptateur secteur<br \/>\n&#8211; Consommation d\u2019\u00e9nergie 2,0 W<br \/>\n&#8211; Diam\u00e8tre a\u00e9rodynamique m\u00e9dian en masse 1,51 \u00b5m (MMAD) selon EN-13544-1<br \/>\n&#8211; Volume r\u00e9siduel &lt; 0,1 ml<br \/>\n&#8211; Cycle de service Fonctionnement non stop (sur secteur uniquement)<br \/>\n&#8211; Fraction respirable (&lt; 5\u00b5m) 93%<br \/>\n&#8211; Mode autonettoyant 30 secondes<br \/>\n&#8211; Niveau sonore (Norme EN 13544-1) 38,2 dBA<br \/>\n&#8211; Poids 150 g<br \/>\n&#8211; Taille (unit\u00e9 principale) 4,8 x 5,8 x 12,7 cm<\/p>\n<p>&nbsp;<\/p>\n<p>REF GOHY 331.030<\/p>\n","protected":false},"excerpt":{"rendered":"<p>\u2022 Kiwi Plus est un syst\u00e8me de distribution d\u2019a\u00e9rosols fonctionnant au moyen de la technologie Mesh r\u00e9unissant les meilleures caract\u00e9ristiques des syst\u00e8mes \u00e0 compresseur et \u00e0 ultrasons dans la m\u00eame unit\u00e9. \u2022 En effet, Kiwi Plus allie la rapidit\u00e9 et l\u2019efficacit\u00e9 d\u2019un syst\u00e8me \u00e0 compresseur avec le silence et la polyvalence -alimentation ou alimentation par [&hellip;]<\/p>\n","protected":false},"featured_media":2743,"comment_status":"open","ping_status":"closed","template":"","meta":[],"product_brand":[],"product_cat":[107,87,39],"product_tag":[],"class_list":{"0":"post-2742","1":"product","2":"type-product","3":"status-publish","4":"has-post-thumbnail","6":"product_cat-aerosol-sur-batterie","7":"product_cat-aerosols","8":"product_cat-diagnostic-et-therapie","10":"first","11":"instock","12":"shipping-taxable","13":"purchasable","14":"product-type-simple"},"yoast_head":"<!-- This site is optimized with the Yoast SEO plugin v27.3 - https:\/\/yoast.com\/product\/yoast-seo-wordpress\/ -->\n<title>A\u00e9rosol portable Mesh Kiwi Plus - Sublimation soins experts<\/title>\n<meta name=\"robots\" content=\"index, follow, max-snippet:-1, max-image-preview:large, max-video-preview:-1\" \/>\n<link rel=\"canonical\" href=\"https:\/\/sublimationsoinsexperts.com\/index.php\/product\/aerosol-portable-mesh-kiwi-plus\/\" \/>\n<meta property=\"og:locale\" content=\"fr_FR\" \/>\n<meta property=\"og:type\" content=\"article\" \/>\n<meta property=\"og:title\" content=\"A\u00e9rosol portable Mesh Kiwi Plus - Sublimation soins experts\" \/>\n<meta property=\"og:description\" content=\"\u2022 Kiwi Plus est un syst\u00e8me de distribution d\u2019a\u00e9rosols fonctionnant au moyen de la technologie Mesh r\u00e9unissant les meilleures caract\u00e9ristiques des syst\u00e8mes \u00e0 compresseur et \u00e0 ultrasons dans la m\u00eame unit\u00e9. \u2022 En effet, Kiwi Plus allie la rapidit\u00e9 et l\u2019efficacit\u00e9 d\u2019un syst\u00e8me \u00e0 compresseur avec le silence et la polyvalence -alimentation ou alimentation par [&hellip;]\" \/>\n<meta property=\"og:url\" content=\"https:\/\/sublimationsoinsexperts.com\/index.php\/product\/aerosol-portable-mesh-kiwi-plus\/\" \/>\n<meta property=\"og:site_name\" content=\"Sublimation soins experts\" \/>\n<meta property=\"og:image\" content=\"http:\/\/sublimationsoinsexperts.com\/wp-content\/uploads\/2024\/03\/331.330_Aerosol-portable-Mesh-Kiwi-Plus.jpg\" \/>\n\t<meta property=\"og:image:width\" content=\"400\" \/>\n\t<meta property=\"og:image:height\" content=\"400\" \/>\n\t<meta property=\"og:image:type\" content=\"image\/jpeg\" \/>\n<meta name=\"twitter:card\" content=\"summary_large_image\" \/>\n<meta name=\"twitter:label1\" content=\"Dur\u00e9e de lecture estim\u00e9e\" \/>\n\t<meta name=\"twitter:data1\" content=\"2 minutes\" \/>\n<script type=\"application\/ld+json\" class=\"yoast-schema-graph\">{\"@context\":\"https:\\\/\\\/schema.org\",\"@graph\":[{\"@type\":\"WebPage\",\"@id\":\"https:\\\/\\\/sublimationsoinsexperts.com\\\/index.php\\\/product\\\/aerosol-portable-mesh-kiwi-plus\\\/\",\"url\":\"https:\\\/\\\/sublimationsoinsexperts.com\\\/index.php\\\/product\\\/aerosol-portable-mesh-kiwi-plus\\\/\",\"name\":\"A\u00e9rosol portable Mesh Kiwi Plus - Sublimation soins experts\",\"isPartOf\":{\"@id\":\"https:\\\/\\\/sublimationsoinsexperts.com\\\/#website\"},\"primaryImageOfPage\":{\"@id\":\"https:\\\/\\\/sublimationsoinsexperts.com\\\/index.php\\\/product\\\/aerosol-portable-mesh-kiwi-plus\\\/#primaryimage\"},\"image\":{\"@id\":\"https:\\\/\\\/sublimationsoinsexperts.com\\\/index.php\\\/product\\\/aerosol-portable-mesh-kiwi-plus\\\/#primaryimage\"},\"thumbnailUrl\":\"https:\\\/\\\/sublimationsoinsexperts.com\\\/wp-content\\\/uploads\\\/2024\\\/03\\\/331.330_Aerosol-portable-Mesh-Kiwi-Plus.jpg\",\"datePublished\":\"2024-03-28T21:26:27+00:00\",\"breadcrumb\":{\"@id\":\"https:\\\/\\\/sublimationsoinsexperts.com\\\/index.php\\\/product\\\/aerosol-portable-mesh-kiwi-plus\\\/#breadcrumb\"},\"inLanguage\":\"fr-FR\",\"potentialAction\":[{\"@type\":\"ReadAction\",\"target\":[\"https:\\\/\\\/sublimationsoinsexperts.com\\\/index.php\\\/product\\\/aerosol-portable-mesh-kiwi-plus\\\/\"]}]},{\"@type\":\"ImageObject\",\"inLanguage\":\"fr-FR\",\"@id\":\"https:\\\/\\\/sublimationsoinsexperts.com\\\/index.php\\\/product\\\/aerosol-portable-mesh-kiwi-plus\\\/#primaryimage\",\"url\":\"https:\\\/\\\/sublimationsoinsexperts.com\\\/wp-content\\\/uploads\\\/2024\\\/03\\\/331.330_Aerosol-portable-Mesh-Kiwi-Plus.jpg\",\"contentUrl\":\"https:\\\/\\\/sublimationsoinsexperts.com\\\/wp-content\\\/uploads\\\/2024\\\/03\\\/331.330_Aerosol-portable-Mesh-Kiwi-Plus.jpg\",\"width\":400,\"height\":400},{\"@type\":\"BreadcrumbList\",\"@id\":\"https:\\\/\\\/sublimationsoinsexperts.com\\\/index.php\\\/product\\\/aerosol-portable-mesh-kiwi-plus\\\/#breadcrumb\",\"itemListElement\":[{\"@type\":\"ListItem\",\"position\":1,\"name\":\"Accueil\",\"item\":\"https:\\\/\\\/sublimationsoinsexperts.com\\\/\"},{\"@type\":\"ListItem\",\"position\":2,\"name\":\"Shop\",\"item\":\"https:\\\/\\\/sublimationsoinsexperts.com\\\/index.php\\\/shop\\\/\"},{\"@type\":\"ListItem\",\"position\":3,\"name\":\"A\u00e9rosol portable Mesh Kiwi Plus\"}]},{\"@type\":\"WebSite\",\"@id\":\"https:\\\/\\\/sublimationsoinsexperts.com\\\/#website\",\"url\":\"https:\\\/\\\/sublimationsoinsexperts.com\\\/\",\"name\":\"Sublimation soins experts\",\"description\":\"\",\"potentialAction\":[{\"@type\":\"SearchAction\",\"target\":{\"@type\":\"EntryPoint\",\"urlTemplate\":\"https:\\\/\\\/sublimationsoinsexperts.com\\\/?s={search_term_string}\"},\"query-input\":{\"@type\":\"PropertyValueSpecification\",\"valueRequired\":true,\"valueName\":\"search_term_string\"}}],\"inLanguage\":\"fr-FR\"}]}<\/script>\n<!-- \/ Yoast SEO plugin. -->","yoast_head_json":{"title":"A\u00e9rosol portable Mesh Kiwi Plus - Sublimation soins experts","robots":{"index":"index","follow":"follow","max-snippet":"max-snippet:-1","max-image-preview":"max-image-preview:large","max-video-preview":"max-video-preview:-1"},"canonical":"https:\/\/sublimationsoinsexperts.com\/index.php\/product\/aerosol-portable-mesh-kiwi-plus\/","og_locale":"fr_FR","og_type":"article","og_title":"A\u00e9rosol portable Mesh Kiwi Plus - Sublimation soins experts","og_description":"\u2022 Kiwi Plus est un syst\u00e8me de distribution d\u2019a\u00e9rosols fonctionnant au moyen de la technologie Mesh r\u00e9unissant les meilleures caract\u00e9ristiques des syst\u00e8mes \u00e0 compresseur et \u00e0 ultrasons dans la m\u00eame unit\u00e9. \u2022 En effet, Kiwi Plus allie la rapidit\u00e9 et l\u2019efficacit\u00e9 d\u2019un syst\u00e8me \u00e0 compresseur avec le silence et la polyvalence -alimentation ou alimentation par [&hellip;]","og_url":"https:\/\/sublimationsoinsexperts.com\/index.php\/product\/aerosol-portable-mesh-kiwi-plus\/","og_site_name":"Sublimation soins experts","og_image":[{"width":400,"height":400,"url":"http:\/\/sublimationsoinsexperts.com\/wp-content\/uploads\/2024\/03\/331.330_Aerosol-portable-Mesh-Kiwi-Plus.jpg","type":"image\/jpeg"}],"twitter_card":"summary_large_image","twitter_misc":{"Dur\u00e9e de lecture estim\u00e9e":"2 minutes"},"schema":{"@context":"https:\/\/schema.org","@graph":[{"@type":"WebPage","@id":"https:\/\/sublimationsoinsexperts.com\/index.php\/product\/aerosol-portable-mesh-kiwi-plus\/","url":"https:\/\/sublimationsoinsexperts.com\/index.php\/product\/aerosol-portable-mesh-kiwi-plus\/","name":"A\u00e9rosol portable Mesh Kiwi Plus - Sublimation soins experts","isPartOf":{"@id":"https:\/\/sublimationsoinsexperts.com\/#website"},"primaryImageOfPage":{"@id":"https:\/\/sublimationsoinsexperts.com\/index.php\/product\/aerosol-portable-mesh-kiwi-plus\/#primaryimage"},"image":{"@id":"https:\/\/sublimationsoinsexperts.com\/index.php\/product\/aerosol-portable-mesh-kiwi-plus\/#primaryimage"},"thumbnailUrl":"https:\/\/sublimationsoinsexperts.com\/wp-content\/uploads\/2024\/03\/331.330_Aerosol-portable-Mesh-Kiwi-Plus.jpg","datePublished":"2024-03-28T21:26:27+00:00","breadcrumb":{"@id":"https:\/\/sublimationsoinsexperts.com\/index.php\/product\/aerosol-portable-mesh-kiwi-plus\/#breadcrumb"},"inLanguage":"fr-FR","potentialAction":[{"@type":"ReadAction","target":["https:\/\/sublimationsoinsexperts.com\/index.php\/product\/aerosol-portable-mesh-kiwi-plus\/"]}]},{"@type":"ImageObject","inLanguage":"fr-FR","@id":"https:\/\/sublimationsoinsexperts.com\/index.php\/product\/aerosol-portable-mesh-kiwi-plus\/#primaryimage","url":"https:\/\/sublimationsoinsexperts.com\/wp-content\/uploads\/2024\/03\/331.330_Aerosol-portable-Mesh-Kiwi-Plus.jpg","contentUrl":"https:\/\/sublimationsoinsexperts.com\/wp-content\/uploads\/2024\/03\/331.330_Aerosol-portable-Mesh-Kiwi-Plus.jpg","width":400,"height":400},{"@type":"BreadcrumbList","@id":"https:\/\/sublimationsoinsexperts.com\/index.php\/product\/aerosol-portable-mesh-kiwi-plus\/#breadcrumb","itemListElement":[{"@type":"ListItem","position":1,"name":"Accueil","item":"https:\/\/sublimationsoinsexperts.com\/"},{"@type":"ListItem","position":2,"name":"Shop","item":"https:\/\/sublimationsoinsexperts.com\/index.php\/shop\/"},{"@type":"ListItem","position":3,"name":"A\u00e9rosol portable Mesh Kiwi Plus"}]},{"@type":"WebSite","@id":"https:\/\/sublimationsoinsexperts.com\/#website","url":"https:\/\/sublimationsoinsexperts.com\/","name":"Sublimation soins experts","description":"","potentialAction":[{"@type":"SearchAction","target":{"@type":"EntryPoint","urlTemplate":"https:\/\/sublimationsoinsexperts.com\/?s={search_term_string}"},"query-input":{"@type":"PropertyValueSpecification","valueRequired":true,"valueName":"search_term_string"}}],"inLanguage":"fr-FR"}]}},"_links":{"self":[{"href":"https:\/\/sublimationsoinsexperts.com\/index.php\/wp-json\/wp\/v2\/product\/2742","targetHints":{"allow":["GET"]}}],"collection":[{"href":"https:\/\/sublimationsoinsexperts.com\/index.php\/wp-json\/wp\/v2\/product"}],"about":[{"href":"https:\/\/sublimationsoinsexperts.com\/index.php\/wp-json\/wp\/v2\/types\/product"}],"replies":[{"embeddable":true,"href":"https:\/\/sublimationsoinsexperts.com\/index.php\/wp-json\/wp\/v2\/comments?post=2742"}],"wp:featuredmedia":[{"embeddable":true,"href":"https:\/\/sublimationsoinsexperts.com\/index.php\/wp-json\/wp\/v2\/media\/2743"}],"wp:attachment":[{"href":"https:\/\/sublimationsoinsexperts.com\/index.php\/wp-json\/wp\/v2\/media?parent=2742"}],"wp:term":[{"taxonomy":"product_brand","embeddable":true,"href":"https:\/\/sublimationsoinsexperts.com\/index.php\/wp-json\/wp\/v2\/product_brand?post=2742"},{"taxonomy":"product_cat","embeddable":true,"href":"https:\/\/sublimationsoinsexperts.com\/index.php\/wp-json\/wp\/v2\/product_cat?post=2742"},{"taxonomy":"product_tag","embeddable":true,"href":"https:\/\/sublimationsoinsexperts.com\/index.php\/wp-json\/wp\/v2\/product_tag?post=2742"}],"curies":[{"name":"wp","href":"https:\/\/api.w.org\/{rel}","templated":true}]}}