{"id":2746,"date":"2024-03-28T21:32:14","date_gmt":"2024-03-28T21:32:14","guid":{"rendered":"https:\/\/sublimationsoinsexperts.com\/?post_type=product&#038;p=2746"},"modified":"2024-03-28T21:32:14","modified_gmt":"2024-03-28T21:32:14","slug":"appareil-daerosoltherapie-flaem-hospineb","status":"publish","type":"product","link":"https:\/\/sublimationsoinsexperts.com\/index.php\/product\/appareil-daerosoltherapie-flaem-hospineb\/","title":{"rendered":"Appareil d\u2019a\u00e9rosolth\u00e9rapie Flaem Hospineb"},"content":{"rendered":"<p>\u2022 Appareil d\u2019a\u00e9rosolth\u00e9rapie pour une utilisation professionnelle.<br \/>\n\u2022 Pour un usage continu.<br \/>\n\u2022 Rapide et efficace avec n\u00e9buliseur \u00e9quip\u00e9 de syst\u00e8me de valve.<br \/>\n\u2022 Avec poign\u00e9e de transport et compartiment de rangement du cordon.<br \/>\n\u2022 Livr\u00e9 avec masques adulte et enfant Soft Touch.<br \/>\n\u2022 Pression maximum : 3,5 Bar.<br \/>\n\u2022 D\u00e9bit d\u2019air du compresseur: 14 l\/min.<br \/>\n\u2022 Capacit\u00e9 n\u00e9buliseur: 8 ml.<br \/>\n\u2022 Alimentation : 230 V &#8211; 50 Hz &#8211; (150 VA).<br \/>\n\u2022 Bruit : 57 dB.<br \/>\n\u2022 Dimensions: 20 x 18 x 11 cm (L x l x H).<br \/>\n\u2022 Poids: 1,8 kg.<\/p>\n<p>&nbsp;<\/p>\n<p>REF GOHY 331.160<\/p>\n","protected":false},"excerpt":{"rendered":"<p>\u2022 Appareil d\u2019a\u00e9rosolth\u00e9rapie pour une utilisation professionnelle. \u2022 Pour un usage continu. \u2022 Rapide et efficace avec n\u00e9buliseur \u00e9quip\u00e9 de syst\u00e8me de valve. \u2022 Avec poign\u00e9e de transport et compartiment de rangement du cordon. \u2022 Livr\u00e9 avec masques adulte et enfant Soft Touch. \u2022 Pression maximum : 3,5 Bar. \u2022 D\u00e9bit d\u2019air du compresseur: 14 [&hellip;]<\/p>\n","protected":false},"featured_media":2747,"comment_status":"open","ping_status":"closed","template":"","meta":[],"product_brand":[],"product_cat":[87,104,39],"product_tag":[],"class_list":{"0":"post-2746","1":"product","2":"type-product","3":"status-publish","4":"has-post-thumbnail","6":"product_cat-aerosols","7":"product_cat-aerosols-professionnels","8":"product_cat-diagnostic-et-therapie","10":"first","11":"instock","12":"shipping-taxable","13":"purchasable","14":"product-type-simple"},"yoast_head":"<!-- This site is optimized with the Yoast SEO plugin v27.5 - https:\/\/yoast.com\/product\/yoast-seo-wordpress\/ -->\n<title>Appareil d\u2019a\u00e9rosolth\u00e9rapie Flaem Hospineb - Sublimation soins experts<\/title>\n<meta name=\"robots\" content=\"index, follow, max-snippet:-1, max-image-preview:large, max-video-preview:-1\" \/>\n<link rel=\"canonical\" href=\"https:\/\/sublimationsoinsexperts.com\/index.php\/product\/appareil-daerosoltherapie-flaem-hospineb\/\" \/>\n<meta property=\"og:locale\" content=\"fr_FR\" \/>\n<meta property=\"og:type\" content=\"article\" \/>\n<meta property=\"og:title\" content=\"Appareil d\u2019a\u00e9rosolth\u00e9rapie Flaem Hospineb - Sublimation soins experts\" \/>\n<meta property=\"og:description\" content=\"\u2022 Appareil d\u2019a\u00e9rosolth\u00e9rapie pour une utilisation professionnelle. \u2022 Pour un usage continu. \u2022 Rapide et efficace avec n\u00e9buliseur \u00e9quip\u00e9 de syst\u00e8me de valve. \u2022 Avec poign\u00e9e de transport et compartiment de rangement du cordon. \u2022 Livr\u00e9 avec masques adulte et enfant Soft Touch. \u2022 Pression maximum : 3,5 Bar. \u2022 D\u00e9bit d\u2019air du compresseur: 14 [&hellip;]\" \/>\n<meta property=\"og:url\" content=\"https:\/\/sublimationsoinsexperts.com\/index.php\/product\/appareil-daerosoltherapie-flaem-hospineb\/\" \/>\n<meta property=\"og:site_name\" content=\"Sublimation soins experts\" \/>\n<meta property=\"og:image\" content=\"http:\/\/sublimationsoinsexperts.com\/wp-content\/uploads\/2024\/03\/331.160_Appareil-daerosoltherapie-Flaem-Hospineb.jpg\" \/>\n\t<meta property=\"og:image:width\" content=\"400\" \/>\n\t<meta property=\"og:image:height\" content=\"200\" \/>\n\t<meta property=\"og:image:type\" content=\"image\/jpeg\" \/>\n<meta name=\"twitter:card\" content=\"summary_large_image\" \/>\n<meta name=\"twitter:label1\" content=\"Dur\u00e9e de lecture estim\u00e9e\" \/>\n\t<meta name=\"twitter:data1\" content=\"1 minute\" \/>\n<script type=\"application\/ld+json\" class=\"yoast-schema-graph\">{\"@context\":\"https:\\\/\\\/schema.org\",\"@graph\":[{\"@type\":\"WebPage\",\"@id\":\"https:\\\/\\\/sublimationsoinsexperts.com\\\/index.php\\\/product\\\/appareil-daerosoltherapie-flaem-hospineb\\\/\",\"url\":\"https:\\\/\\\/sublimationsoinsexperts.com\\\/index.php\\\/product\\\/appareil-daerosoltherapie-flaem-hospineb\\\/\",\"name\":\"Appareil d\u2019a\u00e9rosolth\u00e9rapie Flaem Hospineb - Sublimation soins experts\",\"isPartOf\":{\"@id\":\"https:\\\/\\\/sublimationsoinsexperts.com\\\/#website\"},\"primaryImageOfPage\":{\"@id\":\"https:\\\/\\\/sublimationsoinsexperts.com\\\/index.php\\\/product\\\/appareil-daerosoltherapie-flaem-hospineb\\\/#primaryimage\"},\"image\":{\"@id\":\"https:\\\/\\\/sublimationsoinsexperts.com\\\/index.php\\\/product\\\/appareil-daerosoltherapie-flaem-hospineb\\\/#primaryimage\"},\"thumbnailUrl\":\"https:\\\/\\\/sublimationsoinsexperts.com\\\/wp-content\\\/uploads\\\/2024\\\/03\\\/331.160_Appareil-daerosoltherapie-Flaem-Hospineb.jpg\",\"datePublished\":\"2024-03-28T21:32:14+00:00\",\"breadcrumb\":{\"@id\":\"https:\\\/\\\/sublimationsoinsexperts.com\\\/index.php\\\/product\\\/appareil-daerosoltherapie-flaem-hospineb\\\/#breadcrumb\"},\"inLanguage\":\"fr-FR\",\"potentialAction\":[{\"@type\":\"ReadAction\",\"target\":[\"https:\\\/\\\/sublimationsoinsexperts.com\\\/index.php\\\/product\\\/appareil-daerosoltherapie-flaem-hospineb\\\/\"]}]},{\"@type\":\"ImageObject\",\"inLanguage\":\"fr-FR\",\"@id\":\"https:\\\/\\\/sublimationsoinsexperts.com\\\/index.php\\\/product\\\/appareil-daerosoltherapie-flaem-hospineb\\\/#primaryimage\",\"url\":\"https:\\\/\\\/sublimationsoinsexperts.com\\\/wp-content\\\/uploads\\\/2024\\\/03\\\/331.160_Appareil-daerosoltherapie-Flaem-Hospineb.jpg\",\"contentUrl\":\"https:\\\/\\\/sublimationsoinsexperts.com\\\/wp-content\\\/uploads\\\/2024\\\/03\\\/331.160_Appareil-daerosoltherapie-Flaem-Hospineb.jpg\",\"width\":400,\"height\":200},{\"@type\":\"BreadcrumbList\",\"@id\":\"https:\\\/\\\/sublimationsoinsexperts.com\\\/index.php\\\/product\\\/appareil-daerosoltherapie-flaem-hospineb\\\/#breadcrumb\",\"itemListElement\":[{\"@type\":\"ListItem\",\"position\":1,\"name\":\"Accueil\",\"item\":\"https:\\\/\\\/sublimationsoinsexperts.com\\\/\"},{\"@type\":\"ListItem\",\"position\":2,\"name\":\"Shop\",\"item\":\"https:\\\/\\\/sublimationsoinsexperts.com\\\/index.php\\\/shop\\\/\"},{\"@type\":\"ListItem\",\"position\":3,\"name\":\"Appareil d\u2019a\u00e9rosolth\u00e9rapie Flaem Hospineb\"}]},{\"@type\":\"WebSite\",\"@id\":\"https:\\\/\\\/sublimationsoinsexperts.com\\\/#website\",\"url\":\"https:\\\/\\\/sublimationsoinsexperts.com\\\/\",\"name\":\"Sublimation soins experts\",\"description\":\"\",\"potentialAction\":[{\"@type\":\"SearchAction\",\"target\":{\"@type\":\"EntryPoint\",\"urlTemplate\":\"https:\\\/\\\/sublimationsoinsexperts.com\\\/?s={search_term_string}\"},\"query-input\":{\"@type\":\"PropertyValueSpecification\",\"valueRequired\":true,\"valueName\":\"search_term_string\"}}],\"inLanguage\":\"fr-FR\"}]}<\/script>\n<!-- \/ Yoast SEO plugin. -->","yoast_head_json":{"title":"Appareil d\u2019a\u00e9rosolth\u00e9rapie Flaem Hospineb - Sublimation soins experts","robots":{"index":"index","follow":"follow","max-snippet":"max-snippet:-1","max-image-preview":"max-image-preview:large","max-video-preview":"max-video-preview:-1"},"canonical":"https:\/\/sublimationsoinsexperts.com\/index.php\/product\/appareil-daerosoltherapie-flaem-hospineb\/","og_locale":"fr_FR","og_type":"article","og_title":"Appareil d\u2019a\u00e9rosolth\u00e9rapie Flaem Hospineb - Sublimation soins experts","og_description":"\u2022 Appareil d\u2019a\u00e9rosolth\u00e9rapie pour une utilisation professionnelle. \u2022 Pour un usage continu. \u2022 Rapide et efficace avec n\u00e9buliseur \u00e9quip\u00e9 de syst\u00e8me de valve. \u2022 Avec poign\u00e9e de transport et compartiment de rangement du cordon. \u2022 Livr\u00e9 avec masques adulte et enfant Soft Touch. \u2022 Pression maximum : 3,5 Bar. \u2022 D\u00e9bit d\u2019air du compresseur: 14 [&hellip;]","og_url":"https:\/\/sublimationsoinsexperts.com\/index.php\/product\/appareil-daerosoltherapie-flaem-hospineb\/","og_site_name":"Sublimation soins experts","og_image":[{"width":400,"height":200,"url":"http:\/\/sublimationsoinsexperts.com\/wp-content\/uploads\/2024\/03\/331.160_Appareil-daerosoltherapie-Flaem-Hospineb.jpg","type":"image\/jpeg"}],"twitter_card":"summary_large_image","twitter_misc":{"Dur\u00e9e de lecture estim\u00e9e":"1 minute"},"schema":{"@context":"https:\/\/schema.org","@graph":[{"@type":"WebPage","@id":"https:\/\/sublimationsoinsexperts.com\/index.php\/product\/appareil-daerosoltherapie-flaem-hospineb\/","url":"https:\/\/sublimationsoinsexperts.com\/index.php\/product\/appareil-daerosoltherapie-flaem-hospineb\/","name":"Appareil d\u2019a\u00e9rosolth\u00e9rapie Flaem Hospineb - Sublimation soins experts","isPartOf":{"@id":"https:\/\/sublimationsoinsexperts.com\/#website"},"primaryImageOfPage":{"@id":"https:\/\/sublimationsoinsexperts.com\/index.php\/product\/appareil-daerosoltherapie-flaem-hospineb\/#primaryimage"},"image":{"@id":"https:\/\/sublimationsoinsexperts.com\/index.php\/product\/appareil-daerosoltherapie-flaem-hospineb\/#primaryimage"},"thumbnailUrl":"https:\/\/sublimationsoinsexperts.com\/wp-content\/uploads\/2024\/03\/331.160_Appareil-daerosoltherapie-Flaem-Hospineb.jpg","datePublished":"2024-03-28T21:32:14+00:00","breadcrumb":{"@id":"https:\/\/sublimationsoinsexperts.com\/index.php\/product\/appareil-daerosoltherapie-flaem-hospineb\/#breadcrumb"},"inLanguage":"fr-FR","potentialAction":[{"@type":"ReadAction","target":["https:\/\/sublimationsoinsexperts.com\/index.php\/product\/appareil-daerosoltherapie-flaem-hospineb\/"]}]},{"@type":"ImageObject","inLanguage":"fr-FR","@id":"https:\/\/sublimationsoinsexperts.com\/index.php\/product\/appareil-daerosoltherapie-flaem-hospineb\/#primaryimage","url":"https:\/\/sublimationsoinsexperts.com\/wp-content\/uploads\/2024\/03\/331.160_Appareil-daerosoltherapie-Flaem-Hospineb.jpg","contentUrl":"https:\/\/sublimationsoinsexperts.com\/wp-content\/uploads\/2024\/03\/331.160_Appareil-daerosoltherapie-Flaem-Hospineb.jpg","width":400,"height":200},{"@type":"BreadcrumbList","@id":"https:\/\/sublimationsoinsexperts.com\/index.php\/product\/appareil-daerosoltherapie-flaem-hospineb\/#breadcrumb","itemListElement":[{"@type":"ListItem","position":1,"name":"Accueil","item":"https:\/\/sublimationsoinsexperts.com\/"},{"@type":"ListItem","position":2,"name":"Shop","item":"https:\/\/sublimationsoinsexperts.com\/index.php\/shop\/"},{"@type":"ListItem","position":3,"name":"Appareil d\u2019a\u00e9rosolth\u00e9rapie Flaem Hospineb"}]},{"@type":"WebSite","@id":"https:\/\/sublimationsoinsexperts.com\/#website","url":"https:\/\/sublimationsoinsexperts.com\/","name":"Sublimation soins experts","description":"","potentialAction":[{"@type":"SearchAction","target":{"@type":"EntryPoint","urlTemplate":"https:\/\/sublimationsoinsexperts.com\/?s={search_term_string}"},"query-input":{"@type":"PropertyValueSpecification","valueRequired":true,"valueName":"search_term_string"}}],"inLanguage":"fr-FR"}]}},"_links":{"self":[{"href":"https:\/\/sublimationsoinsexperts.com\/index.php\/wp-json\/wp\/v2\/product\/2746","targetHints":{"allow":["GET"]}}],"collection":[{"href":"https:\/\/sublimationsoinsexperts.com\/index.php\/wp-json\/wp\/v2\/product"}],"about":[{"href":"https:\/\/sublimationsoinsexperts.com\/index.php\/wp-json\/wp\/v2\/types\/product"}],"replies":[{"embeddable":true,"href":"https:\/\/sublimationsoinsexperts.com\/index.php\/wp-json\/wp\/v2\/comments?post=2746"}],"wp:featuredmedia":[{"embeddable":true,"href":"https:\/\/sublimationsoinsexperts.com\/index.php\/wp-json\/wp\/v2\/media\/2747"}],"wp:attachment":[{"href":"https:\/\/sublimationsoinsexperts.com\/index.php\/wp-json\/wp\/v2\/media?parent=2746"}],"wp:term":[{"taxonomy":"product_brand","embeddable":true,"href":"https:\/\/sublimationsoinsexperts.com\/index.php\/wp-json\/wp\/v2\/product_brand?post=2746"},{"taxonomy":"product_cat","embeddable":true,"href":"https:\/\/sublimationsoinsexperts.com\/index.php\/wp-json\/wp\/v2\/product_cat?post=2746"},{"taxonomy":"product_tag","embeddable":true,"href":"https:\/\/sublimationsoinsexperts.com\/index.php\/wp-json\/wp\/v2\/product_tag?post=2746"}],"curies":[{"name":"wp","href":"https:\/\/api.w.org\/{rel}","templated":true}]}}