{"id":2748,"date":"2024-03-28T21:35:32","date_gmt":"2024-03-28T21:35:32","guid":{"rendered":"https:\/\/sublimationsoinsexperts.com\/?post_type=product&#038;p=2748"},"modified":"2024-03-28T21:35:32","modified_gmt":"2024-03-28T21:35:32","slug":"appareil-daerosoltherapie-professionnel-airpro-plus","status":"publish","type":"product","link":"https:\/\/sublimationsoinsexperts.com\/index.php\/product\/appareil-daerosoltherapie-professionnel-airpro-plus\/","title":{"rendered":"Appareil d&rsquo;a\u00e9rosolth\u00e9rapie professionnel Airpro Plus"},"content":{"rendered":"<p>\u2022 G\u00e9n\u00e9rateur d\u2019a\u00e9rosol professionnel \u00e0 usage hospitalier, de soin \u00e0 domicile et de location.<br \/>\n\u2022 Compresseur puissant et durable pour une utilisation intensive.<br \/>\n\u2022 D\u00e9bit r\u00e9glable pour l&rsquo;optimisation des param\u00e8tres de traitement.<br \/>\n\u2022 N\u00e9buliseur RF7 Dual Speed Plus \u00e0 pulv\u00e9risation am\u00e9lior\u00e9e.<br \/>\n\u2022 Livr\u00e9 avec masques adulte et enfant Soft Touch, n\u00e9buliseur RF7 Dual Speed avec syst\u00e8me de valve et un filtre haute efficacit\u00e9 qui peut \u00eatre v\u00e9rifi\u00e9 \u00e0 travers le couvercle transparent.<br \/>\n\u2022 Compresseur puissant pour une utilisation en continu et un niveau de bruit faible.<br \/>\n\u2022 Cet a\u00e9rosol peut \u00eatre transport\u00e9 au moyen d&rsquo;une poign\u00e9e int\u00e9gr\u00e9e ergonomique.<br \/>\n\u2022 Flux de n\u00e9bulisation: entre 0,29 et 0,65 ml\/min<br \/>\n\u2022 Pression: 3,5 Bar<br \/>\n\u2022 Taille des particules: min 2,21 \u00b5m &#8211; max 2,38 \u00b5m<br \/>\n\u2022 Volume du r\u00e9cipient: 8 ml<br \/>\n\u2022 Bruit: 55 dB<br \/>\n\u2022 Alimentation : 230 V \u2013 50 Hz \u2013 150 VA,<br \/>\n\u2022 Dimensions: 26 x 12 x 23,5 H cm<br \/>\n\u2022 Poids 2,4 kg<\/p>\n<p>&nbsp;<\/p>\n<p>REF GOHY 331.175<\/p>\n","protected":false},"excerpt":{"rendered":"<p>\u2022 G\u00e9n\u00e9rateur d\u2019a\u00e9rosol professionnel \u00e0 usage hospitalier, de soin \u00e0 domicile et de location. \u2022 Compresseur puissant et durable pour une utilisation intensive. \u2022 D\u00e9bit r\u00e9glable pour l&rsquo;optimisation des param\u00e8tres de traitement. \u2022 N\u00e9buliseur RF7 Dual Speed Plus \u00e0 pulv\u00e9risation am\u00e9lior\u00e9e. \u2022 Livr\u00e9 avec masques adulte et enfant Soft Touch, n\u00e9buliseur RF7 Dual Speed avec [&hellip;]<\/p>\n","protected":false},"featured_media":2749,"comment_status":"open","ping_status":"closed","template":"","meta":[],"product_brand":[],"product_cat":[87,104,39],"product_tag":[],"class_list":{"0":"post-2748","1":"product","2":"type-product","3":"status-publish","4":"has-post-thumbnail","6":"product_cat-aerosols","7":"product_cat-aerosols-professionnels","8":"product_cat-diagnostic-et-therapie","10":"first","11":"instock","12":"shipping-taxable","13":"purchasable","14":"product-type-simple"},"yoast_head":"<!-- This site is optimized with the Yoast SEO plugin v27.3 - https:\/\/yoast.com\/product\/yoast-seo-wordpress\/ -->\n<title>Appareil d&rsquo;a\u00e9rosolth\u00e9rapie professionnel Airpro Plus - Sublimation soins experts<\/title>\n<meta name=\"robots\" content=\"index, follow, max-snippet:-1, max-image-preview:large, max-video-preview:-1\" \/>\n<link rel=\"canonical\" href=\"https:\/\/sublimationsoinsexperts.com\/index.php\/product\/appareil-daerosoltherapie-professionnel-airpro-plus\/\" \/>\n<meta property=\"og:locale\" content=\"fr_FR\" \/>\n<meta property=\"og:type\" content=\"article\" \/>\n<meta property=\"og:title\" content=\"Appareil d&rsquo;a\u00e9rosolth\u00e9rapie professionnel Airpro Plus - Sublimation soins experts\" \/>\n<meta property=\"og:description\" content=\"\u2022 G\u00e9n\u00e9rateur d\u2019a\u00e9rosol professionnel \u00e0 usage hospitalier, de soin \u00e0 domicile et de location. \u2022 Compresseur puissant et durable pour une utilisation intensive. \u2022 D\u00e9bit r\u00e9glable pour l&rsquo;optimisation des param\u00e8tres de traitement. \u2022 N\u00e9buliseur RF7 Dual Speed Plus \u00e0 pulv\u00e9risation am\u00e9lior\u00e9e. \u2022 Livr\u00e9 avec masques adulte et enfant Soft Touch, n\u00e9buliseur RF7 Dual Speed avec [&hellip;]\" \/>\n<meta property=\"og:url\" content=\"https:\/\/sublimationsoinsexperts.com\/index.php\/product\/appareil-daerosoltherapie-professionnel-airpro-plus\/\" \/>\n<meta property=\"og:site_name\" content=\"Sublimation soins experts\" \/>\n<meta property=\"og:image\" content=\"http:\/\/sublimationsoinsexperts.com\/wp-content\/uploads\/2024\/03\/331.175_Appareil-daerosoltherapie-professionnel-Airpro-Plus.jpg\" \/>\n\t<meta property=\"og:image:width\" content=\"400\" \/>\n\t<meta property=\"og:image:height\" content=\"302\" \/>\n\t<meta property=\"og:image:type\" content=\"image\/jpeg\" \/>\n<meta name=\"twitter:card\" content=\"summary_large_image\" \/>\n<meta name=\"twitter:label1\" content=\"Dur\u00e9e de lecture estim\u00e9e\" \/>\n\t<meta name=\"twitter:data1\" content=\"1 minute\" \/>\n<script type=\"application\/ld+json\" class=\"yoast-schema-graph\">{\"@context\":\"https:\\\/\\\/schema.org\",\"@graph\":[{\"@type\":\"WebPage\",\"@id\":\"https:\\\/\\\/sublimationsoinsexperts.com\\\/index.php\\\/product\\\/appareil-daerosoltherapie-professionnel-airpro-plus\\\/\",\"url\":\"https:\\\/\\\/sublimationsoinsexperts.com\\\/index.php\\\/product\\\/appareil-daerosoltherapie-professionnel-airpro-plus\\\/\",\"name\":\"Appareil d&rsquo;a\u00e9rosolth\u00e9rapie professionnel Airpro Plus - Sublimation soins experts\",\"isPartOf\":{\"@id\":\"https:\\\/\\\/sublimationsoinsexperts.com\\\/#website\"},\"primaryImageOfPage\":{\"@id\":\"https:\\\/\\\/sublimationsoinsexperts.com\\\/index.php\\\/product\\\/appareil-daerosoltherapie-professionnel-airpro-plus\\\/#primaryimage\"},\"image\":{\"@id\":\"https:\\\/\\\/sublimationsoinsexperts.com\\\/index.php\\\/product\\\/appareil-daerosoltherapie-professionnel-airpro-plus\\\/#primaryimage\"},\"thumbnailUrl\":\"https:\\\/\\\/sublimationsoinsexperts.com\\\/wp-content\\\/uploads\\\/2024\\\/03\\\/331.175_Appareil-daerosoltherapie-professionnel-Airpro-Plus.jpg\",\"datePublished\":\"2024-03-28T21:35:32+00:00\",\"breadcrumb\":{\"@id\":\"https:\\\/\\\/sublimationsoinsexperts.com\\\/index.php\\\/product\\\/appareil-daerosoltherapie-professionnel-airpro-plus\\\/#breadcrumb\"},\"inLanguage\":\"fr-FR\",\"potentialAction\":[{\"@type\":\"ReadAction\",\"target\":[\"https:\\\/\\\/sublimationsoinsexperts.com\\\/index.php\\\/product\\\/appareil-daerosoltherapie-professionnel-airpro-plus\\\/\"]}]},{\"@type\":\"ImageObject\",\"inLanguage\":\"fr-FR\",\"@id\":\"https:\\\/\\\/sublimationsoinsexperts.com\\\/index.php\\\/product\\\/appareil-daerosoltherapie-professionnel-airpro-plus\\\/#primaryimage\",\"url\":\"https:\\\/\\\/sublimationsoinsexperts.com\\\/wp-content\\\/uploads\\\/2024\\\/03\\\/331.175_Appareil-daerosoltherapie-professionnel-Airpro-Plus.jpg\",\"contentUrl\":\"https:\\\/\\\/sublimationsoinsexperts.com\\\/wp-content\\\/uploads\\\/2024\\\/03\\\/331.175_Appareil-daerosoltherapie-professionnel-Airpro-Plus.jpg\",\"width\":400,\"height\":302},{\"@type\":\"BreadcrumbList\",\"@id\":\"https:\\\/\\\/sublimationsoinsexperts.com\\\/index.php\\\/product\\\/appareil-daerosoltherapie-professionnel-airpro-plus\\\/#breadcrumb\",\"itemListElement\":[{\"@type\":\"ListItem\",\"position\":1,\"name\":\"Accueil\",\"item\":\"https:\\\/\\\/sublimationsoinsexperts.com\\\/\"},{\"@type\":\"ListItem\",\"position\":2,\"name\":\"Shop\",\"item\":\"https:\\\/\\\/sublimationsoinsexperts.com\\\/index.php\\\/shop\\\/\"},{\"@type\":\"ListItem\",\"position\":3,\"name\":\"Appareil d&rsquo;a\u00e9rosolth\u00e9rapie professionnel Airpro Plus\"}]},{\"@type\":\"WebSite\",\"@id\":\"https:\\\/\\\/sublimationsoinsexperts.com\\\/#website\",\"url\":\"https:\\\/\\\/sublimationsoinsexperts.com\\\/\",\"name\":\"Sublimation soins experts\",\"description\":\"\",\"potentialAction\":[{\"@type\":\"SearchAction\",\"target\":{\"@type\":\"EntryPoint\",\"urlTemplate\":\"https:\\\/\\\/sublimationsoinsexperts.com\\\/?s={search_term_string}\"},\"query-input\":{\"@type\":\"PropertyValueSpecification\",\"valueRequired\":true,\"valueName\":\"search_term_string\"}}],\"inLanguage\":\"fr-FR\"}]}<\/script>\n<!-- \/ Yoast SEO plugin. -->","yoast_head_json":{"title":"Appareil d&rsquo;a\u00e9rosolth\u00e9rapie professionnel Airpro Plus - Sublimation soins experts","robots":{"index":"index","follow":"follow","max-snippet":"max-snippet:-1","max-image-preview":"max-image-preview:large","max-video-preview":"max-video-preview:-1"},"canonical":"https:\/\/sublimationsoinsexperts.com\/index.php\/product\/appareil-daerosoltherapie-professionnel-airpro-plus\/","og_locale":"fr_FR","og_type":"article","og_title":"Appareil d&rsquo;a\u00e9rosolth\u00e9rapie professionnel Airpro Plus - Sublimation soins experts","og_description":"\u2022 G\u00e9n\u00e9rateur d\u2019a\u00e9rosol professionnel \u00e0 usage hospitalier, de soin \u00e0 domicile et de location. \u2022 Compresseur puissant et durable pour une utilisation intensive. \u2022 D\u00e9bit r\u00e9glable pour l&rsquo;optimisation des param\u00e8tres de traitement. \u2022 N\u00e9buliseur RF7 Dual Speed Plus \u00e0 pulv\u00e9risation am\u00e9lior\u00e9e. \u2022 Livr\u00e9 avec masques adulte et enfant Soft Touch, n\u00e9buliseur RF7 Dual Speed avec [&hellip;]","og_url":"https:\/\/sublimationsoinsexperts.com\/index.php\/product\/appareil-daerosoltherapie-professionnel-airpro-plus\/","og_site_name":"Sublimation soins experts","og_image":[{"width":400,"height":302,"url":"http:\/\/sublimationsoinsexperts.com\/wp-content\/uploads\/2024\/03\/331.175_Appareil-daerosoltherapie-professionnel-Airpro-Plus.jpg","type":"image\/jpeg"}],"twitter_card":"summary_large_image","twitter_misc":{"Dur\u00e9e de lecture estim\u00e9e":"1 minute"},"schema":{"@context":"https:\/\/schema.org","@graph":[{"@type":"WebPage","@id":"https:\/\/sublimationsoinsexperts.com\/index.php\/product\/appareil-daerosoltherapie-professionnel-airpro-plus\/","url":"https:\/\/sublimationsoinsexperts.com\/index.php\/product\/appareil-daerosoltherapie-professionnel-airpro-plus\/","name":"Appareil d&rsquo;a\u00e9rosolth\u00e9rapie professionnel Airpro Plus - Sublimation soins experts","isPartOf":{"@id":"https:\/\/sublimationsoinsexperts.com\/#website"},"primaryImageOfPage":{"@id":"https:\/\/sublimationsoinsexperts.com\/index.php\/product\/appareil-daerosoltherapie-professionnel-airpro-plus\/#primaryimage"},"image":{"@id":"https:\/\/sublimationsoinsexperts.com\/index.php\/product\/appareil-daerosoltherapie-professionnel-airpro-plus\/#primaryimage"},"thumbnailUrl":"https:\/\/sublimationsoinsexperts.com\/wp-content\/uploads\/2024\/03\/331.175_Appareil-daerosoltherapie-professionnel-Airpro-Plus.jpg","datePublished":"2024-03-28T21:35:32+00:00","breadcrumb":{"@id":"https:\/\/sublimationsoinsexperts.com\/index.php\/product\/appareil-daerosoltherapie-professionnel-airpro-plus\/#breadcrumb"},"inLanguage":"fr-FR","potentialAction":[{"@type":"ReadAction","target":["https:\/\/sublimationsoinsexperts.com\/index.php\/product\/appareil-daerosoltherapie-professionnel-airpro-plus\/"]}]},{"@type":"ImageObject","inLanguage":"fr-FR","@id":"https:\/\/sublimationsoinsexperts.com\/index.php\/product\/appareil-daerosoltherapie-professionnel-airpro-plus\/#primaryimage","url":"https:\/\/sublimationsoinsexperts.com\/wp-content\/uploads\/2024\/03\/331.175_Appareil-daerosoltherapie-professionnel-Airpro-Plus.jpg","contentUrl":"https:\/\/sublimationsoinsexperts.com\/wp-content\/uploads\/2024\/03\/331.175_Appareil-daerosoltherapie-professionnel-Airpro-Plus.jpg","width":400,"height":302},{"@type":"BreadcrumbList","@id":"https:\/\/sublimationsoinsexperts.com\/index.php\/product\/appareil-daerosoltherapie-professionnel-airpro-plus\/#breadcrumb","itemListElement":[{"@type":"ListItem","position":1,"name":"Accueil","item":"https:\/\/sublimationsoinsexperts.com\/"},{"@type":"ListItem","position":2,"name":"Shop","item":"https:\/\/sublimationsoinsexperts.com\/index.php\/shop\/"},{"@type":"ListItem","position":3,"name":"Appareil d&rsquo;a\u00e9rosolth\u00e9rapie professionnel Airpro Plus"}]},{"@type":"WebSite","@id":"https:\/\/sublimationsoinsexperts.com\/#website","url":"https:\/\/sublimationsoinsexperts.com\/","name":"Sublimation soins experts","description":"","potentialAction":[{"@type":"SearchAction","target":{"@type":"EntryPoint","urlTemplate":"https:\/\/sublimationsoinsexperts.com\/?s={search_term_string}"},"query-input":{"@type":"PropertyValueSpecification","valueRequired":true,"valueName":"search_term_string"}}],"inLanguage":"fr-FR"}]}},"_links":{"self":[{"href":"https:\/\/sublimationsoinsexperts.com\/index.php\/wp-json\/wp\/v2\/product\/2748","targetHints":{"allow":["GET"]}}],"collection":[{"href":"https:\/\/sublimationsoinsexperts.com\/index.php\/wp-json\/wp\/v2\/product"}],"about":[{"href":"https:\/\/sublimationsoinsexperts.com\/index.php\/wp-json\/wp\/v2\/types\/product"}],"replies":[{"embeddable":true,"href":"https:\/\/sublimationsoinsexperts.com\/index.php\/wp-json\/wp\/v2\/comments?post=2748"}],"wp:featuredmedia":[{"embeddable":true,"href":"https:\/\/sublimationsoinsexperts.com\/index.php\/wp-json\/wp\/v2\/media\/2749"}],"wp:attachment":[{"href":"https:\/\/sublimationsoinsexperts.com\/index.php\/wp-json\/wp\/v2\/media?parent=2748"}],"wp:term":[{"taxonomy":"product_brand","embeddable":true,"href":"https:\/\/sublimationsoinsexperts.com\/index.php\/wp-json\/wp\/v2\/product_brand?post=2748"},{"taxonomy":"product_cat","embeddable":true,"href":"https:\/\/sublimationsoinsexperts.com\/index.php\/wp-json\/wp\/v2\/product_cat?post=2748"},{"taxonomy":"product_tag","embeddable":true,"href":"https:\/\/sublimationsoinsexperts.com\/index.php\/wp-json\/wp\/v2\/product_tag?post=2748"}],"curies":[{"name":"wp","href":"https:\/\/api.w.org\/{rel}","templated":true}]}}