{"id":2760,"date":"2024-03-28T22:12:50","date_gmt":"2024-03-28T22:12:50","guid":{"rendered":"https:\/\/sublimationsoinsexperts.com\/?post_type=product&#038;p=2760"},"modified":"2024-03-28T22:12:50","modified_gmt":"2024-03-28T22:12:50","slug":"masque-a-oxygene-concentration-moyenne-adulte","status":"publish","type":"product","link":"https:\/\/sublimationsoinsexperts.com\/index.php\/product\/masque-a-oxygene-concentration-moyenne-adulte\/","title":{"rendered":"Masque \u00e0 oxyg\u00e8ne, concentration Moyenne, adulte"},"content":{"rendered":"<p>\u2022 Masque \u00e0 oxyg\u00e8ne \u00e0 concentration moyenne pour adulte avec pince-nez et tuyau \u00e0 oxyg\u00e8ne, 1,8 m, polypropyl\u00e8ne.<br \/>\n\u2022 Un masque \u00e0 oxyg\u00e8ne est utilis\u00e9 pour l&rsquo;administration d&rsquo;oxyg\u00e8ne \u00e0 partir de 5 litres \/ d\u00e9bit (25% d&rsquo;oxyg\u00e8ne).<br \/>\n\u2022 Il est important d&rsquo;utiliser un masque offrant un confort optimal pour le patient.<br \/>\n\u2022 L\u00e9ger et confortable pour le patient<br \/>\n\u2022 Joint de nez int\u00e9gr\u00e9 pour diff\u00e9rentes formes de nez<br \/>\n\u2022 Pas de pince-nez en m\u00e9tal<br \/>\n\u2022 Mat\u00e9riaux souples pour un confort de port optimal<br \/>\n\u2022 L&rsquo;\u00e9lastique peut \u00eatre port\u00e9 au-dessus et au-dessous des oreilles<br \/>\n\u2022 \u00c9vents d&rsquo;expiration con\u00e7us pour une r\u00e9-inhalation minimale de dioxyde de carbone<\/p>\n<p>&nbsp;<\/p>\n<p>REF GOHY S950.218<\/p>\n","protected":false},"excerpt":{"rendered":"<p>\u2022 Masque \u00e0 oxyg\u00e8ne \u00e0 concentration moyenne pour adulte avec pince-nez et tuyau \u00e0 oxyg\u00e8ne, 1,8 m, polypropyl\u00e8ne. \u2022 Un masque \u00e0 oxyg\u00e8ne est utilis\u00e9 pour l&rsquo;administration d&rsquo;oxyg\u00e8ne \u00e0 partir de 5 litres \/ d\u00e9bit (25% d&rsquo;oxyg\u00e8ne). \u2022 Il est important d&rsquo;utiliser un masque offrant un confort optimal pour le patient. \u2022 L\u00e9ger et confortable [&hellip;]<\/p>\n","protected":false},"featured_media":2761,"comment_status":"open","ping_status":"closed","template":"","meta":[],"product_brand":[],"product_cat":[39,86],"product_tag":[],"class_list":{"0":"post-2760","1":"product","2":"type-product","3":"status-publish","4":"has-post-thumbnail","6":"product_cat-diagnostic-et-therapie","7":"product_cat-oxygenotherapie","9":"first","10":"instock","11":"shipping-taxable","12":"purchasable","13":"product-type-simple"},"yoast_head":"<!-- This site is optimized with the Yoast SEO plugin v27.5 - https:\/\/yoast.com\/product\/yoast-seo-wordpress\/ -->\n<title>Masque \u00e0 oxyg\u00e8ne, concentration Moyenne, adulte - Sublimation soins experts<\/title>\n<meta name=\"robots\" content=\"index, follow, max-snippet:-1, max-image-preview:large, max-video-preview:-1\" \/>\n<link rel=\"canonical\" href=\"https:\/\/sublimationsoinsexperts.com\/index.php\/product\/masque-a-oxygene-concentration-moyenne-adulte\/\" \/>\n<meta property=\"og:locale\" content=\"fr_FR\" \/>\n<meta property=\"og:type\" content=\"article\" \/>\n<meta property=\"og:title\" content=\"Masque \u00e0 oxyg\u00e8ne, concentration Moyenne, adulte - Sublimation soins experts\" \/>\n<meta property=\"og:description\" content=\"\u2022 Masque \u00e0 oxyg\u00e8ne \u00e0 concentration moyenne pour adulte avec pince-nez et tuyau \u00e0 oxyg\u00e8ne, 1,8 m, polypropyl\u00e8ne. \u2022 Un masque \u00e0 oxyg\u00e8ne est utilis\u00e9 pour l&rsquo;administration d&rsquo;oxyg\u00e8ne \u00e0 partir de 5 litres \/ d\u00e9bit (25% d&rsquo;oxyg\u00e8ne). \u2022 Il est important d&rsquo;utiliser un masque offrant un confort optimal pour le patient. \u2022 L\u00e9ger et confortable [&hellip;]\" \/>\n<meta property=\"og:url\" content=\"https:\/\/sublimationsoinsexperts.com\/index.php\/product\/masque-a-oxygene-concentration-moyenne-adulte\/\" \/>\n<meta property=\"og:site_name\" content=\"Sublimation soins experts\" \/>\n<meta property=\"og:image\" content=\"http:\/\/sublimationsoinsexperts.com\/wp-content\/uploads\/2024\/03\/S950.218_Masque-a-oxygene-concentration-Moyenne-adulte.jpg\" \/>\n\t<meta property=\"og:image:width\" content=\"400\" \/>\n\t<meta property=\"og:image:height\" content=\"343\" \/>\n\t<meta property=\"og:image:type\" content=\"image\/jpeg\" \/>\n<meta name=\"twitter:card\" content=\"summary_large_image\" \/>\n<meta name=\"twitter:label1\" content=\"Dur\u00e9e de lecture estim\u00e9e\" \/>\n\t<meta name=\"twitter:data1\" content=\"1 minute\" \/>\n<script type=\"application\/ld+json\" class=\"yoast-schema-graph\">{\"@context\":\"https:\\\/\\\/schema.org\",\"@graph\":[{\"@type\":\"WebPage\",\"@id\":\"https:\\\/\\\/sublimationsoinsexperts.com\\\/index.php\\\/product\\\/masque-a-oxygene-concentration-moyenne-adulte\\\/\",\"url\":\"https:\\\/\\\/sublimationsoinsexperts.com\\\/index.php\\\/product\\\/masque-a-oxygene-concentration-moyenne-adulte\\\/\",\"name\":\"Masque \u00e0 oxyg\u00e8ne, concentration Moyenne, adulte - Sublimation soins experts\",\"isPartOf\":{\"@id\":\"https:\\\/\\\/sublimationsoinsexperts.com\\\/#website\"},\"primaryImageOfPage\":{\"@id\":\"https:\\\/\\\/sublimationsoinsexperts.com\\\/index.php\\\/product\\\/masque-a-oxygene-concentration-moyenne-adulte\\\/#primaryimage\"},\"image\":{\"@id\":\"https:\\\/\\\/sublimationsoinsexperts.com\\\/index.php\\\/product\\\/masque-a-oxygene-concentration-moyenne-adulte\\\/#primaryimage\"},\"thumbnailUrl\":\"https:\\\/\\\/sublimationsoinsexperts.com\\\/wp-content\\\/uploads\\\/2024\\\/03\\\/S950.218_Masque-a-oxygene-concentration-Moyenne-adulte.jpg\",\"datePublished\":\"2024-03-28T22:12:50+00:00\",\"breadcrumb\":{\"@id\":\"https:\\\/\\\/sublimationsoinsexperts.com\\\/index.php\\\/product\\\/masque-a-oxygene-concentration-moyenne-adulte\\\/#breadcrumb\"},\"inLanguage\":\"fr-FR\",\"potentialAction\":[{\"@type\":\"ReadAction\",\"target\":[\"https:\\\/\\\/sublimationsoinsexperts.com\\\/index.php\\\/product\\\/masque-a-oxygene-concentration-moyenne-adulte\\\/\"]}]},{\"@type\":\"ImageObject\",\"inLanguage\":\"fr-FR\",\"@id\":\"https:\\\/\\\/sublimationsoinsexperts.com\\\/index.php\\\/product\\\/masque-a-oxygene-concentration-moyenne-adulte\\\/#primaryimage\",\"url\":\"https:\\\/\\\/sublimationsoinsexperts.com\\\/wp-content\\\/uploads\\\/2024\\\/03\\\/S950.218_Masque-a-oxygene-concentration-Moyenne-adulte.jpg\",\"contentUrl\":\"https:\\\/\\\/sublimationsoinsexperts.com\\\/wp-content\\\/uploads\\\/2024\\\/03\\\/S950.218_Masque-a-oxygene-concentration-Moyenne-adulte.jpg\",\"width\":400,\"height\":343},{\"@type\":\"BreadcrumbList\",\"@id\":\"https:\\\/\\\/sublimationsoinsexperts.com\\\/index.php\\\/product\\\/masque-a-oxygene-concentration-moyenne-adulte\\\/#breadcrumb\",\"itemListElement\":[{\"@type\":\"ListItem\",\"position\":1,\"name\":\"Accueil\",\"item\":\"https:\\\/\\\/sublimationsoinsexperts.com\\\/\"},{\"@type\":\"ListItem\",\"position\":2,\"name\":\"Shop\",\"item\":\"https:\\\/\\\/sublimationsoinsexperts.com\\\/index.php\\\/shop\\\/\"},{\"@type\":\"ListItem\",\"position\":3,\"name\":\"Masque \u00e0 oxyg\u00e8ne, concentration Moyenne, adulte\"}]},{\"@type\":\"WebSite\",\"@id\":\"https:\\\/\\\/sublimationsoinsexperts.com\\\/#website\",\"url\":\"https:\\\/\\\/sublimationsoinsexperts.com\\\/\",\"name\":\"Sublimation soins experts\",\"description\":\"\",\"potentialAction\":[{\"@type\":\"SearchAction\",\"target\":{\"@type\":\"EntryPoint\",\"urlTemplate\":\"https:\\\/\\\/sublimationsoinsexperts.com\\\/?s={search_term_string}\"},\"query-input\":{\"@type\":\"PropertyValueSpecification\",\"valueRequired\":true,\"valueName\":\"search_term_string\"}}],\"inLanguage\":\"fr-FR\"}]}<\/script>\n<!-- \/ Yoast SEO plugin. -->","yoast_head_json":{"title":"Masque \u00e0 oxyg\u00e8ne, concentration Moyenne, adulte - Sublimation soins experts","robots":{"index":"index","follow":"follow","max-snippet":"max-snippet:-1","max-image-preview":"max-image-preview:large","max-video-preview":"max-video-preview:-1"},"canonical":"https:\/\/sublimationsoinsexperts.com\/index.php\/product\/masque-a-oxygene-concentration-moyenne-adulte\/","og_locale":"fr_FR","og_type":"article","og_title":"Masque \u00e0 oxyg\u00e8ne, concentration Moyenne, adulte - Sublimation soins experts","og_description":"\u2022 Masque \u00e0 oxyg\u00e8ne \u00e0 concentration moyenne pour adulte avec pince-nez et tuyau \u00e0 oxyg\u00e8ne, 1,8 m, polypropyl\u00e8ne. \u2022 Un masque \u00e0 oxyg\u00e8ne est utilis\u00e9 pour l&rsquo;administration d&rsquo;oxyg\u00e8ne \u00e0 partir de 5 litres \/ d\u00e9bit (25% d&rsquo;oxyg\u00e8ne). \u2022 Il est important d&rsquo;utiliser un masque offrant un confort optimal pour le patient. \u2022 L\u00e9ger et confortable [&hellip;]","og_url":"https:\/\/sublimationsoinsexperts.com\/index.php\/product\/masque-a-oxygene-concentration-moyenne-adulte\/","og_site_name":"Sublimation soins experts","og_image":[{"width":400,"height":343,"url":"http:\/\/sublimationsoinsexperts.com\/wp-content\/uploads\/2024\/03\/S950.218_Masque-a-oxygene-concentration-Moyenne-adulte.jpg","type":"image\/jpeg"}],"twitter_card":"summary_large_image","twitter_misc":{"Dur\u00e9e de lecture estim\u00e9e":"1 minute"},"schema":{"@context":"https:\/\/schema.org","@graph":[{"@type":"WebPage","@id":"https:\/\/sublimationsoinsexperts.com\/index.php\/product\/masque-a-oxygene-concentration-moyenne-adulte\/","url":"https:\/\/sublimationsoinsexperts.com\/index.php\/product\/masque-a-oxygene-concentration-moyenne-adulte\/","name":"Masque \u00e0 oxyg\u00e8ne, concentration Moyenne, adulte - Sublimation soins experts","isPartOf":{"@id":"https:\/\/sublimationsoinsexperts.com\/#website"},"primaryImageOfPage":{"@id":"https:\/\/sublimationsoinsexperts.com\/index.php\/product\/masque-a-oxygene-concentration-moyenne-adulte\/#primaryimage"},"image":{"@id":"https:\/\/sublimationsoinsexperts.com\/index.php\/product\/masque-a-oxygene-concentration-moyenne-adulte\/#primaryimage"},"thumbnailUrl":"https:\/\/sublimationsoinsexperts.com\/wp-content\/uploads\/2024\/03\/S950.218_Masque-a-oxygene-concentration-Moyenne-adulte.jpg","datePublished":"2024-03-28T22:12:50+00:00","breadcrumb":{"@id":"https:\/\/sublimationsoinsexperts.com\/index.php\/product\/masque-a-oxygene-concentration-moyenne-adulte\/#breadcrumb"},"inLanguage":"fr-FR","potentialAction":[{"@type":"ReadAction","target":["https:\/\/sublimationsoinsexperts.com\/index.php\/product\/masque-a-oxygene-concentration-moyenne-adulte\/"]}]},{"@type":"ImageObject","inLanguage":"fr-FR","@id":"https:\/\/sublimationsoinsexperts.com\/index.php\/product\/masque-a-oxygene-concentration-moyenne-adulte\/#primaryimage","url":"https:\/\/sublimationsoinsexperts.com\/wp-content\/uploads\/2024\/03\/S950.218_Masque-a-oxygene-concentration-Moyenne-adulte.jpg","contentUrl":"https:\/\/sublimationsoinsexperts.com\/wp-content\/uploads\/2024\/03\/S950.218_Masque-a-oxygene-concentration-Moyenne-adulte.jpg","width":400,"height":343},{"@type":"BreadcrumbList","@id":"https:\/\/sublimationsoinsexperts.com\/index.php\/product\/masque-a-oxygene-concentration-moyenne-adulte\/#breadcrumb","itemListElement":[{"@type":"ListItem","position":1,"name":"Accueil","item":"https:\/\/sublimationsoinsexperts.com\/"},{"@type":"ListItem","position":2,"name":"Shop","item":"https:\/\/sublimationsoinsexperts.com\/index.php\/shop\/"},{"@type":"ListItem","position":3,"name":"Masque \u00e0 oxyg\u00e8ne, concentration Moyenne, adulte"}]},{"@type":"WebSite","@id":"https:\/\/sublimationsoinsexperts.com\/#website","url":"https:\/\/sublimationsoinsexperts.com\/","name":"Sublimation soins experts","description":"","potentialAction":[{"@type":"SearchAction","target":{"@type":"EntryPoint","urlTemplate":"https:\/\/sublimationsoinsexperts.com\/?s={search_term_string}"},"query-input":{"@type":"PropertyValueSpecification","valueRequired":true,"valueName":"search_term_string"}}],"inLanguage":"fr-FR"}]}},"_links":{"self":[{"href":"https:\/\/sublimationsoinsexperts.com\/index.php\/wp-json\/wp\/v2\/product\/2760","targetHints":{"allow":["GET"]}}],"collection":[{"href":"https:\/\/sublimationsoinsexperts.com\/index.php\/wp-json\/wp\/v2\/product"}],"about":[{"href":"https:\/\/sublimationsoinsexperts.com\/index.php\/wp-json\/wp\/v2\/types\/product"}],"replies":[{"embeddable":true,"href":"https:\/\/sublimationsoinsexperts.com\/index.php\/wp-json\/wp\/v2\/comments?post=2760"}],"wp:featuredmedia":[{"embeddable":true,"href":"https:\/\/sublimationsoinsexperts.com\/index.php\/wp-json\/wp\/v2\/media\/2761"}],"wp:attachment":[{"href":"https:\/\/sublimationsoinsexperts.com\/index.php\/wp-json\/wp\/v2\/media?parent=2760"}],"wp:term":[{"taxonomy":"product_brand","embeddable":true,"href":"https:\/\/sublimationsoinsexperts.com\/index.php\/wp-json\/wp\/v2\/product_brand?post=2760"},{"taxonomy":"product_cat","embeddable":true,"href":"https:\/\/sublimationsoinsexperts.com\/index.php\/wp-json\/wp\/v2\/product_cat?post=2760"},{"taxonomy":"product_tag","embeddable":true,"href":"https:\/\/sublimationsoinsexperts.com\/index.php\/wp-json\/wp\/v2\/product_tag?post=2760"}],"curies":[{"name":"wp","href":"https:\/\/api.w.org\/{rel}","templated":true}]}}