{"id":2772,"date":"2024-03-29T16:10:44","date_gmt":"2024-03-29T16:10:44","guid":{"rendered":"https:\/\/sublimationsoinsexperts.com\/?post_type=product&#038;p=2772"},"modified":"2024-03-29T16:10:44","modified_gmt":"2024-03-29T16:10:44","slug":"thermometre-electronique-non-contact-pangao","status":"publish","type":"product","link":"https:\/\/sublimationsoinsexperts.com\/index.php\/product\/thermometre-electronique-non-contact-pangao\/","title":{"rendered":"Thermom\u00e8tre \u00e9lectronique non contact PANGAO"},"content":{"rendered":"<p>\u2022 Mesure la temp\u00e9rature corporelle de 30\u00b0C \u00e0 42,2\u00b0C sans contact.<br \/>\n\u2022 Pr\u00e9cision de 0,2\u00b0C avec une r\u00e9solution de 0,1\u00b0C.<br \/>\n\u2022 Distance de mesure optimale: 3 \u00e0 5 cm.<br \/>\n\u2022 Mesure la temp\u00e9rature des surfaces de 0\u00b0 \u00e0 93,2 \u00b0C.<br \/>\n\u2022 Mesure rapide en 1 seconde.<br \/>\n\u2022 Appuyez simplement sur le bouton et lisez la temp\u00e9rature sur l\u2019\u00e9cran LCD r\u00e9tro-\u00e9clair\u00e9.<br \/>\n\u2022 La m\u00e9moire stocke jusqu\u2019\u00e0 9 mesures pour un rappel facile.<br \/>\n\u2022 Livr\u00e9 avec 2 piles 1.5V AAA.<br \/>\n\u2022 S\u2019\u00e9teint automatiquement apr\u00e8s 30 secondes.<br \/>\n\u2022 Ecran r\u00e9tro-\u00e9clair\u00e9 avec 4 couleurs.<\/p>\n<p>&nbsp;<\/p>\n<p>REF GOHY 038.211<\/p>\n","protected":false},"excerpt":{"rendered":"<p>\u2022 Mesure la temp\u00e9rature corporelle de 30\u00b0C \u00e0 42,2\u00b0C sans contact. \u2022 Pr\u00e9cision de 0,2\u00b0C avec une r\u00e9solution de 0,1\u00b0C. \u2022 Distance de mesure optimale: 3 \u00e0 5 cm. \u2022 Mesure la temp\u00e9rature des surfaces de 0\u00b0 \u00e0 93,2 \u00b0C. \u2022 Mesure rapide en 1 seconde. \u2022 Appuyez simplement sur le bouton et lisez la [&hellip;]<\/p>\n","protected":false},"featured_media":2773,"comment_status":"open","ping_status":"closed","template":"","meta":[],"product_brand":[],"product_cat":[39,85,108],"product_tag":[],"class_list":{"0":"post-2772","1":"product","2":"type-product","3":"status-publish","4":"has-post-thumbnail","6":"product_cat-diagnostic-et-therapie","7":"product_cat-thermometre","8":"product_cat-thermometres-sans-contact","10":"first","11":"instock","12":"shipping-taxable","13":"purchasable","14":"product-type-simple"},"yoast_head":"<!-- This site is optimized with the Yoast SEO plugin v27.4 - https:\/\/yoast.com\/product\/yoast-seo-wordpress\/ -->\n<title>Thermom\u00e8tre \u00e9lectronique non contact PANGAO - Sublimation soins experts<\/title>\n<meta name=\"robots\" content=\"index, follow, max-snippet:-1, max-image-preview:large, max-video-preview:-1\" \/>\n<link rel=\"canonical\" href=\"https:\/\/sublimationsoinsexperts.com\/index.php\/product\/thermometre-electronique-non-contact-pangao\/\" \/>\n<meta property=\"og:locale\" content=\"fr_FR\" \/>\n<meta property=\"og:type\" content=\"article\" \/>\n<meta property=\"og:title\" content=\"Thermom\u00e8tre \u00e9lectronique non contact PANGAO - Sublimation soins experts\" \/>\n<meta property=\"og:description\" content=\"\u2022 Mesure la temp\u00e9rature corporelle de 30\u00b0C \u00e0 42,2\u00b0C sans contact. \u2022 Pr\u00e9cision de 0,2\u00b0C avec une r\u00e9solution de 0,1\u00b0C. \u2022 Distance de mesure optimale: 3 \u00e0 5 cm. \u2022 Mesure la temp\u00e9rature des surfaces de 0\u00b0 \u00e0 93,2 \u00b0C. \u2022 Mesure rapide en 1 seconde. \u2022 Appuyez simplement sur le bouton et lisez la [&hellip;]\" \/>\n<meta property=\"og:url\" content=\"https:\/\/sublimationsoinsexperts.com\/index.php\/product\/thermometre-electronique-non-contact-pangao\/\" \/>\n<meta property=\"og:site_name\" content=\"Sublimation soins experts\" \/>\n<meta property=\"og:image\" content=\"http:\/\/sublimationsoinsexperts.com\/wp-content\/uploads\/2024\/03\/038.211_Thermometre-electronique-non-contact-Pangao.jpg\" \/>\n\t<meta property=\"og:image:width\" content=\"190\" \/>\n\t<meta property=\"og:image:height\" content=\"400\" \/>\n\t<meta property=\"og:image:type\" content=\"image\/jpeg\" \/>\n<meta name=\"twitter:card\" content=\"summary_large_image\" \/>\n<meta name=\"twitter:label1\" content=\"Dur\u00e9e de lecture estim\u00e9e\" \/>\n\t<meta name=\"twitter:data1\" content=\"1 minute\" \/>\n<script type=\"application\/ld+json\" class=\"yoast-schema-graph\">{\"@context\":\"https:\\\/\\\/schema.org\",\"@graph\":[{\"@type\":\"WebPage\",\"@id\":\"https:\\\/\\\/sublimationsoinsexperts.com\\\/index.php\\\/product\\\/thermometre-electronique-non-contact-pangao\\\/\",\"url\":\"https:\\\/\\\/sublimationsoinsexperts.com\\\/index.php\\\/product\\\/thermometre-electronique-non-contact-pangao\\\/\",\"name\":\"Thermom\u00e8tre \u00e9lectronique non contact PANGAO - Sublimation soins experts\",\"isPartOf\":{\"@id\":\"https:\\\/\\\/sublimationsoinsexperts.com\\\/#website\"},\"primaryImageOfPage\":{\"@id\":\"https:\\\/\\\/sublimationsoinsexperts.com\\\/index.php\\\/product\\\/thermometre-electronique-non-contact-pangao\\\/#primaryimage\"},\"image\":{\"@id\":\"https:\\\/\\\/sublimationsoinsexperts.com\\\/index.php\\\/product\\\/thermometre-electronique-non-contact-pangao\\\/#primaryimage\"},\"thumbnailUrl\":\"https:\\\/\\\/sublimationsoinsexperts.com\\\/wp-content\\\/uploads\\\/2024\\\/03\\\/038.211_Thermometre-electronique-non-contact-Pangao.jpg\",\"datePublished\":\"2024-03-29T16:10:44+00:00\",\"breadcrumb\":{\"@id\":\"https:\\\/\\\/sublimationsoinsexperts.com\\\/index.php\\\/product\\\/thermometre-electronique-non-contact-pangao\\\/#breadcrumb\"},\"inLanguage\":\"fr-FR\",\"potentialAction\":[{\"@type\":\"ReadAction\",\"target\":[\"https:\\\/\\\/sublimationsoinsexperts.com\\\/index.php\\\/product\\\/thermometre-electronique-non-contact-pangao\\\/\"]}]},{\"@type\":\"ImageObject\",\"inLanguage\":\"fr-FR\",\"@id\":\"https:\\\/\\\/sublimationsoinsexperts.com\\\/index.php\\\/product\\\/thermometre-electronique-non-contact-pangao\\\/#primaryimage\",\"url\":\"https:\\\/\\\/sublimationsoinsexperts.com\\\/wp-content\\\/uploads\\\/2024\\\/03\\\/038.211_Thermometre-electronique-non-contact-Pangao.jpg\",\"contentUrl\":\"https:\\\/\\\/sublimationsoinsexperts.com\\\/wp-content\\\/uploads\\\/2024\\\/03\\\/038.211_Thermometre-electronique-non-contact-Pangao.jpg\",\"width\":190,\"height\":400},{\"@type\":\"BreadcrumbList\",\"@id\":\"https:\\\/\\\/sublimationsoinsexperts.com\\\/index.php\\\/product\\\/thermometre-electronique-non-contact-pangao\\\/#breadcrumb\",\"itemListElement\":[{\"@type\":\"ListItem\",\"position\":1,\"name\":\"Accueil\",\"item\":\"https:\\\/\\\/sublimationsoinsexperts.com\\\/\"},{\"@type\":\"ListItem\",\"position\":2,\"name\":\"Shop\",\"item\":\"https:\\\/\\\/sublimationsoinsexperts.com\\\/index.php\\\/shop\\\/\"},{\"@type\":\"ListItem\",\"position\":3,\"name\":\"Thermom\u00e8tre \u00e9lectronique non contact PANGAO\"}]},{\"@type\":\"WebSite\",\"@id\":\"https:\\\/\\\/sublimationsoinsexperts.com\\\/#website\",\"url\":\"https:\\\/\\\/sublimationsoinsexperts.com\\\/\",\"name\":\"Sublimation soins experts\",\"description\":\"\",\"potentialAction\":[{\"@type\":\"SearchAction\",\"target\":{\"@type\":\"EntryPoint\",\"urlTemplate\":\"https:\\\/\\\/sublimationsoinsexperts.com\\\/?s={search_term_string}\"},\"query-input\":{\"@type\":\"PropertyValueSpecification\",\"valueRequired\":true,\"valueName\":\"search_term_string\"}}],\"inLanguage\":\"fr-FR\"}]}<\/script>\n<!-- \/ Yoast SEO plugin. -->","yoast_head_json":{"title":"Thermom\u00e8tre \u00e9lectronique non contact PANGAO - Sublimation soins experts","robots":{"index":"index","follow":"follow","max-snippet":"max-snippet:-1","max-image-preview":"max-image-preview:large","max-video-preview":"max-video-preview:-1"},"canonical":"https:\/\/sublimationsoinsexperts.com\/index.php\/product\/thermometre-electronique-non-contact-pangao\/","og_locale":"fr_FR","og_type":"article","og_title":"Thermom\u00e8tre \u00e9lectronique non contact PANGAO - Sublimation soins experts","og_description":"\u2022 Mesure la temp\u00e9rature corporelle de 30\u00b0C \u00e0 42,2\u00b0C sans contact. \u2022 Pr\u00e9cision de 0,2\u00b0C avec une r\u00e9solution de 0,1\u00b0C. \u2022 Distance de mesure optimale: 3 \u00e0 5 cm. \u2022 Mesure la temp\u00e9rature des surfaces de 0\u00b0 \u00e0 93,2 \u00b0C. \u2022 Mesure rapide en 1 seconde. \u2022 Appuyez simplement sur le bouton et lisez la [&hellip;]","og_url":"https:\/\/sublimationsoinsexperts.com\/index.php\/product\/thermometre-electronique-non-contact-pangao\/","og_site_name":"Sublimation soins experts","og_image":[{"width":190,"height":400,"url":"http:\/\/sublimationsoinsexperts.com\/wp-content\/uploads\/2024\/03\/038.211_Thermometre-electronique-non-contact-Pangao.jpg","type":"image\/jpeg"}],"twitter_card":"summary_large_image","twitter_misc":{"Dur\u00e9e de lecture estim\u00e9e":"1 minute"},"schema":{"@context":"https:\/\/schema.org","@graph":[{"@type":"WebPage","@id":"https:\/\/sublimationsoinsexperts.com\/index.php\/product\/thermometre-electronique-non-contact-pangao\/","url":"https:\/\/sublimationsoinsexperts.com\/index.php\/product\/thermometre-electronique-non-contact-pangao\/","name":"Thermom\u00e8tre \u00e9lectronique non contact PANGAO - Sublimation soins experts","isPartOf":{"@id":"https:\/\/sublimationsoinsexperts.com\/#website"},"primaryImageOfPage":{"@id":"https:\/\/sublimationsoinsexperts.com\/index.php\/product\/thermometre-electronique-non-contact-pangao\/#primaryimage"},"image":{"@id":"https:\/\/sublimationsoinsexperts.com\/index.php\/product\/thermometre-electronique-non-contact-pangao\/#primaryimage"},"thumbnailUrl":"https:\/\/sublimationsoinsexperts.com\/wp-content\/uploads\/2024\/03\/038.211_Thermometre-electronique-non-contact-Pangao.jpg","datePublished":"2024-03-29T16:10:44+00:00","breadcrumb":{"@id":"https:\/\/sublimationsoinsexperts.com\/index.php\/product\/thermometre-electronique-non-contact-pangao\/#breadcrumb"},"inLanguage":"fr-FR","potentialAction":[{"@type":"ReadAction","target":["https:\/\/sublimationsoinsexperts.com\/index.php\/product\/thermometre-electronique-non-contact-pangao\/"]}]},{"@type":"ImageObject","inLanguage":"fr-FR","@id":"https:\/\/sublimationsoinsexperts.com\/index.php\/product\/thermometre-electronique-non-contact-pangao\/#primaryimage","url":"https:\/\/sublimationsoinsexperts.com\/wp-content\/uploads\/2024\/03\/038.211_Thermometre-electronique-non-contact-Pangao.jpg","contentUrl":"https:\/\/sublimationsoinsexperts.com\/wp-content\/uploads\/2024\/03\/038.211_Thermometre-electronique-non-contact-Pangao.jpg","width":190,"height":400},{"@type":"BreadcrumbList","@id":"https:\/\/sublimationsoinsexperts.com\/index.php\/product\/thermometre-electronique-non-contact-pangao\/#breadcrumb","itemListElement":[{"@type":"ListItem","position":1,"name":"Accueil","item":"https:\/\/sublimationsoinsexperts.com\/"},{"@type":"ListItem","position":2,"name":"Shop","item":"https:\/\/sublimationsoinsexperts.com\/index.php\/shop\/"},{"@type":"ListItem","position":3,"name":"Thermom\u00e8tre \u00e9lectronique non contact PANGAO"}]},{"@type":"WebSite","@id":"https:\/\/sublimationsoinsexperts.com\/#website","url":"https:\/\/sublimationsoinsexperts.com\/","name":"Sublimation soins experts","description":"","potentialAction":[{"@type":"SearchAction","target":{"@type":"EntryPoint","urlTemplate":"https:\/\/sublimationsoinsexperts.com\/?s={search_term_string}"},"query-input":{"@type":"PropertyValueSpecification","valueRequired":true,"valueName":"search_term_string"}}],"inLanguage":"fr-FR"}]}},"_links":{"self":[{"href":"https:\/\/sublimationsoinsexperts.com\/index.php\/wp-json\/wp\/v2\/product\/2772","targetHints":{"allow":["GET"]}}],"collection":[{"href":"https:\/\/sublimationsoinsexperts.com\/index.php\/wp-json\/wp\/v2\/product"}],"about":[{"href":"https:\/\/sublimationsoinsexperts.com\/index.php\/wp-json\/wp\/v2\/types\/product"}],"replies":[{"embeddable":true,"href":"https:\/\/sublimationsoinsexperts.com\/index.php\/wp-json\/wp\/v2\/comments?post=2772"}],"wp:featuredmedia":[{"embeddable":true,"href":"https:\/\/sublimationsoinsexperts.com\/index.php\/wp-json\/wp\/v2\/media\/2773"}],"wp:attachment":[{"href":"https:\/\/sublimationsoinsexperts.com\/index.php\/wp-json\/wp\/v2\/media?parent=2772"}],"wp:term":[{"taxonomy":"product_brand","embeddable":true,"href":"https:\/\/sublimationsoinsexperts.com\/index.php\/wp-json\/wp\/v2\/product_brand?post=2772"},{"taxonomy":"product_cat","embeddable":true,"href":"https:\/\/sublimationsoinsexperts.com\/index.php\/wp-json\/wp\/v2\/product_cat?post=2772"},{"taxonomy":"product_tag","embeddable":true,"href":"https:\/\/sublimationsoinsexperts.com\/index.php\/wp-json\/wp\/v2\/product_tag?post=2772"}],"curies":[{"name":"wp","href":"https:\/\/api.w.org\/{rel}","templated":true}]}}