{"id":2776,"date":"2024-03-29T16:31:07","date_gmt":"2024-03-29T16:31:07","guid":{"rendered":"https:\/\/sublimationsoinsexperts.com\/?post_type=product&#038;p=2776"},"modified":"2024-03-29T16:31:07","modified_gmt":"2024-03-29T16:31:07","slug":"thermometre-auriculaire-infrarouge-rossmax","status":"publish","type":"product","link":"https:\/\/sublimationsoinsexperts.com\/index.php\/product\/thermometre-auriculaire-infrarouge-rossmax\/","title":{"rendered":"Thermom\u00e8tre auriculaire infrarouge ROSSMAX"},"content":{"rendered":"<p>\u2022 Mesure facile et rapide de la temp\u00e9rature dans le conduit auditif.<br \/>\n\u2022 Grande pr\u00e9cision gr\u00e2ce au mode scanning en 3&Prime; ou mesure 1&Prime;.<br \/>\n\u2022 Protecteur de sonde multi-usage, \u00e0 nettoyer \u00e0 l\u2019alcool.<br \/>\n\u2022 Alarme en cas de fi\u00e8vre.<br \/>\n\u2022 9 m\u00e9moires.<br \/>\n\u2022 Grand \u00e9cran LCD r\u00e9tro-\u00e9clair\u00e9.<br \/>\n\u2022 S\u2019\u00e9teint automatiquement.<br \/>\n\u2022 Affichage du niveau de la batterie.<br \/>\n\u2022 Auto-diagnostique en cas de mauvais fonctionnement.<\/p>\n<p>&nbsp;<\/p>\n<p>REF GOHY 038.301<\/p>\n","protected":false},"excerpt":{"rendered":"<p>\u2022 Mesure facile et rapide de la temp\u00e9rature dans le conduit auditif. \u2022 Grande pr\u00e9cision gr\u00e2ce au mode scanning en 3&Prime; ou mesure 1&Prime;. \u2022 Protecteur de sonde multi-usage, \u00e0 nettoyer \u00e0 l\u2019alcool. \u2022 Alarme en cas de fi\u00e8vre. \u2022 9 m\u00e9moires. \u2022 Grand \u00e9cran LCD r\u00e9tro-\u00e9clair\u00e9. \u2022 S\u2019\u00e9teint automatiquement. \u2022 Affichage du niveau de [&hellip;]<\/p>\n","protected":false},"featured_media":2777,"comment_status":"open","ping_status":"closed","template":"","meta":[],"product_brand":[],"product_cat":[39,85,109],"product_tag":[],"class_list":{"0":"post-2776","1":"product","2":"type-product","3":"status-publish","4":"has-post-thumbnail","6":"product_cat-diagnostic-et-therapie","7":"product_cat-thermometre","8":"product_cat-thermometres-tympaniques","10":"first","11":"instock","12":"shipping-taxable","13":"purchasable","14":"product-type-simple"},"yoast_head":"<!-- This site is optimized with the Yoast SEO plugin v27.3 - https:\/\/yoast.com\/product\/yoast-seo-wordpress\/ -->\n<title>Thermom\u00e8tre auriculaire infrarouge ROSSMAX - Sublimation soins experts<\/title>\n<meta name=\"robots\" content=\"index, follow, max-snippet:-1, max-image-preview:large, max-video-preview:-1\" \/>\n<link rel=\"canonical\" href=\"https:\/\/sublimationsoinsexperts.com\/index.php\/product\/thermometre-auriculaire-infrarouge-rossmax\/\" \/>\n<meta property=\"og:locale\" content=\"fr_FR\" \/>\n<meta property=\"og:type\" content=\"article\" \/>\n<meta property=\"og:title\" content=\"Thermom\u00e8tre auriculaire infrarouge ROSSMAX - Sublimation soins experts\" \/>\n<meta property=\"og:description\" content=\"\u2022 Mesure facile et rapide de la temp\u00e9rature dans le conduit auditif. \u2022 Grande pr\u00e9cision gr\u00e2ce au mode scanning en 3&Prime; ou mesure 1&Prime;. \u2022 Protecteur de sonde multi-usage, \u00e0 nettoyer \u00e0 l\u2019alcool. \u2022 Alarme en cas de fi\u00e8vre. \u2022 9 m\u00e9moires. \u2022 Grand \u00e9cran LCD r\u00e9tro-\u00e9clair\u00e9. \u2022 S\u2019\u00e9teint automatiquement. \u2022 Affichage du niveau de [&hellip;]\" \/>\n<meta property=\"og:url\" content=\"https:\/\/sublimationsoinsexperts.com\/index.php\/product\/thermometre-auriculaire-infrarouge-rossmax\/\" \/>\n<meta property=\"og:site_name\" content=\"Sublimation soins experts\" \/>\n<meta property=\"og:image\" content=\"http:\/\/sublimationsoinsexperts.com\/wp-content\/uploads\/2024\/03\/038.301_Thermometre-auriculaire-infrarouge-Rossmax.jpg\" \/>\n\t<meta property=\"og:image:width\" content=\"400\" \/>\n\t<meta property=\"og:image:height\" content=\"400\" \/>\n\t<meta property=\"og:image:type\" content=\"image\/jpeg\" \/>\n<meta name=\"twitter:card\" content=\"summary_large_image\" \/>\n<meta name=\"twitter:label1\" content=\"Dur\u00e9e de lecture estim\u00e9e\" \/>\n\t<meta name=\"twitter:data1\" content=\"1 minute\" \/>\n<script type=\"application\/ld+json\" class=\"yoast-schema-graph\">{\"@context\":\"https:\\\/\\\/schema.org\",\"@graph\":[{\"@type\":\"WebPage\",\"@id\":\"https:\\\/\\\/sublimationsoinsexperts.com\\\/index.php\\\/product\\\/thermometre-auriculaire-infrarouge-rossmax\\\/\",\"url\":\"https:\\\/\\\/sublimationsoinsexperts.com\\\/index.php\\\/product\\\/thermometre-auriculaire-infrarouge-rossmax\\\/\",\"name\":\"Thermom\u00e8tre auriculaire infrarouge ROSSMAX - Sublimation soins experts\",\"isPartOf\":{\"@id\":\"https:\\\/\\\/sublimationsoinsexperts.com\\\/#website\"},\"primaryImageOfPage\":{\"@id\":\"https:\\\/\\\/sublimationsoinsexperts.com\\\/index.php\\\/product\\\/thermometre-auriculaire-infrarouge-rossmax\\\/#primaryimage\"},\"image\":{\"@id\":\"https:\\\/\\\/sublimationsoinsexperts.com\\\/index.php\\\/product\\\/thermometre-auriculaire-infrarouge-rossmax\\\/#primaryimage\"},\"thumbnailUrl\":\"https:\\\/\\\/sublimationsoinsexperts.com\\\/wp-content\\\/uploads\\\/2024\\\/03\\\/038.301_Thermometre-auriculaire-infrarouge-Rossmax.jpg\",\"datePublished\":\"2024-03-29T16:31:07+00:00\",\"breadcrumb\":{\"@id\":\"https:\\\/\\\/sublimationsoinsexperts.com\\\/index.php\\\/product\\\/thermometre-auriculaire-infrarouge-rossmax\\\/#breadcrumb\"},\"inLanguage\":\"fr-FR\",\"potentialAction\":[{\"@type\":\"ReadAction\",\"target\":[\"https:\\\/\\\/sublimationsoinsexperts.com\\\/index.php\\\/product\\\/thermometre-auriculaire-infrarouge-rossmax\\\/\"]}]},{\"@type\":\"ImageObject\",\"inLanguage\":\"fr-FR\",\"@id\":\"https:\\\/\\\/sublimationsoinsexperts.com\\\/index.php\\\/product\\\/thermometre-auriculaire-infrarouge-rossmax\\\/#primaryimage\",\"url\":\"https:\\\/\\\/sublimationsoinsexperts.com\\\/wp-content\\\/uploads\\\/2024\\\/03\\\/038.301_Thermometre-auriculaire-infrarouge-Rossmax.jpg\",\"contentUrl\":\"https:\\\/\\\/sublimationsoinsexperts.com\\\/wp-content\\\/uploads\\\/2024\\\/03\\\/038.301_Thermometre-auriculaire-infrarouge-Rossmax.jpg\",\"width\":400,\"height\":400},{\"@type\":\"BreadcrumbList\",\"@id\":\"https:\\\/\\\/sublimationsoinsexperts.com\\\/index.php\\\/product\\\/thermometre-auriculaire-infrarouge-rossmax\\\/#breadcrumb\",\"itemListElement\":[{\"@type\":\"ListItem\",\"position\":1,\"name\":\"Accueil\",\"item\":\"https:\\\/\\\/sublimationsoinsexperts.com\\\/\"},{\"@type\":\"ListItem\",\"position\":2,\"name\":\"Shop\",\"item\":\"https:\\\/\\\/sublimationsoinsexperts.com\\\/index.php\\\/shop\\\/\"},{\"@type\":\"ListItem\",\"position\":3,\"name\":\"Thermom\u00e8tre auriculaire infrarouge ROSSMAX\"}]},{\"@type\":\"WebSite\",\"@id\":\"https:\\\/\\\/sublimationsoinsexperts.com\\\/#website\",\"url\":\"https:\\\/\\\/sublimationsoinsexperts.com\\\/\",\"name\":\"Sublimation soins experts\",\"description\":\"\",\"potentialAction\":[{\"@type\":\"SearchAction\",\"target\":{\"@type\":\"EntryPoint\",\"urlTemplate\":\"https:\\\/\\\/sublimationsoinsexperts.com\\\/?s={search_term_string}\"},\"query-input\":{\"@type\":\"PropertyValueSpecification\",\"valueRequired\":true,\"valueName\":\"search_term_string\"}}],\"inLanguage\":\"fr-FR\"}]}<\/script>\n<!-- \/ Yoast SEO plugin. -->","yoast_head_json":{"title":"Thermom\u00e8tre auriculaire infrarouge ROSSMAX - Sublimation soins experts","robots":{"index":"index","follow":"follow","max-snippet":"max-snippet:-1","max-image-preview":"max-image-preview:large","max-video-preview":"max-video-preview:-1"},"canonical":"https:\/\/sublimationsoinsexperts.com\/index.php\/product\/thermometre-auriculaire-infrarouge-rossmax\/","og_locale":"fr_FR","og_type":"article","og_title":"Thermom\u00e8tre auriculaire infrarouge ROSSMAX - Sublimation soins experts","og_description":"\u2022 Mesure facile et rapide de la temp\u00e9rature dans le conduit auditif. \u2022 Grande pr\u00e9cision gr\u00e2ce au mode scanning en 3&Prime; ou mesure 1&Prime;. \u2022 Protecteur de sonde multi-usage, \u00e0 nettoyer \u00e0 l\u2019alcool. \u2022 Alarme en cas de fi\u00e8vre. \u2022 9 m\u00e9moires. \u2022 Grand \u00e9cran LCD r\u00e9tro-\u00e9clair\u00e9. \u2022 S\u2019\u00e9teint automatiquement. \u2022 Affichage du niveau de [&hellip;]","og_url":"https:\/\/sublimationsoinsexperts.com\/index.php\/product\/thermometre-auriculaire-infrarouge-rossmax\/","og_site_name":"Sublimation soins experts","og_image":[{"width":400,"height":400,"url":"http:\/\/sublimationsoinsexperts.com\/wp-content\/uploads\/2024\/03\/038.301_Thermometre-auriculaire-infrarouge-Rossmax.jpg","type":"image\/jpeg"}],"twitter_card":"summary_large_image","twitter_misc":{"Dur\u00e9e de lecture estim\u00e9e":"1 minute"},"schema":{"@context":"https:\/\/schema.org","@graph":[{"@type":"WebPage","@id":"https:\/\/sublimationsoinsexperts.com\/index.php\/product\/thermometre-auriculaire-infrarouge-rossmax\/","url":"https:\/\/sublimationsoinsexperts.com\/index.php\/product\/thermometre-auriculaire-infrarouge-rossmax\/","name":"Thermom\u00e8tre auriculaire infrarouge ROSSMAX - Sublimation soins experts","isPartOf":{"@id":"https:\/\/sublimationsoinsexperts.com\/#website"},"primaryImageOfPage":{"@id":"https:\/\/sublimationsoinsexperts.com\/index.php\/product\/thermometre-auriculaire-infrarouge-rossmax\/#primaryimage"},"image":{"@id":"https:\/\/sublimationsoinsexperts.com\/index.php\/product\/thermometre-auriculaire-infrarouge-rossmax\/#primaryimage"},"thumbnailUrl":"https:\/\/sublimationsoinsexperts.com\/wp-content\/uploads\/2024\/03\/038.301_Thermometre-auriculaire-infrarouge-Rossmax.jpg","datePublished":"2024-03-29T16:31:07+00:00","breadcrumb":{"@id":"https:\/\/sublimationsoinsexperts.com\/index.php\/product\/thermometre-auriculaire-infrarouge-rossmax\/#breadcrumb"},"inLanguage":"fr-FR","potentialAction":[{"@type":"ReadAction","target":["https:\/\/sublimationsoinsexperts.com\/index.php\/product\/thermometre-auriculaire-infrarouge-rossmax\/"]}]},{"@type":"ImageObject","inLanguage":"fr-FR","@id":"https:\/\/sublimationsoinsexperts.com\/index.php\/product\/thermometre-auriculaire-infrarouge-rossmax\/#primaryimage","url":"https:\/\/sublimationsoinsexperts.com\/wp-content\/uploads\/2024\/03\/038.301_Thermometre-auriculaire-infrarouge-Rossmax.jpg","contentUrl":"https:\/\/sublimationsoinsexperts.com\/wp-content\/uploads\/2024\/03\/038.301_Thermometre-auriculaire-infrarouge-Rossmax.jpg","width":400,"height":400},{"@type":"BreadcrumbList","@id":"https:\/\/sublimationsoinsexperts.com\/index.php\/product\/thermometre-auriculaire-infrarouge-rossmax\/#breadcrumb","itemListElement":[{"@type":"ListItem","position":1,"name":"Accueil","item":"https:\/\/sublimationsoinsexperts.com\/"},{"@type":"ListItem","position":2,"name":"Shop","item":"https:\/\/sublimationsoinsexperts.com\/index.php\/shop\/"},{"@type":"ListItem","position":3,"name":"Thermom\u00e8tre auriculaire infrarouge ROSSMAX"}]},{"@type":"WebSite","@id":"https:\/\/sublimationsoinsexperts.com\/#website","url":"https:\/\/sublimationsoinsexperts.com\/","name":"Sublimation soins experts","description":"","potentialAction":[{"@type":"SearchAction","target":{"@type":"EntryPoint","urlTemplate":"https:\/\/sublimationsoinsexperts.com\/?s={search_term_string}"},"query-input":{"@type":"PropertyValueSpecification","valueRequired":true,"valueName":"search_term_string"}}],"inLanguage":"fr-FR"}]}},"_links":{"self":[{"href":"https:\/\/sublimationsoinsexperts.com\/index.php\/wp-json\/wp\/v2\/product\/2776","targetHints":{"allow":["GET"]}}],"collection":[{"href":"https:\/\/sublimationsoinsexperts.com\/index.php\/wp-json\/wp\/v2\/product"}],"about":[{"href":"https:\/\/sublimationsoinsexperts.com\/index.php\/wp-json\/wp\/v2\/types\/product"}],"replies":[{"embeddable":true,"href":"https:\/\/sublimationsoinsexperts.com\/index.php\/wp-json\/wp\/v2\/comments?post=2776"}],"wp:featuredmedia":[{"embeddable":true,"href":"https:\/\/sublimationsoinsexperts.com\/index.php\/wp-json\/wp\/v2\/media\/2777"}],"wp:attachment":[{"href":"https:\/\/sublimationsoinsexperts.com\/index.php\/wp-json\/wp\/v2\/media?parent=2776"}],"wp:term":[{"taxonomy":"product_brand","embeddable":true,"href":"https:\/\/sublimationsoinsexperts.com\/index.php\/wp-json\/wp\/v2\/product_brand?post=2776"},{"taxonomy":"product_cat","embeddable":true,"href":"https:\/\/sublimationsoinsexperts.com\/index.php\/wp-json\/wp\/v2\/product_cat?post=2776"},{"taxonomy":"product_tag","embeddable":true,"href":"https:\/\/sublimationsoinsexperts.com\/index.php\/wp-json\/wp\/v2\/product_tag?post=2776"}],"curies":[{"name":"wp","href":"https:\/\/api.w.org\/{rel}","templated":true}]}}