{"id":2784,"date":"2024-03-29T17:09:30","date_gmt":"2024-03-29T17:09:30","guid":{"rendered":"https:\/\/sublimationsoinsexperts.com\/?post_type=product&#038;p=2784"},"modified":"2024-03-29T17:09:30","modified_gmt":"2024-03-29T17:09:30","slug":"thermometre-electronique-spengler-tempo-10-flex","status":"publish","type":"product","link":"https:\/\/sublimationsoinsexperts.com\/index.php\/product\/thermometre-electronique-spengler-tempo-10-flex\/","title":{"rendered":"Thermom\u00e8tre \u00e9lectronique Spengler Tempo 10 Flex"},"content":{"rendered":"<p>\u2022 Le thermom\u00e8tre indique la temp\u00e9rature corporelle en 10 secondes et dispose d\u2019un embout flexible.<br \/>\n\u2022 Thermom\u00e8tre r\u00e9f\u00e9renc\u00e9 par la Croix Rouge.<br \/>\n\u2022 Alarme de fi\u00e8vre<br \/>\n\u2022 Arr\u00eat automatique<br \/>\n\u2022 Embout r\u00e9sistant \u00e0 l\u2019eau et flexible<br \/>\n\u2022 M\u00e9moire de derni\u00e8re mesure<br \/>\n\u2022 Mesure en 10 secondes<br \/>\n\u2022 Livr\u00e9 avec un \u00e9tui de rangement et pile bouton (1,5V)<\/p>\n<p>&nbsp;<\/p>\n<p>&nbsp;<\/p>\n<p>REF GOHY 038.252<\/p>\n","protected":false},"excerpt":{"rendered":"<p>\u2022 Le thermom\u00e8tre indique la temp\u00e9rature corporelle en 10 secondes et dispose d\u2019un embout flexible. \u2022 Thermom\u00e8tre r\u00e9f\u00e9renc\u00e9 par la Croix Rouge. \u2022 Alarme de fi\u00e8vre \u2022 Arr\u00eat automatique \u2022 Embout r\u00e9sistant \u00e0 l\u2019eau et flexible \u2022 M\u00e9moire de derni\u00e8re mesure \u2022 Mesure en 10 secondes \u2022 Livr\u00e9 avec un \u00e9tui de rangement et pile [&hellip;]<\/p>\n","protected":false},"featured_media":2785,"comment_status":"open","ping_status":"closed","template":"","meta":[],"product_brand":[],"product_cat":[39,85,110],"product_tag":[],"class_list":{"0":"post-2784","1":"product","2":"type-product","3":"status-publish","4":"has-post-thumbnail","6":"product_cat-diagnostic-et-therapie","7":"product_cat-thermometre","8":"product_cat-thermometre-electronique","10":"first","11":"instock","12":"shipping-taxable","13":"purchasable","14":"product-type-simple"},"yoast_head":"<!-- This site is optimized with the Yoast SEO plugin v27.4 - https:\/\/yoast.com\/product\/yoast-seo-wordpress\/ -->\n<title>Thermom\u00e8tre \u00e9lectronique Spengler Tempo 10 Flex - Sublimation soins experts<\/title>\n<meta name=\"robots\" content=\"index, follow, max-snippet:-1, max-image-preview:large, max-video-preview:-1\" \/>\n<link rel=\"canonical\" href=\"https:\/\/sublimationsoinsexperts.com\/index.php\/product\/thermometre-electronique-spengler-tempo-10-flex\/\" \/>\n<meta property=\"og:locale\" content=\"fr_FR\" \/>\n<meta property=\"og:type\" content=\"article\" \/>\n<meta property=\"og:title\" content=\"Thermom\u00e8tre \u00e9lectronique Spengler Tempo 10 Flex - Sublimation soins experts\" \/>\n<meta property=\"og:description\" content=\"\u2022 Le thermom\u00e8tre indique la temp\u00e9rature corporelle en 10 secondes et dispose d\u2019un embout flexible. \u2022 Thermom\u00e8tre r\u00e9f\u00e9renc\u00e9 par la Croix Rouge. \u2022 Alarme de fi\u00e8vre \u2022 Arr\u00eat automatique \u2022 Embout r\u00e9sistant \u00e0 l\u2019eau et flexible \u2022 M\u00e9moire de derni\u00e8re mesure \u2022 Mesure en 10 secondes \u2022 Livr\u00e9 avec un \u00e9tui de rangement et pile [&hellip;]\" \/>\n<meta property=\"og:url\" content=\"https:\/\/sublimationsoinsexperts.com\/index.php\/product\/thermometre-electronique-spengler-tempo-10-flex\/\" \/>\n<meta property=\"og:site_name\" content=\"Sublimation soins experts\" \/>\n<meta property=\"og:image\" content=\"http:\/\/sublimationsoinsexperts.com\/wp-content\/uploads\/2024\/03\/038.252_Thermometre-electronique-Spengler-Tempo-10-Flex.jpg\" \/>\n\t<meta property=\"og:image:width\" content=\"400\" \/>\n\t<meta property=\"og:image:height\" content=\"220\" \/>\n\t<meta property=\"og:image:type\" content=\"image\/jpeg\" \/>\n<meta name=\"twitter:card\" content=\"summary_large_image\" \/>\n<meta name=\"twitter:label1\" content=\"Dur\u00e9e de lecture estim\u00e9e\" \/>\n\t<meta name=\"twitter:data1\" content=\"1 minute\" \/>\n<script type=\"application\/ld+json\" class=\"yoast-schema-graph\">{\"@context\":\"https:\\\/\\\/schema.org\",\"@graph\":[{\"@type\":\"WebPage\",\"@id\":\"https:\\\/\\\/sublimationsoinsexperts.com\\\/index.php\\\/product\\\/thermometre-electronique-spengler-tempo-10-flex\\\/\",\"url\":\"https:\\\/\\\/sublimationsoinsexperts.com\\\/index.php\\\/product\\\/thermometre-electronique-spengler-tempo-10-flex\\\/\",\"name\":\"Thermom\u00e8tre \u00e9lectronique Spengler Tempo 10 Flex - Sublimation soins experts\",\"isPartOf\":{\"@id\":\"https:\\\/\\\/sublimationsoinsexperts.com\\\/#website\"},\"primaryImageOfPage\":{\"@id\":\"https:\\\/\\\/sublimationsoinsexperts.com\\\/index.php\\\/product\\\/thermometre-electronique-spengler-tempo-10-flex\\\/#primaryimage\"},\"image\":{\"@id\":\"https:\\\/\\\/sublimationsoinsexperts.com\\\/index.php\\\/product\\\/thermometre-electronique-spengler-tempo-10-flex\\\/#primaryimage\"},\"thumbnailUrl\":\"https:\\\/\\\/sublimationsoinsexperts.com\\\/wp-content\\\/uploads\\\/2024\\\/03\\\/038.252_Thermometre-electronique-Spengler-Tempo-10-Flex.jpg\",\"datePublished\":\"2024-03-29T17:09:30+00:00\",\"breadcrumb\":{\"@id\":\"https:\\\/\\\/sublimationsoinsexperts.com\\\/index.php\\\/product\\\/thermometre-electronique-spengler-tempo-10-flex\\\/#breadcrumb\"},\"inLanguage\":\"fr-FR\",\"potentialAction\":[{\"@type\":\"ReadAction\",\"target\":[\"https:\\\/\\\/sublimationsoinsexperts.com\\\/index.php\\\/product\\\/thermometre-electronique-spengler-tempo-10-flex\\\/\"]}]},{\"@type\":\"ImageObject\",\"inLanguage\":\"fr-FR\",\"@id\":\"https:\\\/\\\/sublimationsoinsexperts.com\\\/index.php\\\/product\\\/thermometre-electronique-spengler-tempo-10-flex\\\/#primaryimage\",\"url\":\"https:\\\/\\\/sublimationsoinsexperts.com\\\/wp-content\\\/uploads\\\/2024\\\/03\\\/038.252_Thermometre-electronique-Spengler-Tempo-10-Flex.jpg\",\"contentUrl\":\"https:\\\/\\\/sublimationsoinsexperts.com\\\/wp-content\\\/uploads\\\/2024\\\/03\\\/038.252_Thermometre-electronique-Spengler-Tempo-10-Flex.jpg\",\"width\":400,\"height\":220},{\"@type\":\"BreadcrumbList\",\"@id\":\"https:\\\/\\\/sublimationsoinsexperts.com\\\/index.php\\\/product\\\/thermometre-electronique-spengler-tempo-10-flex\\\/#breadcrumb\",\"itemListElement\":[{\"@type\":\"ListItem\",\"position\":1,\"name\":\"Accueil\",\"item\":\"https:\\\/\\\/sublimationsoinsexperts.com\\\/\"},{\"@type\":\"ListItem\",\"position\":2,\"name\":\"Shop\",\"item\":\"https:\\\/\\\/sublimationsoinsexperts.com\\\/index.php\\\/shop\\\/\"},{\"@type\":\"ListItem\",\"position\":3,\"name\":\"Thermom\u00e8tre \u00e9lectronique Spengler Tempo 10 Flex\"}]},{\"@type\":\"WebSite\",\"@id\":\"https:\\\/\\\/sublimationsoinsexperts.com\\\/#website\",\"url\":\"https:\\\/\\\/sublimationsoinsexperts.com\\\/\",\"name\":\"Sublimation soins experts\",\"description\":\"\",\"potentialAction\":[{\"@type\":\"SearchAction\",\"target\":{\"@type\":\"EntryPoint\",\"urlTemplate\":\"https:\\\/\\\/sublimationsoinsexperts.com\\\/?s={search_term_string}\"},\"query-input\":{\"@type\":\"PropertyValueSpecification\",\"valueRequired\":true,\"valueName\":\"search_term_string\"}}],\"inLanguage\":\"fr-FR\"}]}<\/script>\n<!-- \/ Yoast SEO plugin. -->","yoast_head_json":{"title":"Thermom\u00e8tre \u00e9lectronique Spengler Tempo 10 Flex - Sublimation soins experts","robots":{"index":"index","follow":"follow","max-snippet":"max-snippet:-1","max-image-preview":"max-image-preview:large","max-video-preview":"max-video-preview:-1"},"canonical":"https:\/\/sublimationsoinsexperts.com\/index.php\/product\/thermometre-electronique-spengler-tempo-10-flex\/","og_locale":"fr_FR","og_type":"article","og_title":"Thermom\u00e8tre \u00e9lectronique Spengler Tempo 10 Flex - Sublimation soins experts","og_description":"\u2022 Le thermom\u00e8tre indique la temp\u00e9rature corporelle en 10 secondes et dispose d\u2019un embout flexible. \u2022 Thermom\u00e8tre r\u00e9f\u00e9renc\u00e9 par la Croix Rouge. \u2022 Alarme de fi\u00e8vre \u2022 Arr\u00eat automatique \u2022 Embout r\u00e9sistant \u00e0 l\u2019eau et flexible \u2022 M\u00e9moire de derni\u00e8re mesure \u2022 Mesure en 10 secondes \u2022 Livr\u00e9 avec un \u00e9tui de rangement et pile [&hellip;]","og_url":"https:\/\/sublimationsoinsexperts.com\/index.php\/product\/thermometre-electronique-spengler-tempo-10-flex\/","og_site_name":"Sublimation soins experts","og_image":[{"width":400,"height":220,"url":"http:\/\/sublimationsoinsexperts.com\/wp-content\/uploads\/2024\/03\/038.252_Thermometre-electronique-Spengler-Tempo-10-Flex.jpg","type":"image\/jpeg"}],"twitter_card":"summary_large_image","twitter_misc":{"Dur\u00e9e de lecture estim\u00e9e":"1 minute"},"schema":{"@context":"https:\/\/schema.org","@graph":[{"@type":"WebPage","@id":"https:\/\/sublimationsoinsexperts.com\/index.php\/product\/thermometre-electronique-spengler-tempo-10-flex\/","url":"https:\/\/sublimationsoinsexperts.com\/index.php\/product\/thermometre-electronique-spengler-tempo-10-flex\/","name":"Thermom\u00e8tre \u00e9lectronique Spengler Tempo 10 Flex - Sublimation soins experts","isPartOf":{"@id":"https:\/\/sublimationsoinsexperts.com\/#website"},"primaryImageOfPage":{"@id":"https:\/\/sublimationsoinsexperts.com\/index.php\/product\/thermometre-electronique-spengler-tempo-10-flex\/#primaryimage"},"image":{"@id":"https:\/\/sublimationsoinsexperts.com\/index.php\/product\/thermometre-electronique-spengler-tempo-10-flex\/#primaryimage"},"thumbnailUrl":"https:\/\/sublimationsoinsexperts.com\/wp-content\/uploads\/2024\/03\/038.252_Thermometre-electronique-Spengler-Tempo-10-Flex.jpg","datePublished":"2024-03-29T17:09:30+00:00","breadcrumb":{"@id":"https:\/\/sublimationsoinsexperts.com\/index.php\/product\/thermometre-electronique-spengler-tempo-10-flex\/#breadcrumb"},"inLanguage":"fr-FR","potentialAction":[{"@type":"ReadAction","target":["https:\/\/sublimationsoinsexperts.com\/index.php\/product\/thermometre-electronique-spengler-tempo-10-flex\/"]}]},{"@type":"ImageObject","inLanguage":"fr-FR","@id":"https:\/\/sublimationsoinsexperts.com\/index.php\/product\/thermometre-electronique-spengler-tempo-10-flex\/#primaryimage","url":"https:\/\/sublimationsoinsexperts.com\/wp-content\/uploads\/2024\/03\/038.252_Thermometre-electronique-Spengler-Tempo-10-Flex.jpg","contentUrl":"https:\/\/sublimationsoinsexperts.com\/wp-content\/uploads\/2024\/03\/038.252_Thermometre-electronique-Spengler-Tempo-10-Flex.jpg","width":400,"height":220},{"@type":"BreadcrumbList","@id":"https:\/\/sublimationsoinsexperts.com\/index.php\/product\/thermometre-electronique-spengler-tempo-10-flex\/#breadcrumb","itemListElement":[{"@type":"ListItem","position":1,"name":"Accueil","item":"https:\/\/sublimationsoinsexperts.com\/"},{"@type":"ListItem","position":2,"name":"Shop","item":"https:\/\/sublimationsoinsexperts.com\/index.php\/shop\/"},{"@type":"ListItem","position":3,"name":"Thermom\u00e8tre \u00e9lectronique Spengler Tempo 10 Flex"}]},{"@type":"WebSite","@id":"https:\/\/sublimationsoinsexperts.com\/#website","url":"https:\/\/sublimationsoinsexperts.com\/","name":"Sublimation soins experts","description":"","potentialAction":[{"@type":"SearchAction","target":{"@type":"EntryPoint","urlTemplate":"https:\/\/sublimationsoinsexperts.com\/?s={search_term_string}"},"query-input":{"@type":"PropertyValueSpecification","valueRequired":true,"valueName":"search_term_string"}}],"inLanguage":"fr-FR"}]}},"_links":{"self":[{"href":"https:\/\/sublimationsoinsexperts.com\/index.php\/wp-json\/wp\/v2\/product\/2784","targetHints":{"allow":["GET"]}}],"collection":[{"href":"https:\/\/sublimationsoinsexperts.com\/index.php\/wp-json\/wp\/v2\/product"}],"about":[{"href":"https:\/\/sublimationsoinsexperts.com\/index.php\/wp-json\/wp\/v2\/types\/product"}],"replies":[{"embeddable":true,"href":"https:\/\/sublimationsoinsexperts.com\/index.php\/wp-json\/wp\/v2\/comments?post=2784"}],"wp:featuredmedia":[{"embeddable":true,"href":"https:\/\/sublimationsoinsexperts.com\/index.php\/wp-json\/wp\/v2\/media\/2785"}],"wp:attachment":[{"href":"https:\/\/sublimationsoinsexperts.com\/index.php\/wp-json\/wp\/v2\/media?parent=2784"}],"wp:term":[{"taxonomy":"product_brand","embeddable":true,"href":"https:\/\/sublimationsoinsexperts.com\/index.php\/wp-json\/wp\/v2\/product_brand?post=2784"},{"taxonomy":"product_cat","embeddable":true,"href":"https:\/\/sublimationsoinsexperts.com\/index.php\/wp-json\/wp\/v2\/product_cat?post=2784"},{"taxonomy":"product_tag","embeddable":true,"href":"https:\/\/sublimationsoinsexperts.com\/index.php\/wp-json\/wp\/v2\/product_tag?post=2784"}],"curies":[{"name":"wp","href":"https:\/\/api.w.org\/{rel}","templated":true}]}}