{"id":2787,"date":"2024-03-29T17:53:41","date_gmt":"2024-03-29T17:53:41","guid":{"rendered":"https:\/\/sublimationsoinsexperts.com\/?post_type=product&#038;p=2787"},"modified":"2024-03-29T17:53:41","modified_gmt":"2024-03-29T17:53:41","slug":"gants-de-toilette-en-non-tisse-gaufres","status":"publish","type":"product","link":"https:\/\/sublimationsoinsexperts.com\/index.php\/product\/gants-de-toilette-en-non-tisse-gaufres\/","title":{"rendered":"Gants de toilette en non-tiss\u00e9, gaufr\u00e9s"},"content":{"rendered":"<p>\u2022 Gants molletonn\u00e9s gaufr\u00e9s tr\u00e8s absorbants et doux.<br \/>\n\u2022 Dimensions : 15 x 23 cm<br \/>\n\u2022 Non irritants pour la peau, 100% hypoallerg\u00e9nique.<br \/>\n\u2022 Tr\u00e8s r\u00e9sistants, pour une utilisation \u00e0 long terme.<br \/>\n\u2022 Couleur: blanc.<br \/>\n\u2022 Grammage: 75g\/m\u00b2 soud\u00e9 par ultrasons.<\/p>\n<p>&nbsp;<\/p>\n<p>&nbsp;<\/p>\n","protected":false},"excerpt":{"rendered":"<p>\u2022 Gants molletonn\u00e9s gaufr\u00e9s tr\u00e8s absorbants et doux. \u2022 Dimensions : 15 x 23 cm \u2022 Non irritants pour la peau, 100% hypoallerg\u00e9nique. \u2022 Tr\u00e8s r\u00e9sistants, pour une utilisation \u00e0 long terme. \u2022 Couleur: blanc. \u2022 Grammage: 75g\/m\u00b2 soud\u00e9 par ultrasons. &nbsp; &nbsp;<\/p>\n","protected":false},"featured_media":2788,"comment_status":"open","ping_status":"closed","template":"","meta":[],"product_brand":[],"product_cat":[59,19],"product_tag":[],"class_list":{"0":"post-2787","1":"product","2":"type-product","3":"status-publish","4":"has-post-thumbnail","6":"product_cat-essuies-et-gants-de-toilette","7":"product_cat-hygiene","9":"first","10":"instock","11":"shipping-taxable","12":"purchasable","13":"product-type-variable"},"yoast_head":"<!-- This site is optimized with the Yoast SEO plugin v27.5 - https:\/\/yoast.com\/product\/yoast-seo-wordpress\/ -->\n<title>Gants de toilette en non-tiss\u00e9, gaufr\u00e9s - Sublimation soins experts<\/title>\n<meta name=\"robots\" content=\"index, follow, max-snippet:-1, max-image-preview:large, max-video-preview:-1\" \/>\n<link rel=\"canonical\" href=\"https:\/\/sublimationsoinsexperts.com\/index.php\/product\/gants-de-toilette-en-non-tisse-gaufres\/\" \/>\n<meta property=\"og:locale\" content=\"fr_FR\" \/>\n<meta property=\"og:type\" content=\"article\" \/>\n<meta property=\"og:title\" content=\"Gants de toilette en non-tiss\u00e9, gaufr\u00e9s - Sublimation soins experts\" \/>\n<meta property=\"og:description\" content=\"\u2022 Gants molletonn\u00e9s gaufr\u00e9s tr\u00e8s absorbants et doux. \u2022 Dimensions : 15 x 23 cm \u2022 Non irritants pour la peau, 100% hypoallerg\u00e9nique. \u2022 Tr\u00e8s r\u00e9sistants, pour une utilisation \u00e0 long terme. \u2022 Couleur: blanc. \u2022 Grammage: 75g\/m\u00b2 soud\u00e9 par ultrasons. &nbsp; &nbsp;\" \/>\n<meta property=\"og:url\" content=\"https:\/\/sublimationsoinsexperts.com\/index.php\/product\/gants-de-toilette-en-non-tisse-gaufres\/\" \/>\n<meta property=\"og:site_name\" content=\"Sublimation soins experts\" \/>\n<meta property=\"og:image\" content=\"http:\/\/sublimationsoinsexperts.com\/wp-content\/uploads\/2024\/03\/428.170_Gants-de-toilette-en-non-tisse-gaufres.jpg\" \/>\n\t<meta property=\"og:image:width\" content=\"400\" \/>\n\t<meta property=\"og:image:height\" content=\"269\" \/>\n\t<meta property=\"og:image:type\" content=\"image\/jpeg\" \/>\n<meta name=\"twitter:card\" content=\"summary_large_image\" \/>\n<meta name=\"twitter:label1\" content=\"Dur\u00e9e de lecture estim\u00e9e\" \/>\n\t<meta name=\"twitter:data1\" content=\"1 minute\" \/>\n<script type=\"application\/ld+json\" class=\"yoast-schema-graph\">{\"@context\":\"https:\\\/\\\/schema.org\",\"@graph\":[{\"@type\":\"WebPage\",\"@id\":\"https:\\\/\\\/sublimationsoinsexperts.com\\\/index.php\\\/product\\\/gants-de-toilette-en-non-tisse-gaufres\\\/\",\"url\":\"https:\\\/\\\/sublimationsoinsexperts.com\\\/index.php\\\/product\\\/gants-de-toilette-en-non-tisse-gaufres\\\/\",\"name\":\"Gants de toilette en non-tiss\u00e9, gaufr\u00e9s - Sublimation soins experts\",\"isPartOf\":{\"@id\":\"https:\\\/\\\/sublimationsoinsexperts.com\\\/#website\"},\"primaryImageOfPage\":{\"@id\":\"https:\\\/\\\/sublimationsoinsexperts.com\\\/index.php\\\/product\\\/gants-de-toilette-en-non-tisse-gaufres\\\/#primaryimage\"},\"image\":{\"@id\":\"https:\\\/\\\/sublimationsoinsexperts.com\\\/index.php\\\/product\\\/gants-de-toilette-en-non-tisse-gaufres\\\/#primaryimage\"},\"thumbnailUrl\":\"https:\\\/\\\/sublimationsoinsexperts.com\\\/wp-content\\\/uploads\\\/2024\\\/03\\\/428.170_Gants-de-toilette-en-non-tisse-gaufres.jpg\",\"datePublished\":\"2024-03-29T17:53:41+00:00\",\"breadcrumb\":{\"@id\":\"https:\\\/\\\/sublimationsoinsexperts.com\\\/index.php\\\/product\\\/gants-de-toilette-en-non-tisse-gaufres\\\/#breadcrumb\"},\"inLanguage\":\"fr-FR\",\"potentialAction\":[{\"@type\":\"ReadAction\",\"target\":[\"https:\\\/\\\/sublimationsoinsexperts.com\\\/index.php\\\/product\\\/gants-de-toilette-en-non-tisse-gaufres\\\/\"]}]},{\"@type\":\"ImageObject\",\"inLanguage\":\"fr-FR\",\"@id\":\"https:\\\/\\\/sublimationsoinsexperts.com\\\/index.php\\\/product\\\/gants-de-toilette-en-non-tisse-gaufres\\\/#primaryimage\",\"url\":\"https:\\\/\\\/sublimationsoinsexperts.com\\\/wp-content\\\/uploads\\\/2024\\\/03\\\/428.170_Gants-de-toilette-en-non-tisse-gaufres.jpg\",\"contentUrl\":\"https:\\\/\\\/sublimationsoinsexperts.com\\\/wp-content\\\/uploads\\\/2024\\\/03\\\/428.170_Gants-de-toilette-en-non-tisse-gaufres.jpg\",\"width\":400,\"height\":269},{\"@type\":\"BreadcrumbList\",\"@id\":\"https:\\\/\\\/sublimationsoinsexperts.com\\\/index.php\\\/product\\\/gants-de-toilette-en-non-tisse-gaufres\\\/#breadcrumb\",\"itemListElement\":[{\"@type\":\"ListItem\",\"position\":1,\"name\":\"Accueil\",\"item\":\"https:\\\/\\\/sublimationsoinsexperts.com\\\/\"},{\"@type\":\"ListItem\",\"position\":2,\"name\":\"Shop\",\"item\":\"https:\\\/\\\/sublimationsoinsexperts.com\\\/index.php\\\/shop\\\/\"},{\"@type\":\"ListItem\",\"position\":3,\"name\":\"Gants de toilette en non-tiss\u00e9, gaufr\u00e9s\"}]},{\"@type\":\"WebSite\",\"@id\":\"https:\\\/\\\/sublimationsoinsexperts.com\\\/#website\",\"url\":\"https:\\\/\\\/sublimationsoinsexperts.com\\\/\",\"name\":\"Sublimation soins experts\",\"description\":\"\",\"potentialAction\":[{\"@type\":\"SearchAction\",\"target\":{\"@type\":\"EntryPoint\",\"urlTemplate\":\"https:\\\/\\\/sublimationsoinsexperts.com\\\/?s={search_term_string}\"},\"query-input\":{\"@type\":\"PropertyValueSpecification\",\"valueRequired\":true,\"valueName\":\"search_term_string\"}}],\"inLanguage\":\"fr-FR\"}]}<\/script>\n<!-- \/ Yoast SEO plugin. -->","yoast_head_json":{"title":"Gants de toilette en non-tiss\u00e9, gaufr\u00e9s - Sublimation soins experts","robots":{"index":"index","follow":"follow","max-snippet":"max-snippet:-1","max-image-preview":"max-image-preview:large","max-video-preview":"max-video-preview:-1"},"canonical":"https:\/\/sublimationsoinsexperts.com\/index.php\/product\/gants-de-toilette-en-non-tisse-gaufres\/","og_locale":"fr_FR","og_type":"article","og_title":"Gants de toilette en non-tiss\u00e9, gaufr\u00e9s - Sublimation soins experts","og_description":"\u2022 Gants molletonn\u00e9s gaufr\u00e9s tr\u00e8s absorbants et doux. \u2022 Dimensions : 15 x 23 cm \u2022 Non irritants pour la peau, 100% hypoallerg\u00e9nique. \u2022 Tr\u00e8s r\u00e9sistants, pour une utilisation \u00e0 long terme. \u2022 Couleur: blanc. \u2022 Grammage: 75g\/m\u00b2 soud\u00e9 par ultrasons. &nbsp; &nbsp;","og_url":"https:\/\/sublimationsoinsexperts.com\/index.php\/product\/gants-de-toilette-en-non-tisse-gaufres\/","og_site_name":"Sublimation soins experts","og_image":[{"width":400,"height":269,"url":"http:\/\/sublimationsoinsexperts.com\/wp-content\/uploads\/2024\/03\/428.170_Gants-de-toilette-en-non-tisse-gaufres.jpg","type":"image\/jpeg"}],"twitter_card":"summary_large_image","twitter_misc":{"Dur\u00e9e de lecture estim\u00e9e":"1 minute"},"schema":{"@context":"https:\/\/schema.org","@graph":[{"@type":"WebPage","@id":"https:\/\/sublimationsoinsexperts.com\/index.php\/product\/gants-de-toilette-en-non-tisse-gaufres\/","url":"https:\/\/sublimationsoinsexperts.com\/index.php\/product\/gants-de-toilette-en-non-tisse-gaufres\/","name":"Gants de toilette en non-tiss\u00e9, gaufr\u00e9s - Sublimation soins experts","isPartOf":{"@id":"https:\/\/sublimationsoinsexperts.com\/#website"},"primaryImageOfPage":{"@id":"https:\/\/sublimationsoinsexperts.com\/index.php\/product\/gants-de-toilette-en-non-tisse-gaufres\/#primaryimage"},"image":{"@id":"https:\/\/sublimationsoinsexperts.com\/index.php\/product\/gants-de-toilette-en-non-tisse-gaufres\/#primaryimage"},"thumbnailUrl":"https:\/\/sublimationsoinsexperts.com\/wp-content\/uploads\/2024\/03\/428.170_Gants-de-toilette-en-non-tisse-gaufres.jpg","datePublished":"2024-03-29T17:53:41+00:00","breadcrumb":{"@id":"https:\/\/sublimationsoinsexperts.com\/index.php\/product\/gants-de-toilette-en-non-tisse-gaufres\/#breadcrumb"},"inLanguage":"fr-FR","potentialAction":[{"@type":"ReadAction","target":["https:\/\/sublimationsoinsexperts.com\/index.php\/product\/gants-de-toilette-en-non-tisse-gaufres\/"]}]},{"@type":"ImageObject","inLanguage":"fr-FR","@id":"https:\/\/sublimationsoinsexperts.com\/index.php\/product\/gants-de-toilette-en-non-tisse-gaufres\/#primaryimage","url":"https:\/\/sublimationsoinsexperts.com\/wp-content\/uploads\/2024\/03\/428.170_Gants-de-toilette-en-non-tisse-gaufres.jpg","contentUrl":"https:\/\/sublimationsoinsexperts.com\/wp-content\/uploads\/2024\/03\/428.170_Gants-de-toilette-en-non-tisse-gaufres.jpg","width":400,"height":269},{"@type":"BreadcrumbList","@id":"https:\/\/sublimationsoinsexperts.com\/index.php\/product\/gants-de-toilette-en-non-tisse-gaufres\/#breadcrumb","itemListElement":[{"@type":"ListItem","position":1,"name":"Accueil","item":"https:\/\/sublimationsoinsexperts.com\/"},{"@type":"ListItem","position":2,"name":"Shop","item":"https:\/\/sublimationsoinsexperts.com\/index.php\/shop\/"},{"@type":"ListItem","position":3,"name":"Gants de toilette en non-tiss\u00e9, gaufr\u00e9s"}]},{"@type":"WebSite","@id":"https:\/\/sublimationsoinsexperts.com\/#website","url":"https:\/\/sublimationsoinsexperts.com\/","name":"Sublimation soins experts","description":"","potentialAction":[{"@type":"SearchAction","target":{"@type":"EntryPoint","urlTemplate":"https:\/\/sublimationsoinsexperts.com\/?s={search_term_string}"},"query-input":{"@type":"PropertyValueSpecification","valueRequired":true,"valueName":"search_term_string"}}],"inLanguage":"fr-FR"}]}},"_links":{"self":[{"href":"https:\/\/sublimationsoinsexperts.com\/index.php\/wp-json\/wp\/v2\/product\/2787","targetHints":{"allow":["GET"]}}],"collection":[{"href":"https:\/\/sublimationsoinsexperts.com\/index.php\/wp-json\/wp\/v2\/product"}],"about":[{"href":"https:\/\/sublimationsoinsexperts.com\/index.php\/wp-json\/wp\/v2\/types\/product"}],"replies":[{"embeddable":true,"href":"https:\/\/sublimationsoinsexperts.com\/index.php\/wp-json\/wp\/v2\/comments?post=2787"}],"wp:featuredmedia":[{"embeddable":true,"href":"https:\/\/sublimationsoinsexperts.com\/index.php\/wp-json\/wp\/v2\/media\/2788"}],"wp:attachment":[{"href":"https:\/\/sublimationsoinsexperts.com\/index.php\/wp-json\/wp\/v2\/media?parent=2787"}],"wp:term":[{"taxonomy":"product_brand","embeddable":true,"href":"https:\/\/sublimationsoinsexperts.com\/index.php\/wp-json\/wp\/v2\/product_brand?post=2787"},{"taxonomy":"product_cat","embeddable":true,"href":"https:\/\/sublimationsoinsexperts.com\/index.php\/wp-json\/wp\/v2\/product_cat?post=2787"},{"taxonomy":"product_tag","embeddable":true,"href":"https:\/\/sublimationsoinsexperts.com\/index.php\/wp-json\/wp\/v2\/product_tag?post=2787"}],"curies":[{"name":"wp","href":"https:\/\/api.w.org\/{rel}","templated":true}]}}