{"id":2794,"date":"2024-03-29T18:19:09","date_gmt":"2024-03-29T18:19:09","guid":{"rendered":"https:\/\/sublimationsoinsexperts.com\/?post_type=product&#038;p=2794"},"modified":"2024-03-29T18:19:09","modified_gmt":"2024-03-29T18:19:09","slug":"essuies-de-toilette-ouate-de-cellulose-airlaid-gaufre-45-x-80-cm","status":"publish","type":"product","link":"https:\/\/sublimationsoinsexperts.com\/index.php\/product\/essuies-de-toilette-ouate-de-cellulose-airlaid-gaufre-45-x-80-cm\/","title":{"rendered":"Essuies de toilette, ouate de cellulose Airlaid gaufr\u00e9, 45 x 80 cm."},"content":{"rendered":"<p>LOT DE 5 essuies jetables \u00e0 usage unique<\/p>\n<p>&nbsp;<\/p>\n<p>\u2022 Couleur: blanc<br \/>\n\u2022 Airlaid, est une cellulose 100 % fibres de cellulose, 100 % biod\u00e9gradable. La cellulose est ultra douce et tr\u00e8s absorbante, pr\u00e9conis\u00e9e pour l&rsquo;usage corporel, elle est 100 % hypoallerg\u00e9nique garantie sans latex. Ne peluche pas et inerte aux acides, aux bases, aux solvants<\/p>\n","protected":false},"excerpt":{"rendered":"<p>LOT DE 5 essuies jetables \u00e0 usage unique &nbsp; \u2022 Couleur: blanc \u2022 Airlaid, est une cellulose 100 % fibres de cellulose, 100 % biod\u00e9gradable. La cellulose est ultra douce et tr\u00e8s absorbante, pr\u00e9conis\u00e9e pour l&rsquo;usage corporel, elle est 100 % hypoallerg\u00e9nique garantie sans latex. Ne peluche pas et inerte aux acides, aux bases, aux [&hellip;]<\/p>\n","protected":false},"featured_media":2795,"comment_status":"open","ping_status":"closed","template":"","meta":[],"product_brand":[],"product_cat":[59,19],"product_tag":[],"class_list":{"0":"post-2794","1":"product","2":"type-product","3":"status-publish","4":"has-post-thumbnail","6":"product_cat-essuies-et-gants-de-toilette","7":"product_cat-hygiene","9":"first","10":"instock","11":"shipping-taxable","12":"purchasable","13":"product-type-simple"},"yoast_head":"<!-- This site is optimized with the Yoast SEO plugin v27.5 - https:\/\/yoast.com\/product\/yoast-seo-wordpress\/ -->\n<title>Essuies de toilette, ouate de cellulose Airlaid gaufr\u00e9, 45 x 80 cm. - Sublimation soins experts<\/title>\n<meta name=\"robots\" content=\"index, follow, max-snippet:-1, max-image-preview:large, max-video-preview:-1\" \/>\n<link rel=\"canonical\" href=\"https:\/\/sublimationsoinsexperts.com\/index.php\/product\/essuies-de-toilette-ouate-de-cellulose-airlaid-gaufre-45-x-80-cm\/\" \/>\n<meta property=\"og:locale\" content=\"fr_FR\" \/>\n<meta property=\"og:type\" content=\"article\" \/>\n<meta property=\"og:title\" content=\"Essuies de toilette, ouate de cellulose Airlaid gaufr\u00e9, 45 x 80 cm. - Sublimation soins experts\" \/>\n<meta property=\"og:description\" content=\"LOT DE 5 essuies jetables \u00e0 usage unique &nbsp; \u2022 Couleur: blanc \u2022 Airlaid, est une cellulose 100 % fibres de cellulose, 100 % biod\u00e9gradable. La cellulose est ultra douce et tr\u00e8s absorbante, pr\u00e9conis\u00e9e pour l&rsquo;usage corporel, elle est 100 % hypoallerg\u00e9nique garantie sans latex. Ne peluche pas et inerte aux acides, aux bases, aux [&hellip;]\" \/>\n<meta property=\"og:url\" content=\"https:\/\/sublimationsoinsexperts.com\/index.php\/product\/essuies-de-toilette-ouate-de-cellulose-airlaid-gaufre-45-x-80-cm\/\" \/>\n<meta property=\"og:site_name\" content=\"Sublimation soins experts\" \/>\n<meta property=\"og:image\" content=\"http:\/\/sublimationsoinsexperts.com\/wp-content\/uploads\/2024\/03\/410.120_Essuies-de-toilette-ouate-de-cellulose-Airlaid-gaufre-45-x-80-cm.jpg\" \/>\n\t<meta property=\"og:image:width\" content=\"400\" \/>\n\t<meta property=\"og:image:height\" content=\"281\" \/>\n\t<meta property=\"og:image:type\" content=\"image\/jpeg\" \/>\n<meta name=\"twitter:card\" content=\"summary_large_image\" \/>\n<meta name=\"twitter:label1\" content=\"Dur\u00e9e de lecture estim\u00e9e\" \/>\n\t<meta name=\"twitter:data1\" content=\"1 minute\" \/>\n<script type=\"application\/ld+json\" class=\"yoast-schema-graph\">{\"@context\":\"https:\\\/\\\/schema.org\",\"@graph\":[{\"@type\":\"WebPage\",\"@id\":\"https:\\\/\\\/sublimationsoinsexperts.com\\\/index.php\\\/product\\\/essuies-de-toilette-ouate-de-cellulose-airlaid-gaufre-45-x-80-cm\\\/\",\"url\":\"https:\\\/\\\/sublimationsoinsexperts.com\\\/index.php\\\/product\\\/essuies-de-toilette-ouate-de-cellulose-airlaid-gaufre-45-x-80-cm\\\/\",\"name\":\"Essuies de toilette, ouate de cellulose Airlaid gaufr\u00e9, 45 x 80 cm. - Sublimation soins experts\",\"isPartOf\":{\"@id\":\"https:\\\/\\\/sublimationsoinsexperts.com\\\/#website\"},\"primaryImageOfPage\":{\"@id\":\"https:\\\/\\\/sublimationsoinsexperts.com\\\/index.php\\\/product\\\/essuies-de-toilette-ouate-de-cellulose-airlaid-gaufre-45-x-80-cm\\\/#primaryimage\"},\"image\":{\"@id\":\"https:\\\/\\\/sublimationsoinsexperts.com\\\/index.php\\\/product\\\/essuies-de-toilette-ouate-de-cellulose-airlaid-gaufre-45-x-80-cm\\\/#primaryimage\"},\"thumbnailUrl\":\"https:\\\/\\\/sublimationsoinsexperts.com\\\/wp-content\\\/uploads\\\/2024\\\/03\\\/410.120_Essuies-de-toilette-ouate-de-cellulose-Airlaid-gaufre-45-x-80-cm.jpg\",\"datePublished\":\"2024-03-29T18:19:09+00:00\",\"breadcrumb\":{\"@id\":\"https:\\\/\\\/sublimationsoinsexperts.com\\\/index.php\\\/product\\\/essuies-de-toilette-ouate-de-cellulose-airlaid-gaufre-45-x-80-cm\\\/#breadcrumb\"},\"inLanguage\":\"fr-FR\",\"potentialAction\":[{\"@type\":\"ReadAction\",\"target\":[\"https:\\\/\\\/sublimationsoinsexperts.com\\\/index.php\\\/product\\\/essuies-de-toilette-ouate-de-cellulose-airlaid-gaufre-45-x-80-cm\\\/\"]}]},{\"@type\":\"ImageObject\",\"inLanguage\":\"fr-FR\",\"@id\":\"https:\\\/\\\/sublimationsoinsexperts.com\\\/index.php\\\/product\\\/essuies-de-toilette-ouate-de-cellulose-airlaid-gaufre-45-x-80-cm\\\/#primaryimage\",\"url\":\"https:\\\/\\\/sublimationsoinsexperts.com\\\/wp-content\\\/uploads\\\/2024\\\/03\\\/410.120_Essuies-de-toilette-ouate-de-cellulose-Airlaid-gaufre-45-x-80-cm.jpg\",\"contentUrl\":\"https:\\\/\\\/sublimationsoinsexperts.com\\\/wp-content\\\/uploads\\\/2024\\\/03\\\/410.120_Essuies-de-toilette-ouate-de-cellulose-Airlaid-gaufre-45-x-80-cm.jpg\",\"width\":400,\"height\":281},{\"@type\":\"BreadcrumbList\",\"@id\":\"https:\\\/\\\/sublimationsoinsexperts.com\\\/index.php\\\/product\\\/essuies-de-toilette-ouate-de-cellulose-airlaid-gaufre-45-x-80-cm\\\/#breadcrumb\",\"itemListElement\":[{\"@type\":\"ListItem\",\"position\":1,\"name\":\"Accueil\",\"item\":\"https:\\\/\\\/sublimationsoinsexperts.com\\\/\"},{\"@type\":\"ListItem\",\"position\":2,\"name\":\"Shop\",\"item\":\"https:\\\/\\\/sublimationsoinsexperts.com\\\/index.php\\\/shop\\\/\"},{\"@type\":\"ListItem\",\"position\":3,\"name\":\"Essuies de toilette, ouate de cellulose Airlaid gaufr\u00e9, 45 x 80 cm.\"}]},{\"@type\":\"WebSite\",\"@id\":\"https:\\\/\\\/sublimationsoinsexperts.com\\\/#website\",\"url\":\"https:\\\/\\\/sublimationsoinsexperts.com\\\/\",\"name\":\"Sublimation soins experts\",\"description\":\"\",\"potentialAction\":[{\"@type\":\"SearchAction\",\"target\":{\"@type\":\"EntryPoint\",\"urlTemplate\":\"https:\\\/\\\/sublimationsoinsexperts.com\\\/?s={search_term_string}\"},\"query-input\":{\"@type\":\"PropertyValueSpecification\",\"valueRequired\":true,\"valueName\":\"search_term_string\"}}],\"inLanguage\":\"fr-FR\"}]}<\/script>\n<!-- \/ Yoast SEO plugin. -->","yoast_head_json":{"title":"Essuies de toilette, ouate de cellulose Airlaid gaufr\u00e9, 45 x 80 cm. - Sublimation soins experts","robots":{"index":"index","follow":"follow","max-snippet":"max-snippet:-1","max-image-preview":"max-image-preview:large","max-video-preview":"max-video-preview:-1"},"canonical":"https:\/\/sublimationsoinsexperts.com\/index.php\/product\/essuies-de-toilette-ouate-de-cellulose-airlaid-gaufre-45-x-80-cm\/","og_locale":"fr_FR","og_type":"article","og_title":"Essuies de toilette, ouate de cellulose Airlaid gaufr\u00e9, 45 x 80 cm. - Sublimation soins experts","og_description":"LOT DE 5 essuies jetables \u00e0 usage unique &nbsp; \u2022 Couleur: blanc \u2022 Airlaid, est une cellulose 100 % fibres de cellulose, 100 % biod\u00e9gradable. La cellulose est ultra douce et tr\u00e8s absorbante, pr\u00e9conis\u00e9e pour l&rsquo;usage corporel, elle est 100 % hypoallerg\u00e9nique garantie sans latex. Ne peluche pas et inerte aux acides, aux bases, aux [&hellip;]","og_url":"https:\/\/sublimationsoinsexperts.com\/index.php\/product\/essuies-de-toilette-ouate-de-cellulose-airlaid-gaufre-45-x-80-cm\/","og_site_name":"Sublimation soins experts","og_image":[{"width":400,"height":281,"url":"http:\/\/sublimationsoinsexperts.com\/wp-content\/uploads\/2024\/03\/410.120_Essuies-de-toilette-ouate-de-cellulose-Airlaid-gaufre-45-x-80-cm.jpg","type":"image\/jpeg"}],"twitter_card":"summary_large_image","twitter_misc":{"Dur\u00e9e de lecture estim\u00e9e":"1 minute"},"schema":{"@context":"https:\/\/schema.org","@graph":[{"@type":"WebPage","@id":"https:\/\/sublimationsoinsexperts.com\/index.php\/product\/essuies-de-toilette-ouate-de-cellulose-airlaid-gaufre-45-x-80-cm\/","url":"https:\/\/sublimationsoinsexperts.com\/index.php\/product\/essuies-de-toilette-ouate-de-cellulose-airlaid-gaufre-45-x-80-cm\/","name":"Essuies de toilette, ouate de cellulose Airlaid gaufr\u00e9, 45 x 80 cm. - Sublimation soins experts","isPartOf":{"@id":"https:\/\/sublimationsoinsexperts.com\/#website"},"primaryImageOfPage":{"@id":"https:\/\/sublimationsoinsexperts.com\/index.php\/product\/essuies-de-toilette-ouate-de-cellulose-airlaid-gaufre-45-x-80-cm\/#primaryimage"},"image":{"@id":"https:\/\/sublimationsoinsexperts.com\/index.php\/product\/essuies-de-toilette-ouate-de-cellulose-airlaid-gaufre-45-x-80-cm\/#primaryimage"},"thumbnailUrl":"https:\/\/sublimationsoinsexperts.com\/wp-content\/uploads\/2024\/03\/410.120_Essuies-de-toilette-ouate-de-cellulose-Airlaid-gaufre-45-x-80-cm.jpg","datePublished":"2024-03-29T18:19:09+00:00","breadcrumb":{"@id":"https:\/\/sublimationsoinsexperts.com\/index.php\/product\/essuies-de-toilette-ouate-de-cellulose-airlaid-gaufre-45-x-80-cm\/#breadcrumb"},"inLanguage":"fr-FR","potentialAction":[{"@type":"ReadAction","target":["https:\/\/sublimationsoinsexperts.com\/index.php\/product\/essuies-de-toilette-ouate-de-cellulose-airlaid-gaufre-45-x-80-cm\/"]}]},{"@type":"ImageObject","inLanguage":"fr-FR","@id":"https:\/\/sublimationsoinsexperts.com\/index.php\/product\/essuies-de-toilette-ouate-de-cellulose-airlaid-gaufre-45-x-80-cm\/#primaryimage","url":"https:\/\/sublimationsoinsexperts.com\/wp-content\/uploads\/2024\/03\/410.120_Essuies-de-toilette-ouate-de-cellulose-Airlaid-gaufre-45-x-80-cm.jpg","contentUrl":"https:\/\/sublimationsoinsexperts.com\/wp-content\/uploads\/2024\/03\/410.120_Essuies-de-toilette-ouate-de-cellulose-Airlaid-gaufre-45-x-80-cm.jpg","width":400,"height":281},{"@type":"BreadcrumbList","@id":"https:\/\/sublimationsoinsexperts.com\/index.php\/product\/essuies-de-toilette-ouate-de-cellulose-airlaid-gaufre-45-x-80-cm\/#breadcrumb","itemListElement":[{"@type":"ListItem","position":1,"name":"Accueil","item":"https:\/\/sublimationsoinsexperts.com\/"},{"@type":"ListItem","position":2,"name":"Shop","item":"https:\/\/sublimationsoinsexperts.com\/index.php\/shop\/"},{"@type":"ListItem","position":3,"name":"Essuies de toilette, ouate de cellulose Airlaid gaufr\u00e9, 45 x 80 cm."}]},{"@type":"WebSite","@id":"https:\/\/sublimationsoinsexperts.com\/#website","url":"https:\/\/sublimationsoinsexperts.com\/","name":"Sublimation soins experts","description":"","potentialAction":[{"@type":"SearchAction","target":{"@type":"EntryPoint","urlTemplate":"https:\/\/sublimationsoinsexperts.com\/?s={search_term_string}"},"query-input":{"@type":"PropertyValueSpecification","valueRequired":true,"valueName":"search_term_string"}}],"inLanguage":"fr-FR"}]}},"_links":{"self":[{"href":"https:\/\/sublimationsoinsexperts.com\/index.php\/wp-json\/wp\/v2\/product\/2794","targetHints":{"allow":["GET"]}}],"collection":[{"href":"https:\/\/sublimationsoinsexperts.com\/index.php\/wp-json\/wp\/v2\/product"}],"about":[{"href":"https:\/\/sublimationsoinsexperts.com\/index.php\/wp-json\/wp\/v2\/types\/product"}],"replies":[{"embeddable":true,"href":"https:\/\/sublimationsoinsexperts.com\/index.php\/wp-json\/wp\/v2\/comments?post=2794"}],"wp:featuredmedia":[{"embeddable":true,"href":"https:\/\/sublimationsoinsexperts.com\/index.php\/wp-json\/wp\/v2\/media\/2795"}],"wp:attachment":[{"href":"https:\/\/sublimationsoinsexperts.com\/index.php\/wp-json\/wp\/v2\/media?parent=2794"}],"wp:term":[{"taxonomy":"product_brand","embeddable":true,"href":"https:\/\/sublimationsoinsexperts.com\/index.php\/wp-json\/wp\/v2\/product_brand?post=2794"},{"taxonomy":"product_cat","embeddable":true,"href":"https:\/\/sublimationsoinsexperts.com\/index.php\/wp-json\/wp\/v2\/product_cat?post=2794"},{"taxonomy":"product_tag","embeddable":true,"href":"https:\/\/sublimationsoinsexperts.com\/index.php\/wp-json\/wp\/v2\/product_tag?post=2794"}],"curies":[{"name":"wp","href":"https:\/\/api.w.org\/{rel}","templated":true}]}}