{"id":2808,"date":"2024-03-29T19:02:01","date_gmt":"2024-03-29T19:02:01","guid":{"rendered":"https:\/\/sublimationsoinsexperts.com\/?post_type=product&#038;p=2808"},"modified":"2024-03-29T19:02:02","modified_gmt":"2024-03-29T19:02:02","slug":"procare-zinc-cream-tube-de-100-ml","status":"publish","type":"product","link":"https:\/\/sublimationsoinsexperts.com\/index.php\/product\/procare-zinc-cream-tube-de-100-ml\/","title":{"rendered":"ProCare Zinc cream Tube de 100 ml"},"content":{"rendered":"<p>\u2022 Cr\u00e8me apaisante recommand\u00e9e pour les peaux s\u00e8ches et irrit\u00e9es.<br \/>\n\u2022 La Cr\u00e8me apaisante est pr\u00e9conis\u00e9e pour les personnes incontinentes, d\u00e9pendantes ou alit\u00e9es.<br \/>\n\u2022 Elle agit rapidement pour soigner les irritations de la peau dues aux rougeurs et aux frottements.<br \/>\n\u2022 Elle s\u2019utilise en pr\u00e9vention pour calmer les irritations cutan\u00e9es, elle contient de l\u2019oxyde de zinc pour cr\u00e9er une barri\u00e8re protectrice.<br \/>\n\u2022 Sans parfum, sans parab\u00e8ne. Enrichi en glyc\u00e9rine et panth\u00e9nol afin de pr\u00e9venir et calmer les irritations.<br \/>\n\u2022 Test\u00e9 sous contr\u00f4le dermatologique.<br \/>\n\u2022 Conseils d&rsquo;utilisation :<br \/>\n&#8211; Appliquer en massant d\u00e9licatement sur la partie affect\u00e9e avant de remettre une protection.<br \/>\n&#8211; Ne pas appliquer sur des blessures.<br \/>\n\u2022 Produit cosm\u00e9tique<\/p>\n<p>&nbsp;<\/p>\n<p>REF GOHY 234.702<\/p>\n","protected":false},"excerpt":{"rendered":"<p>\u2022 Cr\u00e8me apaisante recommand\u00e9e pour les peaux s\u00e8ches et irrit\u00e9es. \u2022 La Cr\u00e8me apaisante est pr\u00e9conis\u00e9e pour les personnes incontinentes, d\u00e9pendantes ou alit\u00e9es. \u2022 Elle agit rapidement pour soigner les irritations de la peau dues aux rougeurs et aux frottements. \u2022 Elle s\u2019utilise en pr\u00e9vention pour calmer les irritations cutan\u00e9es, elle contient de l\u2019oxyde de [&hellip;]<\/p>\n","protected":false},"featured_media":2809,"comment_status":"open","ping_status":"closed","template":"","meta":[],"product_brand":[],"product_cat":[19,58],"product_tag":[],"class_list":{"0":"post-2808","1":"product","2":"type-product","3":"status-publish","4":"has-post-thumbnail","6":"product_cat-hygiene","7":"product_cat-soinsdes-incontinents","9":"first","10":"instock","11":"shipping-taxable","12":"purchasable","13":"product-type-simple"},"yoast_head":"<!-- This site is optimized with the Yoast SEO plugin v27.4 - https:\/\/yoast.com\/product\/yoast-seo-wordpress\/ -->\n<title>ProCare Zinc cream Tube de 100 ml - Sublimation soins experts<\/title>\n<meta name=\"robots\" content=\"index, follow, max-snippet:-1, max-image-preview:large, max-video-preview:-1\" \/>\n<link rel=\"canonical\" href=\"https:\/\/sublimationsoinsexperts.com\/index.php\/product\/procare-zinc-cream-tube-de-100-ml\/\" \/>\n<meta property=\"og:locale\" content=\"fr_FR\" \/>\n<meta property=\"og:type\" content=\"article\" \/>\n<meta property=\"og:title\" content=\"ProCare Zinc cream Tube de 100 ml - Sublimation soins experts\" \/>\n<meta property=\"og:description\" content=\"\u2022 Cr\u00e8me apaisante recommand\u00e9e pour les peaux s\u00e8ches et irrit\u00e9es. \u2022 La Cr\u00e8me apaisante est pr\u00e9conis\u00e9e pour les personnes incontinentes, d\u00e9pendantes ou alit\u00e9es. \u2022 Elle agit rapidement pour soigner les irritations de la peau dues aux rougeurs et aux frottements. \u2022 Elle s\u2019utilise en pr\u00e9vention pour calmer les irritations cutan\u00e9es, elle contient de l\u2019oxyde de [&hellip;]\" \/>\n<meta property=\"og:url\" content=\"https:\/\/sublimationsoinsexperts.com\/index.php\/product\/procare-zinc-cream-tube-de-100-ml\/\" \/>\n<meta property=\"og:site_name\" content=\"Sublimation soins experts\" \/>\n<meta property=\"article:modified_time\" content=\"2024-03-29T19:02:02+00:00\" \/>\n<meta property=\"og:image\" content=\"http:\/\/sublimationsoinsexperts.com\/wp-content\/uploads\/2024\/03\/234.702_ProCare-Zinc-cream.jpg\" \/>\n\t<meta property=\"og:image:width\" content=\"341\" \/>\n\t<meta property=\"og:image:height\" content=\"400\" \/>\n\t<meta property=\"og:image:type\" content=\"image\/jpeg\" \/>\n<meta name=\"twitter:card\" content=\"summary_large_image\" \/>\n<meta name=\"twitter:label1\" content=\"Dur\u00e9e de lecture estim\u00e9e\" \/>\n\t<meta name=\"twitter:data1\" content=\"1 minute\" \/>\n<script type=\"application\/ld+json\" class=\"yoast-schema-graph\">{\"@context\":\"https:\\\/\\\/schema.org\",\"@graph\":[{\"@type\":\"WebPage\",\"@id\":\"https:\\\/\\\/sublimationsoinsexperts.com\\\/index.php\\\/product\\\/procare-zinc-cream-tube-de-100-ml\\\/\",\"url\":\"https:\\\/\\\/sublimationsoinsexperts.com\\\/index.php\\\/product\\\/procare-zinc-cream-tube-de-100-ml\\\/\",\"name\":\"ProCare Zinc cream Tube de 100 ml - Sublimation soins experts\",\"isPartOf\":{\"@id\":\"https:\\\/\\\/sublimationsoinsexperts.com\\\/#website\"},\"primaryImageOfPage\":{\"@id\":\"https:\\\/\\\/sublimationsoinsexperts.com\\\/index.php\\\/product\\\/procare-zinc-cream-tube-de-100-ml\\\/#primaryimage\"},\"image\":{\"@id\":\"https:\\\/\\\/sublimationsoinsexperts.com\\\/index.php\\\/product\\\/procare-zinc-cream-tube-de-100-ml\\\/#primaryimage\"},\"thumbnailUrl\":\"https:\\\/\\\/sublimationsoinsexperts.com\\\/wp-content\\\/uploads\\\/2024\\\/03\\\/234.702_ProCare-Zinc-cream.jpg\",\"datePublished\":\"2024-03-29T19:02:01+00:00\",\"dateModified\":\"2024-03-29T19:02:02+00:00\",\"breadcrumb\":{\"@id\":\"https:\\\/\\\/sublimationsoinsexperts.com\\\/index.php\\\/product\\\/procare-zinc-cream-tube-de-100-ml\\\/#breadcrumb\"},\"inLanguage\":\"fr-FR\",\"potentialAction\":[{\"@type\":\"ReadAction\",\"target\":[\"https:\\\/\\\/sublimationsoinsexperts.com\\\/index.php\\\/product\\\/procare-zinc-cream-tube-de-100-ml\\\/\"]}]},{\"@type\":\"ImageObject\",\"inLanguage\":\"fr-FR\",\"@id\":\"https:\\\/\\\/sublimationsoinsexperts.com\\\/index.php\\\/product\\\/procare-zinc-cream-tube-de-100-ml\\\/#primaryimage\",\"url\":\"https:\\\/\\\/sublimationsoinsexperts.com\\\/wp-content\\\/uploads\\\/2024\\\/03\\\/234.702_ProCare-Zinc-cream.jpg\",\"contentUrl\":\"https:\\\/\\\/sublimationsoinsexperts.com\\\/wp-content\\\/uploads\\\/2024\\\/03\\\/234.702_ProCare-Zinc-cream.jpg\",\"width\":341,\"height\":400},{\"@type\":\"BreadcrumbList\",\"@id\":\"https:\\\/\\\/sublimationsoinsexperts.com\\\/index.php\\\/product\\\/procare-zinc-cream-tube-de-100-ml\\\/#breadcrumb\",\"itemListElement\":[{\"@type\":\"ListItem\",\"position\":1,\"name\":\"Accueil\",\"item\":\"https:\\\/\\\/sublimationsoinsexperts.com\\\/\"},{\"@type\":\"ListItem\",\"position\":2,\"name\":\"Shop\",\"item\":\"https:\\\/\\\/sublimationsoinsexperts.com\\\/index.php\\\/shop\\\/\"},{\"@type\":\"ListItem\",\"position\":3,\"name\":\"ProCare Zinc cream Tube de 100 ml\"}]},{\"@type\":\"WebSite\",\"@id\":\"https:\\\/\\\/sublimationsoinsexperts.com\\\/#website\",\"url\":\"https:\\\/\\\/sublimationsoinsexperts.com\\\/\",\"name\":\"Sublimation soins experts\",\"description\":\"\",\"potentialAction\":[{\"@type\":\"SearchAction\",\"target\":{\"@type\":\"EntryPoint\",\"urlTemplate\":\"https:\\\/\\\/sublimationsoinsexperts.com\\\/?s={search_term_string}\"},\"query-input\":{\"@type\":\"PropertyValueSpecification\",\"valueRequired\":true,\"valueName\":\"search_term_string\"}}],\"inLanguage\":\"fr-FR\"}]}<\/script>\n<!-- \/ Yoast SEO plugin. -->","yoast_head_json":{"title":"ProCare Zinc cream Tube de 100 ml - Sublimation soins experts","robots":{"index":"index","follow":"follow","max-snippet":"max-snippet:-1","max-image-preview":"max-image-preview:large","max-video-preview":"max-video-preview:-1"},"canonical":"https:\/\/sublimationsoinsexperts.com\/index.php\/product\/procare-zinc-cream-tube-de-100-ml\/","og_locale":"fr_FR","og_type":"article","og_title":"ProCare Zinc cream Tube de 100 ml - Sublimation soins experts","og_description":"\u2022 Cr\u00e8me apaisante recommand\u00e9e pour les peaux s\u00e8ches et irrit\u00e9es. \u2022 La Cr\u00e8me apaisante est pr\u00e9conis\u00e9e pour les personnes incontinentes, d\u00e9pendantes ou alit\u00e9es. \u2022 Elle agit rapidement pour soigner les irritations de la peau dues aux rougeurs et aux frottements. \u2022 Elle s\u2019utilise en pr\u00e9vention pour calmer les irritations cutan\u00e9es, elle contient de l\u2019oxyde de [&hellip;]","og_url":"https:\/\/sublimationsoinsexperts.com\/index.php\/product\/procare-zinc-cream-tube-de-100-ml\/","og_site_name":"Sublimation soins experts","article_modified_time":"2024-03-29T19:02:02+00:00","og_image":[{"width":341,"height":400,"url":"http:\/\/sublimationsoinsexperts.com\/wp-content\/uploads\/2024\/03\/234.702_ProCare-Zinc-cream.jpg","type":"image\/jpeg"}],"twitter_card":"summary_large_image","twitter_misc":{"Dur\u00e9e de lecture estim\u00e9e":"1 minute"},"schema":{"@context":"https:\/\/schema.org","@graph":[{"@type":"WebPage","@id":"https:\/\/sublimationsoinsexperts.com\/index.php\/product\/procare-zinc-cream-tube-de-100-ml\/","url":"https:\/\/sublimationsoinsexperts.com\/index.php\/product\/procare-zinc-cream-tube-de-100-ml\/","name":"ProCare Zinc cream Tube de 100 ml - Sublimation soins experts","isPartOf":{"@id":"https:\/\/sublimationsoinsexperts.com\/#website"},"primaryImageOfPage":{"@id":"https:\/\/sublimationsoinsexperts.com\/index.php\/product\/procare-zinc-cream-tube-de-100-ml\/#primaryimage"},"image":{"@id":"https:\/\/sublimationsoinsexperts.com\/index.php\/product\/procare-zinc-cream-tube-de-100-ml\/#primaryimage"},"thumbnailUrl":"https:\/\/sublimationsoinsexperts.com\/wp-content\/uploads\/2024\/03\/234.702_ProCare-Zinc-cream.jpg","datePublished":"2024-03-29T19:02:01+00:00","dateModified":"2024-03-29T19:02:02+00:00","breadcrumb":{"@id":"https:\/\/sublimationsoinsexperts.com\/index.php\/product\/procare-zinc-cream-tube-de-100-ml\/#breadcrumb"},"inLanguage":"fr-FR","potentialAction":[{"@type":"ReadAction","target":["https:\/\/sublimationsoinsexperts.com\/index.php\/product\/procare-zinc-cream-tube-de-100-ml\/"]}]},{"@type":"ImageObject","inLanguage":"fr-FR","@id":"https:\/\/sublimationsoinsexperts.com\/index.php\/product\/procare-zinc-cream-tube-de-100-ml\/#primaryimage","url":"https:\/\/sublimationsoinsexperts.com\/wp-content\/uploads\/2024\/03\/234.702_ProCare-Zinc-cream.jpg","contentUrl":"https:\/\/sublimationsoinsexperts.com\/wp-content\/uploads\/2024\/03\/234.702_ProCare-Zinc-cream.jpg","width":341,"height":400},{"@type":"BreadcrumbList","@id":"https:\/\/sublimationsoinsexperts.com\/index.php\/product\/procare-zinc-cream-tube-de-100-ml\/#breadcrumb","itemListElement":[{"@type":"ListItem","position":1,"name":"Accueil","item":"https:\/\/sublimationsoinsexperts.com\/"},{"@type":"ListItem","position":2,"name":"Shop","item":"https:\/\/sublimationsoinsexperts.com\/index.php\/shop\/"},{"@type":"ListItem","position":3,"name":"ProCare Zinc cream Tube de 100 ml"}]},{"@type":"WebSite","@id":"https:\/\/sublimationsoinsexperts.com\/#website","url":"https:\/\/sublimationsoinsexperts.com\/","name":"Sublimation soins experts","description":"","potentialAction":[{"@type":"SearchAction","target":{"@type":"EntryPoint","urlTemplate":"https:\/\/sublimationsoinsexperts.com\/?s={search_term_string}"},"query-input":{"@type":"PropertyValueSpecification","valueRequired":true,"valueName":"search_term_string"}}],"inLanguage":"fr-FR"}]}},"_links":{"self":[{"href":"https:\/\/sublimationsoinsexperts.com\/index.php\/wp-json\/wp\/v2\/product\/2808","targetHints":{"allow":["GET"]}}],"collection":[{"href":"https:\/\/sublimationsoinsexperts.com\/index.php\/wp-json\/wp\/v2\/product"}],"about":[{"href":"https:\/\/sublimationsoinsexperts.com\/index.php\/wp-json\/wp\/v2\/types\/product"}],"replies":[{"embeddable":true,"href":"https:\/\/sublimationsoinsexperts.com\/index.php\/wp-json\/wp\/v2\/comments?post=2808"}],"wp:featuredmedia":[{"embeddable":true,"href":"https:\/\/sublimationsoinsexperts.com\/index.php\/wp-json\/wp\/v2\/media\/2809"}],"wp:attachment":[{"href":"https:\/\/sublimationsoinsexperts.com\/index.php\/wp-json\/wp\/v2\/media?parent=2808"}],"wp:term":[{"taxonomy":"product_brand","embeddable":true,"href":"https:\/\/sublimationsoinsexperts.com\/index.php\/wp-json\/wp\/v2\/product_brand?post=2808"},{"taxonomy":"product_cat","embeddable":true,"href":"https:\/\/sublimationsoinsexperts.com\/index.php\/wp-json\/wp\/v2\/product_cat?post=2808"},{"taxonomy":"product_tag","embeddable":true,"href":"https:\/\/sublimationsoinsexperts.com\/index.php\/wp-json\/wp\/v2\/product_tag?post=2808"}],"curies":[{"name":"wp","href":"https:\/\/api.w.org\/{rel}","templated":true}]}}