{"id":2810,"date":"2024-03-29T19:19:41","date_gmt":"2024-03-29T19:19:41","guid":{"rendered":"https:\/\/sublimationsoinsexperts.com\/?post_type=product&#038;p=2810"},"modified":"2025-08-15T15:48:02","modified_gmt":"2025-08-15T14:48:02","slug":"gants-de-toilette-humides-procare","status":"publish","type":"product","link":"https:\/\/sublimationsoinsexperts.com\/index.php\/product\/gants-de-toilette-humides-procare\/","title":{"rendered":"Gants de toilette humides Procare"},"content":{"rendered":"<p>\u2022 Gants de toilettes pr\u00e9-impr\u00e9gn\u00e9s permettant une toilette quotidienne compl\u00e8te du corps.<br \/>\n\u2022 Formule sans rin\u00e7age qui nettoie et prot\u00e8ge la peau.<br \/>\n\u2022 Non-tiss\u00e9 et tr\u00e8s doux pour un confort optimal.<br \/>\n\u2022 Sans alcool, non parfum\u00e9s.<br \/>\n\u2022 Ils peuvent \u00eatre r\u00e9chauff\u00e9s dans un micro-ondes ou dans le chauffe gants de toilette PROCARE.<\/p>\n<p>&nbsp;<\/p>\n<p>ref 230.312<\/p>\n","protected":false},"excerpt":{"rendered":"<p>\u2022 Gants de toilettes pr\u00e9-impr\u00e9gn\u00e9s permettant une toilette quotidienne compl\u00e8te du corps. \u2022 Formule sans rin\u00e7age qui nettoie et prot\u00e8ge la peau. \u2022 Non-tiss\u00e9 et tr\u00e8s doux pour un confort optimal. \u2022 Sans alcool, non parfum\u00e9s. \u2022 Ils peuvent \u00eatre r\u00e9chauff\u00e9s dans un micro-ondes ou dans le chauffe gants de toilette PROCARE. &nbsp; ref 230.312<\/p>\n","protected":false},"featured_media":2819,"comment_status":"open","ping_status":"closed","template":"","meta":[],"product_brand":[],"product_cat":[19,61],"product_tag":[],"class_list":{"0":"post-2810","1":"product","2":"type-product","3":"status-publish","4":"has-post-thumbnail","6":"product_cat-hygiene","7":"product_cat-toilette-sans-eau","9":"first","10":"instock","11":"shipping-taxable","12":"purchasable","13":"product-type-variable"},"yoast_head":"<!-- This site is optimized with the Yoast SEO plugin v27.5 - https:\/\/yoast.com\/product\/yoast-seo-wordpress\/ -->\n<title>Gants de toilette humides Procare - Sublimation soins experts<\/title>\n<meta name=\"robots\" content=\"index, follow, max-snippet:-1, max-image-preview:large, max-video-preview:-1\" \/>\n<link rel=\"canonical\" href=\"https:\/\/sublimationsoinsexperts.com\/index.php\/product\/gants-de-toilette-humides-procare\/\" \/>\n<meta property=\"og:locale\" content=\"fr_FR\" \/>\n<meta property=\"og:type\" content=\"article\" \/>\n<meta property=\"og:title\" content=\"Gants de toilette humides Procare - Sublimation soins experts\" \/>\n<meta property=\"og:description\" content=\"\u2022 Gants de toilettes pr\u00e9-impr\u00e9gn\u00e9s permettant une toilette quotidienne compl\u00e8te du corps. \u2022 Formule sans rin\u00e7age qui nettoie et prot\u00e8ge la peau. \u2022 Non-tiss\u00e9 et tr\u00e8s doux pour un confort optimal. \u2022 Sans alcool, non parfum\u00e9s. \u2022 Ils peuvent \u00eatre r\u00e9chauff\u00e9s dans un micro-ondes ou dans le chauffe gants de toilette PROCARE. &nbsp; ref 230.312\" \/>\n<meta property=\"og:url\" content=\"https:\/\/sublimationsoinsexperts.com\/index.php\/product\/gants-de-toilette-humides-procare\/\" \/>\n<meta property=\"og:site_name\" content=\"Sublimation soins experts\" \/>\n<meta property=\"article:modified_time\" content=\"2025-08-15T14:48:02+00:00\" \/>\n<meta property=\"og:image\" content=\"http:\/\/sublimationsoinsexperts.com\/wp-content\/uploads\/2024\/03\/230.311_Gants-de-toilette-humides-Procare.jpg\" \/>\n\t<meta property=\"og:image:width\" content=\"400\" \/>\n\t<meta property=\"og:image:height\" content=\"228\" \/>\n\t<meta property=\"og:image:type\" content=\"image\/jpeg\" \/>\n<meta name=\"twitter:card\" content=\"summary_large_image\" \/>\n<meta name=\"twitter:label1\" content=\"Dur\u00e9e de lecture estim\u00e9e\" \/>\n\t<meta name=\"twitter:data1\" content=\"1 minute\" \/>\n<script type=\"application\/ld+json\" class=\"yoast-schema-graph\">{\"@context\":\"https:\\\/\\\/schema.org\",\"@graph\":[{\"@type\":\"WebPage\",\"@id\":\"https:\\\/\\\/sublimationsoinsexperts.com\\\/index.php\\\/product\\\/gants-de-toilette-humides-procare\\\/\",\"url\":\"https:\\\/\\\/sublimationsoinsexperts.com\\\/index.php\\\/product\\\/gants-de-toilette-humides-procare\\\/\",\"name\":\"Gants de toilette humides Procare - Sublimation soins experts\",\"isPartOf\":{\"@id\":\"https:\\\/\\\/sublimationsoinsexperts.com\\\/#website\"},\"primaryImageOfPage\":{\"@id\":\"https:\\\/\\\/sublimationsoinsexperts.com\\\/index.php\\\/product\\\/gants-de-toilette-humides-procare\\\/#primaryimage\"},\"image\":{\"@id\":\"https:\\\/\\\/sublimationsoinsexperts.com\\\/index.php\\\/product\\\/gants-de-toilette-humides-procare\\\/#primaryimage\"},\"thumbnailUrl\":\"https:\\\/\\\/sublimationsoinsexperts.com\\\/wp-content\\\/uploads\\\/2024\\\/03\\\/230.311_Gants-de-toilette-humides-Procare.jpg\",\"datePublished\":\"2024-03-29T19:19:41+00:00\",\"dateModified\":\"2025-08-15T14:48:02+00:00\",\"breadcrumb\":{\"@id\":\"https:\\\/\\\/sublimationsoinsexperts.com\\\/index.php\\\/product\\\/gants-de-toilette-humides-procare\\\/#breadcrumb\"},\"inLanguage\":\"fr-FR\",\"potentialAction\":[{\"@type\":\"ReadAction\",\"target\":[\"https:\\\/\\\/sublimationsoinsexperts.com\\\/index.php\\\/product\\\/gants-de-toilette-humides-procare\\\/\"]}]},{\"@type\":\"ImageObject\",\"inLanguage\":\"fr-FR\",\"@id\":\"https:\\\/\\\/sublimationsoinsexperts.com\\\/index.php\\\/product\\\/gants-de-toilette-humides-procare\\\/#primaryimage\",\"url\":\"https:\\\/\\\/sublimationsoinsexperts.com\\\/wp-content\\\/uploads\\\/2024\\\/03\\\/230.311_Gants-de-toilette-humides-Procare.jpg\",\"contentUrl\":\"https:\\\/\\\/sublimationsoinsexperts.com\\\/wp-content\\\/uploads\\\/2024\\\/03\\\/230.311_Gants-de-toilette-humides-Procare.jpg\",\"width\":400,\"height\":228},{\"@type\":\"BreadcrumbList\",\"@id\":\"https:\\\/\\\/sublimationsoinsexperts.com\\\/index.php\\\/product\\\/gants-de-toilette-humides-procare\\\/#breadcrumb\",\"itemListElement\":[{\"@type\":\"ListItem\",\"position\":1,\"name\":\"Accueil\",\"item\":\"https:\\\/\\\/sublimationsoinsexperts.com\\\/\"},{\"@type\":\"ListItem\",\"position\":2,\"name\":\"Shop\",\"item\":\"https:\\\/\\\/sublimationsoinsexperts.com\\\/index.php\\\/shop\\\/\"},{\"@type\":\"ListItem\",\"position\":3,\"name\":\"Gants de toilette humides Procare\"}]},{\"@type\":\"WebSite\",\"@id\":\"https:\\\/\\\/sublimationsoinsexperts.com\\\/#website\",\"url\":\"https:\\\/\\\/sublimationsoinsexperts.com\\\/\",\"name\":\"Sublimation soins experts\",\"description\":\"\",\"potentialAction\":[{\"@type\":\"SearchAction\",\"target\":{\"@type\":\"EntryPoint\",\"urlTemplate\":\"https:\\\/\\\/sublimationsoinsexperts.com\\\/?s={search_term_string}\"},\"query-input\":{\"@type\":\"PropertyValueSpecification\",\"valueRequired\":true,\"valueName\":\"search_term_string\"}}],\"inLanguage\":\"fr-FR\"}]}<\/script>\n<!-- \/ Yoast SEO plugin. -->","yoast_head_json":{"title":"Gants de toilette humides Procare - Sublimation soins experts","robots":{"index":"index","follow":"follow","max-snippet":"max-snippet:-1","max-image-preview":"max-image-preview:large","max-video-preview":"max-video-preview:-1"},"canonical":"https:\/\/sublimationsoinsexperts.com\/index.php\/product\/gants-de-toilette-humides-procare\/","og_locale":"fr_FR","og_type":"article","og_title":"Gants de toilette humides Procare - Sublimation soins experts","og_description":"\u2022 Gants de toilettes pr\u00e9-impr\u00e9gn\u00e9s permettant une toilette quotidienne compl\u00e8te du corps. \u2022 Formule sans rin\u00e7age qui nettoie et prot\u00e8ge la peau. \u2022 Non-tiss\u00e9 et tr\u00e8s doux pour un confort optimal. \u2022 Sans alcool, non parfum\u00e9s. \u2022 Ils peuvent \u00eatre r\u00e9chauff\u00e9s dans un micro-ondes ou dans le chauffe gants de toilette PROCARE. &nbsp; ref 230.312","og_url":"https:\/\/sublimationsoinsexperts.com\/index.php\/product\/gants-de-toilette-humides-procare\/","og_site_name":"Sublimation soins experts","article_modified_time":"2025-08-15T14:48:02+00:00","og_image":[{"width":400,"height":228,"url":"http:\/\/sublimationsoinsexperts.com\/wp-content\/uploads\/2024\/03\/230.311_Gants-de-toilette-humides-Procare.jpg","type":"image\/jpeg"}],"twitter_card":"summary_large_image","twitter_misc":{"Dur\u00e9e de lecture estim\u00e9e":"1 minute"},"schema":{"@context":"https:\/\/schema.org","@graph":[{"@type":"WebPage","@id":"https:\/\/sublimationsoinsexperts.com\/index.php\/product\/gants-de-toilette-humides-procare\/","url":"https:\/\/sublimationsoinsexperts.com\/index.php\/product\/gants-de-toilette-humides-procare\/","name":"Gants de toilette humides Procare - Sublimation soins experts","isPartOf":{"@id":"https:\/\/sublimationsoinsexperts.com\/#website"},"primaryImageOfPage":{"@id":"https:\/\/sublimationsoinsexperts.com\/index.php\/product\/gants-de-toilette-humides-procare\/#primaryimage"},"image":{"@id":"https:\/\/sublimationsoinsexperts.com\/index.php\/product\/gants-de-toilette-humides-procare\/#primaryimage"},"thumbnailUrl":"https:\/\/sublimationsoinsexperts.com\/wp-content\/uploads\/2024\/03\/230.311_Gants-de-toilette-humides-Procare.jpg","datePublished":"2024-03-29T19:19:41+00:00","dateModified":"2025-08-15T14:48:02+00:00","breadcrumb":{"@id":"https:\/\/sublimationsoinsexperts.com\/index.php\/product\/gants-de-toilette-humides-procare\/#breadcrumb"},"inLanguage":"fr-FR","potentialAction":[{"@type":"ReadAction","target":["https:\/\/sublimationsoinsexperts.com\/index.php\/product\/gants-de-toilette-humides-procare\/"]}]},{"@type":"ImageObject","inLanguage":"fr-FR","@id":"https:\/\/sublimationsoinsexperts.com\/index.php\/product\/gants-de-toilette-humides-procare\/#primaryimage","url":"https:\/\/sublimationsoinsexperts.com\/wp-content\/uploads\/2024\/03\/230.311_Gants-de-toilette-humides-Procare.jpg","contentUrl":"https:\/\/sublimationsoinsexperts.com\/wp-content\/uploads\/2024\/03\/230.311_Gants-de-toilette-humides-Procare.jpg","width":400,"height":228},{"@type":"BreadcrumbList","@id":"https:\/\/sublimationsoinsexperts.com\/index.php\/product\/gants-de-toilette-humides-procare\/#breadcrumb","itemListElement":[{"@type":"ListItem","position":1,"name":"Accueil","item":"https:\/\/sublimationsoinsexperts.com\/"},{"@type":"ListItem","position":2,"name":"Shop","item":"https:\/\/sublimationsoinsexperts.com\/index.php\/shop\/"},{"@type":"ListItem","position":3,"name":"Gants de toilette humides Procare"}]},{"@type":"WebSite","@id":"https:\/\/sublimationsoinsexperts.com\/#website","url":"https:\/\/sublimationsoinsexperts.com\/","name":"Sublimation soins experts","description":"","potentialAction":[{"@type":"SearchAction","target":{"@type":"EntryPoint","urlTemplate":"https:\/\/sublimationsoinsexperts.com\/?s={search_term_string}"},"query-input":{"@type":"PropertyValueSpecification","valueRequired":true,"valueName":"search_term_string"}}],"inLanguage":"fr-FR"}]}},"_links":{"self":[{"href":"https:\/\/sublimationsoinsexperts.com\/index.php\/wp-json\/wp\/v2\/product\/2810","targetHints":{"allow":["GET"]}}],"collection":[{"href":"https:\/\/sublimationsoinsexperts.com\/index.php\/wp-json\/wp\/v2\/product"}],"about":[{"href":"https:\/\/sublimationsoinsexperts.com\/index.php\/wp-json\/wp\/v2\/types\/product"}],"replies":[{"embeddable":true,"href":"https:\/\/sublimationsoinsexperts.com\/index.php\/wp-json\/wp\/v2\/comments?post=2810"}],"wp:featuredmedia":[{"embeddable":true,"href":"https:\/\/sublimationsoinsexperts.com\/index.php\/wp-json\/wp\/v2\/media\/2819"}],"wp:attachment":[{"href":"https:\/\/sublimationsoinsexperts.com\/index.php\/wp-json\/wp\/v2\/media?parent=2810"}],"wp:term":[{"taxonomy":"product_brand","embeddable":true,"href":"https:\/\/sublimationsoinsexperts.com\/index.php\/wp-json\/wp\/v2\/product_brand?post=2810"},{"taxonomy":"product_cat","embeddable":true,"href":"https:\/\/sublimationsoinsexperts.com\/index.php\/wp-json\/wp\/v2\/product_cat?post=2810"},{"taxonomy":"product_tag","embeddable":true,"href":"https:\/\/sublimationsoinsexperts.com\/index.php\/wp-json\/wp\/v2\/product_tag?post=2810"}],"curies":[{"name":"wp","href":"https:\/\/api.w.org\/{rel}","templated":true}]}}