{"id":2820,"date":"2024-03-29T19:20:31","date_gmt":"2024-03-29T19:20:31","guid":{"rendered":"https:\/\/sublimationsoinsexperts.com\/?post_type=product&#038;p=2820"},"modified":"2024-03-29T19:25:57","modified_gmt":"2024-03-29T19:25:57","slug":"gants-de-toilettes-pre-impregnes-cocune-sense","status":"publish","type":"product","link":"https:\/\/sublimationsoinsexperts.com\/index.php\/product\/gants-de-toilettes-pre-impregnes-cocune-sense\/","title":{"rendered":"Gants de toilettes pr\u00e9-impr\u00e9gn\u00e9s Cocune Sense"},"content":{"rendered":"<p>\u2022 Les gants de toilette Cocune Sense sans eau sont \u00e9labor\u00e9s suivant les plus hautes normes de qualit\u00e9.<br \/>\n\u2022 Ils sont doux, \u00e9pais, jetables et impr\u00e9gn\u00e9s d\u2019une lotion hypoallerg\u00e9nique adapt\u00e9e pour la peau fragile.<br \/>\n\u2022 La lotion est l\u00e9g\u00e8rement parfum\u00e9e, pour le confort du patient comme pour celui du personnel de soin.<br \/>\n\u2022 Les gants sont disposibles en paquet refermable et sont utilis\u00e9s pour laver tout le corps tout \u00e9liminant la n\u00e9\u00adcessit\u00e9 du s\u00e9chage.<br \/>\n\u2022 Ils peuvent \u00eatre r\u00e9chauff\u00e9s dans un micro-ondes ou dans le chauffe gants de toilette Cocune<br \/>\n\u2022 Non tiss\u00e9s 75 g &#8211; soud\u00e9 \u00e0 l\u2019ultrason.<\/p>\n","protected":false},"excerpt":{"rendered":"<p>\u2022 Les gants de toilette Cocune Sense sans eau sont \u00e9labor\u00e9s suivant les plus hautes normes de qualit\u00e9. \u2022 Ils sont doux, \u00e9pais, jetables et impr\u00e9gn\u00e9s d\u2019une lotion hypoallerg\u00e9nique adapt\u00e9e pour la peau fragile. \u2022 La lotion est l\u00e9g\u00e8rement parfum\u00e9e, pour le confort du patient comme pour celui du personnel de soin. \u2022 Les gants [&hellip;]<\/p>\n","protected":false},"featured_media":2825,"comment_status":"open","ping_status":"closed","template":"","meta":[],"product_brand":[],"product_cat":[19,61],"product_tag":[],"class_list":{"0":"post-2820","1":"product","2":"type-product","3":"status-publish","4":"has-post-thumbnail","6":"product_cat-hygiene","7":"product_cat-toilette-sans-eau","9":"first","10":"instock","11":"shipping-taxable","12":"purchasable","13":"product-type-variable"},"yoast_head":"<!-- This site is optimized with the Yoast SEO plugin v27.3 - https:\/\/yoast.com\/product\/yoast-seo-wordpress\/ -->\n<title>Gants de toilettes pr\u00e9-impr\u00e9gn\u00e9s Cocune Sense - Sublimation soins experts<\/title>\n<meta name=\"robots\" content=\"index, follow, max-snippet:-1, max-image-preview:large, max-video-preview:-1\" \/>\n<link rel=\"canonical\" href=\"https:\/\/sublimationsoinsexperts.com\/index.php\/product\/gants-de-toilettes-pre-impregnes-cocune-sense\/\" \/>\n<meta property=\"og:locale\" content=\"fr_FR\" \/>\n<meta property=\"og:type\" content=\"article\" \/>\n<meta property=\"og:title\" content=\"Gants de toilettes pr\u00e9-impr\u00e9gn\u00e9s Cocune Sense - Sublimation soins experts\" \/>\n<meta property=\"og:description\" content=\"\u2022 Les gants de toilette Cocune Sense sans eau sont \u00e9labor\u00e9s suivant les plus hautes normes de qualit\u00e9. \u2022 Ils sont doux, \u00e9pais, jetables et impr\u00e9gn\u00e9s d\u2019une lotion hypoallerg\u00e9nique adapt\u00e9e pour la peau fragile. \u2022 La lotion est l\u00e9g\u00e8rement parfum\u00e9e, pour le confort du patient comme pour celui du personnel de soin. \u2022 Les gants [&hellip;]\" \/>\n<meta property=\"og:url\" content=\"https:\/\/sublimationsoinsexperts.com\/index.php\/product\/gants-de-toilettes-pre-impregnes-cocune-sense\/\" \/>\n<meta property=\"og:site_name\" content=\"Sublimation soins experts\" \/>\n<meta property=\"article:modified_time\" content=\"2024-03-29T19:25:57+00:00\" \/>\n<meta property=\"og:image\" content=\"http:\/\/sublimationsoinsexperts.com\/wp-content\/uploads\/2024\/03\/230.401_Gants-de-toilettes-pre-impregnes-Cocune-Sense-LOT-DE-5.jpg\" \/>\n\t<meta property=\"og:image:width\" content=\"400\" \/>\n\t<meta property=\"og:image:height\" content=\"263\" \/>\n\t<meta property=\"og:image:type\" content=\"image\/jpeg\" \/>\n<meta name=\"twitter:card\" content=\"summary_large_image\" \/>\n<meta name=\"twitter:label1\" content=\"Dur\u00e9e de lecture estim\u00e9e\" \/>\n\t<meta name=\"twitter:data1\" content=\"1 minute\" \/>\n<script type=\"application\/ld+json\" class=\"yoast-schema-graph\">{\"@context\":\"https:\\\/\\\/schema.org\",\"@graph\":[{\"@type\":\"WebPage\",\"@id\":\"https:\\\/\\\/sublimationsoinsexperts.com\\\/index.php\\\/product\\\/gants-de-toilettes-pre-impregnes-cocune-sense\\\/\",\"url\":\"https:\\\/\\\/sublimationsoinsexperts.com\\\/index.php\\\/product\\\/gants-de-toilettes-pre-impregnes-cocune-sense\\\/\",\"name\":\"Gants de toilettes pr\u00e9-impr\u00e9gn\u00e9s Cocune Sense - Sublimation soins experts\",\"isPartOf\":{\"@id\":\"https:\\\/\\\/sublimationsoinsexperts.com\\\/#website\"},\"primaryImageOfPage\":{\"@id\":\"https:\\\/\\\/sublimationsoinsexperts.com\\\/index.php\\\/product\\\/gants-de-toilettes-pre-impregnes-cocune-sense\\\/#primaryimage\"},\"image\":{\"@id\":\"https:\\\/\\\/sublimationsoinsexperts.com\\\/index.php\\\/product\\\/gants-de-toilettes-pre-impregnes-cocune-sense\\\/#primaryimage\"},\"thumbnailUrl\":\"https:\\\/\\\/sublimationsoinsexperts.com\\\/wp-content\\\/uploads\\\/2024\\\/03\\\/230.401_Gants-de-toilettes-pre-impregnes-Cocune-Sense-LOT-DE-5.jpg\",\"datePublished\":\"2024-03-29T19:20:31+00:00\",\"dateModified\":\"2024-03-29T19:25:57+00:00\",\"breadcrumb\":{\"@id\":\"https:\\\/\\\/sublimationsoinsexperts.com\\\/index.php\\\/product\\\/gants-de-toilettes-pre-impregnes-cocune-sense\\\/#breadcrumb\"},\"inLanguage\":\"fr-FR\",\"potentialAction\":[{\"@type\":\"ReadAction\",\"target\":[\"https:\\\/\\\/sublimationsoinsexperts.com\\\/index.php\\\/product\\\/gants-de-toilettes-pre-impregnes-cocune-sense\\\/\"]}]},{\"@type\":\"ImageObject\",\"inLanguage\":\"fr-FR\",\"@id\":\"https:\\\/\\\/sublimationsoinsexperts.com\\\/index.php\\\/product\\\/gants-de-toilettes-pre-impregnes-cocune-sense\\\/#primaryimage\",\"url\":\"https:\\\/\\\/sublimationsoinsexperts.com\\\/wp-content\\\/uploads\\\/2024\\\/03\\\/230.401_Gants-de-toilettes-pre-impregnes-Cocune-Sense-LOT-DE-5.jpg\",\"contentUrl\":\"https:\\\/\\\/sublimationsoinsexperts.com\\\/wp-content\\\/uploads\\\/2024\\\/03\\\/230.401_Gants-de-toilettes-pre-impregnes-Cocune-Sense-LOT-DE-5.jpg\",\"width\":400,\"height\":263},{\"@type\":\"BreadcrumbList\",\"@id\":\"https:\\\/\\\/sublimationsoinsexperts.com\\\/index.php\\\/product\\\/gants-de-toilettes-pre-impregnes-cocune-sense\\\/#breadcrumb\",\"itemListElement\":[{\"@type\":\"ListItem\",\"position\":1,\"name\":\"Accueil\",\"item\":\"https:\\\/\\\/sublimationsoinsexperts.com\\\/\"},{\"@type\":\"ListItem\",\"position\":2,\"name\":\"Shop\",\"item\":\"https:\\\/\\\/sublimationsoinsexperts.com\\\/index.php\\\/shop\\\/\"},{\"@type\":\"ListItem\",\"position\":3,\"name\":\"Gants de toilettes pr\u00e9-impr\u00e9gn\u00e9s Cocune Sense\"}]},{\"@type\":\"WebSite\",\"@id\":\"https:\\\/\\\/sublimationsoinsexperts.com\\\/#website\",\"url\":\"https:\\\/\\\/sublimationsoinsexperts.com\\\/\",\"name\":\"Sublimation soins experts\",\"description\":\"\",\"potentialAction\":[{\"@type\":\"SearchAction\",\"target\":{\"@type\":\"EntryPoint\",\"urlTemplate\":\"https:\\\/\\\/sublimationsoinsexperts.com\\\/?s={search_term_string}\"},\"query-input\":{\"@type\":\"PropertyValueSpecification\",\"valueRequired\":true,\"valueName\":\"search_term_string\"}}],\"inLanguage\":\"fr-FR\"}]}<\/script>\n<!-- \/ Yoast SEO plugin. -->","yoast_head_json":{"title":"Gants de toilettes pr\u00e9-impr\u00e9gn\u00e9s Cocune Sense - Sublimation soins experts","robots":{"index":"index","follow":"follow","max-snippet":"max-snippet:-1","max-image-preview":"max-image-preview:large","max-video-preview":"max-video-preview:-1"},"canonical":"https:\/\/sublimationsoinsexperts.com\/index.php\/product\/gants-de-toilettes-pre-impregnes-cocune-sense\/","og_locale":"fr_FR","og_type":"article","og_title":"Gants de toilettes pr\u00e9-impr\u00e9gn\u00e9s Cocune Sense - Sublimation soins experts","og_description":"\u2022 Les gants de toilette Cocune Sense sans eau sont \u00e9labor\u00e9s suivant les plus hautes normes de qualit\u00e9. \u2022 Ils sont doux, \u00e9pais, jetables et impr\u00e9gn\u00e9s d\u2019une lotion hypoallerg\u00e9nique adapt\u00e9e pour la peau fragile. \u2022 La lotion est l\u00e9g\u00e8rement parfum\u00e9e, pour le confort du patient comme pour celui du personnel de soin. \u2022 Les gants [&hellip;]","og_url":"https:\/\/sublimationsoinsexperts.com\/index.php\/product\/gants-de-toilettes-pre-impregnes-cocune-sense\/","og_site_name":"Sublimation soins experts","article_modified_time":"2024-03-29T19:25:57+00:00","og_image":[{"width":400,"height":263,"url":"http:\/\/sublimationsoinsexperts.com\/wp-content\/uploads\/2024\/03\/230.401_Gants-de-toilettes-pre-impregnes-Cocune-Sense-LOT-DE-5.jpg","type":"image\/jpeg"}],"twitter_card":"summary_large_image","twitter_misc":{"Dur\u00e9e de lecture estim\u00e9e":"1 minute"},"schema":{"@context":"https:\/\/schema.org","@graph":[{"@type":"WebPage","@id":"https:\/\/sublimationsoinsexperts.com\/index.php\/product\/gants-de-toilettes-pre-impregnes-cocune-sense\/","url":"https:\/\/sublimationsoinsexperts.com\/index.php\/product\/gants-de-toilettes-pre-impregnes-cocune-sense\/","name":"Gants de toilettes pr\u00e9-impr\u00e9gn\u00e9s Cocune Sense - Sublimation soins experts","isPartOf":{"@id":"https:\/\/sublimationsoinsexperts.com\/#website"},"primaryImageOfPage":{"@id":"https:\/\/sublimationsoinsexperts.com\/index.php\/product\/gants-de-toilettes-pre-impregnes-cocune-sense\/#primaryimage"},"image":{"@id":"https:\/\/sublimationsoinsexperts.com\/index.php\/product\/gants-de-toilettes-pre-impregnes-cocune-sense\/#primaryimage"},"thumbnailUrl":"https:\/\/sublimationsoinsexperts.com\/wp-content\/uploads\/2024\/03\/230.401_Gants-de-toilettes-pre-impregnes-Cocune-Sense-LOT-DE-5.jpg","datePublished":"2024-03-29T19:20:31+00:00","dateModified":"2024-03-29T19:25:57+00:00","breadcrumb":{"@id":"https:\/\/sublimationsoinsexperts.com\/index.php\/product\/gants-de-toilettes-pre-impregnes-cocune-sense\/#breadcrumb"},"inLanguage":"fr-FR","potentialAction":[{"@type":"ReadAction","target":["https:\/\/sublimationsoinsexperts.com\/index.php\/product\/gants-de-toilettes-pre-impregnes-cocune-sense\/"]}]},{"@type":"ImageObject","inLanguage":"fr-FR","@id":"https:\/\/sublimationsoinsexperts.com\/index.php\/product\/gants-de-toilettes-pre-impregnes-cocune-sense\/#primaryimage","url":"https:\/\/sublimationsoinsexperts.com\/wp-content\/uploads\/2024\/03\/230.401_Gants-de-toilettes-pre-impregnes-Cocune-Sense-LOT-DE-5.jpg","contentUrl":"https:\/\/sublimationsoinsexperts.com\/wp-content\/uploads\/2024\/03\/230.401_Gants-de-toilettes-pre-impregnes-Cocune-Sense-LOT-DE-5.jpg","width":400,"height":263},{"@type":"BreadcrumbList","@id":"https:\/\/sublimationsoinsexperts.com\/index.php\/product\/gants-de-toilettes-pre-impregnes-cocune-sense\/#breadcrumb","itemListElement":[{"@type":"ListItem","position":1,"name":"Accueil","item":"https:\/\/sublimationsoinsexperts.com\/"},{"@type":"ListItem","position":2,"name":"Shop","item":"https:\/\/sublimationsoinsexperts.com\/index.php\/shop\/"},{"@type":"ListItem","position":3,"name":"Gants de toilettes pr\u00e9-impr\u00e9gn\u00e9s Cocune Sense"}]},{"@type":"WebSite","@id":"https:\/\/sublimationsoinsexperts.com\/#website","url":"https:\/\/sublimationsoinsexperts.com\/","name":"Sublimation soins experts","description":"","potentialAction":[{"@type":"SearchAction","target":{"@type":"EntryPoint","urlTemplate":"https:\/\/sublimationsoinsexperts.com\/?s={search_term_string}"},"query-input":{"@type":"PropertyValueSpecification","valueRequired":true,"valueName":"search_term_string"}}],"inLanguage":"fr-FR"}]}},"_links":{"self":[{"href":"https:\/\/sublimationsoinsexperts.com\/index.php\/wp-json\/wp\/v2\/product\/2820","targetHints":{"allow":["GET"]}}],"collection":[{"href":"https:\/\/sublimationsoinsexperts.com\/index.php\/wp-json\/wp\/v2\/product"}],"about":[{"href":"https:\/\/sublimationsoinsexperts.com\/index.php\/wp-json\/wp\/v2\/types\/product"}],"replies":[{"embeddable":true,"href":"https:\/\/sublimationsoinsexperts.com\/index.php\/wp-json\/wp\/v2\/comments?post=2820"}],"wp:featuredmedia":[{"embeddable":true,"href":"https:\/\/sublimationsoinsexperts.com\/index.php\/wp-json\/wp\/v2\/media\/2825"}],"wp:attachment":[{"href":"https:\/\/sublimationsoinsexperts.com\/index.php\/wp-json\/wp\/v2\/media?parent=2820"}],"wp:term":[{"taxonomy":"product_brand","embeddable":true,"href":"https:\/\/sublimationsoinsexperts.com\/index.php\/wp-json\/wp\/v2\/product_brand?post=2820"},{"taxonomy":"product_cat","embeddable":true,"href":"https:\/\/sublimationsoinsexperts.com\/index.php\/wp-json\/wp\/v2\/product_cat?post=2820"},{"taxonomy":"product_tag","embeddable":true,"href":"https:\/\/sublimationsoinsexperts.com\/index.php\/wp-json\/wp\/v2\/product_tag?post=2820"}],"curies":[{"name":"wp","href":"https:\/\/api.w.org\/{rel}","templated":true}]}}