{"id":2952,"date":"2024-04-02T18:29:17","date_gmt":"2024-04-02T17:29:17","guid":{"rendered":"https:\/\/sublimationsoinsexperts.com\/?post_type=product&#038;p=2952"},"modified":"2024-04-02T18:29:17","modified_gmt":"2024-04-02T17:29:17","slug":"support-de-bras-avec-immobilisation-orthopedic-1104","status":"publish","type":"product","link":"https:\/\/sublimationsoinsexperts.com\/index.php\/product\/support-de-bras-avec-immobilisation-orthopedic-1104\/","title":{"rendered":"Support de bras avec immobilisation Orthopedic 1104"},"content":{"rendered":"<p>\u2022 Une orth\u00e8se assurant un maintient et un soutien pour le bras et l&rsquo;avant-bras.<br \/>\n\u2022 Recommand\u00e9e pour stabiliser la main et l&rsquo;\u00e9paule pour \u00e9viter toutes les phases d&rsquo;hyperflexion.<br \/>\n\u2022 Une forme anatomique et un coude bien maintenu avec une mise en place facile gr\u00e2ce \u00e0 sa fermeture adaptable.<br \/>\n\u2022 Utilisation en cas de:<br \/>\n&#8211; Immobilisation apr\u00e8s traumatisme de l&rsquo;\u00e9paule ou du coude et de l&rsquo;avant-bras<br \/>\n\u2022 Mat\u00e9riaux:<br \/>\n&#8211; Un support du coude et sangle amovible<br \/>\n&#8211; Echarpe en coton<br \/>\n&#8211; R\u00e9glage facile par attaches auto-agrippantes<\/p>\n<p>&nbsp;<\/p>\n<p>REF GOHY 101.101<\/p>\n","protected":false},"excerpt":{"rendered":"<p>\u2022 Une orth\u00e8se assurant un maintient et un soutien pour le bras et l&rsquo;avant-bras. \u2022 Recommand\u00e9e pour stabiliser la main et l&rsquo;\u00e9paule pour \u00e9viter toutes les phases d&rsquo;hyperflexion. \u2022 Une forme anatomique et un coude bien maintenu avec une mise en place facile gr\u00e2ce \u00e0 sa fermeture adaptable. \u2022 Utilisation en cas de: &#8211; Immobilisation [&hellip;]<\/p>\n","protected":false},"featured_media":2953,"comment_status":"open","ping_status":"closed","template":"","meta":[],"product_brand":[],"product_cat":[116,111],"product_tag":[],"class_list":{"0":"post-2952","1":"product","2":"type-product","3":"status-publish","4":"has-post-thumbnail","6":"product_cat-attelle-de-bras","7":"product_cat-orthopedie","9":"first","10":"instock","11":"shipping-taxable","12":"purchasable","13":"product-type-simple"},"yoast_head":"<!-- This site is optimized with the Yoast SEO plugin v27.3 - https:\/\/yoast.com\/product\/yoast-seo-wordpress\/ -->\n<title>Support de bras avec immobilisation Orthopedic 1104 - Sublimation soins experts<\/title>\n<meta name=\"robots\" content=\"index, follow, max-snippet:-1, max-image-preview:large, max-video-preview:-1\" \/>\n<link rel=\"canonical\" href=\"https:\/\/sublimationsoinsexperts.com\/index.php\/product\/support-de-bras-avec-immobilisation-orthopedic-1104\/\" \/>\n<meta property=\"og:locale\" content=\"fr_FR\" \/>\n<meta property=\"og:type\" content=\"article\" \/>\n<meta property=\"og:title\" content=\"Support de bras avec immobilisation Orthopedic 1104 - Sublimation soins experts\" \/>\n<meta property=\"og:description\" content=\"\u2022 Une orth\u00e8se assurant un maintient et un soutien pour le bras et l&rsquo;avant-bras. \u2022 Recommand\u00e9e pour stabiliser la main et l&rsquo;\u00e9paule pour \u00e9viter toutes les phases d&rsquo;hyperflexion. \u2022 Une forme anatomique et un coude bien maintenu avec une mise en place facile gr\u00e2ce \u00e0 sa fermeture adaptable. \u2022 Utilisation en cas de: &#8211; Immobilisation [&hellip;]\" \/>\n<meta property=\"og:url\" content=\"https:\/\/sublimationsoinsexperts.com\/index.php\/product\/support-de-bras-avec-immobilisation-orthopedic-1104\/\" \/>\n<meta property=\"og:site_name\" content=\"Sublimation soins experts\" \/>\n<meta property=\"og:image\" content=\"http:\/\/sublimationsoinsexperts.com\/wp-content\/uploads\/2024\/04\/O101.100_Support-de-bras-avec-immobilisation-Orthopedic-1104.jpg\" \/>\n\t<meta property=\"og:image:width\" content=\"263\" \/>\n\t<meta property=\"og:image:height\" content=\"400\" \/>\n\t<meta property=\"og:image:type\" content=\"image\/jpeg\" \/>\n<meta name=\"twitter:card\" content=\"summary_large_image\" \/>\n<meta name=\"twitter:label1\" content=\"Dur\u00e9e de lecture estim\u00e9e\" \/>\n\t<meta name=\"twitter:data1\" content=\"1 minute\" \/>\n<script type=\"application\/ld+json\" class=\"yoast-schema-graph\">{\"@context\":\"https:\\\/\\\/schema.org\",\"@graph\":[{\"@type\":\"WebPage\",\"@id\":\"https:\\\/\\\/sublimationsoinsexperts.com\\\/index.php\\\/product\\\/support-de-bras-avec-immobilisation-orthopedic-1104\\\/\",\"url\":\"https:\\\/\\\/sublimationsoinsexperts.com\\\/index.php\\\/product\\\/support-de-bras-avec-immobilisation-orthopedic-1104\\\/\",\"name\":\"Support de bras avec immobilisation Orthopedic 1104 - Sublimation soins experts\",\"isPartOf\":{\"@id\":\"https:\\\/\\\/sublimationsoinsexperts.com\\\/#website\"},\"primaryImageOfPage\":{\"@id\":\"https:\\\/\\\/sublimationsoinsexperts.com\\\/index.php\\\/product\\\/support-de-bras-avec-immobilisation-orthopedic-1104\\\/#primaryimage\"},\"image\":{\"@id\":\"https:\\\/\\\/sublimationsoinsexperts.com\\\/index.php\\\/product\\\/support-de-bras-avec-immobilisation-orthopedic-1104\\\/#primaryimage\"},\"thumbnailUrl\":\"https:\\\/\\\/sublimationsoinsexperts.com\\\/wp-content\\\/uploads\\\/2024\\\/04\\\/O101.100_Support-de-bras-avec-immobilisation-Orthopedic-1104.jpg\",\"datePublished\":\"2024-04-02T17:29:17+00:00\",\"breadcrumb\":{\"@id\":\"https:\\\/\\\/sublimationsoinsexperts.com\\\/index.php\\\/product\\\/support-de-bras-avec-immobilisation-orthopedic-1104\\\/#breadcrumb\"},\"inLanguage\":\"fr-FR\",\"potentialAction\":[{\"@type\":\"ReadAction\",\"target\":[\"https:\\\/\\\/sublimationsoinsexperts.com\\\/index.php\\\/product\\\/support-de-bras-avec-immobilisation-orthopedic-1104\\\/\"]}]},{\"@type\":\"ImageObject\",\"inLanguage\":\"fr-FR\",\"@id\":\"https:\\\/\\\/sublimationsoinsexperts.com\\\/index.php\\\/product\\\/support-de-bras-avec-immobilisation-orthopedic-1104\\\/#primaryimage\",\"url\":\"https:\\\/\\\/sublimationsoinsexperts.com\\\/wp-content\\\/uploads\\\/2024\\\/04\\\/O101.100_Support-de-bras-avec-immobilisation-Orthopedic-1104.jpg\",\"contentUrl\":\"https:\\\/\\\/sublimationsoinsexperts.com\\\/wp-content\\\/uploads\\\/2024\\\/04\\\/O101.100_Support-de-bras-avec-immobilisation-Orthopedic-1104.jpg\",\"width\":263,\"height\":400},{\"@type\":\"BreadcrumbList\",\"@id\":\"https:\\\/\\\/sublimationsoinsexperts.com\\\/index.php\\\/product\\\/support-de-bras-avec-immobilisation-orthopedic-1104\\\/#breadcrumb\",\"itemListElement\":[{\"@type\":\"ListItem\",\"position\":1,\"name\":\"Accueil\",\"item\":\"https:\\\/\\\/sublimationsoinsexperts.com\\\/\"},{\"@type\":\"ListItem\",\"position\":2,\"name\":\"Shop\",\"item\":\"https:\\\/\\\/sublimationsoinsexperts.com\\\/index.php\\\/shop\\\/\"},{\"@type\":\"ListItem\",\"position\":3,\"name\":\"Support de bras avec immobilisation Orthopedic 1104\"}]},{\"@type\":\"WebSite\",\"@id\":\"https:\\\/\\\/sublimationsoinsexperts.com\\\/#website\",\"url\":\"https:\\\/\\\/sublimationsoinsexperts.com\\\/\",\"name\":\"Sublimation soins experts\",\"description\":\"\",\"potentialAction\":[{\"@type\":\"SearchAction\",\"target\":{\"@type\":\"EntryPoint\",\"urlTemplate\":\"https:\\\/\\\/sublimationsoinsexperts.com\\\/?s={search_term_string}\"},\"query-input\":{\"@type\":\"PropertyValueSpecification\",\"valueRequired\":true,\"valueName\":\"search_term_string\"}}],\"inLanguage\":\"fr-FR\"}]}<\/script>\n<!-- \/ Yoast SEO plugin. -->","yoast_head_json":{"title":"Support de bras avec immobilisation Orthopedic 1104 - Sublimation soins experts","robots":{"index":"index","follow":"follow","max-snippet":"max-snippet:-1","max-image-preview":"max-image-preview:large","max-video-preview":"max-video-preview:-1"},"canonical":"https:\/\/sublimationsoinsexperts.com\/index.php\/product\/support-de-bras-avec-immobilisation-orthopedic-1104\/","og_locale":"fr_FR","og_type":"article","og_title":"Support de bras avec immobilisation Orthopedic 1104 - Sublimation soins experts","og_description":"\u2022 Une orth\u00e8se assurant un maintient et un soutien pour le bras et l&rsquo;avant-bras. \u2022 Recommand\u00e9e pour stabiliser la main et l&rsquo;\u00e9paule pour \u00e9viter toutes les phases d&rsquo;hyperflexion. \u2022 Une forme anatomique et un coude bien maintenu avec une mise en place facile gr\u00e2ce \u00e0 sa fermeture adaptable. \u2022 Utilisation en cas de: &#8211; Immobilisation [&hellip;]","og_url":"https:\/\/sublimationsoinsexperts.com\/index.php\/product\/support-de-bras-avec-immobilisation-orthopedic-1104\/","og_site_name":"Sublimation soins experts","og_image":[{"width":263,"height":400,"url":"http:\/\/sublimationsoinsexperts.com\/wp-content\/uploads\/2024\/04\/O101.100_Support-de-bras-avec-immobilisation-Orthopedic-1104.jpg","type":"image\/jpeg"}],"twitter_card":"summary_large_image","twitter_misc":{"Dur\u00e9e de lecture estim\u00e9e":"1 minute"},"schema":{"@context":"https:\/\/schema.org","@graph":[{"@type":"WebPage","@id":"https:\/\/sublimationsoinsexperts.com\/index.php\/product\/support-de-bras-avec-immobilisation-orthopedic-1104\/","url":"https:\/\/sublimationsoinsexperts.com\/index.php\/product\/support-de-bras-avec-immobilisation-orthopedic-1104\/","name":"Support de bras avec immobilisation Orthopedic 1104 - Sublimation soins experts","isPartOf":{"@id":"https:\/\/sublimationsoinsexperts.com\/#website"},"primaryImageOfPage":{"@id":"https:\/\/sublimationsoinsexperts.com\/index.php\/product\/support-de-bras-avec-immobilisation-orthopedic-1104\/#primaryimage"},"image":{"@id":"https:\/\/sublimationsoinsexperts.com\/index.php\/product\/support-de-bras-avec-immobilisation-orthopedic-1104\/#primaryimage"},"thumbnailUrl":"https:\/\/sublimationsoinsexperts.com\/wp-content\/uploads\/2024\/04\/O101.100_Support-de-bras-avec-immobilisation-Orthopedic-1104.jpg","datePublished":"2024-04-02T17:29:17+00:00","breadcrumb":{"@id":"https:\/\/sublimationsoinsexperts.com\/index.php\/product\/support-de-bras-avec-immobilisation-orthopedic-1104\/#breadcrumb"},"inLanguage":"fr-FR","potentialAction":[{"@type":"ReadAction","target":["https:\/\/sublimationsoinsexperts.com\/index.php\/product\/support-de-bras-avec-immobilisation-orthopedic-1104\/"]}]},{"@type":"ImageObject","inLanguage":"fr-FR","@id":"https:\/\/sublimationsoinsexperts.com\/index.php\/product\/support-de-bras-avec-immobilisation-orthopedic-1104\/#primaryimage","url":"https:\/\/sublimationsoinsexperts.com\/wp-content\/uploads\/2024\/04\/O101.100_Support-de-bras-avec-immobilisation-Orthopedic-1104.jpg","contentUrl":"https:\/\/sublimationsoinsexperts.com\/wp-content\/uploads\/2024\/04\/O101.100_Support-de-bras-avec-immobilisation-Orthopedic-1104.jpg","width":263,"height":400},{"@type":"BreadcrumbList","@id":"https:\/\/sublimationsoinsexperts.com\/index.php\/product\/support-de-bras-avec-immobilisation-orthopedic-1104\/#breadcrumb","itemListElement":[{"@type":"ListItem","position":1,"name":"Accueil","item":"https:\/\/sublimationsoinsexperts.com\/"},{"@type":"ListItem","position":2,"name":"Shop","item":"https:\/\/sublimationsoinsexperts.com\/index.php\/shop\/"},{"@type":"ListItem","position":3,"name":"Support de bras avec immobilisation Orthopedic 1104"}]},{"@type":"WebSite","@id":"https:\/\/sublimationsoinsexperts.com\/#website","url":"https:\/\/sublimationsoinsexperts.com\/","name":"Sublimation soins experts","description":"","potentialAction":[{"@type":"SearchAction","target":{"@type":"EntryPoint","urlTemplate":"https:\/\/sublimationsoinsexperts.com\/?s={search_term_string}"},"query-input":{"@type":"PropertyValueSpecification","valueRequired":true,"valueName":"search_term_string"}}],"inLanguage":"fr-FR"}]}},"_links":{"self":[{"href":"https:\/\/sublimationsoinsexperts.com\/index.php\/wp-json\/wp\/v2\/product\/2952","targetHints":{"allow":["GET"]}}],"collection":[{"href":"https:\/\/sublimationsoinsexperts.com\/index.php\/wp-json\/wp\/v2\/product"}],"about":[{"href":"https:\/\/sublimationsoinsexperts.com\/index.php\/wp-json\/wp\/v2\/types\/product"}],"replies":[{"embeddable":true,"href":"https:\/\/sublimationsoinsexperts.com\/index.php\/wp-json\/wp\/v2\/comments?post=2952"}],"wp:featuredmedia":[{"embeddable":true,"href":"https:\/\/sublimationsoinsexperts.com\/index.php\/wp-json\/wp\/v2\/media\/2953"}],"wp:attachment":[{"href":"https:\/\/sublimationsoinsexperts.com\/index.php\/wp-json\/wp\/v2\/media?parent=2952"}],"wp:term":[{"taxonomy":"product_brand","embeddable":true,"href":"https:\/\/sublimationsoinsexperts.com\/index.php\/wp-json\/wp\/v2\/product_brand?post=2952"},{"taxonomy":"product_cat","embeddable":true,"href":"https:\/\/sublimationsoinsexperts.com\/index.php\/wp-json\/wp\/v2\/product_cat?post=2952"},{"taxonomy":"product_tag","embeddable":true,"href":"https:\/\/sublimationsoinsexperts.com\/index.php\/wp-json\/wp\/v2\/product_tag?post=2952"}],"curies":[{"name":"wp","href":"https:\/\/api.w.org\/{rel}","templated":true}]}}